{"id":7864,"date":"2023-01-12T16:23:46","date_gmt":"2023-01-12T16:23:46","guid":{"rendered":"https:\/\/www.raimaberfluidtech.com\/industrial\/?page_id=7864"},"modified":"2023-01-12T16:23:46","modified_gmt":"2023-01-12T16:23:46","slug":"serie-slh-5g","status":"publish","type":"page","link":"https:\/\/www.raimaberfluidtech.com\/industrial\/bornemann\/serie-slh-5g","title":{"rendered":"SERIE SLH-5G"},"content":{"rendered":"<div class=\"wpb-content-wrapper\"><p>[vc_row][vc_column width=\u00bb1\/2&#8243;][vc_media_grid element_width=\u00bb6&#8243; gap=\u00bb4&#8243; grid_id=\u00bbvc_gid:1673540301956-dfa5d535-9e61-5&#8243; include=\u00bb7866,7867,7868,7869,7870,7871,7872&#8243;][\/vc_column][vc_column width=\u00bb1\/2&#8243;][vc_custom_heading text=\u00bbSERIE SLH-5G\u00bb font_container=\u00bbtag:h2|font_size:18px|text_align:left|color:%23000000&#8243; use_theme_fonts=\u00bbyes\u00bb][vc_column_text]Es la \u00faltima generaci\u00f3n de bomba sanitaria de doble husillo de Bornemann, 5\u00ba Generaci\u00f3n.<\/p>\n<p>Caracter\u00edsiticas:<\/p>\n<ul>\n<li>Nuevo dise\u00f1o de la caja de engranajes trasera<\/li>\n<li>Se ha ampliado la secci\u00f3n de entrada, para reducir la p\u00e9rdida de carga y mejorar el NPSH<\/li>\n<li>Partes exernas en Inoxidable<\/li>\n<li>Muy importante: nuevo ajuste de las tolerancias en los husillos, systema patentado<\/li>\n<li>Dise\u00f1o intercambiable\u00a0\u00a0 se ajusta a las dimensiones de las tuber\u00edas de la serie SLH-3 \/ -4 . En alg\u00fan caso, es necesario un kit de acople, para su intercambiabilidad<\/li>\n<li>Multiples soluciones de cierre. Semi Cartucho, Cartucho o Componentes.<\/li>\n<li>Cierre tipo Knife-Edge. Muy recomendable para el bombeo de chocolate, pralines, glucosa, productos pegajosos, etc<\/li>\n<li>Nuevo dise\u00f1o: engranajes de sincornizaci\u00f3n, se montan entre los rodamientos. Reducimos el espacio y mejoramos la lubricaci\u00f3n.<\/li>\n<li>Hemos aumentado el rendimiento de cada bomba. Nos permite montar modelos m\u00e1s peque\u00f1os, reduciendo el coste de inversi\u00f3n.<\/li>\n<\/ul>\n<p>[\/vc_column_text][vc_empty_space][vc_btn title=\u00bbSOLICITUD DE INFORMACI\u00d3N T\u00c9CNICA\u00bb css=\u00bb.vc_custom_1632305302065{margin-bottom: 0px !important;}\u00bb link=\u00bburl:https%3A%2F%2Fwww.raimaberfluidtech.com\/industrial%2Fsolicitud-informacion-tecnica%2F|title:Solicitud%20informaci%C3%B3n%20t%C3%A9cnica||\u00bb][\/vc_column][\/vc_row]<\/p>\n<\/div>","protected":false},"excerpt":{"rendered":"<p>[vc_row][vc_column width=\u00bb1\/2&#8243;][vc_media_grid element_width=\u00bb6&#8243; gap=\u00bb4&#8243; grid_id=\u00bbvc_gid:1673540301956-dfa5d535-9e61-5&#8243; include=\u00bb7866,7867,7868,7869,7870,7871,7872&#8243;][\/vc_column][vc_column width=\u00bb1\/2&#8243;][vc_custom_heading text=\u00bbSERIE SLH-5G\u00bb font_container=\u00bbtag:h2|font_size:18px|text_align:left|color:%23000000&#8243; use_theme_fonts=\u00bbyes\u00bb][vc_column_text]Es la \u00faltima generaci\u00f3n de bomba sanitaria de doble husillo de Bornemann, 5\u00ba Generaci\u00f3n. Caracter\u00edsiticas: Nuevo dise\u00f1o de la caja de engranajes trasera Se ha ampliado la secci\u00f3n de entrada,&#8230;<\/p>\n","protected":false},"author":1,"featured_media":0,"parent":6510,"menu_order":0,"comment_status":"closed","ping_status":"closed","template":"page-sidebar.php","meta":{"footnotes":""},"class_list":["post-7864","page","type-page","status-publish","hentry"],"yoast_head":"<!-- This site is optimized with the Yoast SEO plugin v24.3 - https:\/\/yoast.com\/wordpress\/plugins\/seo\/ -->\n<title>Bornemann: SERIE SLH-5G - Raimaber Fluid Tech [Industrial]<\/title>\n<meta name=\"description\" content=\"Secci\u00f3n de Bornemann: SERIE SLH-5G en Raimaber Fluid Tech [Industrial]. Contacte y le informamos.\" \/>\n<meta name=\"robots\" content=\"index, follow, max-snippet:-1, max-image-preview:large, max-video-preview:-1\" \/>\n<link rel=\"canonical\" href=\"https:\/\/www.raimaberfluidtech.com\/industrial\/bornemann\/serie-slh-5g\/\" \/>\n<meta property=\"og:locale\" content=\"es_ES\" \/>\n<meta property=\"og:type\" content=\"article\" \/>\n<meta property=\"og:title\" content=\"Bornemann: SERIE SLH-5G - Raimaber Fluid Tech [Industrial]\" \/>\n<meta property=\"og:description\" content=\"Secci\u00f3n de Bornemann: SERIE SLH-5G en Raimaber Fluid Tech [Industrial]. Contacte y le informamos.\" \/>\n<meta property=\"og:url\" content=\"https:\/\/www.raimaberfluidtech.com\/industrial\/bornemann\/serie-slh-5g\" \/>\n<meta property=\"og:site_name\" content=\"Raimaber Fluid Tech [Industrial]\" \/>\n<meta name=\"twitter:label1\" content=\"Tiempo de lectura\" \/>\n\t<meta name=\"twitter:data1\" content=\"1 minuto\" \/>\n<script type=\"application\/ld+json\" class=\"yoast-schema-graph\">{\"@context\":\"https:\/\/schema.org\",\"@graph\":[{\"@type\":\"WebPage\",\"@id\":\"https:\/\/www.raimaberfluidtech.com\/industrial\/bornemann\/serie-slh-5g\",\"url\":\"https:\/\/www.raimaberfluidtech.com\/industrial\/bornemann\/serie-slh-5g\",\"name\":\"Bornemann: SERIE SLH-5G - Raimaber Fluid Tech [Industrial]\",\"isPartOf\":{\"@id\":\"https:\/\/www.raimaberfluidtech.com\/industrial\/#website\"},\"datePublished\":\"2023-01-12T16:23:46+00:00\",\"dateModified\":\"2023-01-12T16:23:46+00:00\",\"description\":\"Secci\u00f3n de Bornemann: SERIE SLH-5G en Raimaber Fluid Tech [Industrial]. Contacte y le informamos.\",\"breadcrumb\":{\"@id\":\"https:\/\/www.raimaberfluidtech.com\/industrial\/bornemann\/serie-slh-5g#breadcrumb\"},\"inLanguage\":\"es\",\"potentialAction\":[{\"@type\":\"ReadAction\",\"target\":[\"https:\/\/www.raimaberfluidtech.com\/industrial\/bornemann\/serie-slh-5g\"]}]},{\"@type\":\"BreadcrumbList\",\"@id\":\"https:\/\/www.raimaberfluidtech.com\/industrial\/bornemann\/serie-slh-5g#breadcrumb\",\"itemListElement\":[{\"@type\":\"ListItem\",\"position\":1,\"name\":\"Home\",\"item\":\"https:\/\/www.raimaberfluidtech.com\/industrial\/\"},{\"@type\":\"ListItem\",\"position\":2,\"name\":\"Bornemann\",\"item\":\"https:\/\/www.raimaberfluidtech.com\/industrial\/bornemann\/\"},{\"@type\":\"ListItem\",\"position\":3,\"name\":\"SERIE SLH-5G\"}]},{\"@type\":\"WebSite\",\"@id\":\"https:\/\/www.raimaberfluidtech.com\/industrial\/#website\",\"url\":\"https:\/\/www.raimaberfluidtech.com\/industrial\/\",\"name\":\"Raimaber Fluid Tech [Industrial]\",\"description\":\"Bombas industriales\",\"publisher\":{\"@id\":\"https:\/\/www.raimaberfluidtech.com\/industrial\/#organization\"},\"potentialAction\":[{\"@type\":\"SearchAction\",\"target\":{\"@type\":\"EntryPoint\",\"urlTemplate\":\"https:\/\/www.raimaberfluidtech.com\/industrial\/?s={search_term_string}\"},\"query-input\":{\"@type\":\"PropertyValueSpecification\",\"valueRequired\":true,\"valueName\":\"search_term_string\"}}],\"inLanguage\":\"es\"},{\"@type\":\"Organization\",\"@id\":\"https:\/\/www.raimaberfluidtech.com\/industrial\/#organization\",\"name\":\"Raimaber Fluid Tech [Industrial]\",\"url\":\"https:\/\/www.raimaberfluidtech.com\/industrial\/\",\"logo\":{\"@type\":\"ImageObject\",\"inLanguage\":\"es\",\"@id\":\"https:\/\/www.raimaberfluidtech.com\/industrial\/#\/schema\/logo\/image\/\",\"url\":\"https:\/\/www.raimaberfluidtech.com\/industrial\/wp-content\/blogs.dir\/4\/files\/2012\/11\/raimaber.gif\",\"contentUrl\":\"https:\/\/www.raimaberfluidtech.com\/industrial\/wp-content\/blogs.dir\/4\/files\/2012\/11\/raimaber.gif\",\"width\":\"705\",\"height\":\"438\",\"caption\":\"Raimaber Fluid Tech [Industrial]\"},\"image\":{\"@id\":\"https:\/\/www.raimaberfluidtech.com\/industrial\/#\/schema\/logo\/image\/\"}}]}<\/script>\n<!-- \/ Yoast SEO plugin. -->","yoast_head_json":{"title":"Bornemann: SERIE SLH-5G - Raimaber Fluid Tech [Industrial]","description":"Secci\u00f3n de Bornemann: SERIE SLH-5G en Raimaber Fluid Tech [Industrial]. Contacte y le informamos.","robots":{"index":"index","follow":"follow","max-snippet":"max-snippet:-1","max-image-preview":"max-image-preview:large","max-video-preview":"max-video-preview:-1"},"canonical":"https:\/\/www.raimaberfluidtech.com\/industrial\/bornemann\/serie-slh-5g\/","og_locale":"es_ES","og_type":"article","og_title":"Bornemann: SERIE SLH-5G - Raimaber Fluid Tech [Industrial]","og_description":"Secci\u00f3n de Bornemann: SERIE SLH-5G en Raimaber Fluid Tech [Industrial]. Contacte y le informamos.","og_url":"https:\/\/www.raimaberfluidtech.com\/industrial\/bornemann\/serie-slh-5g","og_site_name":"Raimaber Fluid Tech [Industrial]","twitter_misc":{"Tiempo de lectura":"1 minuto"},"schema":{"@context":"https:\/\/schema.org","@graph":[{"@type":"WebPage","@id":"https:\/\/www.raimaberfluidtech.com\/industrial\/bornemann\/serie-slh-5g","url":"https:\/\/www.raimaberfluidtech.com\/industrial\/bornemann\/serie-slh-5g","name":"Bornemann: SERIE SLH-5G - Raimaber Fluid Tech [Industrial]","isPartOf":{"@id":"https:\/\/www.raimaberfluidtech.com\/industrial\/#website"},"datePublished":"2023-01-12T16:23:46+00:00","dateModified":"2023-01-12T16:23:46+00:00","description":"Secci\u00f3n de Bornemann: SERIE SLH-5G en Raimaber Fluid Tech [Industrial]. Contacte y le informamos.","breadcrumb":{"@id":"https:\/\/www.raimaberfluidtech.com\/industrial\/bornemann\/serie-slh-5g#breadcrumb"},"inLanguage":"es","potentialAction":[{"@type":"ReadAction","target":["https:\/\/www.raimaberfluidtech.com\/industrial\/bornemann\/serie-slh-5g"]}]},{"@type":"BreadcrumbList","@id":"https:\/\/www.raimaberfluidtech.com\/industrial\/bornemann\/serie-slh-5g#breadcrumb","itemListElement":[{"@type":"ListItem","position":1,"name":"Home","item":"https:\/\/www.raimaberfluidtech.com\/industrial\/"},{"@type":"ListItem","position":2,"name":"Bornemann","item":"https:\/\/www.raimaberfluidtech.com\/industrial\/bornemann\/"},{"@type":"ListItem","position":3,"name":"SERIE SLH-5G"}]},{"@type":"WebSite","@id":"https:\/\/www.raimaberfluidtech.com\/industrial\/#website","url":"https:\/\/www.raimaberfluidtech.com\/industrial\/","name":"Raimaber Fluid Tech [Industrial]","description":"Bombas industriales","publisher":{"@id":"https:\/\/www.raimaberfluidtech.com\/industrial\/#organization"},"potentialAction":[{"@type":"SearchAction","target":{"@type":"EntryPoint","urlTemplate":"https:\/\/www.raimaberfluidtech.com\/industrial\/?s={search_term_string}"},"query-input":{"@type":"PropertyValueSpecification","valueRequired":true,"valueName":"search_term_string"}}],"inLanguage":"es"},{"@type":"Organization","@id":"https:\/\/www.raimaberfluidtech.com\/industrial\/#organization","name":"Raimaber Fluid Tech [Industrial]","url":"https:\/\/www.raimaberfluidtech.com\/industrial\/","logo":{"@type":"ImageObject","inLanguage":"es","@id":"https:\/\/www.raimaberfluidtech.com\/industrial\/#\/schema\/logo\/image\/","url":"https:\/\/www.raimaberfluidtech.com\/industrial\/wp-content\/blogs.dir\/4\/files\/2012\/11\/raimaber.gif","contentUrl":"https:\/\/www.raimaberfluidtech.com\/industrial\/wp-content\/blogs.dir\/4\/files\/2012\/11\/raimaber.gif","width":"705","height":"438","caption":"Raimaber Fluid Tech [Industrial]"},"image":{"@id":"https:\/\/www.raimaberfluidtech.com\/industrial\/#\/schema\/logo\/image\/"}}]}},"_links":{"self":[{"href":"https:\/\/www.raimaberfluidtech.com\/industrial\/wp-json\/wp\/v2\/pages\/7864","targetHints":{"allow":["GET"]}}],"collection":[{"href":"https:\/\/www.raimaberfluidtech.com\/industrial\/wp-json\/wp\/v2\/pages"}],"about":[{"href":"https:\/\/www.raimaberfluidtech.com\/industrial\/wp-json\/wp\/v2\/types\/page"}],"author":[{"embeddable":true,"href":"https:\/\/www.raimaberfluidtech.com\/industrial\/wp-json\/wp\/v2\/users\/1"}],"replies":[{"embeddable":true,"href":"https:\/\/www.raimaberfluidtech.com\/industrial\/wp-json\/wp\/v2\/comments?post=7864"}],"version-history":[{"count":2,"href":"https:\/\/www.raimaberfluidtech.com\/industrial\/wp-json\/wp\/v2\/pages\/7864\/revisions"}],"predecessor-version":[{"id":7873,"href":"https:\/\/www.raimaberfluidtech.com\/industrial\/wp-json\/wp\/v2\/pages\/7864\/revisions\/7873"}],"up":[{"embeddable":true,"href":"https:\/\/www.raimaberfluidtech.com\/industrial\/wp-json\/wp\/v2\/pages\/6510"}],"wp:attachment":[{"href":"https:\/\/www.raimaberfluidtech.com\/industrial\/wp-json\/wp\/v2\/media?parent=7864"}],"curies":[{"name":"wp","href":"https:\/\/api.w.org\/{rel}","templated":true}]}}