{"id":7847,"date":"2023-01-12T15:15:21","date_gmt":"2023-01-12T15:15:21","guid":{"rendered":"https:\/\/www.raimaberfluidtech.com\/industrial\/?page_id=7847"},"modified":"2023-01-12T16:07:32","modified_gmt":"2023-01-12T16:07:32","slug":"bornemann","status":"publish","type":"page","link":"https:\/\/www.raimaberfluidtech.com\/industrial\/catalogos-distribucion-bombas-industriales\/bornemann\/","title":{"rendered":"BORNEMANN"},"content":{"rendered":"<div class=\"wpb-content-wrapper\"><p>[vc_row][vc_column][vc_column_text css=\u00bb.vc_custom_1673535189964{margin-bottom: 60px !important;}\u00bb]<strong><a title=\"Raimaber\" href=\"https:\/\/www.raimaberfluidtech.com\/industrial\/\">Raimaber<\/a> <\/strong>pone a su disposici\u00f3n los <strong>cat\u00e1logos de Bornemann<\/strong> sobre los distintos productos que distribuyen como empresa especialista en el sector.<br \/>\nPara m\u00e1s informaci\u00f3n puede utilizar el <a title=\"Contacto Raimaber\" href=\"https:\/\/www.raimaberfluidtech.com\/industrial\/contacta\">formulario de contacto<\/a>.[\/vc_column_text][vc_column_text]<\/p>\n<ul class=\"document_gallery\">\n<li class=\"pdf\"><a title=\"Bombas BBA: Auto prime pumps BA series\" href=\"\/wp-content\/blogs.dir\/4\/files\/2023\/01\/SLH-4G-catalog-general-completo.pdf\" target=\"_blank\" rel=\"noopener noreferrer\">SLH-4G cat\u00e1logo general completo<\/a><\/li>\n<li class=\"pdf\"><a href=\"\/wp-content\/blogs.dir\/4\/files\/2023\/01\/SLH4G_catalogo-general-english.pdf\" target=\"_blank\" rel=\"noopener\">SLH4G cat\u00e1logo general<\/a>\u00a0 (ingl\u00e9s)<\/li>\n<li class=\"pdf\"><a title=\"Bombas BBA: BA100E Bare Shaft\" href=\"\/wp-content\/blogs.dir\/4\/files\/2023\/01\/SLH-4U_catalogo-general-english.pdf\" target=\"_blank\" rel=\"noopener noreferrer\">SLH-4U_cat\u00e1logo general <\/a>(ingl\u00e9s)<\/li>\n<li class=\"pdf\"><a title=\"Bombas BBA: BA150E Bare Shaft\" href=\"\/wp-content\/blogs.dir\/4\/files\/2023\/01\/SLH-5G-catalogo-general-completo-english.pdf\" target=\"_blank\" rel=\"noopener noreferrer\">SLH-5G cat\u00e1logo general completo <\/a>(ingl\u00e9s)<\/li>\n<li class=\"pdf\"><a title=\"Bombas BBA: BA150E Bare Shaft\" href=\"\/wp-content\/blogs.dir\/4\/files\/2014\/01\/BA80H-D315-Bare-shaft-5516602020-EN.pdf\" target=\"_blank\" rel=\"noopener noreferrer\">Cat\u00e1logo general b\u00e1sico<\/a><\/li>\n<li class=\"pdf\"><a title=\"Bombas BBA: Piston pumps for eff icient wellpoint dewatering PT series\" href=\"\/wp-content\/blogs.dir\/4\/files\/2023\/01\/farmaceutica-y-cosmetica-4G.pdf\" target=\"_blank\" rel=\"noopener noreferrer\">Farmac\u00e9utica y cosm\u00e9tica 4G<\/a><\/li>\n<\/ul>\n<p>[\/vc_column_text][vc_empty_space][vc_btn title=\u00bbSOLICITUD DE INFORMACI\u00d3N T\u00c9CNICA\u00bb link=\u00bburl:https%3A%2F%2Fwww.raimaberfluidtech.com\/industrial%2Fsolicitud-informacion-tecnica%2F|title:Solicitud%20informaci%C3%B3n%20t%C3%A9cnica||\u00bb][\/vc_column][\/vc_row]<\/p>\n<\/div>","protected":false},"excerpt":{"rendered":"<p>[vc_row][vc_column][vc_column_text css=\u00bb.vc_custom_1673535189964{margin-bottom: 60px !important;}\u00bb]Raimaber pone a su disposici\u00f3n los cat\u00e1logos de Bornemann sobre los distintos productos que distribuyen como empresa especialista en el sector. Para m\u00e1s informaci\u00f3n puede utilizar el formulario de contacto.[\/vc_column_text][vc_column_text] SLH-4G cat\u00e1logo general completo SLH4G cat\u00e1logo general\u00a0&#8230;<\/p>\n","protected":false},"author":1,"featured_media":6527,"parent":106,"menu_order":0,"comment_status":"closed","ping_status":"closed","template":"page-sidebar.php","meta":{"footnotes":""},"class_list":["post-7847","page","type-page","status-publish","has-post-thumbnail","hentry"],"yoast_head":"<!-- This site is optimized with the Yoast SEO plugin v24.3 - https:\/\/yoast.com\/wordpress\/plugins\/seo\/ -->\n<title>Cat\u00e1logo de bombas BBA - Raimaber<\/title>\n<meta name=\"description\" content=\"Somos distribuidores de Bombas BBA. Puedes consultar toda la informaci\u00f3n de bombas BBA en nuestra web. Ll\u00e1manos y te asesoraremos.\" \/>\n<meta name=\"robots\" content=\"index, follow, max-snippet:-1, max-image-preview:large, max-video-preview:-1\" \/>\n<link rel=\"canonical\" href=\"https:\/\/www.raimaberfluidtech.com\/industrial\/catalogos-distribucion-bombas-industriales\/bornemann\/\" \/>\n<meta property=\"og:locale\" content=\"es_ES\" \/>\n<meta property=\"og:type\" content=\"article\" \/>\n<meta property=\"og:title\" content=\"Cat\u00e1logo de bombas BBA - Raimaber\" \/>\n<meta property=\"og:description\" content=\"Somos distribuidores de Bombas BBA. Puedes consultar toda la informaci\u00f3n de bombas BBA en nuestra web. Ll\u00e1manos y te asesoraremos.\" \/>\n<meta property=\"og:url\" content=\"https:\/\/www.raimaberfluidtech.com\/industrial\/catalogos-distribucion-bombas-industriales\/bornemann\/\" \/>\n<meta property=\"og:site_name\" content=\"Raimaber Fluid Tech [Industrial]\" \/>\n<meta property=\"article:modified_time\" content=\"2023-01-12T16:07:32+00:00\" \/>\n<meta property=\"og:image\" content=\"https:\/\/www.raimaberfluidtech.com\/industrial\/wp-content\/blogs.dir\/4\/files\/2020\/07\/Bornemann3-e1601374531303.png\" \/>\n\t<meta property=\"og:image:width\" content=\"960\" \/>\n\t<meta property=\"og:image:height\" content=\"259\" \/>\n\t<meta property=\"og:image:type\" content=\"image\/png\" \/>\n<meta name=\"twitter:label1\" content=\"Tiempo de lectura\" \/>\n\t<meta name=\"twitter:data1\" content=\"1 minuto\" \/>\n<script type=\"application\/ld+json\" class=\"yoast-schema-graph\">{\"@context\":\"https:\/\/schema.org\",\"@graph\":[{\"@type\":\"WebPage\",\"@id\":\"https:\/\/www.raimaberfluidtech.com\/industrial\/catalogos-distribucion-bombas-industriales\/bornemann\/\",\"url\":\"https:\/\/www.raimaberfluidtech.com\/industrial\/catalogos-distribucion-bombas-industriales\/bornemann\/\",\"name\":\"Cat\u00e1logo de bombas BBA - Raimaber\",\"isPartOf\":{\"@id\":\"https:\/\/www.raimaberfluidtech.com\/industrial\/#website\"},\"primaryImageOfPage\":{\"@id\":\"https:\/\/www.raimaberfluidtech.com\/industrial\/catalogos-distribucion-bombas-industriales\/bornemann\/#primaryimage\"},\"image\":{\"@id\":\"https:\/\/www.raimaberfluidtech.com\/industrial\/catalogos-distribucion-bombas-industriales\/bornemann\/#primaryimage\"},\"thumbnailUrl\":\"https:\/\/www.raimaberfluidtech.com\/industrial\/files\/2020\/07\/Bornemann3-e1601374531303.png\",\"datePublished\":\"2023-01-12T15:15:21+00:00\",\"dateModified\":\"2023-01-12T16:07:32+00:00\",\"description\":\"Somos distribuidores de Bombas BBA. Puedes consultar toda la informaci\u00f3n de bombas BBA en nuestra web. Ll\u00e1manos y te asesoraremos.\",\"breadcrumb\":{\"@id\":\"https:\/\/www.raimaberfluidtech.com\/industrial\/catalogos-distribucion-bombas-industriales\/bornemann\/#breadcrumb\"},\"inLanguage\":\"es\",\"potentialAction\":[{\"@type\":\"ReadAction\",\"target\":[\"https:\/\/www.raimaberfluidtech.com\/industrial\/catalogos-distribucion-bombas-industriales\/bornemann\/\"]}]},{\"@type\":\"ImageObject\",\"inLanguage\":\"es\",\"@id\":\"https:\/\/www.raimaberfluidtech.com\/industrial\/catalogos-distribucion-bombas-industriales\/bornemann\/#primaryimage\",\"url\":\"https:\/\/www.raimaberfluidtech.com\/industrial\/files\/2020\/07\/Bornemann3-e1601374531303.png\",\"contentUrl\":\"https:\/\/www.raimaberfluidtech.com\/industrial\/files\/2020\/07\/Bornemann3-e1601374531303.png\",\"width\":960,\"height\":259,\"caption\":\"Bornemann\"},{\"@type\":\"BreadcrumbList\",\"@id\":\"https:\/\/www.raimaberfluidtech.com\/industrial\/catalogos-distribucion-bombas-industriales\/bornemann\/#breadcrumb\",\"itemListElement\":[{\"@type\":\"ListItem\",\"position\":1,\"name\":\"Home\",\"item\":\"https:\/\/www.raimaberfluidtech.com\/industrial\/\"},{\"@type\":\"ListItem\",\"position\":2,\"name\":\"Archivos descargables\",\"item\":\"https:\/\/www.raimaberfluidtech.com\/industrial\/catalogos-distribucion-bombas-industriales\/\"},{\"@type\":\"ListItem\",\"position\":3,\"name\":\"BORNEMANN\"}]},{\"@type\":\"WebSite\",\"@id\":\"https:\/\/www.raimaberfluidtech.com\/industrial\/#website\",\"url\":\"https:\/\/www.raimaberfluidtech.com\/industrial\/\",\"name\":\"Raimaber Fluid Tech [Industrial]\",\"description\":\"Bombas industriales\",\"publisher\":{\"@id\":\"https:\/\/www.raimaberfluidtech.com\/industrial\/#organization\"},\"potentialAction\":[{\"@type\":\"SearchAction\",\"target\":{\"@type\":\"EntryPoint\",\"urlTemplate\":\"https:\/\/www.raimaberfluidtech.com\/industrial\/?s={search_term_string}\"},\"query-input\":{\"@type\":\"PropertyValueSpecification\",\"valueRequired\":true,\"valueName\":\"search_term_string\"}}],\"inLanguage\":\"es\"},{\"@type\":\"Organization\",\"@id\":\"https:\/\/www.raimaberfluidtech.com\/industrial\/#organization\",\"name\":\"Raimaber Fluid Tech [Industrial]\",\"url\":\"https:\/\/www.raimaberfluidtech.com\/industrial\/\",\"logo\":{\"@type\":\"ImageObject\",\"inLanguage\":\"es\",\"@id\":\"https:\/\/www.raimaberfluidtech.com\/industrial\/#\/schema\/logo\/image\/\",\"url\":\"https:\/\/www.raimaberfluidtech.com\/industrial\/wp-content\/blogs.dir\/4\/files\/2012\/11\/raimaber.gif\",\"contentUrl\":\"https:\/\/www.raimaberfluidtech.com\/industrial\/wp-content\/blogs.dir\/4\/files\/2012\/11\/raimaber.gif\",\"width\":\"705\",\"height\":\"438\",\"caption\":\"Raimaber Fluid Tech [Industrial]\"},\"image\":{\"@id\":\"https:\/\/www.raimaberfluidtech.com\/industrial\/#\/schema\/logo\/image\/\"}}]}<\/script>\n<!-- \/ Yoast SEO plugin. -->","yoast_head_json":{"title":"Cat\u00e1logo de bombas BBA - Raimaber","description":"Somos distribuidores de Bombas BBA. Puedes consultar toda la informaci\u00f3n de bombas BBA en nuestra web. Ll\u00e1manos y te asesoraremos.","robots":{"index":"index","follow":"follow","max-snippet":"max-snippet:-1","max-image-preview":"max-image-preview:large","max-video-preview":"max-video-preview:-1"},"canonical":"https:\/\/www.raimaberfluidtech.com\/industrial\/catalogos-distribucion-bombas-industriales\/bornemann\/","og_locale":"es_ES","og_type":"article","og_title":"Cat\u00e1logo de bombas BBA - Raimaber","og_description":"Somos distribuidores de Bombas BBA. Puedes consultar toda la informaci\u00f3n de bombas BBA en nuestra web. Ll\u00e1manos y te asesoraremos.","og_url":"https:\/\/www.raimaberfluidtech.com\/industrial\/catalogos-distribucion-bombas-industriales\/bornemann\/","og_site_name":"Raimaber Fluid Tech [Industrial]","article_modified_time":"2023-01-12T16:07:32+00:00","og_image":[{"width":960,"height":259,"url":"https:\/\/www.raimaberfluidtech.com\/industrial\/wp-content\/blogs.dir\/4\/files\/2020\/07\/Bornemann3-e1601374531303.png","type":"image\/png"}],"twitter_misc":{"Tiempo de lectura":"1 minuto"},"schema":{"@context":"https:\/\/schema.org","@graph":[{"@type":"WebPage","@id":"https:\/\/www.raimaberfluidtech.com\/industrial\/catalogos-distribucion-bombas-industriales\/bornemann\/","url":"https:\/\/www.raimaberfluidtech.com\/industrial\/catalogos-distribucion-bombas-industriales\/bornemann\/","name":"Cat\u00e1logo de bombas BBA - Raimaber","isPartOf":{"@id":"https:\/\/www.raimaberfluidtech.com\/industrial\/#website"},"primaryImageOfPage":{"@id":"https:\/\/www.raimaberfluidtech.com\/industrial\/catalogos-distribucion-bombas-industriales\/bornemann\/#primaryimage"},"image":{"@id":"https:\/\/www.raimaberfluidtech.com\/industrial\/catalogos-distribucion-bombas-industriales\/bornemann\/#primaryimage"},"thumbnailUrl":"https:\/\/www.raimaberfluidtech.com\/industrial\/files\/2020\/07\/Bornemann3-e1601374531303.png","datePublished":"2023-01-12T15:15:21+00:00","dateModified":"2023-01-12T16:07:32+00:00","description":"Somos distribuidores de Bombas BBA. Puedes consultar toda la informaci\u00f3n de bombas BBA en nuestra web. Ll\u00e1manos y te asesoraremos.","breadcrumb":{"@id":"https:\/\/www.raimaberfluidtech.com\/industrial\/catalogos-distribucion-bombas-industriales\/bornemann\/#breadcrumb"},"inLanguage":"es","potentialAction":[{"@type":"ReadAction","target":["https:\/\/www.raimaberfluidtech.com\/industrial\/catalogos-distribucion-bombas-industriales\/bornemann\/"]}]},{"@type":"ImageObject","inLanguage":"es","@id":"https:\/\/www.raimaberfluidtech.com\/industrial\/catalogos-distribucion-bombas-industriales\/bornemann\/#primaryimage","url":"https:\/\/www.raimaberfluidtech.com\/industrial\/files\/2020\/07\/Bornemann3-e1601374531303.png","contentUrl":"https:\/\/www.raimaberfluidtech.com\/industrial\/files\/2020\/07\/Bornemann3-e1601374531303.png","width":960,"height":259,"caption":"Bornemann"},{"@type":"BreadcrumbList","@id":"https:\/\/www.raimaberfluidtech.com\/industrial\/catalogos-distribucion-bombas-industriales\/bornemann\/#breadcrumb","itemListElement":[{"@type":"ListItem","position":1,"name":"Home","item":"https:\/\/www.raimaberfluidtech.com\/industrial\/"},{"@type":"ListItem","position":2,"name":"Archivos descargables","item":"https:\/\/www.raimaberfluidtech.com\/industrial\/catalogos-distribucion-bombas-industriales\/"},{"@type":"ListItem","position":3,"name":"BORNEMANN"}]},{"@type":"WebSite","@id":"https:\/\/www.raimaberfluidtech.com\/industrial\/#website","url":"https:\/\/www.raimaberfluidtech.com\/industrial\/","name":"Raimaber Fluid Tech [Industrial]","description":"Bombas industriales","publisher":{"@id":"https:\/\/www.raimaberfluidtech.com\/industrial\/#organization"},"potentialAction":[{"@type":"SearchAction","target":{"@type":"EntryPoint","urlTemplate":"https:\/\/www.raimaberfluidtech.com\/industrial\/?s={search_term_string}"},"query-input":{"@type":"PropertyValueSpecification","valueRequired":true,"valueName":"search_term_string"}}],"inLanguage":"es"},{"@type":"Organization","@id":"https:\/\/www.raimaberfluidtech.com\/industrial\/#organization","name":"Raimaber Fluid Tech [Industrial]","url":"https:\/\/www.raimaberfluidtech.com\/industrial\/","logo":{"@type":"ImageObject","inLanguage":"es","@id":"https:\/\/www.raimaberfluidtech.com\/industrial\/#\/schema\/logo\/image\/","url":"https:\/\/www.raimaberfluidtech.com\/industrial\/wp-content\/blogs.dir\/4\/files\/2012\/11\/raimaber.gif","contentUrl":"https:\/\/www.raimaberfluidtech.com\/industrial\/wp-content\/blogs.dir\/4\/files\/2012\/11\/raimaber.gif","width":"705","height":"438","caption":"Raimaber Fluid Tech [Industrial]"},"image":{"@id":"https:\/\/www.raimaberfluidtech.com\/industrial\/#\/schema\/logo\/image\/"}}]}},"_links":{"self":[{"href":"https:\/\/www.raimaberfluidtech.com\/industrial\/wp-json\/wp\/v2\/pages\/7847","targetHints":{"allow":["GET"]}}],"collection":[{"href":"https:\/\/www.raimaberfluidtech.com\/industrial\/wp-json\/wp\/v2\/pages"}],"about":[{"href":"https:\/\/www.raimaberfluidtech.com\/industrial\/wp-json\/wp\/v2\/types\/page"}],"author":[{"embeddable":true,"href":"https:\/\/www.raimaberfluidtech.com\/industrial\/wp-json\/wp\/v2\/users\/1"}],"replies":[{"embeddable":true,"href":"https:\/\/www.raimaberfluidtech.com\/industrial\/wp-json\/wp\/v2\/comments?post=7847"}],"version-history":[{"count":3,"href":"https:\/\/www.raimaberfluidtech.com\/industrial\/wp-json\/wp\/v2\/pages\/7847\/revisions"}],"predecessor-version":[{"id":7857,"href":"https:\/\/www.raimaberfluidtech.com\/industrial\/wp-json\/wp\/v2\/pages\/7847\/revisions\/7857"}],"up":[{"embeddable":true,"href":"https:\/\/www.raimaberfluidtech.com\/industrial\/wp-json\/wp\/v2\/pages\/106"}],"wp:featuredmedia":[{"embeddable":true,"href":"https:\/\/www.raimaberfluidtech.com\/industrial\/wp-json\/wp\/v2\/media\/6527"}],"wp:attachment":[{"href":"https:\/\/www.raimaberfluidtech.com\/industrial\/wp-json\/wp\/v2\/media?parent=7847"}],"curies":[{"name":"wp","href":"https:\/\/api.w.org\/{rel}","templated":true}]}}