{"id":752,"date":"2012-12-12T15:00:20","date_gmt":"2012-12-12T15:00:20","guid":{"rendered":"http:\/\/www.raimaberfluidtech.com\/industrial\/?page_id=752"},"modified":"2021-09-22T11:15:55","modified_gmt":"2021-09-22T11:15:55","slug":"bombas-de-vaciado-serie-ef","status":"publish","type":"page","link":"https:\/\/www.raimaberfluidtech.com\/industrial\/bombas-finish-thompson\/bombas-de-vaciado-serie-ef\/","title":{"rendered":"Bombas de vaciado de bidones &#8211; Serie EF"},"content":{"rendered":"<div class=\"wpb-content-wrapper\"><p>[vc_row][vc_column width=\u00bb1\/2&#8243;][vc_media_grid element_width=\u00bb6&#8243; gap=\u00bb4&#8243; initial_loading_animation=\u00bbnone\u00bb grid_id=\u00bbvc_gid:1632308398832-11e53fd2-a668-9&#8243; include=\u00bb753,754,755&#8243;][\/vc_column][vc_column width=\u00bb1\/2&#8243;][vc_custom_heading text=\u00bbBombas de vaciado de bidones &#8211; Serie EF\u00bb font_container=\u00bbtag:h2|font_size:18px|text_align:left|color:%23000000&#8243; use_theme_fonts=\u00bbyes\u00bb][vc_column_text]Las bombas de la serie EF ofrecen una opci\u00f3n econ\u00f3mica para aplicaciones sencillas y f\u00e1ciles. La alternativa ideal para sustituir bombas manuales.<\/p>\n<p>Tubos en Polipropileno, Polipropleno puro\/PVDF o en Acero Inoxidable 316<\/p>\n<p>Motores de doble velocidad, ajustables<\/p>\n<p>Tubos intercambiables con diferentes motores<\/p>\n<p>Poco peso y econ\u00f3micas<\/p>\n<p><strong>Especificaciones de la serie EF :<\/strong><\/p>\n<ul>\n<li>Caudal m\u00e1ximo : 60 l\/min<\/li>\n<li>Temperatura m\u00e1xima: 100 \u00baC<\/li>\n<li>peso espec\u00edfico m\u00e1ximo: 1,2<\/li>\n<li>viscosidad m\u00e1xima: hasta 300 cps<\/li>\n<li>tubo : di\u00e1metro 32 mm<\/li>\n<li>conexiones: 3\/4&#8243; preparado para manguera<\/li>\n<\/ul>\n<p>[\/vc_column_text][vc_empty_space][vc_btn title=\u00bbSOLICITUD DE INFORMACI\u00d3N T\u00c9CNICA\u00bb link=\u00bburl:https%3A%2F%2Fwww.raimaberfluidtech.com\/industrial%2Fsolicitud-informacion-tecnica%2F|title:Solicitud%20informaci%C3%B3n%20t%C3%A9cnica||\u00bb][\/vc_column][\/vc_row]<\/p>\n<\/div>","protected":false},"excerpt":{"rendered":"<p>[vc_row][vc_column width=\u00bb1\/2&#8243;][vc_media_grid element_width=\u00bb6&#8243; gap=\u00bb4&#8243; initial_loading_animation=\u00bbnone\u00bb grid_id=\u00bbvc_gid:1632308398832-11e53fd2-a668-9&#8243; include=\u00bb753,754,755&#8243;][\/vc_column][vc_column width=\u00bb1\/2&#8243;][vc_custom_heading text=\u00bbBombas de vaciado de bidones &#8211; Serie EF\u00bb font_container=\u00bbtag:h2|font_size:18px|text_align:left|color:%23000000&#8243; use_theme_fonts=\u00bbyes\u00bb][vc_column_text]Las bombas de la serie EF ofrecen una opci\u00f3n econ\u00f3mica para aplicaciones sencillas y f\u00e1ciles. La alternativa ideal para sustituir bombas manuales. Tubos&#8230;<\/p>\n","protected":false},"author":1,"featured_media":0,"parent":364,"menu_order":5,"comment_status":"closed","ping_status":"closed","template":"page-sidebar.php","meta":{"footnotes":""},"class_list":["post-752","page","type-page","status-publish","hentry"],"yoast_head":"<!-- This site is optimized with the Yoast SEO plugin v24.3 - https:\/\/yoast.com\/wordpress\/plugins\/seo\/ -->\n<title>Bombas de vaciado Espa\u00f1a - serie EF - Raimaber<\/title>\n<meta name=\"description\" content=\"Las bombas de vaciado de bidones serie F es la serie b\u00e1sica y m\u00e1s econ\u00f3mica de Finish Thompson Inc. Entra en Raimaber y te asesoramos.\" \/>\n<meta name=\"robots\" content=\"index, follow, max-snippet:-1, max-image-preview:large, max-video-preview:-1\" \/>\n<link rel=\"canonical\" href=\"https:\/\/www.raimaberfluidtech.com\/industrial\/bombas-finish-thompson\/bombas-de-vaciado-serie-ef\/\" \/>\n<meta property=\"og:locale\" content=\"es_ES\" \/>\n<meta property=\"og:type\" content=\"article\" \/>\n<meta property=\"og:title\" content=\"Bombas de vaciado Espa\u00f1a - serie EF - Raimaber\" \/>\n<meta property=\"og:description\" content=\"Las bombas de vaciado de bidones serie F es la serie b\u00e1sica y m\u00e1s econ\u00f3mica de Finish Thompson Inc. Entra en Raimaber y te asesoramos.\" \/>\n<meta property=\"og:url\" content=\"https:\/\/www.raimaberfluidtech.com\/industrial\/bombas-finish-thompson\/bombas-de-vaciado-serie-ef\/\" \/>\n<meta property=\"og:site_name\" content=\"Raimaber Fluid Tech [Industrial]\" \/>\n<meta property=\"article:modified_time\" content=\"2021-09-22T11:15:55+00:00\" \/>\n<meta name=\"twitter:label1\" content=\"Tiempo de lectura\" \/>\n\t<meta name=\"twitter:data1\" content=\"1 minuto\" \/>\n<script type=\"application\/ld+json\" class=\"yoast-schema-graph\">{\"@context\":\"https:\/\/schema.org\",\"@graph\":[{\"@type\":\"WebPage\",\"@id\":\"https:\/\/www.raimaberfluidtech.com\/industrial\/bombas-finish-thompson\/bombas-de-vaciado-serie-ef\/\",\"url\":\"https:\/\/www.raimaberfluidtech.com\/industrial\/bombas-finish-thompson\/bombas-de-vaciado-serie-ef\/\",\"name\":\"Bombas de vaciado Espa\u00f1a - serie EF - Raimaber\",\"isPartOf\":{\"@id\":\"https:\/\/www.raimaberfluidtech.com\/industrial\/#website\"},\"datePublished\":\"2012-12-12T15:00:20+00:00\",\"dateModified\":\"2021-09-22T11:15:55+00:00\",\"description\":\"Las bombas de vaciado de bidones serie F es la serie b\u00e1sica y m\u00e1s econ\u00f3mica de Finish Thompson Inc. Entra en Raimaber y te asesoramos.\",\"breadcrumb\":{\"@id\":\"https:\/\/www.raimaberfluidtech.com\/industrial\/bombas-finish-thompson\/bombas-de-vaciado-serie-ef\/#breadcrumb\"},\"inLanguage\":\"es\",\"potentialAction\":[{\"@type\":\"ReadAction\",\"target\":[\"https:\/\/www.raimaberfluidtech.com\/industrial\/bombas-finish-thompson\/bombas-de-vaciado-serie-ef\/\"]}]},{\"@type\":\"BreadcrumbList\",\"@id\":\"https:\/\/www.raimaberfluidtech.com\/industrial\/bombas-finish-thompson\/bombas-de-vaciado-serie-ef\/#breadcrumb\",\"itemListElement\":[{\"@type\":\"ListItem\",\"position\":1,\"name\":\"Home\",\"item\":\"https:\/\/www.raimaberfluidtech.com\/industrial\/\"},{\"@type\":\"ListItem\",\"position\":2,\"name\":\"FTI &#8211; Finish Thompson Inc\",\"item\":\"https:\/\/www.raimaberfluidtech.com\/industrial\/bombas-finish-thompson\/\"},{\"@type\":\"ListItem\",\"position\":3,\"name\":\"Bombas de vaciado de bidones &#8211; Serie EF\"}]},{\"@type\":\"WebSite\",\"@id\":\"https:\/\/www.raimaberfluidtech.com\/industrial\/#website\",\"url\":\"https:\/\/www.raimaberfluidtech.com\/industrial\/\",\"name\":\"Raimaber Fluid Tech [Industrial]\",\"description\":\"Bombas industriales\",\"publisher\":{\"@id\":\"https:\/\/www.raimaberfluidtech.com\/industrial\/#organization\"},\"potentialAction\":[{\"@type\":\"SearchAction\",\"target\":{\"@type\":\"EntryPoint\",\"urlTemplate\":\"https:\/\/www.raimaberfluidtech.com\/industrial\/?s={search_term_string}\"},\"query-input\":{\"@type\":\"PropertyValueSpecification\",\"valueRequired\":true,\"valueName\":\"search_term_string\"}}],\"inLanguage\":\"es\"},{\"@type\":\"Organization\",\"@id\":\"https:\/\/www.raimaberfluidtech.com\/industrial\/#organization\",\"name\":\"Raimaber Fluid Tech [Industrial]\",\"url\":\"https:\/\/www.raimaberfluidtech.com\/industrial\/\",\"logo\":{\"@type\":\"ImageObject\",\"inLanguage\":\"es\",\"@id\":\"https:\/\/www.raimaberfluidtech.com\/industrial\/#\/schema\/logo\/image\/\",\"url\":\"https:\/\/www.raimaberfluidtech.com\/industrial\/wp-content\/blogs.dir\/4\/files\/2012\/11\/raimaber.gif\",\"contentUrl\":\"https:\/\/www.raimaberfluidtech.com\/industrial\/wp-content\/blogs.dir\/4\/files\/2012\/11\/raimaber.gif\",\"width\":\"705\",\"height\":\"438\",\"caption\":\"Raimaber Fluid Tech [Industrial]\"},\"image\":{\"@id\":\"https:\/\/www.raimaberfluidtech.com\/industrial\/#\/schema\/logo\/image\/\"}}]}<\/script>\n<!-- \/ Yoast SEO plugin. -->","yoast_head_json":{"title":"Bombas de vaciado Espa\u00f1a - serie EF - Raimaber","description":"Las bombas de vaciado de bidones serie F es la serie b\u00e1sica y m\u00e1s econ\u00f3mica de Finish Thompson Inc. Entra en Raimaber y te asesoramos.","robots":{"index":"index","follow":"follow","max-snippet":"max-snippet:-1","max-image-preview":"max-image-preview:large","max-video-preview":"max-video-preview:-1"},"canonical":"https:\/\/www.raimaberfluidtech.com\/industrial\/bombas-finish-thompson\/bombas-de-vaciado-serie-ef\/","og_locale":"es_ES","og_type":"article","og_title":"Bombas de vaciado Espa\u00f1a - serie EF - Raimaber","og_description":"Las bombas de vaciado de bidones serie F es la serie b\u00e1sica y m\u00e1s econ\u00f3mica de Finish Thompson Inc. Entra en Raimaber y te asesoramos.","og_url":"https:\/\/www.raimaberfluidtech.com\/industrial\/bombas-finish-thompson\/bombas-de-vaciado-serie-ef\/","og_site_name":"Raimaber Fluid Tech [Industrial]","article_modified_time":"2021-09-22T11:15:55+00:00","twitter_misc":{"Tiempo de lectura":"1 minuto"},"schema":{"@context":"https:\/\/schema.org","@graph":[{"@type":"WebPage","@id":"https:\/\/www.raimaberfluidtech.com\/industrial\/bombas-finish-thompson\/bombas-de-vaciado-serie-ef\/","url":"https:\/\/www.raimaberfluidtech.com\/industrial\/bombas-finish-thompson\/bombas-de-vaciado-serie-ef\/","name":"Bombas de vaciado Espa\u00f1a - serie EF - Raimaber","isPartOf":{"@id":"https:\/\/www.raimaberfluidtech.com\/industrial\/#website"},"datePublished":"2012-12-12T15:00:20+00:00","dateModified":"2021-09-22T11:15:55+00:00","description":"Las bombas de vaciado de bidones serie F es la serie b\u00e1sica y m\u00e1s econ\u00f3mica de Finish Thompson Inc. Entra en Raimaber y te asesoramos.","breadcrumb":{"@id":"https:\/\/www.raimaberfluidtech.com\/industrial\/bombas-finish-thompson\/bombas-de-vaciado-serie-ef\/#breadcrumb"},"inLanguage":"es","potentialAction":[{"@type":"ReadAction","target":["https:\/\/www.raimaberfluidtech.com\/industrial\/bombas-finish-thompson\/bombas-de-vaciado-serie-ef\/"]}]},{"@type":"BreadcrumbList","@id":"https:\/\/www.raimaberfluidtech.com\/industrial\/bombas-finish-thompson\/bombas-de-vaciado-serie-ef\/#breadcrumb","itemListElement":[{"@type":"ListItem","position":1,"name":"Home","item":"https:\/\/www.raimaberfluidtech.com\/industrial\/"},{"@type":"ListItem","position":2,"name":"FTI &#8211; Finish Thompson Inc","item":"https:\/\/www.raimaberfluidtech.com\/industrial\/bombas-finish-thompson\/"},{"@type":"ListItem","position":3,"name":"Bombas de vaciado de bidones &#8211; Serie EF"}]},{"@type":"WebSite","@id":"https:\/\/www.raimaberfluidtech.com\/industrial\/#website","url":"https:\/\/www.raimaberfluidtech.com\/industrial\/","name":"Raimaber Fluid Tech [Industrial]","description":"Bombas industriales","publisher":{"@id":"https:\/\/www.raimaberfluidtech.com\/industrial\/#organization"},"potentialAction":[{"@type":"SearchAction","target":{"@type":"EntryPoint","urlTemplate":"https:\/\/www.raimaberfluidtech.com\/industrial\/?s={search_term_string}"},"query-input":{"@type":"PropertyValueSpecification","valueRequired":true,"valueName":"search_term_string"}}],"inLanguage":"es"},{"@type":"Organization","@id":"https:\/\/www.raimaberfluidtech.com\/industrial\/#organization","name":"Raimaber Fluid Tech [Industrial]","url":"https:\/\/www.raimaberfluidtech.com\/industrial\/","logo":{"@type":"ImageObject","inLanguage":"es","@id":"https:\/\/www.raimaberfluidtech.com\/industrial\/#\/schema\/logo\/image\/","url":"https:\/\/www.raimaberfluidtech.com\/industrial\/wp-content\/blogs.dir\/4\/files\/2012\/11\/raimaber.gif","contentUrl":"https:\/\/www.raimaberfluidtech.com\/industrial\/wp-content\/blogs.dir\/4\/files\/2012\/11\/raimaber.gif","width":"705","height":"438","caption":"Raimaber Fluid Tech [Industrial]"},"image":{"@id":"https:\/\/www.raimaberfluidtech.com\/industrial\/#\/schema\/logo\/image\/"}}]}},"_links":{"self":[{"href":"https:\/\/www.raimaberfluidtech.com\/industrial\/wp-json\/wp\/v2\/pages\/752","targetHints":{"allow":["GET"]}}],"collection":[{"href":"https:\/\/www.raimaberfluidtech.com\/industrial\/wp-json\/wp\/v2\/pages"}],"about":[{"href":"https:\/\/www.raimaberfluidtech.com\/industrial\/wp-json\/wp\/v2\/types\/page"}],"author":[{"embeddable":true,"href":"https:\/\/www.raimaberfluidtech.com\/industrial\/wp-json\/wp\/v2\/users\/1"}],"replies":[{"embeddable":true,"href":"https:\/\/www.raimaberfluidtech.com\/industrial\/wp-json\/wp\/v2\/comments?post=752"}],"version-history":[{"count":23,"href":"https:\/\/www.raimaberfluidtech.com\/industrial\/wp-json\/wp\/v2\/pages\/752\/revisions"}],"predecessor-version":[{"id":7617,"href":"https:\/\/www.raimaberfluidtech.com\/industrial\/wp-json\/wp\/v2\/pages\/752\/revisions\/7617"}],"up":[{"embeddable":true,"href":"https:\/\/www.raimaberfluidtech.com\/industrial\/wp-json\/wp\/v2\/pages\/364"}],"wp:attachment":[{"href":"https:\/\/www.raimaberfluidtech.com\/industrial\/wp-json\/wp\/v2\/media?parent=752"}],"curies":[{"name":"wp","href":"https:\/\/api.w.org\/{rel}","templated":true}]}}