{"id":742,"date":"2012-12-12T11:46:30","date_gmt":"2012-12-12T11:46:30","guid":{"rendered":"http:\/\/www.raimaberfluidtech.com\/industrial\/?page_id=742"},"modified":"2021-09-22T11:15:33","modified_gmt":"2021-09-22T11:15:33","slug":"bombas-centrifugas-serie-ultra-chem","status":"publish","type":"page","link":"https:\/\/www.raimaberfluidtech.com\/industrial\/bombas-finish-thompson\/bombas-centrifugas-serie-ultra-chem\/","title":{"rendered":"Bombas centr\u00edfugas &#8211; Serie Ultrachem"},"content":{"rendered":"<div class=\"wpb-content-wrapper\"><p>[vc_row][vc_column width=\u00bb1\/2&#8243;][vc_media_grid element_width=\u00bb6&#8243; gap=\u00bb4&#8243; initial_loading_animation=\u00bbnone\u00bb grid_id=\u00bbvc_gid:1632308444689-2101580c-0cc9-1&#8243; include=\u00bb5736,5735,5734,4823,4824,4826,4828&#8243;][\/vc_column][vc_column width=\u00bb1\/2&#8243;][vc_custom_heading text=\u00bbBombas centr\u00edfugas &#8211; Serie Ultrachem\u00bb font_container=\u00bbtag:h2|font_size:18px|text_align:left|color:%23000000&#8243; use_theme_fonts=\u00bbyes\u00bb][vc_column_text]Las<strong> bombas centr\u00edfugas de la serie Ultrachem<\/strong> de <strong>Finish Thompson Inc.<\/strong>, son bombas met\u00e1licas con el interior del cuerpo recubierto en teflon TEFZEL. Se fabrican seg\u00fan la normativa ANSI.<\/p>\n<div class=\"in-content col-1\" style=\"text-align: justify;\"><\/div>\n<div class=\"in-content col-1\" style=\"text-align: justify;\">Algunas de sus ventajas son:<\/div>\n<div class=\"in-content col-1\" style=\"text-align: justify;\"><\/div>\n<ul>\n<li class=\"in-content col-1\" style=\"text-align: justify;\">Cuerpo forrado internamente en Tefzel puro.<\/li>\n<li class=\"in-content col-1\" style=\"text-align: justify;\">Dise\u00f1o exclusivo \u201cEasy Set Outer Drive\u201d, que facilita el montaje del im\u00e1n de tracci\u00f3n en el eje motriz. Adem\u00e1s, elimina cualquier error en el montaje y alineamiento entre ejes.<\/li>\n<li class=\"in-content col-1\" style=\"text-align: justify;\">\u00a0Impulsor e im\u00e1n, en dos piezas. Facilita el mantenimiento y costes futuros, ya que podemos cambiar el impulsor sin tener que cambiar completamente el im\u00e1n secundario.<\/li>\n<li class=\"in-content col-1\" style=\"text-align: justify;\">Dise\u00f1o sencillo, del soporte del eje cer\u00e1mico.<\/li>\n<li class=\"in-content col-1\" style=\"text-align: justify;\">Brida de motor IEC B5 , opcional con brida NEMA.<\/li>\n<li class=\"in-content col-1\" style=\"text-align: justify;\">Opcional con anillo en bronce, para el montaje de la bomba en zona ATEX.<\/li>\n<li class=\"in-content col-1\" style=\"text-align: justify;\">Exterior de la bomba en hierro d\u00factil, que permite unas mayores cargas de las tuber\u00edas.<\/li>\n<li class=\"in-content col-1\" style=\"text-align: justify;\">Dimensiones seg\u00fan normativa ANSI B73.1.<\/li>\n<li class=\"in-content col-1\" style=\"text-align: justify;\">Cuerpo de bombeo conc\u00e9ntrico, reduce la carga radial a trav\u00e9s de todo el flujo y mejora la fiabilidad.<\/li>\n<li class=\"in-content col-1\" style=\"text-align: justify;\">El dise\u00f1o con dos casquillos, reduce el estr\u00e9s en 1\/3.<\/li>\n<li class=\"in-content col-1\" style=\"text-align: justify;\">El montaje monobloc, facilita la alineaci\u00f3n y evita desgastes prematuros de los bujes por desalineaci\u00f3n. Los bujes est\u00e1n disponibles en grafito (con capacidad limitada de trabajo en seco), la opci\u00f3n en Carburo de Silicio o Sic Dri-Coat limita el giro en seco. Dependiendo del material, podemos llegar hasta 10 min de giro en seco.<\/li>\n<li class=\"in-content col-1\" style=\"text-align: justify;\">Se utiliza una capa muy fina tanto en los bujes (casquillos) como en el eje, esta fina capa ,dura como el diamante, es inerte al ataque qu\u00edmico, con un coeficiente de fricci\u00f3n muy bajo, ideal en aplicaciones para el giro en seco.<\/li>\n<li class=\"in-content col-1\" style=\"text-align: justify;\">Esta serie est\u00e1 limitada con el bombeo de s\u00f3lidos en suspensi\u00f3n.<\/li>\n<li class=\"in-content col-1\" style=\"text-align: justify;\">No se recomienda superar el 5 % de s\u00f3lidos, sobre el peso.<\/li>\n<li class=\"in-content col-1\" style=\"text-align: justify;\">El tama\u00f1o m\u00e1ximo recomendado ser\u00eda de 0,05 mm y 0,4 mm puntualmente.<\/li>\n<li class=\"in-content col-1\" style=\"text-align: justify;\">La dureza m\u00e1xima ser\u00eda de 80 HS (Shore Scleroscope Hardness).<\/li>\n<\/ul>\n<p>[\/vc_column_text][vc_empty_space][vc_btn title=\u00bbSOLICITUD DE INFORMACI\u00d3N T\u00c9CNICA\u00bb link=\u00bburl:https%3A%2F%2Fwww.raimaberfluidtech.com\/industrial%2Fsolicitud-informacion-tecnica%2F|title:Solicitud%20informaci%C3%B3n%20t%C3%A9cnica||\u00bb][\/vc_column][\/vc_row]<\/p>\n<\/div>","protected":false},"excerpt":{"rendered":"<p>[vc_row][vc_column width=\u00bb1\/2&#8243;][vc_media_grid element_width=\u00bb6&#8243; gap=\u00bb4&#8243; initial_loading_animation=\u00bbnone\u00bb grid_id=\u00bbvc_gid:1632308444689-2101580c-0cc9-1&#8243; include=\u00bb5736,5735,5734,4823,4824,4826,4828&#8243;][\/vc_column][vc_column width=\u00bb1\/2&#8243;][vc_custom_heading text=\u00bbBombas centr\u00edfugas &#8211; Serie Ultrachem\u00bb font_container=\u00bbtag:h2|font_size:18px|text_align:left|color:%23000000&#8243; use_theme_fonts=\u00bbyes\u00bb][vc_column_text]Las bombas centr\u00edfugas de la serie Ultrachem de Finish Thompson Inc., son bombas met\u00e1licas con el interior del cuerpo recubierto en teflon TEFZEL. Se fabrican seg\u00fan&#8230;<\/p>\n","protected":false},"author":1,"featured_media":0,"parent":364,"menu_order":4,"comment_status":"closed","ping_status":"closed","template":"page-sidebar.php","meta":{"footnotes":""},"class_list":["post-742","page","type-page","status-publish","hentry"],"yoast_head":"<!-- This site is optimized with the Yoast SEO plugin v24.3 - https:\/\/yoast.com\/wordpress\/plugins\/seo\/ -->\n<title>Bombas centr\u00edfugas Espa\u00f1a - serie Ultra-chem - Raimaber<\/title>\n<meta name=\"description\" content=\"Raimaber distribuye profesionalmente Bombas centr\u00edfugas en Espa\u00f1a. De gran calidad como las bombas de la serie Ultra-chem de Finish Thompson. Inf\u00f3rmate.\" \/>\n<meta name=\"robots\" content=\"index, follow, max-snippet:-1, max-image-preview:large, max-video-preview:-1\" \/>\n<link rel=\"canonical\" href=\"https:\/\/www.raimaberfluidtech.com\/industrial\/bombas-finish-thompson\/bombas-centrifugas-serie-ultra-chem\/\" \/>\n<meta property=\"og:locale\" content=\"es_ES\" \/>\n<meta property=\"og:type\" content=\"article\" \/>\n<meta property=\"og:title\" content=\"Bombas centr\u00edfugas Espa\u00f1a - serie Ultra-chem - Raimaber\" \/>\n<meta property=\"og:description\" content=\"Raimaber distribuye profesionalmente Bombas centr\u00edfugas en Espa\u00f1a. De gran calidad como las bombas de la serie Ultra-chem de Finish Thompson. Inf\u00f3rmate.\" \/>\n<meta property=\"og:url\" content=\"https:\/\/www.raimaberfluidtech.com\/industrial\/bombas-finish-thompson\/bombas-centrifugas-serie-ultra-chem\/\" \/>\n<meta property=\"og:site_name\" content=\"Raimaber Fluid Tech [Industrial]\" \/>\n<meta property=\"article:modified_time\" content=\"2021-09-22T11:15:33+00:00\" \/>\n<meta name=\"twitter:label1\" content=\"Tiempo de lectura\" \/>\n\t<meta name=\"twitter:data1\" content=\"2 minutos\" \/>\n<script type=\"application\/ld+json\" class=\"yoast-schema-graph\">{\"@context\":\"https:\/\/schema.org\",\"@graph\":[{\"@type\":\"WebPage\",\"@id\":\"https:\/\/www.raimaberfluidtech.com\/industrial\/bombas-finish-thompson\/bombas-centrifugas-serie-ultra-chem\/\",\"url\":\"https:\/\/www.raimaberfluidtech.com\/industrial\/bombas-finish-thompson\/bombas-centrifugas-serie-ultra-chem\/\",\"name\":\"Bombas centr\u00edfugas Espa\u00f1a - serie Ultra-chem - Raimaber\",\"isPartOf\":{\"@id\":\"https:\/\/www.raimaberfluidtech.com\/industrial\/#website\"},\"datePublished\":\"2012-12-12T11:46:30+00:00\",\"dateModified\":\"2021-09-22T11:15:33+00:00\",\"description\":\"Raimaber distribuye profesionalmente Bombas centr\u00edfugas en Espa\u00f1a. De gran calidad como las bombas de la serie Ultra-chem de Finish Thompson. Inf\u00f3rmate.\",\"breadcrumb\":{\"@id\":\"https:\/\/www.raimaberfluidtech.com\/industrial\/bombas-finish-thompson\/bombas-centrifugas-serie-ultra-chem\/#breadcrumb\"},\"inLanguage\":\"es\",\"potentialAction\":[{\"@type\":\"ReadAction\",\"target\":[\"https:\/\/www.raimaberfluidtech.com\/industrial\/bombas-finish-thompson\/bombas-centrifugas-serie-ultra-chem\/\"]}]},{\"@type\":\"BreadcrumbList\",\"@id\":\"https:\/\/www.raimaberfluidtech.com\/industrial\/bombas-finish-thompson\/bombas-centrifugas-serie-ultra-chem\/#breadcrumb\",\"itemListElement\":[{\"@type\":\"ListItem\",\"position\":1,\"name\":\"Home\",\"item\":\"https:\/\/www.raimaberfluidtech.com\/industrial\/\"},{\"@type\":\"ListItem\",\"position\":2,\"name\":\"FTI &#8211; Finish Thompson Inc\",\"item\":\"https:\/\/www.raimaberfluidtech.com\/industrial\/bombas-finish-thompson\/\"},{\"@type\":\"ListItem\",\"position\":3,\"name\":\"Bombas centr\u00edfugas &#8211; Serie Ultrachem\"}]},{\"@type\":\"WebSite\",\"@id\":\"https:\/\/www.raimaberfluidtech.com\/industrial\/#website\",\"url\":\"https:\/\/www.raimaberfluidtech.com\/industrial\/\",\"name\":\"Raimaber Fluid Tech [Industrial]\",\"description\":\"Bombas industriales\",\"publisher\":{\"@id\":\"https:\/\/www.raimaberfluidtech.com\/industrial\/#organization\"},\"potentialAction\":[{\"@type\":\"SearchAction\",\"target\":{\"@type\":\"EntryPoint\",\"urlTemplate\":\"https:\/\/www.raimaberfluidtech.com\/industrial\/?s={search_term_string}\"},\"query-input\":{\"@type\":\"PropertyValueSpecification\",\"valueRequired\":true,\"valueName\":\"search_term_string\"}}],\"inLanguage\":\"es\"},{\"@type\":\"Organization\",\"@id\":\"https:\/\/www.raimaberfluidtech.com\/industrial\/#organization\",\"name\":\"Raimaber Fluid Tech [Industrial]\",\"url\":\"https:\/\/www.raimaberfluidtech.com\/industrial\/\",\"logo\":{\"@type\":\"ImageObject\",\"inLanguage\":\"es\",\"@id\":\"https:\/\/www.raimaberfluidtech.com\/industrial\/#\/schema\/logo\/image\/\",\"url\":\"https:\/\/www.raimaberfluidtech.com\/industrial\/wp-content\/blogs.dir\/4\/files\/2012\/11\/raimaber.gif\",\"contentUrl\":\"https:\/\/www.raimaberfluidtech.com\/industrial\/wp-content\/blogs.dir\/4\/files\/2012\/11\/raimaber.gif\",\"width\":\"705\",\"height\":\"438\",\"caption\":\"Raimaber Fluid Tech [Industrial]\"},\"image\":{\"@id\":\"https:\/\/www.raimaberfluidtech.com\/industrial\/#\/schema\/logo\/image\/\"}}]}<\/script>\n<!-- \/ Yoast SEO plugin. -->","yoast_head_json":{"title":"Bombas centr\u00edfugas Espa\u00f1a - serie Ultra-chem - Raimaber","description":"Raimaber distribuye profesionalmente Bombas centr\u00edfugas en Espa\u00f1a. De gran calidad como las bombas de la serie Ultra-chem de Finish Thompson. Inf\u00f3rmate.","robots":{"index":"index","follow":"follow","max-snippet":"max-snippet:-1","max-image-preview":"max-image-preview:large","max-video-preview":"max-video-preview:-1"},"canonical":"https:\/\/www.raimaberfluidtech.com\/industrial\/bombas-finish-thompson\/bombas-centrifugas-serie-ultra-chem\/","og_locale":"es_ES","og_type":"article","og_title":"Bombas centr\u00edfugas Espa\u00f1a - serie Ultra-chem - Raimaber","og_description":"Raimaber distribuye profesionalmente Bombas centr\u00edfugas en Espa\u00f1a. De gran calidad como las bombas de la serie Ultra-chem de Finish Thompson. Inf\u00f3rmate.","og_url":"https:\/\/www.raimaberfluidtech.com\/industrial\/bombas-finish-thompson\/bombas-centrifugas-serie-ultra-chem\/","og_site_name":"Raimaber Fluid Tech [Industrial]","article_modified_time":"2021-09-22T11:15:33+00:00","twitter_misc":{"Tiempo de lectura":"2 minutos"},"schema":{"@context":"https:\/\/schema.org","@graph":[{"@type":"WebPage","@id":"https:\/\/www.raimaberfluidtech.com\/industrial\/bombas-finish-thompson\/bombas-centrifugas-serie-ultra-chem\/","url":"https:\/\/www.raimaberfluidtech.com\/industrial\/bombas-finish-thompson\/bombas-centrifugas-serie-ultra-chem\/","name":"Bombas centr\u00edfugas Espa\u00f1a - serie Ultra-chem - Raimaber","isPartOf":{"@id":"https:\/\/www.raimaberfluidtech.com\/industrial\/#website"},"datePublished":"2012-12-12T11:46:30+00:00","dateModified":"2021-09-22T11:15:33+00:00","description":"Raimaber distribuye profesionalmente Bombas centr\u00edfugas en Espa\u00f1a. De gran calidad como las bombas de la serie Ultra-chem de Finish Thompson. Inf\u00f3rmate.","breadcrumb":{"@id":"https:\/\/www.raimaberfluidtech.com\/industrial\/bombas-finish-thompson\/bombas-centrifugas-serie-ultra-chem\/#breadcrumb"},"inLanguage":"es","potentialAction":[{"@type":"ReadAction","target":["https:\/\/www.raimaberfluidtech.com\/industrial\/bombas-finish-thompson\/bombas-centrifugas-serie-ultra-chem\/"]}]},{"@type":"BreadcrumbList","@id":"https:\/\/www.raimaberfluidtech.com\/industrial\/bombas-finish-thompson\/bombas-centrifugas-serie-ultra-chem\/#breadcrumb","itemListElement":[{"@type":"ListItem","position":1,"name":"Home","item":"https:\/\/www.raimaberfluidtech.com\/industrial\/"},{"@type":"ListItem","position":2,"name":"FTI &#8211; Finish Thompson Inc","item":"https:\/\/www.raimaberfluidtech.com\/industrial\/bombas-finish-thompson\/"},{"@type":"ListItem","position":3,"name":"Bombas centr\u00edfugas &#8211; Serie Ultrachem"}]},{"@type":"WebSite","@id":"https:\/\/www.raimaberfluidtech.com\/industrial\/#website","url":"https:\/\/www.raimaberfluidtech.com\/industrial\/","name":"Raimaber Fluid Tech [Industrial]","description":"Bombas industriales","publisher":{"@id":"https:\/\/www.raimaberfluidtech.com\/industrial\/#organization"},"potentialAction":[{"@type":"SearchAction","target":{"@type":"EntryPoint","urlTemplate":"https:\/\/www.raimaberfluidtech.com\/industrial\/?s={search_term_string}"},"query-input":{"@type":"PropertyValueSpecification","valueRequired":true,"valueName":"search_term_string"}}],"inLanguage":"es"},{"@type":"Organization","@id":"https:\/\/www.raimaberfluidtech.com\/industrial\/#organization","name":"Raimaber Fluid Tech [Industrial]","url":"https:\/\/www.raimaberfluidtech.com\/industrial\/","logo":{"@type":"ImageObject","inLanguage":"es","@id":"https:\/\/www.raimaberfluidtech.com\/industrial\/#\/schema\/logo\/image\/","url":"https:\/\/www.raimaberfluidtech.com\/industrial\/wp-content\/blogs.dir\/4\/files\/2012\/11\/raimaber.gif","contentUrl":"https:\/\/www.raimaberfluidtech.com\/industrial\/wp-content\/blogs.dir\/4\/files\/2012\/11\/raimaber.gif","width":"705","height":"438","caption":"Raimaber Fluid Tech [Industrial]"},"image":{"@id":"https:\/\/www.raimaberfluidtech.com\/industrial\/#\/schema\/logo\/image\/"}}]}},"_links":{"self":[{"href":"https:\/\/www.raimaberfluidtech.com\/industrial\/wp-json\/wp\/v2\/pages\/742","targetHints":{"allow":["GET"]}}],"collection":[{"href":"https:\/\/www.raimaberfluidtech.com\/industrial\/wp-json\/wp\/v2\/pages"}],"about":[{"href":"https:\/\/www.raimaberfluidtech.com\/industrial\/wp-json\/wp\/v2\/types\/page"}],"author":[{"embeddable":true,"href":"https:\/\/www.raimaberfluidtech.com\/industrial\/wp-json\/wp\/v2\/users\/1"}],"replies":[{"embeddable":true,"href":"https:\/\/www.raimaberfluidtech.com\/industrial\/wp-json\/wp\/v2\/comments?post=742"}],"version-history":[{"count":30,"href":"https:\/\/www.raimaberfluidtech.com\/industrial\/wp-json\/wp\/v2\/pages\/742\/revisions"}],"predecessor-version":[{"id":7616,"href":"https:\/\/www.raimaberfluidtech.com\/industrial\/wp-json\/wp\/v2\/pages\/742\/revisions\/7616"}],"up":[{"embeddable":true,"href":"https:\/\/www.raimaberfluidtech.com\/industrial\/wp-json\/wp\/v2\/pages\/364"}],"wp:attachment":[{"href":"https:\/\/www.raimaberfluidtech.com\/industrial\/wp-json\/wp\/v2\/media?parent=742"}],"curies":[{"name":"wp","href":"https:\/\/api.w.org\/{rel}","templated":true}]}}