{"id":7308,"date":"2021-06-16T14:14:13","date_gmt":"2021-06-16T14:14:13","guid":{"rendered":"https:\/\/www.raimaberfluidtech.com\/industrial\/?page_id=7308"},"modified":"2025-02-12T09:39:30","modified_gmt":"2025-02-12T09:39:30","slug":"arrow-pumps-m100-p51-m100-89","status":"publish","type":"page","link":"https:\/\/www.raimaberfluidtech.com\/industrial\/arrow-pumps\/m100-p51-m100-89\/","title":{"rendered":"M100\/P51 \u2013 M100\/P89"},"content":{"rendered":"<div class=\"wpb-content-wrapper\"><p>[vc_row][vc_column width=\u00bb1\/2&#8243;][vc_media_grid element_width=\u00bb6&#8243; gap=\u00bb4&#8243; grid_id=\u00bbvc_gid:1739353147717-097da4ad-f903-1&#8243; include=\u00bb14108&#8243;][\/vc_column][vc_column width=\u00bb1\/2&#8243;][vc_custom_heading text=\u00bbM100\/P51 \u2013 M100\/P89&#8243; font_container=\u00bbtag:h2|font_size:18px|text_align:left|color:%23000000&#8243; use_theme_fonts=\u00bbyes\u00bb][vc_column_text]Est\u00e1 equipada con un motor neum\u00e1tico alternativo muy robusto con un sistema de distribuci\u00f3n de aire de \u00abcaj\u00f3n\u00bb de inversi\u00f3n mec\u00e1nica de alta precisi\u00f3n y fiabilidad.<\/p>\n<p>Es posible variar el caudal de la bomba de pist\u00f3n neum\u00e1tica con buena precisi\u00f3n ajustando el suministro de aire con la v\u00e1lvula de aguja.<\/p>\n<p>Este modelo es adecuado para productos de viscosidad media-alta cuando se requieren caudales de hasta 1200 \u00a0o 3000 l \/ h o para requisitos de alto rendimiento de carga.<\/p>\n<p>Tambi\u00e9n puede funcionar como bomba qu\u00edmica, ya que admite el montaje de filtros qu\u00edmicos adecuados, ya que la presi\u00f3n de impulsi\u00f3n puede llegar hasta aproximadamente 9 bar (135 psi).<\/p>\n<p>Esta bomba vertical es del tipo \u00abdivorciada\u00bb, es decir, el pist\u00f3n de bombeo P89 se puede desmontar f\u00e1cilmente para su limpieza; con un pist\u00f3n de repuesto limpio, existe la gran ventaja de reducir el tiempo de inactividad de la producci\u00f3n a unos pocos minutos.<\/p>\n<p>&nbsp;<\/p>\n<p><strong>Aplicaciones t\u00edpicas:<\/strong><\/p>\n<ul>\n<li>Plastisoles y organosoles de PVC<\/li>\n<li>Poliuretanos<\/li>\n<li>resinas acr\u00edlicas o vin\u00edlicas tanto en disolvente como en emulsi\u00f3n acuosa<\/li>\n<li>caucho en soluci\u00f3n<\/li>\n<li>Adhesivos y colas de cualquier tipo y naturaleza qu\u00edmica, incluso muy viscosos<\/li>\n<li>Resinas fen\u00f3licas<\/li>\n<li>Tintas, lacas, barnices y colores tambi\u00e9n en pasta, para pel\u00edculas de impresi\u00f3n, papel y tejidos<\/li>\n<li>Ap\u00f3sitos de cualquier tipo y naturaleza para la industria textil, curtidora y papelera<\/li>\n<li>Disolventes de cualquier tipo, incluso muy agresivos.<\/li>\n<li>Petroqu\u00edmicos, aceites, grasas y siliconas<\/li>\n<li>Intermedios l\u00edquidos y viscosos utilizados en la producci\u00f3n de cosm\u00e9ticos y productos para el cuidado corporal.<\/li>\n<li>Detergentes, emulsiones, jabones, ceras, suavizantes y sus componentes de preparaci\u00f3n<\/li>\n<li>Grasas, melazas, aceites y otros compuestos l\u00edquidos o pastosos que se utilizan en la industria alimentaria.<\/li>\n<\/ul>\n<p>[\/vc_column_text][vc_empty_space][vc_btn title=\u00bbSOLICITUD DE INFORMACI\u00d3N T\u00c9CNICA\u00bb css=\u00bb.vc_custom_1632303364712{margin-bottom: 0px !important;}\u00bb link=\u00bburl:https%3A%2F%2Fwww.raimaberfluidtech.com\/industrial%2Fsolicitud-informacion-tecnica%2F|title:Solicitud%20informaci%C3%B3n%20t%C3%A9cnica||\u00bb][\/vc_column][\/vc_row]<\/p>\n<\/div>","protected":false},"excerpt":{"rendered":"<p>[vc_row][vc_column width=\u00bb1\/2&#8243;][vc_media_grid element_width=\u00bb6&#8243; gap=\u00bb4&#8243; grid_id=\u00bbvc_gid:1739353147717-097da4ad-f903-1&#8243; include=\u00bb14108&#8243;][\/vc_column][vc_column width=\u00bb1\/2&#8243;][vc_custom_heading text=\u00bbM100\/P51 \u2013 M100\/P89&#8243; font_container=\u00bbtag:h2|font_size:18px|text_align:left|color:%23000000&#8243; use_theme_fonts=\u00bbyes\u00bb][vc_column_text]Est\u00e1 equipada con un motor neum\u00e1tico alternativo muy robusto con un sistema de distribuci\u00f3n de aire de \u00abcaj\u00f3n\u00bb de inversi\u00f3n mec\u00e1nica de alta precisi\u00f3n y fiabilidad. Es posible variar&#8230;<\/p>\n","protected":false},"author":1,"featured_media":0,"parent":7303,"menu_order":0,"comment_status":"closed","ping_status":"closed","template":"page-sidebar.php","meta":{"footnotes":""},"class_list":["post-7308","page","type-page","status-publish","hentry"],"yoast_head":"<!-- This site is optimized with the Yoast SEO plugin v24.3 - https:\/\/yoast.com\/wordpress\/plugins\/seo\/ -->\n<title>Arrow Pumps: M100\/P51 \u2013 M100\/P89 - Raimaber Fluid Tech [Industrial]<\/title>\n<meta name=\"description\" content=\"Secci\u00f3n de Arrow Pumps: M100\/P51 \u2013 M100\/P89 en Raimaber Fluid Tech [Industrial]. Contacte y le informamos.\" \/>\n<meta name=\"robots\" content=\"index, follow, max-snippet:-1, max-image-preview:large, max-video-preview:-1\" \/>\n<link rel=\"canonical\" href=\"https:\/\/www.raimaberfluidtech.com\/industrial\/arrow-pumps\/m100-p51-m100-89\/\" \/>\n<meta property=\"og:locale\" content=\"es_ES\" \/>\n<meta property=\"og:type\" content=\"article\" \/>\n<meta property=\"og:title\" content=\"Arrow Pumps: M100\/P51 \u2013 M100\/P89 - Raimaber Fluid Tech [Industrial]\" \/>\n<meta property=\"og:description\" content=\"Secci\u00f3n de Arrow Pumps: M100\/P51 \u2013 M100\/P89 en Raimaber Fluid Tech [Industrial]. Contacte y le informamos.\" \/>\n<meta property=\"og:url\" content=\"https:\/\/www.raimaberfluidtech.com\/industrial\/arrow-pumps\/m100-p51-m100-89\/\" \/>\n<meta property=\"og:site_name\" content=\"Raimaber Fluid Tech [Industrial]\" \/>\n<meta property=\"article:modified_time\" content=\"2025-02-12T09:39:30+00:00\" \/>\n<meta name=\"twitter:label1\" content=\"Tiempo de lectura\" \/>\n\t<meta name=\"twitter:data1\" content=\"2 minutos\" \/>\n<script type=\"application\/ld+json\" class=\"yoast-schema-graph\">{\"@context\":\"https:\/\/schema.org\",\"@graph\":[{\"@type\":\"WebPage\",\"@id\":\"https:\/\/www.raimaberfluidtech.com\/industrial\/arrow-pumps\/m100-p51-m100-89\/\",\"url\":\"https:\/\/www.raimaberfluidtech.com\/industrial\/arrow-pumps\/m100-p51-m100-89\/\",\"name\":\"Arrow Pumps: M100\/P51 \u2013 M100\/P89 - Raimaber Fluid Tech [Industrial]\",\"isPartOf\":{\"@id\":\"https:\/\/www.raimaberfluidtech.com\/industrial\/#website\"},\"datePublished\":\"2021-06-16T14:14:13+00:00\",\"dateModified\":\"2025-02-12T09:39:30+00:00\",\"description\":\"Secci\u00f3n de Arrow Pumps: M100\/P51 \u2013 M100\/P89 en Raimaber Fluid Tech [Industrial]. Contacte y le informamos.\",\"breadcrumb\":{\"@id\":\"https:\/\/www.raimaberfluidtech.com\/industrial\/arrow-pumps\/m100-p51-m100-89\/#breadcrumb\"},\"inLanguage\":\"es\",\"potentialAction\":[{\"@type\":\"ReadAction\",\"target\":[\"https:\/\/www.raimaberfluidtech.com\/industrial\/arrow-pumps\/m100-p51-m100-89\/\"]}]},{\"@type\":\"BreadcrumbList\",\"@id\":\"https:\/\/www.raimaberfluidtech.com\/industrial\/arrow-pumps\/m100-p51-m100-89\/#breadcrumb\",\"itemListElement\":[{\"@type\":\"ListItem\",\"position\":1,\"name\":\"Home\",\"item\":\"https:\/\/www.raimaberfluidtech.com\/industrial\/\"},{\"@type\":\"ListItem\",\"position\":2,\"name\":\"Arrow Pumps\",\"item\":\"https:\/\/www.raimaberfluidtech.com\/industrial\/arrow-pumps\/\"},{\"@type\":\"ListItem\",\"position\":3,\"name\":\"M100\/P51 \u2013 M100\/P89\"}]},{\"@type\":\"WebSite\",\"@id\":\"https:\/\/www.raimaberfluidtech.com\/industrial\/#website\",\"url\":\"https:\/\/www.raimaberfluidtech.com\/industrial\/\",\"name\":\"Raimaber Fluid Tech [Industrial]\",\"description\":\"Bombas industriales\",\"publisher\":{\"@id\":\"https:\/\/www.raimaberfluidtech.com\/industrial\/#organization\"},\"potentialAction\":[{\"@type\":\"SearchAction\",\"target\":{\"@type\":\"EntryPoint\",\"urlTemplate\":\"https:\/\/www.raimaberfluidtech.com\/industrial\/?s={search_term_string}\"},\"query-input\":{\"@type\":\"PropertyValueSpecification\",\"valueRequired\":true,\"valueName\":\"search_term_string\"}}],\"inLanguage\":\"es\"},{\"@type\":\"Organization\",\"@id\":\"https:\/\/www.raimaberfluidtech.com\/industrial\/#organization\",\"name\":\"Raimaber Fluid Tech [Industrial]\",\"url\":\"https:\/\/www.raimaberfluidtech.com\/industrial\/\",\"logo\":{\"@type\":\"ImageObject\",\"inLanguage\":\"es\",\"@id\":\"https:\/\/www.raimaberfluidtech.com\/industrial\/#\/schema\/logo\/image\/\",\"url\":\"https:\/\/www.raimaberfluidtech.com\/industrial\/wp-content\/blogs.dir\/4\/files\/2012\/11\/raimaber.gif\",\"contentUrl\":\"https:\/\/www.raimaberfluidtech.com\/industrial\/wp-content\/blogs.dir\/4\/files\/2012\/11\/raimaber.gif\",\"width\":\"705\",\"height\":\"438\",\"caption\":\"Raimaber Fluid Tech [Industrial]\"},\"image\":{\"@id\":\"https:\/\/www.raimaberfluidtech.com\/industrial\/#\/schema\/logo\/image\/\"}}]}<\/script>\n<!-- \/ Yoast SEO plugin. -->","yoast_head_json":{"title":"Arrow Pumps: M100\/P51 \u2013 M100\/P89 - Raimaber Fluid Tech [Industrial]","description":"Secci\u00f3n de Arrow Pumps: M100\/P51 \u2013 M100\/P89 en Raimaber Fluid Tech [Industrial]. Contacte y le informamos.","robots":{"index":"index","follow":"follow","max-snippet":"max-snippet:-1","max-image-preview":"max-image-preview:large","max-video-preview":"max-video-preview:-1"},"canonical":"https:\/\/www.raimaberfluidtech.com\/industrial\/arrow-pumps\/m100-p51-m100-89\/","og_locale":"es_ES","og_type":"article","og_title":"Arrow Pumps: M100\/P51 \u2013 M100\/P89 - Raimaber Fluid Tech [Industrial]","og_description":"Secci\u00f3n de Arrow Pumps: M100\/P51 \u2013 M100\/P89 en Raimaber Fluid Tech [Industrial]. Contacte y le informamos.","og_url":"https:\/\/www.raimaberfluidtech.com\/industrial\/arrow-pumps\/m100-p51-m100-89\/","og_site_name":"Raimaber Fluid Tech [Industrial]","article_modified_time":"2025-02-12T09:39:30+00:00","twitter_misc":{"Tiempo de lectura":"2 minutos"},"schema":{"@context":"https:\/\/schema.org","@graph":[{"@type":"WebPage","@id":"https:\/\/www.raimaberfluidtech.com\/industrial\/arrow-pumps\/m100-p51-m100-89\/","url":"https:\/\/www.raimaberfluidtech.com\/industrial\/arrow-pumps\/m100-p51-m100-89\/","name":"Arrow Pumps: M100\/P51 \u2013 M100\/P89 - Raimaber Fluid Tech [Industrial]","isPartOf":{"@id":"https:\/\/www.raimaberfluidtech.com\/industrial\/#website"},"datePublished":"2021-06-16T14:14:13+00:00","dateModified":"2025-02-12T09:39:30+00:00","description":"Secci\u00f3n de Arrow Pumps: M100\/P51 \u2013 M100\/P89 en Raimaber Fluid Tech [Industrial]. Contacte y le informamos.","breadcrumb":{"@id":"https:\/\/www.raimaberfluidtech.com\/industrial\/arrow-pumps\/m100-p51-m100-89\/#breadcrumb"},"inLanguage":"es","potentialAction":[{"@type":"ReadAction","target":["https:\/\/www.raimaberfluidtech.com\/industrial\/arrow-pumps\/m100-p51-m100-89\/"]}]},{"@type":"BreadcrumbList","@id":"https:\/\/www.raimaberfluidtech.com\/industrial\/arrow-pumps\/m100-p51-m100-89\/#breadcrumb","itemListElement":[{"@type":"ListItem","position":1,"name":"Home","item":"https:\/\/www.raimaberfluidtech.com\/industrial\/"},{"@type":"ListItem","position":2,"name":"Arrow Pumps","item":"https:\/\/www.raimaberfluidtech.com\/industrial\/arrow-pumps\/"},{"@type":"ListItem","position":3,"name":"M100\/P51 \u2013 M100\/P89"}]},{"@type":"WebSite","@id":"https:\/\/www.raimaberfluidtech.com\/industrial\/#website","url":"https:\/\/www.raimaberfluidtech.com\/industrial\/","name":"Raimaber Fluid Tech [Industrial]","description":"Bombas industriales","publisher":{"@id":"https:\/\/www.raimaberfluidtech.com\/industrial\/#organization"},"potentialAction":[{"@type":"SearchAction","target":{"@type":"EntryPoint","urlTemplate":"https:\/\/www.raimaberfluidtech.com\/industrial\/?s={search_term_string}"},"query-input":{"@type":"PropertyValueSpecification","valueRequired":true,"valueName":"search_term_string"}}],"inLanguage":"es"},{"@type":"Organization","@id":"https:\/\/www.raimaberfluidtech.com\/industrial\/#organization","name":"Raimaber Fluid Tech [Industrial]","url":"https:\/\/www.raimaberfluidtech.com\/industrial\/","logo":{"@type":"ImageObject","inLanguage":"es","@id":"https:\/\/www.raimaberfluidtech.com\/industrial\/#\/schema\/logo\/image\/","url":"https:\/\/www.raimaberfluidtech.com\/industrial\/wp-content\/blogs.dir\/4\/files\/2012\/11\/raimaber.gif","contentUrl":"https:\/\/www.raimaberfluidtech.com\/industrial\/wp-content\/blogs.dir\/4\/files\/2012\/11\/raimaber.gif","width":"705","height":"438","caption":"Raimaber Fluid Tech [Industrial]"},"image":{"@id":"https:\/\/www.raimaberfluidtech.com\/industrial\/#\/schema\/logo\/image\/"}}]}},"_links":{"self":[{"href":"https:\/\/www.raimaberfluidtech.com\/industrial\/wp-json\/wp\/v2\/pages\/7308","targetHints":{"allow":["GET"]}}],"collection":[{"href":"https:\/\/www.raimaberfluidtech.com\/industrial\/wp-json\/wp\/v2\/pages"}],"about":[{"href":"https:\/\/www.raimaberfluidtech.com\/industrial\/wp-json\/wp\/v2\/types\/page"}],"author":[{"embeddable":true,"href":"https:\/\/www.raimaberfluidtech.com\/industrial\/wp-json\/wp\/v2\/users\/1"}],"replies":[{"embeddable":true,"href":"https:\/\/www.raimaberfluidtech.com\/industrial\/wp-json\/wp\/v2\/comments?post=7308"}],"version-history":[{"count":10,"href":"https:\/\/www.raimaberfluidtech.com\/industrial\/wp-json\/wp\/v2\/pages\/7308\/revisions"}],"predecessor-version":[{"id":14116,"href":"https:\/\/www.raimaberfluidtech.com\/industrial\/wp-json\/wp\/v2\/pages\/7308\/revisions\/14116"}],"up":[{"embeddable":true,"href":"https:\/\/www.raimaberfluidtech.com\/industrial\/wp-json\/wp\/v2\/pages\/7303"}],"wp:attachment":[{"href":"https:\/\/www.raimaberfluidtech.com\/industrial\/wp-json\/wp\/v2\/media?parent=7308"}],"curies":[{"name":"wp","href":"https:\/\/api.w.org\/{rel}","templated":true}]}}