{"id":7307,"date":"2021-06-16T14:13:22","date_gmt":"2021-06-16T14:13:22","guid":{"rendered":"https:\/\/www.raimaberfluidtech.com\/industrial\/?page_id=7307"},"modified":"2025-02-12T09:17:17","modified_gmt":"2025-02-12T09:17:17","slug":"m70-p51-m70-51-s","status":"publish","type":"page","link":"https:\/\/www.raimaberfluidtech.com\/industrial\/arrow-pumps\/m70-p51-m70-p51s\/","title":{"rendered":"M70\/P51 \u2013 M70\/51-S"},"content":{"rendered":"<div class=\"wpb-content-wrapper\"><p>[vc_row][vc_column width=\u00bb1\/2&#8243;][vc_media_grid element_width=\u00bb6&#8243; gap=\u00bb4&#8243; grid_id=\u00bbvc_gid:1739351822649-4aae1b88-d901-8&#8243; include=\u00bb14095&#8243;][\/vc_column][vc_column width=\u00bb1\/2&#8243;][vc_custom_heading text=\u00bbM70\/P51 \u2013 M70\/51-S\u00bb font_container=\u00bbtag:h2|font_size:18px|text_align:left|color:%23000000&#8243; use_theme_fonts=\u00bbyes\u00bb][vc_column_text]Tiene una relaci\u00f3n de compresi\u00f3n (motor: pist\u00f3n de bombeo) de 2: 1 por lo que es capaz de bombear productos de viscosidad media-alta con buen caudal.<\/p>\n<p>Es una bomba neum\u00e1tica econ\u00f3mica, pero a la vez pr\u00e1ctica y vers\u00e1til.<\/p>\n<p>Adecuado para disolventes, pinturas, pol\u00edmeros en soluci\u00f3n o en emulsi\u00f3n acuosa de viscosidad baja y media, hasta 20.000 \/ 30.000 CPS (medida de viscosidad realizada con la aguja 5 del viscos\u00edmetro Brookfield).<\/p>\n<p>Pesa solo 8 kg. Puede introducirse en bidones cerrados con orificio con rosca gas de 2 \u2033<\/p>\n<p>Caudal variable le permite ajustar el caudal de la propia bomba ajustando el suministro de aire con la v\u00e1lvula de aguja.<\/p>\n<p>La bomba tambi\u00e9n se puede suministrar de serie con el tubo S (corto).<\/p>\n<p>Tubo, es principalmente de acero inoxidable. Los sellos est\u00e1n hechos de PTFE virgen de alta calidad. La parte superior del cuerpo del motor es de acero inoxidable, aluminio especial y lat\u00f3n.<\/p>\n<p>&nbsp;<\/p>\n<p><strong>Aplicaciones t\u00edpicas:<\/strong><\/p>\n<ul>\n<li>Plastisoles y organosoles de PVC<\/li>\n<li>Poliuretanos<\/li>\n<li>resinas acr\u00edlicas o vin\u00edlicas tanto en disolvente como en emulsi\u00f3n acuosa<\/li>\n<li>caucho en soluci\u00f3n<\/li>\n<li>Adhesivos y colas de cualquier tipo y naturaleza qu\u00edmica, incluso muy viscosos<\/li>\n<li>Resinas fen\u00f3licas<\/li>\n<li>Tintas, lacas, barnices y colores tambi\u00e9n en pasta, para pel\u00edculas de impresi\u00f3n, papel y tejidos<\/li>\n<li>Ap\u00f3sitos de cualquier tipo y naturaleza para la industria textil, curtidora y papelera<\/li>\n<li>Disolventes de cualquier tipo, incluso muy agresivos.<\/li>\n<li>Petroqu\u00edmicos, aceites, grasas y siliconas<\/li>\n<li>Intermedios l\u00edquidos y viscosos utilizados en la producci\u00f3n de cosm\u00e9ticos y productos para el cuidado corporal.<\/li>\n<li>Detergentes, emulsiones, jabones, ceras, suavizantes y sus componentes de preparaci\u00f3n<\/li>\n<li>Grasas, melazas, aceites y otros compuestos l\u00edquidos o pastosos que se utilizan en la industria alimentaria.<\/li>\n<\/ul>\n<p>[\/vc_column_text][vc_empty_space][vc_btn title=\u00bbSOLICITUD DE INFORMACI\u00d3N T\u00c9CNICA\u00bb css=\u00bb.vc_custom_1632303723249{margin-bottom: 0px !important;}\u00bb link=\u00bburl:https%3A%2F%2Fwww.raimaberfluidtech.com\/industrial%2Fsolicitud-informacion-tecnica%2F|title:Solicitud%20informaci%C3%B3n%20t%C3%A9cnica||\u00bb][\/vc_column][\/vc_row]<\/p>\n<\/div>","protected":false},"excerpt":{"rendered":"<p>[vc_row][vc_column width=\u00bb1\/2&#8243;][vc_media_grid element_width=\u00bb6&#8243; gap=\u00bb4&#8243; grid_id=\u00bbvc_gid:1739351822649-4aae1b88-d901-8&#8243; include=\u00bb14095&#8243;][\/vc_column][vc_column width=\u00bb1\/2&#8243;][vc_custom_heading text=\u00bbM70\/P51 \u2013 M70\/51-S\u00bb font_container=\u00bbtag:h2|font_size:18px|text_align:left|color:%23000000&#8243; use_theme_fonts=\u00bbyes\u00bb][vc_column_text]Tiene una relaci\u00f3n de compresi\u00f3n (motor: pist\u00f3n de bombeo) de 2: 1 por lo que es capaz de bombear productos de viscosidad media-alta con buen caudal. Es una bomba&#8230;<\/p>\n","protected":false},"author":1,"featured_media":0,"parent":7303,"menu_order":0,"comment_status":"closed","ping_status":"closed","template":"page-sidebar.php","meta":{"footnotes":""},"class_list":["post-7307","page","type-page","status-publish","hentry"],"yoast_head":"<!-- This site is optimized with the Yoast SEO plugin v24.3 - https:\/\/yoast.com\/wordpress\/plugins\/seo\/ -->\n<title>Arrow Pumps: M70\/P51 \u2013 M70\/51-S - Raimaber Fluid Tech [Industrial]<\/title>\n<meta name=\"description\" content=\"Secci\u00f3n de Arrow Pumps: M70\/P51 \u2013 M70\/51-S en Raimaber Fluid Tech [Industrial]. Contacte y le informamos.\" \/>\n<meta name=\"robots\" content=\"index, follow, max-snippet:-1, max-image-preview:large, max-video-preview:-1\" \/>\n<link rel=\"canonical\" href=\"https:\/\/www.raimaberfluidtech.com\/industrial\/arrow-pumps\/m70-p51-m70-p51s\/\" \/>\n<meta property=\"og:locale\" content=\"es_ES\" \/>\n<meta property=\"og:type\" content=\"article\" \/>\n<meta property=\"og:title\" content=\"Arrow Pumps: M70\/P51 \u2013 M70\/51-S - Raimaber Fluid Tech [Industrial]\" \/>\n<meta property=\"og:description\" content=\"Secci\u00f3n de Arrow Pumps: M70\/P51 \u2013 M70\/51-S en Raimaber Fluid Tech [Industrial]. Contacte y le informamos.\" \/>\n<meta property=\"og:url\" content=\"https:\/\/www.raimaberfluidtech.com\/industrial\/arrow-pumps\/m70-p51-m70-p51s\/\" \/>\n<meta property=\"og:site_name\" content=\"Raimaber Fluid Tech [Industrial]\" \/>\n<meta property=\"article:modified_time\" content=\"2025-02-12T09:17:17+00:00\" \/>\n<meta name=\"twitter:label1\" content=\"Tiempo de lectura\" \/>\n\t<meta name=\"twitter:data1\" content=\"2 minutos\" \/>\n<script type=\"application\/ld+json\" class=\"yoast-schema-graph\">{\"@context\":\"https:\/\/schema.org\",\"@graph\":[{\"@type\":\"WebPage\",\"@id\":\"https:\/\/www.raimaberfluidtech.com\/industrial\/arrow-pumps\/m70-p51-m70-p51s\/\",\"url\":\"https:\/\/www.raimaberfluidtech.com\/industrial\/arrow-pumps\/m70-p51-m70-p51s\/\",\"name\":\"Arrow Pumps: M70\/P51 \u2013 M70\/51-S - Raimaber Fluid Tech [Industrial]\",\"isPartOf\":{\"@id\":\"https:\/\/www.raimaberfluidtech.com\/industrial\/#website\"},\"datePublished\":\"2021-06-16T14:13:22+00:00\",\"dateModified\":\"2025-02-12T09:17:17+00:00\",\"description\":\"Secci\u00f3n de Arrow Pumps: M70\/P51 \u2013 M70\/51-S en Raimaber Fluid Tech [Industrial]. Contacte y le informamos.\",\"breadcrumb\":{\"@id\":\"https:\/\/www.raimaberfluidtech.com\/industrial\/arrow-pumps\/m70-p51-m70-p51s\/#breadcrumb\"},\"inLanguage\":\"es\",\"potentialAction\":[{\"@type\":\"ReadAction\",\"target\":[\"https:\/\/www.raimaberfluidtech.com\/industrial\/arrow-pumps\/m70-p51-m70-p51s\/\"]}]},{\"@type\":\"BreadcrumbList\",\"@id\":\"https:\/\/www.raimaberfluidtech.com\/industrial\/arrow-pumps\/m70-p51-m70-p51s\/#breadcrumb\",\"itemListElement\":[{\"@type\":\"ListItem\",\"position\":1,\"name\":\"Home\",\"item\":\"https:\/\/www.raimaberfluidtech.com\/industrial\/\"},{\"@type\":\"ListItem\",\"position\":2,\"name\":\"Arrow Pumps\",\"item\":\"https:\/\/www.raimaberfluidtech.com\/industrial\/arrow-pumps\/\"},{\"@type\":\"ListItem\",\"position\":3,\"name\":\"M70\/P51 \u2013 M70\/51-S\"}]},{\"@type\":\"WebSite\",\"@id\":\"https:\/\/www.raimaberfluidtech.com\/industrial\/#website\",\"url\":\"https:\/\/www.raimaberfluidtech.com\/industrial\/\",\"name\":\"Raimaber Fluid Tech [Industrial]\",\"description\":\"Bombas industriales\",\"publisher\":{\"@id\":\"https:\/\/www.raimaberfluidtech.com\/industrial\/#organization\"},\"potentialAction\":[{\"@type\":\"SearchAction\",\"target\":{\"@type\":\"EntryPoint\",\"urlTemplate\":\"https:\/\/www.raimaberfluidtech.com\/industrial\/?s={search_term_string}\"},\"query-input\":{\"@type\":\"PropertyValueSpecification\",\"valueRequired\":true,\"valueName\":\"search_term_string\"}}],\"inLanguage\":\"es\"},{\"@type\":\"Organization\",\"@id\":\"https:\/\/www.raimaberfluidtech.com\/industrial\/#organization\",\"name\":\"Raimaber Fluid Tech [Industrial]\",\"url\":\"https:\/\/www.raimaberfluidtech.com\/industrial\/\",\"logo\":{\"@type\":\"ImageObject\",\"inLanguage\":\"es\",\"@id\":\"https:\/\/www.raimaberfluidtech.com\/industrial\/#\/schema\/logo\/image\/\",\"url\":\"https:\/\/www.raimaberfluidtech.com\/industrial\/wp-content\/blogs.dir\/4\/files\/2012\/11\/raimaber.gif\",\"contentUrl\":\"https:\/\/www.raimaberfluidtech.com\/industrial\/wp-content\/blogs.dir\/4\/files\/2012\/11\/raimaber.gif\",\"width\":\"705\",\"height\":\"438\",\"caption\":\"Raimaber Fluid Tech [Industrial]\"},\"image\":{\"@id\":\"https:\/\/www.raimaberfluidtech.com\/industrial\/#\/schema\/logo\/image\/\"}}]}<\/script>\n<!-- \/ Yoast SEO plugin. -->","yoast_head_json":{"title":"Arrow Pumps: M70\/P51 \u2013 M70\/51-S - Raimaber Fluid Tech [Industrial]","description":"Secci\u00f3n de Arrow Pumps: M70\/P51 \u2013 M70\/51-S en Raimaber Fluid Tech [Industrial]. Contacte y le informamos.","robots":{"index":"index","follow":"follow","max-snippet":"max-snippet:-1","max-image-preview":"max-image-preview:large","max-video-preview":"max-video-preview:-1"},"canonical":"https:\/\/www.raimaberfluidtech.com\/industrial\/arrow-pumps\/m70-p51-m70-p51s\/","og_locale":"es_ES","og_type":"article","og_title":"Arrow Pumps: M70\/P51 \u2013 M70\/51-S - Raimaber Fluid Tech [Industrial]","og_description":"Secci\u00f3n de Arrow Pumps: M70\/P51 \u2013 M70\/51-S en Raimaber Fluid Tech [Industrial]. Contacte y le informamos.","og_url":"https:\/\/www.raimaberfluidtech.com\/industrial\/arrow-pumps\/m70-p51-m70-p51s\/","og_site_name":"Raimaber Fluid Tech [Industrial]","article_modified_time":"2025-02-12T09:17:17+00:00","twitter_misc":{"Tiempo de lectura":"2 minutos"},"schema":{"@context":"https:\/\/schema.org","@graph":[{"@type":"WebPage","@id":"https:\/\/www.raimaberfluidtech.com\/industrial\/arrow-pumps\/m70-p51-m70-p51s\/","url":"https:\/\/www.raimaberfluidtech.com\/industrial\/arrow-pumps\/m70-p51-m70-p51s\/","name":"Arrow Pumps: M70\/P51 \u2013 M70\/51-S - Raimaber Fluid Tech [Industrial]","isPartOf":{"@id":"https:\/\/www.raimaberfluidtech.com\/industrial\/#website"},"datePublished":"2021-06-16T14:13:22+00:00","dateModified":"2025-02-12T09:17:17+00:00","description":"Secci\u00f3n de Arrow Pumps: M70\/P51 \u2013 M70\/51-S en Raimaber Fluid Tech [Industrial]. Contacte y le informamos.","breadcrumb":{"@id":"https:\/\/www.raimaberfluidtech.com\/industrial\/arrow-pumps\/m70-p51-m70-p51s\/#breadcrumb"},"inLanguage":"es","potentialAction":[{"@type":"ReadAction","target":["https:\/\/www.raimaberfluidtech.com\/industrial\/arrow-pumps\/m70-p51-m70-p51s\/"]}]},{"@type":"BreadcrumbList","@id":"https:\/\/www.raimaberfluidtech.com\/industrial\/arrow-pumps\/m70-p51-m70-p51s\/#breadcrumb","itemListElement":[{"@type":"ListItem","position":1,"name":"Home","item":"https:\/\/www.raimaberfluidtech.com\/industrial\/"},{"@type":"ListItem","position":2,"name":"Arrow Pumps","item":"https:\/\/www.raimaberfluidtech.com\/industrial\/arrow-pumps\/"},{"@type":"ListItem","position":3,"name":"M70\/P51 \u2013 M70\/51-S"}]},{"@type":"WebSite","@id":"https:\/\/www.raimaberfluidtech.com\/industrial\/#website","url":"https:\/\/www.raimaberfluidtech.com\/industrial\/","name":"Raimaber Fluid Tech [Industrial]","description":"Bombas industriales","publisher":{"@id":"https:\/\/www.raimaberfluidtech.com\/industrial\/#organization"},"potentialAction":[{"@type":"SearchAction","target":{"@type":"EntryPoint","urlTemplate":"https:\/\/www.raimaberfluidtech.com\/industrial\/?s={search_term_string}"},"query-input":{"@type":"PropertyValueSpecification","valueRequired":true,"valueName":"search_term_string"}}],"inLanguage":"es"},{"@type":"Organization","@id":"https:\/\/www.raimaberfluidtech.com\/industrial\/#organization","name":"Raimaber Fluid Tech [Industrial]","url":"https:\/\/www.raimaberfluidtech.com\/industrial\/","logo":{"@type":"ImageObject","inLanguage":"es","@id":"https:\/\/www.raimaberfluidtech.com\/industrial\/#\/schema\/logo\/image\/","url":"https:\/\/www.raimaberfluidtech.com\/industrial\/wp-content\/blogs.dir\/4\/files\/2012\/11\/raimaber.gif","contentUrl":"https:\/\/www.raimaberfluidtech.com\/industrial\/wp-content\/blogs.dir\/4\/files\/2012\/11\/raimaber.gif","width":"705","height":"438","caption":"Raimaber Fluid Tech [Industrial]"},"image":{"@id":"https:\/\/www.raimaberfluidtech.com\/industrial\/#\/schema\/logo\/image\/"}}]}},"_links":{"self":[{"href":"https:\/\/www.raimaberfluidtech.com\/industrial\/wp-json\/wp\/v2\/pages\/7307","targetHints":{"allow":["GET"]}}],"collection":[{"href":"https:\/\/www.raimaberfluidtech.com\/industrial\/wp-json\/wp\/v2\/pages"}],"about":[{"href":"https:\/\/www.raimaberfluidtech.com\/industrial\/wp-json\/wp\/v2\/types\/page"}],"author":[{"embeddable":true,"href":"https:\/\/www.raimaberfluidtech.com\/industrial\/wp-json\/wp\/v2\/users\/1"}],"replies":[{"embeddable":true,"href":"https:\/\/www.raimaberfluidtech.com\/industrial\/wp-json\/wp\/v2\/comments?post=7307"}],"version-history":[{"count":8,"href":"https:\/\/www.raimaberfluidtech.com\/industrial\/wp-json\/wp\/v2\/pages\/7307\/revisions"}],"predecessor-version":[{"id":14099,"href":"https:\/\/www.raimaberfluidtech.com\/industrial\/wp-json\/wp\/v2\/pages\/7307\/revisions\/14099"}],"up":[{"embeddable":true,"href":"https:\/\/www.raimaberfluidtech.com\/industrial\/wp-json\/wp\/v2\/pages\/7303"}],"wp:attachment":[{"href":"https:\/\/www.raimaberfluidtech.com\/industrial\/wp-json\/wp\/v2\/media?parent=7307"}],"curies":[{"name":"wp","href":"https:\/\/api.w.org\/{rel}","templated":true}]}}