{"id":7280,"date":"2021-06-16T09:15:23","date_gmt":"2021-06-16T09:15:23","guid":{"rendered":"https:\/\/www.raimaberfluidtech.com\/industrial\/?page_id=7280"},"modified":"2021-09-22T10:45:07","modified_gmt":"2021-09-22T10:45:07","slug":"mezcladores-estaticos-serie-qds-entrega-rapida","status":"publish","type":"page","link":"https:\/\/www.raimaberfluidtech.com\/industrial\/primix\/mezcladores-estaticos-qds\/","title":{"rendered":"Mezcladores est\u00e1ticos serie QDS &#8211; ENTREGA R\u00c1PIDA"},"content":{"rendered":"<div class=\"wpb-content-wrapper\"><p>[vc_row][vc_column width=\u00bb1\/2&#8243;][vc_media_grid element_width=\u00bb6&#8243; gap=\u00bb4&#8243; grid_id=\u00bbvc_gid:1632307479906-9b728610-423b-8&#8243; include=\u00bb7353,7354&#8243;][\/vc_column][vc_column width=\u00bb1\/2&#8243;][vc_custom_heading text=\u00bbMezcladores est\u00e1ticos, serie QDS &#8211; ENTREGA R\u00c1PIDA\u00bb font_container=\u00bbtag:h2|font_size:18px|text_align:left|color:%23000000&#8243; use_theme_fonts=\u00bbyes\u00bb][vc_column_text]Los mezcladores est\u00e1ticos QDS (Quick Time Delivery System) se pueden entregar dentro de unos d\u00edas despu\u00e9s de su pedido y a precios muy competitivos. Con los mezcladores est\u00e1ticos QDS, PRIMIX ofrece la avanzada tecnolog\u00eda de\u00a0<a href=\"https:\/\/www.primix.com\/es\/productos\/mezcladores-estaticos-a-medida.html\">mezcladores a medida<\/a>\u00a0en variantes estandarizadas. Se montan en poco tiempo a partir de componentes de stock sueltos, por lo que se aplican los mismos principios de ingenier\u00eda a medida.Estimamos un plazo de entrega de 4 \u2013 5 dias, a confirmar con el pedido.<\/p>\n<ul>\n<li>Materiales m\u00e1s usuales: Acero inoxidable 316L\u00a0o PVC<\/li>\n<li>Muchas variantes, dimensiones DIN y tama\u00f1os en pulgadas<\/li>\n<li>Entrega en pocos d\u00edas, directa al cliente si fuera necesario<\/li>\n<li>Adaptado a sus caudales<\/li>\n<\/ul>\n<p>[\/vc_column_text][vc_empty_space][vc_btn title=\u00bbSOLICITUD DE INFORMACI\u00d3N T\u00c9CNICA\u00bb link=\u00bburl:https%3A%2F%2Fwww.raimaberfluidtech.com\/industrial%2Fsolicitud-informacion-tecnica%2F|title:Solicitud%20informaci%C3%B3n%20t%C3%A9cnica||\u00bb][\/vc_column][\/vc_row]<\/p>\n<\/div>","protected":false},"excerpt":{"rendered":"<p>[vc_row][vc_column width=\u00bb1\/2&#8243;][vc_media_grid element_width=\u00bb6&#8243; gap=\u00bb4&#8243; grid_id=\u00bbvc_gid:1632307479906-9b728610-423b-8&#8243; include=\u00bb7353,7354&#8243;][\/vc_column][vc_column width=\u00bb1\/2&#8243;][vc_custom_heading text=\u00bbMezcladores est\u00e1ticos, serie QDS &#8211; ENTREGA R\u00c1PIDA\u00bb font_container=\u00bbtag:h2|font_size:18px|text_align:left|color:%23000000&#8243; use_theme_fonts=\u00bbyes\u00bb][vc_column_text]Los mezcladores est\u00e1ticos QDS (Quick Time Delivery System) se pueden entregar dentro de unos d\u00edas despu\u00e9s de su pedido y a precios muy competitivos. Con&#8230;<\/p>\n","protected":false},"author":1,"featured_media":0,"parent":7272,"menu_order":0,"comment_status":"closed","ping_status":"closed","template":"page-sidebar.php","meta":{"footnotes":""},"class_list":["post-7280","page","type-page","status-publish","hentry"],"yoast_head":"<!-- This site is optimized with the Yoast SEO plugin v24.3 - https:\/\/yoast.com\/wordpress\/plugins\/seo\/ -->\n<title>Mezcladores est\u00e1ticos Espa\u00f1a - Raimaber<\/title>\n<meta name=\"description\" content=\"Raimaber distribuye mezcladores est\u00e1ticos Komax de triple acci\u00f3n que proporcionan el nivel m\u00e1ximo de mezcla de todos los existentes en mercado.\" \/>\n<meta name=\"robots\" content=\"index, follow, max-snippet:-1, max-image-preview:large, max-video-preview:-1\" \/>\n<link rel=\"canonical\" href=\"https:\/\/www.raimaberfluidtech.com\/industrial\/primix\/mezcladores-estaticos-qds\/\" \/>\n<meta property=\"og:locale\" content=\"es_ES\" \/>\n<meta property=\"og:type\" content=\"article\" \/>\n<meta property=\"og:title\" content=\"Mezcladores est\u00e1ticos Espa\u00f1a - Raimaber\" \/>\n<meta property=\"og:description\" content=\"Raimaber distribuye mezcladores est\u00e1ticos Komax de triple acci\u00f3n que proporcionan el nivel m\u00e1ximo de mezcla de todos los existentes en mercado.\" \/>\n<meta property=\"og:url\" content=\"https:\/\/www.raimaberfluidtech.com\/industrial\/primix\/mezcladores-estaticos-qds\/\" \/>\n<meta property=\"og:site_name\" content=\"Raimaber Fluid Tech [Industrial]\" \/>\n<meta property=\"article:modified_time\" content=\"2021-09-22T10:45:07+00:00\" \/>\n<meta name=\"twitter:label1\" content=\"Tiempo de lectura\" \/>\n\t<meta name=\"twitter:data1\" content=\"1 minuto\" \/>\n<script type=\"application\/ld+json\" class=\"yoast-schema-graph\">{\"@context\":\"https:\/\/schema.org\",\"@graph\":[{\"@type\":\"WebPage\",\"@id\":\"https:\/\/www.raimaberfluidtech.com\/industrial\/primix\/mezcladores-estaticos-qds\/\",\"url\":\"https:\/\/www.raimaberfluidtech.com\/industrial\/primix\/mezcladores-estaticos-qds\/\",\"name\":\"Mezcladores est\u00e1ticos Espa\u00f1a - Raimaber\",\"isPartOf\":{\"@id\":\"https:\/\/www.raimaberfluidtech.com\/industrial\/#website\"},\"datePublished\":\"2021-06-16T09:15:23+00:00\",\"dateModified\":\"2021-09-22T10:45:07+00:00\",\"description\":\"Raimaber distribuye mezcladores est\u00e1ticos Komax de triple acci\u00f3n que proporcionan el nivel m\u00e1ximo de mezcla de todos los existentes en mercado.\",\"breadcrumb\":{\"@id\":\"https:\/\/www.raimaberfluidtech.com\/industrial\/primix\/mezcladores-estaticos-qds\/#breadcrumb\"},\"inLanguage\":\"es\",\"potentialAction\":[{\"@type\":\"ReadAction\",\"target\":[\"https:\/\/www.raimaberfluidtech.com\/industrial\/primix\/mezcladores-estaticos-qds\/\"]}]},{\"@type\":\"BreadcrumbList\",\"@id\":\"https:\/\/www.raimaberfluidtech.com\/industrial\/primix\/mezcladores-estaticos-qds\/#breadcrumb\",\"itemListElement\":[{\"@type\":\"ListItem\",\"position\":1,\"name\":\"Home\",\"item\":\"https:\/\/www.raimaberfluidtech.com\/industrial\/\"},{\"@type\":\"ListItem\",\"position\":2,\"name\":\"Primix\",\"item\":\"https:\/\/www.raimaberfluidtech.com\/industrial\/primix\/\"},{\"@type\":\"ListItem\",\"position\":3,\"name\":\"Mezcladores est\u00e1ticos serie QDS &#8211; ENTREGA R\u00c1PIDA\"}]},{\"@type\":\"WebSite\",\"@id\":\"https:\/\/www.raimaberfluidtech.com\/industrial\/#website\",\"url\":\"https:\/\/www.raimaberfluidtech.com\/industrial\/\",\"name\":\"Raimaber Fluid Tech [Industrial]\",\"description\":\"Bombas industriales\",\"publisher\":{\"@id\":\"https:\/\/www.raimaberfluidtech.com\/industrial\/#organization\"},\"potentialAction\":[{\"@type\":\"SearchAction\",\"target\":{\"@type\":\"EntryPoint\",\"urlTemplate\":\"https:\/\/www.raimaberfluidtech.com\/industrial\/?s={search_term_string}\"},\"query-input\":{\"@type\":\"PropertyValueSpecification\",\"valueRequired\":true,\"valueName\":\"search_term_string\"}}],\"inLanguage\":\"es\"},{\"@type\":\"Organization\",\"@id\":\"https:\/\/www.raimaberfluidtech.com\/industrial\/#organization\",\"name\":\"Raimaber Fluid Tech [Industrial]\",\"url\":\"https:\/\/www.raimaberfluidtech.com\/industrial\/\",\"logo\":{\"@type\":\"ImageObject\",\"inLanguage\":\"es\",\"@id\":\"https:\/\/www.raimaberfluidtech.com\/industrial\/#\/schema\/logo\/image\/\",\"url\":\"https:\/\/www.raimaberfluidtech.com\/industrial\/wp-content\/blogs.dir\/4\/files\/2012\/11\/raimaber.gif\",\"contentUrl\":\"https:\/\/www.raimaberfluidtech.com\/industrial\/wp-content\/blogs.dir\/4\/files\/2012\/11\/raimaber.gif\",\"width\":\"705\",\"height\":\"438\",\"caption\":\"Raimaber Fluid Tech [Industrial]\"},\"image\":{\"@id\":\"https:\/\/www.raimaberfluidtech.com\/industrial\/#\/schema\/logo\/image\/\"}}]}<\/script>\n<!-- \/ Yoast SEO plugin. -->","yoast_head_json":{"title":"Mezcladores est\u00e1ticos Espa\u00f1a - Raimaber","description":"Raimaber distribuye mezcladores est\u00e1ticos Komax de triple acci\u00f3n que proporcionan el nivel m\u00e1ximo de mezcla de todos los existentes en mercado.","robots":{"index":"index","follow":"follow","max-snippet":"max-snippet:-1","max-image-preview":"max-image-preview:large","max-video-preview":"max-video-preview:-1"},"canonical":"https:\/\/www.raimaberfluidtech.com\/industrial\/primix\/mezcladores-estaticos-qds\/","og_locale":"es_ES","og_type":"article","og_title":"Mezcladores est\u00e1ticos Espa\u00f1a - Raimaber","og_description":"Raimaber distribuye mezcladores est\u00e1ticos Komax de triple acci\u00f3n que proporcionan el nivel m\u00e1ximo de mezcla de todos los existentes en mercado.","og_url":"https:\/\/www.raimaberfluidtech.com\/industrial\/primix\/mezcladores-estaticos-qds\/","og_site_name":"Raimaber Fluid Tech [Industrial]","article_modified_time":"2021-09-22T10:45:07+00:00","twitter_misc":{"Tiempo de lectura":"1 minuto"},"schema":{"@context":"https:\/\/schema.org","@graph":[{"@type":"WebPage","@id":"https:\/\/www.raimaberfluidtech.com\/industrial\/primix\/mezcladores-estaticos-qds\/","url":"https:\/\/www.raimaberfluidtech.com\/industrial\/primix\/mezcladores-estaticos-qds\/","name":"Mezcladores est\u00e1ticos Espa\u00f1a - Raimaber","isPartOf":{"@id":"https:\/\/www.raimaberfluidtech.com\/industrial\/#website"},"datePublished":"2021-06-16T09:15:23+00:00","dateModified":"2021-09-22T10:45:07+00:00","description":"Raimaber distribuye mezcladores est\u00e1ticos Komax de triple acci\u00f3n que proporcionan el nivel m\u00e1ximo de mezcla de todos los existentes en mercado.","breadcrumb":{"@id":"https:\/\/www.raimaberfluidtech.com\/industrial\/primix\/mezcladores-estaticos-qds\/#breadcrumb"},"inLanguage":"es","potentialAction":[{"@type":"ReadAction","target":["https:\/\/www.raimaberfluidtech.com\/industrial\/primix\/mezcladores-estaticos-qds\/"]}]},{"@type":"BreadcrumbList","@id":"https:\/\/www.raimaberfluidtech.com\/industrial\/primix\/mezcladores-estaticos-qds\/#breadcrumb","itemListElement":[{"@type":"ListItem","position":1,"name":"Home","item":"https:\/\/www.raimaberfluidtech.com\/industrial\/"},{"@type":"ListItem","position":2,"name":"Primix","item":"https:\/\/www.raimaberfluidtech.com\/industrial\/primix\/"},{"@type":"ListItem","position":3,"name":"Mezcladores est\u00e1ticos serie QDS &#8211; ENTREGA R\u00c1PIDA"}]},{"@type":"WebSite","@id":"https:\/\/www.raimaberfluidtech.com\/industrial\/#website","url":"https:\/\/www.raimaberfluidtech.com\/industrial\/","name":"Raimaber Fluid Tech [Industrial]","description":"Bombas industriales","publisher":{"@id":"https:\/\/www.raimaberfluidtech.com\/industrial\/#organization"},"potentialAction":[{"@type":"SearchAction","target":{"@type":"EntryPoint","urlTemplate":"https:\/\/www.raimaberfluidtech.com\/industrial\/?s={search_term_string}"},"query-input":{"@type":"PropertyValueSpecification","valueRequired":true,"valueName":"search_term_string"}}],"inLanguage":"es"},{"@type":"Organization","@id":"https:\/\/www.raimaberfluidtech.com\/industrial\/#organization","name":"Raimaber Fluid Tech [Industrial]","url":"https:\/\/www.raimaberfluidtech.com\/industrial\/","logo":{"@type":"ImageObject","inLanguage":"es","@id":"https:\/\/www.raimaberfluidtech.com\/industrial\/#\/schema\/logo\/image\/","url":"https:\/\/www.raimaberfluidtech.com\/industrial\/wp-content\/blogs.dir\/4\/files\/2012\/11\/raimaber.gif","contentUrl":"https:\/\/www.raimaberfluidtech.com\/industrial\/wp-content\/blogs.dir\/4\/files\/2012\/11\/raimaber.gif","width":"705","height":"438","caption":"Raimaber Fluid Tech [Industrial]"},"image":{"@id":"https:\/\/www.raimaberfluidtech.com\/industrial\/#\/schema\/logo\/image\/"}}]}},"_links":{"self":[{"href":"https:\/\/www.raimaberfluidtech.com\/industrial\/wp-json\/wp\/v2\/pages\/7280","targetHints":{"allow":["GET"]}}],"collection":[{"href":"https:\/\/www.raimaberfluidtech.com\/industrial\/wp-json\/wp\/v2\/pages"}],"about":[{"href":"https:\/\/www.raimaberfluidtech.com\/industrial\/wp-json\/wp\/v2\/types\/page"}],"author":[{"embeddable":true,"href":"https:\/\/www.raimaberfluidtech.com\/industrial\/wp-json\/wp\/v2\/users\/1"}],"replies":[{"embeddable":true,"href":"https:\/\/www.raimaberfluidtech.com\/industrial\/wp-json\/wp\/v2\/comments?post=7280"}],"version-history":[{"count":4,"href":"https:\/\/www.raimaberfluidtech.com\/industrial\/wp-json\/wp\/v2\/pages\/7280\/revisions"}],"predecessor-version":[{"id":7552,"href":"https:\/\/www.raimaberfluidtech.com\/industrial\/wp-json\/wp\/v2\/pages\/7280\/revisions\/7552"}],"up":[{"embeddable":true,"href":"https:\/\/www.raimaberfluidtech.com\/industrial\/wp-json\/wp\/v2\/pages\/7272"}],"wp:attachment":[{"href":"https:\/\/www.raimaberfluidtech.com\/industrial\/wp-json\/wp\/v2\/media?parent=7280"}],"curies":[{"name":"wp","href":"https:\/\/api.w.org\/{rel}","templated":true}]}}