{"id":7276,"date":"2021-06-16T09:10:11","date_gmt":"2021-06-16T09:10:11","guid":{"rendered":"https:\/\/www.raimaberfluidtech.com\/industrial\/?page_id=7276"},"modified":"2021-09-22T10:44:35","modified_gmt":"2021-09-22T10:44:35","slug":"mezcladores-estaticos","status":"publish","type":"page","link":"https:\/\/www.raimaberfluidtech.com\/industrial\/primix\/mezcladores-estaticos-sanitarios\/","title":{"rendered":"Mezcladores est\u00e1ticos SANITARIOS SERIE PMS y SERIE PMX"},"content":{"rendered":"<div class=\"wpb-content-wrapper\"><p>[vc_row][vc_column width=\u00bb1\/2&#8243;][vc_media_grid element_width=\u00bb6&#8243; gap=\u00bb4&#8243; grid_id=\u00bbvc_gid:1632307453517-4239632c-ea28-7&#8243; include=\u00bb7357,7358,7359,7360&#8243;][vc_row_inner disable_element=\u00bbyes\u00bb css=\u00bb.vc_custom_1523366907131{margin-top: 30px !important;margin-right: 0px !important;margin-left: 0px !important;padding-top: 30px !important;padding-right: 15px !important;padding-bottom: 30px !important;padding-left: 5px !important;background-color: #f5f5f5 !important;}\u00bb][vc_column_inner][vc_column_text]Si te interesan los <strong>mezcladores est\u00e1ticos <\/strong>de Primix\u00a0quieres obtener m\u00e1s informaci\u00f3n, no dudes en\u00a0contactar con Raimaber\u00a0donde atenderemos tu solicitud lo m\u00e1s breve posible.[\/vc_column_text][vc_btn title=\u00bbCONTACTAR\u00bb css=\u00bb.vc_custom_1521035693014{margin-top: 30px !important;margin-bottom: 0px !important;}\u00bb link=\u00bburl:http%3A%2F%2Fwww.raimaberfluidtech.com\/industrial%2Fcontacta|||\u00bb][\/vc_column_inner][\/vc_row_inner][\/vc_column][vc_column width=\u00bb1\/2&#8243;][vc_custom_heading text=\u00bbMezcladores est\u00e1ticos SANITARIOS SERIE PMS y SERIE PMX\u00bb font_container=\u00bbtag:h2|font_size:18px|text_align:left|color:%23000000&#8243; use_theme_fonts=\u00bbyes\u00bb][vc_column_text]Los mezcladores est\u00e1ticos sanitarios de <strong>PRIMIX<\/strong> son mezcladores hechos a medida, adecuados para su uso en la industria alimentaria, l\u00e1ctea y de bebidas. Con su dise\u00f1o sanitario y su construcci\u00f3n en 316L ofrecen un excelente rendimiento para mezcla y homogeneizaci\u00f3n. El tama\u00f1o de los mezcladores sanitarios puede ajustarse a casi cualquier flujo de volumen, densidad, viscosidad y otras propiedades espec\u00edficas de los productos.<\/p>\n<ul>\n<li>Mezcladores que no requieren mantenimiento<\/li>\n<li>Homogeneidad predecible<\/li>\n<li>Limpieza r\u00e1pida y eficaz con CIP<\/li>\n<li>Baja ca\u00edda de presi\u00f3n<\/li>\n<\/ul>\n<p>&nbsp;<\/p>\n<p><strong>Mezcla turbulenta o laminar<\/strong><\/p>\n<p>En funci\u00f3n del elemento elegido, la mezcla puede dividirse en turbulenta y laminar. La mezcla turbulenta consiste en mezclar sustancias con las que la viscosidad ser\u00e1 acuosa o ligeramente superior. Las velocidades de flujo son relativamente altas. La mezcla radial ocurre con relativa frecuencia y ya se ha obtenido una mezcla t\u00e9cnicamente homog\u00e9nea en una secci\u00f3n corta.<\/p>\n<p>La mezcla laminar se produce con sustancias con una viscosidad alta a muy alta. Las velocidades son bajas y las ca\u00eddas de presi\u00f3n altas. Casi nunca se produce una mezcla radial. Los efectos de mezcla se concentran alrededor de la transici\u00f3n de los elementos mezcladores. En este punto las dos capas son forzadas a mezclarse y luego forzadas la una contra la otra para que se produzcan cuatro capas, y as\u00ed sucesivamente.<\/p>\n<p>&nbsp;<\/p>\n<p><strong>Acabado de la superficie, de los mezcladores est\u00e1ticos<\/strong><\/p>\n<p>La superficie de los mezcladores est\u00e1ticos puede acabarse, tratarse o limpiarse seg\u00fan sus especificaciones. En general, la tuber\u00eda y los elementos internos se suministran con un \u00a0pulido Ra &lt; 0,8 y con un pulido Ra &lt; 1,6 en la soldadura. Hay elementos de mezcla electropulidos disponibles para aplicaciones m\u00e1s cr\u00edticas.<\/p>\n<p>&nbsp;<\/p>\n<p><strong>Tipo de conector para mezcladores sanitarios (m\u00e1s tipos disponibles, previa solicitud)<\/strong><\/p>\n<ul>\n<li>DIN11864 (El acoplamiento m\u00e1s sanitario)<\/li>\n<li>DIN11851<\/li>\n<li>Tri\u2010clamps<\/li>\n<li>SMS<\/li>\n<\/ul>\n<p>&nbsp;<\/p>\n<p><strong>Normativa 1935\/2004<\/strong><\/p>\n<p>Desde el 27 de octubre de 2004, la normativa europea se aplica a todos los materiales que entran en contacto con alimentos. En el caso de los mezcladores sanitarios PRIMIX, esta regulaci\u00f3n se traduce en dos cuestiones principales:<\/p>\n<ol>\n<li>Los materiales utilizados deben ser adecuados para los alimentos.<\/li>\n<li>El material utilizado debe ser traceable.<\/li>\n<\/ol>\n<p>&nbsp;<\/p>\n<p>Para la construcci\u00f3n de sus mezcladores sanitarios, PRIMIX utiliza componentes sanitarios de acero inoxidable de fabricantes de primer nivel en la industria. El acero inoxidable no figura como material en el Anexo 1 del reglamento (Materiales con requisitos especiales) y es generalmente aceptado como un material adecuado para los alimentos y las bebidas.<\/p>\n<p>&nbsp;<\/p>\n<p>Garantizamos la trazabilidad mediante los certificados de material EN10204 3.1. Estos certificados est\u00e1n incluidos en la documentaci\u00f3n del mezclador.Si lo desea, PRIMIX puede facilitarle un certificado de conformidad.<\/p>\n<p>&nbsp;<\/p>\n<p>&nbsp;<\/p>\n<p><strong>Aplicaciones Ind\u00fastria alimentaria: <\/strong><\/p>\n<ul>\n<li>Homogeneizaci\u00f3n de la temperatura del producto tras un intercambiador de calor en una l\u00ednea de producci\u00f3n de salsas.<\/li>\n<li>Mezcla y enfriado controlados de pastas y salsas.<\/li>\n<li>Mezcla de concentrado de tomate y agua para obtener una salsa b\u00e1sica y una viscosidad correcta.<\/li>\n<li>Homogeneizaci\u00f3n de temperatura del reques\u00f3n despu\u00e9s del intercambiador de calor.<\/li>\n<li>Veteado de productos.<\/li>\n<li>Pasteurizaci\u00f3n y enfriamiento de salsas.<\/li>\n<li>Homogeneizaci\u00f3n de la temperatura del chocolate tras la m\u00e1quina de templado.<\/li>\n<li>Adici\u00f3n de colorante y\/o aromatizante en chocolate, fondant o malvavisco.<\/li>\n<li>Fundidores de reprocesado para l\u00edneas de producci\u00f3n de margarina.<\/li>\n<li>Mezcla de jarabe de az\u00facar y agua para obtener un valor Brix correcto.<\/li>\n<\/ul>\n<p><strong><br \/>\n<\/strong><strong>Aplicaciones Producci\u00f3n de bebidas:<\/strong><\/p>\n<ul>\n<li>Reducci\u00f3n de la degradaci\u00f3n de producto de los zumos de frutas mediante la adici\u00f3n de nitr\u00f3geno.<\/li>\n<li>Carbonizaci\u00f3n mediante la adici\u00f3n de CO<sub>2<\/sub>.<\/li>\n<li>Mezcla de concentrado de frutas y agua.<\/li>\n<li>Mezcla de concentrados de caf\u00e9 y agua.<\/li>\n<\/ul>\n<p><strong><br \/>\n<\/strong><strong>Aplicaciones en industria l\u00e1ctea:<\/strong><\/p>\n<ul>\n<li>Pre-mezclador para el homogeneizador.<\/li>\n<li>Pre-mezclador para torres de secado.<\/li>\n<li>Mezcla de trozos\/concentrado de fruta en el yogur.<\/li>\n<li>Homogeneizaci\u00f3n de la temperatura tras un intercambiador de calor en la fabricaci\u00f3n de helados.<\/li>\n<li>Como intercambiador de calor en las l\u00edneas UHT para nutrici\u00f3n m\u00e9dica viscosa.<\/li>\n<\/ul>\n<p>[\/vc_column_text][vc_empty_space][vc_btn title=\u00bbSOLICITUD DE INFORMACI\u00d3N T\u00c9CNICA\u00bb link=\u00bburl:https%3A%2F%2Fwww.raimaberfluidtech.com\/industrial%2Fsolicitud-informacion-tecnica%2F|title:Solicitud%20informaci%C3%B3n%20t%C3%A9cnica||\u00bb][\/vc_column][\/vc_row]<\/p>\n<\/div>","protected":false},"excerpt":{"rendered":"<p>[vc_row][vc_column width=\u00bb1\/2&#8243;][vc_media_grid element_width=\u00bb6&#8243; gap=\u00bb4&#8243; grid_id=\u00bbvc_gid:1632307453517-4239632c-ea28-7&#8243; include=\u00bb7357,7358,7359,7360&#8243;][vc_row_inner disable_element=\u00bbyes\u00bb css=\u00bb.vc_custom_1523366907131{margin-top: 30px !important;margin-right: 0px !important;margin-left: 0px !important;padding-top: 30px !important;padding-right: 15px !important;padding-bottom: 30px !important;padding-left: 5px !important;background-color: #f5f5f5 !important;}\u00bb][vc_column_inner][vc_column_text]Si te interesan los mezcladores est\u00e1ticos de Primix\u00a0quieres obtener m\u00e1s informaci\u00f3n, no dudes en\u00a0contactar con Raimaber\u00a0donde atenderemos&#8230;<\/p>\n","protected":false},"author":1,"featured_media":0,"parent":7272,"menu_order":0,"comment_status":"closed","ping_status":"closed","template":"page-sidebar.php","meta":{"footnotes":""},"class_list":["post-7276","page","type-page","status-publish","hentry"],"yoast_head":"<!-- This site is optimized with the Yoast SEO plugin v24.3 - https:\/\/yoast.com\/wordpress\/plugins\/seo\/ -->\n<title>Mezcladores est\u00e1ticos Espa\u00f1a - Raimaber<\/title>\n<meta name=\"description\" content=\"Raimaber distribuye mezcladores est\u00e1ticos Komax de triple acci\u00f3n que proporcionan el nivel m\u00e1ximo de mezcla de todos los existentes en mercado.\" \/>\n<meta name=\"robots\" content=\"index, follow, max-snippet:-1, max-image-preview:large, max-video-preview:-1\" \/>\n<link rel=\"canonical\" href=\"https:\/\/www.raimaberfluidtech.com\/industrial\/primix\/mezcladores-estaticos-sanitarios\/\" \/>\n<meta property=\"og:locale\" content=\"es_ES\" \/>\n<meta property=\"og:type\" content=\"article\" \/>\n<meta property=\"og:title\" content=\"Mezcladores est\u00e1ticos Espa\u00f1a - Raimaber\" \/>\n<meta property=\"og:description\" content=\"Raimaber distribuye mezcladores est\u00e1ticos Komax de triple acci\u00f3n que proporcionan el nivel m\u00e1ximo de mezcla de todos los existentes en mercado.\" \/>\n<meta property=\"og:url\" content=\"https:\/\/www.raimaberfluidtech.com\/industrial\/primix\/mezcladores-estaticos-sanitarios\/\" \/>\n<meta property=\"og:site_name\" content=\"Raimaber Fluid Tech [Industrial]\" \/>\n<meta property=\"article:modified_time\" content=\"2021-09-22T10:44:35+00:00\" \/>\n<meta name=\"twitter:label1\" content=\"Tiempo de lectura\" \/>\n\t<meta name=\"twitter:data1\" content=\"4 minutos\" \/>\n<script type=\"application\/ld+json\" class=\"yoast-schema-graph\">{\"@context\":\"https:\/\/schema.org\",\"@graph\":[{\"@type\":\"WebPage\",\"@id\":\"https:\/\/www.raimaberfluidtech.com\/industrial\/primix\/mezcladores-estaticos-sanitarios\/\",\"url\":\"https:\/\/www.raimaberfluidtech.com\/industrial\/primix\/mezcladores-estaticos-sanitarios\/\",\"name\":\"Mezcladores est\u00e1ticos Espa\u00f1a - Raimaber\",\"isPartOf\":{\"@id\":\"https:\/\/www.raimaberfluidtech.com\/industrial\/#website\"},\"datePublished\":\"2021-06-16T09:10:11+00:00\",\"dateModified\":\"2021-09-22T10:44:35+00:00\",\"description\":\"Raimaber distribuye mezcladores est\u00e1ticos Komax de triple acci\u00f3n que proporcionan el nivel m\u00e1ximo de mezcla de todos los existentes en mercado.\",\"breadcrumb\":{\"@id\":\"https:\/\/www.raimaberfluidtech.com\/industrial\/primix\/mezcladores-estaticos-sanitarios\/#breadcrumb\"},\"inLanguage\":\"es\",\"potentialAction\":[{\"@type\":\"ReadAction\",\"target\":[\"https:\/\/www.raimaberfluidtech.com\/industrial\/primix\/mezcladores-estaticos-sanitarios\/\"]}]},{\"@type\":\"BreadcrumbList\",\"@id\":\"https:\/\/www.raimaberfluidtech.com\/industrial\/primix\/mezcladores-estaticos-sanitarios\/#breadcrumb\",\"itemListElement\":[{\"@type\":\"ListItem\",\"position\":1,\"name\":\"Home\",\"item\":\"https:\/\/www.raimaberfluidtech.com\/industrial\/\"},{\"@type\":\"ListItem\",\"position\":2,\"name\":\"Primix\",\"item\":\"https:\/\/www.raimaberfluidtech.com\/industrial\/primix\/\"},{\"@type\":\"ListItem\",\"position\":3,\"name\":\"Mezcladores est\u00e1ticos SANITARIOS SERIE PMS y SERIE PMX\"}]},{\"@type\":\"WebSite\",\"@id\":\"https:\/\/www.raimaberfluidtech.com\/industrial\/#website\",\"url\":\"https:\/\/www.raimaberfluidtech.com\/industrial\/\",\"name\":\"Raimaber Fluid Tech [Industrial]\",\"description\":\"Bombas industriales\",\"publisher\":{\"@id\":\"https:\/\/www.raimaberfluidtech.com\/industrial\/#organization\"},\"potentialAction\":[{\"@type\":\"SearchAction\",\"target\":{\"@type\":\"EntryPoint\",\"urlTemplate\":\"https:\/\/www.raimaberfluidtech.com\/industrial\/?s={search_term_string}\"},\"query-input\":{\"@type\":\"PropertyValueSpecification\",\"valueRequired\":true,\"valueName\":\"search_term_string\"}}],\"inLanguage\":\"es\"},{\"@type\":\"Organization\",\"@id\":\"https:\/\/www.raimaberfluidtech.com\/industrial\/#organization\",\"name\":\"Raimaber Fluid Tech [Industrial]\",\"url\":\"https:\/\/www.raimaberfluidtech.com\/industrial\/\",\"logo\":{\"@type\":\"ImageObject\",\"inLanguage\":\"es\",\"@id\":\"https:\/\/www.raimaberfluidtech.com\/industrial\/#\/schema\/logo\/image\/\",\"url\":\"https:\/\/www.raimaberfluidtech.com\/industrial\/wp-content\/blogs.dir\/4\/files\/2012\/11\/raimaber.gif\",\"contentUrl\":\"https:\/\/www.raimaberfluidtech.com\/industrial\/wp-content\/blogs.dir\/4\/files\/2012\/11\/raimaber.gif\",\"width\":\"705\",\"height\":\"438\",\"caption\":\"Raimaber Fluid Tech [Industrial]\"},\"image\":{\"@id\":\"https:\/\/www.raimaberfluidtech.com\/industrial\/#\/schema\/logo\/image\/\"}}]}<\/script>\n<!-- \/ Yoast SEO plugin. -->","yoast_head_json":{"title":"Mezcladores est\u00e1ticos Espa\u00f1a - Raimaber","description":"Raimaber distribuye mezcladores est\u00e1ticos Komax de triple acci\u00f3n que proporcionan el nivel m\u00e1ximo de mezcla de todos los existentes en mercado.","robots":{"index":"index","follow":"follow","max-snippet":"max-snippet:-1","max-image-preview":"max-image-preview:large","max-video-preview":"max-video-preview:-1"},"canonical":"https:\/\/www.raimaberfluidtech.com\/industrial\/primix\/mezcladores-estaticos-sanitarios\/","og_locale":"es_ES","og_type":"article","og_title":"Mezcladores est\u00e1ticos Espa\u00f1a - Raimaber","og_description":"Raimaber distribuye mezcladores est\u00e1ticos Komax de triple acci\u00f3n que proporcionan el nivel m\u00e1ximo de mezcla de todos los existentes en mercado.","og_url":"https:\/\/www.raimaberfluidtech.com\/industrial\/primix\/mezcladores-estaticos-sanitarios\/","og_site_name":"Raimaber Fluid Tech [Industrial]","article_modified_time":"2021-09-22T10:44:35+00:00","twitter_misc":{"Tiempo de lectura":"4 minutos"},"schema":{"@context":"https:\/\/schema.org","@graph":[{"@type":"WebPage","@id":"https:\/\/www.raimaberfluidtech.com\/industrial\/primix\/mezcladores-estaticos-sanitarios\/","url":"https:\/\/www.raimaberfluidtech.com\/industrial\/primix\/mezcladores-estaticos-sanitarios\/","name":"Mezcladores est\u00e1ticos Espa\u00f1a - Raimaber","isPartOf":{"@id":"https:\/\/www.raimaberfluidtech.com\/industrial\/#website"},"datePublished":"2021-06-16T09:10:11+00:00","dateModified":"2021-09-22T10:44:35+00:00","description":"Raimaber distribuye mezcladores est\u00e1ticos Komax de triple acci\u00f3n que proporcionan el nivel m\u00e1ximo de mezcla de todos los existentes en mercado.","breadcrumb":{"@id":"https:\/\/www.raimaberfluidtech.com\/industrial\/primix\/mezcladores-estaticos-sanitarios\/#breadcrumb"},"inLanguage":"es","potentialAction":[{"@type":"ReadAction","target":["https:\/\/www.raimaberfluidtech.com\/industrial\/primix\/mezcladores-estaticos-sanitarios\/"]}]},{"@type":"BreadcrumbList","@id":"https:\/\/www.raimaberfluidtech.com\/industrial\/primix\/mezcladores-estaticos-sanitarios\/#breadcrumb","itemListElement":[{"@type":"ListItem","position":1,"name":"Home","item":"https:\/\/www.raimaberfluidtech.com\/industrial\/"},{"@type":"ListItem","position":2,"name":"Primix","item":"https:\/\/www.raimaberfluidtech.com\/industrial\/primix\/"},{"@type":"ListItem","position":3,"name":"Mezcladores est\u00e1ticos SANITARIOS SERIE PMS y SERIE PMX"}]},{"@type":"WebSite","@id":"https:\/\/www.raimaberfluidtech.com\/industrial\/#website","url":"https:\/\/www.raimaberfluidtech.com\/industrial\/","name":"Raimaber Fluid Tech [Industrial]","description":"Bombas industriales","publisher":{"@id":"https:\/\/www.raimaberfluidtech.com\/industrial\/#organization"},"potentialAction":[{"@type":"SearchAction","target":{"@type":"EntryPoint","urlTemplate":"https:\/\/www.raimaberfluidtech.com\/industrial\/?s={search_term_string}"},"query-input":{"@type":"PropertyValueSpecification","valueRequired":true,"valueName":"search_term_string"}}],"inLanguage":"es"},{"@type":"Organization","@id":"https:\/\/www.raimaberfluidtech.com\/industrial\/#organization","name":"Raimaber Fluid Tech [Industrial]","url":"https:\/\/www.raimaberfluidtech.com\/industrial\/","logo":{"@type":"ImageObject","inLanguage":"es","@id":"https:\/\/www.raimaberfluidtech.com\/industrial\/#\/schema\/logo\/image\/","url":"https:\/\/www.raimaberfluidtech.com\/industrial\/wp-content\/blogs.dir\/4\/files\/2012\/11\/raimaber.gif","contentUrl":"https:\/\/www.raimaberfluidtech.com\/industrial\/wp-content\/blogs.dir\/4\/files\/2012\/11\/raimaber.gif","width":"705","height":"438","caption":"Raimaber Fluid Tech [Industrial]"},"image":{"@id":"https:\/\/www.raimaberfluidtech.com\/industrial\/#\/schema\/logo\/image\/"}}]}},"_links":{"self":[{"href":"https:\/\/www.raimaberfluidtech.com\/industrial\/wp-json\/wp\/v2\/pages\/7276","targetHints":{"allow":["GET"]}}],"collection":[{"href":"https:\/\/www.raimaberfluidtech.com\/industrial\/wp-json\/wp\/v2\/pages"}],"about":[{"href":"https:\/\/www.raimaberfluidtech.com\/industrial\/wp-json\/wp\/v2\/types\/page"}],"author":[{"embeddable":true,"href":"https:\/\/www.raimaberfluidtech.com\/industrial\/wp-json\/wp\/v2\/users\/1"}],"replies":[{"embeddable":true,"href":"https:\/\/www.raimaberfluidtech.com\/industrial\/wp-json\/wp\/v2\/comments?post=7276"}],"version-history":[{"count":5,"href":"https:\/\/www.raimaberfluidtech.com\/industrial\/wp-json\/wp\/v2\/pages\/7276\/revisions"}],"predecessor-version":[{"id":7551,"href":"https:\/\/www.raimaberfluidtech.com\/industrial\/wp-json\/wp\/v2\/pages\/7276\/revisions\/7551"}],"up":[{"embeddable":true,"href":"https:\/\/www.raimaberfluidtech.com\/industrial\/wp-json\/wp\/v2\/pages\/7272"}],"wp:attachment":[{"href":"https:\/\/www.raimaberfluidtech.com\/industrial\/wp-json\/wp\/v2\/media?parent=7276"}],"curies":[{"name":"wp","href":"https:\/\/api.w.org\/{rel}","templated":true}]}}