{"id":677,"date":"2012-12-12T08:40:52","date_gmt":"2012-12-12T08:40:52","guid":{"rendered":"http:\/\/www.raimaberfluidtech.com\/industrial\/?page_id=677"},"modified":"2021-09-22T11:20:42","modified_gmt":"2021-09-22T11:20:42","slug":"bombas-centrifugas","status":"publish","type":"page","link":"https:\/\/www.raimaberfluidtech.com\/industrial\/bombas-oberdorfer\/bombas-centrifugas\/","title":{"rendered":"Bombas centr\u00edfugas &#8211; Series B, M, MB y P"},"content":{"rendered":"<div class=\"wpb-content-wrapper\"><p>[vc_row][vc_column width=\u00bb1\/2&#8243;][vc_media_grid element_width=\u00bb6&#8243; gap=\u00bb4&#8243; grid_id=\u00bbvc_gid:1632309549156-61657eb6-5374-4&#8243; include=\u00bb3100,5050,2887,2888,5049&#8243;][\/vc_column][vc_column width=\u00bb1\/2&#8243;][vc_custom_heading text=\u00bbBombas centr\u00edfugas &#8211; Series B, M, MB y P\u00bb font_container=\u00bbtag:h2|font_size:18px|text_align:left|color:%23000000&#8243; use_theme_fonts=\u00bbyes\u00bb][vc_column_text]Las principales caracter\u00edsticas de las <strong> bombas centr\u00edfugas Oberdorfer <\/strong> son las siguientes:<\/p>\n<ul>\n<li style=\"text-align: justify;\">Caudales hasta 45 m<sup>3<\/sup>\/h.<\/li>\n<li style=\"text-align: justify;\">Alturas de hasta 34 mca.<\/li>\n<li style=\"text-align: justify;\">Materiales de construcci\u00f3n: Bronce o Termopl\u00e1stico.<\/li>\n<li style=\"text-align: justify;\">Montaje monobloc o con rodamientos exteriores.<\/li>\n<li style=\"text-align: justify;\">Opcional bomba autoaspirante.<\/li>\n<li style=\"text-align: justify;\">Motores el\u00e9ctricos, opcional con motor de 12, 24 \u00f3 32 V. Tambi\u00e9n con motores de gasolina o di\u00e9sel.<\/li>\n<li style=\"text-align: justify;\">Bombas fabricadas con la normativa Guarda Costa 33 CFR 183.410-a.<\/li>\n<\/ul>\n<p>[\/vc_column_text][vc_empty_space][vc_btn title=\u00bbSOLICITUD DE INFORMACI\u00d3N T\u00c9CNICA\u00bb link=\u00bburl:https%3A%2F%2Fwww.raimaberfluidtech.com\/industrial%2Fsolicitud-informacion-tecnica%2F|title:Solicitud%20informaci%C3%B3n%20t%C3%A9cnica||\u00bb][\/vc_column][\/vc_row]<\/p>\n<\/div>","protected":false},"excerpt":{"rendered":"<p>[vc_row][vc_column width=\u00bb1\/2&#8243;][vc_media_grid element_width=\u00bb6&#8243; gap=\u00bb4&#8243; grid_id=\u00bbvc_gid:1632309549156-61657eb6-5374-4&#8243; include=\u00bb3100,5050,2887,2888,5049&#8243;][\/vc_column][vc_column width=\u00bb1\/2&#8243;][vc_custom_heading text=\u00bbBombas centr\u00edfugas &#8211; Series B, M, MB y P\u00bb font_container=\u00bbtag:h2|font_size:18px|text_align:left|color:%23000000&#8243; use_theme_fonts=\u00bbyes\u00bb][vc_column_text]Las principales caracter\u00edsticas de las bombas centr\u00edfugas Oberdorfer son las siguientes: Caudales hasta 45 m3\/h. Alturas de hasta 34 mca. Materiales de construcci\u00f3n:&#8230;<\/p>\n","protected":false},"author":1,"featured_media":0,"parent":356,"menu_order":0,"comment_status":"closed","ping_status":"closed","template":"page-sidebar.php","meta":{"footnotes":""},"class_list":["post-677","page","type-page","status-publish","hentry"],"yoast_head":"<!-- This site is optimized with the Yoast SEO plugin v24.3 - https:\/\/yoast.com\/wordpress\/plugins\/seo\/ -->\n<title>Bombas centr\u00edfugas Espa\u00f1a - Raimaber<\/title>\n<meta name=\"description\" content=\"Consulta las caracter\u00edsticas de las bombas centr\u00edfugas Oberdorfer en la web de Raimaber, especialistas en agitadores de biogas y bombas industriales.\" \/>\n<meta name=\"robots\" content=\"index, follow, max-snippet:-1, max-image-preview:large, max-video-preview:-1\" \/>\n<link rel=\"canonical\" href=\"https:\/\/www.raimaberfluidtech.com\/industrial\/bombas-oberdorfer\/bombas-centrifugas\/\" \/>\n<meta property=\"og:locale\" content=\"es_ES\" \/>\n<meta property=\"og:type\" content=\"article\" \/>\n<meta property=\"og:title\" content=\"Bombas centr\u00edfugas Espa\u00f1a - Raimaber\" \/>\n<meta property=\"og:description\" content=\"Consulta las caracter\u00edsticas de las bombas centr\u00edfugas Oberdorfer en la web de Raimaber, especialistas en agitadores de biogas y bombas industriales.\" \/>\n<meta property=\"og:url\" content=\"https:\/\/www.raimaberfluidtech.com\/industrial\/bombas-oberdorfer\/bombas-centrifugas\/\" \/>\n<meta property=\"og:site_name\" content=\"Raimaber Fluid Tech [Industrial]\" \/>\n<meta property=\"article:modified_time\" content=\"2021-09-22T11:20:42+00:00\" \/>\n<meta name=\"twitter:label1\" content=\"Tiempo de lectura\" \/>\n\t<meta name=\"twitter:data1\" content=\"1 minuto\" \/>\n<script type=\"application\/ld+json\" class=\"yoast-schema-graph\">{\"@context\":\"https:\/\/schema.org\",\"@graph\":[{\"@type\":\"WebPage\",\"@id\":\"https:\/\/www.raimaberfluidtech.com\/industrial\/bombas-oberdorfer\/bombas-centrifugas\/\",\"url\":\"https:\/\/www.raimaberfluidtech.com\/industrial\/bombas-oberdorfer\/bombas-centrifugas\/\",\"name\":\"Bombas centr\u00edfugas Espa\u00f1a - Raimaber\",\"isPartOf\":{\"@id\":\"https:\/\/www.raimaberfluidtech.com\/industrial\/#website\"},\"datePublished\":\"2012-12-12T08:40:52+00:00\",\"dateModified\":\"2021-09-22T11:20:42+00:00\",\"description\":\"Consulta las caracter\u00edsticas de las bombas centr\u00edfugas Oberdorfer en la web de Raimaber, especialistas en agitadores de biogas y bombas industriales.\",\"breadcrumb\":{\"@id\":\"https:\/\/www.raimaberfluidtech.com\/industrial\/bombas-oberdorfer\/bombas-centrifugas\/#breadcrumb\"},\"inLanguage\":\"es\",\"potentialAction\":[{\"@type\":\"ReadAction\",\"target\":[\"https:\/\/www.raimaberfluidtech.com\/industrial\/bombas-oberdorfer\/bombas-centrifugas\/\"]}]},{\"@type\":\"BreadcrumbList\",\"@id\":\"https:\/\/www.raimaberfluidtech.com\/industrial\/bombas-oberdorfer\/bombas-centrifugas\/#breadcrumb\",\"itemListElement\":[{\"@type\":\"ListItem\",\"position\":1,\"name\":\"Home\",\"item\":\"https:\/\/www.raimaberfluidtech.com\/industrial\/\"},{\"@type\":\"ListItem\",\"position\":2,\"name\":\"Oberdorfer Pumps Inc.\",\"item\":\"https:\/\/www.raimaberfluidtech.com\/industrial\/bombas-oberdorfer\/\"},{\"@type\":\"ListItem\",\"position\":3,\"name\":\"Bombas centr\u00edfugas &#8211; Series B, M, MB y P\"}]},{\"@type\":\"WebSite\",\"@id\":\"https:\/\/www.raimaberfluidtech.com\/industrial\/#website\",\"url\":\"https:\/\/www.raimaberfluidtech.com\/industrial\/\",\"name\":\"Raimaber Fluid Tech [Industrial]\",\"description\":\"Bombas industriales\",\"publisher\":{\"@id\":\"https:\/\/www.raimaberfluidtech.com\/industrial\/#organization\"},\"potentialAction\":[{\"@type\":\"SearchAction\",\"target\":{\"@type\":\"EntryPoint\",\"urlTemplate\":\"https:\/\/www.raimaberfluidtech.com\/industrial\/?s={search_term_string}\"},\"query-input\":{\"@type\":\"PropertyValueSpecification\",\"valueRequired\":true,\"valueName\":\"search_term_string\"}}],\"inLanguage\":\"es\"},{\"@type\":\"Organization\",\"@id\":\"https:\/\/www.raimaberfluidtech.com\/industrial\/#organization\",\"name\":\"Raimaber Fluid Tech [Industrial]\",\"url\":\"https:\/\/www.raimaberfluidtech.com\/industrial\/\",\"logo\":{\"@type\":\"ImageObject\",\"inLanguage\":\"es\",\"@id\":\"https:\/\/www.raimaberfluidtech.com\/industrial\/#\/schema\/logo\/image\/\",\"url\":\"https:\/\/www.raimaberfluidtech.com\/industrial\/wp-content\/blogs.dir\/4\/files\/2012\/11\/raimaber.gif\",\"contentUrl\":\"https:\/\/www.raimaberfluidtech.com\/industrial\/wp-content\/blogs.dir\/4\/files\/2012\/11\/raimaber.gif\",\"width\":\"705\",\"height\":\"438\",\"caption\":\"Raimaber Fluid Tech [Industrial]\"},\"image\":{\"@id\":\"https:\/\/www.raimaberfluidtech.com\/industrial\/#\/schema\/logo\/image\/\"}}]}<\/script>\n<!-- \/ Yoast SEO plugin. -->","yoast_head_json":{"title":"Bombas centr\u00edfugas Espa\u00f1a - Raimaber","description":"Consulta las caracter\u00edsticas de las bombas centr\u00edfugas Oberdorfer en la web de Raimaber, especialistas en agitadores de biogas y bombas industriales.","robots":{"index":"index","follow":"follow","max-snippet":"max-snippet:-1","max-image-preview":"max-image-preview:large","max-video-preview":"max-video-preview:-1"},"canonical":"https:\/\/www.raimaberfluidtech.com\/industrial\/bombas-oberdorfer\/bombas-centrifugas\/","og_locale":"es_ES","og_type":"article","og_title":"Bombas centr\u00edfugas Espa\u00f1a - Raimaber","og_description":"Consulta las caracter\u00edsticas de las bombas centr\u00edfugas Oberdorfer en la web de Raimaber, especialistas en agitadores de biogas y bombas industriales.","og_url":"https:\/\/www.raimaberfluidtech.com\/industrial\/bombas-oberdorfer\/bombas-centrifugas\/","og_site_name":"Raimaber Fluid Tech [Industrial]","article_modified_time":"2021-09-22T11:20:42+00:00","twitter_misc":{"Tiempo de lectura":"1 minuto"},"schema":{"@context":"https:\/\/schema.org","@graph":[{"@type":"WebPage","@id":"https:\/\/www.raimaberfluidtech.com\/industrial\/bombas-oberdorfer\/bombas-centrifugas\/","url":"https:\/\/www.raimaberfluidtech.com\/industrial\/bombas-oberdorfer\/bombas-centrifugas\/","name":"Bombas centr\u00edfugas Espa\u00f1a - Raimaber","isPartOf":{"@id":"https:\/\/www.raimaberfluidtech.com\/industrial\/#website"},"datePublished":"2012-12-12T08:40:52+00:00","dateModified":"2021-09-22T11:20:42+00:00","description":"Consulta las caracter\u00edsticas de las bombas centr\u00edfugas Oberdorfer en la web de Raimaber, especialistas en agitadores de biogas y bombas industriales.","breadcrumb":{"@id":"https:\/\/www.raimaberfluidtech.com\/industrial\/bombas-oberdorfer\/bombas-centrifugas\/#breadcrumb"},"inLanguage":"es","potentialAction":[{"@type":"ReadAction","target":["https:\/\/www.raimaberfluidtech.com\/industrial\/bombas-oberdorfer\/bombas-centrifugas\/"]}]},{"@type":"BreadcrumbList","@id":"https:\/\/www.raimaberfluidtech.com\/industrial\/bombas-oberdorfer\/bombas-centrifugas\/#breadcrumb","itemListElement":[{"@type":"ListItem","position":1,"name":"Home","item":"https:\/\/www.raimaberfluidtech.com\/industrial\/"},{"@type":"ListItem","position":2,"name":"Oberdorfer Pumps Inc.","item":"https:\/\/www.raimaberfluidtech.com\/industrial\/bombas-oberdorfer\/"},{"@type":"ListItem","position":3,"name":"Bombas centr\u00edfugas &#8211; Series B, M, MB y P"}]},{"@type":"WebSite","@id":"https:\/\/www.raimaberfluidtech.com\/industrial\/#website","url":"https:\/\/www.raimaberfluidtech.com\/industrial\/","name":"Raimaber Fluid Tech [Industrial]","description":"Bombas industriales","publisher":{"@id":"https:\/\/www.raimaberfluidtech.com\/industrial\/#organization"},"potentialAction":[{"@type":"SearchAction","target":{"@type":"EntryPoint","urlTemplate":"https:\/\/www.raimaberfluidtech.com\/industrial\/?s={search_term_string}"},"query-input":{"@type":"PropertyValueSpecification","valueRequired":true,"valueName":"search_term_string"}}],"inLanguage":"es"},{"@type":"Organization","@id":"https:\/\/www.raimaberfluidtech.com\/industrial\/#organization","name":"Raimaber Fluid Tech [Industrial]","url":"https:\/\/www.raimaberfluidtech.com\/industrial\/","logo":{"@type":"ImageObject","inLanguage":"es","@id":"https:\/\/www.raimaberfluidtech.com\/industrial\/#\/schema\/logo\/image\/","url":"https:\/\/www.raimaberfluidtech.com\/industrial\/wp-content\/blogs.dir\/4\/files\/2012\/11\/raimaber.gif","contentUrl":"https:\/\/www.raimaberfluidtech.com\/industrial\/wp-content\/blogs.dir\/4\/files\/2012\/11\/raimaber.gif","width":"705","height":"438","caption":"Raimaber Fluid Tech [Industrial]"},"image":{"@id":"https:\/\/www.raimaberfluidtech.com\/industrial\/#\/schema\/logo\/image\/"}}]}},"_links":{"self":[{"href":"https:\/\/www.raimaberfluidtech.com\/industrial\/wp-json\/wp\/v2\/pages\/677","targetHints":{"allow":["GET"]}}],"collection":[{"href":"https:\/\/www.raimaberfluidtech.com\/industrial\/wp-json\/wp\/v2\/pages"}],"about":[{"href":"https:\/\/www.raimaberfluidtech.com\/industrial\/wp-json\/wp\/v2\/types\/page"}],"author":[{"embeddable":true,"href":"https:\/\/www.raimaberfluidtech.com\/industrial\/wp-json\/wp\/v2\/users\/1"}],"replies":[{"embeddable":true,"href":"https:\/\/www.raimaberfluidtech.com\/industrial\/wp-json\/wp\/v2\/comments?post=677"}],"version-history":[{"count":27,"href":"https:\/\/www.raimaberfluidtech.com\/industrial\/wp-json\/wp\/v2\/pages\/677\/revisions"}],"predecessor-version":[{"id":7629,"href":"https:\/\/www.raimaberfluidtech.com\/industrial\/wp-json\/wp\/v2\/pages\/677\/revisions\/7629"}],"up":[{"embeddable":true,"href":"https:\/\/www.raimaberfluidtech.com\/industrial\/wp-json\/wp\/v2\/pages\/356"}],"wp:attachment":[{"href":"https:\/\/www.raimaberfluidtech.com\/industrial\/wp-json\/wp\/v2\/media?parent=677"}],"curies":[{"name":"wp","href":"https:\/\/api.w.org\/{rel}","templated":true}]}}