{"id":6510,"date":"2020-07-16T06:49:59","date_gmt":"2020-07-16T06:49:59","guid":{"rendered":"https:\/\/www.raimaberfluidtech.com\/industrial\/?page_id=6510"},"modified":"2023-07-17T11:23:52","modified_gmt":"2023-07-17T11:23:52","slug":"bornemann","status":"publish","type":"page","link":"https:\/\/www.raimaberfluidtech.com\/industrial\/bornemann\/","title":{"rendered":"Bornemann"},"content":{"rendered":"<div class=\"wpb-content-wrapper\"><p>[vc_row][vc_column width=\u00bb1\/2&#8243;][vc_media_grid element_width=\u00bb6&#8243; gap=\u00bb4&#8243; grid_id=\u00bbvc_gid:1689593016983-9df7da9b-1169-5&#8243; include=\u00bb6472,6468,6467,6465,6462,6460,6458&#8243;][\/vc_column][vc_column width=\u00bb1\/2&#8243;][vc_custom_heading text=\u00bbBornemann\u00bb font_container=\u00bbtag:h2|font_size:18px|text_align:left|color:%23000000&#8243; use_theme_fonts=\u00bbyes\u00bb][vc_column_text]TT Bornemann con sede central en Obernkirchen, localidad pr\u00f3xima a Hannover\/Alemania puede enorgullecerse de una larga y exitosa tradici\u00f3n. Desde la fundaci\u00f3n de la empresa en 1853, su meta ha sido responder a las demandas del mercado con soluciones tecnol\u00f3gicamente sobresalientes y econ\u00f3micamente convincentes.<\/p>\n<p>Y desde siempre Bornemann ha marcado su propio rumbo:<\/p>\n<ul>\n<li>1934 patent\u00f3 la bomba de doble husillo con rodamientos exteriores<\/li>\n<li>En los a\u00f1os 60 desarroll\u00f3 el concepto de las bombas de triple tornillo y tambi\u00e9n desarroll\u00f3 su propia bomba tornillo-sinfin exc\u00e9ntrico simple<\/li>\n<li>en los a\u00f1os 80, las bombas multif\u00e1sicas Bornemann abrieron posibilidades econ\u00f3micas hasta entonces desconocidas.<\/li>\n<li>en la actualidad, tiene modelos \u00fanicos que nadie ha podido copiar, con bombas de Gran Tama\u00f1o.<\/li>\n<li>desde su primer dise\u00f1o, se ha ido mejorando y modificando la bomba sanitaria de doble husillo, hasta el modelo 4G actual, pero ya se est\u00e1 trabajando en la nueva generaci\u00f3n<\/li>\n<\/ul>\n<p>El peso de la producci\u00f3n en ITT BORNEMAN , en Alemania, a dia de hoy se concentra en las bombas de doble husillo, tanto a nivel industrial como el acabado sanitario.<\/p>\n<p>Como empresa l\u00edder a nivel mundial \u00a0ITT BORNEMANN tiene un conocimiento total en las bombas de doble husillo y una posici\u00f3n de privilegio que trabaja d\u00eda a d\u00eda, para no bajar el nivel de calidad y continuar apostando por la innovaci\u00f3n.<\/p>\n<p>Representantes y empresas filiales en todo el mundo garantizan un soporte profesional inmediato, en todas las etapas del suministro, desde el inicio de proyecto con la oferta de los equipos, pasando por el cierre del pedido y la confirmaci\u00f3n de la aplicaci\u00f3n, para acabar con la puesta en marcha y el servicio post-venta.<\/p>\n<p>&nbsp;<\/p>\n<p><strong>Web<\/strong>: <a href=\"https:\/\/www.bornemann.com\/es-ES\/Home\/\" target=\"_blank\" rel=\"noopener\">https:\/\/www.bornemann.com\/es-ES\/Home\/<\/a>[\/vc_column_text][\/vc_column][\/vc_row][vc_row][vc_column][vc_column_text]<\/p>\n<p>[\/vc_column_text][\/vc_column][\/vc_row]<\/p>\n<\/div>","protected":false},"excerpt":{"rendered":"<p>[vc_row][vc_column width=\u00bb1\/2&#8243;][vc_media_grid element_width=\u00bb6&#8243; gap=\u00bb4&#8243; grid_id=\u00bbvc_gid:1689593016983-9df7da9b-1169-5&#8243; include=\u00bb6472,6468,6467,6465,6462,6460,6458&#8243;][\/vc_column][vc_column width=\u00bb1\/2&#8243;][vc_custom_heading text=\u00bbBornemann\u00bb font_container=\u00bbtag:h2|font_size:18px|text_align:left|color:%23000000&#8243; use_theme_fonts=\u00bbyes\u00bb][vc_column_text]TT Bornemann con sede central en Obernkirchen, localidad pr\u00f3xima a Hannover\/Alemania puede enorgullecerse de una larga y exitosa tradici\u00f3n. Desde la fundaci\u00f3n de la empresa en 1853, su meta ha sido&#8230;<\/p>\n","protected":false},"author":1,"featured_media":6527,"parent":0,"menu_order":0,"comment_status":"closed","ping_status":"closed","template":"page-sidebar.php","meta":{"footnotes":""},"class_list":["post-6510","page","type-page","status-publish","has-post-thumbnail","hentry"],"yoast_head":"<!-- This site is optimized with the Yoast SEO plugin v24.3 - https:\/\/yoast.com\/wordpress\/plugins\/seo\/ -->\n<title>Bornemann, expertos en bombas de doble husillo - Raimaber<\/title>\n<meta name=\"description\" content=\"Distribu\u00efdores de Bornemann, expertos en bombas de doble husillo porRaimaber Fluid Tech [Industrial]. Contacte y le informamos.\" \/>\n<meta name=\"robots\" content=\"index, follow, max-snippet:-1, max-image-preview:large, max-video-preview:-1\" \/>\n<link rel=\"canonical\" href=\"https:\/\/www.raimaberfluidtech.com\/industrial\/bornemann\/\" \/>\n<meta property=\"og:locale\" content=\"es_ES\" \/>\n<meta property=\"og:type\" content=\"article\" \/>\n<meta property=\"og:title\" content=\"Bornemann, expertos en bombas de doble husillo - Raimaber\" \/>\n<meta property=\"og:description\" content=\"Distribu\u00efdores de Bornemann, expertos en bombas de doble husillo porRaimaber Fluid Tech [Industrial]. Contacte y le informamos.\" \/>\n<meta property=\"og:url\" content=\"https:\/\/www.raimaberfluidtech.com\/industrial\/bornemann\/\" \/>\n<meta property=\"og:site_name\" content=\"Raimaber Fluid Tech [Industrial]\" \/>\n<meta property=\"article:modified_time\" content=\"2023-07-17T11:23:52+00:00\" \/>\n<meta property=\"og:image\" content=\"https:\/\/www.raimaberfluidtech.com\/industrial\/wp-content\/blogs.dir\/4\/files\/2020\/07\/Bornemann3-e1601374531303.png\" \/>\n\t<meta property=\"og:image:width\" content=\"960\" \/>\n\t<meta property=\"og:image:height\" content=\"259\" \/>\n\t<meta property=\"og:image:type\" content=\"image\/png\" \/>\n<meta name=\"twitter:label1\" content=\"Tiempo de lectura\" \/>\n\t<meta name=\"twitter:data1\" content=\"2 minutos\" \/>\n<script type=\"application\/ld+json\" class=\"yoast-schema-graph\">{\"@context\":\"https:\/\/schema.org\",\"@graph\":[{\"@type\":\"WebPage\",\"@id\":\"https:\/\/www.raimaberfluidtech.com\/industrial\/bornemann\/\",\"url\":\"https:\/\/www.raimaberfluidtech.com\/industrial\/bornemann\/\",\"name\":\"Bornemann, expertos en bombas de doble husillo - Raimaber\",\"isPartOf\":{\"@id\":\"https:\/\/www.raimaberfluidtech.com\/industrial\/#website\"},\"primaryImageOfPage\":{\"@id\":\"https:\/\/www.raimaberfluidtech.com\/industrial\/bornemann\/#primaryimage\"},\"image\":{\"@id\":\"https:\/\/www.raimaberfluidtech.com\/industrial\/bornemann\/#primaryimage\"},\"thumbnailUrl\":\"https:\/\/www.raimaberfluidtech.com\/industrial\/files\/2020\/07\/Bornemann3-e1601374531303.png\",\"datePublished\":\"2020-07-16T06:49:59+00:00\",\"dateModified\":\"2023-07-17T11:23:52+00:00\",\"description\":\"Distribu\u00efdores de Bornemann, expertos en bombas de doble husillo porRaimaber Fluid Tech [Industrial]. Contacte y le informamos.\",\"breadcrumb\":{\"@id\":\"https:\/\/www.raimaberfluidtech.com\/industrial\/bornemann\/#breadcrumb\"},\"inLanguage\":\"es\",\"potentialAction\":[{\"@type\":\"ReadAction\",\"target\":[\"https:\/\/www.raimaberfluidtech.com\/industrial\/bornemann\/\"]}]},{\"@type\":\"ImageObject\",\"inLanguage\":\"es\",\"@id\":\"https:\/\/www.raimaberfluidtech.com\/industrial\/bornemann\/#primaryimage\",\"url\":\"https:\/\/www.raimaberfluidtech.com\/industrial\/files\/2020\/07\/Bornemann3-e1601374531303.png\",\"contentUrl\":\"https:\/\/www.raimaberfluidtech.com\/industrial\/files\/2020\/07\/Bornemann3-e1601374531303.png\",\"width\":960,\"height\":259,\"caption\":\"Bornemann\"},{\"@type\":\"BreadcrumbList\",\"@id\":\"https:\/\/www.raimaberfluidtech.com\/industrial\/bornemann\/#breadcrumb\",\"itemListElement\":[{\"@type\":\"ListItem\",\"position\":1,\"name\":\"Home\",\"item\":\"https:\/\/www.raimaberfluidtech.com\/industrial\/\"},{\"@type\":\"ListItem\",\"position\":2,\"name\":\"Bornemann\"}]},{\"@type\":\"WebSite\",\"@id\":\"https:\/\/www.raimaberfluidtech.com\/industrial\/#website\",\"url\":\"https:\/\/www.raimaberfluidtech.com\/industrial\/\",\"name\":\"Raimaber Fluid Tech [Industrial]\",\"description\":\"Bombas industriales\",\"publisher\":{\"@id\":\"https:\/\/www.raimaberfluidtech.com\/industrial\/#organization\"},\"potentialAction\":[{\"@type\":\"SearchAction\",\"target\":{\"@type\":\"EntryPoint\",\"urlTemplate\":\"https:\/\/www.raimaberfluidtech.com\/industrial\/?s={search_term_string}\"},\"query-input\":{\"@type\":\"PropertyValueSpecification\",\"valueRequired\":true,\"valueName\":\"search_term_string\"}}],\"inLanguage\":\"es\"},{\"@type\":\"Organization\",\"@id\":\"https:\/\/www.raimaberfluidtech.com\/industrial\/#organization\",\"name\":\"Raimaber Fluid Tech [Industrial]\",\"url\":\"https:\/\/www.raimaberfluidtech.com\/industrial\/\",\"logo\":{\"@type\":\"ImageObject\",\"inLanguage\":\"es\",\"@id\":\"https:\/\/www.raimaberfluidtech.com\/industrial\/#\/schema\/logo\/image\/\",\"url\":\"https:\/\/www.raimaberfluidtech.com\/industrial\/wp-content\/blogs.dir\/4\/files\/2012\/11\/raimaber.gif\",\"contentUrl\":\"https:\/\/www.raimaberfluidtech.com\/industrial\/wp-content\/blogs.dir\/4\/files\/2012\/11\/raimaber.gif\",\"width\":\"705\",\"height\":\"438\",\"caption\":\"Raimaber Fluid Tech [Industrial]\"},\"image\":{\"@id\":\"https:\/\/www.raimaberfluidtech.com\/industrial\/#\/schema\/logo\/image\/\"}}]}<\/script>\n<!-- \/ Yoast SEO plugin. -->","yoast_head_json":{"title":"Bornemann, expertos en bombas de doble husillo - Raimaber","description":"Distribu\u00efdores de Bornemann, expertos en bombas de doble husillo porRaimaber Fluid Tech [Industrial]. Contacte y le informamos.","robots":{"index":"index","follow":"follow","max-snippet":"max-snippet:-1","max-image-preview":"max-image-preview:large","max-video-preview":"max-video-preview:-1"},"canonical":"https:\/\/www.raimaberfluidtech.com\/industrial\/bornemann\/","og_locale":"es_ES","og_type":"article","og_title":"Bornemann, expertos en bombas de doble husillo - Raimaber","og_description":"Distribu\u00efdores de Bornemann, expertos en bombas de doble husillo porRaimaber Fluid Tech [Industrial]. Contacte y le informamos.","og_url":"https:\/\/www.raimaberfluidtech.com\/industrial\/bornemann\/","og_site_name":"Raimaber Fluid Tech [Industrial]","article_modified_time":"2023-07-17T11:23:52+00:00","og_image":[{"width":960,"height":259,"url":"https:\/\/www.raimaberfluidtech.com\/industrial\/wp-content\/blogs.dir\/4\/files\/2020\/07\/Bornemann3-e1601374531303.png","type":"image\/png"}],"twitter_misc":{"Tiempo de lectura":"2 minutos"},"schema":{"@context":"https:\/\/schema.org","@graph":[{"@type":"WebPage","@id":"https:\/\/www.raimaberfluidtech.com\/industrial\/bornemann\/","url":"https:\/\/www.raimaberfluidtech.com\/industrial\/bornemann\/","name":"Bornemann, expertos en bombas de doble husillo - Raimaber","isPartOf":{"@id":"https:\/\/www.raimaberfluidtech.com\/industrial\/#website"},"primaryImageOfPage":{"@id":"https:\/\/www.raimaberfluidtech.com\/industrial\/bornemann\/#primaryimage"},"image":{"@id":"https:\/\/www.raimaberfluidtech.com\/industrial\/bornemann\/#primaryimage"},"thumbnailUrl":"https:\/\/www.raimaberfluidtech.com\/industrial\/files\/2020\/07\/Bornemann3-e1601374531303.png","datePublished":"2020-07-16T06:49:59+00:00","dateModified":"2023-07-17T11:23:52+00:00","description":"Distribu\u00efdores de Bornemann, expertos en bombas de doble husillo porRaimaber Fluid Tech [Industrial]. Contacte y le informamos.","breadcrumb":{"@id":"https:\/\/www.raimaberfluidtech.com\/industrial\/bornemann\/#breadcrumb"},"inLanguage":"es","potentialAction":[{"@type":"ReadAction","target":["https:\/\/www.raimaberfluidtech.com\/industrial\/bornemann\/"]}]},{"@type":"ImageObject","inLanguage":"es","@id":"https:\/\/www.raimaberfluidtech.com\/industrial\/bornemann\/#primaryimage","url":"https:\/\/www.raimaberfluidtech.com\/industrial\/files\/2020\/07\/Bornemann3-e1601374531303.png","contentUrl":"https:\/\/www.raimaberfluidtech.com\/industrial\/files\/2020\/07\/Bornemann3-e1601374531303.png","width":960,"height":259,"caption":"Bornemann"},{"@type":"BreadcrumbList","@id":"https:\/\/www.raimaberfluidtech.com\/industrial\/bornemann\/#breadcrumb","itemListElement":[{"@type":"ListItem","position":1,"name":"Home","item":"https:\/\/www.raimaberfluidtech.com\/industrial\/"},{"@type":"ListItem","position":2,"name":"Bornemann"}]},{"@type":"WebSite","@id":"https:\/\/www.raimaberfluidtech.com\/industrial\/#website","url":"https:\/\/www.raimaberfluidtech.com\/industrial\/","name":"Raimaber Fluid Tech [Industrial]","description":"Bombas industriales","publisher":{"@id":"https:\/\/www.raimaberfluidtech.com\/industrial\/#organization"},"potentialAction":[{"@type":"SearchAction","target":{"@type":"EntryPoint","urlTemplate":"https:\/\/www.raimaberfluidtech.com\/industrial\/?s={search_term_string}"},"query-input":{"@type":"PropertyValueSpecification","valueRequired":true,"valueName":"search_term_string"}}],"inLanguage":"es"},{"@type":"Organization","@id":"https:\/\/www.raimaberfluidtech.com\/industrial\/#organization","name":"Raimaber Fluid Tech [Industrial]","url":"https:\/\/www.raimaberfluidtech.com\/industrial\/","logo":{"@type":"ImageObject","inLanguage":"es","@id":"https:\/\/www.raimaberfluidtech.com\/industrial\/#\/schema\/logo\/image\/","url":"https:\/\/www.raimaberfluidtech.com\/industrial\/wp-content\/blogs.dir\/4\/files\/2012\/11\/raimaber.gif","contentUrl":"https:\/\/www.raimaberfluidtech.com\/industrial\/wp-content\/blogs.dir\/4\/files\/2012\/11\/raimaber.gif","width":"705","height":"438","caption":"Raimaber Fluid Tech [Industrial]"},"image":{"@id":"https:\/\/www.raimaberfluidtech.com\/industrial\/#\/schema\/logo\/image\/"}}]}},"_links":{"self":[{"href":"https:\/\/www.raimaberfluidtech.com\/industrial\/wp-json\/wp\/v2\/pages\/6510","targetHints":{"allow":["GET"]}}],"collection":[{"href":"https:\/\/www.raimaberfluidtech.com\/industrial\/wp-json\/wp\/v2\/pages"}],"about":[{"href":"https:\/\/www.raimaberfluidtech.com\/industrial\/wp-json\/wp\/v2\/types\/page"}],"author":[{"embeddable":true,"href":"https:\/\/www.raimaberfluidtech.com\/industrial\/wp-json\/wp\/v2\/users\/1"}],"replies":[{"embeddable":true,"href":"https:\/\/www.raimaberfluidtech.com\/industrial\/wp-json\/wp\/v2\/comments?post=6510"}],"version-history":[{"count":6,"href":"https:\/\/www.raimaberfluidtech.com\/industrial\/wp-json\/wp\/v2\/pages\/6510\/revisions"}],"predecessor-version":[{"id":7931,"href":"https:\/\/www.raimaberfluidtech.com\/industrial\/wp-json\/wp\/v2\/pages\/6510\/revisions\/7931"}],"wp:featuredmedia":[{"embeddable":true,"href":"https:\/\/www.raimaberfluidtech.com\/industrial\/wp-json\/wp\/v2\/media\/6527"}],"wp:attachment":[{"href":"https:\/\/www.raimaberfluidtech.com\/industrial\/wp-json\/wp\/v2\/media?parent=6510"}],"curies":[{"name":"wp","href":"https:\/\/api.w.org\/{rel}","templated":true}]}}