{"id":6409,"date":"2020-06-26T12:18:23","date_gmt":"2020-06-26T12:18:23","guid":{"rendered":"https:\/\/www.raimaberfluidtech.com\/industrial\/?page_id=6409"},"modified":"2023-01-13T10:39:38","modified_gmt":"2023-01-13T10:39:38","slug":"serie-slh-4g","status":"publish","type":"page","link":"https:\/\/www.raimaberfluidtech.com\/industrial\/bornemann\/serie-slh-4g\/","title":{"rendered":"SERIE SLH-4G"},"content":{"rendered":"<div class=\"wpb-content-wrapper\"><p>[vc_row][vc_column width=\u00bb1\/2&#8243;][vc_media_grid element_width=\u00bb6&#8243; gap=\u00bb4&#8243; grid_id=\u00bbvc_gid:1673605522220-8e864bbf-3f3c-6&#8243; include=\u00bb6458,6459,6457&#8243;][\/vc_column][vc_column width=\u00bb1\/2&#8243;][vc_custom_heading text=\u00bbSERIE SLH-4G\u00bb font_container=\u00bbtag:h2|font_size:18px|text_align:left|color:%23000000&#8243; use_theme_fonts=\u00bbyes\u00bb][vc_column_text]Este es modelo de la 4\u00ba Generaci\u00f3n<\/p>\n<p>Caracter\u00edsiticas:<\/p>\n<ul>\n<li>Presiones de hasta 25 bar (si la aplicaci\u00f3n lo requiere, en alg\u00fan caso se han superado los 30 bar)<\/li>\n<li>Limpieza CIP, con la misma bomba. Puede girar hasta 3000 rpm<\/li>\n<li>M\u00e1s flexibilidad, con variabilidad en tipos de husillos y diferentes dise\u00f1os.<\/li>\n<li>Mejoras en el cierre, alargan la vida. Adem\u00e1s de incorporar cierres tipo \u201cknife edge\u201d para productos abrasivos o pegajosos. Muy recomendable para el bombeo de chocolate, glucosa, pralin\u00e9, etc<\/li>\n<li>Cuerpo y caja de engranajes en inoxidable.<\/li>\n<li>Dise\u00f1o sanitario, sin casquillo de fijaci\u00f3n en la tapa frontal<\/li>\n<li>Giro bi-direccional<\/li>\n<li>Flujo sin pulsaciones<\/li>\n<li>Auto-cebantes<\/li>\n<li>Opcional bancada tipo tubular, mejorando la limpieza externa del conjunto.<\/li>\n<li>Opcional certificado as\u00e9ptico<\/li>\n<li>Opcional cuerpo calafateado<\/li>\n<li>7 tama\u00f1os disponibles<\/li>\n<\/ul>\n<p>&nbsp;<\/p>\n<p>OTRAS SERIES DE LA 4\u00ba GENERACI\u00d3N:<\/p>\n<p>4E<\/p>\n<ul>\n<li>Esta se ha dise\u00f1ado para caudales bajos y dosificaciones<\/li>\n<li>Opcional recubrimiento interno del cuerpo en PEEK (pl\u00e1stico)<\/li>\n<li>Garantizada hasta 6 bar<\/li>\n<li>Limpieza CIP, con la misma bomba. Puede girar hasta 1800 rpm<\/li>\n<li>3 tama\u00f1os disponibles<\/li>\n<\/ul>\n<p>&nbsp;<\/p>\n<p>4S<\/p>\n<ul>\n<li>Presiones de hasta 10 bar<\/li>\n<li>Limpieza CIP, con la misma bomba. Puede girar hasta 3000 rpm<\/li>\n<li>M\u00e1s especio entre los usillos. Se recomienda para bombeo de productos particulados.<\/li>\n<li>6 tama\u00f1os disponibles<\/li>\n<\/ul>\n<p>&nbsp;<\/p>\n<p>4U<\/p>\n<ul>\n<li>Cuerpo y tapa, de una sola pieza<\/li>\n<li>Limpieza CIP, con la misma bomba. Puede girar hasta 3000 rpm<\/li>\n<li>Tama\u00f1os de conexiones est\u00e1ndar, sin posibilidad de modificaci\u00f3n<\/li>\n<li>Elast\u00f3meros certificado sanitario<\/li>\n<li>Cierre mec\u00e1nico por componentes, opcional tipo cartucho<\/li>\n<li>3 tama\u00f1os disponibles<\/li>\n<\/ul>\n<p>&nbsp;<\/p>\n<p>4V<\/p>\n<ul>\n<li>Montaje vertical<\/li>\n<li>Sobre todo, dise\u00f1ado para el vaciado de bidones.<\/li>\n<li>Siempre con aspiraci\u00f3n axial frontal<\/li>\n<li>3 tama\u00f1os disponibles<\/li>\n<li>Limpieza CIP, con la misma bomba. Puede girar hasta 1800 rpm<\/li>\n<\/ul>\n<p>[\/vc_column_text][vc_empty_space][vc_btn title=\u00bbSOLICITUD DE INFORMACI\u00d3N T\u00c9CNICA\u00bb css=\u00bb.vc_custom_1632305302065{margin-bottom: 0px !important;}\u00bb link=\u00bburl:https%3A%2F%2Fwww.raimaberfluidtech.com\/industrial%2Fsolicitud-informacion-tecnica%2F|title:Solicitud%20informaci%C3%B3n%20t%C3%A9cnica||\u00bb][\/vc_column][\/vc_row]<\/p>\n<\/div>","protected":false},"excerpt":{"rendered":"<p>[vc_row][vc_column width=\u00bb1\/2&#8243;][vc_media_grid element_width=\u00bb6&#8243; gap=\u00bb4&#8243; grid_id=\u00bbvc_gid:1673605522220-8e864bbf-3f3c-6&#8243; include=\u00bb6458,6459,6457&#8243;][\/vc_column][vc_column width=\u00bb1\/2&#8243;][vc_custom_heading text=\u00bbSERIE SLH-4G\u00bb font_container=\u00bbtag:h2|font_size:18px|text_align:left|color:%23000000&#8243; use_theme_fonts=\u00bbyes\u00bb][vc_column_text]Este es modelo de la 4\u00ba Generaci\u00f3n Caracter\u00edsiticas: Presiones de hasta 25 bar (si la aplicaci\u00f3n lo requiere, en alg\u00fan caso se han superado los 30 bar) Limpieza CIP, con&#8230;<\/p>\n","protected":false},"author":1,"featured_media":0,"parent":6510,"menu_order":0,"comment_status":"closed","ping_status":"closed","template":"page-sidebar.php","meta":{"footnotes":""},"class_list":["post-6409","page","type-page","status-publish","hentry"],"yoast_head":"<!-- This site is optimized with the Yoast SEO plugin v24.3 - https:\/\/yoast.com\/wordpress\/plugins\/seo\/ -->\n<title>Bornemann: SERIE SLH-4G - Raimaber Fluid Tech [Industrial]<\/title>\n<meta name=\"description\" content=\"Secci\u00f3n de Bornemann: SERIE SLH-4G en Raimaber Fluid Tech [Industrial]. Contacte y le informamos.\" \/>\n<meta name=\"robots\" content=\"index, follow, max-snippet:-1, max-image-preview:large, max-video-preview:-1\" \/>\n<link rel=\"canonical\" href=\"https:\/\/www.raimaberfluidtech.com\/industrial\/bornemann\/serie-slh-4g\/\" \/>\n<meta property=\"og:locale\" content=\"es_ES\" \/>\n<meta property=\"og:type\" content=\"article\" \/>\n<meta property=\"og:title\" content=\"Bornemann: SERIE SLH-4G - Raimaber Fluid Tech [Industrial]\" \/>\n<meta property=\"og:description\" content=\"Secci\u00f3n de Bornemann: SERIE SLH-4G en Raimaber Fluid Tech [Industrial]. Contacte y le informamos.\" \/>\n<meta property=\"og:url\" content=\"https:\/\/www.raimaberfluidtech.com\/industrial\/bornemann\/serie-slh-4g\/\" \/>\n<meta property=\"og:site_name\" content=\"Raimaber Fluid Tech [Industrial]\" \/>\n<meta property=\"article:modified_time\" content=\"2023-01-13T10:39:38+00:00\" \/>\n<meta name=\"twitter:label1\" content=\"Tiempo de lectura\" \/>\n\t<meta name=\"twitter:data1\" content=\"2 minutos\" \/>\n<script type=\"application\/ld+json\" class=\"yoast-schema-graph\">{\"@context\":\"https:\/\/schema.org\",\"@graph\":[{\"@type\":\"WebPage\",\"@id\":\"https:\/\/www.raimaberfluidtech.com\/industrial\/bornemann\/serie-slh-4g\/\",\"url\":\"https:\/\/www.raimaberfluidtech.com\/industrial\/bornemann\/serie-slh-4g\/\",\"name\":\"Bornemann: SERIE SLH-4G - Raimaber Fluid Tech [Industrial]\",\"isPartOf\":{\"@id\":\"https:\/\/www.raimaberfluidtech.com\/industrial\/#website\"},\"datePublished\":\"2020-06-26T12:18:23+00:00\",\"dateModified\":\"2023-01-13T10:39:38+00:00\",\"description\":\"Secci\u00f3n de Bornemann: SERIE SLH-4G en Raimaber Fluid Tech [Industrial]. Contacte y le informamos.\",\"breadcrumb\":{\"@id\":\"https:\/\/www.raimaberfluidtech.com\/industrial\/bornemann\/serie-slh-4g\/#breadcrumb\"},\"inLanguage\":\"es\",\"potentialAction\":[{\"@type\":\"ReadAction\",\"target\":[\"https:\/\/www.raimaberfluidtech.com\/industrial\/bornemann\/serie-slh-4g\/\"]}]},{\"@type\":\"BreadcrumbList\",\"@id\":\"https:\/\/www.raimaberfluidtech.com\/industrial\/bornemann\/serie-slh-4g\/#breadcrumb\",\"itemListElement\":[{\"@type\":\"ListItem\",\"position\":1,\"name\":\"Home\",\"item\":\"https:\/\/www.raimaberfluidtech.com\/industrial\/\"},{\"@type\":\"ListItem\",\"position\":2,\"name\":\"Bornemann\",\"item\":\"https:\/\/www.raimaberfluidtech.com\/industrial\/bornemann\/\"},{\"@type\":\"ListItem\",\"position\":3,\"name\":\"SERIE SLH-4G\"}]},{\"@type\":\"WebSite\",\"@id\":\"https:\/\/www.raimaberfluidtech.com\/industrial\/#website\",\"url\":\"https:\/\/www.raimaberfluidtech.com\/industrial\/\",\"name\":\"Raimaber Fluid Tech [Industrial]\",\"description\":\"Bombas industriales\",\"publisher\":{\"@id\":\"https:\/\/www.raimaberfluidtech.com\/industrial\/#organization\"},\"potentialAction\":[{\"@type\":\"SearchAction\",\"target\":{\"@type\":\"EntryPoint\",\"urlTemplate\":\"https:\/\/www.raimaberfluidtech.com\/industrial\/?s={search_term_string}\"},\"query-input\":{\"@type\":\"PropertyValueSpecification\",\"valueRequired\":true,\"valueName\":\"search_term_string\"}}],\"inLanguage\":\"es\"},{\"@type\":\"Organization\",\"@id\":\"https:\/\/www.raimaberfluidtech.com\/industrial\/#organization\",\"name\":\"Raimaber Fluid Tech [Industrial]\",\"url\":\"https:\/\/www.raimaberfluidtech.com\/industrial\/\",\"logo\":{\"@type\":\"ImageObject\",\"inLanguage\":\"es\",\"@id\":\"https:\/\/www.raimaberfluidtech.com\/industrial\/#\/schema\/logo\/image\/\",\"url\":\"https:\/\/www.raimaberfluidtech.com\/industrial\/wp-content\/blogs.dir\/4\/files\/2012\/11\/raimaber.gif\",\"contentUrl\":\"https:\/\/www.raimaberfluidtech.com\/industrial\/wp-content\/blogs.dir\/4\/files\/2012\/11\/raimaber.gif\",\"width\":\"705\",\"height\":\"438\",\"caption\":\"Raimaber Fluid Tech [Industrial]\"},\"image\":{\"@id\":\"https:\/\/www.raimaberfluidtech.com\/industrial\/#\/schema\/logo\/image\/\"}}]}<\/script>\n<!-- \/ Yoast SEO plugin. -->","yoast_head_json":{"title":"Bornemann: SERIE SLH-4G - Raimaber Fluid Tech [Industrial]","description":"Secci\u00f3n de Bornemann: SERIE SLH-4G en Raimaber Fluid Tech [Industrial]. Contacte y le informamos.","robots":{"index":"index","follow":"follow","max-snippet":"max-snippet:-1","max-image-preview":"max-image-preview:large","max-video-preview":"max-video-preview:-1"},"canonical":"https:\/\/www.raimaberfluidtech.com\/industrial\/bornemann\/serie-slh-4g\/","og_locale":"es_ES","og_type":"article","og_title":"Bornemann: SERIE SLH-4G - Raimaber Fluid Tech [Industrial]","og_description":"Secci\u00f3n de Bornemann: SERIE SLH-4G en Raimaber Fluid Tech [Industrial]. Contacte y le informamos.","og_url":"https:\/\/www.raimaberfluidtech.com\/industrial\/bornemann\/serie-slh-4g\/","og_site_name":"Raimaber Fluid Tech [Industrial]","article_modified_time":"2023-01-13T10:39:38+00:00","twitter_misc":{"Tiempo de lectura":"2 minutos"},"schema":{"@context":"https:\/\/schema.org","@graph":[{"@type":"WebPage","@id":"https:\/\/www.raimaberfluidtech.com\/industrial\/bornemann\/serie-slh-4g\/","url":"https:\/\/www.raimaberfluidtech.com\/industrial\/bornemann\/serie-slh-4g\/","name":"Bornemann: SERIE SLH-4G - Raimaber Fluid Tech [Industrial]","isPartOf":{"@id":"https:\/\/www.raimaberfluidtech.com\/industrial\/#website"},"datePublished":"2020-06-26T12:18:23+00:00","dateModified":"2023-01-13T10:39:38+00:00","description":"Secci\u00f3n de Bornemann: SERIE SLH-4G en Raimaber Fluid Tech [Industrial]. Contacte y le informamos.","breadcrumb":{"@id":"https:\/\/www.raimaberfluidtech.com\/industrial\/bornemann\/serie-slh-4g\/#breadcrumb"},"inLanguage":"es","potentialAction":[{"@type":"ReadAction","target":["https:\/\/www.raimaberfluidtech.com\/industrial\/bornemann\/serie-slh-4g\/"]}]},{"@type":"BreadcrumbList","@id":"https:\/\/www.raimaberfluidtech.com\/industrial\/bornemann\/serie-slh-4g\/#breadcrumb","itemListElement":[{"@type":"ListItem","position":1,"name":"Home","item":"https:\/\/www.raimaberfluidtech.com\/industrial\/"},{"@type":"ListItem","position":2,"name":"Bornemann","item":"https:\/\/www.raimaberfluidtech.com\/industrial\/bornemann\/"},{"@type":"ListItem","position":3,"name":"SERIE SLH-4G"}]},{"@type":"WebSite","@id":"https:\/\/www.raimaberfluidtech.com\/industrial\/#website","url":"https:\/\/www.raimaberfluidtech.com\/industrial\/","name":"Raimaber Fluid Tech [Industrial]","description":"Bombas industriales","publisher":{"@id":"https:\/\/www.raimaberfluidtech.com\/industrial\/#organization"},"potentialAction":[{"@type":"SearchAction","target":{"@type":"EntryPoint","urlTemplate":"https:\/\/www.raimaberfluidtech.com\/industrial\/?s={search_term_string}"},"query-input":{"@type":"PropertyValueSpecification","valueRequired":true,"valueName":"search_term_string"}}],"inLanguage":"es"},{"@type":"Organization","@id":"https:\/\/www.raimaberfluidtech.com\/industrial\/#organization","name":"Raimaber Fluid Tech [Industrial]","url":"https:\/\/www.raimaberfluidtech.com\/industrial\/","logo":{"@type":"ImageObject","inLanguage":"es","@id":"https:\/\/www.raimaberfluidtech.com\/industrial\/#\/schema\/logo\/image\/","url":"https:\/\/www.raimaberfluidtech.com\/industrial\/wp-content\/blogs.dir\/4\/files\/2012\/11\/raimaber.gif","contentUrl":"https:\/\/www.raimaberfluidtech.com\/industrial\/wp-content\/blogs.dir\/4\/files\/2012\/11\/raimaber.gif","width":"705","height":"438","caption":"Raimaber Fluid Tech [Industrial]"},"image":{"@id":"https:\/\/www.raimaberfluidtech.com\/industrial\/#\/schema\/logo\/image\/"}}]}},"_links":{"self":[{"href":"https:\/\/www.raimaberfluidtech.com\/industrial\/wp-json\/wp\/v2\/pages\/6409","targetHints":{"allow":["GET"]}}],"collection":[{"href":"https:\/\/www.raimaberfluidtech.com\/industrial\/wp-json\/wp\/v2\/pages"}],"about":[{"href":"https:\/\/www.raimaberfluidtech.com\/industrial\/wp-json\/wp\/v2\/types\/page"}],"author":[{"embeddable":true,"href":"https:\/\/www.raimaberfluidtech.com\/industrial\/wp-json\/wp\/v2\/users\/1"}],"replies":[{"embeddable":true,"href":"https:\/\/www.raimaberfluidtech.com\/industrial\/wp-json\/wp\/v2\/comments?post=6409"}],"version-history":[{"count":11,"href":"https:\/\/www.raimaberfluidtech.com\/industrial\/wp-json\/wp\/v2\/pages\/6409\/revisions"}],"predecessor-version":[{"id":7876,"href":"https:\/\/www.raimaberfluidtech.com\/industrial\/wp-json\/wp\/v2\/pages\/6409\/revisions\/7876"}],"up":[{"embeddable":true,"href":"https:\/\/www.raimaberfluidtech.com\/industrial\/wp-json\/wp\/v2\/pages\/6510"}],"wp:attachment":[{"href":"https:\/\/www.raimaberfluidtech.com\/industrial\/wp-json\/wp\/v2\/media?parent=6409"}],"curies":[{"name":"wp","href":"https:\/\/api.w.org\/{rel}","templated":true}]}}