{"id":573,"date":"2012-12-11T16:30:50","date_gmt":"2012-12-11T16:30:50","guid":{"rendered":"http:\/\/www.raimaberfluidtech.com\/industrial\/?page_id=573"},"modified":"2021-09-22T10:47:13","modified_gmt":"2021-09-22T10:47:13","slug":"bombas-centrifugas-serie-zat-zap","status":"publish","type":"page","link":"https:\/\/www.raimaberfluidtech.com\/industrial\/bombas-sawa\/bombas-centrifugas-serie-zat-zap\/","title":{"rendered":"Bombas centrifugas &#8211; Serie ZAT-ZAP"},"content":{"rendered":"<div class=\"wpb-content-wrapper\"><p>[vc_row][vc_column width=\u00bb1\/2&#8243;][vc_media_grid element_width=\u00bb6&#8243; gap=\u00bb4&#8243; grid_id=\u00bbvc_gid:1632306043030-ae64da9f-98eb-10&#8243; include=\u00bb4942,4943&#8243;][\/vc_column][vc_column width=\u00bb1\/2&#8243;][vc_custom_heading text=\u00bbBombas centrifugas &#8211; Serie ZAT-ZAP\u00bb font_container=\u00bbtag:h2|font_size:18px|text_align:left|color:%23000000&#8243; use_theme_fonts=\u00bbyes\u00bb][vc_column_text]<\/p>\n<p style=\"text-align: justify;\">Las <strong>bombas centr\u00edfugas serie ZAT-ZAP <\/strong>de <a href=\"https:\/\/www.raimaberfluidtech.com\/industrial\/bombas-sawa\">Sawa<\/a>\u00a0se pueden montar tanto con cierre mec\u00e1nico sencillo, doble, labial y opcional en acoplamiento magn\u00e9tico. Las caracter\u00edsticas t\u00e9cnicas de dichas bombas son:<\/p>\n<ul>\n<li style=\"text-align: justify;\">Dise\u00f1o exclusivo.<\/li>\n<li style=\"text-align: justify;\">Sobretodo para la industria farmac\u00e9utica.<\/li>\n<li style=\"text-align: justify;\">Nos permite drenar completamente la bomba, ya que el montaje es vertical.<\/li>\n<li style=\"text-align: justify;\">Nos acoplamos a las exigencias del cliente, tanto en el montaje como en el dise\u00f1o.<\/li>\n<li style=\"text-align: justify;\">Puede ser vertical sumergible.<\/li>\n<li style=\"text-align: justify;\">Opcional con acoplamiento magn\u00e9tico.<\/li>\n<li style=\"text-align: justify;\">Certificado ATEX.<\/li>\n<li style=\"text-align: justify;\">Fabricada en INOX 316L.<\/li>\n<li style=\"text-align: justify;\">Caudales hasta 7m3\/h y 60 mca totales.<\/li>\n<\/ul>\n<p>[\/vc_column_text][vc_empty_space][vc_btn title=\u00bbSOLICITUD DE INFORMACI\u00d3N T\u00c9CNICA\u00bb link=\u00bburl:https%3A%2F%2Fwww.raimaberfluidtech.com\/industrial%2Fsolicitud-informacion-tecnica%2F|title:Solicitud%20informaci%C3%B3n%20t%C3%A9cnica||\u00bb][\/vc_column][\/vc_row]<\/p>\n<\/div>","protected":false},"excerpt":{"rendered":"<p>[vc_row][vc_column width=\u00bb1\/2&#8243;][vc_media_grid element_width=\u00bb6&#8243; gap=\u00bb4&#8243; grid_id=\u00bbvc_gid:1632306043030-ae64da9f-98eb-10&#8243; include=\u00bb4942,4943&#8243;][\/vc_column][vc_column width=\u00bb1\/2&#8243;][vc_custom_heading text=\u00bbBombas centrifugas &#8211; Serie ZAT-ZAP\u00bb font_container=\u00bbtag:h2|font_size:18px|text_align:left|color:%23000000&#8243; use_theme_fonts=\u00bbyes\u00bb][vc_column_text] Las bombas centr\u00edfugas serie ZAT-ZAP de Sawa\u00a0se pueden montar tanto con cierre mec\u00e1nico sencillo, doble, labial y opcional en acoplamiento magn\u00e9tico. Las caracter\u00edsticas t\u00e9cnicas de dichas&#8230;<\/p>\n","protected":false},"author":1,"featured_media":0,"parent":338,"menu_order":0,"comment_status":"closed","ping_status":"closed","template":"page-sidebar.php","meta":{"footnotes":""},"class_list":["post-573","page","type-page","status-publish","hentry"],"yoast_head":"<!-- This site is optimized with the Yoast SEO plugin v24.3 - https:\/\/yoast.com\/wordpress\/plugins\/seo\/ -->\n<title>Bombas centrifugas Espa\u00f1a - serie ZAT-ZAP - Raimaber<\/title>\n<meta name=\"description\" content=\"Informare sobre las bombas centr\u00edfugas serie ZAT-ZAP de Sawase en Raimaber, expertos en bombas industriales y sistemas de mezclas en digestores.\" \/>\n<meta name=\"robots\" content=\"index, follow, max-snippet:-1, max-image-preview:large, max-video-preview:-1\" \/>\n<link rel=\"canonical\" href=\"https:\/\/www.raimaberfluidtech.com\/industrial\/bombas-sawa\/bombas-centrifugas-serie-zat-zap\/\" \/>\n<meta property=\"og:locale\" content=\"es_ES\" \/>\n<meta property=\"og:type\" content=\"article\" \/>\n<meta property=\"og:title\" content=\"Bombas centrifugas Espa\u00f1a - serie ZAT-ZAP - Raimaber\" \/>\n<meta property=\"og:description\" content=\"Informare sobre las bombas centr\u00edfugas serie ZAT-ZAP de Sawase en Raimaber, expertos en bombas industriales y sistemas de mezclas en digestores.\" \/>\n<meta property=\"og:url\" content=\"https:\/\/www.raimaberfluidtech.com\/industrial\/bombas-sawa\/bombas-centrifugas-serie-zat-zap\/\" \/>\n<meta property=\"og:site_name\" content=\"Raimaber Fluid Tech [Industrial]\" \/>\n<meta property=\"article:modified_time\" content=\"2021-09-22T10:47:13+00:00\" \/>\n<meta name=\"twitter:label1\" content=\"Tiempo de lectura\" \/>\n\t<meta name=\"twitter:data1\" content=\"1 minuto\" \/>\n<script type=\"application\/ld+json\" class=\"yoast-schema-graph\">{\"@context\":\"https:\/\/schema.org\",\"@graph\":[{\"@type\":\"WebPage\",\"@id\":\"https:\/\/www.raimaberfluidtech.com\/industrial\/bombas-sawa\/bombas-centrifugas-serie-zat-zap\/\",\"url\":\"https:\/\/www.raimaberfluidtech.com\/industrial\/bombas-sawa\/bombas-centrifugas-serie-zat-zap\/\",\"name\":\"Bombas centrifugas Espa\u00f1a - serie ZAT-ZAP - Raimaber\",\"isPartOf\":{\"@id\":\"https:\/\/www.raimaberfluidtech.com\/industrial\/#website\"},\"datePublished\":\"2012-12-11T16:30:50+00:00\",\"dateModified\":\"2021-09-22T10:47:13+00:00\",\"description\":\"Informare sobre las bombas centr\u00edfugas serie ZAT-ZAP de Sawase en Raimaber, expertos en bombas industriales y sistemas de mezclas en digestores.\",\"breadcrumb\":{\"@id\":\"https:\/\/www.raimaberfluidtech.com\/industrial\/bombas-sawa\/bombas-centrifugas-serie-zat-zap\/#breadcrumb\"},\"inLanguage\":\"es\",\"potentialAction\":[{\"@type\":\"ReadAction\",\"target\":[\"https:\/\/www.raimaberfluidtech.com\/industrial\/bombas-sawa\/bombas-centrifugas-serie-zat-zap\/\"]}]},{\"@type\":\"BreadcrumbList\",\"@id\":\"https:\/\/www.raimaberfluidtech.com\/industrial\/bombas-sawa\/bombas-centrifugas-serie-zat-zap\/#breadcrumb\",\"itemListElement\":[{\"@type\":\"ListItem\",\"position\":1,\"name\":\"Home\",\"item\":\"https:\/\/www.raimaberfluidtech.com\/industrial\/\"},{\"@type\":\"ListItem\",\"position\":2,\"name\":\"Sawa\",\"item\":\"https:\/\/www.raimaberfluidtech.com\/industrial\/bombas-sawa\/\"},{\"@type\":\"ListItem\",\"position\":3,\"name\":\"Bombas centrifugas &#8211; Serie ZAT-ZAP\"}]},{\"@type\":\"WebSite\",\"@id\":\"https:\/\/www.raimaberfluidtech.com\/industrial\/#website\",\"url\":\"https:\/\/www.raimaberfluidtech.com\/industrial\/\",\"name\":\"Raimaber Fluid Tech [Industrial]\",\"description\":\"Bombas industriales\",\"publisher\":{\"@id\":\"https:\/\/www.raimaberfluidtech.com\/industrial\/#organization\"},\"potentialAction\":[{\"@type\":\"SearchAction\",\"target\":{\"@type\":\"EntryPoint\",\"urlTemplate\":\"https:\/\/www.raimaberfluidtech.com\/industrial\/?s={search_term_string}\"},\"query-input\":{\"@type\":\"PropertyValueSpecification\",\"valueRequired\":true,\"valueName\":\"search_term_string\"}}],\"inLanguage\":\"es\"},{\"@type\":\"Organization\",\"@id\":\"https:\/\/www.raimaberfluidtech.com\/industrial\/#organization\",\"name\":\"Raimaber Fluid Tech [Industrial]\",\"url\":\"https:\/\/www.raimaberfluidtech.com\/industrial\/\",\"logo\":{\"@type\":\"ImageObject\",\"inLanguage\":\"es\",\"@id\":\"https:\/\/www.raimaberfluidtech.com\/industrial\/#\/schema\/logo\/image\/\",\"url\":\"https:\/\/www.raimaberfluidtech.com\/industrial\/wp-content\/blogs.dir\/4\/files\/2012\/11\/raimaber.gif\",\"contentUrl\":\"https:\/\/www.raimaberfluidtech.com\/industrial\/wp-content\/blogs.dir\/4\/files\/2012\/11\/raimaber.gif\",\"width\":\"705\",\"height\":\"438\",\"caption\":\"Raimaber Fluid Tech [Industrial]\"},\"image\":{\"@id\":\"https:\/\/www.raimaberfluidtech.com\/industrial\/#\/schema\/logo\/image\/\"}}]}<\/script>\n<!-- \/ Yoast SEO plugin. -->","yoast_head_json":{"title":"Bombas centrifugas Espa\u00f1a - serie ZAT-ZAP - Raimaber","description":"Informare sobre las bombas centr\u00edfugas serie ZAT-ZAP de Sawase en Raimaber, expertos en bombas industriales y sistemas de mezclas en digestores.","robots":{"index":"index","follow":"follow","max-snippet":"max-snippet:-1","max-image-preview":"max-image-preview:large","max-video-preview":"max-video-preview:-1"},"canonical":"https:\/\/www.raimaberfluidtech.com\/industrial\/bombas-sawa\/bombas-centrifugas-serie-zat-zap\/","og_locale":"es_ES","og_type":"article","og_title":"Bombas centrifugas Espa\u00f1a - serie ZAT-ZAP - Raimaber","og_description":"Informare sobre las bombas centr\u00edfugas serie ZAT-ZAP de Sawase en Raimaber, expertos en bombas industriales y sistemas de mezclas en digestores.","og_url":"https:\/\/www.raimaberfluidtech.com\/industrial\/bombas-sawa\/bombas-centrifugas-serie-zat-zap\/","og_site_name":"Raimaber Fluid Tech [Industrial]","article_modified_time":"2021-09-22T10:47:13+00:00","twitter_misc":{"Tiempo de lectura":"1 minuto"},"schema":{"@context":"https:\/\/schema.org","@graph":[{"@type":"WebPage","@id":"https:\/\/www.raimaberfluidtech.com\/industrial\/bombas-sawa\/bombas-centrifugas-serie-zat-zap\/","url":"https:\/\/www.raimaberfluidtech.com\/industrial\/bombas-sawa\/bombas-centrifugas-serie-zat-zap\/","name":"Bombas centrifugas Espa\u00f1a - serie ZAT-ZAP - Raimaber","isPartOf":{"@id":"https:\/\/www.raimaberfluidtech.com\/industrial\/#website"},"datePublished":"2012-12-11T16:30:50+00:00","dateModified":"2021-09-22T10:47:13+00:00","description":"Informare sobre las bombas centr\u00edfugas serie ZAT-ZAP de Sawase en Raimaber, expertos en bombas industriales y sistemas de mezclas en digestores.","breadcrumb":{"@id":"https:\/\/www.raimaberfluidtech.com\/industrial\/bombas-sawa\/bombas-centrifugas-serie-zat-zap\/#breadcrumb"},"inLanguage":"es","potentialAction":[{"@type":"ReadAction","target":["https:\/\/www.raimaberfluidtech.com\/industrial\/bombas-sawa\/bombas-centrifugas-serie-zat-zap\/"]}]},{"@type":"BreadcrumbList","@id":"https:\/\/www.raimaberfluidtech.com\/industrial\/bombas-sawa\/bombas-centrifugas-serie-zat-zap\/#breadcrumb","itemListElement":[{"@type":"ListItem","position":1,"name":"Home","item":"https:\/\/www.raimaberfluidtech.com\/industrial\/"},{"@type":"ListItem","position":2,"name":"Sawa","item":"https:\/\/www.raimaberfluidtech.com\/industrial\/bombas-sawa\/"},{"@type":"ListItem","position":3,"name":"Bombas centrifugas &#8211; Serie ZAT-ZAP"}]},{"@type":"WebSite","@id":"https:\/\/www.raimaberfluidtech.com\/industrial\/#website","url":"https:\/\/www.raimaberfluidtech.com\/industrial\/","name":"Raimaber Fluid Tech [Industrial]","description":"Bombas industriales","publisher":{"@id":"https:\/\/www.raimaberfluidtech.com\/industrial\/#organization"},"potentialAction":[{"@type":"SearchAction","target":{"@type":"EntryPoint","urlTemplate":"https:\/\/www.raimaberfluidtech.com\/industrial\/?s={search_term_string}"},"query-input":{"@type":"PropertyValueSpecification","valueRequired":true,"valueName":"search_term_string"}}],"inLanguage":"es"},{"@type":"Organization","@id":"https:\/\/www.raimaberfluidtech.com\/industrial\/#organization","name":"Raimaber Fluid Tech [Industrial]","url":"https:\/\/www.raimaberfluidtech.com\/industrial\/","logo":{"@type":"ImageObject","inLanguage":"es","@id":"https:\/\/www.raimaberfluidtech.com\/industrial\/#\/schema\/logo\/image\/","url":"https:\/\/www.raimaberfluidtech.com\/industrial\/wp-content\/blogs.dir\/4\/files\/2012\/11\/raimaber.gif","contentUrl":"https:\/\/www.raimaberfluidtech.com\/industrial\/wp-content\/blogs.dir\/4\/files\/2012\/11\/raimaber.gif","width":"705","height":"438","caption":"Raimaber Fluid Tech [Industrial]"},"image":{"@id":"https:\/\/www.raimaberfluidtech.com\/industrial\/#\/schema\/logo\/image\/"}}]}},"_links":{"self":[{"href":"https:\/\/www.raimaberfluidtech.com\/industrial\/wp-json\/wp\/v2\/pages\/573","targetHints":{"allow":["GET"]}}],"collection":[{"href":"https:\/\/www.raimaberfluidtech.com\/industrial\/wp-json\/wp\/v2\/pages"}],"about":[{"href":"https:\/\/www.raimaberfluidtech.com\/industrial\/wp-json\/wp\/v2\/types\/page"}],"author":[{"embeddable":true,"href":"https:\/\/www.raimaberfluidtech.com\/industrial\/wp-json\/wp\/v2\/users\/1"}],"replies":[{"embeddable":true,"href":"https:\/\/www.raimaberfluidtech.com\/industrial\/wp-json\/wp\/v2\/comments?post=573"}],"version-history":[{"count":18,"href":"https:\/\/www.raimaberfluidtech.com\/industrial\/wp-json\/wp\/v2\/pages\/573\/revisions"}],"predecessor-version":[{"id":7557,"href":"https:\/\/www.raimaberfluidtech.com\/industrial\/wp-json\/wp\/v2\/pages\/573\/revisions\/7557"}],"up":[{"embeddable":true,"href":"https:\/\/www.raimaberfluidtech.com\/industrial\/wp-json\/wp\/v2\/pages\/338"}],"wp:attachment":[{"href":"https:\/\/www.raimaberfluidtech.com\/industrial\/wp-json\/wp\/v2\/media?parent=573"}],"curies":[{"name":"wp","href":"https:\/\/api.w.org\/{rel}","templated":true}]}}