{"id":5656,"date":"2018-08-02T09:40:44","date_gmt":"2018-08-02T09:40:44","guid":{"rendered":"https:\/\/www.raimaberfluidtech.com\/industrial\/?page_id=5656"},"modified":"2022-11-14T14:41:33","modified_gmt":"2022-11-14T14:41:33","slug":"perfitech","status":"publish","type":"page","link":"https:\/\/www.raimaberfluidtech.com\/industrial\/perfiprocess\/perfitech\/","title":{"rendered":"Perfitech"},"content":{"rendered":"<div class=\"wpb-content-wrapper\"><p>[vc_row][vc_column width=\u00bb1\/2&#8243;][vc_media_grid element_width=\u00bb6&#8243; gap=\u00bb4&#8243; grid_id=\u00bbvc_gid:1632305886233-e91adf15-8644-10&#8243; include=\u00bb5280,5281,5282&#8243;][\/vc_column][vc_column width=\u00bb1\/2&#8243;][vc_custom_heading text=\u00bbPERFITECH\u00bb font_container=\u00bbtag:h2|text_align:left|color:%230a0a0a\u00bb use_theme_fonts=\u00bbyes\u00bb][vc_column_text]<\/p>\n<p style=\"font-weight: 400\">Unidad de producci\u00f3n compacta para productos alimenticios l\u00edquidos con diversas viscosidades con o sin part\u00edculas. El sistema combina varias operaciones en una m\u00e1quina. Los pasos del proceso son programables para garantizar procesos de producci\u00f3n repetibles de alta calidad y sin errores humanos.<\/p>\n<p>It doesn&#8217;t matter if you&#8217;re buyingFind out what your research paper writing service can do in <a href=\"https:\/\/bresdel.com\/blogs\/44215\/How-to-Write-a-Professional-Email-How-to-Write-a\">bresdel.com<\/a> order to safeguard you by supplying this type of guarantee before you start paying them to write your report.<\/p>\n<p>term paper for your classroom, or whether you&#8217;re a hospital searching for some superior papers, it is possible to find amazing websites online that will allow you to have a look at the high quality newspapers.<\/p>\n<p>Proceso: Mezcla,\u00a0 Dispersi\u00f3n, Emulsiones, procesos con vac\u00edo, Calefaccion directa e indirecta[\/vc_column_text][\/vc_column][\/vc_row][vc_row css=\u00bb.vc_custom_1533202540561{margin-top: 35px !important;}\u00bb el_class=\u00bbfileventajas\u00bb][vc_column width=\u00bb1\/2&#8243;][vc_custom_heading text=\u00bbVentajas\u00bb use_theme_fonts=\u00bbyes\u00bb][vc_column_text]<\/p>\n<ul>\n<li>F\u00e1cil de usar<\/li>\n<li>Repetabilidad sin errores<\/li>\n<li>Tama\u00f1os de lote variables<\/li>\n<li>Tiempos de proceso cortos<\/li>\n<li>Manejo suave del producto<\/li>\n<li>Eficiente incorporaci\u00f3n del polvo entre estator y rotor<\/li>\n<li>Mezcla homog\u00e9nea<\/li>\n<li>Procesos al vac\u00edo, sin oxidaci\u00f3n<\/li>\n<li>Posibilidad de reutilizaci\u00f3n el sabor<\/li>\n<li>Limpieza CIP integrada<\/li>\n<\/ul>\n<p>[\/vc_column_text][\/vc_column][vc_column width=\u00bb1\/2&#8243;][vc_custom_heading text=\u00bbAplicaciones\u00bb use_theme_fonts=\u00bbyes\u00bb][vc_column_text]<\/p>\n<ul>\n<li>Mayonesa (bajo o alto contenido en grasa)<\/li>\n<li>Salsa de tomate<\/li>\n<li>Sopas, Salsas precocinados<\/li>\n<li>hummus<\/li>\n<li>Pat\u00e9s<\/li>\n<li>Caramelo \/ Dulce de leche<\/li>\n<li>Preparaciones de frutas<\/li>\n<li>Lociones y cremas<\/li>\n<\/ul>\n<p>[\/vc_column_text][\/vc_column][\/vc_row][vc_row css=\u00bb.vc_custom_1533202540561{margin-top: 35px !important;}\u00bb el_class=\u00bbfileventajas\u00bb][vc_column width=\u00bb1\/2&#8243;][vc_custom_heading text=\u00bbCapacidades\u00bb use_theme_fonts=\u00bbyes\u00bb][vc_column_text]<\/p>\n<ul>\n<li>300, 500, 1000, 1500, 2000, 2500, 3000<\/li>\n<\/ul>\n<p>[\/vc_column_text][vc_empty_space][vc_btn title=\u00bbSOLICITUD DE INFORMACI\u00d3N T\u00c9CNICA\u00bb link=\u00bburl:https%3A%2F%2Fwww.raimaberfluidtech.com\/industrial%2Fsolicitud-informacion-tecnica%2F|title:Solicitud%20informaci%C3%B3n%20t%C3%A9cnica||\u00bb][\/vc_column][vc_column width=\u00bb1\/2&#8243;][\/vc_column][\/vc_row][vc_row][vc_column][vc_column_text]<\/p>\n<p>[\/vc_column_text][\/vc_column][\/vc_row]<\/p>\n<\/div>","protected":false},"excerpt":{"rendered":"<p>[vc_row][vc_column width=\u00bb1\/2&#8243;][vc_media_grid element_width=\u00bb6&#8243; gap=\u00bb4&#8243; grid_id=\u00bbvc_gid:1632305886233-e91adf15-8644-10&#8243; include=\u00bb5280,5281,5282&#8243;][\/vc_column][vc_column width=\u00bb1\/2&#8243;][vc_custom_heading text=\u00bbPERFITECH\u00bb font_container=\u00bbtag:h2|text_align:left|color:%230a0a0a\u00bb use_theme_fonts=\u00bbyes\u00bb][vc_column_text] Unidad de producci\u00f3n compacta para productos alimenticios l\u00edquidos con diversas viscosidades con o sin part\u00edculas. El sistema combina varias operaciones en una m\u00e1quina. Los pasos del proceso son programables para&#8230;<\/p>\n","protected":false},"author":1,"featured_media":0,"parent":5223,"menu_order":0,"comment_status":"closed","ping_status":"closed","template":"page-sidebar.php","meta":{"footnotes":""},"class_list":["post-5656","page","type-page","status-publish","hentry"],"yoast_head":"<!-- This site is optimized with the Yoast SEO plugin v24.3 - https:\/\/yoast.com\/wordpress\/plugins\/seo\/ -->\n<title>Perfiprocess: Perfitech - Raimaber Fluid Tech [Industrial]<\/title>\n<meta name=\"description\" content=\"Perfitech de Perfiprocess es una unidad de producci\u00f3n compacta para productos alimenticios liquidos con diversas viscosidades.\" \/>\n<meta name=\"robots\" content=\"index, follow, max-snippet:-1, max-image-preview:large, max-video-preview:-1\" \/>\n<link rel=\"canonical\" href=\"https:\/\/www.raimaberfluidtech.com\/industrial\/perfiprocess\/perfitech\/\" \/>\n<meta property=\"og:locale\" content=\"es_ES\" \/>\n<meta property=\"og:type\" content=\"article\" \/>\n<meta property=\"og:title\" content=\"Perfiprocess: Perfitech - Raimaber Fluid Tech [Industrial]\" \/>\n<meta property=\"og:description\" content=\"Perfitech de Perfiprocess es una unidad de producci\u00f3n compacta para productos alimenticios liquidos con diversas viscosidades.\" \/>\n<meta property=\"og:url\" content=\"https:\/\/www.raimaberfluidtech.com\/industrial\/perfiprocess\/perfitech\/\" \/>\n<meta property=\"og:site_name\" content=\"Raimaber Fluid Tech [Industrial]\" \/>\n<meta property=\"article:modified_time\" content=\"2022-11-14T14:41:33+00:00\" \/>\n<meta name=\"twitter:label1\" content=\"Tiempo de lectura\" \/>\n\t<meta name=\"twitter:data1\" content=\"2 minutos\" \/>\n<script type=\"application\/ld+json\" class=\"yoast-schema-graph\">{\"@context\":\"https:\/\/schema.org\",\"@graph\":[{\"@type\":\"WebPage\",\"@id\":\"https:\/\/www.raimaberfluidtech.com\/industrial\/perfiprocess\/perfitech\/\",\"url\":\"https:\/\/www.raimaberfluidtech.com\/industrial\/perfiprocess\/perfitech\/\",\"name\":\"Perfiprocess: Perfitech - Raimaber Fluid Tech [Industrial]\",\"isPartOf\":{\"@id\":\"https:\/\/www.raimaberfluidtech.com\/industrial\/#website\"},\"datePublished\":\"2018-08-02T09:40:44+00:00\",\"dateModified\":\"2022-11-14T14:41:33+00:00\",\"description\":\"Perfitech de Perfiprocess es una unidad de producci\u00f3n compacta para productos alimenticios liquidos con diversas viscosidades.\",\"breadcrumb\":{\"@id\":\"https:\/\/www.raimaberfluidtech.com\/industrial\/perfiprocess\/perfitech\/#breadcrumb\"},\"inLanguage\":\"es\",\"potentialAction\":[{\"@type\":\"ReadAction\",\"target\":[\"https:\/\/www.raimaberfluidtech.com\/industrial\/perfiprocess\/perfitech\/\"]}]},{\"@type\":\"BreadcrumbList\",\"@id\":\"https:\/\/www.raimaberfluidtech.com\/industrial\/perfiprocess\/perfitech\/#breadcrumb\",\"itemListElement\":[{\"@type\":\"ListItem\",\"position\":1,\"name\":\"Home\",\"item\":\"https:\/\/www.raimaberfluidtech.com\/industrial\/\"},{\"@type\":\"ListItem\",\"position\":2,\"name\":\"Perfiprocess\",\"item\":\"https:\/\/www.raimaberfluidtech.com\/industrial\/perfiprocess\/\"},{\"@type\":\"ListItem\",\"position\":3,\"name\":\"Perfitech\"}]},{\"@type\":\"WebSite\",\"@id\":\"https:\/\/www.raimaberfluidtech.com\/industrial\/#website\",\"url\":\"https:\/\/www.raimaberfluidtech.com\/industrial\/\",\"name\":\"Raimaber Fluid Tech [Industrial]\",\"description\":\"Bombas industriales\",\"publisher\":{\"@id\":\"https:\/\/www.raimaberfluidtech.com\/industrial\/#organization\"},\"potentialAction\":[{\"@type\":\"SearchAction\",\"target\":{\"@type\":\"EntryPoint\",\"urlTemplate\":\"https:\/\/www.raimaberfluidtech.com\/industrial\/?s={search_term_string}\"},\"query-input\":{\"@type\":\"PropertyValueSpecification\",\"valueRequired\":true,\"valueName\":\"search_term_string\"}}],\"inLanguage\":\"es\"},{\"@type\":\"Organization\",\"@id\":\"https:\/\/www.raimaberfluidtech.com\/industrial\/#organization\",\"name\":\"Raimaber Fluid Tech [Industrial]\",\"url\":\"https:\/\/www.raimaberfluidtech.com\/industrial\/\",\"logo\":{\"@type\":\"ImageObject\",\"inLanguage\":\"es\",\"@id\":\"https:\/\/www.raimaberfluidtech.com\/industrial\/#\/schema\/logo\/image\/\",\"url\":\"https:\/\/www.raimaberfluidtech.com\/industrial\/wp-content\/blogs.dir\/4\/files\/2012\/11\/raimaber.gif\",\"contentUrl\":\"https:\/\/www.raimaberfluidtech.com\/industrial\/wp-content\/blogs.dir\/4\/files\/2012\/11\/raimaber.gif\",\"width\":\"705\",\"height\":\"438\",\"caption\":\"Raimaber Fluid Tech [Industrial]\"},\"image\":{\"@id\":\"https:\/\/www.raimaberfluidtech.com\/industrial\/#\/schema\/logo\/image\/\"}}]}<\/script>\n<!-- \/ Yoast SEO plugin. -->","yoast_head_json":{"title":"Perfiprocess: Perfitech - Raimaber Fluid Tech [Industrial]","description":"Perfitech de Perfiprocess es una unidad de producci\u00f3n compacta para productos alimenticios liquidos con diversas viscosidades.","robots":{"index":"index","follow":"follow","max-snippet":"max-snippet:-1","max-image-preview":"max-image-preview:large","max-video-preview":"max-video-preview:-1"},"canonical":"https:\/\/www.raimaberfluidtech.com\/industrial\/perfiprocess\/perfitech\/","og_locale":"es_ES","og_type":"article","og_title":"Perfiprocess: Perfitech - Raimaber Fluid Tech [Industrial]","og_description":"Perfitech de Perfiprocess es una unidad de producci\u00f3n compacta para productos alimenticios liquidos con diversas viscosidades.","og_url":"https:\/\/www.raimaberfluidtech.com\/industrial\/perfiprocess\/perfitech\/","og_site_name":"Raimaber Fluid Tech [Industrial]","article_modified_time":"2022-11-14T14:41:33+00:00","twitter_misc":{"Tiempo de lectura":"2 minutos"},"schema":{"@context":"https:\/\/schema.org","@graph":[{"@type":"WebPage","@id":"https:\/\/www.raimaberfluidtech.com\/industrial\/perfiprocess\/perfitech\/","url":"https:\/\/www.raimaberfluidtech.com\/industrial\/perfiprocess\/perfitech\/","name":"Perfiprocess: Perfitech - Raimaber Fluid Tech [Industrial]","isPartOf":{"@id":"https:\/\/www.raimaberfluidtech.com\/industrial\/#website"},"datePublished":"2018-08-02T09:40:44+00:00","dateModified":"2022-11-14T14:41:33+00:00","description":"Perfitech de Perfiprocess es una unidad de producci\u00f3n compacta para productos alimenticios liquidos con diversas viscosidades.","breadcrumb":{"@id":"https:\/\/www.raimaberfluidtech.com\/industrial\/perfiprocess\/perfitech\/#breadcrumb"},"inLanguage":"es","potentialAction":[{"@type":"ReadAction","target":["https:\/\/www.raimaberfluidtech.com\/industrial\/perfiprocess\/perfitech\/"]}]},{"@type":"BreadcrumbList","@id":"https:\/\/www.raimaberfluidtech.com\/industrial\/perfiprocess\/perfitech\/#breadcrumb","itemListElement":[{"@type":"ListItem","position":1,"name":"Home","item":"https:\/\/www.raimaberfluidtech.com\/industrial\/"},{"@type":"ListItem","position":2,"name":"Perfiprocess","item":"https:\/\/www.raimaberfluidtech.com\/industrial\/perfiprocess\/"},{"@type":"ListItem","position":3,"name":"Perfitech"}]},{"@type":"WebSite","@id":"https:\/\/www.raimaberfluidtech.com\/industrial\/#website","url":"https:\/\/www.raimaberfluidtech.com\/industrial\/","name":"Raimaber Fluid Tech [Industrial]","description":"Bombas industriales","publisher":{"@id":"https:\/\/www.raimaberfluidtech.com\/industrial\/#organization"},"potentialAction":[{"@type":"SearchAction","target":{"@type":"EntryPoint","urlTemplate":"https:\/\/www.raimaberfluidtech.com\/industrial\/?s={search_term_string}"},"query-input":{"@type":"PropertyValueSpecification","valueRequired":true,"valueName":"search_term_string"}}],"inLanguage":"es"},{"@type":"Organization","@id":"https:\/\/www.raimaberfluidtech.com\/industrial\/#organization","name":"Raimaber Fluid Tech [Industrial]","url":"https:\/\/www.raimaberfluidtech.com\/industrial\/","logo":{"@type":"ImageObject","inLanguage":"es","@id":"https:\/\/www.raimaberfluidtech.com\/industrial\/#\/schema\/logo\/image\/","url":"https:\/\/www.raimaberfluidtech.com\/industrial\/wp-content\/blogs.dir\/4\/files\/2012\/11\/raimaber.gif","contentUrl":"https:\/\/www.raimaberfluidtech.com\/industrial\/wp-content\/blogs.dir\/4\/files\/2012\/11\/raimaber.gif","width":"705","height":"438","caption":"Raimaber Fluid Tech [Industrial]"},"image":{"@id":"https:\/\/www.raimaberfluidtech.com\/industrial\/#\/schema\/logo\/image\/"}}]}},"_links":{"self":[{"href":"https:\/\/www.raimaberfluidtech.com\/industrial\/wp-json\/wp\/v2\/pages\/5656","targetHints":{"allow":["GET"]}}],"collection":[{"href":"https:\/\/www.raimaberfluidtech.com\/industrial\/wp-json\/wp\/v2\/pages"}],"about":[{"href":"https:\/\/www.raimaberfluidtech.com\/industrial\/wp-json\/wp\/v2\/types\/page"}],"author":[{"embeddable":true,"href":"https:\/\/www.raimaberfluidtech.com\/industrial\/wp-json\/wp\/v2\/users\/1"}],"replies":[{"embeddable":true,"href":"https:\/\/www.raimaberfluidtech.com\/industrial\/wp-json\/wp\/v2\/comments?post=5656"}],"version-history":[{"count":9,"href":"https:\/\/www.raimaberfluidtech.com\/industrial\/wp-json\/wp\/v2\/pages\/5656\/revisions"}],"predecessor-version":[{"id":7795,"href":"https:\/\/www.raimaberfluidtech.com\/industrial\/wp-json\/wp\/v2\/pages\/5656\/revisions\/7795"}],"up":[{"embeddable":true,"href":"https:\/\/www.raimaberfluidtech.com\/industrial\/wp-json\/wp\/v2\/pages\/5223"}],"wp:attachment":[{"href":"https:\/\/www.raimaberfluidtech.com\/industrial\/wp-json\/wp\/v2\/media?parent=5656"}],"curies":[{"name":"wp","href":"https:\/\/api.w.org\/{rel}","templated":true}]}}