{"id":558,"date":"2012-12-11T15:17:39","date_gmt":"2012-12-11T15:17:39","guid":{"rendered":"http:\/\/www.raimaberfluidtech.com\/industrial\/?page_id=558"},"modified":"2025-02-18T15:47:48","modified_gmt":"2025-02-18T15:47:48","slug":"bombas-centrifugas-serie-p-mp","status":"publish","type":"page","link":"https:\/\/www.raimaberfluidtech.com\/industrial\/bombas-sawa\/bombas-centrifugas-serie-p-mp\/","title":{"rendered":"Bombas centr\u00edfugas perif\u00e9ricas Serie P-MP"},"content":{"rendered":"<div class=\"wpb-content-wrapper\"><p>[vc_row][vc_column width=\u00bb1\/2&#8243;][vc_media_grid element_width=\u00bb6&#8243; gap=\u00bb4&#8243; grid_id=\u00bbvc_gid:1739893605115-30d4afb3-fe6f-1&#8243; include=\u00bb4945,4946,4947&#8243;][\/vc_column][vc_column width=\u00bb1\/2&#8243;][vc_custom_heading text=\u00bbBombas centr\u00edfugas &#8211; Serie P-MP\u00bb font_container=\u00bbtag:h2|font_size:18px|text_align:left|color:%23000000&#8243; use_theme_fonts=\u00bbyes\u00bb][vc_column_text]<\/p>\n<p style=\"text-align: justify;\">Las <strong>bombas centr\u00edfugas perif\u00e9ricas de la serie P-MP <\/strong>de <a href=\"https:\/\/www.raimaberfluidtech.com\/industrial\/bombas-sawa\">Sawa<strong>\u00a0<\/strong><\/a>se pueden montar tanto con cierre mec\u00e1nico sencillo o doble, cierre labial y opcional en acoplamiento magn\u00e9tico. Entre sus caracter\u00edsticas destacamos:<\/p>\n<ul>\n<li style=\"text-align: justify;\">Bomba centr\u00edfuga perif\u00e9rica.<\/li>\n<li style=\"text-align: justify;\">Especialmente dise\u00f1ada para el bombeo de bajos caudales a alta presi\u00f3n.<\/li>\n<li style=\"text-align: justify;\">Presiones de hasta 6 \u2013 7 bar, diferencial.<\/li>\n<li style=\"text-align: justify;\">Altas temperaturas.<\/li>\n<li style=\"text-align: justify;\">Cierre mec\u00e1nico sencillo o doble con irrigaci\u00f3n. Opcional con acoplamiento magn\u00e9tico.<\/li>\n<li style=\"text-align: justify;\">Certificado ATEX.<\/li>\n<li style=\"text-align: justify;\">Tipo perif\u00e9rica.<\/li>\n<li style=\"text-align: justify;\">Fabricada en INOX 316L.<\/li>\n<li style=\"text-align: justify;\">Caudales hasta 7m3\/h &#8211; 100 mca totales &#8211; hasta 100\u00baC.<\/li>\n<\/ul>\n<p>[\/vc_column_text][vc_empty_space][vc_btn title=\u00bbSOLICITUD DE INFORMACI\u00d3N T\u00c9CNICA\u00bb link=\u00bburl:https%3A%2F%2Fwww.raimaberfluidtech.com\/industrial%2Fsolicitud-informacion-tecnica%2F|title:Solicitud%20informaci%C3%B3n%20t%C3%A9cnica||\u00bb][\/vc_column][\/vc_row]<\/p>\n<\/div>","protected":false},"excerpt":{"rendered":"<p>[vc_row][vc_column width=\u00bb1\/2&#8243;][vc_media_grid element_width=\u00bb6&#8243; gap=\u00bb4&#8243; grid_id=\u00bbvc_gid:1739893605115-30d4afb3-fe6f-1&#8243; include=\u00bb4945,4946,4947&#8243;][\/vc_column][vc_column width=\u00bb1\/2&#8243;][vc_custom_heading text=\u00bbBombas centr\u00edfugas &#8211; Serie P-MP\u00bb font_container=\u00bbtag:h2|font_size:18px|text_align:left|color:%23000000&#8243; use_theme_fonts=\u00bbyes\u00bb][vc_column_text] Las bombas centr\u00edfugas perif\u00e9ricas de la serie P-MP de Sawa\u00a0se pueden montar tanto con cierre mec\u00e1nico sencillo o doble, cierre labial y opcional en acoplamiento magn\u00e9tico&#8230;.<\/p>\n","protected":false},"author":1,"featured_media":0,"parent":338,"menu_order":0,"comment_status":"closed","ping_status":"closed","template":"page-sidebar.php","meta":{"footnotes":""},"class_list":["post-558","page","type-page","status-publish","hentry"],"yoast_head":"<!-- This site is optimized with the Yoast SEO plugin v24.3 - https:\/\/yoast.com\/wordpress\/plugins\/seo\/ -->\n<title>Bombas centr\u00edfugas - serie P-MP - Raimaber<\/title>\n<meta name=\"description\" content=\"Conoce las caracter\u00edsticas de las bombas centr\u00edfugas de la serie P-MP en la web de Raimaber, especialistas en bombas industriales y mezcladoras.\" \/>\n<meta name=\"robots\" content=\"index, follow, max-snippet:-1, max-image-preview:large, max-video-preview:-1\" \/>\n<link rel=\"canonical\" href=\"https:\/\/www.raimaberfluidtech.com\/industrial\/bombas-sawa\/bombas-centrifugas-serie-p-mp\/\" \/>\n<meta property=\"og:locale\" content=\"es_ES\" \/>\n<meta property=\"og:type\" content=\"article\" \/>\n<meta property=\"og:title\" content=\"Bombas centr\u00edfugas - serie P-MP - Raimaber\" \/>\n<meta property=\"og:description\" content=\"Conoce las caracter\u00edsticas de las bombas centr\u00edfugas de la serie P-MP en la web de Raimaber, especialistas en bombas industriales y mezcladoras.\" \/>\n<meta property=\"og:url\" content=\"https:\/\/www.raimaberfluidtech.com\/industrial\/bombas-sawa\/bombas-centrifugas-serie-p-mp\/\" \/>\n<meta property=\"og:site_name\" content=\"Raimaber Fluid Tech [Industrial]\" \/>\n<meta property=\"article:modified_time\" content=\"2025-02-18T15:47:48+00:00\" \/>\n<meta name=\"twitter:label1\" content=\"Tiempo de lectura\" \/>\n\t<meta name=\"twitter:data1\" content=\"1 minuto\" \/>\n<script type=\"application\/ld+json\" class=\"yoast-schema-graph\">{\"@context\":\"https:\/\/schema.org\",\"@graph\":[{\"@type\":\"WebPage\",\"@id\":\"https:\/\/www.raimaberfluidtech.com\/industrial\/bombas-sawa\/bombas-centrifugas-serie-p-mp\/\",\"url\":\"https:\/\/www.raimaberfluidtech.com\/industrial\/bombas-sawa\/bombas-centrifugas-serie-p-mp\/\",\"name\":\"Bombas centr\u00edfugas - serie P-MP - Raimaber\",\"isPartOf\":{\"@id\":\"https:\/\/www.raimaberfluidtech.com\/industrial\/#website\"},\"datePublished\":\"2012-12-11T15:17:39+00:00\",\"dateModified\":\"2025-02-18T15:47:48+00:00\",\"description\":\"Conoce las caracter\u00edsticas de las bombas centr\u00edfugas de la serie P-MP en la web de Raimaber, especialistas en bombas industriales y mezcladoras.\",\"breadcrumb\":{\"@id\":\"https:\/\/www.raimaberfluidtech.com\/industrial\/bombas-sawa\/bombas-centrifugas-serie-p-mp\/#breadcrumb\"},\"inLanguage\":\"es\",\"potentialAction\":[{\"@type\":\"ReadAction\",\"target\":[\"https:\/\/www.raimaberfluidtech.com\/industrial\/bombas-sawa\/bombas-centrifugas-serie-p-mp\/\"]}]},{\"@type\":\"BreadcrumbList\",\"@id\":\"https:\/\/www.raimaberfluidtech.com\/industrial\/bombas-sawa\/bombas-centrifugas-serie-p-mp\/#breadcrumb\",\"itemListElement\":[{\"@type\":\"ListItem\",\"position\":1,\"name\":\"Home\",\"item\":\"https:\/\/www.raimaberfluidtech.com\/industrial\/\"},{\"@type\":\"ListItem\",\"position\":2,\"name\":\"Sawa\",\"item\":\"https:\/\/www.raimaberfluidtech.com\/industrial\/bombas-sawa\/\"},{\"@type\":\"ListItem\",\"position\":3,\"name\":\"Bombas centr\u00edfugas perif\u00e9ricas Serie P-MP\"}]},{\"@type\":\"WebSite\",\"@id\":\"https:\/\/www.raimaberfluidtech.com\/industrial\/#website\",\"url\":\"https:\/\/www.raimaberfluidtech.com\/industrial\/\",\"name\":\"Raimaber Fluid Tech [Industrial]\",\"description\":\"Bombas industriales\",\"publisher\":{\"@id\":\"https:\/\/www.raimaberfluidtech.com\/industrial\/#organization\"},\"potentialAction\":[{\"@type\":\"SearchAction\",\"target\":{\"@type\":\"EntryPoint\",\"urlTemplate\":\"https:\/\/www.raimaberfluidtech.com\/industrial\/?s={search_term_string}\"},\"query-input\":{\"@type\":\"PropertyValueSpecification\",\"valueRequired\":true,\"valueName\":\"search_term_string\"}}],\"inLanguage\":\"es\"},{\"@type\":\"Organization\",\"@id\":\"https:\/\/www.raimaberfluidtech.com\/industrial\/#organization\",\"name\":\"Raimaber Fluid Tech [Industrial]\",\"url\":\"https:\/\/www.raimaberfluidtech.com\/industrial\/\",\"logo\":{\"@type\":\"ImageObject\",\"inLanguage\":\"es\",\"@id\":\"https:\/\/www.raimaberfluidtech.com\/industrial\/#\/schema\/logo\/image\/\",\"url\":\"https:\/\/www.raimaberfluidtech.com\/industrial\/wp-content\/blogs.dir\/4\/files\/2012\/11\/raimaber.gif\",\"contentUrl\":\"https:\/\/www.raimaberfluidtech.com\/industrial\/wp-content\/blogs.dir\/4\/files\/2012\/11\/raimaber.gif\",\"width\":\"705\",\"height\":\"438\",\"caption\":\"Raimaber Fluid Tech [Industrial]\"},\"image\":{\"@id\":\"https:\/\/www.raimaberfluidtech.com\/industrial\/#\/schema\/logo\/image\/\"}}]}<\/script>\n<!-- \/ Yoast SEO plugin. -->","yoast_head_json":{"title":"Bombas centr\u00edfugas - serie P-MP - Raimaber","description":"Conoce las caracter\u00edsticas de las bombas centr\u00edfugas de la serie P-MP en la web de Raimaber, especialistas en bombas industriales y mezcladoras.","robots":{"index":"index","follow":"follow","max-snippet":"max-snippet:-1","max-image-preview":"max-image-preview:large","max-video-preview":"max-video-preview:-1"},"canonical":"https:\/\/www.raimaberfluidtech.com\/industrial\/bombas-sawa\/bombas-centrifugas-serie-p-mp\/","og_locale":"es_ES","og_type":"article","og_title":"Bombas centr\u00edfugas - serie P-MP - Raimaber","og_description":"Conoce las caracter\u00edsticas de las bombas centr\u00edfugas de la serie P-MP en la web de Raimaber, especialistas en bombas industriales y mezcladoras.","og_url":"https:\/\/www.raimaberfluidtech.com\/industrial\/bombas-sawa\/bombas-centrifugas-serie-p-mp\/","og_site_name":"Raimaber Fluid Tech [Industrial]","article_modified_time":"2025-02-18T15:47:48+00:00","twitter_misc":{"Tiempo de lectura":"1 minuto"},"schema":{"@context":"https:\/\/schema.org","@graph":[{"@type":"WebPage","@id":"https:\/\/www.raimaberfluidtech.com\/industrial\/bombas-sawa\/bombas-centrifugas-serie-p-mp\/","url":"https:\/\/www.raimaberfluidtech.com\/industrial\/bombas-sawa\/bombas-centrifugas-serie-p-mp\/","name":"Bombas centr\u00edfugas - serie P-MP - Raimaber","isPartOf":{"@id":"https:\/\/www.raimaberfluidtech.com\/industrial\/#website"},"datePublished":"2012-12-11T15:17:39+00:00","dateModified":"2025-02-18T15:47:48+00:00","description":"Conoce las caracter\u00edsticas de las bombas centr\u00edfugas de la serie P-MP en la web de Raimaber, especialistas en bombas industriales y mezcladoras.","breadcrumb":{"@id":"https:\/\/www.raimaberfluidtech.com\/industrial\/bombas-sawa\/bombas-centrifugas-serie-p-mp\/#breadcrumb"},"inLanguage":"es","potentialAction":[{"@type":"ReadAction","target":["https:\/\/www.raimaberfluidtech.com\/industrial\/bombas-sawa\/bombas-centrifugas-serie-p-mp\/"]}]},{"@type":"BreadcrumbList","@id":"https:\/\/www.raimaberfluidtech.com\/industrial\/bombas-sawa\/bombas-centrifugas-serie-p-mp\/#breadcrumb","itemListElement":[{"@type":"ListItem","position":1,"name":"Home","item":"https:\/\/www.raimaberfluidtech.com\/industrial\/"},{"@type":"ListItem","position":2,"name":"Sawa","item":"https:\/\/www.raimaberfluidtech.com\/industrial\/bombas-sawa\/"},{"@type":"ListItem","position":3,"name":"Bombas centr\u00edfugas perif\u00e9ricas Serie P-MP"}]},{"@type":"WebSite","@id":"https:\/\/www.raimaberfluidtech.com\/industrial\/#website","url":"https:\/\/www.raimaberfluidtech.com\/industrial\/","name":"Raimaber Fluid Tech [Industrial]","description":"Bombas industriales","publisher":{"@id":"https:\/\/www.raimaberfluidtech.com\/industrial\/#organization"},"potentialAction":[{"@type":"SearchAction","target":{"@type":"EntryPoint","urlTemplate":"https:\/\/www.raimaberfluidtech.com\/industrial\/?s={search_term_string}"},"query-input":{"@type":"PropertyValueSpecification","valueRequired":true,"valueName":"search_term_string"}}],"inLanguage":"es"},{"@type":"Organization","@id":"https:\/\/www.raimaberfluidtech.com\/industrial\/#organization","name":"Raimaber Fluid Tech [Industrial]","url":"https:\/\/www.raimaberfluidtech.com\/industrial\/","logo":{"@type":"ImageObject","inLanguage":"es","@id":"https:\/\/www.raimaberfluidtech.com\/industrial\/#\/schema\/logo\/image\/","url":"https:\/\/www.raimaberfluidtech.com\/industrial\/wp-content\/blogs.dir\/4\/files\/2012\/11\/raimaber.gif","contentUrl":"https:\/\/www.raimaberfluidtech.com\/industrial\/wp-content\/blogs.dir\/4\/files\/2012\/11\/raimaber.gif","width":"705","height":"438","caption":"Raimaber Fluid Tech [Industrial]"},"image":{"@id":"https:\/\/www.raimaberfluidtech.com\/industrial\/#\/schema\/logo\/image\/"}}]}},"_links":{"self":[{"href":"https:\/\/www.raimaberfluidtech.com\/industrial\/wp-json\/wp\/v2\/pages\/558","targetHints":{"allow":["GET"]}}],"collection":[{"href":"https:\/\/www.raimaberfluidtech.com\/industrial\/wp-json\/wp\/v2\/pages"}],"about":[{"href":"https:\/\/www.raimaberfluidtech.com\/industrial\/wp-json\/wp\/v2\/types\/page"}],"author":[{"embeddable":true,"href":"https:\/\/www.raimaberfluidtech.com\/industrial\/wp-json\/wp\/v2\/users\/1"}],"replies":[{"embeddable":true,"href":"https:\/\/www.raimaberfluidtech.com\/industrial\/wp-json\/wp\/v2\/comments?post=558"}],"version-history":[{"count":24,"href":"https:\/\/www.raimaberfluidtech.com\/industrial\/wp-json\/wp\/v2\/pages\/558\/revisions"}],"predecessor-version":[{"id":14145,"href":"https:\/\/www.raimaberfluidtech.com\/industrial\/wp-json\/wp\/v2\/pages\/558\/revisions\/14145"}],"up":[{"embeddable":true,"href":"https:\/\/www.raimaberfluidtech.com\/industrial\/wp-json\/wp\/v2\/pages\/338"}],"wp:attachment":[{"href":"https:\/\/www.raimaberfluidtech.com\/industrial\/wp-json\/wp\/v2\/media?parent=558"}],"curies":[{"name":"wp","href":"https:\/\/api.w.org\/{rel}","templated":true}]}}