{"id":553,"date":"2012-12-11T15:13:28","date_gmt":"2012-12-11T15:13:28","guid":{"rendered":"http:\/\/www.raimaberfluidtech.com\/industrial\/?page_id=553"},"modified":"2021-09-22T10:46:05","modified_gmt":"2021-09-22T10:46:05","slug":"bombas-centrifugas-serie-hd","status":"publish","type":"page","link":"https:\/\/www.raimaberfluidtech.com\/industrial\/bombas-sawa\/bombas-centrifugas-serie-hd\/","title":{"rendered":"Bombas centr\u00edfugas &#8211; Serie HD"},"content":{"rendered":"<div class=\"wpb-content-wrapper\"><p>[vc_row][vc_column width=\u00bb1\/2&#8243;][vc_media_grid element_width=\u00bb6&#8243; gap=\u00bb4&#8243; grid_id=\u00bbvc_gid:1632306038555-4b58c842-e7f0-7&#8243; include=\u00bb4830,4831,4934,4935,4936,4937&#8243;][\/vc_column][vc_column width=\u00bb1\/2&#8243;][vc_custom_heading text=\u00bbBombas centr\u00edfugas &#8211; Serie HD\u00bb font_container=\u00bbtag:h2|font_size:18px|text_align:left|color:%23000000&#8243; use_theme_fonts=\u00bbyes\u00bb][vc_column_text]<\/p>\n<p style=\"text-align: justify;\">Las <strong>bombas centr\u00edfugas autoaspirantes de la serie HD<\/strong> de <a href=\"http:\/\/www.raimaberfluidtech.com\/industrial\/bombas-sawa\">Sawa<\/a> se pueden montar con cierre mec\u00e1nico sencillo o doble, cierre labial y opcional en acoplamiento magn\u00e9tico.\u00a0La serie HD es la m\u00e1s conocida de Sawa.<\/p>\n<p style=\"text-align: justify;\">Las principales caracter\u00edsticas de estas bombas son:<\/p>\n<ul>\n<li style=\"text-align: justify;\">Bomba tipo autoaspirante.<\/li>\n<li style=\"text-align: justify;\">Cuerpo de bombeo y tapa en fundici\u00f3n, partiendo de un bloque y mecaniz\u00e1ndolo hasta llegar a la forma deseada. Esto nos permite poder trabajar en condiciones extremas y mantener la confianza.<\/li>\n<li style=\"text-align: justify;\">No es necesario desconectar las tuber\u00edas para inspecci\u00f3n frontal de la bomba.<\/li>\n<li style=\"text-align: justify;\">Alta calidad y eficiencia, nos permite llegar, en algunos modelos hasta 4 \u00f3 5 bar.<\/li>\n<li style=\"text-align: justify;\">Aspiramos hasta 6 \u00f3 7 m por debajo de la bomba.<\/li>\n<li style=\"text-align: justify;\">Dise\u00f1o sanitario, opcional con v\u00e1lvula de drenaje seg\u00fan exigencias de la industria farmac\u00e9utica.<\/li>\n<li style=\"text-align: justify;\">Cualquier tipo de conexi\u00f3n, tanto con brida como con rosca como clamp.<\/li>\n<li style=\"text-align: justify;\">Variedad de materiales de los elast\u00f3meros.<\/li>\n<li style=\"text-align: justify;\">Podemos montar cierres universales, tanto mec\u00e1nico sencillo como doble con irrigaci\u00f3n.<\/li>\n<li style=\"text-align: justify;\">Opcional con acoplamiento magn\u00e9tico.<\/li>\n<li style=\"text-align: justify;\">Certificado ATEX.<\/li>\n<li style=\"text-align: justify;\">Fabricada en INOX 316L.<\/li>\n<li style=\"text-align: justify;\">Con certificado CIP y EHEDG.<\/li>\n<li style=\"text-align: justify;\">Opcional electro-pulido.<\/li>\n<li style=\"text-align: justify;\">Hasta 70 m3\/h y 50 mca totales.<\/li>\n<\/ul>\n<p>[\/vc_column_text][vc_empty_space][vc_btn title=\u00bbSOLICITUD DE INFORMACI\u00d3N T\u00c9CNICA\u00bb link=\u00bburl:https%3A%2F%2Fwww.raimaberfluidtech.com\/industrial%2Fsolicitud-informacion-tecnica%2F|title:Solicitud%20informaci%C3%B3n%20t%C3%A9cnica||\u00bb][\/vc_column][\/vc_row]<\/p>\n<\/div>","protected":false},"excerpt":{"rendered":"<p>[vc_row][vc_column width=\u00bb1\/2&#8243;][vc_media_grid element_width=\u00bb6&#8243; gap=\u00bb4&#8243; grid_id=\u00bbvc_gid:1632306038555-4b58c842-e7f0-7&#8243; include=\u00bb4830,4831,4934,4935,4936,4937&#8243;][\/vc_column][vc_column width=\u00bb1\/2&#8243;][vc_custom_heading text=\u00bbBombas centr\u00edfugas &#8211; Serie HD\u00bb font_container=\u00bbtag:h2|font_size:18px|text_align:left|color:%23000000&#8243; use_theme_fonts=\u00bbyes\u00bb][vc_column_text] Las bombas centr\u00edfugas autoaspirantes de la serie HD de Sawa se pueden montar con cierre mec\u00e1nico sencillo o doble, cierre labial y opcional en acoplamiento magn\u00e9tico.\u00a0La&#8230;<\/p>\n","protected":false},"author":1,"featured_media":0,"parent":338,"menu_order":0,"comment_status":"closed","ping_status":"closed","template":"page-sidebar.php","meta":{"footnotes":""},"class_list":["post-553","page","type-page","status-publish","hentry"],"yoast_head":"<!-- This site is optimized with the Yoast SEO plugin v24.3 - https:\/\/yoast.com\/wordpress\/plugins\/seo\/ -->\n<title>Bombas centr\u00edfugas - serie HD - Raimaber<\/title>\n<meta name=\"description\" content=\"En Raimaber, como especialistas en bombas industriales, somos distribuidores de bombas centr\u00edfugas autoaspirantes de la serie HD de Sawa.\" \/>\n<meta name=\"robots\" content=\"index, follow, max-snippet:-1, max-image-preview:large, max-video-preview:-1\" \/>\n<link rel=\"canonical\" href=\"https:\/\/www.raimaberfluidtech.com\/industrial\/bombas-sawa\/bombas-centrifugas-serie-hd\/\" \/>\n<meta property=\"og:locale\" content=\"es_ES\" \/>\n<meta property=\"og:type\" content=\"article\" \/>\n<meta property=\"og:title\" content=\"Bombas centr\u00edfugas - serie HD - Raimaber\" \/>\n<meta property=\"og:description\" content=\"En Raimaber, como especialistas en bombas industriales, somos distribuidores de bombas centr\u00edfugas autoaspirantes de la serie HD de Sawa.\" \/>\n<meta property=\"og:url\" content=\"https:\/\/www.raimaberfluidtech.com\/industrial\/bombas-sawa\/bombas-centrifugas-serie-hd\/\" \/>\n<meta property=\"og:site_name\" content=\"Raimaber Fluid Tech [Industrial]\" \/>\n<meta property=\"article:modified_time\" content=\"2021-09-22T10:46:05+00:00\" \/>\n<meta name=\"twitter:label1\" content=\"Tiempo de lectura\" \/>\n\t<meta name=\"twitter:data1\" content=\"1 minuto\" \/>\n<script type=\"application\/ld+json\" class=\"yoast-schema-graph\">{\"@context\":\"https:\/\/schema.org\",\"@graph\":[{\"@type\":\"WebPage\",\"@id\":\"https:\/\/www.raimaberfluidtech.com\/industrial\/bombas-sawa\/bombas-centrifugas-serie-hd\/\",\"url\":\"https:\/\/www.raimaberfluidtech.com\/industrial\/bombas-sawa\/bombas-centrifugas-serie-hd\/\",\"name\":\"Bombas centr\u00edfugas - serie HD - Raimaber\",\"isPartOf\":{\"@id\":\"https:\/\/www.raimaberfluidtech.com\/industrial\/#website\"},\"datePublished\":\"2012-12-11T15:13:28+00:00\",\"dateModified\":\"2021-09-22T10:46:05+00:00\",\"description\":\"En Raimaber, como especialistas en bombas industriales, somos distribuidores de bombas centr\u00edfugas autoaspirantes de la serie HD de Sawa.\",\"breadcrumb\":{\"@id\":\"https:\/\/www.raimaberfluidtech.com\/industrial\/bombas-sawa\/bombas-centrifugas-serie-hd\/#breadcrumb\"},\"inLanguage\":\"es\",\"potentialAction\":[{\"@type\":\"ReadAction\",\"target\":[\"https:\/\/www.raimaberfluidtech.com\/industrial\/bombas-sawa\/bombas-centrifugas-serie-hd\/\"]}]},{\"@type\":\"BreadcrumbList\",\"@id\":\"https:\/\/www.raimaberfluidtech.com\/industrial\/bombas-sawa\/bombas-centrifugas-serie-hd\/#breadcrumb\",\"itemListElement\":[{\"@type\":\"ListItem\",\"position\":1,\"name\":\"Home\",\"item\":\"https:\/\/www.raimaberfluidtech.com\/industrial\/\"},{\"@type\":\"ListItem\",\"position\":2,\"name\":\"Sawa\",\"item\":\"https:\/\/www.raimaberfluidtech.com\/industrial\/bombas-sawa\/\"},{\"@type\":\"ListItem\",\"position\":3,\"name\":\"Bombas centr\u00edfugas &#8211; Serie HD\"}]},{\"@type\":\"WebSite\",\"@id\":\"https:\/\/www.raimaberfluidtech.com\/industrial\/#website\",\"url\":\"https:\/\/www.raimaberfluidtech.com\/industrial\/\",\"name\":\"Raimaber Fluid Tech [Industrial]\",\"description\":\"Bombas industriales\",\"publisher\":{\"@id\":\"https:\/\/www.raimaberfluidtech.com\/industrial\/#organization\"},\"potentialAction\":[{\"@type\":\"SearchAction\",\"target\":{\"@type\":\"EntryPoint\",\"urlTemplate\":\"https:\/\/www.raimaberfluidtech.com\/industrial\/?s={search_term_string}\"},\"query-input\":{\"@type\":\"PropertyValueSpecification\",\"valueRequired\":true,\"valueName\":\"search_term_string\"}}],\"inLanguage\":\"es\"},{\"@type\":\"Organization\",\"@id\":\"https:\/\/www.raimaberfluidtech.com\/industrial\/#organization\",\"name\":\"Raimaber Fluid Tech [Industrial]\",\"url\":\"https:\/\/www.raimaberfluidtech.com\/industrial\/\",\"logo\":{\"@type\":\"ImageObject\",\"inLanguage\":\"es\",\"@id\":\"https:\/\/www.raimaberfluidtech.com\/industrial\/#\/schema\/logo\/image\/\",\"url\":\"https:\/\/www.raimaberfluidtech.com\/industrial\/wp-content\/blogs.dir\/4\/files\/2012\/11\/raimaber.gif\",\"contentUrl\":\"https:\/\/www.raimaberfluidtech.com\/industrial\/wp-content\/blogs.dir\/4\/files\/2012\/11\/raimaber.gif\",\"width\":\"705\",\"height\":\"438\",\"caption\":\"Raimaber Fluid Tech [Industrial]\"},\"image\":{\"@id\":\"https:\/\/www.raimaberfluidtech.com\/industrial\/#\/schema\/logo\/image\/\"}}]}<\/script>\n<!-- \/ Yoast SEO plugin. -->","yoast_head_json":{"title":"Bombas centr\u00edfugas - serie HD - Raimaber","description":"En Raimaber, como especialistas en bombas industriales, somos distribuidores de bombas centr\u00edfugas autoaspirantes de la serie HD de Sawa.","robots":{"index":"index","follow":"follow","max-snippet":"max-snippet:-1","max-image-preview":"max-image-preview:large","max-video-preview":"max-video-preview:-1"},"canonical":"https:\/\/www.raimaberfluidtech.com\/industrial\/bombas-sawa\/bombas-centrifugas-serie-hd\/","og_locale":"es_ES","og_type":"article","og_title":"Bombas centr\u00edfugas - serie HD - Raimaber","og_description":"En Raimaber, como especialistas en bombas industriales, somos distribuidores de bombas centr\u00edfugas autoaspirantes de la serie HD de Sawa.","og_url":"https:\/\/www.raimaberfluidtech.com\/industrial\/bombas-sawa\/bombas-centrifugas-serie-hd\/","og_site_name":"Raimaber Fluid Tech [Industrial]","article_modified_time":"2021-09-22T10:46:05+00:00","twitter_misc":{"Tiempo de lectura":"1 minuto"},"schema":{"@context":"https:\/\/schema.org","@graph":[{"@type":"WebPage","@id":"https:\/\/www.raimaberfluidtech.com\/industrial\/bombas-sawa\/bombas-centrifugas-serie-hd\/","url":"https:\/\/www.raimaberfluidtech.com\/industrial\/bombas-sawa\/bombas-centrifugas-serie-hd\/","name":"Bombas centr\u00edfugas - serie HD - Raimaber","isPartOf":{"@id":"https:\/\/www.raimaberfluidtech.com\/industrial\/#website"},"datePublished":"2012-12-11T15:13:28+00:00","dateModified":"2021-09-22T10:46:05+00:00","description":"En Raimaber, como especialistas en bombas industriales, somos distribuidores de bombas centr\u00edfugas autoaspirantes de la serie HD de Sawa.","breadcrumb":{"@id":"https:\/\/www.raimaberfluidtech.com\/industrial\/bombas-sawa\/bombas-centrifugas-serie-hd\/#breadcrumb"},"inLanguage":"es","potentialAction":[{"@type":"ReadAction","target":["https:\/\/www.raimaberfluidtech.com\/industrial\/bombas-sawa\/bombas-centrifugas-serie-hd\/"]}]},{"@type":"BreadcrumbList","@id":"https:\/\/www.raimaberfluidtech.com\/industrial\/bombas-sawa\/bombas-centrifugas-serie-hd\/#breadcrumb","itemListElement":[{"@type":"ListItem","position":1,"name":"Home","item":"https:\/\/www.raimaberfluidtech.com\/industrial\/"},{"@type":"ListItem","position":2,"name":"Sawa","item":"https:\/\/www.raimaberfluidtech.com\/industrial\/bombas-sawa\/"},{"@type":"ListItem","position":3,"name":"Bombas centr\u00edfugas &#8211; Serie HD"}]},{"@type":"WebSite","@id":"https:\/\/www.raimaberfluidtech.com\/industrial\/#website","url":"https:\/\/www.raimaberfluidtech.com\/industrial\/","name":"Raimaber Fluid Tech [Industrial]","description":"Bombas industriales","publisher":{"@id":"https:\/\/www.raimaberfluidtech.com\/industrial\/#organization"},"potentialAction":[{"@type":"SearchAction","target":{"@type":"EntryPoint","urlTemplate":"https:\/\/www.raimaberfluidtech.com\/industrial\/?s={search_term_string}"},"query-input":{"@type":"PropertyValueSpecification","valueRequired":true,"valueName":"search_term_string"}}],"inLanguage":"es"},{"@type":"Organization","@id":"https:\/\/www.raimaberfluidtech.com\/industrial\/#organization","name":"Raimaber Fluid Tech [Industrial]","url":"https:\/\/www.raimaberfluidtech.com\/industrial\/","logo":{"@type":"ImageObject","inLanguage":"es","@id":"https:\/\/www.raimaberfluidtech.com\/industrial\/#\/schema\/logo\/image\/","url":"https:\/\/www.raimaberfluidtech.com\/industrial\/wp-content\/blogs.dir\/4\/files\/2012\/11\/raimaber.gif","contentUrl":"https:\/\/www.raimaberfluidtech.com\/industrial\/wp-content\/blogs.dir\/4\/files\/2012\/11\/raimaber.gif","width":"705","height":"438","caption":"Raimaber Fluid Tech [Industrial]"},"image":{"@id":"https:\/\/www.raimaberfluidtech.com\/industrial\/#\/schema\/logo\/image\/"}}]}},"_links":{"self":[{"href":"https:\/\/www.raimaberfluidtech.com\/industrial\/wp-json\/wp\/v2\/pages\/553","targetHints":{"allow":["GET"]}}],"collection":[{"href":"https:\/\/www.raimaberfluidtech.com\/industrial\/wp-json\/wp\/v2\/pages"}],"about":[{"href":"https:\/\/www.raimaberfluidtech.com\/industrial\/wp-json\/wp\/v2\/types\/page"}],"author":[{"embeddable":true,"href":"https:\/\/www.raimaberfluidtech.com\/industrial\/wp-json\/wp\/v2\/users\/1"}],"replies":[{"embeddable":true,"href":"https:\/\/www.raimaberfluidtech.com\/industrial\/wp-json\/wp\/v2\/comments?post=553"}],"version-history":[{"count":20,"href":"https:\/\/www.raimaberfluidtech.com\/industrial\/wp-json\/wp\/v2\/pages\/553\/revisions"}],"predecessor-version":[{"id":7554,"href":"https:\/\/www.raimaberfluidtech.com\/industrial\/wp-json\/wp\/v2\/pages\/553\/revisions\/7554"}],"up":[{"embeddable":true,"href":"https:\/\/www.raimaberfluidtech.com\/industrial\/wp-json\/wp\/v2\/pages\/338"}],"wp:attachment":[{"href":"https:\/\/www.raimaberfluidtech.com\/industrial\/wp-json\/wp\/v2\/media?parent=553"}],"curies":[{"name":"wp","href":"https:\/\/api.w.org\/{rel}","templated":true}]}}