{"id":5413,"date":"2018-07-12T08:03:58","date_gmt":"2018-07-12T08:03:58","guid":{"rendered":"http:\/\/www.raimaberfluidtech.com\/industrial\/?page_id=5413"},"modified":"2021-09-22T11:06:27","modified_gmt":"2021-09-22T11:06:27","slug":"dellmeco","status":"publish","type":"page","link":"https:\/\/www.raimaberfluidtech.com\/industrial\/catalogos-distribucion-bombas-industriales\/dellmeco\/","title":{"rendered":"Dellmeco"},"content":{"rendered":"<div class=\"wpb-content-wrapper\"><p>[vc_row][vc_column][vc_column_text css=\u00bb.vc_custom_1531382357625{margin-bottom: 60px !important;}\u00bb]<strong><a title=\"Raimaber\" href=\"https:\/\/www.raimaberfluidtech.com\/industrial\/\">Raimaber<\/a> <\/strong>pone a su disposici\u00f3n los <strong>cat\u00e1logos de Dellmeco<\/strong>.<br \/>\nPara m\u00e1s informaci\u00f3n puede utilizar el <a title=\"Contacto Raimaber\" href=\"https:\/\/www.raimaberfluidtech.com\/industrial\/contacta\">formulario de contacto<\/a>.[\/vc_column_text][vc_column_text]<\/p>\n<ul class=\"document_gallery\">\n<li class=\"pdf\"><a title=\"Cat\u00e1logo General\" href=\"https:\/\/www.raimaberfluidtech.com\/industrial\/wp-content\/blogs.dir\/4\/files\/2018\/07\/dellmeco-CATALOGO-GENERAL.pdf\" target=\"_blank\" rel=\"noopener noreferrer\">Cat\u00e1logo General<\/a><\/li>\n<li class=\"pdf\"><a title=\"SANITARY AODD\" href=\"https:\/\/www.raimaberfluidtech.com\/industrial\/wp-content\/blogs.dir\/4\/files\/2018\/07\/SANITARY-AODD.pdf\" target=\"_blank\" rel=\"noopener noreferrer\">SANITARY AODD<\/a><\/li>\n<li class=\"pdf\"><a title=\"SANITARIA EL\u00c9CTRICA\" href=\"https:\/\/www.raimaberfluidtech.com\/industrial\/wp-content\/blogs.dir\/4\/files\/2018\/07\/SANITARIA-EL\u00c9CTRICA.pdf\" target=\"_blank\" rel=\"noopener noreferrer\">SANITARIA EL\u00c9CTRICA<\/a><\/li>\n<li class=\"pdf\"><a title=\"pneumixer\" href=\"https:\/\/www.raimaberfluidtech.com\/industrial\/wp-content\/blogs.dir\/4\/files\/2018\/07\/pneumixer.pdf\" target=\"_blank\" rel=\"noopener noreferrer\">pneumixer<\/a><\/li>\n<li class=\"pdf\"><a title=\"High pressure pumps\" href=\"https:\/\/www.raimaberfluidtech.com\/industrial\/wp-content\/blogs.dir\/4\/files\/2018\/07\/high-pressure-dellmeco.pdf\" target=\"_blank\" rel=\"noopener noreferrer\">High pressure pumps<\/a><\/li>\n<li class=\"pdf\"><a title=\"STROKE COUNTER\" href=\"https:\/\/www.raimaberfluidtech.com\/industrial\/wp-content\/blogs.dir\/4\/files\/2018\/07\/STROKE-COUNTER.pdf\" target=\"_blank\" rel=\"noopener noreferrer\">STROKE COUNTER<\/a><\/li>\n<li class=\"pdf\"><a title=\"SERIE PLASTICA DM\" href=\"https:\/\/www.raimaberfluidtech.com\/industrial\/wp-content\/blogs.dir\/4\/files\/2018\/07\/SERIE-PLASTICA-DM.pdf\" target=\"_blank\" rel=\"noopener noreferrer\">SERIE PLASTICA DM<\/a><\/li>\n<li class=\"pdf\"><a title=\"CAT\u00c1LOGO EL\u00c9CTRICA SERIE DME\" href=\"https:\/\/www.raimaberfluidtech.com\/industrial\/wp-content\/blogs.dir\/4\/files\/2018\/07\/CAT\u00c1LOGO-EL\u00c9CTRICA-SERIE-DME.pdf\" target=\"_blank\" rel=\"noopener noreferrer\">CAT\u00c1LOGO EL\u00c9CTRICA SERIE DME<\/a><\/li>\n<li class=\"pdf\"><a title=\"BOMBAS MET\u00c1LICAS CON CAMISA DE CALEFACCI\u00d3N\" href=\"https:\/\/www.raimaberfluidtech.com\/industrial\/wp-content\/blogs.dir\/4\/files\/2018\/07\/BOMBAS-MET\u00c1LICAS-CON-CAMISA-DE-CALEFACCI\u00d3N-.pdf\" target=\"_blank\" rel=\"noopener noreferrer\">BOMBAS MET\u00c1LICAS CON CAMISA DE CALEFACCI\u00d3N<\/a><\/li>\n<li class=\"pdf\"><a title=\"NOMENCLATURA BOMBAS SANITARIAS\" href=\"https:\/\/www.raimaberfluidtech.com\/industrial\/wp-content\/blogs.dir\/4\/files\/2018\/07\/NOMENCLATURA-BOMBES-SANITARIES.jpg\" target=\"_blank\" rel=\"noopener noreferrer\">NOMENCLATURA BOMBAS SANITARIAS<\/a><\/li>\n<li class=\"pdf\"><a title=\"SERIE SANITARIA - CURVA - MODELO DM 40-125\" href=\"https:\/\/www.raimaberfluidtech.com\/industrial\/wp-content\/blogs.dir\/4\/files\/2018\/07\/SERIE-SANITARIA-CURVA-MODELO-DM-40-125.jpg\" target=\"_blank\" rel=\"noopener noreferrer\">SERIE SANITARIA &#8211; CURVA &#8211; MODELO DM 40-125<\/a><\/li>\n<li class=\"pdf\"><a title=\"SERIE SANITARIA - CURVA - MODELO DM 25-75\" href=\"https:\/\/www.raimaberfluidtech.com\/industrial\/wp-content\/blogs.dir\/4\/files\/2018\/07\/SERIE-SANITARIA-CURVA-MODELO-DM-25-75.jpg\" target=\"_blank\" rel=\"noopener noreferrer\">SERIE SANITARIA &#8211; CURVA &#8211; MODELO DM 25-75<\/a><\/li>\n<li class=\"pdf\"><a title=\"SERIE SANITARIA - CURVA - MODELO DM 15-30\" href=\"https:\/\/www.raimaberfluidtech.com\/industrial\/wp-content\/blogs.dir\/4\/files\/2018\/07\/SERIE-SANITARIA-CURVA-MODELO-DM-15-30.jpg\" target=\"_blank\" rel=\"noopener noreferrer\">SERIE SANITARIA &#8211; CURVA &#8211; MODELO DM 15-30<\/a><\/li>\n<li class=\"pdf\"><a title=\"SERIE SANITARIA - CURVA- MODELO DM 65-565\" href=\"https:\/\/www.raimaberfluidtech.com\/industrial\/wp-content\/blogs.dir\/4\/files\/2018\/07\/SERIE-SANITARIA-CURVA-MODELO-DM-65-565.jpg\" target=\"_blank\" rel=\"noopener noreferrer\">SERIE SANITARIA &#8211; CURVA- MODELO DM 65-565<\/a><\/li>\n<li class=\"pdf\"><a title=\"SERIE SANITARIA - CURVA - MODELO DM 80-850\" href=\"https:\/\/www.raimaberfluidtech.com\/industrial\/wp-content\/blogs.dir\/4\/files\/2018\/07\/SERIE-SANITARIA-CURVA-MODELO-DM-80-850.jpg\" target=\"_blank\" rel=\"noopener noreferrer\">SERIE SANITARIA &#8211; CURVA &#8211; MODELO DM 80-850<\/a><\/li>\n<li class=\"pdf\"><a title=\"SERIE SANITARIA - CURVA - MODELO DM 50-315\" href=\"https:\/\/www.raimaberfluidtech.com\/industrial\/wp-content\/blogs.dir\/4\/files\/2018\/07\/SERIE-SANITARIA-CURVA-MODELO-DM-50-315.jpg\" target=\"_blank\" rel=\"noopener noreferrer\">SERIE SANITARIA &#8211; CURVA &#8211; MODELO DM 50-315<\/a><\/li>\n<li><a href=\"https:\/\/www.raimaberfluidtech.com\/industrial\/wp-content\/blogs.dir\/4\/files\/2019\/04\/Manual-for-Metal-Pumps-ver.-3.25.pdf\">MANUAL FOR METAL PUMPS ver. 3.25<\/a><\/li>\n<li><a href=\"https:\/\/www.raimaberfluidtech.com\/industrial\/wp-content\/blogs.dir\/4\/files\/2019\/04\/Manual-for-Plastic-Pumps-ver.-1.26.pdf\">MANUAL FOR PLASTIC PUMPS ver. 1.26<\/a><\/li>\n<li><a href=\"https:\/\/www.raimaberfluidtech.com\/industrial\/wp-content\/blogs.dir\/4\/files\/2019\/04\/Manual-for-Hygienic-Pumps-ver.-5.26-SERIE-DM.pdf\">MANUAL FOR HYGIENIC PUMPS ver.-5.26 SERIE DM<\/a><\/li>\n<\/ul>\n<p>[\/vc_column_text][vc_empty_space][vc_btn title=\u00bbSOLICITUD DE INFORMACI\u00d3N T\u00c9CNICA\u00bb link=\u00bburl:https%3A%2F%2Fwww.raimaberfluidtech.com\/industrial%2Fsolicitud-informacion-tecnica%2F|title:Solicitud%20informaci%C3%B3n%20t%C3%A9cnica||\u00bb][\/vc_column][\/vc_row]<\/p>\n<\/div>","protected":false},"excerpt":{"rendered":"<p>[vc_row][vc_column][vc_column_text css=\u00bb.vc_custom_1531382357625{margin-bottom: 60px !important;}\u00bb]Raimaber pone a su disposici\u00f3n los cat\u00e1logos de Dellmeco. Para m\u00e1s informaci\u00f3n puede utilizar el formulario de contacto.[\/vc_column_text][vc_column_text] Cat\u00e1logo General SANITARY AODD SANITARIA EL\u00c9CTRICA pneumixer High pressure pumps STROKE COUNTER SERIE PLASTICA DM CAT\u00c1LOGO EL\u00c9CTRICA SERIE DME&#8230;<\/p>\n","protected":false},"author":1,"featured_media":0,"parent":106,"menu_order":0,"comment_status":"closed","ping_status":"closed","template":"page-sidebar.php","meta":{"footnotes":""},"class_list":["post-5413","page","type-page","status-publish","hentry"],"yoast_head":"<!-- This site is optimized with the Yoast SEO plugin v24.3 - https:\/\/yoast.com\/wordpress\/plugins\/seo\/ -->\n<title>Cat\u00e1logos Dellmeco - Raimaber<\/title>\n<meta name=\"description\" content=\"Raimaber pone a su disposici\u00f3n los cat\u00e1logos Dellmeco. Para m\u00e1s informaci\u00f3n puede utilizar el formulario de contacto. \u00a1Contactanos!\" \/>\n<meta name=\"robots\" content=\"index, follow, max-snippet:-1, max-image-preview:large, max-video-preview:-1\" \/>\n<link rel=\"canonical\" href=\"https:\/\/www.raimaberfluidtech.com\/industrial\/catalogos-distribucion-bombas-industriales\/dellmeco\/\" \/>\n<meta property=\"og:locale\" content=\"es_ES\" \/>\n<meta property=\"og:type\" content=\"article\" \/>\n<meta property=\"og:title\" content=\"Cat\u00e1logos Dellmeco - Raimaber\" \/>\n<meta property=\"og:description\" content=\"Raimaber pone a su disposici\u00f3n los cat\u00e1logos Dellmeco. Para m\u00e1s informaci\u00f3n puede utilizar el formulario de contacto. \u00a1Contactanos!\" \/>\n<meta property=\"og:url\" content=\"https:\/\/www.raimaberfluidtech.com\/industrial\/catalogos-distribucion-bombas-industriales\/dellmeco\/\" \/>\n<meta property=\"og:site_name\" content=\"Raimaber Fluid Tech [Industrial]\" \/>\n<meta property=\"article:modified_time\" content=\"2021-09-22T11:06:27+00:00\" \/>\n<meta name=\"twitter:label1\" content=\"Tiempo de lectura\" \/>\n\t<meta name=\"twitter:data1\" content=\"1 minuto\" \/>\n<script type=\"application\/ld+json\" class=\"yoast-schema-graph\">{\"@context\":\"https:\/\/schema.org\",\"@graph\":[{\"@type\":\"WebPage\",\"@id\":\"https:\/\/www.raimaberfluidtech.com\/industrial\/catalogos-distribucion-bombas-industriales\/dellmeco\/\",\"url\":\"https:\/\/www.raimaberfluidtech.com\/industrial\/catalogos-distribucion-bombas-industriales\/dellmeco\/\",\"name\":\"Cat\u00e1logos Dellmeco - Raimaber\",\"isPartOf\":{\"@id\":\"https:\/\/www.raimaberfluidtech.com\/industrial\/#website\"},\"datePublished\":\"2018-07-12T08:03:58+00:00\",\"dateModified\":\"2021-09-22T11:06:27+00:00\",\"description\":\"Raimaber pone a su disposici\u00f3n los cat\u00e1logos Dellmeco. Para m\u00e1s informaci\u00f3n puede utilizar el formulario de contacto. \u00a1Contactanos!\",\"breadcrumb\":{\"@id\":\"https:\/\/www.raimaberfluidtech.com\/industrial\/catalogos-distribucion-bombas-industriales\/dellmeco\/#breadcrumb\"},\"inLanguage\":\"es\",\"potentialAction\":[{\"@type\":\"ReadAction\",\"target\":[\"https:\/\/www.raimaberfluidtech.com\/industrial\/catalogos-distribucion-bombas-industriales\/dellmeco\/\"]}]},{\"@type\":\"BreadcrumbList\",\"@id\":\"https:\/\/www.raimaberfluidtech.com\/industrial\/catalogos-distribucion-bombas-industriales\/dellmeco\/#breadcrumb\",\"itemListElement\":[{\"@type\":\"ListItem\",\"position\":1,\"name\":\"Home\",\"item\":\"https:\/\/www.raimaberfluidtech.com\/industrial\/\"},{\"@type\":\"ListItem\",\"position\":2,\"name\":\"Archivos descargables\",\"item\":\"https:\/\/www.raimaberfluidtech.com\/industrial\/catalogos-distribucion-bombas-industriales\/\"},{\"@type\":\"ListItem\",\"position\":3,\"name\":\"Dellmeco\"}]},{\"@type\":\"WebSite\",\"@id\":\"https:\/\/www.raimaberfluidtech.com\/industrial\/#website\",\"url\":\"https:\/\/www.raimaberfluidtech.com\/industrial\/\",\"name\":\"Raimaber Fluid Tech [Industrial]\",\"description\":\"Bombas industriales\",\"publisher\":{\"@id\":\"https:\/\/www.raimaberfluidtech.com\/industrial\/#organization\"},\"potentialAction\":[{\"@type\":\"SearchAction\",\"target\":{\"@type\":\"EntryPoint\",\"urlTemplate\":\"https:\/\/www.raimaberfluidtech.com\/industrial\/?s={search_term_string}\"},\"query-input\":{\"@type\":\"PropertyValueSpecification\",\"valueRequired\":true,\"valueName\":\"search_term_string\"}}],\"inLanguage\":\"es\"},{\"@type\":\"Organization\",\"@id\":\"https:\/\/www.raimaberfluidtech.com\/industrial\/#organization\",\"name\":\"Raimaber Fluid Tech [Industrial]\",\"url\":\"https:\/\/www.raimaberfluidtech.com\/industrial\/\",\"logo\":{\"@type\":\"ImageObject\",\"inLanguage\":\"es\",\"@id\":\"https:\/\/www.raimaberfluidtech.com\/industrial\/#\/schema\/logo\/image\/\",\"url\":\"https:\/\/www.raimaberfluidtech.com\/industrial\/wp-content\/blogs.dir\/4\/files\/2012\/11\/raimaber.gif\",\"contentUrl\":\"https:\/\/www.raimaberfluidtech.com\/industrial\/wp-content\/blogs.dir\/4\/files\/2012\/11\/raimaber.gif\",\"width\":\"705\",\"height\":\"438\",\"caption\":\"Raimaber Fluid Tech [Industrial]\"},\"image\":{\"@id\":\"https:\/\/www.raimaberfluidtech.com\/industrial\/#\/schema\/logo\/image\/\"}}]}<\/script>\n<!-- \/ Yoast SEO plugin. -->","yoast_head_json":{"title":"Cat\u00e1logos Dellmeco - Raimaber","description":"Raimaber pone a su disposici\u00f3n los cat\u00e1logos Dellmeco. Para m\u00e1s informaci\u00f3n puede utilizar el formulario de contacto. \u00a1Contactanos!","robots":{"index":"index","follow":"follow","max-snippet":"max-snippet:-1","max-image-preview":"max-image-preview:large","max-video-preview":"max-video-preview:-1"},"canonical":"https:\/\/www.raimaberfluidtech.com\/industrial\/catalogos-distribucion-bombas-industriales\/dellmeco\/","og_locale":"es_ES","og_type":"article","og_title":"Cat\u00e1logos Dellmeco - Raimaber","og_description":"Raimaber pone a su disposici\u00f3n los cat\u00e1logos Dellmeco. Para m\u00e1s informaci\u00f3n puede utilizar el formulario de contacto. \u00a1Contactanos!","og_url":"https:\/\/www.raimaberfluidtech.com\/industrial\/catalogos-distribucion-bombas-industriales\/dellmeco\/","og_site_name":"Raimaber Fluid Tech [Industrial]","article_modified_time":"2021-09-22T11:06:27+00:00","twitter_misc":{"Tiempo de lectura":"1 minuto"},"schema":{"@context":"https:\/\/schema.org","@graph":[{"@type":"WebPage","@id":"https:\/\/www.raimaberfluidtech.com\/industrial\/catalogos-distribucion-bombas-industriales\/dellmeco\/","url":"https:\/\/www.raimaberfluidtech.com\/industrial\/catalogos-distribucion-bombas-industriales\/dellmeco\/","name":"Cat\u00e1logos Dellmeco - Raimaber","isPartOf":{"@id":"https:\/\/www.raimaberfluidtech.com\/industrial\/#website"},"datePublished":"2018-07-12T08:03:58+00:00","dateModified":"2021-09-22T11:06:27+00:00","description":"Raimaber pone a su disposici\u00f3n los cat\u00e1logos Dellmeco. Para m\u00e1s informaci\u00f3n puede utilizar el formulario de contacto. \u00a1Contactanos!","breadcrumb":{"@id":"https:\/\/www.raimaberfluidtech.com\/industrial\/catalogos-distribucion-bombas-industriales\/dellmeco\/#breadcrumb"},"inLanguage":"es","potentialAction":[{"@type":"ReadAction","target":["https:\/\/www.raimaberfluidtech.com\/industrial\/catalogos-distribucion-bombas-industriales\/dellmeco\/"]}]},{"@type":"BreadcrumbList","@id":"https:\/\/www.raimaberfluidtech.com\/industrial\/catalogos-distribucion-bombas-industriales\/dellmeco\/#breadcrumb","itemListElement":[{"@type":"ListItem","position":1,"name":"Home","item":"https:\/\/www.raimaberfluidtech.com\/industrial\/"},{"@type":"ListItem","position":2,"name":"Archivos descargables","item":"https:\/\/www.raimaberfluidtech.com\/industrial\/catalogos-distribucion-bombas-industriales\/"},{"@type":"ListItem","position":3,"name":"Dellmeco"}]},{"@type":"WebSite","@id":"https:\/\/www.raimaberfluidtech.com\/industrial\/#website","url":"https:\/\/www.raimaberfluidtech.com\/industrial\/","name":"Raimaber Fluid Tech [Industrial]","description":"Bombas industriales","publisher":{"@id":"https:\/\/www.raimaberfluidtech.com\/industrial\/#organization"},"potentialAction":[{"@type":"SearchAction","target":{"@type":"EntryPoint","urlTemplate":"https:\/\/www.raimaberfluidtech.com\/industrial\/?s={search_term_string}"},"query-input":{"@type":"PropertyValueSpecification","valueRequired":true,"valueName":"search_term_string"}}],"inLanguage":"es"},{"@type":"Organization","@id":"https:\/\/www.raimaberfluidtech.com\/industrial\/#organization","name":"Raimaber Fluid Tech [Industrial]","url":"https:\/\/www.raimaberfluidtech.com\/industrial\/","logo":{"@type":"ImageObject","inLanguage":"es","@id":"https:\/\/www.raimaberfluidtech.com\/industrial\/#\/schema\/logo\/image\/","url":"https:\/\/www.raimaberfluidtech.com\/industrial\/wp-content\/blogs.dir\/4\/files\/2012\/11\/raimaber.gif","contentUrl":"https:\/\/www.raimaberfluidtech.com\/industrial\/wp-content\/blogs.dir\/4\/files\/2012\/11\/raimaber.gif","width":"705","height":"438","caption":"Raimaber Fluid Tech [Industrial]"},"image":{"@id":"https:\/\/www.raimaberfluidtech.com\/industrial\/#\/schema\/logo\/image\/"}}]}},"_links":{"self":[{"href":"https:\/\/www.raimaberfluidtech.com\/industrial\/wp-json\/wp\/v2\/pages\/5413","targetHints":{"allow":["GET"]}}],"collection":[{"href":"https:\/\/www.raimaberfluidtech.com\/industrial\/wp-json\/wp\/v2\/pages"}],"about":[{"href":"https:\/\/www.raimaberfluidtech.com\/industrial\/wp-json\/wp\/v2\/types\/page"}],"author":[{"embeddable":true,"href":"https:\/\/www.raimaberfluidtech.com\/industrial\/wp-json\/wp\/v2\/users\/1"}],"replies":[{"embeddable":true,"href":"https:\/\/www.raimaberfluidtech.com\/industrial\/wp-json\/wp\/v2\/comments?post=5413"}],"version-history":[{"count":6,"href":"https:\/\/www.raimaberfluidtech.com\/industrial\/wp-json\/wp\/v2\/pages\/5413\/revisions"}],"predecessor-version":[{"id":7599,"href":"https:\/\/www.raimaberfluidtech.com\/industrial\/wp-json\/wp\/v2\/pages\/5413\/revisions\/7599"}],"up":[{"embeddable":true,"href":"https:\/\/www.raimaberfluidtech.com\/industrial\/wp-json\/wp\/v2\/pages\/106"}],"wp:attachment":[{"href":"https:\/\/www.raimaberfluidtech.com\/industrial\/wp-json\/wp\/v2\/media?parent=5413"}],"curies":[{"name":"wp","href":"https:\/\/api.w.org\/{rel}","templated":true}]}}