{"id":5237,"date":"2018-04-17T11:30:34","date_gmt":"2018-04-17T11:30:34","guid":{"rendered":"http:\/\/www.raimaberfluidtech.com\/industrial\/?page_id=5237"},"modified":"2022-11-14T14:41:15","modified_gmt":"2022-11-14T14:41:15","slug":"perficooker","status":"publish","type":"page","link":"https:\/\/www.raimaberfluidtech.com\/industrial\/perfiprocess\/perficooker\/","title":{"rendered":"Perficooker"},"content":{"rendered":"<div class=\"wpb-content-wrapper\"><p>[vc_row][vc_column width=\u00bb1\/2&#8243;][vc_media_grid element_width=\u00bb6&#8243; gap=\u00bb4&#8243; grid_id=\u00bbvc_gid:1632305819493-46f7c9be-ada4-4&#8243; include=\u00bb5652,5653&#8243;][\/vc_column][vc_column width=\u00bb1\/2&#8243;][vc_custom_heading text=\u00bbPerficooker: Cooking Vessel\u00bb font_container=\u00bbtag:h2|font_size:18px|text_align:left|color:%23000000&#8243; use_theme_fonts=\u00bbyes\u00bb][vc_column_text]<\/p>\n<p style=\"font-weight: 400\">capacidad desde 500 l hasta 3000 litros<\/p>\n<p style=\"font-weight: 400\"><strong>MOTOR MONTAJE INFERIOR<\/strong><\/p>\n<p style=\"font-weight: 400\">Recipientes de cocci\u00f3n de alta eficiencia, con doble camisa de calentamiento para una superficie de intercambio m\u00e1xima, dise\u00f1ados para un manejo suave del producto e integraci\u00f3n de sistemas auxiliares opcionales, seg\u00fan las necesidades y los requisitos del cliente.<\/p>\n<p style=\"font-weight: 400\"><strong>MOTOR MONTAJE SUPERIOR<\/strong><\/p>\n<p style=\"font-weight: 400\">Recipientes de cocci\u00f3n con camisa calefactada, dise\u00f1ados para un manejo suave del producto e integraci\u00f3n de sistemas auxiliares opcionales, seg\u00fan las necesidades y los requisitos del cliente.<\/p>\n<p style=\"font-weight: 400\"><strong>TANQUE CON SERPENT\u00cdN INTERNO<\/strong><\/p>\n<p style=\"font-weight: 400\">Recipientes de cocci\u00f3n de alta eficiencia, con camisa calefactora en el cuerpo, fondo y agitador tipo serpent\u00edn, para un proceso de calentamiento r\u00e1pido y manejo suave del producto, el resultado es un producto final de m\u00e1s calidad, con mejor estructura, aroma y color.<\/p>\n<p>[\/vc_column_text][\/vc_column][\/vc_row][vc_row css=\u00bb.vc_custom_1533202540561{margin-top: 35px !important;}\u00bb el_class=\u00bbfileventajas\u00bb][vc_column width=\u00bb1\/2&#8243;][vc_custom_heading text=\u00bbVentajas\u00bb use_theme_fonts=\u00bbyes\u00bb][vc_column_text]<\/p>\n<ul>\n<li>Salsas<\/li>\n<li>Sopas<\/li>\n<li>Cremas<\/li>\n<li>Componentes de comida preparada<\/li>\n<li>Preparaciones de frutas<\/li>\n<li>Mermeladas y mermeladas<\/li>\n<\/ul>\n<p>[\/vc_column_text][\/vc_column][vc_column width=\u00bb1\/2&#8243;][vc_custom_heading text=\u00bbAplicaciones\u00bb use_theme_fonts=\u00bbyes\u00bb][vc_column_text]<\/p>\n<ul>\n<li>Tama\u00f1os de lote variables, sin quemar el producto<\/li>\n<li>F\u00e1cil instalaci\u00f3n<\/li>\n<li>Tiempos de proceso cortos y intuitivos<\/li>\n<li>Manejo suave del producto<\/li>\n<li>Proceso con vac\u00edo, sin oxidaci\u00f3n<\/li>\n<li>Reutilizaci\u00f3n del aroma<\/li>\n<li>Alta limpieza<\/li>\n<li>Dise\u00f1ado para CIP y SIP<\/li>\n<\/ul>\n<p>[\/vc_column_text][\/vc_column][\/vc_row][vc_row css=\u00bb.vc_custom_1533202540561{margin-top: 35px !important;}\u00bb el_class=\u00bbfileventajas\u00bb][vc_column width=\u00bb1\/2&#8243;][vc_custom_heading text=\u00bbOpcionales\u00bb use_theme_fonts=\u00bbyes\u00bb][vc_column_text]<\/p>\n<ul>\n<li>Sistema de vac\u00edo<\/li>\n<li>Sistema condensador<\/li>\n<li>Inyecci\u00f3n directa de vapor<\/li>\n<li>Camisa de transferencia de calor segmentada<\/li>\n<li>Agitador de alto cizallamiento<\/li>\n<li>Probeta de temperatura<\/li>\n<li>Cubierta con motor<\/li>\n<li>Paquete \u00ablisto para trabajar\u00bb, con v\u00e1lvula modulante<\/li>\n<li>Trampas, v\u00e1lvulas de cierre y accesorios<\/li>\n<li>Montaje de pat\u00edn, incluido el sistema de control<\/li>\n<\/ul>\n<p>[\/vc_column_text][vc_empty_space][vc_btn title=\u00bbSOLICITUD DE INFORMACI\u00d3N T\u00c9CNICA\u00bb link=\u00bburl:https%3A%2F%2Fwww.raimaberfluidtech.com\/industrial%2Fsolicitud-informacion-tecnica%2F|title:Solicitud%20informaci%C3%B3n%20t%C3%A9cnica||\u00bb][\/vc_column][vc_column width=\u00bb1\/2&#8243;][\/vc_column][\/vc_row][vc_row][vc_column][vc_column_text]<\/p>\n<p>[\/vc_column_text][\/vc_column][\/vc_row]<\/p>\n<\/div>","protected":false},"excerpt":{"rendered":"<p>[vc_row][vc_column width=\u00bb1\/2&#8243;][vc_media_grid element_width=\u00bb6&#8243; gap=\u00bb4&#8243; grid_id=\u00bbvc_gid:1632305819493-46f7c9be-ada4-4&#8243; include=\u00bb5652,5653&#8243;][\/vc_column][vc_column width=\u00bb1\/2&#8243;][vc_custom_heading text=\u00bbPerficooker: Cooking Vessel\u00bb font_container=\u00bbtag:h2|font_size:18px|text_align:left|color:%23000000&#8243; use_theme_fonts=\u00bbyes\u00bb][vc_column_text] capacidad desde 500 l hasta 3000 litros MOTOR MONTAJE INFERIOR Recipientes de cocci\u00f3n de alta eficiencia, con doble camisa de calentamiento para una superficie de intercambio m\u00e1xima, dise\u00f1ados&#8230;<\/p>\n","protected":false},"author":1,"featured_media":0,"parent":5223,"menu_order":0,"comment_status":"closed","ping_status":"closed","template":"page-sidebar.php","meta":{"footnotes":""},"class_list":["post-5237","page","type-page","status-publish","hentry"],"yoast_head":"<!-- This site is optimized with the Yoast SEO plugin v24.3 - https:\/\/yoast.com\/wordpress\/plugins\/seo\/ -->\n<title>Perfiprocess: Perficooker - Raimaber Fluid Tech [Industrial]<\/title>\n<meta name=\"description\" content=\"La Perficooker: Cooking Vessel de Perfiprocess consta de recipientes de cocci\u00f3n de alta eficiencia con un manejo suave del producto.\" \/>\n<meta name=\"robots\" content=\"index, follow, max-snippet:-1, max-image-preview:large, max-video-preview:-1\" \/>\n<link rel=\"canonical\" href=\"https:\/\/www.raimaberfluidtech.com\/industrial\/perfiprocess\/perficooker\/\" \/>\n<meta property=\"og:locale\" content=\"es_ES\" \/>\n<meta property=\"og:type\" content=\"article\" \/>\n<meta property=\"og:title\" content=\"Perfiprocess: Perficooker - Raimaber Fluid Tech [Industrial]\" \/>\n<meta property=\"og:description\" content=\"La Perficooker: Cooking Vessel de Perfiprocess consta de recipientes de cocci\u00f3n de alta eficiencia con un manejo suave del producto.\" \/>\n<meta property=\"og:url\" content=\"https:\/\/www.raimaberfluidtech.com\/industrial\/perfiprocess\/perficooker\/\" \/>\n<meta property=\"og:site_name\" content=\"Raimaber Fluid Tech [Industrial]\" \/>\n<meta property=\"article:modified_time\" content=\"2022-11-14T14:41:15+00:00\" \/>\n<meta name=\"twitter:label1\" content=\"Tiempo de lectura\" \/>\n\t<meta name=\"twitter:data1\" content=\"2 minutos\" \/>\n<script type=\"application\/ld+json\" class=\"yoast-schema-graph\">{\"@context\":\"https:\/\/schema.org\",\"@graph\":[{\"@type\":\"WebPage\",\"@id\":\"https:\/\/www.raimaberfluidtech.com\/industrial\/perfiprocess\/perficooker\/\",\"url\":\"https:\/\/www.raimaberfluidtech.com\/industrial\/perfiprocess\/perficooker\/\",\"name\":\"Perfiprocess: Perficooker - Raimaber Fluid Tech [Industrial]\",\"isPartOf\":{\"@id\":\"https:\/\/www.raimaberfluidtech.com\/industrial\/#website\"},\"datePublished\":\"2018-04-17T11:30:34+00:00\",\"dateModified\":\"2022-11-14T14:41:15+00:00\",\"description\":\"La Perficooker: Cooking Vessel de Perfiprocess consta de recipientes de cocci\u00f3n de alta eficiencia con un manejo suave del producto.\",\"breadcrumb\":{\"@id\":\"https:\/\/www.raimaberfluidtech.com\/industrial\/perfiprocess\/perficooker\/#breadcrumb\"},\"inLanguage\":\"es\",\"potentialAction\":[{\"@type\":\"ReadAction\",\"target\":[\"https:\/\/www.raimaberfluidtech.com\/industrial\/perfiprocess\/perficooker\/\"]}]},{\"@type\":\"BreadcrumbList\",\"@id\":\"https:\/\/www.raimaberfluidtech.com\/industrial\/perfiprocess\/perficooker\/#breadcrumb\",\"itemListElement\":[{\"@type\":\"ListItem\",\"position\":1,\"name\":\"Home\",\"item\":\"https:\/\/www.raimaberfluidtech.com\/industrial\/\"},{\"@type\":\"ListItem\",\"position\":2,\"name\":\"Perfiprocess\",\"item\":\"https:\/\/www.raimaberfluidtech.com\/industrial\/perfiprocess\/\"},{\"@type\":\"ListItem\",\"position\":3,\"name\":\"Perficooker\"}]},{\"@type\":\"WebSite\",\"@id\":\"https:\/\/www.raimaberfluidtech.com\/industrial\/#website\",\"url\":\"https:\/\/www.raimaberfluidtech.com\/industrial\/\",\"name\":\"Raimaber Fluid Tech [Industrial]\",\"description\":\"Bombas industriales\",\"publisher\":{\"@id\":\"https:\/\/www.raimaberfluidtech.com\/industrial\/#organization\"},\"potentialAction\":[{\"@type\":\"SearchAction\",\"target\":{\"@type\":\"EntryPoint\",\"urlTemplate\":\"https:\/\/www.raimaberfluidtech.com\/industrial\/?s={search_term_string}\"},\"query-input\":{\"@type\":\"PropertyValueSpecification\",\"valueRequired\":true,\"valueName\":\"search_term_string\"}}],\"inLanguage\":\"es\"},{\"@type\":\"Organization\",\"@id\":\"https:\/\/www.raimaberfluidtech.com\/industrial\/#organization\",\"name\":\"Raimaber Fluid Tech [Industrial]\",\"url\":\"https:\/\/www.raimaberfluidtech.com\/industrial\/\",\"logo\":{\"@type\":\"ImageObject\",\"inLanguage\":\"es\",\"@id\":\"https:\/\/www.raimaberfluidtech.com\/industrial\/#\/schema\/logo\/image\/\",\"url\":\"https:\/\/www.raimaberfluidtech.com\/industrial\/wp-content\/blogs.dir\/4\/files\/2012\/11\/raimaber.gif\",\"contentUrl\":\"https:\/\/www.raimaberfluidtech.com\/industrial\/wp-content\/blogs.dir\/4\/files\/2012\/11\/raimaber.gif\",\"width\":\"705\",\"height\":\"438\",\"caption\":\"Raimaber Fluid Tech [Industrial]\"},\"image\":{\"@id\":\"https:\/\/www.raimaberfluidtech.com\/industrial\/#\/schema\/logo\/image\/\"}}]}<\/script>\n<!-- \/ Yoast SEO plugin. -->","yoast_head_json":{"title":"Perfiprocess: Perficooker - Raimaber Fluid Tech [Industrial]","description":"La Perficooker: Cooking Vessel de Perfiprocess consta de recipientes de cocci\u00f3n de alta eficiencia con un manejo suave del producto.","robots":{"index":"index","follow":"follow","max-snippet":"max-snippet:-1","max-image-preview":"max-image-preview:large","max-video-preview":"max-video-preview:-1"},"canonical":"https:\/\/www.raimaberfluidtech.com\/industrial\/perfiprocess\/perficooker\/","og_locale":"es_ES","og_type":"article","og_title":"Perfiprocess: Perficooker - Raimaber Fluid Tech [Industrial]","og_description":"La Perficooker: Cooking Vessel de Perfiprocess consta de recipientes de cocci\u00f3n de alta eficiencia con un manejo suave del producto.","og_url":"https:\/\/www.raimaberfluidtech.com\/industrial\/perfiprocess\/perficooker\/","og_site_name":"Raimaber Fluid Tech [Industrial]","article_modified_time":"2022-11-14T14:41:15+00:00","twitter_misc":{"Tiempo de lectura":"2 minutos"},"schema":{"@context":"https:\/\/schema.org","@graph":[{"@type":"WebPage","@id":"https:\/\/www.raimaberfluidtech.com\/industrial\/perfiprocess\/perficooker\/","url":"https:\/\/www.raimaberfluidtech.com\/industrial\/perfiprocess\/perficooker\/","name":"Perfiprocess: Perficooker - Raimaber Fluid Tech [Industrial]","isPartOf":{"@id":"https:\/\/www.raimaberfluidtech.com\/industrial\/#website"},"datePublished":"2018-04-17T11:30:34+00:00","dateModified":"2022-11-14T14:41:15+00:00","description":"La Perficooker: Cooking Vessel de Perfiprocess consta de recipientes de cocci\u00f3n de alta eficiencia con un manejo suave del producto.","breadcrumb":{"@id":"https:\/\/www.raimaberfluidtech.com\/industrial\/perfiprocess\/perficooker\/#breadcrumb"},"inLanguage":"es","potentialAction":[{"@type":"ReadAction","target":["https:\/\/www.raimaberfluidtech.com\/industrial\/perfiprocess\/perficooker\/"]}]},{"@type":"BreadcrumbList","@id":"https:\/\/www.raimaberfluidtech.com\/industrial\/perfiprocess\/perficooker\/#breadcrumb","itemListElement":[{"@type":"ListItem","position":1,"name":"Home","item":"https:\/\/www.raimaberfluidtech.com\/industrial\/"},{"@type":"ListItem","position":2,"name":"Perfiprocess","item":"https:\/\/www.raimaberfluidtech.com\/industrial\/perfiprocess\/"},{"@type":"ListItem","position":3,"name":"Perficooker"}]},{"@type":"WebSite","@id":"https:\/\/www.raimaberfluidtech.com\/industrial\/#website","url":"https:\/\/www.raimaberfluidtech.com\/industrial\/","name":"Raimaber Fluid Tech [Industrial]","description":"Bombas industriales","publisher":{"@id":"https:\/\/www.raimaberfluidtech.com\/industrial\/#organization"},"potentialAction":[{"@type":"SearchAction","target":{"@type":"EntryPoint","urlTemplate":"https:\/\/www.raimaberfluidtech.com\/industrial\/?s={search_term_string}"},"query-input":{"@type":"PropertyValueSpecification","valueRequired":true,"valueName":"search_term_string"}}],"inLanguage":"es"},{"@type":"Organization","@id":"https:\/\/www.raimaberfluidtech.com\/industrial\/#organization","name":"Raimaber Fluid Tech [Industrial]","url":"https:\/\/www.raimaberfluidtech.com\/industrial\/","logo":{"@type":"ImageObject","inLanguage":"es","@id":"https:\/\/www.raimaberfluidtech.com\/industrial\/#\/schema\/logo\/image\/","url":"https:\/\/www.raimaberfluidtech.com\/industrial\/wp-content\/blogs.dir\/4\/files\/2012\/11\/raimaber.gif","contentUrl":"https:\/\/www.raimaberfluidtech.com\/industrial\/wp-content\/blogs.dir\/4\/files\/2012\/11\/raimaber.gif","width":"705","height":"438","caption":"Raimaber Fluid Tech [Industrial]"},"image":{"@id":"https:\/\/www.raimaberfluidtech.com\/industrial\/#\/schema\/logo\/image\/"}}]}},"_links":{"self":[{"href":"https:\/\/www.raimaberfluidtech.com\/industrial\/wp-json\/wp\/v2\/pages\/5237","targetHints":{"allow":["GET"]}}],"collection":[{"href":"https:\/\/www.raimaberfluidtech.com\/industrial\/wp-json\/wp\/v2\/pages"}],"about":[{"href":"https:\/\/www.raimaberfluidtech.com\/industrial\/wp-json\/wp\/v2\/types\/page"}],"author":[{"embeddable":true,"href":"https:\/\/www.raimaberfluidtech.com\/industrial\/wp-json\/wp\/v2\/users\/1"}],"replies":[{"embeddable":true,"href":"https:\/\/www.raimaberfluidtech.com\/industrial\/wp-json\/wp\/v2\/comments?post=5237"}],"version-history":[{"count":8,"href":"https:\/\/www.raimaberfluidtech.com\/industrial\/wp-json\/wp\/v2\/pages\/5237\/revisions"}],"predecessor-version":[{"id":7793,"href":"https:\/\/www.raimaberfluidtech.com\/industrial\/wp-json\/wp\/v2\/pages\/5237\/revisions\/7793"}],"up":[{"embeddable":true,"href":"https:\/\/www.raimaberfluidtech.com\/industrial\/wp-json\/wp\/v2\/pages\/5223"}],"wp:attachment":[{"href":"https:\/\/www.raimaberfluidtech.com\/industrial\/wp-json\/wp\/v2\/media?parent=5237"}],"curies":[{"name":"wp","href":"https:\/\/api.w.org\/{rel}","templated":true}]}}