{"id":5160,"date":"2018-04-10T14:46:22","date_gmt":"2018-04-10T14:46:22","guid":{"rendered":"http:\/\/www.raimaberfluidtech.com\/industrial\/?page_id=5160"},"modified":"2021-09-22T10:11:25","modified_gmt":"2021-09-22T10:11:25","slug":"serie-dmcx","status":"publish","type":"page","link":"https:\/\/www.raimaberfluidtech.com\/industrial\/dellmeco\/serie-DMCX","title":{"rendered":"Serie DMCX"},"content":{"rendered":"<div class=\"wpb-content-wrapper\"><p>[vc_row][vc_column width=\u00bb1\/2&#8243;][vc_media_grid element_width=\u00bb6&#8243; gap=\u00bb4&#8243; initial_loading_animation=\u00bbnone\u00bb grid_id=\u00bbvc_gid:1632304967092-2ef098a5-200c-8&#8243; include=\u00bb5398,5399,5400&#8243;][\/vc_column][vc_column width=\u00bb1\/2&#8243;][vc_custom_heading text=\u00bbSerie DMCX\u00bb font_container=\u00bbtag:h2|font_size:18px|text_align:left|color:%23000000&#8243; use_theme_fonts=\u00bbyes\u00bb][vc_column_text]<strong>Caracter\u00edsticas principales :<\/strong><\/p>\n<ul>\n<li>bombas de diafragma neum\u00e1ticas para bombear vol\u00famenes peque\u00f1os y medios<\/li>\n<li>cuerpo mecanizado a partir de un bloque s\u00f3lido en nuestros centros de mecanizado y torneado, con control num\u00e9rico computarizado (CNC) altamente avanzados<\/li>\n<li>impulsado por aire comprimido (sin necesidad de motores el\u00e9ctricos o conexiones el\u00e9ctricas)<\/li>\n<li>4 tama\u00f1os de bomba con capacidades desde 10 hasta130 litros\/min, con agua 20 \u00b0 C<\/li>\n<li>sistema de control de aire sin lubricaci\u00f3n o punto \u00abmuerto\u00bb<\/li>\n<li>diafragmas fabricados con EPDM, NBR o compuesto de PTFE \/ EPDM<\/li>\n<li>disponible con v\u00e1lvulas de bola o cilindro<\/li>\n<li>autocebado y protecci\u00f3n contra el trabajo en seco<\/li>\n<li>f\u00e1cil mantenimiento preventivo<\/li>\n<li>material de fabricaci\u00f3n : PE conductivo (con conformidad ATEX)<\/li>\n<\/ul>\n<p>[\/vc_column_text][vc_empty_space][vc_btn title=\u00bbSOLICITUD DE INFORMACI\u00d3N T\u00c9CNICA\u00bb link=\u00bburl:https%3A%2F%2Fwww.raimaberfluidtech.com\/industrial%2Fsolicitud-informacion-tecnica%2F|title:Solicitud%20informaci%C3%B3n%20t%C3%A9cnica||\u00bb][\/vc_column][\/vc_row]<\/p>\n<\/div>","protected":false},"excerpt":{"rendered":"<p>[vc_row][vc_column width=\u00bb1\/2&#8243;][vc_media_grid element_width=\u00bb6&#8243; gap=\u00bb4&#8243; initial_loading_animation=\u00bbnone\u00bb grid_id=\u00bbvc_gid:1632304967092-2ef098a5-200c-8&#8243; include=\u00bb5398,5399,5400&#8243;][\/vc_column][vc_column width=\u00bb1\/2&#8243;][vc_custom_heading text=\u00bbSerie DMCX\u00bb font_container=\u00bbtag:h2|font_size:18px|text_align:left|color:%23000000&#8243; use_theme_fonts=\u00bbyes\u00bb][vc_column_text]Caracter\u00edsticas principales : bombas de diafragma neum\u00e1ticas para bombear vol\u00famenes peque\u00f1os y medios cuerpo mecanizado a partir de un bloque s\u00f3lido en nuestros centros de mecanizado y torneado, con&#8230;<\/p>\n","protected":false},"author":1,"featured_media":0,"parent":5154,"menu_order":0,"comment_status":"closed","ping_status":"closed","template":"page-sidebar.php","meta":{"footnotes":""},"class_list":["post-5160","page","type-page","status-publish","hentry"],"yoast_head":"<!-- This site is optimized with the Yoast SEO plugin v24.3 - https:\/\/yoast.com\/wordpress\/plugins\/seo\/ -->\n<title>Serie DMCX - Raimaber<\/title>\n<meta name=\"description\" content=\"Las bombas de diafragma neum\u00e1ticas serie DMCX de Dellmeco, son ideales para bombear vol\u00famenes peque\u00f1os y medianos con un facil matenimiento.\" \/>\n<meta name=\"robots\" content=\"index, follow, max-snippet:-1, max-image-preview:large, max-video-preview:-1\" \/>\n<link rel=\"canonical\" href=\"https:\/\/www.raimaberfluidtech.com\/industrial\/dellmeco\/serie-DMCX\/\" \/>\n<meta property=\"og:locale\" content=\"es_ES\" \/>\n<meta property=\"og:type\" content=\"article\" \/>\n<meta property=\"og:title\" content=\"Serie DMCX - Raimaber\" \/>\n<meta property=\"og:description\" content=\"Las bombas de diafragma neum\u00e1ticas serie DMCX de Dellmeco, son ideales para bombear vol\u00famenes peque\u00f1os y medianos con un facil matenimiento.\" \/>\n<meta property=\"og:url\" content=\"https:\/\/www.raimaberfluidtech.com\/industrial\/dellmeco\/serie-DMCX\" \/>\n<meta property=\"og:site_name\" content=\"Raimaber Fluid Tech [Industrial]\" \/>\n<meta property=\"article:modified_time\" content=\"2021-09-22T10:11:25+00:00\" \/>\n<meta name=\"twitter:label1\" content=\"Tiempo de lectura\" \/>\n\t<meta name=\"twitter:data1\" content=\"1 minuto\" \/>\n<script type=\"application\/ld+json\" class=\"yoast-schema-graph\">{\"@context\":\"https:\/\/schema.org\",\"@graph\":[{\"@type\":\"WebPage\",\"@id\":\"https:\/\/www.raimaberfluidtech.com\/industrial\/dellmeco\/serie-DMCX\",\"url\":\"https:\/\/www.raimaberfluidtech.com\/industrial\/dellmeco\/serie-DMCX\",\"name\":\"Serie DMCX - Raimaber\",\"isPartOf\":{\"@id\":\"https:\/\/www.raimaberfluidtech.com\/industrial\/#website\"},\"datePublished\":\"2018-04-10T14:46:22+00:00\",\"dateModified\":\"2021-09-22T10:11:25+00:00\",\"description\":\"Las bombas de diafragma neum\u00e1ticas serie DMCX de Dellmeco, son ideales para bombear vol\u00famenes peque\u00f1os y medianos con un facil matenimiento.\",\"breadcrumb\":{\"@id\":\"https:\/\/www.raimaberfluidtech.com\/industrial\/dellmeco\/serie-DMCX#breadcrumb\"},\"inLanguage\":\"es\",\"potentialAction\":[{\"@type\":\"ReadAction\",\"target\":[\"https:\/\/www.raimaberfluidtech.com\/industrial\/dellmeco\/serie-DMCX\"]}]},{\"@type\":\"BreadcrumbList\",\"@id\":\"https:\/\/www.raimaberfluidtech.com\/industrial\/dellmeco\/serie-DMCX#breadcrumb\",\"itemListElement\":[{\"@type\":\"ListItem\",\"position\":1,\"name\":\"Home\",\"item\":\"https:\/\/www.raimaberfluidtech.com\/industrial\/\"},{\"@type\":\"ListItem\",\"position\":2,\"name\":\"Dellmeco\",\"item\":\"https:\/\/www.raimaberfluidtech.com\/industrial\/dellmeco\/\"},{\"@type\":\"ListItem\",\"position\":3,\"name\":\"Serie DMCX\"}]},{\"@type\":\"WebSite\",\"@id\":\"https:\/\/www.raimaberfluidtech.com\/industrial\/#website\",\"url\":\"https:\/\/www.raimaberfluidtech.com\/industrial\/\",\"name\":\"Raimaber Fluid Tech [Industrial]\",\"description\":\"Bombas industriales\",\"publisher\":{\"@id\":\"https:\/\/www.raimaberfluidtech.com\/industrial\/#organization\"},\"potentialAction\":[{\"@type\":\"SearchAction\",\"target\":{\"@type\":\"EntryPoint\",\"urlTemplate\":\"https:\/\/www.raimaberfluidtech.com\/industrial\/?s={search_term_string}\"},\"query-input\":{\"@type\":\"PropertyValueSpecification\",\"valueRequired\":true,\"valueName\":\"search_term_string\"}}],\"inLanguage\":\"es\"},{\"@type\":\"Organization\",\"@id\":\"https:\/\/www.raimaberfluidtech.com\/industrial\/#organization\",\"name\":\"Raimaber Fluid Tech [Industrial]\",\"url\":\"https:\/\/www.raimaberfluidtech.com\/industrial\/\",\"logo\":{\"@type\":\"ImageObject\",\"inLanguage\":\"es\",\"@id\":\"https:\/\/www.raimaberfluidtech.com\/industrial\/#\/schema\/logo\/image\/\",\"url\":\"https:\/\/www.raimaberfluidtech.com\/industrial\/wp-content\/blogs.dir\/4\/files\/2012\/11\/raimaber.gif\",\"contentUrl\":\"https:\/\/www.raimaberfluidtech.com\/industrial\/wp-content\/blogs.dir\/4\/files\/2012\/11\/raimaber.gif\",\"width\":\"705\",\"height\":\"438\",\"caption\":\"Raimaber Fluid Tech [Industrial]\"},\"image\":{\"@id\":\"https:\/\/www.raimaberfluidtech.com\/industrial\/#\/schema\/logo\/image\/\"}}]}<\/script>\n<!-- \/ Yoast SEO plugin. -->","yoast_head_json":{"title":"Serie DMCX - Raimaber","description":"Las bombas de diafragma neum\u00e1ticas serie DMCX de Dellmeco, son ideales para bombear vol\u00famenes peque\u00f1os y medianos con un facil matenimiento.","robots":{"index":"index","follow":"follow","max-snippet":"max-snippet:-1","max-image-preview":"max-image-preview:large","max-video-preview":"max-video-preview:-1"},"canonical":"https:\/\/www.raimaberfluidtech.com\/industrial\/dellmeco\/serie-DMCX\/","og_locale":"es_ES","og_type":"article","og_title":"Serie DMCX - Raimaber","og_description":"Las bombas de diafragma neum\u00e1ticas serie DMCX de Dellmeco, son ideales para bombear vol\u00famenes peque\u00f1os y medianos con un facil matenimiento.","og_url":"https:\/\/www.raimaberfluidtech.com\/industrial\/dellmeco\/serie-DMCX","og_site_name":"Raimaber Fluid Tech [Industrial]","article_modified_time":"2021-09-22T10:11:25+00:00","twitter_misc":{"Tiempo de lectura":"1 minuto"},"schema":{"@context":"https:\/\/schema.org","@graph":[{"@type":"WebPage","@id":"https:\/\/www.raimaberfluidtech.com\/industrial\/dellmeco\/serie-DMCX","url":"https:\/\/www.raimaberfluidtech.com\/industrial\/dellmeco\/serie-DMCX","name":"Serie DMCX - Raimaber","isPartOf":{"@id":"https:\/\/www.raimaberfluidtech.com\/industrial\/#website"},"datePublished":"2018-04-10T14:46:22+00:00","dateModified":"2021-09-22T10:11:25+00:00","description":"Las bombas de diafragma neum\u00e1ticas serie DMCX de Dellmeco, son ideales para bombear vol\u00famenes peque\u00f1os y medianos con un facil matenimiento.","breadcrumb":{"@id":"https:\/\/www.raimaberfluidtech.com\/industrial\/dellmeco\/serie-DMCX#breadcrumb"},"inLanguage":"es","potentialAction":[{"@type":"ReadAction","target":["https:\/\/www.raimaberfluidtech.com\/industrial\/dellmeco\/serie-DMCX"]}]},{"@type":"BreadcrumbList","@id":"https:\/\/www.raimaberfluidtech.com\/industrial\/dellmeco\/serie-DMCX#breadcrumb","itemListElement":[{"@type":"ListItem","position":1,"name":"Home","item":"https:\/\/www.raimaberfluidtech.com\/industrial\/"},{"@type":"ListItem","position":2,"name":"Dellmeco","item":"https:\/\/www.raimaberfluidtech.com\/industrial\/dellmeco\/"},{"@type":"ListItem","position":3,"name":"Serie DMCX"}]},{"@type":"WebSite","@id":"https:\/\/www.raimaberfluidtech.com\/industrial\/#website","url":"https:\/\/www.raimaberfluidtech.com\/industrial\/","name":"Raimaber Fluid Tech [Industrial]","description":"Bombas industriales","publisher":{"@id":"https:\/\/www.raimaberfluidtech.com\/industrial\/#organization"},"potentialAction":[{"@type":"SearchAction","target":{"@type":"EntryPoint","urlTemplate":"https:\/\/www.raimaberfluidtech.com\/industrial\/?s={search_term_string}"},"query-input":{"@type":"PropertyValueSpecification","valueRequired":true,"valueName":"search_term_string"}}],"inLanguage":"es"},{"@type":"Organization","@id":"https:\/\/www.raimaberfluidtech.com\/industrial\/#organization","name":"Raimaber Fluid Tech [Industrial]","url":"https:\/\/www.raimaberfluidtech.com\/industrial\/","logo":{"@type":"ImageObject","inLanguage":"es","@id":"https:\/\/www.raimaberfluidtech.com\/industrial\/#\/schema\/logo\/image\/","url":"https:\/\/www.raimaberfluidtech.com\/industrial\/wp-content\/blogs.dir\/4\/files\/2012\/11\/raimaber.gif","contentUrl":"https:\/\/www.raimaberfluidtech.com\/industrial\/wp-content\/blogs.dir\/4\/files\/2012\/11\/raimaber.gif","width":"705","height":"438","caption":"Raimaber Fluid Tech [Industrial]"},"image":{"@id":"https:\/\/www.raimaberfluidtech.com\/industrial\/#\/schema\/logo\/image\/"}}]}},"_links":{"self":[{"href":"https:\/\/www.raimaberfluidtech.com\/industrial\/wp-json\/wp\/v2\/pages\/5160","targetHints":{"allow":["GET"]}}],"collection":[{"href":"https:\/\/www.raimaberfluidtech.com\/industrial\/wp-json\/wp\/v2\/pages"}],"about":[{"href":"https:\/\/www.raimaberfluidtech.com\/industrial\/wp-json\/wp\/v2\/types\/page"}],"author":[{"embeddable":true,"href":"https:\/\/www.raimaberfluidtech.com\/industrial\/wp-json\/wp\/v2\/users\/1"}],"replies":[{"embeddable":true,"href":"https:\/\/www.raimaberfluidtech.com\/industrial\/wp-json\/wp\/v2\/comments?post=5160"}],"version-history":[{"count":7,"href":"https:\/\/www.raimaberfluidtech.com\/industrial\/wp-json\/wp\/v2\/pages\/5160\/revisions"}],"predecessor-version":[{"id":7531,"href":"https:\/\/www.raimaberfluidtech.com\/industrial\/wp-json\/wp\/v2\/pages\/5160\/revisions\/7531"}],"up":[{"embeddable":true,"href":"https:\/\/www.raimaberfluidtech.com\/industrial\/wp-json\/wp\/v2\/pages\/5154"}],"wp:attachment":[{"href":"https:\/\/www.raimaberfluidtech.com\/industrial\/wp-json\/wp\/v2\/media?parent=5160"}],"curies":[{"name":"wp","href":"https:\/\/api.w.org\/{rel}","templated":true}]}}