{"id":5154,"date":"2018-04-10T14:20:47","date_gmt":"2018-04-10T14:20:47","guid":{"rendered":"http:\/\/www.raimaberfluidtech.com\/industrial\/?page_id=5154"},"modified":"2023-07-17T11:23:02","modified_gmt":"2023-07-17T11:23:02","slug":"dellmeco","status":"publish","type":"page","link":"https:\/\/www.raimaberfluidtech.com\/industrial\/dellmeco\/","title":{"rendered":"Dellmeco"},"content":{"rendered":"<div class=\"wpb-content-wrapper\"><p>[vc_row][vc_column width=\u00bb1\/2&#8243;][vc_media_grid element_width=\u00bb6&#8243; gap=\u00bb4&#8243; grid_id=\u00bbvc_gid:1689592818897-182bb033-b1b0-0&#8243; include=\u00bb5384,5385,5386,5387,5383&#8243;][\/vc_column][vc_column width=\u00bb1\/2&#8243;][vc_custom_heading text=\u00bbDellmeco\u00bb font_container=\u00bbtag:h2|font_size:18px|text_align:left|color:%23000000&#8243; use_theme_fonts=\u00bbyes\u00bb][vc_column_text]DELLMECO es un fabricante l\u00edder de bombas neum\u00e1ticas de doble diafragma, desde 2004.<\/p>\n<p>Fabrican y dise\u00f1an bombas de diafragma doble accionadas por aire y electromec\u00e1nicas (series AODD y DME) con una amplia gama de accesorios para uso industrial. Tambi\u00e9n ofrecen dise\u00f1o y desarrollo de \u00faltima generaci\u00f3n en nuestras nuevas instalaciones en Polonia, respaldados por un sistema de control de calidad ISO \/ TUV reconocido internacionalmente.<\/p>\n<p>La tecnolog\u00eda punta y la experiencia en ingenier\u00eda, combinadas con el amplio know-how garantizan alta calidad en toda la gama de productos para satisfacer las expectativas de nuestros clientes.<\/p>\n<p>La mejor estrategia DELLMECO para mantener el liderazgo como fabricante de bombas , en el mundo, es mantener una alta responsabilidad social corporativa, cuidando a nuestros clientes, nuestra fuerza de trabajo y el medio ambiente<\/p>\n<p>La nueva y modera f\u00e1brica de Dellmeco, permite controlar puntos importantes, tanto en la fabricaci\u00f3n como en la comercializaci\u00f3n :<\/p>\n<ul>\n<li>Respuesta r\u00e1pida a las demandas de los clientes y el mercado<\/li>\n<li>Dise\u00f1o \u00fanico, compacto y vers\u00e1til que combina alta tecnolog\u00eda con fiabilidad y calidad probadas<\/li>\n<li>Dise\u00f1o innovador, tanto con bombas neum\u00e1ticas como electromec\u00e1nicas de doble diafragma, con bajo consumo de aire y energ\u00eda<\/li>\n<li>Amplia gama de aplicaciones y dise\u00f1os especializados para l\u00edquidos, polvos, medios abrasivos y \/ o corrosivos<\/li>\n<li>Carcasas mecanizadas de PE, PTFE, PE conductivo y PTFE, aluminio, hierro fundido, AISI 316 (industrial) y AISI 316L (higi\u00e9nico), en nuestras propias instalaciones<\/li>\n<li>Certificado ATEX disponible<\/li>\n<\/ul>\n<p>Exigencias de nuestros clientes:: auto-cebado, puede funcionar en seco sin acumulaci\u00f3n de calor o desgaste, flujo ajustable por simple regulaci\u00f3n de aire \/ frecuencia, diafragmas de larga duraci\u00f3n para aplicaciones de servicio pesado (sin discos de diafragma), que funcionan sin lubricaci\u00f3n o cierres mec\u00e1nicos.<\/p>\n<p>&nbsp;<\/p>\n<p><strong>Web<\/strong>: <a href=\"https:\/\/dellmeco.co.uk\/\" target=\"_blank\" rel=\"noopener\">https:\/\/dellmeco.co.uk\/<\/a>[\/vc_column_text][\/vc_column][\/vc_row][vc_row][vc_column][vc_column_text]<\/p>\n<p>[\/vc_column_text][\/vc_column][\/vc_row]<\/p>\n<\/div>","protected":false},"excerpt":{"rendered":"<p>[vc_row][vc_column width=\u00bb1\/2&#8243;][vc_media_grid element_width=\u00bb6&#8243; gap=\u00bb4&#8243; grid_id=\u00bbvc_gid:1689592818897-182bb033-b1b0-0&#8243; include=\u00bb5384,5385,5386,5387,5383&#8243;][\/vc_column][vc_column width=\u00bb1\/2&#8243;][vc_custom_heading text=\u00bbDellmeco\u00bb font_container=\u00bbtag:h2|font_size:18px|text_align:left|color:%23000000&#8243; use_theme_fonts=\u00bbyes\u00bb][vc_column_text]DELLMECO es un fabricante l\u00edder de bombas neum\u00e1ticas de doble diafragma, desde 2004. Fabrican y dise\u00f1an bombas de diafragma doble accionadas por aire y electromec\u00e1nicas (series AODD y DME) con una&#8230;<\/p>\n","protected":false},"author":1,"featured_media":5443,"parent":0,"menu_order":0,"comment_status":"closed","ping_status":"closed","template":"page-sidebar.php","meta":{"footnotes":""},"class_list":["post-5154","page","type-page","status-publish","has-post-thumbnail","hentry"],"yoast_head":"<!-- This site is optimized with the Yoast SEO plugin v24.3 - https:\/\/yoast.com\/wordpress\/plugins\/seo\/ -->\n<title>Dellmeco, bombas neum\u00e1ticas de doble diafragma - Raimaber<\/title>\n<meta name=\"description\" content=\"Dellmeco es un fabricante l\u00edder de bombas neum\u00e1ticas de doble diafragma. Fabrican y dise\u00f1an bombas de diafragma doble accionadas por aire y electromec\u00e1nicas\" \/>\n<meta name=\"robots\" content=\"index, follow, max-snippet:-1, max-image-preview:large, max-video-preview:-1\" \/>\n<link rel=\"canonical\" href=\"https:\/\/www.raimaberfluidtech.com\/industrial\/dellmeco\/\" \/>\n<meta property=\"og:locale\" content=\"es_ES\" \/>\n<meta property=\"og:type\" content=\"article\" \/>\n<meta property=\"og:title\" content=\"Dellmeco, bombas neum\u00e1ticas de doble diafragma - Raimaber\" \/>\n<meta property=\"og:description\" content=\"Dellmeco es un fabricante l\u00edder de bombas neum\u00e1ticas de doble diafragma. Fabrican y dise\u00f1an bombas de diafragma doble accionadas por aire y electromec\u00e1nicas\" \/>\n<meta property=\"og:url\" content=\"https:\/\/www.raimaberfluidtech.com\/industrial\/dellmeco\/\" \/>\n<meta property=\"og:site_name\" content=\"Raimaber Fluid Tech [Industrial]\" \/>\n<meta property=\"article:modified_time\" content=\"2023-07-17T11:23:02+00:00\" \/>\n<meta property=\"og:image\" content=\"https:\/\/www.raimaberfluidtech.com\/industrial\/wp-content\/blogs.dir\/4\/files\/2018\/04\/logo-dellmeco-e1601374756296.png\" \/>\n\t<meta property=\"og:image:width\" content=\"398\" \/>\n\t<meta property=\"og:image:height\" content=\"104\" \/>\n\t<meta property=\"og:image:type\" content=\"image\/png\" \/>\n<meta name=\"twitter:label1\" content=\"Tiempo de lectura\" \/>\n\t<meta name=\"twitter:data1\" content=\"2 minutos\" \/>\n<script type=\"application\/ld+json\" class=\"yoast-schema-graph\">{\"@context\":\"https:\/\/schema.org\",\"@graph\":[{\"@type\":\"WebPage\",\"@id\":\"https:\/\/www.raimaberfluidtech.com\/industrial\/dellmeco\/\",\"url\":\"https:\/\/www.raimaberfluidtech.com\/industrial\/dellmeco\/\",\"name\":\"Dellmeco, bombas neum\u00e1ticas de doble diafragma - Raimaber\",\"isPartOf\":{\"@id\":\"https:\/\/www.raimaberfluidtech.com\/industrial\/#website\"},\"primaryImageOfPage\":{\"@id\":\"https:\/\/www.raimaberfluidtech.com\/industrial\/dellmeco\/#primaryimage\"},\"image\":{\"@id\":\"https:\/\/www.raimaberfluidtech.com\/industrial\/dellmeco\/#primaryimage\"},\"thumbnailUrl\":\"https:\/\/www.raimaberfluidtech.com\/industrial\/files\/2018\/04\/logo-dellmeco-e1601374756296.png\",\"datePublished\":\"2018-04-10T14:20:47+00:00\",\"dateModified\":\"2023-07-17T11:23:02+00:00\",\"description\":\"Dellmeco es un fabricante l\u00edder de bombas neum\u00e1ticas de doble diafragma. Fabrican y dise\u00f1an bombas de diafragma doble accionadas por aire y electromec\u00e1nicas\",\"breadcrumb\":{\"@id\":\"https:\/\/www.raimaberfluidtech.com\/industrial\/dellmeco\/#breadcrumb\"},\"inLanguage\":\"es\",\"potentialAction\":[{\"@type\":\"ReadAction\",\"target\":[\"https:\/\/www.raimaberfluidtech.com\/industrial\/dellmeco\/\"]}]},{\"@type\":\"ImageObject\",\"inLanguage\":\"es\",\"@id\":\"https:\/\/www.raimaberfluidtech.com\/industrial\/dellmeco\/#primaryimage\",\"url\":\"https:\/\/www.raimaberfluidtech.com\/industrial\/files\/2018\/04\/logo-dellmeco-e1601374756296.png\",\"contentUrl\":\"https:\/\/www.raimaberfluidtech.com\/industrial\/files\/2018\/04\/logo-dellmeco-e1601374756296.png\",\"width\":398,\"height\":104,\"caption\":\"Dellmeco\"},{\"@type\":\"BreadcrumbList\",\"@id\":\"https:\/\/www.raimaberfluidtech.com\/industrial\/dellmeco\/#breadcrumb\",\"itemListElement\":[{\"@type\":\"ListItem\",\"position\":1,\"name\":\"Home\",\"item\":\"https:\/\/www.raimaberfluidtech.com\/industrial\/\"},{\"@type\":\"ListItem\",\"position\":2,\"name\":\"Dellmeco\"}]},{\"@type\":\"WebSite\",\"@id\":\"https:\/\/www.raimaberfluidtech.com\/industrial\/#website\",\"url\":\"https:\/\/www.raimaberfluidtech.com\/industrial\/\",\"name\":\"Raimaber Fluid Tech [Industrial]\",\"description\":\"Bombas industriales\",\"publisher\":{\"@id\":\"https:\/\/www.raimaberfluidtech.com\/industrial\/#organization\"},\"potentialAction\":[{\"@type\":\"SearchAction\",\"target\":{\"@type\":\"EntryPoint\",\"urlTemplate\":\"https:\/\/www.raimaberfluidtech.com\/industrial\/?s={search_term_string}\"},\"query-input\":{\"@type\":\"PropertyValueSpecification\",\"valueRequired\":true,\"valueName\":\"search_term_string\"}}],\"inLanguage\":\"es\"},{\"@type\":\"Organization\",\"@id\":\"https:\/\/www.raimaberfluidtech.com\/industrial\/#organization\",\"name\":\"Raimaber Fluid Tech [Industrial]\",\"url\":\"https:\/\/www.raimaberfluidtech.com\/industrial\/\",\"logo\":{\"@type\":\"ImageObject\",\"inLanguage\":\"es\",\"@id\":\"https:\/\/www.raimaberfluidtech.com\/industrial\/#\/schema\/logo\/image\/\",\"url\":\"https:\/\/www.raimaberfluidtech.com\/industrial\/wp-content\/blogs.dir\/4\/files\/2012\/11\/raimaber.gif\",\"contentUrl\":\"https:\/\/www.raimaberfluidtech.com\/industrial\/wp-content\/blogs.dir\/4\/files\/2012\/11\/raimaber.gif\",\"width\":\"705\",\"height\":\"438\",\"caption\":\"Raimaber Fluid Tech [Industrial]\"},\"image\":{\"@id\":\"https:\/\/www.raimaberfluidtech.com\/industrial\/#\/schema\/logo\/image\/\"}}]}<\/script>\n<!-- \/ Yoast SEO plugin. -->","yoast_head_json":{"title":"Dellmeco, bombas neum\u00e1ticas de doble diafragma - Raimaber","description":"Dellmeco es un fabricante l\u00edder de bombas neum\u00e1ticas de doble diafragma. Fabrican y dise\u00f1an bombas de diafragma doble accionadas por aire y electromec\u00e1nicas","robots":{"index":"index","follow":"follow","max-snippet":"max-snippet:-1","max-image-preview":"max-image-preview:large","max-video-preview":"max-video-preview:-1"},"canonical":"https:\/\/www.raimaberfluidtech.com\/industrial\/dellmeco\/","og_locale":"es_ES","og_type":"article","og_title":"Dellmeco, bombas neum\u00e1ticas de doble diafragma - Raimaber","og_description":"Dellmeco es un fabricante l\u00edder de bombas neum\u00e1ticas de doble diafragma. Fabrican y dise\u00f1an bombas de diafragma doble accionadas por aire y electromec\u00e1nicas","og_url":"https:\/\/www.raimaberfluidtech.com\/industrial\/dellmeco\/","og_site_name":"Raimaber Fluid Tech [Industrial]","article_modified_time":"2023-07-17T11:23:02+00:00","og_image":[{"width":398,"height":104,"url":"https:\/\/www.raimaberfluidtech.com\/industrial\/wp-content\/blogs.dir\/4\/files\/2018\/04\/logo-dellmeco-e1601374756296.png","type":"image\/png"}],"twitter_misc":{"Tiempo de lectura":"2 minutos"},"schema":{"@context":"https:\/\/schema.org","@graph":[{"@type":"WebPage","@id":"https:\/\/www.raimaberfluidtech.com\/industrial\/dellmeco\/","url":"https:\/\/www.raimaberfluidtech.com\/industrial\/dellmeco\/","name":"Dellmeco, bombas neum\u00e1ticas de doble diafragma - Raimaber","isPartOf":{"@id":"https:\/\/www.raimaberfluidtech.com\/industrial\/#website"},"primaryImageOfPage":{"@id":"https:\/\/www.raimaberfluidtech.com\/industrial\/dellmeco\/#primaryimage"},"image":{"@id":"https:\/\/www.raimaberfluidtech.com\/industrial\/dellmeco\/#primaryimage"},"thumbnailUrl":"https:\/\/www.raimaberfluidtech.com\/industrial\/files\/2018\/04\/logo-dellmeco-e1601374756296.png","datePublished":"2018-04-10T14:20:47+00:00","dateModified":"2023-07-17T11:23:02+00:00","description":"Dellmeco es un fabricante l\u00edder de bombas neum\u00e1ticas de doble diafragma. Fabrican y dise\u00f1an bombas de diafragma doble accionadas por aire y electromec\u00e1nicas","breadcrumb":{"@id":"https:\/\/www.raimaberfluidtech.com\/industrial\/dellmeco\/#breadcrumb"},"inLanguage":"es","potentialAction":[{"@type":"ReadAction","target":["https:\/\/www.raimaberfluidtech.com\/industrial\/dellmeco\/"]}]},{"@type":"ImageObject","inLanguage":"es","@id":"https:\/\/www.raimaberfluidtech.com\/industrial\/dellmeco\/#primaryimage","url":"https:\/\/www.raimaberfluidtech.com\/industrial\/files\/2018\/04\/logo-dellmeco-e1601374756296.png","contentUrl":"https:\/\/www.raimaberfluidtech.com\/industrial\/files\/2018\/04\/logo-dellmeco-e1601374756296.png","width":398,"height":104,"caption":"Dellmeco"},{"@type":"BreadcrumbList","@id":"https:\/\/www.raimaberfluidtech.com\/industrial\/dellmeco\/#breadcrumb","itemListElement":[{"@type":"ListItem","position":1,"name":"Home","item":"https:\/\/www.raimaberfluidtech.com\/industrial\/"},{"@type":"ListItem","position":2,"name":"Dellmeco"}]},{"@type":"WebSite","@id":"https:\/\/www.raimaberfluidtech.com\/industrial\/#website","url":"https:\/\/www.raimaberfluidtech.com\/industrial\/","name":"Raimaber Fluid Tech [Industrial]","description":"Bombas industriales","publisher":{"@id":"https:\/\/www.raimaberfluidtech.com\/industrial\/#organization"},"potentialAction":[{"@type":"SearchAction","target":{"@type":"EntryPoint","urlTemplate":"https:\/\/www.raimaberfluidtech.com\/industrial\/?s={search_term_string}"},"query-input":{"@type":"PropertyValueSpecification","valueRequired":true,"valueName":"search_term_string"}}],"inLanguage":"es"},{"@type":"Organization","@id":"https:\/\/www.raimaberfluidtech.com\/industrial\/#organization","name":"Raimaber Fluid Tech [Industrial]","url":"https:\/\/www.raimaberfluidtech.com\/industrial\/","logo":{"@type":"ImageObject","inLanguage":"es","@id":"https:\/\/www.raimaberfluidtech.com\/industrial\/#\/schema\/logo\/image\/","url":"https:\/\/www.raimaberfluidtech.com\/industrial\/wp-content\/blogs.dir\/4\/files\/2012\/11\/raimaber.gif","contentUrl":"https:\/\/www.raimaberfluidtech.com\/industrial\/wp-content\/blogs.dir\/4\/files\/2012\/11\/raimaber.gif","width":"705","height":"438","caption":"Raimaber Fluid Tech [Industrial]"},"image":{"@id":"https:\/\/www.raimaberfluidtech.com\/industrial\/#\/schema\/logo\/image\/"}}]}},"_links":{"self":[{"href":"https:\/\/www.raimaberfluidtech.com\/industrial\/wp-json\/wp\/v2\/pages\/5154","targetHints":{"allow":["GET"]}}],"collection":[{"href":"https:\/\/www.raimaberfluidtech.com\/industrial\/wp-json\/wp\/v2\/pages"}],"about":[{"href":"https:\/\/www.raimaberfluidtech.com\/industrial\/wp-json\/wp\/v2\/types\/page"}],"author":[{"embeddable":true,"href":"https:\/\/www.raimaberfluidtech.com\/industrial\/wp-json\/wp\/v2\/users\/1"}],"replies":[{"embeddable":true,"href":"https:\/\/www.raimaberfluidtech.com\/industrial\/wp-json\/wp\/v2\/comments?post=5154"}],"version-history":[{"count":9,"href":"https:\/\/www.raimaberfluidtech.com\/industrial\/wp-json\/wp\/v2\/pages\/5154\/revisions"}],"predecessor-version":[{"id":7930,"href":"https:\/\/www.raimaberfluidtech.com\/industrial\/wp-json\/wp\/v2\/pages\/5154\/revisions\/7930"}],"wp:featuredmedia":[{"embeddable":true,"href":"https:\/\/www.raimaberfluidtech.com\/industrial\/wp-json\/wp\/v2\/media\/5443"}],"wp:attachment":[{"href":"https:\/\/www.raimaberfluidtech.com\/industrial\/wp-json\/wp\/v2\/media?parent=5154"}],"curies":[{"name":"wp","href":"https:\/\/api.w.org\/{rel}","templated":true}]}}