{"id":3431,"date":"2016-07-29T08:26:25","date_gmt":"2016-07-29T08:26:25","guid":{"rendered":"http:\/\/www.raimaberfluidtech.com\/industrial\/?page_id=3431"},"modified":"2021-09-22T10:00:58","modified_gmt":"2021-09-22T10:00:58","slug":"bombas-industriales-engranajes","status":"publish","type":"page","link":"https:\/\/www.raimaberfluidtech.com\/industrial\/bombas\/bombas-industriales-engranajes\/","title":{"rendered":"Bombas Industriales Engranajes"},"content":{"rendered":"<div class=\"wpb-content-wrapper\"><p>[vc_row][vc_column][vc_custom_heading text=\u00bbBombas Industriales Engranajes\u00bb font_container=\u00bbtag:h2|font_size:18px|text_align:left|color:%23000000&#8243; use_theme_fonts=\u00bbyes\u00bb][vc_column_text]Las <strong>bombas industriales de engranajes<\/strong> son perfectas para bombear aceite de lubricaci\u00f3n con un componente de vibraci\u00f3n fuerte. Las bombas de engranajes son bombas robustas, fabricadas con material de alta calidad.\u00a0<a href=\"https:\/\/www.raimaberfluidtech.com\/industrial\/\" target=\"_blank\" rel=\"noopener noreferrer\">Raimaber<\/a>\u00a0comercializa las de la marca <strong>Oberdorfer &#x2122;<\/strong> ,<strong> Sawa i Valisi<\/strong>.<br \/>\nDestacan sus l\u00edneas de bombas de engranajes de alta calidad e innovaci\u00f3n para la industria. \u00a0Con\u00a0bombas de engranajes helicoidales, que permitien que los engranajes se corten en \u00e1ngulo a la cara de la rueda dentada.\u00a0Nuestras bombas permiten un mayor grado de personalizaci\u00f3n de material y rango hidr\u00e1ulico y una bomba de funcionamiento m\u00e1s silencioso.<\/p>\n<p>Bombas Industriales <strong>Engranajes Externos:<\/strong><\/p>\n<h3><a href=\"https:\/\/www.raimaberfluidtech.com\/industrial\/bombas-sawa\/distribuidor-bombas-engranaje-serie-zr\" target=\"_blank\" rel=\"noopener noreferrer\">Bombas engranajes \u2013 Serie ZR-ZRP<\/a><\/h3>\n<p>Las <strong>bombas de engranaje de la serie ZR<\/strong> de Sawa tienen cierre mec\u00e1nico sencillo o doble y acepta caudales de hasta 10 \u00f3 15 m3\/h. Son bombas de engranaje externo de una alta fiabilidad y eficacia.<\/p>\n<h3><a href=\"https:\/\/www.raimaberfluidtech.com\/industrial\/bombas-oberdorfer\/bombas-engranajes\" target=\"_blank\" rel=\"noopener noreferrer\">Bombas engranajes \u2013 CHEMSTEEL<\/a><\/h3>\n<p>Las <strong>bombas engranajes de Chemsteel<\/strong> son bombas de la empresa Oberdorfer fabricadas en INOX 316, fundici\u00f3n de hierro d\u00factil, bronce, pl\u00e1stico RYTON y Hastelloy. Tiene un montaje de monobloc o con rodamientos externos, seg\u00fan las necesidades.<\/p>\n<h3><a href=\"https:\/\/www.raimaberfluidtech.com\/industrial\/bombas-oberdorfer\/bombas-engranajes-oberdorfer-serie-n\" target=\"_blank\" rel=\"noopener noreferrer\">Bombas engranajes \u2013 Serie N<\/a><\/h3>\n<p>Las <strong>bombas de engranaje externo serie N<\/strong>, son de Oberdorfer engranajes son de bronce de primera calidad, los ejes son de acero inoxidable 303 con los mejores materiales INOX316. Son bombas fabricadas siguiendo la normativa y para ser lo m\u00e1s eficaz y eficientes posibles.<\/p>\n<p>&nbsp;<\/p>\n<p>Bombas Industriales <strong>Engranajes Internos:<\/strong><\/p>\n<h3><a href=\"https:\/\/www.raimaberfluidtech.com\/industrial\/valisi-pumps\/serie-vd\/\" target=\"_blank\" rel=\"noopener noreferrer\">Bombas engranajes \u2013 Serie VD<\/a><\/h3>\n<p>Disponemos de <strong>bombas de engranaje de la serie VD<\/strong> de <strong>Valisi<\/strong>.<\/p>\n<p>[\/vc_column_text][vc_empty_space][vc_btn title=\u00bbSOLICITUD DE INFORMACI\u00d3N T\u00c9CNICA\u00bb css=\u00bb.vc_custom_1632304854170{margin-bottom: 0px !important;}\u00bb link=\u00bburl:https%3A%2F%2Fwww.raimaberfluidtech.com\/industrial%2Fsolicitud-informacion-tecnica%2F|title:Solicitud%20informaci%C3%B3n%20t%C3%A9cnica||\u00bb][\/vc_column][\/vc_row]<\/p>\n<\/div>","protected":false},"excerpt":{"rendered":"<p>[vc_row][vc_column][vc_custom_heading text=\u00bbBombas Industriales Engranajes\u00bb font_container=\u00bbtag:h2|font_size:18px|text_align:left|color:%23000000&#8243; use_theme_fonts=\u00bbyes\u00bb][vc_column_text]Las bombas industriales de engranajes son perfectas para bombear aceite de lubricaci\u00f3n con un componente de vibraci\u00f3n fuerte. Las bombas de engranajes son bombas robustas, fabricadas con material de alta calidad.\u00a0Raimaber\u00a0comercializa las de la marca&#8230;<\/p>\n","protected":false},"author":3,"featured_media":0,"parent":4296,"menu_order":0,"comment_status":"closed","ping_status":"closed","template":"page-sidebar.php","meta":{"footnotes":""},"class_list":["post-3431","page","type-page","status-publish","hentry"],"yoast_head":"<!-- This site is optimized with the Yoast SEO plugin v24.3 - https:\/\/yoast.com\/wordpress\/plugins\/seo\/ -->\n<title>Distribuidor de Bombas Industriales Engranajes - Raimaber<\/title>\n<meta name=\"description\" content=\"Raimaber es distribuidor en Espa\u00f1a de los mejores Equipos de proceso de calidad y Bombas industriales como las Bombas Industriales Engranajes. \u00a1Vis\u00edtanos!\" \/>\n<meta name=\"robots\" content=\"index, follow, max-snippet:-1, max-image-preview:large, max-video-preview:-1\" \/>\n<link rel=\"canonical\" href=\"https:\/\/www.raimaberfluidtech.com\/industrial\/bombas\/bombas-industriales-engranajes\/\" \/>\n<meta property=\"og:locale\" content=\"es_ES\" \/>\n<meta property=\"og:type\" content=\"article\" \/>\n<meta property=\"og:title\" content=\"Distribuidor de Bombas Industriales Engranajes - Raimaber\" \/>\n<meta property=\"og:description\" content=\"Raimaber es distribuidor en Espa\u00f1a de los mejores Equipos de proceso de calidad y Bombas industriales como las Bombas Industriales Engranajes. \u00a1Vis\u00edtanos!\" \/>\n<meta property=\"og:url\" content=\"https:\/\/www.raimaberfluidtech.com\/industrial\/bombas\/bombas-industriales-engranajes\/\" \/>\n<meta property=\"og:site_name\" content=\"Raimaber Fluid Tech [Industrial]\" \/>\n<meta property=\"article:modified_time\" content=\"2021-09-22T10:00:58+00:00\" \/>\n<meta name=\"twitter:label1\" content=\"Tiempo de lectura\" \/>\n\t<meta name=\"twitter:data1\" content=\"2 minutos\" \/>\n<script type=\"application\/ld+json\" class=\"yoast-schema-graph\">{\"@context\":\"https:\/\/schema.org\",\"@graph\":[{\"@type\":\"WebPage\",\"@id\":\"https:\/\/www.raimaberfluidtech.com\/industrial\/bombas\/bombas-industriales-engranajes\/\",\"url\":\"https:\/\/www.raimaberfluidtech.com\/industrial\/bombas\/bombas-industriales-engranajes\/\",\"name\":\"Distribuidor de Bombas Industriales Engranajes - Raimaber\",\"isPartOf\":{\"@id\":\"https:\/\/www.raimaberfluidtech.com\/industrial\/#website\"},\"datePublished\":\"2016-07-29T08:26:25+00:00\",\"dateModified\":\"2021-09-22T10:00:58+00:00\",\"description\":\"Raimaber es distribuidor en Espa\u00f1a de los mejores Equipos de proceso de calidad y Bombas industriales como las Bombas Industriales Engranajes. \u00a1Vis\u00edtanos!\",\"breadcrumb\":{\"@id\":\"https:\/\/www.raimaberfluidtech.com\/industrial\/bombas\/bombas-industriales-engranajes\/#breadcrumb\"},\"inLanguage\":\"es\",\"potentialAction\":[{\"@type\":\"ReadAction\",\"target\":[\"https:\/\/www.raimaberfluidtech.com\/industrial\/bombas\/bombas-industriales-engranajes\/\"]}]},{\"@type\":\"BreadcrumbList\",\"@id\":\"https:\/\/www.raimaberfluidtech.com\/industrial\/bombas\/bombas-industriales-engranajes\/#breadcrumb\",\"itemListElement\":[{\"@type\":\"ListItem\",\"position\":1,\"name\":\"Home\",\"item\":\"https:\/\/www.raimaberfluidtech.com\/industrial\/\"},{\"@type\":\"ListItem\",\"position\":2,\"name\":\"Bombas\",\"item\":\"https:\/\/www.raimaberfluidtech.com\/industrial\/bombas\/\"},{\"@type\":\"ListItem\",\"position\":3,\"name\":\"Bombas Industriales Engranajes\"}]},{\"@type\":\"WebSite\",\"@id\":\"https:\/\/www.raimaberfluidtech.com\/industrial\/#website\",\"url\":\"https:\/\/www.raimaberfluidtech.com\/industrial\/\",\"name\":\"Raimaber Fluid Tech [Industrial]\",\"description\":\"Bombas industriales\",\"publisher\":{\"@id\":\"https:\/\/www.raimaberfluidtech.com\/industrial\/#organization\"},\"potentialAction\":[{\"@type\":\"SearchAction\",\"target\":{\"@type\":\"EntryPoint\",\"urlTemplate\":\"https:\/\/www.raimaberfluidtech.com\/industrial\/?s={search_term_string}\"},\"query-input\":{\"@type\":\"PropertyValueSpecification\",\"valueRequired\":true,\"valueName\":\"search_term_string\"}}],\"inLanguage\":\"es\"},{\"@type\":\"Organization\",\"@id\":\"https:\/\/www.raimaberfluidtech.com\/industrial\/#organization\",\"name\":\"Raimaber Fluid Tech [Industrial]\",\"url\":\"https:\/\/www.raimaberfluidtech.com\/industrial\/\",\"logo\":{\"@type\":\"ImageObject\",\"inLanguage\":\"es\",\"@id\":\"https:\/\/www.raimaberfluidtech.com\/industrial\/#\/schema\/logo\/image\/\",\"url\":\"https:\/\/www.raimaberfluidtech.com\/industrial\/wp-content\/blogs.dir\/4\/files\/2012\/11\/raimaber.gif\",\"contentUrl\":\"https:\/\/www.raimaberfluidtech.com\/industrial\/wp-content\/blogs.dir\/4\/files\/2012\/11\/raimaber.gif\",\"width\":\"705\",\"height\":\"438\",\"caption\":\"Raimaber Fluid Tech [Industrial]\"},\"image\":{\"@id\":\"https:\/\/www.raimaberfluidtech.com\/industrial\/#\/schema\/logo\/image\/\"}}]}<\/script>\n<!-- \/ Yoast SEO plugin. -->","yoast_head_json":{"title":"Distribuidor de Bombas Industriales Engranajes - Raimaber","description":"Raimaber es distribuidor en Espa\u00f1a de los mejores Equipos de proceso de calidad y Bombas industriales como las Bombas Industriales Engranajes. \u00a1Vis\u00edtanos!","robots":{"index":"index","follow":"follow","max-snippet":"max-snippet:-1","max-image-preview":"max-image-preview:large","max-video-preview":"max-video-preview:-1"},"canonical":"https:\/\/www.raimaberfluidtech.com\/industrial\/bombas\/bombas-industriales-engranajes\/","og_locale":"es_ES","og_type":"article","og_title":"Distribuidor de Bombas Industriales Engranajes - Raimaber","og_description":"Raimaber es distribuidor en Espa\u00f1a de los mejores Equipos de proceso de calidad y Bombas industriales como las Bombas Industriales Engranajes. \u00a1Vis\u00edtanos!","og_url":"https:\/\/www.raimaberfluidtech.com\/industrial\/bombas\/bombas-industriales-engranajes\/","og_site_name":"Raimaber Fluid Tech [Industrial]","article_modified_time":"2021-09-22T10:00:58+00:00","twitter_misc":{"Tiempo de lectura":"2 minutos"},"schema":{"@context":"https:\/\/schema.org","@graph":[{"@type":"WebPage","@id":"https:\/\/www.raimaberfluidtech.com\/industrial\/bombas\/bombas-industriales-engranajes\/","url":"https:\/\/www.raimaberfluidtech.com\/industrial\/bombas\/bombas-industriales-engranajes\/","name":"Distribuidor de Bombas Industriales Engranajes - Raimaber","isPartOf":{"@id":"https:\/\/www.raimaberfluidtech.com\/industrial\/#website"},"datePublished":"2016-07-29T08:26:25+00:00","dateModified":"2021-09-22T10:00:58+00:00","description":"Raimaber es distribuidor en Espa\u00f1a de los mejores Equipos de proceso de calidad y Bombas industriales como las Bombas Industriales Engranajes. \u00a1Vis\u00edtanos!","breadcrumb":{"@id":"https:\/\/www.raimaberfluidtech.com\/industrial\/bombas\/bombas-industriales-engranajes\/#breadcrumb"},"inLanguage":"es","potentialAction":[{"@type":"ReadAction","target":["https:\/\/www.raimaberfluidtech.com\/industrial\/bombas\/bombas-industriales-engranajes\/"]}]},{"@type":"BreadcrumbList","@id":"https:\/\/www.raimaberfluidtech.com\/industrial\/bombas\/bombas-industriales-engranajes\/#breadcrumb","itemListElement":[{"@type":"ListItem","position":1,"name":"Home","item":"https:\/\/www.raimaberfluidtech.com\/industrial\/"},{"@type":"ListItem","position":2,"name":"Bombas","item":"https:\/\/www.raimaberfluidtech.com\/industrial\/bombas\/"},{"@type":"ListItem","position":3,"name":"Bombas Industriales Engranajes"}]},{"@type":"WebSite","@id":"https:\/\/www.raimaberfluidtech.com\/industrial\/#website","url":"https:\/\/www.raimaberfluidtech.com\/industrial\/","name":"Raimaber Fluid Tech [Industrial]","description":"Bombas industriales","publisher":{"@id":"https:\/\/www.raimaberfluidtech.com\/industrial\/#organization"},"potentialAction":[{"@type":"SearchAction","target":{"@type":"EntryPoint","urlTemplate":"https:\/\/www.raimaberfluidtech.com\/industrial\/?s={search_term_string}"},"query-input":{"@type":"PropertyValueSpecification","valueRequired":true,"valueName":"search_term_string"}}],"inLanguage":"es"},{"@type":"Organization","@id":"https:\/\/www.raimaberfluidtech.com\/industrial\/#organization","name":"Raimaber Fluid Tech [Industrial]","url":"https:\/\/www.raimaberfluidtech.com\/industrial\/","logo":{"@type":"ImageObject","inLanguage":"es","@id":"https:\/\/www.raimaberfluidtech.com\/industrial\/#\/schema\/logo\/image\/","url":"https:\/\/www.raimaberfluidtech.com\/industrial\/wp-content\/blogs.dir\/4\/files\/2012\/11\/raimaber.gif","contentUrl":"https:\/\/www.raimaberfluidtech.com\/industrial\/wp-content\/blogs.dir\/4\/files\/2012\/11\/raimaber.gif","width":"705","height":"438","caption":"Raimaber Fluid Tech [Industrial]"},"image":{"@id":"https:\/\/www.raimaberfluidtech.com\/industrial\/#\/schema\/logo\/image\/"}}]}},"_links":{"self":[{"href":"https:\/\/www.raimaberfluidtech.com\/industrial\/wp-json\/wp\/v2\/pages\/3431","targetHints":{"allow":["GET"]}}],"collection":[{"href":"https:\/\/www.raimaberfluidtech.com\/industrial\/wp-json\/wp\/v2\/pages"}],"about":[{"href":"https:\/\/www.raimaberfluidtech.com\/industrial\/wp-json\/wp\/v2\/types\/page"}],"author":[{"embeddable":true,"href":"https:\/\/www.raimaberfluidtech.com\/industrial\/wp-json\/wp\/v2\/users\/3"}],"replies":[{"embeddable":true,"href":"https:\/\/www.raimaberfluidtech.com\/industrial\/wp-json\/wp\/v2\/comments?post=3431"}],"version-history":[{"count":9,"href":"https:\/\/www.raimaberfluidtech.com\/industrial\/wp-json\/wp\/v2\/pages\/3431\/revisions"}],"predecessor-version":[{"id":7520,"href":"https:\/\/www.raimaberfluidtech.com\/industrial\/wp-json\/wp\/v2\/pages\/3431\/revisions\/7520"}],"up":[{"embeddable":true,"href":"https:\/\/www.raimaberfluidtech.com\/industrial\/wp-json\/wp\/v2\/pages\/4296"}],"wp:attachment":[{"href":"https:\/\/www.raimaberfluidtech.com\/industrial\/wp-json\/wp\/v2\/media?parent=3431"}],"curies":[{"name":"wp","href":"https:\/\/api.w.org\/{rel}","templated":true}]}}