{"id":3421,"date":"2016-07-29T08:26:25","date_gmt":"2016-07-29T08:26:25","guid":{"rendered":"http:\/\/www.raimaberfluidtech.com\/industrial\/?page_id=3421"},"modified":"2021-09-22T09:59:12","modified_gmt":"2021-09-22T09:59:12","slug":"bombas-centrifugas-trituradoras","status":"publish","type":"page","link":"https:\/\/www.raimaberfluidtech.com\/industrial\/bombas\/bombas-industriales-centrifugas\/bombas-centrifugas-trituradoras\/","title":{"rendered":"Bombas Centr\u00edfugas Trituradoras"},"content":{"rendered":"<div class=\"wpb-content-wrapper\"><p>[vc_row][vc_column][vc_custom_heading text=\u00bbBombas Centr\u00edfugas Trituradoras\u00bb font_container=\u00bbtag:h2|font_size:18px|text_align:left|color:%23000000&#8243; use_theme_fonts=\u00bbyes\u00bb][vc_column_text]En <a href=\"https:\/\/www.raimaberfluidtech.com\/industrial\/\" target=\"_blank\" rel=\"noopener noreferrer\">Raimaber<\/a> podr\u00e1s encontrar diferentes <strong>bombas industriales trituradoras<\/strong> seg\u00fan vuestras necesidades. Las bombas trituradoras han sido dise\u00f1adas con materiales de alta calidad y siguiendo las normativas de seguridad.<\/p>\n<h3><a href=\"https:\/\/www.raimaberfluidtech.com\/industrial\/liberty-pumps\/bomba-sumergible-trituradora-lsg-200-serie-omnivore-liberty-pumps\" target=\"_blank\" rel=\"noopener noreferrer\">LSG-200 serie OMNIVORE\u00ae<\/a><\/h3>\n<p>Las <strong>bombas sumergibles trituradoras LSG200 <\/strong>son de la marca <a href=\"https:\/\/www.raimaberfluidtech.com\/industrial\/liberty-pumps\" target=\"_blank\" rel=\"noopener noreferrer\">Liberty Pumps<\/a> y de la serie Omnivore\u00ae. Est\u00e1n fabricadas especialmente para utilizarlas en centros comerciales y residenciales para las aplicaciones de aguas residuales. Fabricaci\u00f3n exclusiva con un dise\u00f1o \u00fanico.<\/p>\n<h3><a href=\"https:\/\/www.raimaberfluidtech.com\/industrial\/vaughan\/bomba-autoaspirante-vaughan\" target=\"_blank\" rel=\"noopener noreferrer\">Bomba autoaspirante<\/a><\/h3>\n<p>El montaje de <strong>bomba trituradora Autoaspirante<\/strong> \u00a0es exclusivo de <a href=\"https:\/\/www.raimaberfluidtech.com\/industrial\/vaughan\" target=\"_blank\" rel=\"noopener noreferrer\">Vaughan<\/a>, con una soluci\u00f3n para facilitar el montaje, adem\u00e1s de mejorar el mantenimiento y eliminar los inc\u00f3modos atascos y la utilizaci\u00f3n de gr\u00faas. Con Vaughan tendr\u00e1s una garant\u00eda por escrito, es su compromiso de funcionamiento con sus bombas de trituraci\u00f3n de s\u00f3lidos sin atascos.<\/p>\n<h3><a href=\"https:\/\/www.raimaberfluidtech.com\/industrial\/vaughan\/bomba-horizontal-vaughan\" target=\"_blank\" rel=\"noopener noreferrer\">Bomba horizontal<\/a><\/h3>\n<p>Est\u00e1 <strong>bomba horizontal<\/strong>\u00a0tiene un dise\u00f1o especializado para el bombeo de fangos primarios, secundarios o digeridos.\u00a0 Los materiales de fabricaci\u00f3n son de alta calidad, con un dise\u00f1o exclusivo del cuerpo que nos permite ajustar\u00a0 con precisi\u00f3n seg\u00fan las\u00a0necesidades.<\/p>\n<h3><a href=\"https:\/\/www.raimaberfluidtech.com\/industrial\/vaughan\/bomba-sumergible-vaughan\" target=\"_blank\" rel=\"noopener noreferrer\">Bomba sumergible<\/a><\/h3>\n<p>Las <strong>bombas sumergibles Vaughan<\/strong>, se caracterizan por su montaje sumergible de alta fiabilidad. Este dise\u00f1o\u00a0 nos permite montar la bomba en el cualquier pozo de bombeo, tanto fijo como m\u00f3vil. Esta\u00a0bomba sumergible se puede montar con motor el\u00e9ctrico o hidr\u00e1ulico seg\u00fan las\u00a0necesidades.<\/p>\n<h3><a href=\"https:\/\/www.raimaberfluidtech.com\/industrial\/vaughan\/bombas-trituradoras-de-tomates\" target=\"_blank\" rel=\"noopener noreferrer\">Bombas trituradora de tomates<\/a><\/h3>\n<p>Las <strong>bombas trituradoras de tomates enteros<\/strong> de la empresa Vaughan tambi\u00e9n pueden utilizarse para triturar otras frutas o vegetales. Su dise\u00f1o exclusivo sustituye al sistema tradicional por un nuevo dise\u00f1o con un montaje de tolva, sinf\u00edn y bomba trituradora. La bomba centr\u00edfuga triturada est\u00e1 fabricada con los mejores materiales como INOX 316 y cumple con todas las normativas de seguridad.<\/p>\n<h3><a href=\"https:\/\/www.raimaberfluidtech.com\/industrial\/vaughan\/bomba-vertical-vaughan\" target=\"_blank\" rel=\"noopener noreferrer\">Bomba vertical<\/a><\/h3>\n<p>La <strong>bomba vertical<\/strong> de Vaughan nos permite el montaje vertical seg\u00fan las necesidades. Est\u00e1s bombas tienen una alta eficacia para triturar s\u00f3lidos como trapos, pl\u00e1sticos, pelos, celulosa, entre otros. Las bombas de Vaughan tienen garant\u00eda por escrito y est\u00e1 fabricada en hierro d\u00factil, inox 316 \u00f3 d\u00faplex CD4MCU.<\/p>\n<p>[\/vc_column_text][vc_empty_space][vc_btn title=\u00bbSOLICITUD DE INFORMACI\u00d3N T\u00c9CNICA\u00bb css=\u00bb.vc_custom_1632304749187{margin-bottom: 0px !important;}\u00bb link=\u00bburl:https%3A%2F%2Fwww.raimaberfluidtech.com\/industrial%2Fsolicitud-informacion-tecnica%2F|title:Solicitud%20informaci%C3%B3n%20t%C3%A9cnica||\u00bb][\/vc_column][\/vc_row]<\/p>\n<\/div>","protected":false},"excerpt":{"rendered":"<p>[vc_row][vc_column][vc_custom_heading text=\u00bbBombas Centr\u00edfugas Trituradoras\u00bb font_container=\u00bbtag:h2|font_size:18px|text_align:left|color:%23000000&#8243; use_theme_fonts=\u00bbyes\u00bb][vc_column_text]En Raimaber podr\u00e1s encontrar diferentes bombas industriales trituradoras seg\u00fan vuestras necesidades. Las bombas trituradoras han sido dise\u00f1adas con materiales de alta calidad y siguiendo las normativas de seguridad. LSG-200 serie OMNIVORE\u00ae Las bombas sumergibles trituradoras&#8230;<\/p>\n","protected":false},"author":3,"featured_media":0,"parent":3384,"menu_order":0,"comment_status":"closed","ping_status":"closed","template":"page-sidebar.php","meta":{"footnotes":""},"class_list":["post-3421","page","type-page","status-publish","hentry"],"yoast_head":"<!-- This site is optimized with the Yoast SEO plugin v24.3 - https:\/\/yoast.com\/wordpress\/plugins\/seo\/ -->\n<title>Bombas Centr\u00edfugas Trituradoras - Raimaber<\/title>\n<meta name=\"description\" content=\"Raimaber es distribuidor en Espa\u00f1a de los mejores Equipos de proceso de calidad y Bombas industriales como las Bombas Centr\u00edfugas Trituradoras. \u00a1Vis\u00edtanos!\" \/>\n<meta name=\"robots\" content=\"index, follow, max-snippet:-1, max-image-preview:large, max-video-preview:-1\" \/>\n<link rel=\"canonical\" href=\"https:\/\/www.raimaberfluidtech.com\/industrial\/bombas\/bombas-industriales-centrifugas\/bombas-centrifugas-trituradoras\/\" \/>\n<meta property=\"og:locale\" content=\"es_ES\" \/>\n<meta property=\"og:type\" content=\"article\" \/>\n<meta property=\"og:title\" content=\"Bombas Centr\u00edfugas Trituradoras - Raimaber\" \/>\n<meta property=\"og:description\" content=\"Raimaber es distribuidor en Espa\u00f1a de los mejores Equipos de proceso de calidad y Bombas industriales como las Bombas Centr\u00edfugas Trituradoras. \u00a1Vis\u00edtanos!\" \/>\n<meta property=\"og:url\" content=\"https:\/\/www.raimaberfluidtech.com\/industrial\/bombas\/bombas-industriales-centrifugas\/bombas-centrifugas-trituradoras\/\" \/>\n<meta property=\"og:site_name\" content=\"Raimaber Fluid Tech [Industrial]\" \/>\n<meta property=\"article:modified_time\" content=\"2021-09-22T09:59:12+00:00\" \/>\n<meta name=\"twitter:label1\" content=\"Tiempo de lectura\" \/>\n\t<meta name=\"twitter:data1\" content=\"2 minutos\" \/>\n<script type=\"application\/ld+json\" class=\"yoast-schema-graph\">{\"@context\":\"https:\/\/schema.org\",\"@graph\":[{\"@type\":\"WebPage\",\"@id\":\"https:\/\/www.raimaberfluidtech.com\/industrial\/bombas\/bombas-industriales-centrifugas\/bombas-centrifugas-trituradoras\/\",\"url\":\"https:\/\/www.raimaberfluidtech.com\/industrial\/bombas\/bombas-industriales-centrifugas\/bombas-centrifugas-trituradoras\/\",\"name\":\"Bombas Centr\u00edfugas Trituradoras - Raimaber\",\"isPartOf\":{\"@id\":\"https:\/\/www.raimaberfluidtech.com\/industrial\/#website\"},\"datePublished\":\"2016-07-29T08:26:25+00:00\",\"dateModified\":\"2021-09-22T09:59:12+00:00\",\"description\":\"Raimaber es distribuidor en Espa\u00f1a de los mejores Equipos de proceso de calidad y Bombas industriales como las Bombas Centr\u00edfugas Trituradoras. \u00a1Vis\u00edtanos!\",\"breadcrumb\":{\"@id\":\"https:\/\/www.raimaberfluidtech.com\/industrial\/bombas\/bombas-industriales-centrifugas\/bombas-centrifugas-trituradoras\/#breadcrumb\"},\"inLanguage\":\"es\",\"potentialAction\":[{\"@type\":\"ReadAction\",\"target\":[\"https:\/\/www.raimaberfluidtech.com\/industrial\/bombas\/bombas-industriales-centrifugas\/bombas-centrifugas-trituradoras\/\"]}]},{\"@type\":\"BreadcrumbList\",\"@id\":\"https:\/\/www.raimaberfluidtech.com\/industrial\/bombas\/bombas-industriales-centrifugas\/bombas-centrifugas-trituradoras\/#breadcrumb\",\"itemListElement\":[{\"@type\":\"ListItem\",\"position\":1,\"name\":\"Home\",\"item\":\"https:\/\/www.raimaberfluidtech.com\/industrial\/\"},{\"@type\":\"ListItem\",\"position\":2,\"name\":\"Bombas\",\"item\":\"https:\/\/www.raimaberfluidtech.com\/industrial\/bombas\/\"},{\"@type\":\"ListItem\",\"position\":3,\"name\":\"Bombas Industriales Centr\u00edfugas\",\"item\":\"https:\/\/www.raimaberfluidtech.com\/industrial\/bombas\/bombas-industriales-centrifugas\/\"},{\"@type\":\"ListItem\",\"position\":4,\"name\":\"Bombas Centr\u00edfugas Trituradoras\"}]},{\"@type\":\"WebSite\",\"@id\":\"https:\/\/www.raimaberfluidtech.com\/industrial\/#website\",\"url\":\"https:\/\/www.raimaberfluidtech.com\/industrial\/\",\"name\":\"Raimaber Fluid Tech [Industrial]\",\"description\":\"Bombas industriales\",\"publisher\":{\"@id\":\"https:\/\/www.raimaberfluidtech.com\/industrial\/#organization\"},\"potentialAction\":[{\"@type\":\"SearchAction\",\"target\":{\"@type\":\"EntryPoint\",\"urlTemplate\":\"https:\/\/www.raimaberfluidtech.com\/industrial\/?s={search_term_string}\"},\"query-input\":{\"@type\":\"PropertyValueSpecification\",\"valueRequired\":true,\"valueName\":\"search_term_string\"}}],\"inLanguage\":\"es\"},{\"@type\":\"Organization\",\"@id\":\"https:\/\/www.raimaberfluidtech.com\/industrial\/#organization\",\"name\":\"Raimaber Fluid Tech [Industrial]\",\"url\":\"https:\/\/www.raimaberfluidtech.com\/industrial\/\",\"logo\":{\"@type\":\"ImageObject\",\"inLanguage\":\"es\",\"@id\":\"https:\/\/www.raimaberfluidtech.com\/industrial\/#\/schema\/logo\/image\/\",\"url\":\"https:\/\/www.raimaberfluidtech.com\/industrial\/wp-content\/blogs.dir\/4\/files\/2012\/11\/raimaber.gif\",\"contentUrl\":\"https:\/\/www.raimaberfluidtech.com\/industrial\/wp-content\/blogs.dir\/4\/files\/2012\/11\/raimaber.gif\",\"width\":\"705\",\"height\":\"438\",\"caption\":\"Raimaber Fluid Tech [Industrial]\"},\"image\":{\"@id\":\"https:\/\/www.raimaberfluidtech.com\/industrial\/#\/schema\/logo\/image\/\"}}]}<\/script>\n<!-- \/ Yoast SEO plugin. -->","yoast_head_json":{"title":"Bombas Centr\u00edfugas Trituradoras - Raimaber","description":"Raimaber es distribuidor en Espa\u00f1a de los mejores Equipos de proceso de calidad y Bombas industriales como las Bombas Centr\u00edfugas Trituradoras. \u00a1Vis\u00edtanos!","robots":{"index":"index","follow":"follow","max-snippet":"max-snippet:-1","max-image-preview":"max-image-preview:large","max-video-preview":"max-video-preview:-1"},"canonical":"https:\/\/www.raimaberfluidtech.com\/industrial\/bombas\/bombas-industriales-centrifugas\/bombas-centrifugas-trituradoras\/","og_locale":"es_ES","og_type":"article","og_title":"Bombas Centr\u00edfugas Trituradoras - Raimaber","og_description":"Raimaber es distribuidor en Espa\u00f1a de los mejores Equipos de proceso de calidad y Bombas industriales como las Bombas Centr\u00edfugas Trituradoras. \u00a1Vis\u00edtanos!","og_url":"https:\/\/www.raimaberfluidtech.com\/industrial\/bombas\/bombas-industriales-centrifugas\/bombas-centrifugas-trituradoras\/","og_site_name":"Raimaber Fluid Tech [Industrial]","article_modified_time":"2021-09-22T09:59:12+00:00","twitter_misc":{"Tiempo de lectura":"2 minutos"},"schema":{"@context":"https:\/\/schema.org","@graph":[{"@type":"WebPage","@id":"https:\/\/www.raimaberfluidtech.com\/industrial\/bombas\/bombas-industriales-centrifugas\/bombas-centrifugas-trituradoras\/","url":"https:\/\/www.raimaberfluidtech.com\/industrial\/bombas\/bombas-industriales-centrifugas\/bombas-centrifugas-trituradoras\/","name":"Bombas Centr\u00edfugas Trituradoras - Raimaber","isPartOf":{"@id":"https:\/\/www.raimaberfluidtech.com\/industrial\/#website"},"datePublished":"2016-07-29T08:26:25+00:00","dateModified":"2021-09-22T09:59:12+00:00","description":"Raimaber es distribuidor en Espa\u00f1a de los mejores Equipos de proceso de calidad y Bombas industriales como las Bombas Centr\u00edfugas Trituradoras. \u00a1Vis\u00edtanos!","breadcrumb":{"@id":"https:\/\/www.raimaberfluidtech.com\/industrial\/bombas\/bombas-industriales-centrifugas\/bombas-centrifugas-trituradoras\/#breadcrumb"},"inLanguage":"es","potentialAction":[{"@type":"ReadAction","target":["https:\/\/www.raimaberfluidtech.com\/industrial\/bombas\/bombas-industriales-centrifugas\/bombas-centrifugas-trituradoras\/"]}]},{"@type":"BreadcrumbList","@id":"https:\/\/www.raimaberfluidtech.com\/industrial\/bombas\/bombas-industriales-centrifugas\/bombas-centrifugas-trituradoras\/#breadcrumb","itemListElement":[{"@type":"ListItem","position":1,"name":"Home","item":"https:\/\/www.raimaberfluidtech.com\/industrial\/"},{"@type":"ListItem","position":2,"name":"Bombas","item":"https:\/\/www.raimaberfluidtech.com\/industrial\/bombas\/"},{"@type":"ListItem","position":3,"name":"Bombas Industriales Centr\u00edfugas","item":"https:\/\/www.raimaberfluidtech.com\/industrial\/bombas\/bombas-industriales-centrifugas\/"},{"@type":"ListItem","position":4,"name":"Bombas Centr\u00edfugas Trituradoras"}]},{"@type":"WebSite","@id":"https:\/\/www.raimaberfluidtech.com\/industrial\/#website","url":"https:\/\/www.raimaberfluidtech.com\/industrial\/","name":"Raimaber Fluid Tech [Industrial]","description":"Bombas industriales","publisher":{"@id":"https:\/\/www.raimaberfluidtech.com\/industrial\/#organization"},"potentialAction":[{"@type":"SearchAction","target":{"@type":"EntryPoint","urlTemplate":"https:\/\/www.raimaberfluidtech.com\/industrial\/?s={search_term_string}"},"query-input":{"@type":"PropertyValueSpecification","valueRequired":true,"valueName":"search_term_string"}}],"inLanguage":"es"},{"@type":"Organization","@id":"https:\/\/www.raimaberfluidtech.com\/industrial\/#organization","name":"Raimaber Fluid Tech [Industrial]","url":"https:\/\/www.raimaberfluidtech.com\/industrial\/","logo":{"@type":"ImageObject","inLanguage":"es","@id":"https:\/\/www.raimaberfluidtech.com\/industrial\/#\/schema\/logo\/image\/","url":"https:\/\/www.raimaberfluidtech.com\/industrial\/wp-content\/blogs.dir\/4\/files\/2012\/11\/raimaber.gif","contentUrl":"https:\/\/www.raimaberfluidtech.com\/industrial\/wp-content\/blogs.dir\/4\/files\/2012\/11\/raimaber.gif","width":"705","height":"438","caption":"Raimaber Fluid Tech [Industrial]"},"image":{"@id":"https:\/\/www.raimaberfluidtech.com\/industrial\/#\/schema\/logo\/image\/"}}]}},"_links":{"self":[{"href":"https:\/\/www.raimaberfluidtech.com\/industrial\/wp-json\/wp\/v2\/pages\/3421","targetHints":{"allow":["GET"]}}],"collection":[{"href":"https:\/\/www.raimaberfluidtech.com\/industrial\/wp-json\/wp\/v2\/pages"}],"about":[{"href":"https:\/\/www.raimaberfluidtech.com\/industrial\/wp-json\/wp\/v2\/types\/page"}],"author":[{"embeddable":true,"href":"https:\/\/www.raimaberfluidtech.com\/industrial\/wp-json\/wp\/v2\/users\/3"}],"replies":[{"embeddable":true,"href":"https:\/\/www.raimaberfluidtech.com\/industrial\/wp-json\/wp\/v2\/comments?post=3421"}],"version-history":[{"count":6,"href":"https:\/\/www.raimaberfluidtech.com\/industrial\/wp-json\/wp\/v2\/pages\/3421\/revisions"}],"predecessor-version":[{"id":7515,"href":"https:\/\/www.raimaberfluidtech.com\/industrial\/wp-json\/wp\/v2\/pages\/3421\/revisions\/7515"}],"up":[{"embeddable":true,"href":"https:\/\/www.raimaberfluidtech.com\/industrial\/wp-json\/wp\/v2\/pages\/3384"}],"wp:attachment":[{"href":"https:\/\/www.raimaberfluidtech.com\/industrial\/wp-json\/wp\/v2\/media?parent=3421"}],"curies":[{"name":"wp","href":"https:\/\/api.w.org\/{rel}","templated":true}]}}