{"id":2609,"date":"2015-10-02T09:21:33","date_gmt":"2015-10-02T09:21:33","guid":{"rendered":"http:\/\/www.raimaberfluidtech.com\/industrial\/?page_id=2609"},"modified":"2021-09-22T11:14:34","modified_gmt":"2021-09-22T11:14:34","slug":"bombas-centrifugas-serie-ac","status":"publish","type":"page","link":"https:\/\/www.raimaberfluidtech.com\/industrial\/bombas-finish-thompson\/bombas-centrifugas-serie-ac\/","title":{"rendered":"Bombas centr\u00edfugas &#8211; Serie AC"},"content":{"rendered":"<div class=\"wpb-content-wrapper\"><p>[vc_row][vc_column width=\u00bb1\/2&#8243;][vc_media_grid element_width=\u00bb6&#8243; gap=\u00bb4&#8243; grid_id=\u00bbvc_gid:1632308432102-d6597036-78b1-6&#8243; include=\u00bb2611&#8243;][\/vc_column][vc_column width=\u00bb1\/2&#8243;][vc_custom_heading text=\u00bbBombas centr\u00edfugas &#8211; Serie AC\u00bb font_container=\u00bbtag:h2|font_size:18px|text_align:left|color:%23000000&#8243; use_theme_fonts=\u00bbyes\u00bb][vc_column_text]Son <strong>bombas centr\u00edfugas<\/strong> con certificado FDA, espec\u00edficamente dise\u00f1adas para procesos donde se requieren normas FDA o acabado sanitario, con materiales para la alimentaci\u00f3n, bebidas, productos farmac\u00e9uticos y cosm\u00e9ticos.<\/p>\n<p>Conexi\u00f3n Tri-clamp o DIN 11851 o brida, en todos los modelos.<br \/>\nBridas motor normalizadas IEC europea o NEMA americana.<br \/>\nLa temperatura m\u00e1xima 149\u00ba C.<br \/>\nCaudales m\u00e1ximos de hasta 55 m<sup>3<\/sup>\/h.<br \/>\nPresiones m\u00e1ximas de hasta 55 mca totales.<br \/>\nPeso espec\u00edfico m\u00e1xima hasta 1.8.<\/p>\n<p><strong>Las aplicaciones m\u00e1s comunes incluyen:<\/strong><\/p>\n<ul>\n<li>Salsas<\/li>\n<li>Aceites vegetales<\/li>\n<li>Zumos<\/li>\n<li>Leche<\/li>\n<li>Vino<\/li>\n<li>Bebidas espumosas<\/li>\n<li>Agua<\/li>\n<li>Agua de CIP<\/li>\n<li>Disolventes<\/li>\n<li>Productos qu\u00edmicos<\/li>\n<\/ul>\n<p>[\/vc_column_text][vc_empty_space][vc_btn title=\u00bbSOLICITUD DE INFORMACI\u00d3N T\u00c9CNICA\u00bb link=\u00bburl:https%3A%2F%2Fwww.raimaberfluidtech.com\/industrial%2Fsolicitud-informacion-tecnica%2F|title:Solicitud%20informaci%C3%B3n%20t%C3%A9cnica||\u00bb][\/vc_column][\/vc_row]<\/p>\n<\/div>","protected":false},"excerpt":{"rendered":"<p>[vc_row][vc_column width=\u00bb1\/2&#8243;][vc_media_grid element_width=\u00bb6&#8243; gap=\u00bb4&#8243; grid_id=\u00bbvc_gid:1632308432102-d6597036-78b1-6&#8243; include=\u00bb2611&#8243;][\/vc_column][vc_column width=\u00bb1\/2&#8243;][vc_custom_heading text=\u00bbBombas centr\u00edfugas &#8211; Serie AC\u00bb font_container=\u00bbtag:h2|font_size:18px|text_align:left|color:%23000000&#8243; use_theme_fonts=\u00bbyes\u00bb][vc_column_text]Son bombas centr\u00edfugas con certificado FDA, espec\u00edficamente dise\u00f1adas para procesos donde se requieren normas FDA o acabado sanitario, con materiales para la alimentaci\u00f3n, bebidas, productos farmac\u00e9uticos y&#8230;<\/p>\n","protected":false},"author":1,"featured_media":0,"parent":364,"menu_order":1,"comment_status":"closed","ping_status":"closed","template":"page-sidebar.php","meta":{"footnotes":""},"class_list":["post-2609","page","type-page","status-publish","hentry"],"yoast_head":"<!-- This site is optimized with the Yoast SEO plugin v24.3 - https:\/\/yoast.com\/wordpress\/plugins\/seo\/ -->\n<title>FTI &#8211; Finish Thompson Inc: Bombas centr\u00edfugas - Serie AC - Raimaber Fluid Tech [Industrial]<\/title>\n<meta name=\"description\" content=\"Raimaber, empresa especialista en bombas centr\u00edfugas presenta novedades con certificado FDA para alimentaci\u00f3n, bebida, productos farmac\u00e9uticos y cosm\u00e9ticos.\" \/>\n<meta name=\"robots\" content=\"index, follow, max-snippet:-1, max-image-preview:large, max-video-preview:-1\" \/>\n<link rel=\"canonical\" href=\"https:\/\/www.raimaberfluidtech.com\/industrial\/bombas-finish-thompson\/bombas-centrifugas-serie-ac\/\" \/>\n<meta property=\"og:locale\" content=\"es_ES\" \/>\n<meta property=\"og:type\" content=\"article\" \/>\n<meta property=\"og:title\" content=\"FTI &#8211; Finish Thompson Inc: Bombas centr\u00edfugas - Serie AC - Raimaber Fluid Tech [Industrial]\" \/>\n<meta property=\"og:description\" content=\"Raimaber, empresa especialista en bombas centr\u00edfugas presenta novedades con certificado FDA para alimentaci\u00f3n, bebida, productos farmac\u00e9uticos y cosm\u00e9ticos.\" \/>\n<meta property=\"og:url\" content=\"https:\/\/www.raimaberfluidtech.com\/industrial\/bombas-finish-thompson\/bombas-centrifugas-serie-ac\/\" \/>\n<meta property=\"og:site_name\" content=\"Raimaber Fluid Tech [Industrial]\" \/>\n<meta property=\"article:modified_time\" content=\"2021-09-22T11:14:34+00:00\" \/>\n<meta name=\"twitter:label1\" content=\"Tiempo de lectura\" \/>\n\t<meta name=\"twitter:data1\" content=\"1 minuto\" \/>\n<script type=\"application\/ld+json\" class=\"yoast-schema-graph\">{\"@context\":\"https:\/\/schema.org\",\"@graph\":[{\"@type\":\"WebPage\",\"@id\":\"https:\/\/www.raimaberfluidtech.com\/industrial\/bombas-finish-thompson\/bombas-centrifugas-serie-ac\/\",\"url\":\"https:\/\/www.raimaberfluidtech.com\/industrial\/bombas-finish-thompson\/bombas-centrifugas-serie-ac\/\",\"name\":\"FTI &#8211; Finish Thompson Inc: Bombas centr\u00edfugas - Serie AC - Raimaber Fluid Tech [Industrial]\",\"isPartOf\":{\"@id\":\"https:\/\/www.raimaberfluidtech.com\/industrial\/#website\"},\"datePublished\":\"2015-10-02T09:21:33+00:00\",\"dateModified\":\"2021-09-22T11:14:34+00:00\",\"description\":\"Raimaber, empresa especialista en bombas centr\u00edfugas presenta novedades con certificado FDA para alimentaci\u00f3n, bebida, productos farmac\u00e9uticos y cosm\u00e9ticos.\",\"breadcrumb\":{\"@id\":\"https:\/\/www.raimaberfluidtech.com\/industrial\/bombas-finish-thompson\/bombas-centrifugas-serie-ac\/#breadcrumb\"},\"inLanguage\":\"es\",\"potentialAction\":[{\"@type\":\"ReadAction\",\"target\":[\"https:\/\/www.raimaberfluidtech.com\/industrial\/bombas-finish-thompson\/bombas-centrifugas-serie-ac\/\"]}]},{\"@type\":\"BreadcrumbList\",\"@id\":\"https:\/\/www.raimaberfluidtech.com\/industrial\/bombas-finish-thompson\/bombas-centrifugas-serie-ac\/#breadcrumb\",\"itemListElement\":[{\"@type\":\"ListItem\",\"position\":1,\"name\":\"Home\",\"item\":\"https:\/\/www.raimaberfluidtech.com\/industrial\/\"},{\"@type\":\"ListItem\",\"position\":2,\"name\":\"FTI &#8211; Finish Thompson Inc\",\"item\":\"https:\/\/www.raimaberfluidtech.com\/industrial\/bombas-finish-thompson\/\"},{\"@type\":\"ListItem\",\"position\":3,\"name\":\"Bombas centr\u00edfugas &#8211; Serie AC\"}]},{\"@type\":\"WebSite\",\"@id\":\"https:\/\/www.raimaberfluidtech.com\/industrial\/#website\",\"url\":\"https:\/\/www.raimaberfluidtech.com\/industrial\/\",\"name\":\"Raimaber Fluid Tech [Industrial]\",\"description\":\"Bombas industriales\",\"publisher\":{\"@id\":\"https:\/\/www.raimaberfluidtech.com\/industrial\/#organization\"},\"potentialAction\":[{\"@type\":\"SearchAction\",\"target\":{\"@type\":\"EntryPoint\",\"urlTemplate\":\"https:\/\/www.raimaberfluidtech.com\/industrial\/?s={search_term_string}\"},\"query-input\":{\"@type\":\"PropertyValueSpecification\",\"valueRequired\":true,\"valueName\":\"search_term_string\"}}],\"inLanguage\":\"es\"},{\"@type\":\"Organization\",\"@id\":\"https:\/\/www.raimaberfluidtech.com\/industrial\/#organization\",\"name\":\"Raimaber Fluid Tech [Industrial]\",\"url\":\"https:\/\/www.raimaberfluidtech.com\/industrial\/\",\"logo\":{\"@type\":\"ImageObject\",\"inLanguage\":\"es\",\"@id\":\"https:\/\/www.raimaberfluidtech.com\/industrial\/#\/schema\/logo\/image\/\",\"url\":\"https:\/\/www.raimaberfluidtech.com\/industrial\/wp-content\/blogs.dir\/4\/files\/2012\/11\/raimaber.gif\",\"contentUrl\":\"https:\/\/www.raimaberfluidtech.com\/industrial\/wp-content\/blogs.dir\/4\/files\/2012\/11\/raimaber.gif\",\"width\":\"705\",\"height\":\"438\",\"caption\":\"Raimaber Fluid Tech [Industrial]\"},\"image\":{\"@id\":\"https:\/\/www.raimaberfluidtech.com\/industrial\/#\/schema\/logo\/image\/\"}}]}<\/script>\n<!-- \/ Yoast SEO plugin. -->","yoast_head_json":{"title":"FTI &#8211; Finish Thompson Inc: Bombas centr\u00edfugas - Serie AC - Raimaber Fluid Tech [Industrial]","description":"Raimaber, empresa especialista en bombas centr\u00edfugas presenta novedades con certificado FDA para alimentaci\u00f3n, bebida, productos farmac\u00e9uticos y cosm\u00e9ticos.","robots":{"index":"index","follow":"follow","max-snippet":"max-snippet:-1","max-image-preview":"max-image-preview:large","max-video-preview":"max-video-preview:-1"},"canonical":"https:\/\/www.raimaberfluidtech.com\/industrial\/bombas-finish-thompson\/bombas-centrifugas-serie-ac\/","og_locale":"es_ES","og_type":"article","og_title":"FTI &#8211; Finish Thompson Inc: Bombas centr\u00edfugas - Serie AC - Raimaber Fluid Tech [Industrial]","og_description":"Raimaber, empresa especialista en bombas centr\u00edfugas presenta novedades con certificado FDA para alimentaci\u00f3n, bebida, productos farmac\u00e9uticos y cosm\u00e9ticos.","og_url":"https:\/\/www.raimaberfluidtech.com\/industrial\/bombas-finish-thompson\/bombas-centrifugas-serie-ac\/","og_site_name":"Raimaber Fluid Tech [Industrial]","article_modified_time":"2021-09-22T11:14:34+00:00","twitter_misc":{"Tiempo de lectura":"1 minuto"},"schema":{"@context":"https:\/\/schema.org","@graph":[{"@type":"WebPage","@id":"https:\/\/www.raimaberfluidtech.com\/industrial\/bombas-finish-thompson\/bombas-centrifugas-serie-ac\/","url":"https:\/\/www.raimaberfluidtech.com\/industrial\/bombas-finish-thompson\/bombas-centrifugas-serie-ac\/","name":"FTI &#8211; Finish Thompson Inc: Bombas centr\u00edfugas - Serie AC - Raimaber Fluid Tech [Industrial]","isPartOf":{"@id":"https:\/\/www.raimaberfluidtech.com\/industrial\/#website"},"datePublished":"2015-10-02T09:21:33+00:00","dateModified":"2021-09-22T11:14:34+00:00","description":"Raimaber, empresa especialista en bombas centr\u00edfugas presenta novedades con certificado FDA para alimentaci\u00f3n, bebida, productos farmac\u00e9uticos y cosm\u00e9ticos.","breadcrumb":{"@id":"https:\/\/www.raimaberfluidtech.com\/industrial\/bombas-finish-thompson\/bombas-centrifugas-serie-ac\/#breadcrumb"},"inLanguage":"es","potentialAction":[{"@type":"ReadAction","target":["https:\/\/www.raimaberfluidtech.com\/industrial\/bombas-finish-thompson\/bombas-centrifugas-serie-ac\/"]}]},{"@type":"BreadcrumbList","@id":"https:\/\/www.raimaberfluidtech.com\/industrial\/bombas-finish-thompson\/bombas-centrifugas-serie-ac\/#breadcrumb","itemListElement":[{"@type":"ListItem","position":1,"name":"Home","item":"https:\/\/www.raimaberfluidtech.com\/industrial\/"},{"@type":"ListItem","position":2,"name":"FTI &#8211; Finish Thompson Inc","item":"https:\/\/www.raimaberfluidtech.com\/industrial\/bombas-finish-thompson\/"},{"@type":"ListItem","position":3,"name":"Bombas centr\u00edfugas &#8211; Serie AC"}]},{"@type":"WebSite","@id":"https:\/\/www.raimaberfluidtech.com\/industrial\/#website","url":"https:\/\/www.raimaberfluidtech.com\/industrial\/","name":"Raimaber Fluid Tech [Industrial]","description":"Bombas industriales","publisher":{"@id":"https:\/\/www.raimaberfluidtech.com\/industrial\/#organization"},"potentialAction":[{"@type":"SearchAction","target":{"@type":"EntryPoint","urlTemplate":"https:\/\/www.raimaberfluidtech.com\/industrial\/?s={search_term_string}"},"query-input":{"@type":"PropertyValueSpecification","valueRequired":true,"valueName":"search_term_string"}}],"inLanguage":"es"},{"@type":"Organization","@id":"https:\/\/www.raimaberfluidtech.com\/industrial\/#organization","name":"Raimaber Fluid Tech [Industrial]","url":"https:\/\/www.raimaberfluidtech.com\/industrial\/","logo":{"@type":"ImageObject","inLanguage":"es","@id":"https:\/\/www.raimaberfluidtech.com\/industrial\/#\/schema\/logo\/image\/","url":"https:\/\/www.raimaberfluidtech.com\/industrial\/wp-content\/blogs.dir\/4\/files\/2012\/11\/raimaber.gif","contentUrl":"https:\/\/www.raimaberfluidtech.com\/industrial\/wp-content\/blogs.dir\/4\/files\/2012\/11\/raimaber.gif","width":"705","height":"438","caption":"Raimaber Fluid Tech [Industrial]"},"image":{"@id":"https:\/\/www.raimaberfluidtech.com\/industrial\/#\/schema\/logo\/image\/"}}]}},"_links":{"self":[{"href":"https:\/\/www.raimaberfluidtech.com\/industrial\/wp-json\/wp\/v2\/pages\/2609","targetHints":{"allow":["GET"]}}],"collection":[{"href":"https:\/\/www.raimaberfluidtech.com\/industrial\/wp-json\/wp\/v2\/pages"}],"about":[{"href":"https:\/\/www.raimaberfluidtech.com\/industrial\/wp-json\/wp\/v2\/types\/page"}],"author":[{"embeddable":true,"href":"https:\/\/www.raimaberfluidtech.com\/industrial\/wp-json\/wp\/v2\/users\/1"}],"replies":[{"embeddable":true,"href":"https:\/\/www.raimaberfluidtech.com\/industrial\/wp-json\/wp\/v2\/comments?post=2609"}],"version-history":[{"count":17,"href":"https:\/\/www.raimaberfluidtech.com\/industrial\/wp-json\/wp\/v2\/pages\/2609\/revisions"}],"predecessor-version":[{"id":7613,"href":"https:\/\/www.raimaberfluidtech.com\/industrial\/wp-json\/wp\/v2\/pages\/2609\/revisions\/7613"}],"up":[{"embeddable":true,"href":"https:\/\/www.raimaberfluidtech.com\/industrial\/wp-json\/wp\/v2\/pages\/364"}],"wp:attachment":[{"href":"https:\/\/www.raimaberfluidtech.com\/industrial\/wp-json\/wp\/v2\/media?parent=2609"}],"curies":[{"name":"wp","href":"https:\/\/api.w.org\/{rel}","templated":true}]}}