{"id":1884,"date":"2014-12-16T13:15:52","date_gmt":"2014-12-16T13:15:52","guid":{"rendered":"http:\/\/www.raimaberfluidtech.com\/industrial\/?page_id=1884"},"modified":"2021-09-22T11:06:51","modified_gmt":"2021-09-22T11:06:51","slug":"fti-finish-thompson-inc-bombas-industriales-espana","status":"publish","type":"page","link":"https:\/\/www.raimaberfluidtech.com\/industrial\/catalogos-distribucion-bombas-industriales\/fti-finish-thompson-inc-bombas-industriales-espana\/","title":{"rendered":"FTI- Finish Thompson Inc"},"content":{"rendered":"<div class=\"wpb-content-wrapper\"><p>[vc_row][vc_column][vc_column_text css=\u00bb.vc_custom_1519301273573{margin-bottom: 60px !important;}\u00bb]<strong><a title=\"Raimaber\" href=\"https:\/\/www.raimaberfluidtech.com\/industrial\/\">Raimaber<\/a> <\/strong>pone a su disposici\u00f3n los cat\u00e1logos de <strong>FTI- Finish Thompson Inc<\/strong> sobre los distintos productos que distribuyen como empresa especialista en el sector de bombas industriales, mezcladores, sistemas de digestores, agitadores de biog\u00e1s y equipamiento de procesos de alta fiabilidad.<br \/>\nPara m\u00e1s informaci\u00f3n puede utilizar el <a title=\"Contacto Raimaber\" href=\"https:\/\/www.raimaberfluidtech.com\/industrial\/contacta\">formulario de contacto<\/a>.[\/vc_column_text][vc_column_text]<strong>Cat\u00e1logos<\/strong><\/p>\n<ul class=\"document_gallery\">\n<li class=\"pdf\"><a title=\"Bombas de ca\u00f1a vaciado de bidones\" href=\"https:\/\/www.raimaberfluidtech.com\/industrial\/wp-content\/blogs.dir\/4\/files\/2018\/07\/BOMBAS-DE-CANA-VACIADO-BIDONES-spanish.pdf\" target=\"_blank\" rel=\"noopener noreferrer\">Bombas de ca\u00f1a vaciado de bidones<\/a><\/li>\n<li class=\"pdf\"><a title=\"Cat\u00e1logo general\" href=\"https:\/\/www.raimaberfluidtech.com\/industrial\/wp-content\/blogs.dir\/4\/files\/2018\/07\/CATALOGO-GENERAL-spanish.pdf\" target=\"_blank\" rel=\"noopener noreferrer\">Cat\u00e1logo general<\/a><\/li>\n<li class=\"pdf\"><a title=\"Serie AP\" href=\"https:\/\/www.raimaberfluidtech.com\/industrial\/wp-content\/blogs.dir\/4\/files\/2018\/07\/SERIE-AP-spanish.pdf\" target=\"_blank\" rel=\"noopener noreferrer\">Serie AP<\/a><\/li>\n<li class=\"pdf\"><a title=\"Serie DB - SP\" href=\"https:\/\/www.raimaberfluidtech.com\/industrial\/wp-content\/blogs.dir\/4\/files\/2018\/07\/SERIE-DB-SP-spanish.pdf\" target=\"_blank\" rel=\"noopener noreferrer\">Serie DB &#8211; SP<\/a><\/li>\n<li class=\"pdf\"><a title=\"Serie GP\" href=\"https:\/\/www.raimaberfluidtech.com\/industrial\/wp-content\/blogs.dir\/4\/files\/2018\/07\/SERIE-GP-spanish.pdf\" target=\"_blank\" rel=\"noopener noreferrer\">Serie GP<\/a><\/li>\n<li class=\"pdf\"><a title=\"Serie UC\" href=\"https:\/\/www.raimaberfluidtech.com\/industrial\/wp-content\/blogs.dir\/4\/files\/2018\/07\/SERIE-UC-spanish.pdf\" target=\"_blank\" rel=\"noopener noreferrer\">Serie UC<\/a><\/li>\n<li class=\"pdf\"><a href=\"https:\/\/www.raimaberfluidtech.com\/industrial\/wp-content\/blogs.dir\/4\/files\/2018\/07\/BROCHURE-FTI-AIR-AODD-PUMP-english.pdf\">Brochure FTII Air AODD Pumb<\/a> (ingl\u00e9s)<\/li>\n<li class=\"pdf\"><a href=\"https:\/\/www.raimaberfluidtech.com\/industrial\/wp-content\/blogs.dir\/4\/files\/2017\/07\/Pump-Fit-ARO-PF6661-Tech-Flyer-R1.pdf\">Pump Fit ARO PF6661 Tech Flyer R1<\/a><\/li>\n<li class=\"pdf\"><a href=\"https:\/\/www.raimaberfluidtech.com\/industrial\/wp-content\/blogs.dir\/4\/files\/2017\/07\/Pump-Fit-ARO-PF66605-Tech-Flyer-R1.pdf\">Pump Fit ARO PF66605 Tech Flyer R1<\/a><\/li>\n<li class=\"pdf\"><a href=\"https:\/\/www.raimaberfluidtech.com\/industrial\/wp-content\/blogs.dir\/4\/files\/2017\/07\/Pump-Fit-Brochure.pdf\">Pump-Fit Brochure<\/a><\/li>\n<\/ul>\n<p>&nbsp;<\/p>\n<p><strong>Manuales de mantenimiento<\/strong><\/p>\n<ul>\n<li class=\"pdf\"><a title=\"Manual Operacional DB6 5.5\" href=\"https:\/\/www.raimaberfluidtech.com\/industrial\/wp-content\/blogs.dir\/4\/files\/2020\/06\/DB-Manual-Operational-DB3-5.5-SPANISH.pdf\" target=\"_blank\" rel=\"noopener noreferrer\">Manual Operacional DB3 5.5<\/a><\/li>\n<li class=\"pdf\"><a title=\"Manual Operacional DB6 10\" href=\"https:\/\/www.raimaberfluidtech.com\/industrial\/wp-content\/blogs.dir\/4\/files\/2020\/06\/DB-Manual-Operational-DB6-10-SPANISH.pdf\" target=\"_blank\" rel=\"noopener noreferrer\">Manual Operacional DB6 10<\/a><\/li>\n<li class=\"pdf\"><a title=\"Manual Operacional DB11 15 for cast adapter\" href=\"https:\/\/www.raimaberfluidtech.com\/industrial\/wp-content\/blogs.dir\/4\/files\/2020\/06\/DB-Manual-Operational-DB11-15-for-cast-adapter-SPANISH.pdf\" target=\"_blank\" rel=\"noopener noreferrer\">Manual Operacional DB11 15 for cast adapter<\/a><\/li>\n<li class=\"pdf\"><a title=\"Manual Operacional DB11 15\" href=\"https:\/\/www.raimaberfluidtech.com\/industrial\/wp-content\/blogs.dir\/4\/files\/2020\/06\/DB-Manual-Operational-DB11-15-SPANISH.pdf\" target=\"_blank\" rel=\"noopener noreferrer\">Manual Operacional DB11 15<\/a><\/li>\n<li class=\"pdf\"><a title=\"Manual Operacional DB22\" href=\"https:\/\/www.raimaberfluidtech.com\/industrial\/wp-content\/blogs.dir\/4\/files\/2020\/06\/DB-Manual-Operational-DB22-SPANISH.pdf\" target=\"_blank\" rel=\"noopener noreferrer\">Manual Operacional DB22<\/a><\/li>\n<\/ul>\n<p>[\/vc_column_text][vc_empty_space][vc_btn title=\u00bbSOLICITUD DE INFORMACI\u00d3N T\u00c9CNICA\u00bb link=\u00bburl:https%3A%2F%2Fwww.raimaberfluidtech.com\/industrial%2Fsolicitud-informacion-tecnica%2F|title:Solicitud%20informaci%C3%B3n%20t%C3%A9cnica||\u00bb][\/vc_column][\/vc_row]<\/p>\n<\/div>","protected":false},"excerpt":{"rendered":"<p>[vc_row][vc_column][vc_column_text css=\u00bb.vc_custom_1519301273573{margin-bottom: 60px !important;}\u00bb]Raimaber pone a su disposici\u00f3n los cat\u00e1logos de FTI- Finish Thompson Inc sobre los distintos productos que distribuyen como empresa especialista en el sector de bombas industriales, mezcladores, sistemas de digestores, agitadores de biog\u00e1s y equipamiento de&#8230;<\/p>\n","protected":false},"author":1,"featured_media":3724,"parent":106,"menu_order":0,"comment_status":"closed","ping_status":"closed","template":"page-sidebar.php","meta":{"footnotes":""},"class_list":["post-1884","page","type-page","status-publish","has-post-thumbnail","hentry"],"yoast_head":"<!-- This site is optimized with the Yoast SEO plugin v24.3 - https:\/\/yoast.com\/wordpress\/plugins\/seo\/ -->\n<title>FTI Finish Thompson Inc | Bombas industriales Espa\u00f1a - Raimaber<\/title>\n<meta name=\"description\" content=\"Bombas industriales Espa\u00f1a de FTI- Finish Thompson Inc en Raimaber, especialistas en agitadores de biogas, sistemas de mezcla y m\u00e1s maquinaria industrial.\" \/>\n<meta name=\"robots\" content=\"index, follow, max-snippet:-1, max-image-preview:large, max-video-preview:-1\" \/>\n<link rel=\"canonical\" href=\"https:\/\/www.raimaberfluidtech.com\/industrial\/catalogos-distribucion-bombas-industriales\/fti-finish-thompson-inc-bombas-industriales-espana\/\" \/>\n<meta property=\"og:locale\" content=\"es_ES\" \/>\n<meta property=\"og:type\" content=\"article\" \/>\n<meta property=\"og:title\" content=\"FTI Finish Thompson Inc | Bombas industriales Espa\u00f1a - Raimaber\" \/>\n<meta property=\"og:description\" content=\"Bombas industriales Espa\u00f1a de FTI- Finish Thompson Inc en Raimaber, especialistas en agitadores de biogas, sistemas de mezcla y m\u00e1s maquinaria industrial.\" \/>\n<meta property=\"og:url\" content=\"https:\/\/www.raimaberfluidtech.com\/industrial\/catalogos-distribucion-bombas-industriales\/fti-finish-thompson-inc-bombas-industriales-espana\/\" \/>\n<meta property=\"og:site_name\" content=\"Raimaber Fluid Tech [Industrial]\" \/>\n<meta property=\"article:modified_time\" content=\"2021-09-22T11:06:51+00:00\" \/>\n<meta property=\"og:image\" content=\"https:\/\/www.raimaberfluidtech.com\/industrial\/wp-content\/blogs.dir\/4\/files\/2014\/02\/logo-finishthompson.png\" \/>\n\t<meta property=\"og:image:width\" content=\"960\" \/>\n\t<meta property=\"og:image:height\" content=\"632\" \/>\n\t<meta property=\"og:image:type\" content=\"image\/png\" \/>\n<meta name=\"twitter:label1\" content=\"Tiempo de lectura\" \/>\n\t<meta name=\"twitter:data1\" content=\"1 minuto\" \/>\n<script type=\"application\/ld+json\" class=\"yoast-schema-graph\">{\"@context\":\"https:\/\/schema.org\",\"@graph\":[{\"@type\":\"WebPage\",\"@id\":\"https:\/\/www.raimaberfluidtech.com\/industrial\/catalogos-distribucion-bombas-industriales\/fti-finish-thompson-inc-bombas-industriales-espana\/\",\"url\":\"https:\/\/www.raimaberfluidtech.com\/industrial\/catalogos-distribucion-bombas-industriales\/fti-finish-thompson-inc-bombas-industriales-espana\/\",\"name\":\"FTI Finish Thompson Inc | Bombas industriales Espa\u00f1a - Raimaber\",\"isPartOf\":{\"@id\":\"https:\/\/www.raimaberfluidtech.com\/industrial\/#website\"},\"primaryImageOfPage\":{\"@id\":\"https:\/\/www.raimaberfluidtech.com\/industrial\/catalogos-distribucion-bombas-industriales\/fti-finish-thompson-inc-bombas-industriales-espana\/#primaryimage\"},\"image\":{\"@id\":\"https:\/\/www.raimaberfluidtech.com\/industrial\/catalogos-distribucion-bombas-industriales\/fti-finish-thompson-inc-bombas-industriales-espana\/#primaryimage\"},\"thumbnailUrl\":\"https:\/\/www.raimaberfluidtech.com\/industrial\/files\/2014\/02\/logo-finishthompson.png\",\"datePublished\":\"2014-12-16T13:15:52+00:00\",\"dateModified\":\"2021-09-22T11:06:51+00:00\",\"description\":\"Bombas industriales Espa\u00f1a de FTI- Finish Thompson Inc en Raimaber, especialistas en agitadores de biogas, sistemas de mezcla y m\u00e1s maquinaria industrial.\",\"breadcrumb\":{\"@id\":\"https:\/\/www.raimaberfluidtech.com\/industrial\/catalogos-distribucion-bombas-industriales\/fti-finish-thompson-inc-bombas-industriales-espana\/#breadcrumb\"},\"inLanguage\":\"es\",\"potentialAction\":[{\"@type\":\"ReadAction\",\"target\":[\"https:\/\/www.raimaberfluidtech.com\/industrial\/catalogos-distribucion-bombas-industriales\/fti-finish-thompson-inc-bombas-industriales-espana\/\"]}]},{\"@type\":\"ImageObject\",\"inLanguage\":\"es\",\"@id\":\"https:\/\/www.raimaberfluidtech.com\/industrial\/catalogos-distribucion-bombas-industriales\/fti-finish-thompson-inc-bombas-industriales-espana\/#primaryimage\",\"url\":\"https:\/\/www.raimaberfluidtech.com\/industrial\/files\/2014\/02\/logo-finishthompson.png\",\"contentUrl\":\"https:\/\/www.raimaberfluidtech.com\/industrial\/files\/2014\/02\/logo-finishthompson.png\",\"width\":960,\"height\":632,\"caption\":\"finish thompson\"},{\"@type\":\"BreadcrumbList\",\"@id\":\"https:\/\/www.raimaberfluidtech.com\/industrial\/catalogos-distribucion-bombas-industriales\/fti-finish-thompson-inc-bombas-industriales-espana\/#breadcrumb\",\"itemListElement\":[{\"@type\":\"ListItem\",\"position\":1,\"name\":\"Home\",\"item\":\"https:\/\/www.raimaberfluidtech.com\/industrial\/\"},{\"@type\":\"ListItem\",\"position\":2,\"name\":\"Archivos descargables\",\"item\":\"https:\/\/www.raimaberfluidtech.com\/industrial\/catalogos-distribucion-bombas-industriales\/\"},{\"@type\":\"ListItem\",\"position\":3,\"name\":\"FTI- Finish Thompson Inc\"}]},{\"@type\":\"WebSite\",\"@id\":\"https:\/\/www.raimaberfluidtech.com\/industrial\/#website\",\"url\":\"https:\/\/www.raimaberfluidtech.com\/industrial\/\",\"name\":\"Raimaber Fluid Tech [Industrial]\",\"description\":\"Bombas industriales\",\"publisher\":{\"@id\":\"https:\/\/www.raimaberfluidtech.com\/industrial\/#organization\"},\"potentialAction\":[{\"@type\":\"SearchAction\",\"target\":{\"@type\":\"EntryPoint\",\"urlTemplate\":\"https:\/\/www.raimaberfluidtech.com\/industrial\/?s={search_term_string}\"},\"query-input\":{\"@type\":\"PropertyValueSpecification\",\"valueRequired\":true,\"valueName\":\"search_term_string\"}}],\"inLanguage\":\"es\"},{\"@type\":\"Organization\",\"@id\":\"https:\/\/www.raimaberfluidtech.com\/industrial\/#organization\",\"name\":\"Raimaber Fluid Tech [Industrial]\",\"url\":\"https:\/\/www.raimaberfluidtech.com\/industrial\/\",\"logo\":{\"@type\":\"ImageObject\",\"inLanguage\":\"es\",\"@id\":\"https:\/\/www.raimaberfluidtech.com\/industrial\/#\/schema\/logo\/image\/\",\"url\":\"https:\/\/www.raimaberfluidtech.com\/industrial\/wp-content\/blogs.dir\/4\/files\/2012\/11\/raimaber.gif\",\"contentUrl\":\"https:\/\/www.raimaberfluidtech.com\/industrial\/wp-content\/blogs.dir\/4\/files\/2012\/11\/raimaber.gif\",\"width\":\"705\",\"height\":\"438\",\"caption\":\"Raimaber Fluid Tech [Industrial]\"},\"image\":{\"@id\":\"https:\/\/www.raimaberfluidtech.com\/industrial\/#\/schema\/logo\/image\/\"}}]}<\/script>\n<!-- \/ Yoast SEO plugin. -->","yoast_head_json":{"title":"FTI Finish Thompson Inc | Bombas industriales Espa\u00f1a - Raimaber","description":"Bombas industriales Espa\u00f1a de FTI- Finish Thompson Inc en Raimaber, especialistas en agitadores de biogas, sistemas de mezcla y m\u00e1s maquinaria industrial.","robots":{"index":"index","follow":"follow","max-snippet":"max-snippet:-1","max-image-preview":"max-image-preview:large","max-video-preview":"max-video-preview:-1"},"canonical":"https:\/\/www.raimaberfluidtech.com\/industrial\/catalogos-distribucion-bombas-industriales\/fti-finish-thompson-inc-bombas-industriales-espana\/","og_locale":"es_ES","og_type":"article","og_title":"FTI Finish Thompson Inc | Bombas industriales Espa\u00f1a - Raimaber","og_description":"Bombas industriales Espa\u00f1a de FTI- Finish Thompson Inc en Raimaber, especialistas en agitadores de biogas, sistemas de mezcla y m\u00e1s maquinaria industrial.","og_url":"https:\/\/www.raimaberfluidtech.com\/industrial\/catalogos-distribucion-bombas-industriales\/fti-finish-thompson-inc-bombas-industriales-espana\/","og_site_name":"Raimaber Fluid Tech [Industrial]","article_modified_time":"2021-09-22T11:06:51+00:00","og_image":[{"width":960,"height":632,"url":"https:\/\/www.raimaberfluidtech.com\/industrial\/wp-content\/blogs.dir\/4\/files\/2014\/02\/logo-finishthompson.png","type":"image\/png"}],"twitter_misc":{"Tiempo de lectura":"1 minuto"},"schema":{"@context":"https:\/\/schema.org","@graph":[{"@type":"WebPage","@id":"https:\/\/www.raimaberfluidtech.com\/industrial\/catalogos-distribucion-bombas-industriales\/fti-finish-thompson-inc-bombas-industriales-espana\/","url":"https:\/\/www.raimaberfluidtech.com\/industrial\/catalogos-distribucion-bombas-industriales\/fti-finish-thompson-inc-bombas-industriales-espana\/","name":"FTI Finish Thompson Inc | Bombas industriales Espa\u00f1a - Raimaber","isPartOf":{"@id":"https:\/\/www.raimaberfluidtech.com\/industrial\/#website"},"primaryImageOfPage":{"@id":"https:\/\/www.raimaberfluidtech.com\/industrial\/catalogos-distribucion-bombas-industriales\/fti-finish-thompson-inc-bombas-industriales-espana\/#primaryimage"},"image":{"@id":"https:\/\/www.raimaberfluidtech.com\/industrial\/catalogos-distribucion-bombas-industriales\/fti-finish-thompson-inc-bombas-industriales-espana\/#primaryimage"},"thumbnailUrl":"https:\/\/www.raimaberfluidtech.com\/industrial\/files\/2014\/02\/logo-finishthompson.png","datePublished":"2014-12-16T13:15:52+00:00","dateModified":"2021-09-22T11:06:51+00:00","description":"Bombas industriales Espa\u00f1a de FTI- Finish Thompson Inc en Raimaber, especialistas en agitadores de biogas, sistemas de mezcla y m\u00e1s maquinaria industrial.","breadcrumb":{"@id":"https:\/\/www.raimaberfluidtech.com\/industrial\/catalogos-distribucion-bombas-industriales\/fti-finish-thompson-inc-bombas-industriales-espana\/#breadcrumb"},"inLanguage":"es","potentialAction":[{"@type":"ReadAction","target":["https:\/\/www.raimaberfluidtech.com\/industrial\/catalogos-distribucion-bombas-industriales\/fti-finish-thompson-inc-bombas-industriales-espana\/"]}]},{"@type":"ImageObject","inLanguage":"es","@id":"https:\/\/www.raimaberfluidtech.com\/industrial\/catalogos-distribucion-bombas-industriales\/fti-finish-thompson-inc-bombas-industriales-espana\/#primaryimage","url":"https:\/\/www.raimaberfluidtech.com\/industrial\/files\/2014\/02\/logo-finishthompson.png","contentUrl":"https:\/\/www.raimaberfluidtech.com\/industrial\/files\/2014\/02\/logo-finishthompson.png","width":960,"height":632,"caption":"finish thompson"},{"@type":"BreadcrumbList","@id":"https:\/\/www.raimaberfluidtech.com\/industrial\/catalogos-distribucion-bombas-industriales\/fti-finish-thompson-inc-bombas-industriales-espana\/#breadcrumb","itemListElement":[{"@type":"ListItem","position":1,"name":"Home","item":"https:\/\/www.raimaberfluidtech.com\/industrial\/"},{"@type":"ListItem","position":2,"name":"Archivos descargables","item":"https:\/\/www.raimaberfluidtech.com\/industrial\/catalogos-distribucion-bombas-industriales\/"},{"@type":"ListItem","position":3,"name":"FTI- Finish Thompson Inc"}]},{"@type":"WebSite","@id":"https:\/\/www.raimaberfluidtech.com\/industrial\/#website","url":"https:\/\/www.raimaberfluidtech.com\/industrial\/","name":"Raimaber Fluid Tech [Industrial]","description":"Bombas industriales","publisher":{"@id":"https:\/\/www.raimaberfluidtech.com\/industrial\/#organization"},"potentialAction":[{"@type":"SearchAction","target":{"@type":"EntryPoint","urlTemplate":"https:\/\/www.raimaberfluidtech.com\/industrial\/?s={search_term_string}"},"query-input":{"@type":"PropertyValueSpecification","valueRequired":true,"valueName":"search_term_string"}}],"inLanguage":"es"},{"@type":"Organization","@id":"https:\/\/www.raimaberfluidtech.com\/industrial\/#organization","name":"Raimaber Fluid Tech [Industrial]","url":"https:\/\/www.raimaberfluidtech.com\/industrial\/","logo":{"@type":"ImageObject","inLanguage":"es","@id":"https:\/\/www.raimaberfluidtech.com\/industrial\/#\/schema\/logo\/image\/","url":"https:\/\/www.raimaberfluidtech.com\/industrial\/wp-content\/blogs.dir\/4\/files\/2012\/11\/raimaber.gif","contentUrl":"https:\/\/www.raimaberfluidtech.com\/industrial\/wp-content\/blogs.dir\/4\/files\/2012\/11\/raimaber.gif","width":"705","height":"438","caption":"Raimaber Fluid Tech [Industrial]"},"image":{"@id":"https:\/\/www.raimaberfluidtech.com\/industrial\/#\/schema\/logo\/image\/"}}]}},"_links":{"self":[{"href":"https:\/\/www.raimaberfluidtech.com\/industrial\/wp-json\/wp\/v2\/pages\/1884","targetHints":{"allow":["GET"]}}],"collection":[{"href":"https:\/\/www.raimaberfluidtech.com\/industrial\/wp-json\/wp\/v2\/pages"}],"about":[{"href":"https:\/\/www.raimaberfluidtech.com\/industrial\/wp-json\/wp\/v2\/types\/page"}],"author":[{"embeddable":true,"href":"https:\/\/www.raimaberfluidtech.com\/industrial\/wp-json\/wp\/v2\/users\/1"}],"replies":[{"embeddable":true,"href":"https:\/\/www.raimaberfluidtech.com\/industrial\/wp-json\/wp\/v2\/comments?post=1884"}],"version-history":[{"count":26,"href":"https:\/\/www.raimaberfluidtech.com\/industrial\/wp-json\/wp\/v2\/pages\/1884\/revisions"}],"predecessor-version":[{"id":7600,"href":"https:\/\/www.raimaberfluidtech.com\/industrial\/wp-json\/wp\/v2\/pages\/1884\/revisions\/7600"}],"up":[{"embeddable":true,"href":"https:\/\/www.raimaberfluidtech.com\/industrial\/wp-json\/wp\/v2\/pages\/106"}],"wp:featuredmedia":[{"embeddable":true,"href":"https:\/\/www.raimaberfluidtech.com\/industrial\/wp-json\/wp\/v2\/media\/3724"}],"wp:attachment":[{"href":"https:\/\/www.raimaberfluidtech.com\/industrial\/wp-json\/wp\/v2\/media?parent=1884"}],"curies":[{"name":"wp","href":"https:\/\/api.w.org\/{rel}","templated":true}]}}