{"id":188,"date":"2012-11-23T12:22:31","date_gmt":"2012-11-23T12:22:31","guid":{"rendered":"http:\/\/www.raimaberfluidtech.com\/industrial\/?page_id=188"},"modified":"2023-07-17T14:50:41","modified_gmt":"2023-07-17T14:50:41","slug":"bombas-lobulares-classic-plus","status":"publish","type":"page","link":"https:\/\/www.raimaberfluidtech.com\/industrial\/viking-hygienic\/bombas-lobulares-classic-plus\/","title":{"rendered":"Bombas lobulares Classic +"},"content":{"rendered":"<div class=\"wpb-content-wrapper\"><p>[vc_row][vc_column width=\u00bb1\/2&#8243;][vc_media_grid element_width=\u00bb6&#8243; gap=\u00bb4&#8243; grid_id=\u00bbvc_gid:1689604340006-b18cc4aa-1065-5&#8243; include=\u00bb4861,4862,4863,4864,4865,4866,4867,4868&#8243;][\/vc_column][vc_column width=\u00bb1\/2&#8243;][vc_custom_heading text=\u00bbBombas lobulares Classic +\u00bb font_container=\u00bbtag:h2|font_size:18px|text_align:left|color:%23000000&#8243; use_theme_fonts=\u00bbyes\u00bb][vc_column_text]<\/p>\n<div class=\"in-content col-1\">\n<p style=\"text-align: justify;\">Las <strong>bombas Classic+ <\/strong>de <span style=\"line-height: 1.5;\"><a href=\"https:\/\/www.raimaberfluidtech.com\/industrial\/viking-hygienic\">Viking Hygienic<\/a><\/span>\u00a0son bombas sanitarias de tipo lobular.<\/p>\n<p style=\"text-align: justify;\">Sus principales caracter\u00edsticas:<\/p>\n<ul>\n<li style=\"text-align: justify;\">El cierre va montado en la parte trasera del cuerpo de bombeo.<\/li>\n<li style=\"text-align: justify;\">Las superficies del cierre pueden ser tanto en Grafito, Carburo de Silicio, Cer\u00e1mica o Carburo de Tugsteno.<\/li>\n<li style=\"text-align: justify;\">Posibilidad de montar cierre mec\u00e1nico sencillo, cierre mec\u00e1nico doble o cierre por junta t\u00f3rica.<\/li>\n<li style=\"text-align: justify;\">Ideal para el bombeo de productos sin s\u00f3lidos pero delicados o sensibles a la cizalla.<\/li>\n<li style=\"text-align: justify;\">Presiones de hasta 12 bar en algunos modelos.<\/li>\n<li style=\"text-align: justify;\">Alternativamente, tambi\u00e9n se puede montar la bomba con tapa de calefacci\u00f3n y\/o cuerpo calefactado.<\/li>\n<li style=\"text-align: justify;\">Dise\u00f1o exclusivo con 4 posiciones de montaje.<\/li>\n<li style=\"text-align: justify;\">Temperaturas de hasta 150 \u00baC. Para temperaturas m\u00e1s altas, hay que pedir a f\u00e1brica su recomendaci\u00f3n o autorizaci\u00f3n.<\/li>\n<li style=\"text-align: justify;\">Certificado ATEX, 3 A , FDA.<\/li>\n<li style=\"text-align: justify;\">Pulido interior 0,8 micras.<\/li>\n<li style=\"text-align: justify;\">Hasta 205 m3\/h.<\/li>\n<li style=\"text-align: justify;\">Hasta 12 bar.<\/li>\n<\/ul>\n<\/div>\n<p>[\/vc_column_text][vc_empty_space][vc_btn title=\u00bbSOLICITUD DE INFORMACI\u00d3N T\u00c9CNICA\u00bb link=\u00bburl:https%3A%2F%2Fwww.raimaberfluidtech.com\/industrial%2Fsolicitud-informacion-tecnica%2F|title:Solicitud%20informaci%C3%B3n%20t%C3%A9cnica||\u00bb][\/vc_column][\/vc_row]<\/p>\n<\/div>","protected":false},"excerpt":{"rendered":"<p>[vc_row][vc_column width=\u00bb1\/2&#8243;][vc_media_grid element_width=\u00bb6&#8243; gap=\u00bb4&#8243; grid_id=\u00bbvc_gid:1689604340006-b18cc4aa-1065-5&#8243; include=\u00bb4861,4862,4863,4864,4865,4866,4867,4868&#8243;][\/vc_column][vc_column width=\u00bb1\/2&#8243;][vc_custom_heading text=\u00bbBombas lobulares Classic +\u00bb font_container=\u00bbtag:h2|font_size:18px|text_align:left|color:%23000000&#8243; use_theme_fonts=\u00bbyes\u00bb][vc_column_text] Las bombas Classic+ de Viking Hygienic\u00a0son bombas sanitarias de tipo lobular. Sus principales caracter\u00edsticas: El cierre va montado en la parte trasera del cuerpo de bombeo. Las&#8230;<\/p>\n","protected":false},"author":1,"featured_media":0,"parent":172,"menu_order":3,"comment_status":"closed","ping_status":"closed","template":"page-sidebar.php","meta":{"footnotes":""},"class_list":["post-188","page","type-page","status-publish","hentry"],"yoast_head":"<!-- This site is optimized with the Yoast SEO plugin v24.3 - https:\/\/yoast.com\/wordpress\/plugins\/seo\/ -->\n<title>Distribuidor Bombas lobulares Classic + - Raimaber<\/title>\n<meta name=\"description\" content=\"Consulta las caracter\u00edsticas de las bombas lobulares classic+. Son bombas sanitarias de tipo lobular distribuidas por Raimaber, expertos en el sector.\" \/>\n<meta name=\"robots\" content=\"index, follow, max-snippet:-1, max-image-preview:large, max-video-preview:-1\" \/>\n<link rel=\"canonical\" href=\"https:\/\/www.raimaberfluidtech.com\/industrial\/viking-hygienic\/bombas-lobulares-classic-plus\/\" \/>\n<meta property=\"og:locale\" content=\"es_ES\" \/>\n<meta property=\"og:type\" content=\"article\" \/>\n<meta property=\"og:title\" content=\"Distribuidor Bombas lobulares Classic + - Raimaber\" \/>\n<meta property=\"og:description\" content=\"Consulta las caracter\u00edsticas de las bombas lobulares classic+. Son bombas sanitarias de tipo lobular distribuidas por Raimaber, expertos en el sector.\" \/>\n<meta property=\"og:url\" content=\"https:\/\/www.raimaberfluidtech.com\/industrial\/viking-hygienic\/bombas-lobulares-classic-plus\/\" \/>\n<meta property=\"og:site_name\" content=\"Raimaber Fluid Tech [Industrial]\" \/>\n<meta property=\"article:modified_time\" content=\"2023-07-17T14:50:41+00:00\" \/>\n<meta name=\"twitter:label1\" content=\"Tiempo de lectura\" \/>\n\t<meta name=\"twitter:data1\" content=\"1 minuto\" \/>\n<script type=\"application\/ld+json\" class=\"yoast-schema-graph\">{\"@context\":\"https:\/\/schema.org\",\"@graph\":[{\"@type\":\"WebPage\",\"@id\":\"https:\/\/www.raimaberfluidtech.com\/industrial\/viking-hygienic\/bombas-lobulares-classic-plus\/\",\"url\":\"https:\/\/www.raimaberfluidtech.com\/industrial\/viking-hygienic\/bombas-lobulares-classic-plus\/\",\"name\":\"Distribuidor Bombas lobulares Classic + - Raimaber\",\"isPartOf\":{\"@id\":\"https:\/\/www.raimaberfluidtech.com\/industrial\/#website\"},\"datePublished\":\"2012-11-23T12:22:31+00:00\",\"dateModified\":\"2023-07-17T14:50:41+00:00\",\"description\":\"Consulta las caracter\u00edsticas de las bombas lobulares classic+. Son bombas sanitarias de tipo lobular distribuidas por Raimaber, expertos en el sector.\",\"breadcrumb\":{\"@id\":\"https:\/\/www.raimaberfluidtech.com\/industrial\/viking-hygienic\/bombas-lobulares-classic-plus\/#breadcrumb\"},\"inLanguage\":\"es\",\"potentialAction\":[{\"@type\":\"ReadAction\",\"target\":[\"https:\/\/www.raimaberfluidtech.com\/industrial\/viking-hygienic\/bombas-lobulares-classic-plus\/\"]}]},{\"@type\":\"BreadcrumbList\",\"@id\":\"https:\/\/www.raimaberfluidtech.com\/industrial\/viking-hygienic\/bombas-lobulares-classic-plus\/#breadcrumb\",\"itemListElement\":[{\"@type\":\"ListItem\",\"position\":1,\"name\":\"Home\",\"item\":\"https:\/\/www.raimaberfluidtech.com\/industrial\/\"},{\"@type\":\"ListItem\",\"position\":2,\"name\":\"Viking Hygienic\",\"item\":\"https:\/\/www.raimaberfluidtech.com\/industrial\/viking-hygienic\/\"},{\"@type\":\"ListItem\",\"position\":3,\"name\":\"Bombas lobulares Classic +\"}]},{\"@type\":\"WebSite\",\"@id\":\"https:\/\/www.raimaberfluidtech.com\/industrial\/#website\",\"url\":\"https:\/\/www.raimaberfluidtech.com\/industrial\/\",\"name\":\"Raimaber Fluid Tech [Industrial]\",\"description\":\"Bombas industriales\",\"publisher\":{\"@id\":\"https:\/\/www.raimaberfluidtech.com\/industrial\/#organization\"},\"potentialAction\":[{\"@type\":\"SearchAction\",\"target\":{\"@type\":\"EntryPoint\",\"urlTemplate\":\"https:\/\/www.raimaberfluidtech.com\/industrial\/?s={search_term_string}\"},\"query-input\":{\"@type\":\"PropertyValueSpecification\",\"valueRequired\":true,\"valueName\":\"search_term_string\"}}],\"inLanguage\":\"es\"},{\"@type\":\"Organization\",\"@id\":\"https:\/\/www.raimaberfluidtech.com\/industrial\/#organization\",\"name\":\"Raimaber Fluid Tech [Industrial]\",\"url\":\"https:\/\/www.raimaberfluidtech.com\/industrial\/\",\"logo\":{\"@type\":\"ImageObject\",\"inLanguage\":\"es\",\"@id\":\"https:\/\/www.raimaberfluidtech.com\/industrial\/#\/schema\/logo\/image\/\",\"url\":\"https:\/\/www.raimaberfluidtech.com\/industrial\/wp-content\/blogs.dir\/4\/files\/2012\/11\/raimaber.gif\",\"contentUrl\":\"https:\/\/www.raimaberfluidtech.com\/industrial\/wp-content\/blogs.dir\/4\/files\/2012\/11\/raimaber.gif\",\"width\":\"705\",\"height\":\"438\",\"caption\":\"Raimaber Fluid Tech [Industrial]\"},\"image\":{\"@id\":\"https:\/\/www.raimaberfluidtech.com\/industrial\/#\/schema\/logo\/image\/\"}}]}<\/script>\n<!-- \/ Yoast SEO plugin. -->","yoast_head_json":{"title":"Distribuidor Bombas lobulares Classic + - Raimaber","description":"Consulta las caracter\u00edsticas de las bombas lobulares classic+. Son bombas sanitarias de tipo lobular distribuidas por Raimaber, expertos en el sector.","robots":{"index":"index","follow":"follow","max-snippet":"max-snippet:-1","max-image-preview":"max-image-preview:large","max-video-preview":"max-video-preview:-1"},"canonical":"https:\/\/www.raimaberfluidtech.com\/industrial\/viking-hygienic\/bombas-lobulares-classic-plus\/","og_locale":"es_ES","og_type":"article","og_title":"Distribuidor Bombas lobulares Classic + - Raimaber","og_description":"Consulta las caracter\u00edsticas de las bombas lobulares classic+. Son bombas sanitarias de tipo lobular distribuidas por Raimaber, expertos en el sector.","og_url":"https:\/\/www.raimaberfluidtech.com\/industrial\/viking-hygienic\/bombas-lobulares-classic-plus\/","og_site_name":"Raimaber Fluid Tech [Industrial]","article_modified_time":"2023-07-17T14:50:41+00:00","twitter_misc":{"Tiempo de lectura":"1 minuto"},"schema":{"@context":"https:\/\/schema.org","@graph":[{"@type":"WebPage","@id":"https:\/\/www.raimaberfluidtech.com\/industrial\/viking-hygienic\/bombas-lobulares-classic-plus\/","url":"https:\/\/www.raimaberfluidtech.com\/industrial\/viking-hygienic\/bombas-lobulares-classic-plus\/","name":"Distribuidor Bombas lobulares Classic + - Raimaber","isPartOf":{"@id":"https:\/\/www.raimaberfluidtech.com\/industrial\/#website"},"datePublished":"2012-11-23T12:22:31+00:00","dateModified":"2023-07-17T14:50:41+00:00","description":"Consulta las caracter\u00edsticas de las bombas lobulares classic+. Son bombas sanitarias de tipo lobular distribuidas por Raimaber, expertos en el sector.","breadcrumb":{"@id":"https:\/\/www.raimaberfluidtech.com\/industrial\/viking-hygienic\/bombas-lobulares-classic-plus\/#breadcrumb"},"inLanguage":"es","potentialAction":[{"@type":"ReadAction","target":["https:\/\/www.raimaberfluidtech.com\/industrial\/viking-hygienic\/bombas-lobulares-classic-plus\/"]}]},{"@type":"BreadcrumbList","@id":"https:\/\/www.raimaberfluidtech.com\/industrial\/viking-hygienic\/bombas-lobulares-classic-plus\/#breadcrumb","itemListElement":[{"@type":"ListItem","position":1,"name":"Home","item":"https:\/\/www.raimaberfluidtech.com\/industrial\/"},{"@type":"ListItem","position":2,"name":"Viking Hygienic","item":"https:\/\/www.raimaberfluidtech.com\/industrial\/viking-hygienic\/"},{"@type":"ListItem","position":3,"name":"Bombas lobulares Classic +"}]},{"@type":"WebSite","@id":"https:\/\/www.raimaberfluidtech.com\/industrial\/#website","url":"https:\/\/www.raimaberfluidtech.com\/industrial\/","name":"Raimaber Fluid Tech [Industrial]","description":"Bombas industriales","publisher":{"@id":"https:\/\/www.raimaberfluidtech.com\/industrial\/#organization"},"potentialAction":[{"@type":"SearchAction","target":{"@type":"EntryPoint","urlTemplate":"https:\/\/www.raimaberfluidtech.com\/industrial\/?s={search_term_string}"},"query-input":{"@type":"PropertyValueSpecification","valueRequired":true,"valueName":"search_term_string"}}],"inLanguage":"es"},{"@type":"Organization","@id":"https:\/\/www.raimaberfluidtech.com\/industrial\/#organization","name":"Raimaber Fluid Tech [Industrial]","url":"https:\/\/www.raimaberfluidtech.com\/industrial\/","logo":{"@type":"ImageObject","inLanguage":"es","@id":"https:\/\/www.raimaberfluidtech.com\/industrial\/#\/schema\/logo\/image\/","url":"https:\/\/www.raimaberfluidtech.com\/industrial\/wp-content\/blogs.dir\/4\/files\/2012\/11\/raimaber.gif","contentUrl":"https:\/\/www.raimaberfluidtech.com\/industrial\/wp-content\/blogs.dir\/4\/files\/2012\/11\/raimaber.gif","width":"705","height":"438","caption":"Raimaber Fluid Tech [Industrial]"},"image":{"@id":"https:\/\/www.raimaberfluidtech.com\/industrial\/#\/schema\/logo\/image\/"}}]}},"_links":{"self":[{"href":"https:\/\/www.raimaberfluidtech.com\/industrial\/wp-json\/wp\/v2\/pages\/188","targetHints":{"allow":["GET"]}}],"collection":[{"href":"https:\/\/www.raimaberfluidtech.com\/industrial\/wp-json\/wp\/v2\/pages"}],"about":[{"href":"https:\/\/www.raimaberfluidtech.com\/industrial\/wp-json\/wp\/v2\/types\/page"}],"author":[{"embeddable":true,"href":"https:\/\/www.raimaberfluidtech.com\/industrial\/wp-json\/wp\/v2\/users\/1"}],"replies":[{"embeddable":true,"href":"https:\/\/www.raimaberfluidtech.com\/industrial\/wp-json\/wp\/v2\/comments?post=188"}],"version-history":[{"count":25,"href":"https:\/\/www.raimaberfluidtech.com\/industrial\/wp-json\/wp\/v2\/pages\/188\/revisions"}],"predecessor-version":[{"id":7967,"href":"https:\/\/www.raimaberfluidtech.com\/industrial\/wp-json\/wp\/v2\/pages\/188\/revisions\/7967"}],"up":[{"embeddable":true,"href":"https:\/\/www.raimaberfluidtech.com\/industrial\/wp-json\/wp\/v2\/pages\/172"}],"wp:attachment":[{"href":"https:\/\/www.raimaberfluidtech.com\/industrial\/wp-json\/wp\/v2\/media?parent=188"}],"curies":[{"name":"wp","href":"https:\/\/api.w.org\/{rel}","templated":true}]}}