{"id":18304,"date":"2025-09-22T08:58:52","date_gmt":"2025-09-22T08:58:52","guid":{"rendered":"https:\/\/www.raimaberfluidtech.com\/industrial\/?page_id=18304"},"modified":"2025-09-22T08:58:52","modified_gmt":"2025-09-22T08:58:52","slug":"solicitud-informacion-tecnica","status":"publish","type":"page","link":"https:\/\/www.raimaberfluidtech.com\/industrial\/solicitud-informacion-tecnica\/","title":{"rendered":"Solicitud informaci\u00f3n t\u00e9cnica"},"content":{"rendered":"<div class=\"wpb-content-wrapper\"><p>[vc_row][vc_column]<h4 class='heading-left  style-1' ><span>PONTE EN CONTACTO CON NOSOTROS<\/span><\/h4>[vc_column_text]<strong>Raimaber Fluid Tech:<\/strong> especialistas en bombas industriales y otros equipos de proceso de alta fiabilidad desde 1987. Ponte en contacto con los profesionales de <strong>Raimaber Fluid Tech<\/strong> mediante este formulario, por correo electr\u00f3nico o por tel\u00e9fono.<\/p>\n<p>Estaremos encantados de solucionar tus dudas lo m\u00e1s breve posible.<\/p>\n<p>&nbsp;<\/p>\n<p>[\/vc_column_text]\n<div class=\"wpcf7 no-js\" id=\"wpcf7-f7490-o1\" lang=\"es-ES\" dir=\"ltr\" data-wpcf7-id=\"7490\">\n<div class=\"screen-reader-response\"><p role=\"status\" aria-live=\"polite\" aria-atomic=\"true\"><\/p> <ul><\/ul><\/div>\n<form action=\"\/industrial\/wp-json\/wp\/v2\/pages\/18304#wpcf7-f7490-o1\" method=\"post\" class=\"wpcf7-form init\" aria-label=\"Formulario de contacto\" novalidate=\"novalidate\" data-status=\"init\">\n<fieldset class=\"hidden-fields-container\"><input type=\"hidden\" name=\"_wpcf7\" value=\"7490\" \/><input type=\"hidden\" name=\"_wpcf7_version\" value=\"6.1.5\" \/><input type=\"hidden\" name=\"_wpcf7_locale\" value=\"es_ES\" \/><input type=\"hidden\" name=\"_wpcf7_unit_tag\" value=\"wpcf7-f7490-o1\" \/><input type=\"hidden\" name=\"_wpcf7_container_post\" value=\"0\" \/><input type=\"hidden\" name=\"_wpcf7_posted_data_hash\" value=\"\" \/>\n<\/fieldset>\n<div class=\"col-sm-4 noleftpadding\">\n\t<p>Nombre de la empresa<span class=\"red_text\">*<\/span>\n\t<\/p>\n\t<p><span class=\"wpcf7-form-control-wrap\" data-name=\"empresa\"><input size=\"40\" maxlength=\"400\" class=\"wpcf7-form-control wpcf7-text wpcf7-validates-as-required\" aria-required=\"true\" aria-invalid=\"false\" value=\"\" type=\"text\" name=\"empresa\" \/><\/span>\n\t<\/p>\n<\/div>\n<div class=\"col-sm-4\">\n\t<p>Persona de contacto<span class=\"red_text\">*<\/span>\n\t<\/p>\n\t<p><span class=\"wpcf7-form-control-wrap\" data-name=\"nombre\"><input size=\"40\" maxlength=\"400\" class=\"wpcf7-form-control wpcf7-text wpcf7-validates-as-required\" aria-required=\"true\" aria-invalid=\"false\" value=\"\" type=\"text\" name=\"nombre\" \/><\/span>\n\t<\/p>\n<\/div>\n<div class=\"col-sm-4 norightpadding\">\n\t<p>Cargo<span class=\"red_text\">*<\/span>\n\t<\/p>\n\t<p><span class=\"wpcf7-form-control-wrap\" data-name=\"cargo\"><input size=\"40\" maxlength=\"400\" class=\"wpcf7-form-control wpcf7-text wpcf7-validates-as-required\" aria-required=\"true\" aria-invalid=\"false\" value=\"\" type=\"text\" name=\"cargo\" \/><\/span>\n\t<\/p>\n<\/div>\n<div class=\"col-sm-4 noleftpadding\">\n\t<p>E-mail<span class=\"red_text\">*<\/span>\n\t<\/p>\n\t<p><span class=\"wpcf7-form-control-wrap\" data-name=\"email\"><input size=\"40\" maxlength=\"400\" class=\"wpcf7-form-control wpcf7-email wpcf7-validates-as-required wpcf7-text wpcf7-validates-as-email\" aria-required=\"true\" aria-invalid=\"false\" value=\"\" type=\"email\" name=\"email\" \/><\/span>\n\t<\/p>\n<\/div>\n<div class=\"col-sm-4\">\n\t<p>Tel\u00e9fono<span class=\"red_text\">*<\/span>\n\t<\/p>\n\t<p><span class=\"wpcf7-form-control-wrap\" data-name=\"telefono\"><input size=\"40\" maxlength=\"400\" class=\"wpcf7-form-control wpcf7-text wpcf7-validates-as-required\" aria-required=\"true\" aria-invalid=\"false\" value=\"\" type=\"text\" name=\"telefono\" \/><\/span>\n\t<\/p>\n<\/div>\n<div class=\"col-sm-12 noleftpadding\">\n\t<p>Intereses<span class=\"red_text\">*<\/span>\n\t<\/p>\n\t<p><span class=\"wpcf7-form-control-wrap\" data-name=\"contact-selector\"><span class=\"wpcf7-form-control wpcf7-checkbox wpcf7-validates-as-required\"><span class=\"wpcf7-list-item first\"><input type=\"checkbox\" name=\"contact-selector[]\" value=\"bomba tipo pist\u00f3n rotativo o bomba tipo tri-lobular\" \/><span class=\"wpcf7-list-item-label\">bomba tipo pist\u00f3n rotativo o bomba tipo tri-lobular<\/span><\/span><span class=\"wpcf7-list-item\"><input type=\"checkbox\" name=\"contact-selector[]\" value=\"bomba tipo de engranajes\" \/><span class=\"wpcf7-list-item-label\">bomba tipo de engranajes<\/span><\/span><span class=\"wpcf7-list-item\"><input type=\"checkbox\" name=\"contact-selector[]\" value=\"bomba centr\u00edfuga\" \/><span class=\"wpcf7-list-item-label\">bomba centr\u00edfuga<\/span><\/span><span class=\"wpcf7-list-item\"><input type=\"checkbox\" name=\"contact-selector[]\" value=\"bomba perist\u00e1ltica\" \/><span class=\"wpcf7-list-item-label\">bomba perist\u00e1ltica<\/span><\/span><span class=\"wpcf7-list-item\"><input type=\"checkbox\" name=\"contact-selector[]\" value=\"bomba de doble membrana neum\u00e1tica\" \/><span class=\"wpcf7-list-item-label\">bomba de doble membrana neum\u00e1tica<\/span><\/span><span class=\"wpcf7-list-item\"><input type=\"checkbox\" name=\"contact-selector[]\" value=\"bomba de doble membrana el\u00e9ctrica\" \/><span class=\"wpcf7-list-item-label\">bomba de doble membrana el\u00e9ctrica<\/span><\/span><span class=\"wpcf7-list-item\"><input type=\"checkbox\" name=\"contact-selector[]\" value=\"bomba perist\u00e1ltica\" \/><span class=\"wpcf7-list-item-label\">bomba perist\u00e1ltica<\/span><\/span><span class=\"wpcf7-list-item\"><input type=\"checkbox\" name=\"contact-selector[]\" value=\"bomba para bidones\" \/><span class=\"wpcf7-list-item-label\">bomba para bidones<\/span><\/span><span class=\"wpcf7-list-item\"><input type=\"checkbox\" name=\"contact-selector[]\" value=\"bomba de doble husillo\" \/><span class=\"wpcf7-list-item-label\">bomba de doble husillo<\/span><\/span><span class=\"wpcf7-list-item\"><input type=\"checkbox\" name=\"contact-selector[]\" value=\"agitadores\" \/><span class=\"wpcf7-list-item-label\">agitadores<\/span><\/span><span class=\"wpcf7-list-item\"><input type=\"checkbox\" name=\"contact-selector[]\" value=\"mezcladores de polvo\" \/><span class=\"wpcf7-list-item-label\">mezcladores de polvo<\/span><\/span><span class=\"wpcf7-list-item last\"><input type=\"checkbox\" name=\"contact-selector[]\" value=\"homogenizadores en l\u00ednea\" \/><span class=\"wpcf7-list-item-label\">homogenizadores en l\u00ednea<\/span><\/span><\/span><\/span>\n\t<\/p>\n<\/div>\n<div class=\"col-sm-12 noleftpadding\">\n\t<p>Descripci\u00f3n del proceso y caudales\n\t<\/p>\n\t<p><span class=\"wpcf7-form-control-wrap\" data-name=\"comentarios\"><textarea cols=\"40\" rows=\"10\" maxlength=\"2000\" class=\"wpcf7-form-control wpcf7-textarea\" aria-invalid=\"false\" name=\"comentarios\"><\/textarea><\/span>\n\t<\/p>\n<\/div>\n<div class=\"col-sm-4 norightpadding\">\n\t<p><span class=\"wpcf7-form-control-wrap\" data-name=\"aceptar\"><span class=\"wpcf7-form-control wpcf7-acceptance\"><span class=\"wpcf7-list-item\"><input type=\"checkbox\" name=\"aceptar\" value=\"1\" aria-invalid=\"false\" \/><\/span><\/span><\/span> Acepto las <a href=\"http:\/\/www.raimaberfluidtech.com\/industrial\/aviso-legal\" rel=\"nofollow\" target=\"_blank\">condiciones<\/a>\n\t<\/p>\n\t<p><span class=\"red_text\">*Campos requeridos<\/span>\n\t<\/p>\n<\/div>\n<div class=\"col-sm-4 \">\n<\/div>\n<div class=\"col-sm-4 noleftpadding\">\n\t<p><input class=\"wpcf7-form-control wpcf7-submit has-spinner\" type=\"submit\" value=\"Enviar\" \/>\n\t<\/p>\n<\/div><input type='hidden' class='wpcf7-pum' value='{\"closepopup\":false,\"closedelay\":0,\"openpopup\":false,\"openpopup_id\":0}' \/><div class=\"wpcf7-response-output\" aria-hidden=\"true\"><\/div>\n<\/form>\n<\/div>\n[\/vc_column][\/vc_row]<\/p>\n<\/div>","protected":false},"excerpt":{"rendered":"<p>[vc_row][vc_column][vc_column_text]Raimaber Fluid Tech: especialistas en bombas industriales y otros equipos de proceso de alta fiabilidad desde 1987. Ponte en contacto con los profesionales de Raimaber Fluid Tech mediante este formulario, por correo electr\u00f3nico o por tel\u00e9fono. Estaremos encantados de solucionar&#8230;<\/p>\n","protected":false},"author":1,"featured_media":0,"parent":0,"menu_order":0,"comment_status":"closed","ping_status":"closed","template":"","meta":{"footnotes":""},"class_list":["post-18304","page","type-page","status-publish","hentry"],"yoast_head":"<!-- This site is optimized with the Yoast SEO plugin v24.3 - https:\/\/yoast.com\/wordpress\/plugins\/seo\/ -->\n<title>: Solicitud informaci\u00f3n t\u00e9cnica - Raimaber Fluid Tech [Industrial]<\/title>\n<meta name=\"description\" content=\"Secci\u00f3n de : Solicitud informaci\u00f3n t\u00e9cnica en Raimaber Fluid Tech [Industrial]. Contacte y le informamos.\" \/>\n<meta name=\"robots\" content=\"index, follow, max-snippet:-1, max-image-preview:large, max-video-preview:-1\" \/>\n<link rel=\"canonical\" href=\"https:\/\/www.raimaberfluidtech.com\/industrial\/solicitud-informacion-tecnica\/\" \/>\n<meta property=\"og:locale\" content=\"es_ES\" \/>\n<meta property=\"og:type\" content=\"article\" \/>\n<meta property=\"og:title\" content=\": Solicitud informaci\u00f3n t\u00e9cnica - Raimaber Fluid Tech [Industrial]\" \/>\n<meta property=\"og:description\" content=\"Secci\u00f3n de : Solicitud informaci\u00f3n t\u00e9cnica en Raimaber Fluid Tech [Industrial]. Contacte y le informamos.\" \/>\n<meta property=\"og:url\" content=\"https:\/\/www.raimaberfluidtech.com\/industrial\/solicitud-informacion-tecnica\/\" \/>\n<meta property=\"og:site_name\" content=\"Raimaber Fluid Tech [Industrial]\" \/>\n<script type=\"application\/ld+json\" class=\"yoast-schema-graph\">{\"@context\":\"https:\/\/schema.org\",\"@graph\":[{\"@type\":\"WebPage\",\"@id\":\"https:\/\/www.raimaberfluidtech.com\/industrial\/solicitud-informacion-tecnica\/\",\"url\":\"https:\/\/www.raimaberfluidtech.com\/industrial\/solicitud-informacion-tecnica\/\",\"name\":\": Solicitud informaci\u00f3n t\u00e9cnica - Raimaber Fluid Tech [Industrial]\",\"isPartOf\":{\"@id\":\"https:\/\/www.raimaberfluidtech.com\/industrial\/#website\"},\"datePublished\":\"2025-09-22T08:58:52+00:00\",\"dateModified\":\"2025-09-22T08:58:52+00:00\",\"description\":\"Secci\u00f3n de : Solicitud informaci\u00f3n t\u00e9cnica en Raimaber Fluid Tech [Industrial]. Contacte y le informamos.\",\"breadcrumb\":{\"@id\":\"https:\/\/www.raimaberfluidtech.com\/industrial\/solicitud-informacion-tecnica\/#breadcrumb\"},\"inLanguage\":\"es\",\"potentialAction\":[{\"@type\":\"ReadAction\",\"target\":[\"https:\/\/www.raimaberfluidtech.com\/industrial\/solicitud-informacion-tecnica\/\"]}]},{\"@type\":\"BreadcrumbList\",\"@id\":\"https:\/\/www.raimaberfluidtech.com\/industrial\/solicitud-informacion-tecnica\/#breadcrumb\",\"itemListElement\":[{\"@type\":\"ListItem\",\"position\":1,\"name\":\"Home\",\"item\":\"https:\/\/www.raimaberfluidtech.com\/industrial\/\"},{\"@type\":\"ListItem\",\"position\":2,\"name\":\"Solicitud informaci\u00f3n t\u00e9cnica\"}]},{\"@type\":\"WebSite\",\"@id\":\"https:\/\/www.raimaberfluidtech.com\/industrial\/#website\",\"url\":\"https:\/\/www.raimaberfluidtech.com\/industrial\/\",\"name\":\"Raimaber Fluid Tech [Industrial]\",\"description\":\"Bombas industriales\",\"publisher\":{\"@id\":\"https:\/\/www.raimaberfluidtech.com\/industrial\/#organization\"},\"potentialAction\":[{\"@type\":\"SearchAction\",\"target\":{\"@type\":\"EntryPoint\",\"urlTemplate\":\"https:\/\/www.raimaberfluidtech.com\/industrial\/?s={search_term_string}\"},\"query-input\":{\"@type\":\"PropertyValueSpecification\",\"valueRequired\":true,\"valueName\":\"search_term_string\"}}],\"inLanguage\":\"es\"},{\"@type\":\"Organization\",\"@id\":\"https:\/\/www.raimaberfluidtech.com\/industrial\/#organization\",\"name\":\"Raimaber Fluid Tech [Industrial]\",\"url\":\"https:\/\/www.raimaberfluidtech.com\/industrial\/\",\"logo\":{\"@type\":\"ImageObject\",\"inLanguage\":\"es\",\"@id\":\"https:\/\/www.raimaberfluidtech.com\/industrial\/#\/schema\/logo\/image\/\",\"url\":\"https:\/\/www.raimaberfluidtech.com\/industrial\/wp-content\/blogs.dir\/4\/files\/2012\/11\/raimaber.gif\",\"contentUrl\":\"https:\/\/www.raimaberfluidtech.com\/industrial\/wp-content\/blogs.dir\/4\/files\/2012\/11\/raimaber.gif\",\"width\":\"705\",\"height\":\"438\",\"caption\":\"Raimaber Fluid Tech [Industrial]\"},\"image\":{\"@id\":\"https:\/\/www.raimaberfluidtech.com\/industrial\/#\/schema\/logo\/image\/\"}}]}<\/script>\n<!-- \/ Yoast SEO plugin. -->","yoast_head_json":{"title":": Solicitud informaci\u00f3n t\u00e9cnica - Raimaber Fluid Tech [Industrial]","description":"Secci\u00f3n de : Solicitud informaci\u00f3n t\u00e9cnica en Raimaber Fluid Tech [Industrial]. Contacte y le informamos.","robots":{"index":"index","follow":"follow","max-snippet":"max-snippet:-1","max-image-preview":"max-image-preview:large","max-video-preview":"max-video-preview:-1"},"canonical":"https:\/\/www.raimaberfluidtech.com\/industrial\/solicitud-informacion-tecnica\/","og_locale":"es_ES","og_type":"article","og_title":": Solicitud informaci\u00f3n t\u00e9cnica - Raimaber Fluid Tech [Industrial]","og_description":"Secci\u00f3n de : Solicitud informaci\u00f3n t\u00e9cnica en Raimaber Fluid Tech [Industrial]. Contacte y le informamos.","og_url":"https:\/\/www.raimaberfluidtech.com\/industrial\/solicitud-informacion-tecnica\/","og_site_name":"Raimaber Fluid Tech [Industrial]","schema":{"@context":"https:\/\/schema.org","@graph":[{"@type":"WebPage","@id":"https:\/\/www.raimaberfluidtech.com\/industrial\/solicitud-informacion-tecnica\/","url":"https:\/\/www.raimaberfluidtech.com\/industrial\/solicitud-informacion-tecnica\/","name":": Solicitud informaci\u00f3n t\u00e9cnica - Raimaber Fluid Tech [Industrial]","isPartOf":{"@id":"https:\/\/www.raimaberfluidtech.com\/industrial\/#website"},"datePublished":"2025-09-22T08:58:52+00:00","dateModified":"2025-09-22T08:58:52+00:00","description":"Secci\u00f3n de : Solicitud informaci\u00f3n t\u00e9cnica en Raimaber Fluid Tech [Industrial]. Contacte y le informamos.","breadcrumb":{"@id":"https:\/\/www.raimaberfluidtech.com\/industrial\/solicitud-informacion-tecnica\/#breadcrumb"},"inLanguage":"es","potentialAction":[{"@type":"ReadAction","target":["https:\/\/www.raimaberfluidtech.com\/industrial\/solicitud-informacion-tecnica\/"]}]},{"@type":"BreadcrumbList","@id":"https:\/\/www.raimaberfluidtech.com\/industrial\/solicitud-informacion-tecnica\/#breadcrumb","itemListElement":[{"@type":"ListItem","position":1,"name":"Home","item":"https:\/\/www.raimaberfluidtech.com\/industrial\/"},{"@type":"ListItem","position":2,"name":"Solicitud informaci\u00f3n t\u00e9cnica"}]},{"@type":"WebSite","@id":"https:\/\/www.raimaberfluidtech.com\/industrial\/#website","url":"https:\/\/www.raimaberfluidtech.com\/industrial\/","name":"Raimaber Fluid Tech [Industrial]","description":"Bombas industriales","publisher":{"@id":"https:\/\/www.raimaberfluidtech.com\/industrial\/#organization"},"potentialAction":[{"@type":"SearchAction","target":{"@type":"EntryPoint","urlTemplate":"https:\/\/www.raimaberfluidtech.com\/industrial\/?s={search_term_string}"},"query-input":{"@type":"PropertyValueSpecification","valueRequired":true,"valueName":"search_term_string"}}],"inLanguage":"es"},{"@type":"Organization","@id":"https:\/\/www.raimaberfluidtech.com\/industrial\/#organization","name":"Raimaber Fluid Tech [Industrial]","url":"https:\/\/www.raimaberfluidtech.com\/industrial\/","logo":{"@type":"ImageObject","inLanguage":"es","@id":"https:\/\/www.raimaberfluidtech.com\/industrial\/#\/schema\/logo\/image\/","url":"https:\/\/www.raimaberfluidtech.com\/industrial\/wp-content\/blogs.dir\/4\/files\/2012\/11\/raimaber.gif","contentUrl":"https:\/\/www.raimaberfluidtech.com\/industrial\/wp-content\/blogs.dir\/4\/files\/2012\/11\/raimaber.gif","width":"705","height":"438","caption":"Raimaber Fluid Tech [Industrial]"},"image":{"@id":"https:\/\/www.raimaberfluidtech.com\/industrial\/#\/schema\/logo\/image\/"}}]}},"_links":{"self":[{"href":"https:\/\/www.raimaberfluidtech.com\/industrial\/wp-json\/wp\/v2\/pages\/18304","targetHints":{"allow":["GET"]}}],"collection":[{"href":"https:\/\/www.raimaberfluidtech.com\/industrial\/wp-json\/wp\/v2\/pages"}],"about":[{"href":"https:\/\/www.raimaberfluidtech.com\/industrial\/wp-json\/wp\/v2\/types\/page"}],"author":[{"embeddable":true,"href":"https:\/\/www.raimaberfluidtech.com\/industrial\/wp-json\/wp\/v2\/users\/1"}],"replies":[{"embeddable":true,"href":"https:\/\/www.raimaberfluidtech.com\/industrial\/wp-json\/wp\/v2\/comments?post=18304"}],"version-history":[{"count":1,"href":"https:\/\/www.raimaberfluidtech.com\/industrial\/wp-json\/wp\/v2\/pages\/18304\/revisions"}],"predecessor-version":[{"id":18305,"href":"https:\/\/www.raimaberfluidtech.com\/industrial\/wp-json\/wp\/v2\/pages\/18304\/revisions\/18305"}],"wp:attachment":[{"href":"https:\/\/www.raimaberfluidtech.com\/industrial\/wp-json\/wp\/v2\/media?parent=18304"}],"curies":[{"name":"wp","href":"https:\/\/api.w.org\/{rel}","templated":true}]}}