{"id":106,"date":"2012-11-21T15:54:30","date_gmt":"2012-11-21T15:54:30","guid":{"rendered":"http:\/\/www.raimaberfluidtech.com\/industrial\/?page_id=106"},"modified":"2023-07-17T14:50:18","modified_gmt":"2023-07-17T14:50:18","slug":"catalogos-distribucion-bombas-industriales","status":"publish","type":"page","link":"https:\/\/www.raimaberfluidtech.com\/industrial\/catalogos-distribucion-bombas-industriales\/","title":{"rendered":"Archivos descargables"},"content":{"rendered":"<p>Descarga en esta secci\u00f3n de <a title=\"Raimaber\" href=\"https:\/\/www.raimaberfluidtech.com\/industrial\/\" target=\"_blank\" rel=\"noopener noreferrer\">Raimaber<\/a> los <strong>cat\u00e1logos y curvas<\/strong> de bombas industriales, mezcladoras industriales y otros equipos de proceso de alta fiabilidad\u00a0de diversas marcas que distribuimos:<\/p>\n<ul>\n<li><a title=\"Cat\u00e1logos Vaughan\" href=\"https:\/\/www.raimaberfluidtech.com\/industrial\/catalogos-distribucion-bombas-industriales\/bombas-industriales-vaughan\" target=\"_blank\" rel=\"noopener noreferrer\">Vaughan<\/a><\/li>\n<li><span style=\"line-height: 1.5;\"><a href=\"https:\/\/www.raimaberfluidtech.com\/industrial\/viking-hygienic\">Viking Hygienic<\/a><\/span><\/li>\n<li><a title=\"Cat\u00e1logos de Sawa\" href=\"https:\/\/www.raimaberfluidtech.com\/industrial\/catalogos-distribucion-bombas-industriales\/sawa-2\" target=\"_blank\" rel=\"noopener noreferrer\">Sawa<\/a><\/li>\n<li><a title=\"Cat\u00e1logos Terlet\" href=\"https:\/\/www.raimaberfluidtech.com\/industrial\/catalogos-distribucion-bombas-industriales\/terlet\" target=\"_blank\" rel=\"noopener noreferrer\">Terlet<\/a><\/li>\n<li><a title=\"Cat\u00e1logos de FTI- Finish Thompson Inc\" href=\"https:\/\/www.raimaberfluidtech.com\/industrial\/catalogos-distribucion-bombas-industriales\/fti-finish-thompson-inc-bombas-industriales-espana\" target=\"_blank\" rel=\"noopener noreferrer\">FTI &#8211; Finish Thompson<\/a><\/li>\n<li><a title=\"Cat\u00e1logos de Ytron\" href=\"https:\/\/www.raimaberfluidtech.com\/industrial\/catalogos-distribucion-bombas-industriales\/distribuidores-ytron\" target=\"_blank\" rel=\"noopener noreferrer\">Ytron<\/a><\/li>\n<li><a href=\"https:\/\/www.raimaberfluidtech.com\/industrial\/catalogos-distribucion-bombas-industriales\/valisi\/\">Valasi<\/a><\/li>\n<li><a title=\"Cat\u00e1logos de BBA\" href=\"https:\/\/www.raimaberfluidtech.com\/industrial\/catalogos-distribucion-bombas-industriales\/bombas-bba\" target=\"_blank\" rel=\"noopener noreferrer\">BBA<\/a><\/li>\n<\/ul>\n","protected":false},"excerpt":{"rendered":"<p>Descarga en esta secci\u00f3n de Raimaber los cat\u00e1logos y curvas de bombas industriales, mezcladoras industriales y otros equipos de proceso de alta fiabilidad\u00a0de diversas marcas que distribuimos: Vaughan Viking Hygienic Sawa Terlet FTI &#8211; Finish Thompson Ytron Valasi BBA<\/p>\n","protected":false},"author":1,"featured_media":0,"parent":0,"menu_order":3,"comment_status":"closed","ping_status":"closed","template":"","meta":{"footnotes":""},"class_list":["post-106","page","type-page","status-publish","hentry"],"yoast_head":"<!-- This site is optimized with the Yoast SEO plugin v24.3 - https:\/\/yoast.com\/wordpress\/plugins\/seo\/ -->\n<title>Cat\u00e1logos - Distribuci\u00f3n Bombas Industriales - Raimaber<\/title>\n<meta name=\"description\" content=\"Descargarte aqu\u00ed toda la informaci\u00f3n de nuestras bombas industriales de alta calidad. En Raimaber somos especialistas en distribuci\u00f3n bombas industriales.\" \/>\n<meta name=\"robots\" content=\"index, follow, max-snippet:-1, max-image-preview:large, max-video-preview:-1\" \/>\n<link rel=\"canonical\" href=\"https:\/\/www.raimaberfluidtech.com\/industrial\/catalogos-distribucion-bombas-industriales\/\" \/>\n<meta property=\"og:locale\" content=\"es_ES\" \/>\n<meta property=\"og:type\" content=\"article\" \/>\n<meta property=\"og:title\" content=\"Cat\u00e1logos - Distribuci\u00f3n Bombas Industriales - Raimaber\" \/>\n<meta property=\"og:description\" content=\"Descargarte aqu\u00ed toda la informaci\u00f3n de nuestras bombas industriales de alta calidad. En Raimaber somos especialistas en distribuci\u00f3n bombas industriales.\" \/>\n<meta property=\"og:url\" content=\"https:\/\/www.raimaberfluidtech.com\/industrial\/catalogos-distribucion-bombas-industriales\/\" \/>\n<meta property=\"og:site_name\" content=\"Raimaber Fluid Tech [Industrial]\" \/>\n<meta property=\"article:modified_time\" content=\"2023-07-17T14:50:18+00:00\" \/>\n<meta name=\"twitter:label1\" content=\"Tiempo de lectura\" \/>\n\t<meta name=\"twitter:data1\" content=\"1 minuto\" \/>\n<script type=\"application\/ld+json\" class=\"yoast-schema-graph\">{\"@context\":\"https:\/\/schema.org\",\"@graph\":[{\"@type\":\"WebPage\",\"@id\":\"https:\/\/www.raimaberfluidtech.com\/industrial\/catalogos-distribucion-bombas-industriales\/\",\"url\":\"https:\/\/www.raimaberfluidtech.com\/industrial\/catalogos-distribucion-bombas-industriales\/\",\"name\":\"Cat\u00e1logos - Distribuci\u00f3n Bombas Industriales - Raimaber\",\"isPartOf\":{\"@id\":\"https:\/\/www.raimaberfluidtech.com\/industrial\/#website\"},\"datePublished\":\"2012-11-21T15:54:30+00:00\",\"dateModified\":\"2023-07-17T14:50:18+00:00\",\"description\":\"Descargarte aqu\u00ed toda la informaci\u00f3n de nuestras bombas industriales de alta calidad. En Raimaber somos especialistas en distribuci\u00f3n bombas industriales.\",\"breadcrumb\":{\"@id\":\"https:\/\/www.raimaberfluidtech.com\/industrial\/catalogos-distribucion-bombas-industriales\/#breadcrumb\"},\"inLanguage\":\"es\",\"potentialAction\":[{\"@type\":\"ReadAction\",\"target\":[\"https:\/\/www.raimaberfluidtech.com\/industrial\/catalogos-distribucion-bombas-industriales\/\"]}]},{\"@type\":\"BreadcrumbList\",\"@id\":\"https:\/\/www.raimaberfluidtech.com\/industrial\/catalogos-distribucion-bombas-industriales\/#breadcrumb\",\"itemListElement\":[{\"@type\":\"ListItem\",\"position\":1,\"name\":\"Home\",\"item\":\"https:\/\/www.raimaberfluidtech.com\/industrial\/\"},{\"@type\":\"ListItem\",\"position\":2,\"name\":\"Archivos descargables\"}]},{\"@type\":\"WebSite\",\"@id\":\"https:\/\/www.raimaberfluidtech.com\/industrial\/#website\",\"url\":\"https:\/\/www.raimaberfluidtech.com\/industrial\/\",\"name\":\"Raimaber Fluid Tech [Industrial]\",\"description\":\"Bombas industriales\",\"publisher\":{\"@id\":\"https:\/\/www.raimaberfluidtech.com\/industrial\/#organization\"},\"potentialAction\":[{\"@type\":\"SearchAction\",\"target\":{\"@type\":\"EntryPoint\",\"urlTemplate\":\"https:\/\/www.raimaberfluidtech.com\/industrial\/?s={search_term_string}\"},\"query-input\":{\"@type\":\"PropertyValueSpecification\",\"valueRequired\":true,\"valueName\":\"search_term_string\"}}],\"inLanguage\":\"es\"},{\"@type\":\"Organization\",\"@id\":\"https:\/\/www.raimaberfluidtech.com\/industrial\/#organization\",\"name\":\"Raimaber Fluid Tech [Industrial]\",\"url\":\"https:\/\/www.raimaberfluidtech.com\/industrial\/\",\"logo\":{\"@type\":\"ImageObject\",\"inLanguage\":\"es\",\"@id\":\"https:\/\/www.raimaberfluidtech.com\/industrial\/#\/schema\/logo\/image\/\",\"url\":\"https:\/\/www.raimaberfluidtech.com\/industrial\/wp-content\/blogs.dir\/4\/files\/2012\/11\/raimaber.gif\",\"contentUrl\":\"https:\/\/www.raimaberfluidtech.com\/industrial\/wp-content\/blogs.dir\/4\/files\/2012\/11\/raimaber.gif\",\"width\":\"705\",\"height\":\"438\",\"caption\":\"Raimaber Fluid Tech [Industrial]\"},\"image\":{\"@id\":\"https:\/\/www.raimaberfluidtech.com\/industrial\/#\/schema\/logo\/image\/\"}}]}<\/script>\n<!-- \/ Yoast SEO plugin. -->","yoast_head_json":{"title":"Cat\u00e1logos - Distribuci\u00f3n Bombas Industriales - Raimaber","description":"Descargarte aqu\u00ed toda la informaci\u00f3n de nuestras bombas industriales de alta calidad. En Raimaber somos especialistas en distribuci\u00f3n bombas industriales.","robots":{"index":"index","follow":"follow","max-snippet":"max-snippet:-1","max-image-preview":"max-image-preview:large","max-video-preview":"max-video-preview:-1"},"canonical":"https:\/\/www.raimaberfluidtech.com\/industrial\/catalogos-distribucion-bombas-industriales\/","og_locale":"es_ES","og_type":"article","og_title":"Cat\u00e1logos - Distribuci\u00f3n Bombas Industriales - Raimaber","og_description":"Descargarte aqu\u00ed toda la informaci\u00f3n de nuestras bombas industriales de alta calidad. En Raimaber somos especialistas en distribuci\u00f3n bombas industriales.","og_url":"https:\/\/www.raimaberfluidtech.com\/industrial\/catalogos-distribucion-bombas-industriales\/","og_site_name":"Raimaber Fluid Tech [Industrial]","article_modified_time":"2023-07-17T14:50:18+00:00","twitter_misc":{"Tiempo de lectura":"1 minuto"},"schema":{"@context":"https:\/\/schema.org","@graph":[{"@type":"WebPage","@id":"https:\/\/www.raimaberfluidtech.com\/industrial\/catalogos-distribucion-bombas-industriales\/","url":"https:\/\/www.raimaberfluidtech.com\/industrial\/catalogos-distribucion-bombas-industriales\/","name":"Cat\u00e1logos - Distribuci\u00f3n Bombas Industriales - Raimaber","isPartOf":{"@id":"https:\/\/www.raimaberfluidtech.com\/industrial\/#website"},"datePublished":"2012-11-21T15:54:30+00:00","dateModified":"2023-07-17T14:50:18+00:00","description":"Descargarte aqu\u00ed toda la informaci\u00f3n de nuestras bombas industriales de alta calidad. En Raimaber somos especialistas en distribuci\u00f3n bombas industriales.","breadcrumb":{"@id":"https:\/\/www.raimaberfluidtech.com\/industrial\/catalogos-distribucion-bombas-industriales\/#breadcrumb"},"inLanguage":"es","potentialAction":[{"@type":"ReadAction","target":["https:\/\/www.raimaberfluidtech.com\/industrial\/catalogos-distribucion-bombas-industriales\/"]}]},{"@type":"BreadcrumbList","@id":"https:\/\/www.raimaberfluidtech.com\/industrial\/catalogos-distribucion-bombas-industriales\/#breadcrumb","itemListElement":[{"@type":"ListItem","position":1,"name":"Home","item":"https:\/\/www.raimaberfluidtech.com\/industrial\/"},{"@type":"ListItem","position":2,"name":"Archivos descargables"}]},{"@type":"WebSite","@id":"https:\/\/www.raimaberfluidtech.com\/industrial\/#website","url":"https:\/\/www.raimaberfluidtech.com\/industrial\/","name":"Raimaber Fluid Tech [Industrial]","description":"Bombas industriales","publisher":{"@id":"https:\/\/www.raimaberfluidtech.com\/industrial\/#organization"},"potentialAction":[{"@type":"SearchAction","target":{"@type":"EntryPoint","urlTemplate":"https:\/\/www.raimaberfluidtech.com\/industrial\/?s={search_term_string}"},"query-input":{"@type":"PropertyValueSpecification","valueRequired":true,"valueName":"search_term_string"}}],"inLanguage":"es"},{"@type":"Organization","@id":"https:\/\/www.raimaberfluidtech.com\/industrial\/#organization","name":"Raimaber Fluid Tech [Industrial]","url":"https:\/\/www.raimaberfluidtech.com\/industrial\/","logo":{"@type":"ImageObject","inLanguage":"es","@id":"https:\/\/www.raimaberfluidtech.com\/industrial\/#\/schema\/logo\/image\/","url":"https:\/\/www.raimaberfluidtech.com\/industrial\/wp-content\/blogs.dir\/4\/files\/2012\/11\/raimaber.gif","contentUrl":"https:\/\/www.raimaberfluidtech.com\/industrial\/wp-content\/blogs.dir\/4\/files\/2012\/11\/raimaber.gif","width":"705","height":"438","caption":"Raimaber Fluid Tech [Industrial]"},"image":{"@id":"https:\/\/www.raimaberfluidtech.com\/industrial\/#\/schema\/logo\/image\/"}}]}},"_links":{"self":[{"href":"https:\/\/www.raimaberfluidtech.com\/industrial\/wp-json\/wp\/v2\/pages\/106","targetHints":{"allow":["GET"]}}],"collection":[{"href":"https:\/\/www.raimaberfluidtech.com\/industrial\/wp-json\/wp\/v2\/pages"}],"about":[{"href":"https:\/\/www.raimaberfluidtech.com\/industrial\/wp-json\/wp\/v2\/types\/page"}],"author":[{"embeddable":true,"href":"https:\/\/www.raimaberfluidtech.com\/industrial\/wp-json\/wp\/v2\/users\/1"}],"replies":[{"embeddable":true,"href":"https:\/\/www.raimaberfluidtech.com\/industrial\/wp-json\/wp\/v2\/comments?post=106"}],"version-history":[{"count":33,"href":"https:\/\/www.raimaberfluidtech.com\/industrial\/wp-json\/wp\/v2\/pages\/106\/revisions"}],"predecessor-version":[{"id":7966,"href":"https:\/\/www.raimaberfluidtech.com\/industrial\/wp-json\/wp\/v2\/pages\/106\/revisions\/7966"}],"wp:attachment":[{"href":"https:\/\/www.raimaberfluidtech.com\/industrial\/wp-json\/wp\/v2\/media?parent=106"}],"curies":[{"name":"wp","href":"https:\/\/api.w.org\/{rel}","templated":true}]}}