{"id":18306,"date":"2025-09-22T08:58:52","date_gmt":"2025-09-22T08:58:52","guid":{"rendered":"https:\/\/www.raimaberfluidtech.com\/industrial\/sollicitud-informacio-tecnica-2\/"},"modified":"2025-10-20T07:25:55","modified_gmt":"2025-10-20T07:25:55","slug":"sollicitud-informacio-tecnica-2","status":"publish","type":"page","link":"https:\/\/www.raimaberfluidtech.com\/industrial\/ca\/sollicitud-informacio-tecnica\/","title":{"rendered":"Sol\u00b7licitud informaci\u00f3 t\u00e8cnica"},"content":{"rendered":"<div class=\"wpb-content-wrapper\"><p>[vc_row][vc_column]<h4 class='heading-left  style-1' ><span>POSA&#8217;T EN CONTACTE AMB NOSALTRES<\/span><\/h4>[vc_column_text]<strong>Raimaber Fluid Tech:<\/strong> especialistes en bombes industrials i altres equips de proc\u00e9s d&#8217;alta fiabilitat des del 1987. Posa&#8217;t en contacte amb els professionals de <strong>Raimaber Fluid Tech<\/strong> mitjan\u00e7ant aquest formulari, per correu electr\u00f2nic o per tel\u00e8fon. <\/p>\n<p>Estarem encantats de solucionar els teus dubtes el m\u00e9s breu possible.<\/p>\n<p>&nbsp;<\/p>\n<p>[\/vc_column_text]\n<div class=\"wpcf7 no-js\" id=\"wpcf7-f15752-o1\" lang=\"ca\" dir=\"ltr\" data-wpcf7-id=\"15752\">\n<div class=\"screen-reader-response\"><p role=\"status\" aria-live=\"polite\" aria-atomic=\"true\"><\/p> <ul><\/ul><\/div>\n<form action=\"\/industrial\/ca\/wp-json\/wp\/v2\/pages\/18306#wpcf7-f15752-o1\" method=\"post\" class=\"wpcf7-form init\" aria-label=\"Formulari de contacte\" novalidate=\"novalidate\" data-status=\"init\">\n<fieldset class=\"hidden-fields-container\"><input type=\"hidden\" name=\"_wpcf7\" value=\"15752\" \/><input type=\"hidden\" name=\"_wpcf7_version\" value=\"6.1.5\" \/><input type=\"hidden\" name=\"_wpcf7_locale\" value=\"ca\" \/><input type=\"hidden\" name=\"_wpcf7_unit_tag\" value=\"wpcf7-f15752-o1\" \/><input type=\"hidden\" name=\"_wpcf7_container_post\" value=\"0\" \/><input type=\"hidden\" name=\"_wpcf7_posted_data_hash\" value=\"\" \/>\n<\/fieldset>\n<div class=\"col-sm-4 noleftpadding\">\n\t<p>Nom de l'empresa <span class=\"red_text\">*<\/span><br \/>\n<span class=\"wpcf7-form-control-wrap\" data-name=\"empresa\"><input size=\"40\" maxlength=\"400\" class=\"wpcf7-form-control wpcf7-text wpcf7-validates-as-required\" aria-required=\"true\" aria-invalid=\"false\" value=\"\" type=\"text\" name=\"empresa\" \/><\/span>\n\t<\/p>\n<\/div>\n<div class=\"col-sm-4\">\n\t<p>Persona de contacte <span class=\"red_text\">*<\/span><br \/>\n<span class=\"wpcf7-form-control-wrap\" data-name=\"nombre\"><input size=\"40\" maxlength=\"400\" class=\"wpcf7-form-control wpcf7-text wpcf7-validates-as-required\" aria-required=\"true\" aria-invalid=\"false\" value=\"\" type=\"text\" name=\"nombre\" \/><\/span>\n\t<\/p>\n<\/div>\n<div class=\"col-sm-4 norightpadding\">\n\t<p>C\u00e0rrec <span class=\"red_text\">*<\/span><br \/>\n<span class=\"wpcf7-form-control-wrap\" data-name=\"cargo\"><input size=\"40\" maxlength=\"400\" class=\"wpcf7-form-control wpcf7-text wpcf7-validates-as-required\" aria-required=\"true\" aria-invalid=\"false\" value=\"\" type=\"text\" name=\"cargo\" \/><\/span>\n\t<\/p>\n<\/div>\n<div class=\"col-sm-4 noleftpadding\">\n\t<p>E-mail <span class=\"red_text\">*<\/span><br \/>\n<span class=\"wpcf7-form-control-wrap\" data-name=\"email\"><input size=\"40\" maxlength=\"400\" class=\"wpcf7-form-control wpcf7-email wpcf7-validates-as-required wpcf7-text wpcf7-validates-as-email\" aria-required=\"true\" aria-invalid=\"false\" value=\"\" type=\"email\" name=\"email\" \/><\/span>\n\t<\/p>\n<\/div>\n<div class=\"col-sm-4\">\n\t<p>Tel\u00e8fon <span class=\"red_text\">*<\/span><br \/>\n<span class=\"wpcf7-form-control-wrap\" data-name=\"telefono\"><input size=\"40\" maxlength=\"400\" class=\"wpcf7-form-control wpcf7-text wpcf7-validates-as-required\" aria-required=\"true\" aria-invalid=\"false\" value=\"\" type=\"text\" name=\"telefono\" \/><\/span>\n\t<\/p>\n<\/div>\n<div class=\"col-sm-12 noleftpadding\">\n\t<p>Interessos <span class=\"red_text\">*<\/span><br \/>\n<span class=\"wpcf7-form-control-wrap\" data-name=\"contact-selector\"><span class=\"wpcf7-form-control wpcf7-checkbox wpcf7-validates-as-required\"><span class=\"wpcf7-list-item first\"><input type=\"checkbox\" name=\"contact-selector[]\" value=\"bomba tipus pist\u00f3 rotatiu o bomba tipus tri-lobular\" \/><span class=\"wpcf7-list-item-label\">bomba tipus pist\u00f3 rotatiu o bomba tipus tri-lobular<\/span><\/span><span class=\"wpcf7-list-item\"><input type=\"checkbox\" name=\"contact-selector[]\" value=\"bomba tipus d&#039;engranatges\" \/><span class=\"wpcf7-list-item-label\">bomba tipus d&#039;engranatges<\/span><\/span><span class=\"wpcf7-list-item\"><input type=\"checkbox\" name=\"contact-selector[]\" value=\"bomba centr\u00edfuga\" \/><span class=\"wpcf7-list-item-label\">bomba centr\u00edfuga<\/span><\/span><span class=\"wpcf7-list-item\"><input type=\"checkbox\" name=\"contact-selector[]\" value=\"bomba perist\u00e0ltica\" \/><span class=\"wpcf7-list-item-label\">bomba perist\u00e0ltica<\/span><\/span><span class=\"wpcf7-list-item\"><input type=\"checkbox\" name=\"contact-selector[]\" value=\"bomba de doble membrana pneum\u00e0tica\" \/><span class=\"wpcf7-list-item-label\">bomba de doble membrana pneum\u00e0tica<\/span><\/span><span class=\"wpcf7-list-item\"><input type=\"checkbox\" name=\"contact-selector[]\" value=\"bomba de doble membrana el\u00e8ctrica\" \/><span class=\"wpcf7-list-item-label\">bomba de doble membrana el\u00e8ctrica<\/span><\/span><span class=\"wpcf7-list-item\"><input type=\"checkbox\" name=\"contact-selector[]\" value=\"bomba perist\u00e0ltica\" \/><span class=\"wpcf7-list-item-label\">bomba perist\u00e0ltica<\/span><\/span><span class=\"wpcf7-list-item\"><input type=\"checkbox\" name=\"contact-selector[]\" value=\"bomba per a bidons\" \/><span class=\"wpcf7-list-item-label\">bomba per a bidons<\/span><\/span><span class=\"wpcf7-list-item\"><input type=\"checkbox\" name=\"contact-selector[]\" value=\"bomba de doble claveguera\" \/><span class=\"wpcf7-list-item-label\">bomba de doble claveguera<\/span><\/span><span class=\"wpcf7-list-item\"><input type=\"checkbox\" name=\"contact-selector[]\" value=\"agitadors\" \/><span class=\"wpcf7-list-item-label\">agitadors<\/span><\/span><span class=\"wpcf7-list-item\"><input type=\"checkbox\" name=\"contact-selector[]\" value=\"mescladors de pols\" \/><span class=\"wpcf7-list-item-label\">mescladors de pols<\/span><\/span><span class=\"wpcf7-list-item last\"><input type=\"checkbox\" name=\"contact-selector[]\" value=\"homogenitzadors en l\u00ednia\" \/><span class=\"wpcf7-list-item-label\">homogenitzadors en l\u00ednia<\/span><\/span><\/span><\/span>\n\t<\/p>\n<\/div>\n<div class=\"col-sm-12 noleftpadding\">\n\t<p>Descripci\u00f3 del proc\u00e9s i cabals\n\t<\/p>\n\t<p><span class=\"wpcf7-form-control-wrap\" data-name=\"comentarios\"><textarea cols=\"40\" rows=\"10\" maxlength=\"2000\" class=\"wpcf7-form-control wpcf7-textarea\" aria-invalid=\"false\" name=\"comentarios\"><\/textarea><\/span>\n\t<\/p>\n<\/div>\n<div class=\"col-sm-4 norightpadding\">\n\t<p><span class=\"wpcf7-form-control-wrap\" data-name=\"aceptar\"><span class=\"wpcf7-form-control wpcf7-acceptance\"><span class=\"wpcf7-list-item\"><input type=\"checkbox\" name=\"aceptar\" value=\"1\" aria-invalid=\"false\" \/><\/span><\/span><\/span> Accepto les <a href=\"http:\/\/www.raimaberfluidtech.com\/industrial\/aviso-legal\" rel=\"nofollow\" target=\"_blank\">condicions<\/a>\n\t<\/p>\n\t<p><span class=\"red_text\">*Camps requerits<\/span>\n\t<\/p>\n<\/div>\n<div class=\"col-sm-4 \">\n<\/div>\n<div class=\"col-sm-4 noleftpadding\">\n\t<p><input class=\"wpcf7-form-control wpcf7-submit has-spinner\" type=\"submit\" value=\"Enviar\" \/>\n\t<\/p>\n<\/div><input type='hidden' class='wpcf7-pum' value='{\"closepopup\":false,\"closedelay\":0,\"openpopup\":false,\"openpopup_id\":0}' \/><div class=\"wpcf7-response-output\" aria-hidden=\"true\"><\/div>\n<\/form>\n<\/div>\n[\/vc_column][\/vc_row]<\/p>\n<\/div>","protected":false},"excerpt":{"rendered":"<p>[vc_row][vc_column][vc_column_text]Raimaber Fluid Tech: especialistes en bombes industrials i altres equips de proc\u00e9s d&#8217;alta fiabilitat des del 1987. Posa&#8217;t en contacte amb els professionals de Raimaber Fluid Tech mitjan\u00e7ant aquest formulari, per correu electr\u00f2nic o per tel\u00e8fon. Estarem encantats de solucionar&#8230;<\/p>\n","protected":false},"author":1,"featured_media":0,"parent":0,"menu_order":0,"comment_status":"closed","ping_status":"closed","template":"","meta":{"footnotes":""},"class_list":["post-18306","page","type-page","status-publish","hentry"],"yoast_head":"<!-- This site is optimized with the Yoast SEO plugin v24.3 - https:\/\/yoast.com\/wordpress\/plugins\/seo\/ -->\n<title>: Sol\u00b7licitud informaci\u00f3 t\u00e8cnica - Raimaber Fluid Tech [Industrial]<\/title>\n<meta name=\"description\" content=\"Secci\u00f3n de : Sol\u00b7licitud informaci\u00f3 t\u00e8cnica en Raimaber Fluid Tech [Industrial]. Contacte y le informamos.\" \/>\n<meta name=\"robots\" content=\"index, follow, max-snippet:-1, max-image-preview:large, max-video-preview:-1\" \/>\n<link rel=\"canonical\" href=\"https:\/\/www.raimaberfluidtech.com\/industrial\/ca\/sollicitud-informacio-tecnica\/\" \/>\n<meta property=\"og:locale\" content=\"ca_ES\" \/>\n<meta property=\"og:type\" content=\"article\" \/>\n<meta property=\"og:title\" content=\": Sol\u00b7licitud informaci\u00f3 t\u00e8cnica - Raimaber Fluid Tech [Industrial]\" \/>\n<meta property=\"og:description\" content=\"Secci\u00f3n de : Sol\u00b7licitud informaci\u00f3 t\u00e8cnica en Raimaber Fluid Tech [Industrial]. Contacte y le informamos.\" \/>\n<meta property=\"og:url\" content=\"https:\/\/www.raimaberfluidtech.com\/industrial\/ca\/sollicitud-informacio-tecnica\/\" \/>\n<meta property=\"og:site_name\" content=\"Raimaber Fluid Tech [Industrial]\" \/>\n<meta property=\"article:modified_time\" content=\"2025-10-20T07:25:55+00:00\" \/>\n<meta name=\"twitter:label1\" content=\"Temps estimat de lectura\" \/>\n\t<meta name=\"twitter:data1\" content=\"1 minut\" \/>\n<script type=\"application\/ld+json\" class=\"yoast-schema-graph\">{\"@context\":\"https:\/\/schema.org\",\"@graph\":[{\"@type\":\"WebPage\",\"@id\":\"https:\/\/www.raimaberfluidtech.com\/industrial\/ca\/sollicitud-informacio-tecnica\/\",\"url\":\"https:\/\/www.raimaberfluidtech.com\/industrial\/ca\/sollicitud-informacio-tecnica\/\",\"name\":\": Sol\u00b7licitud informaci\u00f3 t\u00e8cnica - Raimaber Fluid Tech [Industrial]\",\"isPartOf\":{\"@id\":\"https:\/\/www.raimaberfluidtech.com\/industrial\/ca\/#website\"},\"datePublished\":\"2025-09-22T08:58:52+00:00\",\"dateModified\":\"2025-10-20T07:25:55+00:00\",\"description\":\"Secci\u00f3n de : Sol\u00b7licitud informaci\u00f3 t\u00e8cnica en Raimaber Fluid Tech [Industrial]. Contacte y le informamos.\",\"breadcrumb\":{\"@id\":\"https:\/\/www.raimaberfluidtech.com\/industrial\/ca\/sollicitud-informacio-tecnica\/#breadcrumb\"},\"inLanguage\":\"ca\",\"potentialAction\":[{\"@type\":\"ReadAction\",\"target\":[\"https:\/\/www.raimaberfluidtech.com\/industrial\/ca\/sollicitud-informacio-tecnica\/\"]}]},{\"@type\":\"BreadcrumbList\",\"@id\":\"https:\/\/www.raimaberfluidtech.com\/industrial\/ca\/sollicitud-informacio-tecnica\/#breadcrumb\",\"itemListElement\":[{\"@type\":\"ListItem\",\"position\":1,\"name\":\"Home\",\"item\":\"https:\/\/www.raimaberfluidtech.com\/industrial\/ca\/\"},{\"@type\":\"ListItem\",\"position\":2,\"name\":\"Sol\u00b7licitud informaci\u00f3 t\u00e8cnica\"}]},{\"@type\":\"WebSite\",\"@id\":\"https:\/\/www.raimaberfluidtech.com\/industrial\/ca\/#website\",\"url\":\"https:\/\/www.raimaberfluidtech.com\/industrial\/ca\/\",\"name\":\"Raimaber Fluid Tech [Industrial]\",\"description\":\"Bombas industriales\",\"publisher\":{\"@id\":\"https:\/\/www.raimaberfluidtech.com\/industrial\/ca\/#organization\"},\"potentialAction\":[{\"@type\":\"SearchAction\",\"target\":{\"@type\":\"EntryPoint\",\"urlTemplate\":\"https:\/\/www.raimaberfluidtech.com\/industrial\/ca\/?s={search_term_string}\"},\"query-input\":{\"@type\":\"PropertyValueSpecification\",\"valueRequired\":true,\"valueName\":\"search_term_string\"}}],\"inLanguage\":\"ca\"},{\"@type\":\"Organization\",\"@id\":\"https:\/\/www.raimaberfluidtech.com\/industrial\/ca\/#organization\",\"name\":\"Raimaber Fluid Tech [Industrial]\",\"url\":\"https:\/\/www.raimaberfluidtech.com\/industrial\/ca\/\",\"logo\":{\"@type\":\"ImageObject\",\"inLanguage\":\"ca\",\"@id\":\"https:\/\/www.raimaberfluidtech.com\/industrial\/ca\/#\/schema\/logo\/image\/\",\"url\":\"https:\/\/www.raimaberfluidtech.com\/industrial\/wp-content\/blogs.dir\/4\/files\/2012\/11\/raimaber.gif\",\"contentUrl\":\"https:\/\/www.raimaberfluidtech.com\/industrial\/wp-content\/blogs.dir\/4\/files\/2012\/11\/raimaber.gif\",\"width\":\"705\",\"height\":\"438\",\"caption\":\"Raimaber Fluid Tech [Industrial]\"},\"image\":{\"@id\":\"https:\/\/www.raimaberfluidtech.com\/industrial\/ca\/#\/schema\/logo\/image\/\"}}]}<\/script>\n<!-- \/ Yoast SEO plugin. -->","yoast_head_json":{"title":": Sol\u00b7licitud informaci\u00f3 t\u00e8cnica - Raimaber Fluid Tech [Industrial]","description":"Secci\u00f3n de : Sol\u00b7licitud informaci\u00f3 t\u00e8cnica en Raimaber Fluid Tech [Industrial]. Contacte y le informamos.","robots":{"index":"index","follow":"follow","max-snippet":"max-snippet:-1","max-image-preview":"max-image-preview:large","max-video-preview":"max-video-preview:-1"},"canonical":"https:\/\/www.raimaberfluidtech.com\/industrial\/ca\/sollicitud-informacio-tecnica\/","og_locale":"ca_ES","og_type":"article","og_title":": Sol\u00b7licitud informaci\u00f3 t\u00e8cnica - Raimaber Fluid Tech [Industrial]","og_description":"Secci\u00f3n de : Sol\u00b7licitud informaci\u00f3 t\u00e8cnica en Raimaber Fluid Tech [Industrial]. Contacte y le informamos.","og_url":"https:\/\/www.raimaberfluidtech.com\/industrial\/ca\/sollicitud-informacio-tecnica\/","og_site_name":"Raimaber Fluid Tech [Industrial]","article_modified_time":"2025-10-20T07:25:55+00:00","twitter_misc":{"Temps estimat de lectura":"1 minut"},"schema":{"@context":"https:\/\/schema.org","@graph":[{"@type":"WebPage","@id":"https:\/\/www.raimaberfluidtech.com\/industrial\/ca\/sollicitud-informacio-tecnica\/","url":"https:\/\/www.raimaberfluidtech.com\/industrial\/ca\/sollicitud-informacio-tecnica\/","name":": Sol\u00b7licitud informaci\u00f3 t\u00e8cnica - Raimaber Fluid Tech [Industrial]","isPartOf":{"@id":"https:\/\/www.raimaberfluidtech.com\/industrial\/ca\/#website"},"datePublished":"2025-09-22T08:58:52+00:00","dateModified":"2025-10-20T07:25:55+00:00","description":"Secci\u00f3n de : Sol\u00b7licitud informaci\u00f3 t\u00e8cnica en Raimaber Fluid Tech [Industrial]. Contacte y le informamos.","breadcrumb":{"@id":"https:\/\/www.raimaberfluidtech.com\/industrial\/ca\/sollicitud-informacio-tecnica\/#breadcrumb"},"inLanguage":"ca","potentialAction":[{"@type":"ReadAction","target":["https:\/\/www.raimaberfluidtech.com\/industrial\/ca\/sollicitud-informacio-tecnica\/"]}]},{"@type":"BreadcrumbList","@id":"https:\/\/www.raimaberfluidtech.com\/industrial\/ca\/sollicitud-informacio-tecnica\/#breadcrumb","itemListElement":[{"@type":"ListItem","position":1,"name":"Home","item":"https:\/\/www.raimaberfluidtech.com\/industrial\/ca\/"},{"@type":"ListItem","position":2,"name":"Sol\u00b7licitud informaci\u00f3 t\u00e8cnica"}]},{"@type":"WebSite","@id":"https:\/\/www.raimaberfluidtech.com\/industrial\/ca\/#website","url":"https:\/\/www.raimaberfluidtech.com\/industrial\/ca\/","name":"Raimaber Fluid Tech [Industrial]","description":"Bombas industriales","publisher":{"@id":"https:\/\/www.raimaberfluidtech.com\/industrial\/ca\/#organization"},"potentialAction":[{"@type":"SearchAction","target":{"@type":"EntryPoint","urlTemplate":"https:\/\/www.raimaberfluidtech.com\/industrial\/ca\/?s={search_term_string}"},"query-input":{"@type":"PropertyValueSpecification","valueRequired":true,"valueName":"search_term_string"}}],"inLanguage":"ca"},{"@type":"Organization","@id":"https:\/\/www.raimaberfluidtech.com\/industrial\/ca\/#organization","name":"Raimaber Fluid Tech [Industrial]","url":"https:\/\/www.raimaberfluidtech.com\/industrial\/ca\/","logo":{"@type":"ImageObject","inLanguage":"ca","@id":"https:\/\/www.raimaberfluidtech.com\/industrial\/ca\/#\/schema\/logo\/image\/","url":"https:\/\/www.raimaberfluidtech.com\/industrial\/wp-content\/blogs.dir\/4\/files\/2012\/11\/raimaber.gif","contentUrl":"https:\/\/www.raimaberfluidtech.com\/industrial\/wp-content\/blogs.dir\/4\/files\/2012\/11\/raimaber.gif","width":"705","height":"438","caption":"Raimaber Fluid Tech [Industrial]"},"image":{"@id":"https:\/\/www.raimaberfluidtech.com\/industrial\/ca\/#\/schema\/logo\/image\/"}}]}},"_links":{"self":[{"href":"https:\/\/www.raimaberfluidtech.com\/industrial\/ca\/wp-json\/wp\/v2\/pages\/18306","targetHints":{"allow":["GET"]}}],"collection":[{"href":"https:\/\/www.raimaberfluidtech.com\/industrial\/ca\/wp-json\/wp\/v2\/pages"}],"about":[{"href":"https:\/\/www.raimaberfluidtech.com\/industrial\/ca\/wp-json\/wp\/v2\/types\/page"}],"author":[{"embeddable":true,"href":"https:\/\/www.raimaberfluidtech.com\/industrial\/ca\/wp-json\/wp\/v2\/users\/1"}],"replies":[{"embeddable":true,"href":"https:\/\/www.raimaberfluidtech.com\/industrial\/ca\/wp-json\/wp\/v2\/comments?post=18306"}],"version-history":[{"count":3,"href":"https:\/\/www.raimaberfluidtech.com\/industrial\/ca\/wp-json\/wp\/v2\/pages\/18306\/revisions"}],"predecessor-version":[{"id":18318,"href":"https:\/\/www.raimaberfluidtech.com\/industrial\/ca\/wp-json\/wp\/v2\/pages\/18306\/revisions\/18318"}],"wp:attachment":[{"href":"https:\/\/www.raimaberfluidtech.com\/industrial\/ca\/wp-json\/wp\/v2\/media?parent=18306"}],"curies":[{"name":"wp","href":"https:\/\/api.w.org\/{rel}","templated":true}]}}