{"id":15250,"date":"2016-07-29T08:26:25","date_gmt":"2016-07-29T08:26:25","guid":{"rendered":"https:\/\/www.raimaberfluidtech.com\/industrial\/bombes-centrifugues-trituradores\/"},"modified":"2025-04-15T08:36:59","modified_gmt":"2025-04-15T08:36:59","slug":"bombes-centrifugues-trituradores","status":"publish","type":"page","link":"https:\/\/www.raimaberfluidtech.com\/industrial\/ca\/bombes\/bombes-industrials-centrifugues\/bombes-centrifugues-trituradores\/","title":{"rendered":"Bombes Centr\u00edfugues Trituradores"},"content":{"rendered":"<div class=\"wpb-content-wrapper\"><p>[vc_row][vc_column][vc_custom_heading text=&#8221;Bombes Centr\u00edfugues Trituradores&#8221; font_container=&#8221;tag:h2|font_size:18px|text_align:left|color:%23000000&#8243; use_theme_fonts=&#8221;yes&#8221;][vc_column_text]A <a href=\"http:\/\/www.raimaberfluidtech.com\/industrial\/\" target=\"_blank\" rel=\"noopener noreferrer\">Raimaber<\/a> podr\u00e0s trobar diferents <strong>bombes industrials trituradores<\/strong> segons les vostres necessitats. Les bombes trituradores han estat dissenyades amb materials d\u00b4alta qualitat i seguint les normatives de seguretat.<\/p>\n<h3><a href=\"http:\/\/www.raimaberfluidtech.com\/industrial\/liberty-pumps\/bomba-sumergible-trituradora-lsg-200-serie-omnivore-liberty-pumps\" target=\"_blank\" rel=\"noopener noreferrer\">LSG-200 s\u00e8rie OMNIVORE\u00ae<\/a><\/h3>\n<p>Les <strong>bombes submergibles trituradores LSG200<\/strong> s\u00f3n de la marca <a href=\"http:\/\/www.raimaberfluidtech.com\/industrial\/liberty-pumps\" target=\"_blank\" rel=\"noopener noreferrer\">Liberty Pumps<\/a> i de la s\u00e8rie Omnivore\u00ae. Estan fabricades especialment per utilitzar-les a centres comercials i residencials per a les aplicacions d&#8217;aig\u00fces residuals. Fabricaci\u00f3 exclusiva amb un disseny \u00fanic.<\/p>\n<h3><a href=\"http:\/\/www.raimaberfluidtech.com\/industrial\/vaughan\/bomba-autoaspirante-vaughan\" target=\"_blank\" rel=\"noopener noreferrer\">Bomba autoaspirant<\/a><\/h3>\n<p>El muntatge de <strong>bomba trituradora Autoaspirant<\/strong> \u00e9s exclusiu de <a href=\"http:\/\/www.raimaberfluidtech.com\/industrial\/vaughan\" target=\"_blank\" rel=\"noopener noreferrer\">Vaughan<\/a> , amb una soluci\u00f3 per facilitar el muntatge, a m\u00e9s de millorar el manteniment i eliminar els inc\u00f2modes embussos i la utilitzaci\u00f3 de grues. Amb Vaughan tindr\u00e0s una garantia per escrit, \u00e9s el seu comprom\u00eds de funcionament amb les bombes de trituraci\u00f3 de s\u00f2lids sense embussos.<\/p>\n<h3><a href=\"http:\/\/www.raimaberfluidtech.com\/industrial\/vaughan\/bomba-horizontal-vaughan\" target=\"_blank\" rel=\"noopener noreferrer\">Bomba horitzontal<\/a><\/h3>\n<p>Aquesta <strong>bomba horitzontal<\/strong> t\u00e9 un disseny especialitzat per al bombament de fangs primaris, secundaris o digerits. Els materials de fabricaci\u00f3 s\u00f3n d\u00b4alta qualitat, amb un disseny exclusiu del cos que ens permet ajustar amb precisi\u00f3 segons les necessitats.<\/p>\n<h3><a href=\"http:\/\/www.raimaberfluidtech.com\/industrial\/vaughan\/bomba-sumergible-vaughan\" target=\"_blank\" rel=\"noopener noreferrer\">Bomba submergible<\/a><\/h3>\n<p>Les <strong>bombes submergibles Vaughan<\/strong> es caracteritzen pel seu muntatge submergible d&#8217;alta fiabilitat. Aquest disseny ens permet muntar la bomba al qualsevol pou de bombament, tant fix com m\u00f2bil. Aquesta bomba submergible es pot muntar amb motor el\u00e8ctric o hidr\u00e0ulic segons les necessitats.<\/p>\n<h3><a href=\"http:\/\/www.raimaberfluidtech.com\/industrial\/vaughan\/bombas-trituradoras-de-tomates\" target=\"_blank\" rel=\"noopener noreferrer\">Bombes trituradora de tom\u00e0quets<\/a><\/h3>\n<p>Les <strong>bombes trituradores de tom\u00e0quets sencers<\/strong> de l&#8217;empresa Vaughan tamb\u00e9 es poden utilitzar per triturar altres fruites o vegetals. El seu disseny exclusiu substitueix el sistema tradicional per un nou disseny amb un muntatge de tremuja, infinitat i bomba trituradora. La bomba centr\u00edfuga triturada est\u00e0 fabricada amb els millors materials com a INOX 316 i compleix amb totes les normatives de seguretat.<\/p>\n<h3><a href=\"http:\/\/www.raimaberfluidtech.com\/industrial\/vaughan\/bomba-vertical-vaughan\" target=\"_blank\" rel=\"noopener noreferrer\">Bomba vertical<\/a><\/h3>\n<p>La <strong>bomba vertical<\/strong> de Vaughan ens permet el muntatge vertical segons les necessitats. Aquestes bombes tenen una alta efic\u00e0cia per triturar s\u00f2lids com draps, pl\u00e0stics, p\u00e8ls, cel\u00b7lulosa, entre d&#8217;altres. Les bombes de Vaughan tenen garantia per escrit i est\u00e0 fabricada amb ferro d\u00factil, inox 316 o d\u00faplex CD4MCU.<\/p>\n<p>[\/vc_column_text][vc_empty_space][vc_btn title=&#8221;SOL\u00b7LICITUD D&#8217;INFORMACI\u00d3 T\u00c8CNICA&#8221; css=&#8221;.vc_custom_1632304749187{margin-bottom: 0px !important;}&#8221; link=&#8221;url:https%3A%2F%2Fwww.raimaberfluidtech.com%2Findustrial%2Fsolicitud-informacion-tecnica%2F|title:Sol%C2%B7licitud%20informaci%C3%B3%20t%C3%A8cnica|&#8221;][\/vc_column][\/vc_row]<\/p>\n<\/div>","protected":false},"excerpt":{"rendered":"<p>[vc_row][vc_column][vc_custom_heading text=&#8221;Bombes Centr\u00edfugues Trituradores&#8221; font_container=&#8221;tag:h2|font_size:18px|text_align:left|color:%23000000&#8243; use_theme_fonts=&#8221;yes&#8221;][vc_column_text]A Raimaber podr\u00e0s trobar diferents bombes industrials trituradores segons les vostres necessitats. Les bombes trituradores han estat dissenyades amb materials d\u00b4alta qualitat i seguint les normatives de seguretat. LSG-200 s\u00e8rie OMNIVORE\u00ae Les bombes submergibles trituradores&#8230;<\/p>\n","protected":false},"author":3,"featured_media":0,"parent":15296,"menu_order":0,"comment_status":"closed","ping_status":"closed","template":"page-sidebar.php","meta":{"footnotes":""},"class_list":["post-15250","page","type-page","status-publish","hentry"],"yoast_head":"<!-- This site is optimized with the Yoast SEO plugin v24.3 - https:\/\/yoast.com\/wordpress\/plugins\/seo\/ -->\n<title>Bombes Centr\u00edfugues Trituradores - Raimaber<\/title>\n<meta name=\"description\" content=\"Raimaber \u00e9s distribu\u00efdor a Espanya dels millors Equips de proc\u00e9s de qualitat i Bombes industrials com les Bombes Centr\u00edfugues Trituradores. Visita&#039;ns!\" \/>\n<meta name=\"robots\" content=\"index, follow, max-snippet:-1, max-image-preview:large, max-video-preview:-1\" \/>\n<link rel=\"canonical\" href=\"https:\/\/www.raimaberfluidtech.com\/industrial\/ca\/bombes\/bombes-industrials-centrifugues\/bombes-centrifugues-trituradores\/\" \/>\n<meta property=\"og:locale\" content=\"ca_ES\" \/>\n<meta property=\"og:type\" content=\"article\" \/>\n<meta property=\"og:title\" content=\"Bombes Centr\u00edfugues Trituradores - Raimaber\" \/>\n<meta property=\"og:description\" content=\"Raimaber \u00e9s distribu\u00efdor a Espanya dels millors Equips de proc\u00e9s de qualitat i Bombes industrials com les Bombes Centr\u00edfugues Trituradores. Visita&#039;ns!\" \/>\n<meta property=\"og:url\" content=\"https:\/\/www.raimaberfluidtech.com\/industrial\/ca\/bombes\/bombes-industrials-centrifugues\/bombes-centrifugues-trituradores\/\" \/>\n<meta property=\"og:site_name\" content=\"Raimaber Fluid Tech [Industrial]\" \/>\n<meta property=\"article:modified_time\" content=\"2025-04-15T08:36:59+00:00\" \/>\n<meta name=\"twitter:label1\" content=\"Temps estimat de lectura\" \/>\n\t<meta name=\"twitter:data1\" content=\"2 minuts\" \/>\n<script type=\"application\/ld+json\" class=\"yoast-schema-graph\">{\"@context\":\"https:\/\/schema.org\",\"@graph\":[{\"@type\":\"WebPage\",\"@id\":\"https:\/\/www.raimaberfluidtech.com\/industrial\/ca\/bombes\/bombes-industrials-centrifugues\/bombes-centrifugues-trituradores\/\",\"url\":\"https:\/\/www.raimaberfluidtech.com\/industrial\/ca\/bombes\/bombes-industrials-centrifugues\/bombes-centrifugues-trituradores\/\",\"name\":\"Bombes Centr\u00edfugues Trituradores - Raimaber\",\"isPartOf\":{\"@id\":\"https:\/\/www.raimaberfluidtech.com\/industrial\/ca\/#website\"},\"datePublished\":\"2016-07-29T08:26:25+00:00\",\"dateModified\":\"2025-04-15T08:36:59+00:00\",\"description\":\"Raimaber \u00e9s distribu\u00efdor a Espanya dels millors Equips de proc\u00e9s de qualitat i Bombes industrials com les Bombes Centr\u00edfugues Trituradores. Visita'ns!\",\"breadcrumb\":{\"@id\":\"https:\/\/www.raimaberfluidtech.com\/industrial\/ca\/bombes\/bombes-industrials-centrifugues\/bombes-centrifugues-trituradores\/#breadcrumb\"},\"inLanguage\":\"ca\",\"potentialAction\":[{\"@type\":\"ReadAction\",\"target\":[\"https:\/\/www.raimaberfluidtech.com\/industrial\/ca\/bombes\/bombes-industrials-centrifugues\/bombes-centrifugues-trituradores\/\"]}]},{\"@type\":\"BreadcrumbList\",\"@id\":\"https:\/\/www.raimaberfluidtech.com\/industrial\/ca\/bombes\/bombes-industrials-centrifugues\/bombes-centrifugues-trituradores\/#breadcrumb\",\"itemListElement\":[{\"@type\":\"ListItem\",\"position\":1,\"name\":\"Home\",\"item\":\"https:\/\/www.raimaberfluidtech.com\/industrial\/ca\/\"},{\"@type\":\"ListItem\",\"position\":2,\"name\":\"Bombes\",\"item\":\"https:\/\/www.raimaberfluidtech.com\/industrial\/ca\/bombes\/\"},{\"@type\":\"ListItem\",\"position\":3,\"name\":\"Bombes Industrials Centr\u00edfugues\",\"item\":\"https:\/\/www.raimaberfluidtech.com\/industrial\/ca\/bombes\/bombes-industrials-centrifugues\/\"},{\"@type\":\"ListItem\",\"position\":4,\"name\":\"Bombes Centr\u00edfugues Trituradores\"}]},{\"@type\":\"WebSite\",\"@id\":\"https:\/\/www.raimaberfluidtech.com\/industrial\/ca\/#website\",\"url\":\"https:\/\/www.raimaberfluidtech.com\/industrial\/ca\/\",\"name\":\"Raimaber Fluid Tech [Industrial]\",\"description\":\"Bombas industriales\",\"publisher\":{\"@id\":\"https:\/\/www.raimaberfluidtech.com\/industrial\/ca\/#organization\"},\"potentialAction\":[{\"@type\":\"SearchAction\",\"target\":{\"@type\":\"EntryPoint\",\"urlTemplate\":\"https:\/\/www.raimaberfluidtech.com\/industrial\/ca\/?s={search_term_string}\"},\"query-input\":{\"@type\":\"PropertyValueSpecification\",\"valueRequired\":true,\"valueName\":\"search_term_string\"}}],\"inLanguage\":\"ca\"},{\"@type\":\"Organization\",\"@id\":\"https:\/\/www.raimaberfluidtech.com\/industrial\/ca\/#organization\",\"name\":\"Raimaber Fluid Tech [Industrial]\",\"url\":\"https:\/\/www.raimaberfluidtech.com\/industrial\/ca\/\",\"logo\":{\"@type\":\"ImageObject\",\"inLanguage\":\"ca\",\"@id\":\"https:\/\/www.raimaberfluidtech.com\/industrial\/ca\/#\/schema\/logo\/image\/\",\"url\":\"https:\/\/www.raimaberfluidtech.com\/industrial\/wp-content\/blogs.dir\/4\/files\/2012\/11\/raimaber.gif\",\"contentUrl\":\"https:\/\/www.raimaberfluidtech.com\/industrial\/wp-content\/blogs.dir\/4\/files\/2012\/11\/raimaber.gif\",\"width\":\"705\",\"height\":\"438\",\"caption\":\"Raimaber Fluid Tech [Industrial]\"},\"image\":{\"@id\":\"https:\/\/www.raimaberfluidtech.com\/industrial\/ca\/#\/schema\/logo\/image\/\"}}]}<\/script>\n<!-- \/ Yoast SEO plugin. -->","yoast_head_json":{"title":"Bombes Centr\u00edfugues Trituradores - Raimaber","description":"Raimaber \u00e9s distribu\u00efdor a Espanya dels millors Equips de proc\u00e9s de qualitat i Bombes industrials com les Bombes Centr\u00edfugues Trituradores. Visita'ns!","robots":{"index":"index","follow":"follow","max-snippet":"max-snippet:-1","max-image-preview":"max-image-preview:large","max-video-preview":"max-video-preview:-1"},"canonical":"https:\/\/www.raimaberfluidtech.com\/industrial\/ca\/bombes\/bombes-industrials-centrifugues\/bombes-centrifugues-trituradores\/","og_locale":"ca_ES","og_type":"article","og_title":"Bombes Centr\u00edfugues Trituradores - Raimaber","og_description":"Raimaber \u00e9s distribu\u00efdor a Espanya dels millors Equips de proc\u00e9s de qualitat i Bombes industrials com les Bombes Centr\u00edfugues Trituradores. Visita'ns!","og_url":"https:\/\/www.raimaberfluidtech.com\/industrial\/ca\/bombes\/bombes-industrials-centrifugues\/bombes-centrifugues-trituradores\/","og_site_name":"Raimaber Fluid Tech [Industrial]","article_modified_time":"2025-04-15T08:36:59+00:00","twitter_misc":{"Temps estimat de lectura":"2 minuts"},"schema":{"@context":"https:\/\/schema.org","@graph":[{"@type":"WebPage","@id":"https:\/\/www.raimaberfluidtech.com\/industrial\/ca\/bombes\/bombes-industrials-centrifugues\/bombes-centrifugues-trituradores\/","url":"https:\/\/www.raimaberfluidtech.com\/industrial\/ca\/bombes\/bombes-industrials-centrifugues\/bombes-centrifugues-trituradores\/","name":"Bombes Centr\u00edfugues Trituradores - Raimaber","isPartOf":{"@id":"https:\/\/www.raimaberfluidtech.com\/industrial\/ca\/#website"},"datePublished":"2016-07-29T08:26:25+00:00","dateModified":"2025-04-15T08:36:59+00:00","description":"Raimaber \u00e9s distribu\u00efdor a Espanya dels millors Equips de proc\u00e9s de qualitat i Bombes industrials com les Bombes Centr\u00edfugues Trituradores. Visita'ns!","breadcrumb":{"@id":"https:\/\/www.raimaberfluidtech.com\/industrial\/ca\/bombes\/bombes-industrials-centrifugues\/bombes-centrifugues-trituradores\/#breadcrumb"},"inLanguage":"ca","potentialAction":[{"@type":"ReadAction","target":["https:\/\/www.raimaberfluidtech.com\/industrial\/ca\/bombes\/bombes-industrials-centrifugues\/bombes-centrifugues-trituradores\/"]}]},{"@type":"BreadcrumbList","@id":"https:\/\/www.raimaberfluidtech.com\/industrial\/ca\/bombes\/bombes-industrials-centrifugues\/bombes-centrifugues-trituradores\/#breadcrumb","itemListElement":[{"@type":"ListItem","position":1,"name":"Home","item":"https:\/\/www.raimaberfluidtech.com\/industrial\/ca\/"},{"@type":"ListItem","position":2,"name":"Bombes","item":"https:\/\/www.raimaberfluidtech.com\/industrial\/ca\/bombes\/"},{"@type":"ListItem","position":3,"name":"Bombes Industrials Centr\u00edfugues","item":"https:\/\/www.raimaberfluidtech.com\/industrial\/ca\/bombes\/bombes-industrials-centrifugues\/"},{"@type":"ListItem","position":4,"name":"Bombes Centr\u00edfugues Trituradores"}]},{"@type":"WebSite","@id":"https:\/\/www.raimaberfluidtech.com\/industrial\/ca\/#website","url":"https:\/\/www.raimaberfluidtech.com\/industrial\/ca\/","name":"Raimaber Fluid Tech [Industrial]","description":"Bombas industriales","publisher":{"@id":"https:\/\/www.raimaberfluidtech.com\/industrial\/ca\/#organization"},"potentialAction":[{"@type":"SearchAction","target":{"@type":"EntryPoint","urlTemplate":"https:\/\/www.raimaberfluidtech.com\/industrial\/ca\/?s={search_term_string}"},"query-input":{"@type":"PropertyValueSpecification","valueRequired":true,"valueName":"search_term_string"}}],"inLanguage":"ca"},{"@type":"Organization","@id":"https:\/\/www.raimaberfluidtech.com\/industrial\/ca\/#organization","name":"Raimaber Fluid Tech [Industrial]","url":"https:\/\/www.raimaberfluidtech.com\/industrial\/ca\/","logo":{"@type":"ImageObject","inLanguage":"ca","@id":"https:\/\/www.raimaberfluidtech.com\/industrial\/ca\/#\/schema\/logo\/image\/","url":"https:\/\/www.raimaberfluidtech.com\/industrial\/wp-content\/blogs.dir\/4\/files\/2012\/11\/raimaber.gif","contentUrl":"https:\/\/www.raimaberfluidtech.com\/industrial\/wp-content\/blogs.dir\/4\/files\/2012\/11\/raimaber.gif","width":"705","height":"438","caption":"Raimaber Fluid Tech [Industrial]"},"image":{"@id":"https:\/\/www.raimaberfluidtech.com\/industrial\/ca\/#\/schema\/logo\/image\/"}}]}},"_links":{"self":[{"href":"https:\/\/www.raimaberfluidtech.com\/industrial\/ca\/wp-json\/wp\/v2\/pages\/15250","targetHints":{"allow":["GET"]}}],"collection":[{"href":"https:\/\/www.raimaberfluidtech.com\/industrial\/ca\/wp-json\/wp\/v2\/pages"}],"about":[{"href":"https:\/\/www.raimaberfluidtech.com\/industrial\/ca\/wp-json\/wp\/v2\/types\/page"}],"author":[{"embeddable":true,"href":"https:\/\/www.raimaberfluidtech.com\/industrial\/ca\/wp-json\/wp\/v2\/users\/3"}],"replies":[{"embeddable":true,"href":"https:\/\/www.raimaberfluidtech.com\/industrial\/ca\/wp-json\/wp\/v2\/comments?post=15250"}],"version-history":[{"count":2,"href":"https:\/\/www.raimaberfluidtech.com\/industrial\/ca\/wp-json\/wp\/v2\/pages\/15250\/revisions"}],"predecessor-version":[{"id":17583,"href":"https:\/\/www.raimaberfluidtech.com\/industrial\/ca\/wp-json\/wp\/v2\/pages\/15250\/revisions\/17583"}],"up":[{"embeddable":true,"href":"https:\/\/www.raimaberfluidtech.com\/industrial\/ca\/wp-json\/wp\/v2\/pages\/15296"}],"wp:attachment":[{"href":"https:\/\/www.raimaberfluidtech.com\/industrial\/ca\/wp-json\/wp\/v2\/media?parent=15250"}],"curies":[{"name":"wp","href":"https:\/\/api.w.org\/{rel}","templated":true}]}}