{"id":15210,"date":"2016-07-29T08:26:25","date_gmt":"2016-07-29T08:26:25","guid":{"rendered":"https:\/\/www.raimaberfluidtech.com\/industrial\/bombes\/bombes-industrials-lobulars\/"},"modified":"2025-04-15T08:37:24","modified_gmt":"2025-04-15T08:37:24","slug":"bombes-industrials-lobulars","status":"publish","type":"page","link":"https:\/\/www.raimaberfluidtech.com\/industrial\/ca\/bombes\/bombes-industrials-lobulars\/","title":{"rendered":"Bombes Industrials Lobulars"},"content":{"rendered":"<div class=\"wpb-content-wrapper\"><p>[vc_row][vc_column][vc_custom_heading text=&#8221;Bombes Industrials Lobulars&#8221; font_container=&#8221;tag:h2|font_size:18px|text_align:left|color:%23000000&#8243; use_theme_fonts=&#8221;yes&#8221;][vc_column_text]Les <strong>bombes industrials lobulars<\/strong> tenen un disseny sanitari per a instal\u00b7lacions de les ind\u00fastries farmac\u00e8utiques, qu\u00edmica, l\u00e0cties, aliment\u00e0ries, begudes, entre d&#8217;altres. S\u00f3n una de les millors bombes per controlar els fluids tant de baixa i alta viscositat.<\/p>\n<p>Bombes industrials Lobulars <strong>:<\/strong><\/p>\n<h3><a href=\"https:\/\/www.raimaberfluidtech.com\/industrial\/wright-flow-technologies\/bombas-lobulares-classic-plus\" target=\"_blank\" rel=\"noopener noreferrer\">Bombes lobulars CLASSIC +<\/a><\/h3>\n<p>Les <strong>bombes Classic+<\/strong> s\u00f3n bombes sanit\u00e0ries de tipus lobular. Aquest model \u00e9s el b\u00e0sic amb gran acreditaci\u00f3 al llarg dels anys i un referent al sector. Aquesta bomba industrial lobular destaca per la gran robustesa, fiabilitat i pot\u00e8ncia. A m\u00e9s, d&#8217;elevada efici\u00e8ncia energ\u00e8tica i amb una rendibilitat elevada.<\/p>\n<h3><a href=\"https:\/\/www.raimaberfluidtech.com\/industrial\/wright-flow-technologies\/bombas-revolution-espana\" target=\"_blank\" rel=\"noopener noreferrer\">Bombes lobulars REVOLUTION<\/a><\/h3>\n<p>Les <strong>bombes lobulars Revolution<\/strong> que trobessis a <a href=\"https:\/\/www.raimaberfluidtech.com\/industrial\/\" target=\"_blank\" rel=\"noopener noreferrer\">Raimaber<\/a> s\u00f3n de <strong><span style=\"line-height: 1.5;\">Viking Hygienic<\/span><\/strong> i t\u00e9 la caracter\u00edstica de ser dues bombes en una. Aquestes bombes lobulars s\u00f3n f\u00e0cilment personalitzables per cobrir les necessitats.<\/p>\n<h3><a href=\"https:\/\/www.raimaberfluidtech.com\/industrial\/wright-flow-technologies\/bombas-lobulares-serie-rtp\" target=\"_blank\" rel=\"noopener noreferrer\">Bombes lobulars \u2013 s\u00e8rie RTP<\/a><\/h3>\n<p>Les <strong>bombes lobulars de la s\u00e8rie RTP<\/strong> de <span style=\"line-height: 1.5;\"><a href=\"https:\/\/www.raimaberfluidtech.com\/industrial\/viking-hygienic\">Viking Hygienic<\/a><\/span> tenen un disseny espec\u00edfic per al muntatge de cami\u00f3 cisterna. Destaquem aquestes bombes loburals que estan fabricades en alumini, per baixar el pes total. Tamb\u00e9 t\u00e9 un disseny opcional amb acoblament de motor hidr\u00e0ulic.<\/p>\n<h3><a href=\"https:\/\/www.raimaberfluidtech.com\/industrial\/wright-flow-technologies\/bombas-lobulares-sterilobe\" target=\"_blank\" rel=\"noopener noreferrer\">Bombes lobulars STERILOBE<\/a><\/h3>\n<p>De les <strong>bombes lobulars Sterilobe<\/strong> destinades a l&#8217;\u00e0mbit sanitari, en destaquem la de <strong><span style=\"line-height: 1.5;\">Viking Hygienic<\/span><\/strong> , la m\u00e9s completa del mercat. Estan fabricades segons la normativa vigent de sanitat i seguretat. Amb aquestes bombes trobareu la m\u00e0xima efic\u00e0cia i efici\u00e8ncia del mercat.<\/p>\n<h3><a href=\"https:\/\/www.raimaberfluidtech.com\/industrial\/wright-flow-technologies\/bombas-lobulares-serie-sq\" target=\"_blank\" rel=\"noopener noreferrer\">Bombes lobulars \u2013 s\u00e8rie SQ<\/a><\/h3>\n<p>Les <strong>bombes loburals seriosa SQ<\/strong> destaquen per ser el model m\u00e9s higi\u00e8nic de totes les <strong>bombes <span style=\"line-height: 1.5;\"><a href=\"https:\/\/www.raimaberfluidtech.com\/industrial\/viking-hygienic\">Viking Hygienic<\/a><\/span><\/strong> . S\u00f3n unes de les bombes m\u00e9s avan\u00e7ades del mercat i es poden aplicar a accions avan\u00e7ades d&#8217;higiene. Aquestes bombes destaquen per la gran fiabilitat, baix cost de manteniment i elevada efici\u00e8ncia energ\u00e8tica.<\/p>\n<h3><a href=\"https:\/\/www.raimaberfluidtech.com\/industrial\/valisi-pumps\/serie-vl\/\" target=\"_blank\" rel=\"noopener noreferrer\">Bombes lobulars \u2013 s\u00e8rie VL<\/a><\/h3>\n<p>Disposem de <strong>bombes loburals s\u00e8rie VL<\/strong> de <strong> Valisi Pumps.<\/strong>[\/vc_column_text][vc_empty_space][vc_btn title=&#8221;SOL\u00b7LICITUD D&#8217;INFORMACI\u00d3 T\u00c8CNICA&#8221; css=&#8221;.vc_custom_1632304874569{margin-bottom: 0px !important;}&#8221; link=&#8221;url:https%3A%2F%2Fwww.raimaberfluidtech.com%2Findustrial%2Fsolicitud-informacion-tecnica%2F|title:Sol%C2%B7licitud%20informaci%C3%B3%20t%C3%A8cnica|&#8221;][\/vc_column][\/vc_row]<\/p>\n<\/div>","protected":false},"excerpt":{"rendered":"<p>[vc_row][vc_column][vc_custom_heading text=&#8221;Bombes Industrials Lobulars&#8221; font_container=&#8221;tag:h2|font_size:18px|text_align:left|color:%23000000&#8243; use_theme_fonts=&#8221;yes&#8221;][vc_column_text]Les bombes industrials lobulars tenen un disseny sanitari per a instal\u00b7lacions de les ind\u00fastries farmac\u00e8utiques, qu\u00edmica, l\u00e0cties, aliment\u00e0ries, begudes, entre d&#8217;altres. S\u00f3n una de les millors bombes per controlar els fluids tant de baixa i&#8230;<\/p>\n","protected":false},"author":3,"featured_media":0,"parent":15145,"menu_order":0,"comment_status":"closed","ping_status":"closed","template":"page-sidebar.php","meta":{"footnotes":""},"class_list":["post-15210","page","type-page","status-publish","hentry"],"yoast_head":"<!-- This site is optimized with the Yoast SEO plugin v24.3 - https:\/\/yoast.com\/wordpress\/plugins\/seo\/ -->\n<title>Distribuci\u00f3 de Bombes Industrials Lobulars - Raimaber<\/title>\n<meta name=\"description\" content=\"Raimaber \u00e9s distribu\u00efdor a Espanya dels millors Equips de proc\u00e9s de qualitat i Bombes industrials com les Bombes Centr\u00edfugues Lobulars. Visita&#039;ns!\" \/>\n<meta name=\"robots\" content=\"index, follow, max-snippet:-1, max-image-preview:large, max-video-preview:-1\" \/>\n<link rel=\"canonical\" href=\"https:\/\/www.raimaberfluidtech.com\/industrial\/ca\/bombes\/bombes-industrials-lobulars\/\" \/>\n<meta property=\"og:locale\" content=\"ca_ES\" \/>\n<meta property=\"og:type\" content=\"article\" \/>\n<meta property=\"og:title\" content=\"Distribuci\u00f3 de Bombes Industrials Lobulars - Raimaber\" \/>\n<meta property=\"og:description\" content=\"Raimaber \u00e9s distribu\u00efdor a Espanya dels millors Equips de proc\u00e9s de qualitat i Bombes industrials com les Bombes Centr\u00edfugues Lobulars. Visita&#039;ns!\" \/>\n<meta property=\"og:url\" content=\"https:\/\/www.raimaberfluidtech.com\/industrial\/ca\/bombes\/bombes-industrials-lobulars\/\" \/>\n<meta property=\"og:site_name\" content=\"Raimaber Fluid Tech [Industrial]\" \/>\n<meta property=\"article:modified_time\" content=\"2025-04-15T08:37:24+00:00\" \/>\n<meta name=\"twitter:label1\" content=\"Temps estimat de lectura\" \/>\n\t<meta name=\"twitter:data1\" content=\"2 minuts\" \/>\n<script type=\"application\/ld+json\" class=\"yoast-schema-graph\">{\"@context\":\"https:\/\/schema.org\",\"@graph\":[{\"@type\":\"WebPage\",\"@id\":\"https:\/\/www.raimaberfluidtech.com\/industrial\/ca\/bombes\/bombes-industrials-lobulars\/\",\"url\":\"https:\/\/www.raimaberfluidtech.com\/industrial\/ca\/bombes\/bombes-industrials-lobulars\/\",\"name\":\"Distribuci\u00f3 de Bombes Industrials Lobulars - Raimaber\",\"isPartOf\":{\"@id\":\"https:\/\/www.raimaberfluidtech.com\/industrial\/ca\/#website\"},\"datePublished\":\"2016-07-29T08:26:25+00:00\",\"dateModified\":\"2025-04-15T08:37:24+00:00\",\"description\":\"Raimaber \u00e9s distribu\u00efdor a Espanya dels millors Equips de proc\u00e9s de qualitat i Bombes industrials com les Bombes Centr\u00edfugues Lobulars. Visita'ns!\",\"breadcrumb\":{\"@id\":\"https:\/\/www.raimaberfluidtech.com\/industrial\/ca\/bombes\/bombes-industrials-lobulars\/#breadcrumb\"},\"inLanguage\":\"ca\",\"potentialAction\":[{\"@type\":\"ReadAction\",\"target\":[\"https:\/\/www.raimaberfluidtech.com\/industrial\/ca\/bombes\/bombes-industrials-lobulars\/\"]}]},{\"@type\":\"BreadcrumbList\",\"@id\":\"https:\/\/www.raimaberfluidtech.com\/industrial\/ca\/bombes\/bombes-industrials-lobulars\/#breadcrumb\",\"itemListElement\":[{\"@type\":\"ListItem\",\"position\":1,\"name\":\"Home\",\"item\":\"https:\/\/www.raimaberfluidtech.com\/industrial\/ca\/\"},{\"@type\":\"ListItem\",\"position\":2,\"name\":\"Bombes\",\"item\":\"https:\/\/www.raimaberfluidtech.com\/industrial\/ca\/bombes\/\"},{\"@type\":\"ListItem\",\"position\":3,\"name\":\"Bombes Industrials Lobulars\"}]},{\"@type\":\"WebSite\",\"@id\":\"https:\/\/www.raimaberfluidtech.com\/industrial\/ca\/#website\",\"url\":\"https:\/\/www.raimaberfluidtech.com\/industrial\/ca\/\",\"name\":\"Raimaber Fluid Tech [Industrial]\",\"description\":\"Bombas industriales\",\"publisher\":{\"@id\":\"https:\/\/www.raimaberfluidtech.com\/industrial\/ca\/#organization\"},\"potentialAction\":[{\"@type\":\"SearchAction\",\"target\":{\"@type\":\"EntryPoint\",\"urlTemplate\":\"https:\/\/www.raimaberfluidtech.com\/industrial\/ca\/?s={search_term_string}\"},\"query-input\":{\"@type\":\"PropertyValueSpecification\",\"valueRequired\":true,\"valueName\":\"search_term_string\"}}],\"inLanguage\":\"ca\"},{\"@type\":\"Organization\",\"@id\":\"https:\/\/www.raimaberfluidtech.com\/industrial\/ca\/#organization\",\"name\":\"Raimaber Fluid Tech [Industrial]\",\"url\":\"https:\/\/www.raimaberfluidtech.com\/industrial\/ca\/\",\"logo\":{\"@type\":\"ImageObject\",\"inLanguage\":\"ca\",\"@id\":\"https:\/\/www.raimaberfluidtech.com\/industrial\/ca\/#\/schema\/logo\/image\/\",\"url\":\"https:\/\/www.raimaberfluidtech.com\/industrial\/wp-content\/blogs.dir\/4\/files\/2012\/11\/raimaber.gif\",\"contentUrl\":\"https:\/\/www.raimaberfluidtech.com\/industrial\/wp-content\/blogs.dir\/4\/files\/2012\/11\/raimaber.gif\",\"width\":\"705\",\"height\":\"438\",\"caption\":\"Raimaber Fluid Tech [Industrial]\"},\"image\":{\"@id\":\"https:\/\/www.raimaberfluidtech.com\/industrial\/ca\/#\/schema\/logo\/image\/\"}}]}<\/script>\n<!-- \/ Yoast SEO plugin. -->","yoast_head_json":{"title":"Distribuci\u00f3 de Bombes Industrials Lobulars - Raimaber","description":"Raimaber \u00e9s distribu\u00efdor a Espanya dels millors Equips de proc\u00e9s de qualitat i Bombes industrials com les Bombes Centr\u00edfugues Lobulars. Visita'ns!","robots":{"index":"index","follow":"follow","max-snippet":"max-snippet:-1","max-image-preview":"max-image-preview:large","max-video-preview":"max-video-preview:-1"},"canonical":"https:\/\/www.raimaberfluidtech.com\/industrial\/ca\/bombes\/bombes-industrials-lobulars\/","og_locale":"ca_ES","og_type":"article","og_title":"Distribuci\u00f3 de Bombes Industrials Lobulars - Raimaber","og_description":"Raimaber \u00e9s distribu\u00efdor a Espanya dels millors Equips de proc\u00e9s de qualitat i Bombes industrials com les Bombes Centr\u00edfugues Lobulars. Visita'ns!","og_url":"https:\/\/www.raimaberfluidtech.com\/industrial\/ca\/bombes\/bombes-industrials-lobulars\/","og_site_name":"Raimaber Fluid Tech [Industrial]","article_modified_time":"2025-04-15T08:37:24+00:00","twitter_misc":{"Temps estimat de lectura":"2 minuts"},"schema":{"@context":"https:\/\/schema.org","@graph":[{"@type":"WebPage","@id":"https:\/\/www.raimaberfluidtech.com\/industrial\/ca\/bombes\/bombes-industrials-lobulars\/","url":"https:\/\/www.raimaberfluidtech.com\/industrial\/ca\/bombes\/bombes-industrials-lobulars\/","name":"Distribuci\u00f3 de Bombes Industrials Lobulars - Raimaber","isPartOf":{"@id":"https:\/\/www.raimaberfluidtech.com\/industrial\/ca\/#website"},"datePublished":"2016-07-29T08:26:25+00:00","dateModified":"2025-04-15T08:37:24+00:00","description":"Raimaber \u00e9s distribu\u00efdor a Espanya dels millors Equips de proc\u00e9s de qualitat i Bombes industrials com les Bombes Centr\u00edfugues Lobulars. Visita'ns!","breadcrumb":{"@id":"https:\/\/www.raimaberfluidtech.com\/industrial\/ca\/bombes\/bombes-industrials-lobulars\/#breadcrumb"},"inLanguage":"ca","potentialAction":[{"@type":"ReadAction","target":["https:\/\/www.raimaberfluidtech.com\/industrial\/ca\/bombes\/bombes-industrials-lobulars\/"]}]},{"@type":"BreadcrumbList","@id":"https:\/\/www.raimaberfluidtech.com\/industrial\/ca\/bombes\/bombes-industrials-lobulars\/#breadcrumb","itemListElement":[{"@type":"ListItem","position":1,"name":"Home","item":"https:\/\/www.raimaberfluidtech.com\/industrial\/ca\/"},{"@type":"ListItem","position":2,"name":"Bombes","item":"https:\/\/www.raimaberfluidtech.com\/industrial\/ca\/bombes\/"},{"@type":"ListItem","position":3,"name":"Bombes Industrials Lobulars"}]},{"@type":"WebSite","@id":"https:\/\/www.raimaberfluidtech.com\/industrial\/ca\/#website","url":"https:\/\/www.raimaberfluidtech.com\/industrial\/ca\/","name":"Raimaber Fluid Tech [Industrial]","description":"Bombas industriales","publisher":{"@id":"https:\/\/www.raimaberfluidtech.com\/industrial\/ca\/#organization"},"potentialAction":[{"@type":"SearchAction","target":{"@type":"EntryPoint","urlTemplate":"https:\/\/www.raimaberfluidtech.com\/industrial\/ca\/?s={search_term_string}"},"query-input":{"@type":"PropertyValueSpecification","valueRequired":true,"valueName":"search_term_string"}}],"inLanguage":"ca"},{"@type":"Organization","@id":"https:\/\/www.raimaberfluidtech.com\/industrial\/ca\/#organization","name":"Raimaber Fluid Tech [Industrial]","url":"https:\/\/www.raimaberfluidtech.com\/industrial\/ca\/","logo":{"@type":"ImageObject","inLanguage":"ca","@id":"https:\/\/www.raimaberfluidtech.com\/industrial\/ca\/#\/schema\/logo\/image\/","url":"https:\/\/www.raimaberfluidtech.com\/industrial\/wp-content\/blogs.dir\/4\/files\/2012\/11\/raimaber.gif","contentUrl":"https:\/\/www.raimaberfluidtech.com\/industrial\/wp-content\/blogs.dir\/4\/files\/2012\/11\/raimaber.gif","width":"705","height":"438","caption":"Raimaber Fluid Tech [Industrial]"},"image":{"@id":"https:\/\/www.raimaberfluidtech.com\/industrial\/ca\/#\/schema\/logo\/image\/"}}]}},"_links":{"self":[{"href":"https:\/\/www.raimaberfluidtech.com\/industrial\/ca\/wp-json\/wp\/v2\/pages\/15210","targetHints":{"allow":["GET"]}}],"collection":[{"href":"https:\/\/www.raimaberfluidtech.com\/industrial\/ca\/wp-json\/wp\/v2\/pages"}],"about":[{"href":"https:\/\/www.raimaberfluidtech.com\/industrial\/ca\/wp-json\/wp\/v2\/types\/page"}],"author":[{"embeddable":true,"href":"https:\/\/www.raimaberfluidtech.com\/industrial\/ca\/wp-json\/wp\/v2\/users\/3"}],"replies":[{"embeddable":true,"href":"https:\/\/www.raimaberfluidtech.com\/industrial\/ca\/wp-json\/wp\/v2\/comments?post=15210"}],"version-history":[{"count":2,"href":"https:\/\/www.raimaberfluidtech.com\/industrial\/ca\/wp-json\/wp\/v2\/pages\/15210\/revisions"}],"predecessor-version":[{"id":17589,"href":"https:\/\/www.raimaberfluidtech.com\/industrial\/ca\/wp-json\/wp\/v2\/pages\/15210\/revisions\/17589"}],"up":[{"embeddable":true,"href":"https:\/\/www.raimaberfluidtech.com\/industrial\/ca\/wp-json\/wp\/v2\/pages\/15145"}],"wp:attachment":[{"href":"https:\/\/www.raimaberfluidtech.com\/industrial\/ca\/wp-json\/wp\/v2\/media?parent=15210"}],"curies":[{"name":"wp","href":"https:\/\/api.w.org\/{rel}","templated":true}]}}