{"id":15155,"date":"2018-04-10T14:20:47","date_gmt":"2018-04-10T14:20:47","guid":{"rendered":"https:\/\/www.raimaberfluidtech.com\/industrial\/dellmeco\/"},"modified":"2025-04-15T08:37:50","modified_gmt":"2025-04-15T08:37:50","slug":"dellmeco","status":"publish","type":"page","link":"https:\/\/www.raimaberfluidtech.com\/industrial\/ca\/dellmeco\/","title":{"rendered":"Dellmeco"},"content":{"rendered":"<div class=\"wpb-content-wrapper\"><p>[vc_row][vc_column width=&#8221;1\/2&#8243;][vc_media_grid element_width=&#8221;6&#8243; gap=&#8221;4&#8243; grid_id=&#8221;vc_gid:1689592818897-182bb033-b1b0-0&#8243; include=&#8221;5384,5385,5386,5387,5383&#8243;][\/vc_column][vc_column width=&#8221;1\/2&#8243;][vc_custom_heading text=&#8221;Dellmeco&#8221; font_container=&#8221;tag:h2|font_size:18px|text_align:left|color:%23000000&#8243; use_theme_fonts=&#8221;yes&#8221;][vc_column_text]DELLMECO \u00e9s un fabricant l\u00edder de bombes pneum\u00e0tiques de doble diafragma, des del 2004.<\/p>\n<p>Fabriquen i dissenyen bombes de diafragma doble accionades per aire i electromec\u00e0niques (s\u00e8ries AODD i DME) amb una \u00e0mplia gamma d&#8217;accessoris per a \u00fas industrial. Tamb\u00e9 ofereixen disseny i desenvolupament d&#8217;\u00faltima generaci\u00f3 a les nostres noves instal\u00b7lacions a Pol\u00f2nia, recolzats per un sistema de control de qualitat ISO\/TUV reconegut internacionalment.<\/p>\n<p>La tecnologia punta i l&#8217;experi\u00e8ncia en enginyeria, combinades amb l&#8217;ampli saber fer garanteixen alta qualitat en tota la gamma de productes per satisfer les expectatives dels nostres clients.<\/p>\n<p>La millor estrat\u00e8gia DELLMECO per mantenir el lideratge com a fabricant de bombes, al m\u00f3n, \u00e9s mantenir una alta responsabilitat social corporativa, cuidant els nostres clients, la nostra for\u00e7a de treball i el medi ambient<\/p>\n<p>La nova i modera f\u00e0brica de Dellmeco, permet controlar punts importants, tant en la fabricaci\u00f3 com en la comercialitzaci\u00f3:<\/p>\n<ul>\n<li>Resposta r\u00e0pida a les demandes dels clients i el mercat<\/li>\n<li>Disseny \u00fanic, compacte i vers\u00e0til que combina alta tecnologia amb fiabilitat i qualitat provades<\/li>\n<li>Disseny innovador, tant amb bombes pneum\u00e0tiques com amb electromec\u00e0niques de doble diafragma, amb baix consum d&#8217;aire i energia<\/li>\n<li>\u00c0mplia gamma d&#8217;aplicacions i dissenys especialitzats per a l\u00edquids, pols, medis abrasius i\/o corrosius<\/li>\n<li>Carcasses mecanitzades de PE, PTFE, PE conductiu i PTFE, alumini, ferro colat, AISI 316 (industrial) i AISI 316L (higi\u00e8nic), a les nostres pr\u00f2pies instal\u00b7lacions<\/li>\n<li>Certificat ATEX disponible<\/li>\n<\/ul>\n<p>Exig\u00e8ncies dels nostres clients:: auto-ordi, pot funcionar en sec sense acumulaci\u00f3 de calor o desgast, flux ajustable per simple regulaci\u00f3 d&#8217;aire\/freq\u00fc\u00e8ncia, diafragmes de llarga durada per a aplicacions de servei pesat (sense discos de diafragma), que funcionen sense lubricaci\u00f3 o tancaments mec\u00e0nics.<\/p>\n<p>&nbsp;<\/p>\n<p><strong>Web<\/strong> : <a href=\"https:\/\/dellmeco.co.uk\/\" target=\"_blank\" rel=\"noopener\">https:\/\/dellmeco.co.uk\/<\/a>[\/vc_column_text][\/vc_column][\/vc_row][vc_row][vc_column][vc_column_text]<\/p>\n<p>[\/vc_column_text][\/vc_column][\/vc_row]<\/p>\n<\/div>","protected":false},"excerpt":{"rendered":"<p>[vc_row][vc_column width=&#8221;1\/2&#8243;][vc_media_grid element_width=&#8221;6&#8243; gap=&#8221;4&#8243; grid_id=&#8221;vc_gid:1689592818897-182bb033-b1b0-0&#8243; include=&#8221;5384,5385,5386,5387,5383&#8243;][\/vc_column][vc_column width=&#8221;1\/2&#8243;][vc_custom_heading text=&#8221;Dellmeco&#8221; font_container=&#8221;tag:h2|font_size:18px|text_align:left|color:%23000000&#8243; use_theme_fonts=&#8221;yes&#8221;][vc_column_text]DELLMECO \u00e9s un fabricant l\u00edder de bombes pneum\u00e0tiques de doble diafragma, des del 2004. Fabriquen i dissenyen bombes de diafragma doble accionades per aire i electromec\u00e0niques (s\u00e8ries AODD i DME) amb&#8230;<\/p>\n","protected":false},"author":1,"featured_media":17626,"parent":0,"menu_order":0,"comment_status":"closed","ping_status":"closed","template":"page-sidebar.php","meta":{"footnotes":""},"class_list":["post-15155","page","type-page","status-publish","has-post-thumbnail","hentry"],"yoast_head":"<!-- This site is optimized with the Yoast SEO plugin v24.3 - https:\/\/yoast.com\/wordpress\/plugins\/seo\/ -->\n<title>Dellmeco, bombes pneum\u00e0tiques de doble diafragma - Raimaber<\/title>\n<meta name=\"description\" content=\"Dellmeco \u00e9s un fabricant l\u00edder de bombes pneum\u00e0tiques de doble diafragma. Fabriquen i dissenyen bombes de diafragma doble accionades per aire i electromec\u00e0niques\" \/>\n<meta name=\"robots\" content=\"index, follow, max-snippet:-1, max-image-preview:large, max-video-preview:-1\" \/>\n<link rel=\"canonical\" href=\"https:\/\/www.raimaberfluidtech.com\/industrial\/ca\/dellmeco\/\" \/>\n<meta property=\"og:locale\" content=\"ca_ES\" \/>\n<meta property=\"og:type\" content=\"article\" \/>\n<meta property=\"og:title\" content=\"Dellmeco, bombes pneum\u00e0tiques de doble diafragma - Raimaber\" \/>\n<meta property=\"og:description\" content=\"Dellmeco \u00e9s un fabricant l\u00edder de bombes pneum\u00e0tiques de doble diafragma. Fabriquen i dissenyen bombes de diafragma doble accionades per aire i electromec\u00e0niques\" \/>\n<meta property=\"og:url\" content=\"https:\/\/www.raimaberfluidtech.com\/industrial\/ca\/dellmeco\/\" \/>\n<meta property=\"og:site_name\" content=\"Raimaber Fluid Tech [Industrial]\" \/>\n<meta property=\"article:modified_time\" content=\"2025-04-15T08:37:50+00:00\" \/>\n<meta property=\"og:image\" content=\"https:\/\/www.raimaberfluidtech.com\/industrial\/files\/2018\/04\/logo-dellmeco-e1601374756296.png\" \/>\n\t<meta property=\"og:image:width\" content=\"398\" \/>\n\t<meta property=\"og:image:height\" content=\"104\" \/>\n\t<meta property=\"og:image:type\" content=\"image\/png\" \/>\n<meta name=\"twitter:label1\" content=\"Temps estimat de lectura\" \/>\n\t<meta name=\"twitter:data1\" content=\"2 minuts\" \/>\n<script type=\"application\/ld+json\" class=\"yoast-schema-graph\">{\"@context\":\"https:\/\/schema.org\",\"@graph\":[{\"@type\":\"WebPage\",\"@id\":\"https:\/\/www.raimaberfluidtech.com\/industrial\/ca\/dellmeco\/\",\"url\":\"https:\/\/www.raimaberfluidtech.com\/industrial\/ca\/dellmeco\/\",\"name\":\"Dellmeco, bombes pneum\u00e0tiques de doble diafragma - Raimaber\",\"isPartOf\":{\"@id\":\"https:\/\/www.raimaberfluidtech.com\/industrial\/ca\/#website\"},\"primaryImageOfPage\":{\"@id\":\"https:\/\/www.raimaberfluidtech.com\/industrial\/ca\/dellmeco\/#primaryimage\"},\"image\":{\"@id\":\"https:\/\/www.raimaberfluidtech.com\/industrial\/ca\/dellmeco\/#primaryimage\"},\"thumbnailUrl\":\"https:\/\/www.raimaberfluidtech.com\/industrial\/files\/2018\/04\/logo-dellmeco-e1601374756296.png\",\"datePublished\":\"2018-04-10T14:20:47+00:00\",\"dateModified\":\"2025-04-15T08:37:50+00:00\",\"description\":\"Dellmeco \u00e9s un fabricant l\u00edder de bombes pneum\u00e0tiques de doble diafragma. Fabriquen i dissenyen bombes de diafragma doble accionades per aire i electromec\u00e0niques\",\"breadcrumb\":{\"@id\":\"https:\/\/www.raimaberfluidtech.com\/industrial\/ca\/dellmeco\/#breadcrumb\"},\"inLanguage\":\"ca\",\"potentialAction\":[{\"@type\":\"ReadAction\",\"target\":[\"https:\/\/www.raimaberfluidtech.com\/industrial\/ca\/dellmeco\/\"]}]},{\"@type\":\"ImageObject\",\"inLanguage\":\"ca\",\"@id\":\"https:\/\/www.raimaberfluidtech.com\/industrial\/ca\/dellmeco\/#primaryimage\",\"url\":\"https:\/\/www.raimaberfluidtech.com\/industrial\/files\/2018\/04\/logo-dellmeco-e1601374756296.png\",\"contentUrl\":\"https:\/\/www.raimaberfluidtech.com\/industrial\/files\/2018\/04\/logo-dellmeco-e1601374756296.png\",\"width\":398,\"height\":104},{\"@type\":\"BreadcrumbList\",\"@id\":\"https:\/\/www.raimaberfluidtech.com\/industrial\/ca\/dellmeco\/#breadcrumb\",\"itemListElement\":[{\"@type\":\"ListItem\",\"position\":1,\"name\":\"Home\",\"item\":\"https:\/\/www.raimaberfluidtech.com\/industrial\/ca\/\"},{\"@type\":\"ListItem\",\"position\":2,\"name\":\"Dellmeco\"}]},{\"@type\":\"WebSite\",\"@id\":\"https:\/\/www.raimaberfluidtech.com\/industrial\/ca\/#website\",\"url\":\"https:\/\/www.raimaberfluidtech.com\/industrial\/ca\/\",\"name\":\"Raimaber Fluid Tech [Industrial]\",\"description\":\"Bombas industriales\",\"publisher\":{\"@id\":\"https:\/\/www.raimaberfluidtech.com\/industrial\/ca\/#organization\"},\"potentialAction\":[{\"@type\":\"SearchAction\",\"target\":{\"@type\":\"EntryPoint\",\"urlTemplate\":\"https:\/\/www.raimaberfluidtech.com\/industrial\/ca\/?s={search_term_string}\"},\"query-input\":{\"@type\":\"PropertyValueSpecification\",\"valueRequired\":true,\"valueName\":\"search_term_string\"}}],\"inLanguage\":\"ca\"},{\"@type\":\"Organization\",\"@id\":\"https:\/\/www.raimaberfluidtech.com\/industrial\/ca\/#organization\",\"name\":\"Raimaber Fluid Tech [Industrial]\",\"url\":\"https:\/\/www.raimaberfluidtech.com\/industrial\/ca\/\",\"logo\":{\"@type\":\"ImageObject\",\"inLanguage\":\"ca\",\"@id\":\"https:\/\/www.raimaberfluidtech.com\/industrial\/ca\/#\/schema\/logo\/image\/\",\"url\":\"https:\/\/www.raimaberfluidtech.com\/industrial\/wp-content\/blogs.dir\/4\/files\/2012\/11\/raimaber.gif\",\"contentUrl\":\"https:\/\/www.raimaberfluidtech.com\/industrial\/wp-content\/blogs.dir\/4\/files\/2012\/11\/raimaber.gif\",\"width\":\"705\",\"height\":\"438\",\"caption\":\"Raimaber Fluid Tech [Industrial]\"},\"image\":{\"@id\":\"https:\/\/www.raimaberfluidtech.com\/industrial\/ca\/#\/schema\/logo\/image\/\"}}]}<\/script>\n<!-- \/ Yoast SEO plugin. -->","yoast_head_json":{"title":"Dellmeco, bombes pneum\u00e0tiques de doble diafragma - Raimaber","description":"Dellmeco \u00e9s un fabricant l\u00edder de bombes pneum\u00e0tiques de doble diafragma. Fabriquen i dissenyen bombes de diafragma doble accionades per aire i electromec\u00e0niques","robots":{"index":"index","follow":"follow","max-snippet":"max-snippet:-1","max-image-preview":"max-image-preview:large","max-video-preview":"max-video-preview:-1"},"canonical":"https:\/\/www.raimaberfluidtech.com\/industrial\/ca\/dellmeco\/","og_locale":"ca_ES","og_type":"article","og_title":"Dellmeco, bombes pneum\u00e0tiques de doble diafragma - Raimaber","og_description":"Dellmeco \u00e9s un fabricant l\u00edder de bombes pneum\u00e0tiques de doble diafragma. Fabriquen i dissenyen bombes de diafragma doble accionades per aire i electromec\u00e0niques","og_url":"https:\/\/www.raimaberfluidtech.com\/industrial\/ca\/dellmeco\/","og_site_name":"Raimaber Fluid Tech [Industrial]","article_modified_time":"2025-04-15T08:37:50+00:00","og_image":[{"width":398,"height":104,"url":"https:\/\/www.raimaberfluidtech.com\/industrial\/files\/2018\/04\/logo-dellmeco-e1601374756296.png","type":"image\/png"}],"twitter_misc":{"Temps estimat de lectura":"2 minuts"},"schema":{"@context":"https:\/\/schema.org","@graph":[{"@type":"WebPage","@id":"https:\/\/www.raimaberfluidtech.com\/industrial\/ca\/dellmeco\/","url":"https:\/\/www.raimaberfluidtech.com\/industrial\/ca\/dellmeco\/","name":"Dellmeco, bombes pneum\u00e0tiques de doble diafragma - Raimaber","isPartOf":{"@id":"https:\/\/www.raimaberfluidtech.com\/industrial\/ca\/#website"},"primaryImageOfPage":{"@id":"https:\/\/www.raimaberfluidtech.com\/industrial\/ca\/dellmeco\/#primaryimage"},"image":{"@id":"https:\/\/www.raimaberfluidtech.com\/industrial\/ca\/dellmeco\/#primaryimage"},"thumbnailUrl":"https:\/\/www.raimaberfluidtech.com\/industrial\/files\/2018\/04\/logo-dellmeco-e1601374756296.png","datePublished":"2018-04-10T14:20:47+00:00","dateModified":"2025-04-15T08:37:50+00:00","description":"Dellmeco \u00e9s un fabricant l\u00edder de bombes pneum\u00e0tiques de doble diafragma. Fabriquen i dissenyen bombes de diafragma doble accionades per aire i electromec\u00e0niques","breadcrumb":{"@id":"https:\/\/www.raimaberfluidtech.com\/industrial\/ca\/dellmeco\/#breadcrumb"},"inLanguage":"ca","potentialAction":[{"@type":"ReadAction","target":["https:\/\/www.raimaberfluidtech.com\/industrial\/ca\/dellmeco\/"]}]},{"@type":"ImageObject","inLanguage":"ca","@id":"https:\/\/www.raimaberfluidtech.com\/industrial\/ca\/dellmeco\/#primaryimage","url":"https:\/\/www.raimaberfluidtech.com\/industrial\/files\/2018\/04\/logo-dellmeco-e1601374756296.png","contentUrl":"https:\/\/www.raimaberfluidtech.com\/industrial\/files\/2018\/04\/logo-dellmeco-e1601374756296.png","width":398,"height":104},{"@type":"BreadcrumbList","@id":"https:\/\/www.raimaberfluidtech.com\/industrial\/ca\/dellmeco\/#breadcrumb","itemListElement":[{"@type":"ListItem","position":1,"name":"Home","item":"https:\/\/www.raimaberfluidtech.com\/industrial\/ca\/"},{"@type":"ListItem","position":2,"name":"Dellmeco"}]},{"@type":"WebSite","@id":"https:\/\/www.raimaberfluidtech.com\/industrial\/ca\/#website","url":"https:\/\/www.raimaberfluidtech.com\/industrial\/ca\/","name":"Raimaber Fluid Tech [Industrial]","description":"Bombas industriales","publisher":{"@id":"https:\/\/www.raimaberfluidtech.com\/industrial\/ca\/#organization"},"potentialAction":[{"@type":"SearchAction","target":{"@type":"EntryPoint","urlTemplate":"https:\/\/www.raimaberfluidtech.com\/industrial\/ca\/?s={search_term_string}"},"query-input":{"@type":"PropertyValueSpecification","valueRequired":true,"valueName":"search_term_string"}}],"inLanguage":"ca"},{"@type":"Organization","@id":"https:\/\/www.raimaberfluidtech.com\/industrial\/ca\/#organization","name":"Raimaber Fluid Tech [Industrial]","url":"https:\/\/www.raimaberfluidtech.com\/industrial\/ca\/","logo":{"@type":"ImageObject","inLanguage":"ca","@id":"https:\/\/www.raimaberfluidtech.com\/industrial\/ca\/#\/schema\/logo\/image\/","url":"https:\/\/www.raimaberfluidtech.com\/industrial\/wp-content\/blogs.dir\/4\/files\/2012\/11\/raimaber.gif","contentUrl":"https:\/\/www.raimaberfluidtech.com\/industrial\/wp-content\/blogs.dir\/4\/files\/2012\/11\/raimaber.gif","width":"705","height":"438","caption":"Raimaber Fluid Tech [Industrial]"},"image":{"@id":"https:\/\/www.raimaberfluidtech.com\/industrial\/ca\/#\/schema\/logo\/image\/"}}]}},"_links":{"self":[{"href":"https:\/\/www.raimaberfluidtech.com\/industrial\/ca\/wp-json\/wp\/v2\/pages\/15155","targetHints":{"allow":["GET"]}}],"collection":[{"href":"https:\/\/www.raimaberfluidtech.com\/industrial\/ca\/wp-json\/wp\/v2\/pages"}],"about":[{"href":"https:\/\/www.raimaberfluidtech.com\/industrial\/ca\/wp-json\/wp\/v2\/types\/page"}],"author":[{"embeddable":true,"href":"https:\/\/www.raimaberfluidtech.com\/industrial\/ca\/wp-json\/wp\/v2\/users\/1"}],"replies":[{"embeddable":true,"href":"https:\/\/www.raimaberfluidtech.com\/industrial\/ca\/wp-json\/wp\/v2\/comments?post=15155"}],"version-history":[{"count":7,"href":"https:\/\/www.raimaberfluidtech.com\/industrial\/ca\/wp-json\/wp\/v2\/pages\/15155\/revisions"}],"predecessor-version":[{"id":17627,"href":"https:\/\/www.raimaberfluidtech.com\/industrial\/ca\/wp-json\/wp\/v2\/pages\/15155\/revisions\/17627"}],"wp:featuredmedia":[{"embeddable":true,"href":"https:\/\/www.raimaberfluidtech.com\/industrial\/ca\/wp-json\/wp\/v2\/media\/17626"}],"wp:attachment":[{"href":"https:\/\/www.raimaberfluidtech.com\/industrial\/ca\/wp-json\/wp\/v2\/media?parent=15155"}],"curies":[{"name":"wp","href":"https:\/\/api.w.org\/{rel}","templated":true}]}}