{"id":15120,"date":"2018-04-10T14:31:59","date_gmt":"2018-04-10T14:31:59","guid":{"rendered":"https:\/\/www.raimaberfluidtech.com\/industrial\/serie-sanitaria\/"},"modified":"2025-04-15T08:39:08","modified_gmt":"2025-04-15T08:39:08","slug":"serie-sanitaria","status":"publish","type":"page","link":"https:\/\/www.raimaberfluidtech.com\/industrial\/ca\/dellmeco\/serie-sanitaria\/","title":{"rendered":"S\u00e8rie Sanit\u00e0ria"},"content":{"rendered":"<div class=\"wpb-content-wrapper\"><p>[vc_row][vc_column width=&#8221;1\/2&#8243;][vc_media_grid element_width=&#8221;6&#8243; gap=&#8221;4&#8243; initial_loading_animation=&#8221;none&#8221; grid_id=&#8221;vc_gid:1632304981381-9906a11e-32a3-5&#8243; include=&#8221;5164,5390,5433&#8243;][\/vc_column][vc_column width=&#8221;1\/2&#8243;][vc_custom_heading text=&#8221;S\u00e8rie Sanit\u00e0ria&#8221; font_container=&#8221;tag:h2|font_size:18px|text_align:left|color:%23000000&#8243; use_theme_fonts=&#8221;yes&#8221;][vc_column_text]La s\u00e8rie Sanit\u00e0ria de DELLMECO s\u00f3n \u200b\u200bbombes pneum\u00e0tiques de diafragma dissenyades espec\u00edficament per satisfer les demandes de la ind\u00fastria sanit\u00e0ria, aliment\u00e0ria, begudes, productes farmac\u00e8utics i cosm\u00e8tics.<\/p>\n<p><strong>Principals caracter\u00edstiques:<\/strong><\/p>\n<ul>\n<li>Desmuntatge r\u00e0pid. El sistema d&#8217;abra\u00e7adora permet un desmuntatge r\u00e0pid sense necessitat d&#8217;eines.<\/li>\n<li>Superf\u00edcie llisa. Els diafragmes &#8220;sandvitx&#8221; tenen una superf\u00edcie plana que elimina els problemes associats amb el creixement microbi\u00e0.<br \/>\nEls diafragmes estan disponibles en materials de grau alimentari: TFM pur (PTFE).<\/li>\n<li>Polit. Tant el costat producte com l&#8217;exterior estan electropolits, per obtenir un acabat higi\u00e8nic superior. Es poden dur a terme altres acabats superficials especials segons les exig\u00e8ncies del client.<\/li>\n<li>v\u00e0lvula Eco-air. El sistema de tancament \u00e9s lliure de lubricaci\u00f3, mantenint la unitat i l&#8217;entorn lliures de contaminaci\u00f3.<\/li>\n<li>Varietat de tipus de connexi\u00f3. La bomba se subministra de s\u00e8rie amb connectors segons DIN 11851. No obstant aix\u00f2, es pot equipar amb gaireb\u00e9 qualsevol tipus de connexi\u00f3 utilitzada al sector sanitari, com TriClamp, SMS, RJT, JIS o ANSI.<\/li>\n<li>Bomba dissenyada per a CIP i sistema SIP. Les neteges CIP i SIP estan dissenyades per a la desinfecci\u00f3 autom\u00e0tiques sense un desmuntatge total de la bomba.<\/li>\n<\/ul>\n<p>[\/vc_column_text][vc_empty_space][vc_btn title=&#8221;SOL\u00b7LICITUD D&#8217;INFORMACI\u00d3 T\u00c8CNICA&#8221; link=&#8221;url:https%3A%2F%2Fwww.raimaberfluidtech.com%2Findustrial%2Fsolicitud-informacion-tecnica%2F|title:Sol%C2%B7licitud%20informaci%C3%B3%20t%C3%A8cnica|&#8221;][\/vc_column][\/vc_row][vc_row][vc_column][vc_column_text]<\/p>\n<p>[\/vc_column_text][\/vc_column][\/vc_row]<\/p>\n<\/div>","protected":false},"excerpt":{"rendered":"<p>[vc_row][vc_column width=&#8221;1\/2&#8243;][vc_media_grid element_width=&#8221;6&#8243; gap=&#8221;4&#8243; initial_loading_animation=&#8221;none&#8221; grid_id=&#8221;vc_gid:1632304981381-9906a11e-32a3-5&#8243; include=&#8221;5164,5390,5433&#8243;][\/vc_column][vc_column width=&#8221;1\/2&#8243;][vc_custom_heading text=&#8221;S\u00e8rie Sanit\u00e0ria&#8221; font_container=&#8221;tag:h2|font_size:18px|text_align:left|color:%23000000&#8243; use_theme_fonts=&#8221;yes&#8221;][vc_column_text]La s\u00e8rie Sanit\u00e0ria de DELLMECO s\u00f3n \u200b\u200bbombes pneum\u00e0tiques de diafragma dissenyades espec\u00edficament per satisfer les demandes de la ind\u00fastria sanit\u00e0ria, aliment\u00e0ria, begudes, productes farmac\u00e8utics i cosm\u00e8tics. Principals caracter\u00edstiques: Desmuntatge&#8230;<\/p>\n","protected":false},"author":1,"featured_media":0,"parent":15155,"menu_order":0,"comment_status":"closed","ping_status":"closed","template":"page-sidebar.php","meta":{"footnotes":""},"class_list":["post-15120","page","type-page","status-publish","hentry"],"yoast_head":"<!-- This site is optimized with the Yoast SEO plugin v24.3 - https:\/\/yoast.com\/wordpress\/plugins\/seo\/ -->\n<title>Dellmeco S\u00e8rie Sanit\u00e0ria - Raimaber<\/title>\n<meta name=\"description\" content=\"Les bombes pneum\u00e0tiques de diafragma Dellmeco s\u00e8rie sanit\u00e0ria, han estat dissenyades per a l&#039;eliminaci\u00f3 dels problemes de creixement microbi\u00e0\" \/>\n<meta name=\"robots\" content=\"index, follow, max-snippet:-1, max-image-preview:large, max-video-preview:-1\" \/>\n<link rel=\"canonical\" href=\"https:\/\/www.raimaberfluidtech.com\/industrial\/ca\/dellmeco\/serie-sanitaria\/\" \/>\n<meta property=\"og:locale\" content=\"ca_ES\" \/>\n<meta property=\"og:type\" content=\"article\" \/>\n<meta property=\"og:title\" content=\"Dellmeco S\u00e8rie Sanit\u00e0ria - Raimaber\" \/>\n<meta property=\"og:description\" content=\"Les bombes pneum\u00e0tiques de diafragma Dellmeco s\u00e8rie sanit\u00e0ria, han estat dissenyades per a l&#039;eliminaci\u00f3 dels problemes de creixement microbi\u00e0\" \/>\n<meta property=\"og:url\" content=\"https:\/\/www.raimaberfluidtech.com\/industrial\/ca\/dellmeco\/serie-sanitaria\/\" \/>\n<meta property=\"og:site_name\" content=\"Raimaber Fluid Tech [Industrial]\" \/>\n<meta property=\"article:modified_time\" content=\"2025-04-15T08:39:08+00:00\" \/>\n<meta name=\"twitter:label1\" content=\"Temps estimat de lectura\" \/>\n\t<meta name=\"twitter:data1\" content=\"1 minut\" \/>\n<script type=\"application\/ld+json\" class=\"yoast-schema-graph\">{\"@context\":\"https:\/\/schema.org\",\"@graph\":[{\"@type\":\"WebPage\",\"@id\":\"https:\/\/www.raimaberfluidtech.com\/industrial\/ca\/dellmeco\/serie-sanitaria\/\",\"url\":\"https:\/\/www.raimaberfluidtech.com\/industrial\/ca\/dellmeco\/serie-sanitaria\/\",\"name\":\"Dellmeco S\u00e8rie Sanit\u00e0ria - Raimaber\",\"isPartOf\":{\"@id\":\"https:\/\/www.raimaberfluidtech.com\/industrial\/ca\/#website\"},\"datePublished\":\"2018-04-10T14:31:59+00:00\",\"dateModified\":\"2025-04-15T08:39:08+00:00\",\"description\":\"Les bombes pneum\u00e0tiques de diafragma Dellmeco s\u00e8rie sanit\u00e0ria, han estat dissenyades per a l'eliminaci\u00f3 dels problemes de creixement microbi\u00e0\",\"breadcrumb\":{\"@id\":\"https:\/\/www.raimaberfluidtech.com\/industrial\/ca\/dellmeco\/serie-sanitaria\/#breadcrumb\"},\"inLanguage\":\"ca\",\"potentialAction\":[{\"@type\":\"ReadAction\",\"target\":[\"https:\/\/www.raimaberfluidtech.com\/industrial\/ca\/dellmeco\/serie-sanitaria\/\"]}]},{\"@type\":\"BreadcrumbList\",\"@id\":\"https:\/\/www.raimaberfluidtech.com\/industrial\/ca\/dellmeco\/serie-sanitaria\/#breadcrumb\",\"itemListElement\":[{\"@type\":\"ListItem\",\"position\":1,\"name\":\"Home\",\"item\":\"https:\/\/www.raimaberfluidtech.com\/industrial\/ca\/\"},{\"@type\":\"ListItem\",\"position\":2,\"name\":\"Dellmeco\",\"item\":\"https:\/\/www.raimaberfluidtech.com\/industrial\/ca\/dellmeco\/\"},{\"@type\":\"ListItem\",\"position\":3,\"name\":\"S\u00e8rie Sanit\u00e0ria\"}]},{\"@type\":\"WebSite\",\"@id\":\"https:\/\/www.raimaberfluidtech.com\/industrial\/ca\/#website\",\"url\":\"https:\/\/www.raimaberfluidtech.com\/industrial\/ca\/\",\"name\":\"Raimaber Fluid Tech [Industrial]\",\"description\":\"Bombas industriales\",\"publisher\":{\"@id\":\"https:\/\/www.raimaberfluidtech.com\/industrial\/ca\/#organization\"},\"potentialAction\":[{\"@type\":\"SearchAction\",\"target\":{\"@type\":\"EntryPoint\",\"urlTemplate\":\"https:\/\/www.raimaberfluidtech.com\/industrial\/ca\/?s={search_term_string}\"},\"query-input\":{\"@type\":\"PropertyValueSpecification\",\"valueRequired\":true,\"valueName\":\"search_term_string\"}}],\"inLanguage\":\"ca\"},{\"@type\":\"Organization\",\"@id\":\"https:\/\/www.raimaberfluidtech.com\/industrial\/ca\/#organization\",\"name\":\"Raimaber Fluid Tech [Industrial]\",\"url\":\"https:\/\/www.raimaberfluidtech.com\/industrial\/ca\/\",\"logo\":{\"@type\":\"ImageObject\",\"inLanguage\":\"ca\",\"@id\":\"https:\/\/www.raimaberfluidtech.com\/industrial\/ca\/#\/schema\/logo\/image\/\",\"url\":\"https:\/\/www.raimaberfluidtech.com\/industrial\/wp-content\/blogs.dir\/4\/files\/2012\/11\/raimaber.gif\",\"contentUrl\":\"https:\/\/www.raimaberfluidtech.com\/industrial\/wp-content\/blogs.dir\/4\/files\/2012\/11\/raimaber.gif\",\"width\":\"705\",\"height\":\"438\",\"caption\":\"Raimaber Fluid Tech [Industrial]\"},\"image\":{\"@id\":\"https:\/\/www.raimaberfluidtech.com\/industrial\/ca\/#\/schema\/logo\/image\/\"}}]}<\/script>\n<!-- \/ Yoast SEO plugin. -->","yoast_head_json":{"title":"Dellmeco S\u00e8rie Sanit\u00e0ria - Raimaber","description":"Les bombes pneum\u00e0tiques de diafragma Dellmeco s\u00e8rie sanit\u00e0ria, han estat dissenyades per a l'eliminaci\u00f3 dels problemes de creixement microbi\u00e0","robots":{"index":"index","follow":"follow","max-snippet":"max-snippet:-1","max-image-preview":"max-image-preview:large","max-video-preview":"max-video-preview:-1"},"canonical":"https:\/\/www.raimaberfluidtech.com\/industrial\/ca\/dellmeco\/serie-sanitaria\/","og_locale":"ca_ES","og_type":"article","og_title":"Dellmeco S\u00e8rie Sanit\u00e0ria - Raimaber","og_description":"Les bombes pneum\u00e0tiques de diafragma Dellmeco s\u00e8rie sanit\u00e0ria, han estat dissenyades per a l'eliminaci\u00f3 dels problemes de creixement microbi\u00e0","og_url":"https:\/\/www.raimaberfluidtech.com\/industrial\/ca\/dellmeco\/serie-sanitaria\/","og_site_name":"Raimaber Fluid Tech [Industrial]","article_modified_time":"2025-04-15T08:39:08+00:00","twitter_misc":{"Temps estimat de lectura":"1 minut"},"schema":{"@context":"https:\/\/schema.org","@graph":[{"@type":"WebPage","@id":"https:\/\/www.raimaberfluidtech.com\/industrial\/ca\/dellmeco\/serie-sanitaria\/","url":"https:\/\/www.raimaberfluidtech.com\/industrial\/ca\/dellmeco\/serie-sanitaria\/","name":"Dellmeco S\u00e8rie Sanit\u00e0ria - Raimaber","isPartOf":{"@id":"https:\/\/www.raimaberfluidtech.com\/industrial\/ca\/#website"},"datePublished":"2018-04-10T14:31:59+00:00","dateModified":"2025-04-15T08:39:08+00:00","description":"Les bombes pneum\u00e0tiques de diafragma Dellmeco s\u00e8rie sanit\u00e0ria, han estat dissenyades per a l'eliminaci\u00f3 dels problemes de creixement microbi\u00e0","breadcrumb":{"@id":"https:\/\/www.raimaberfluidtech.com\/industrial\/ca\/dellmeco\/serie-sanitaria\/#breadcrumb"},"inLanguage":"ca","potentialAction":[{"@type":"ReadAction","target":["https:\/\/www.raimaberfluidtech.com\/industrial\/ca\/dellmeco\/serie-sanitaria\/"]}]},{"@type":"BreadcrumbList","@id":"https:\/\/www.raimaberfluidtech.com\/industrial\/ca\/dellmeco\/serie-sanitaria\/#breadcrumb","itemListElement":[{"@type":"ListItem","position":1,"name":"Home","item":"https:\/\/www.raimaberfluidtech.com\/industrial\/ca\/"},{"@type":"ListItem","position":2,"name":"Dellmeco","item":"https:\/\/www.raimaberfluidtech.com\/industrial\/ca\/dellmeco\/"},{"@type":"ListItem","position":3,"name":"S\u00e8rie Sanit\u00e0ria"}]},{"@type":"WebSite","@id":"https:\/\/www.raimaberfluidtech.com\/industrial\/ca\/#website","url":"https:\/\/www.raimaberfluidtech.com\/industrial\/ca\/","name":"Raimaber Fluid Tech [Industrial]","description":"Bombas industriales","publisher":{"@id":"https:\/\/www.raimaberfluidtech.com\/industrial\/ca\/#organization"},"potentialAction":[{"@type":"SearchAction","target":{"@type":"EntryPoint","urlTemplate":"https:\/\/www.raimaberfluidtech.com\/industrial\/ca\/?s={search_term_string}"},"query-input":{"@type":"PropertyValueSpecification","valueRequired":true,"valueName":"search_term_string"}}],"inLanguage":"ca"},{"@type":"Organization","@id":"https:\/\/www.raimaberfluidtech.com\/industrial\/ca\/#organization","name":"Raimaber Fluid Tech [Industrial]","url":"https:\/\/www.raimaberfluidtech.com\/industrial\/ca\/","logo":{"@type":"ImageObject","inLanguage":"ca","@id":"https:\/\/www.raimaberfluidtech.com\/industrial\/ca\/#\/schema\/logo\/image\/","url":"https:\/\/www.raimaberfluidtech.com\/industrial\/wp-content\/blogs.dir\/4\/files\/2012\/11\/raimaber.gif","contentUrl":"https:\/\/www.raimaberfluidtech.com\/industrial\/wp-content\/blogs.dir\/4\/files\/2012\/11\/raimaber.gif","width":"705","height":"438","caption":"Raimaber Fluid Tech [Industrial]"},"image":{"@id":"https:\/\/www.raimaberfluidtech.com\/industrial\/ca\/#\/schema\/logo\/image\/"}}]}},"_links":{"self":[{"href":"https:\/\/www.raimaberfluidtech.com\/industrial\/ca\/wp-json\/wp\/v2\/pages\/15120","targetHints":{"allow":["GET"]}}],"collection":[{"href":"https:\/\/www.raimaberfluidtech.com\/industrial\/ca\/wp-json\/wp\/v2\/pages"}],"about":[{"href":"https:\/\/www.raimaberfluidtech.com\/industrial\/ca\/wp-json\/wp\/v2\/types\/page"}],"author":[{"embeddable":true,"href":"https:\/\/www.raimaberfluidtech.com\/industrial\/ca\/wp-json\/wp\/v2\/users\/1"}],"replies":[{"embeddable":true,"href":"https:\/\/www.raimaberfluidtech.com\/industrial\/ca\/wp-json\/wp\/v2\/comments?post=15120"}],"version-history":[{"count":2,"href":"https:\/\/www.raimaberfluidtech.com\/industrial\/ca\/wp-json\/wp\/v2\/pages\/15120\/revisions"}],"predecessor-version":[{"id":17664,"href":"https:\/\/www.raimaberfluidtech.com\/industrial\/ca\/wp-json\/wp\/v2\/pages\/15120\/revisions\/17664"}],"up":[{"embeddable":true,"href":"https:\/\/www.raimaberfluidtech.com\/industrial\/ca\/wp-json\/wp\/v2\/pages\/15155"}],"wp:attachment":[{"href":"https:\/\/www.raimaberfluidtech.com\/industrial\/ca\/wp-json\/wp\/v2\/media?parent=15120"}],"curies":[{"name":"wp","href":"https:\/\/api.w.org\/{rel}","templated":true}]}}