{"id":15114,"date":"2018-04-10T14:48:02","date_gmt":"2018-04-10T14:48:02","guid":{"rendered":"https:\/\/www.raimaberfluidtech.com\/industrial\/serie-dme-electrica\/"},"modified":"2025-04-15T08:38:58","modified_gmt":"2025-04-15T08:38:58","slug":"serie-dme-electrica","status":"publish","type":"page","link":"https:\/\/www.raimaberfluidtech.com\/industrial\/ca\/dellmeco\/serie-dme-electrica\/","title":{"rendered":"S\u00e8rie DME EL\u00c8CTRICA"},"content":{"rendered":"<div class=\"wpb-content-wrapper\"><p>[vc_row][vc_column width=&#8221;1\/2&#8243;][vc_media_grid element_width=&#8221;6&#8243; gap=&#8221;4&#8243; initial_loading_animation=&#8221;none&#8221; grid_id=&#8221;vc_gid:1632304969366-5e35cff3-1d36-0&#8243; include=&#8221;5402,5403,5404,5405,5406&#8243;][\/vc_column][vc_column width=&#8221;1\/2&#8243;][vc_custom_heading text=&#8221;S\u00e8rie DME&#8221; font_container=&#8221;tag:h2|font_size:18px|text_align:left|color:%23000000&#8243; use_theme_fonts=&#8221;yes&#8221;][vc_column_text]<strong>DELLMECO DME<\/strong> \u00e9s una bomba de doble diafragma accionada electromec\u00e0nicament d&#8217;alta efici\u00e8ncia energ\u00e8tica.<\/p>\n<p>Aquesta tecnologia de bomba est\u00e0 especialment dissenyada per a aplicacions universals que requereixen baixa pressi\u00f3 fins a 6 bar m\u00e0xim. Equip compacte, el disseny especial no requereix fluid hidr\u00e0ulic, i pot estar equipat per proporcionar el rendiment requerit per cada aplicaci\u00f3 espec\u00edfica, amb els materials adequats i els m\u00faltiples extres disponibles.<\/p>\n<p>El concepte de disseny de bomba de doble diafragma impulsat electromec\u00e0nicament DELLMECO i el baix consum d&#8217;energia quan s&#8217;utilitzen, en les aplicacions m\u00e9s diverses pels clients m\u00e9s exigents, han ajudat a consolidar la bona reputaci\u00f3 de DELLMECO al mercat<\/p>\n<p>Es fabrica en diversos materials: PE, PE conductiu, ferro, alumini, inoxidable i inoxidable polit.<\/p>\n<p>Es pot acoblar un variador de freq\u00fc\u00e8ncia i controlar el cabal, mitjan\u00e7ant les rpm del motoreductor.[\/vc_column_text][vc_empty_space][vc_btn title=&#8221;SOL\u00b7LICITUD D&#8217;INFORMACI\u00d3 T\u00c8CNICA&#8221; link=&#8221;url:https%3A%2F%2Fwww.raimaberfluidtech.com%2Findustrial%2Fsolicitud-informacion-tecnica%2F|title:Sol%C2%B7licitud%20informaci%C3%B3%20t%C3%A8cnica|&#8221;][\/vc_column][\/vc_row][vc_row][vc_column][vc_column_text]<\/p>\n<p>[\/vc_column_text][\/vc_column][\/vc_row]<\/p>\n<\/div>","protected":false},"excerpt":{"rendered":"<p>[vc_row][vc_column width=&#8221;1\/2&#8243;][vc_media_grid element_width=&#8221;6&#8243; gap=&#8221;4&#8243; initial_loading_animation=&#8221;none&#8221; grid_id=&#8221;vc_gid:1632304969366-5e35cff3-1d36-0&#8243; include=&#8221;5402,5403,5404,5405,5406&#8243;][\/vc_column][vc_column width=&#8221;1\/2&#8243;][vc_custom_heading text=&#8221;S\u00e8rie DME&#8221; font_container=&#8221;tag:h2|font_size:18px|text_align:left|color:%23000000&#8243; use_theme_fonts=&#8221;yes&#8221;][vc_column_text]DELLMECO DME \u00e9s una bomba de doble diafragma accionada electromec\u00e0nicament d&#8217;alta efici\u00e8ncia energ\u00e8tica. Aquesta tecnologia de bomba est\u00e0 especialment dissenyada per a aplicacions universals que requereixen baixa pressi\u00f3 fins&#8230;<\/p>\n","protected":false},"author":1,"featured_media":0,"parent":15155,"menu_order":0,"comment_status":"closed","ping_status":"closed","template":"page-sidebar.php","meta":{"footnotes":""},"class_list":["post-15114","page","type-page","status-publish","hentry"],"yoast_head":"<!-- This site is optimized with the Yoast SEO plugin v24.3 - https:\/\/yoast.com\/wordpress\/plugins\/seo\/ -->\n<title>S\u00e8rie DME - Raimaber<\/title>\n<meta name=\"description\" content=\"Dellmeco s\u00e8rie DME \u00e9s una bomba de doble diafragma amb una alta efici\u00e8ncia energ\u00e8tica i ideal per a aplicacions universals de baixa pressi\u00f3.\" \/>\n<meta name=\"robots\" content=\"index, follow, max-snippet:-1, max-image-preview:large, max-video-preview:-1\" \/>\n<link rel=\"canonical\" href=\"https:\/\/www.raimaberfluidtech.com\/industrial\/ca\/dellmeco\/serie-dme-electrica\/\" \/>\n<meta property=\"og:locale\" content=\"ca_ES\" \/>\n<meta property=\"og:type\" content=\"article\" \/>\n<meta property=\"og:title\" content=\"S\u00e8rie DME - Raimaber\" \/>\n<meta property=\"og:description\" content=\"Dellmeco s\u00e8rie DME \u00e9s una bomba de doble diafragma amb una alta efici\u00e8ncia energ\u00e8tica i ideal per a aplicacions universals de baixa pressi\u00f3.\" \/>\n<meta property=\"og:url\" content=\"https:\/\/www.raimaberfluidtech.com\/industrial\/ca\/dellmeco\/serie-dme-electrica\/\" \/>\n<meta property=\"og:site_name\" content=\"Raimaber Fluid Tech [Industrial]\" \/>\n<meta property=\"article:modified_time\" content=\"2025-04-15T08:38:58+00:00\" \/>\n<meta name=\"twitter:label1\" content=\"Temps estimat de lectura\" \/>\n\t<meta name=\"twitter:data1\" content=\"1 minut\" \/>\n<script type=\"application\/ld+json\" class=\"yoast-schema-graph\">{\"@context\":\"https:\/\/schema.org\",\"@graph\":[{\"@type\":\"WebPage\",\"@id\":\"https:\/\/www.raimaberfluidtech.com\/industrial\/ca\/dellmeco\/serie-dme-electrica\/\",\"url\":\"https:\/\/www.raimaberfluidtech.com\/industrial\/ca\/dellmeco\/serie-dme-electrica\/\",\"name\":\"S\u00e8rie DME - Raimaber\",\"isPartOf\":{\"@id\":\"https:\/\/www.raimaberfluidtech.com\/industrial\/ca\/#website\"},\"datePublished\":\"2018-04-10T14:48:02+00:00\",\"dateModified\":\"2025-04-15T08:38:58+00:00\",\"description\":\"Dellmeco s\u00e8rie DME \u00e9s una bomba de doble diafragma amb una alta efici\u00e8ncia energ\u00e8tica i ideal per a aplicacions universals de baixa pressi\u00f3.\",\"breadcrumb\":{\"@id\":\"https:\/\/www.raimaberfluidtech.com\/industrial\/ca\/dellmeco\/serie-dme-electrica\/#breadcrumb\"},\"inLanguage\":\"ca\",\"potentialAction\":[{\"@type\":\"ReadAction\",\"target\":[\"https:\/\/www.raimaberfluidtech.com\/industrial\/ca\/dellmeco\/serie-dme-electrica\/\"]}]},{\"@type\":\"BreadcrumbList\",\"@id\":\"https:\/\/www.raimaberfluidtech.com\/industrial\/ca\/dellmeco\/serie-dme-electrica\/#breadcrumb\",\"itemListElement\":[{\"@type\":\"ListItem\",\"position\":1,\"name\":\"Home\",\"item\":\"https:\/\/www.raimaberfluidtech.com\/industrial\/ca\/\"},{\"@type\":\"ListItem\",\"position\":2,\"name\":\"Dellmeco\",\"item\":\"https:\/\/www.raimaberfluidtech.com\/industrial\/ca\/dellmeco\/\"},{\"@type\":\"ListItem\",\"position\":3,\"name\":\"S\u00e8rie DME EL\u00c8CTRICA\"}]},{\"@type\":\"WebSite\",\"@id\":\"https:\/\/www.raimaberfluidtech.com\/industrial\/ca\/#website\",\"url\":\"https:\/\/www.raimaberfluidtech.com\/industrial\/ca\/\",\"name\":\"Raimaber Fluid Tech [Industrial]\",\"description\":\"Bombas industriales\",\"publisher\":{\"@id\":\"https:\/\/www.raimaberfluidtech.com\/industrial\/ca\/#organization\"},\"potentialAction\":[{\"@type\":\"SearchAction\",\"target\":{\"@type\":\"EntryPoint\",\"urlTemplate\":\"https:\/\/www.raimaberfluidtech.com\/industrial\/ca\/?s={search_term_string}\"},\"query-input\":{\"@type\":\"PropertyValueSpecification\",\"valueRequired\":true,\"valueName\":\"search_term_string\"}}],\"inLanguage\":\"ca\"},{\"@type\":\"Organization\",\"@id\":\"https:\/\/www.raimaberfluidtech.com\/industrial\/ca\/#organization\",\"name\":\"Raimaber Fluid Tech [Industrial]\",\"url\":\"https:\/\/www.raimaberfluidtech.com\/industrial\/ca\/\",\"logo\":{\"@type\":\"ImageObject\",\"inLanguage\":\"ca\",\"@id\":\"https:\/\/www.raimaberfluidtech.com\/industrial\/ca\/#\/schema\/logo\/image\/\",\"url\":\"https:\/\/www.raimaberfluidtech.com\/industrial\/wp-content\/blogs.dir\/4\/files\/2012\/11\/raimaber.gif\",\"contentUrl\":\"https:\/\/www.raimaberfluidtech.com\/industrial\/wp-content\/blogs.dir\/4\/files\/2012\/11\/raimaber.gif\",\"width\":\"705\",\"height\":\"438\",\"caption\":\"Raimaber Fluid Tech [Industrial]\"},\"image\":{\"@id\":\"https:\/\/www.raimaberfluidtech.com\/industrial\/ca\/#\/schema\/logo\/image\/\"}}]}<\/script>\n<!-- \/ Yoast SEO plugin. -->","yoast_head_json":{"title":"S\u00e8rie DME - Raimaber","description":"Dellmeco s\u00e8rie DME \u00e9s una bomba de doble diafragma amb una alta efici\u00e8ncia energ\u00e8tica i ideal per a aplicacions universals de baixa pressi\u00f3.","robots":{"index":"index","follow":"follow","max-snippet":"max-snippet:-1","max-image-preview":"max-image-preview:large","max-video-preview":"max-video-preview:-1"},"canonical":"https:\/\/www.raimaberfluidtech.com\/industrial\/ca\/dellmeco\/serie-dme-electrica\/","og_locale":"ca_ES","og_type":"article","og_title":"S\u00e8rie DME - Raimaber","og_description":"Dellmeco s\u00e8rie DME \u00e9s una bomba de doble diafragma amb una alta efici\u00e8ncia energ\u00e8tica i ideal per a aplicacions universals de baixa pressi\u00f3.","og_url":"https:\/\/www.raimaberfluidtech.com\/industrial\/ca\/dellmeco\/serie-dme-electrica\/","og_site_name":"Raimaber Fluid Tech [Industrial]","article_modified_time":"2025-04-15T08:38:58+00:00","twitter_misc":{"Temps estimat de lectura":"1 minut"},"schema":{"@context":"https:\/\/schema.org","@graph":[{"@type":"WebPage","@id":"https:\/\/www.raimaberfluidtech.com\/industrial\/ca\/dellmeco\/serie-dme-electrica\/","url":"https:\/\/www.raimaberfluidtech.com\/industrial\/ca\/dellmeco\/serie-dme-electrica\/","name":"S\u00e8rie DME - Raimaber","isPartOf":{"@id":"https:\/\/www.raimaberfluidtech.com\/industrial\/ca\/#website"},"datePublished":"2018-04-10T14:48:02+00:00","dateModified":"2025-04-15T08:38:58+00:00","description":"Dellmeco s\u00e8rie DME \u00e9s una bomba de doble diafragma amb una alta efici\u00e8ncia energ\u00e8tica i ideal per a aplicacions universals de baixa pressi\u00f3.","breadcrumb":{"@id":"https:\/\/www.raimaberfluidtech.com\/industrial\/ca\/dellmeco\/serie-dme-electrica\/#breadcrumb"},"inLanguage":"ca","potentialAction":[{"@type":"ReadAction","target":["https:\/\/www.raimaberfluidtech.com\/industrial\/ca\/dellmeco\/serie-dme-electrica\/"]}]},{"@type":"BreadcrumbList","@id":"https:\/\/www.raimaberfluidtech.com\/industrial\/ca\/dellmeco\/serie-dme-electrica\/#breadcrumb","itemListElement":[{"@type":"ListItem","position":1,"name":"Home","item":"https:\/\/www.raimaberfluidtech.com\/industrial\/ca\/"},{"@type":"ListItem","position":2,"name":"Dellmeco","item":"https:\/\/www.raimaberfluidtech.com\/industrial\/ca\/dellmeco\/"},{"@type":"ListItem","position":3,"name":"S\u00e8rie DME EL\u00c8CTRICA"}]},{"@type":"WebSite","@id":"https:\/\/www.raimaberfluidtech.com\/industrial\/ca\/#website","url":"https:\/\/www.raimaberfluidtech.com\/industrial\/ca\/","name":"Raimaber Fluid Tech [Industrial]","description":"Bombas industriales","publisher":{"@id":"https:\/\/www.raimaberfluidtech.com\/industrial\/ca\/#organization"},"potentialAction":[{"@type":"SearchAction","target":{"@type":"EntryPoint","urlTemplate":"https:\/\/www.raimaberfluidtech.com\/industrial\/ca\/?s={search_term_string}"},"query-input":{"@type":"PropertyValueSpecification","valueRequired":true,"valueName":"search_term_string"}}],"inLanguage":"ca"},{"@type":"Organization","@id":"https:\/\/www.raimaberfluidtech.com\/industrial\/ca\/#organization","name":"Raimaber Fluid Tech [Industrial]","url":"https:\/\/www.raimaberfluidtech.com\/industrial\/ca\/","logo":{"@type":"ImageObject","inLanguage":"ca","@id":"https:\/\/www.raimaberfluidtech.com\/industrial\/ca\/#\/schema\/logo\/image\/","url":"https:\/\/www.raimaberfluidtech.com\/industrial\/wp-content\/blogs.dir\/4\/files\/2012\/11\/raimaber.gif","contentUrl":"https:\/\/www.raimaberfluidtech.com\/industrial\/wp-content\/blogs.dir\/4\/files\/2012\/11\/raimaber.gif","width":"705","height":"438","caption":"Raimaber Fluid Tech [Industrial]"},"image":{"@id":"https:\/\/www.raimaberfluidtech.com\/industrial\/ca\/#\/schema\/logo\/image\/"}}]}},"_links":{"self":[{"href":"https:\/\/www.raimaberfluidtech.com\/industrial\/ca\/wp-json\/wp\/v2\/pages\/15114","targetHints":{"allow":["GET"]}}],"collection":[{"href":"https:\/\/www.raimaberfluidtech.com\/industrial\/ca\/wp-json\/wp\/v2\/pages"}],"about":[{"href":"https:\/\/www.raimaberfluidtech.com\/industrial\/ca\/wp-json\/wp\/v2\/types\/page"}],"author":[{"embeddable":true,"href":"https:\/\/www.raimaberfluidtech.com\/industrial\/ca\/wp-json\/wp\/v2\/users\/1"}],"replies":[{"embeddable":true,"href":"https:\/\/www.raimaberfluidtech.com\/industrial\/ca\/wp-json\/wp\/v2\/comments?post=15114"}],"version-history":[{"count":9,"href":"https:\/\/www.raimaberfluidtech.com\/industrial\/ca\/wp-json\/wp\/v2\/pages\/15114\/revisions"}],"predecessor-version":[{"id":17654,"href":"https:\/\/www.raimaberfluidtech.com\/industrial\/ca\/wp-json\/wp\/v2\/pages\/15114\/revisions\/17654"}],"up":[{"embeddable":true,"href":"https:\/\/www.raimaberfluidtech.com\/industrial\/ca\/wp-json\/wp\/v2\/pages\/15155"}],"wp:attachment":[{"href":"https:\/\/www.raimaberfluidtech.com\/industrial\/ca\/wp-json\/wp\/v2\/media?parent=15114"}],"curies":[{"name":"wp","href":"https:\/\/api.w.org\/{rel}","templated":true}]}}