{"id":15080,"date":"2018-04-17T11:22:26","date_gmt":"2018-04-17T11:22:26","guid":{"rendered":"https:\/\/www.raimaberfluidtech.com\/industrial\/perfiprocess-2\/perfitherm\/"},"modified":"2025-04-15T09:39:44","modified_gmt":"2025-04-15T09:39:44","slug":"perfitherm","status":"publish","type":"page","link":"https:\/\/www.raimaberfluidtech.com\/industrial\/ca\/perfiprocess-2\/perfitherm\/","title":{"rendered":"Perfitherm"},"content":{"rendered":"<div class=\"wpb-content-wrapper\"><p>[vc_row][vc_column width=&#8221;1\/2&#8243;][vc_media_grid element_width=&#8221;6&#8243; gap=&#8221;4&#8243; grid_id=&#8221;vc_gid:1632305056820-65ed543d-0eac-1&#8243; include=&#8221;5650,5228,5229&#8243;][\/vc_column][vc_column width=&#8221;1\/2&#8243;][vc_custom_heading text=&#8221;Perfitherm&#8221; font_container=&#8221;tag:h2|font_size:18px|text_align:left|color:%23000000&#8243; use_theme_fonts=&#8221;yes&#8221;][vc_column_text]L&#8217; <strong>intercanviador de calor de superf\u00edcie rascada<\/strong> de PERFIPROCESS \u00e9s apte per a tota mena de productes alimentaris, farmac\u00e8utics o qu\u00edmics. Gran capacitat dintercanvi de temperatura en espai redu\u00eft. Disseny amb doble camisa, cosa que permet un gran rendiment a baixes revolucions. Gr\u00e0cies a la baixa velocitat i al disseny d&#8217;entrada i sortida tangencials, no fa malb\u00e9 el producte (no emulsiona, no trenca trossos, etc.). Molt baix manteniment, amb un sol tancament mec\u00e0nic, al qual no es toca en cas d&#8217;inspecci\u00f3 interna de l&#8217;equip. <u><\/u><u><\/u><\/p>\n<p>Equip amb disseny higi\u00e8nic, que permet processos d&#8217;esterilitzaci\u00f3 o envasament as\u00e8ptic en fred. F\u00e0cil de netejar mitjan\u00e7ant CIP. <u><\/u><u><\/u><\/p>\n<p>Diferents mides i rendiments, des d&#8217;equip de laboratori (permet plantes pilot totalment escalables amb l\u00ednies industrials), passant per unitats per a l\u00ednies en batch, fins a equips d&#8217;alta capacitat per a l\u00ednies en continu amb cabals de treball molt elevats. Arribem fins a 7 m2<u><\/u><u><\/u><\/p>\n<p>Pot treballar amb diferents mitjans d&#8217;escalfament (vapor, aigua calenta, etc.) i de refredament (aigua, glicol, amon\u00edac, etc.).[\/vc_column_text][\/vc_column][\/vc_row][vc_row css=&#8221;.vc_custom_1520326839771{margin-top: 35px !important;}&#8221; el_class=&#8221;fileventajas&#8221;][vc_column width=&#8221;1\/2&#8243;][vc_custom_heading text=&#8221;Avantatges&#8221; use_theme_fonts=&#8221;yes&#8221;][vc_column_text]<\/p>\n<ul>\n<li style=\"text-align: justify;\">Acc\u00e9s senzill als rascadors.<\/li>\n<li style=\"text-align: justify;\">Es pot netejar mitjan\u00e7ant CIP.<\/li>\n<li style=\"text-align: justify;\">Inspecci\u00f3 interna sense tocar el tancament.<\/li>\n<li style=\"text-align: justify;\">Alta \u00e0rea dintercanvi en poc espai.<\/li>\n<li style=\"text-align: justify;\">Entrada tangencial de producte.<\/li>\n<li style=\"text-align: justify;\">\u00c0rea dacceleraci\u00f3 i desacceleraci\u00f3.<\/li>\n<li style=\"text-align: justify;\">No fa malb\u00e9 el producte ni trenca part\u00edcules.<\/li>\n<li style=\"text-align: justify;\">Manteniment molt redu\u00eft:\n<ul>\n<li>Un sol tancament mec\u00e0nic.<\/li>\n<li>Velocitat de feina molt baixa.<\/li>\n<\/ul>\n<\/li>\n<\/ul>\n<p>[\/vc_column_text][\/vc_column][vc_column width=&#8221;1\/2&#8243;][vc_custom_heading text=&#8221;Aplicacions&#8221; use_theme_fonts=&#8221;yes&#8221;][vc_column_text]<\/p>\n<ul>\n<li>Escalfament.<\/li>\n<li>Refredament as\u00e8ptic.<\/li>\n<li>\u201cUltra-refredament\u201d.<\/li>\n<li>Cristal\u00b7litzaci\u00f3.<\/li>\n<li>Temperat.<\/li>\n<li>Pasteuritzaci\u00f3.<\/li>\n<li>Esterilitzaci\u00f3.<\/li>\n<li>Polimeritzaci\u00f3.<\/li>\n<li>Gelificaci\u00f3.<\/li>\n<\/ul>\n<p>[\/vc_column_text][vc_empty_space][vc_btn title=&#8221;SOL\u00b7LICITUD D&#8217;INFORMACI\u00d3 T\u00c8CNICA&#8221; link=&#8221;url:https%3A%2F%2Fwww.raimaberfluidtech.com%2Findustrial%2Fsolicitud-informacion-tecnica%2F|title:Sol%C2%B7licitud%20informaci%C3%B3%20t%C3%A8cnica|&#8221;][\/vc_column][\/vc_row]<\/p>\n<\/div>","protected":false},"excerpt":{"rendered":"<p>[vc_row][vc_column width=&#8221;1\/2&#8243;][vc_media_grid element_width=&#8221;6&#8243; gap=&#8221;4&#8243; grid_id=&#8221;vc_gid:1632305056820-65ed543d-0eac-1&#8243; include=&#8221;5650,5228,5229&#8243;][\/vc_column][vc_column width=&#8221;1\/2&#8243;][vc_custom_heading text=&#8221;Perfitherm&#8221; font_container=&#8221;tag:h2|font_size:18px|text_align:left|color:%23000000&#8243; use_theme_fonts=&#8221;yes&#8221;][vc_column_text]L&#8217; intercanviador de calor de superf\u00edcie rascada de PERFIPROCESS \u00e9s apte per a tota mena de productes alimentaris, farmac\u00e8utics o qu\u00edmics. Gran capacitat dintercanvi de temperatura en espai redu\u00eft. Disseny amb&#8230;<\/p>\n","protected":false},"author":1,"featured_media":0,"parent":15048,"menu_order":0,"comment_status":"closed","ping_status":"closed","template":"page-sidebar.php","meta":{"footnotes":""},"class_list":["post-15080","page","type-page","status-publish","hentry"],"yoast_head":"<!-- This site is optimized with the Yoast SEO plugin v24.3 - https:\/\/yoast.com\/wordpress\/plugins\/seo\/ -->\n<title>Perfiprocess: Perfitherm - Raimaber Fluid Tech [Industrial]<\/title>\n<meta name=\"description\" content=\"Perfitherm de perfiprocess \u00e9s un intercanviador de calor de superf\u00edcie rascada apte per a tot tipus de productes alimentaris farmac\u00e8utics o qu\u00edmics.\" \/>\n<meta name=\"robots\" content=\"index, follow, max-snippet:-1, max-image-preview:large, max-video-preview:-1\" \/>\n<link rel=\"canonical\" href=\"https:\/\/www.raimaberfluidtech.com\/industrial\/ca\/perfiprocess-2\/perfitherm\/\" \/>\n<meta property=\"og:locale\" content=\"ca_ES\" \/>\n<meta property=\"og:type\" content=\"article\" \/>\n<meta property=\"og:title\" content=\"Perfiprocess: Perfitherm - Raimaber Fluid Tech [Industrial]\" \/>\n<meta property=\"og:description\" content=\"Perfitherm de perfiprocess \u00e9s un intercanviador de calor de superf\u00edcie rascada apte per a tot tipus de productes alimentaris farmac\u00e8utics o qu\u00edmics.\" \/>\n<meta property=\"og:url\" content=\"https:\/\/www.raimaberfluidtech.com\/industrial\/ca\/perfiprocess-2\/perfitherm\/\" \/>\n<meta property=\"og:site_name\" content=\"Raimaber Fluid Tech [Industrial]\" \/>\n<meta property=\"article:modified_time\" content=\"2025-04-15T09:39:44+00:00\" \/>\n<meta name=\"twitter:label1\" content=\"Temps estimat de lectura\" \/>\n\t<meta name=\"twitter:data1\" content=\"2 minuts\" \/>\n<script type=\"application\/ld+json\" class=\"yoast-schema-graph\">{\"@context\":\"https:\/\/schema.org\",\"@graph\":[{\"@type\":\"WebPage\",\"@id\":\"https:\/\/www.raimaberfluidtech.com\/industrial\/ca\/perfiprocess-2\/perfitherm\/\",\"url\":\"https:\/\/www.raimaberfluidtech.com\/industrial\/ca\/perfiprocess-2\/perfitherm\/\",\"name\":\"Perfiprocess: Perfitherm - Raimaber Fluid Tech [Industrial]\",\"isPartOf\":{\"@id\":\"https:\/\/www.raimaberfluidtech.com\/industrial\/ca\/#website\"},\"datePublished\":\"2018-04-17T11:22:26+00:00\",\"dateModified\":\"2025-04-15T09:39:44+00:00\",\"description\":\"Perfitherm de perfiprocess \u00e9s un intercanviador de calor de superf\u00edcie rascada apte per a tot tipus de productes alimentaris farmac\u00e8utics o qu\u00edmics.\",\"breadcrumb\":{\"@id\":\"https:\/\/www.raimaberfluidtech.com\/industrial\/ca\/perfiprocess-2\/perfitherm\/#breadcrumb\"},\"inLanguage\":\"ca\",\"potentialAction\":[{\"@type\":\"ReadAction\",\"target\":[\"https:\/\/www.raimaberfluidtech.com\/industrial\/ca\/perfiprocess-2\/perfitherm\/\"]}]},{\"@type\":\"BreadcrumbList\",\"@id\":\"https:\/\/www.raimaberfluidtech.com\/industrial\/ca\/perfiprocess-2\/perfitherm\/#breadcrumb\",\"itemListElement\":[{\"@type\":\"ListItem\",\"position\":1,\"name\":\"Home\",\"item\":\"https:\/\/www.raimaberfluidtech.com\/industrial\/ca\/\"},{\"@type\":\"ListItem\",\"position\":2,\"name\":\"Perfiprocess\",\"item\":\"https:\/\/www.raimaberfluidtech.com\/industrial\/ca\/perfiprocess-2\/\"},{\"@type\":\"ListItem\",\"position\":3,\"name\":\"Perfitherm\"}]},{\"@type\":\"WebSite\",\"@id\":\"https:\/\/www.raimaberfluidtech.com\/industrial\/ca\/#website\",\"url\":\"https:\/\/www.raimaberfluidtech.com\/industrial\/ca\/\",\"name\":\"Raimaber Fluid Tech [Industrial]\",\"description\":\"Bombas industriales\",\"publisher\":{\"@id\":\"https:\/\/www.raimaberfluidtech.com\/industrial\/ca\/#organization\"},\"potentialAction\":[{\"@type\":\"SearchAction\",\"target\":{\"@type\":\"EntryPoint\",\"urlTemplate\":\"https:\/\/www.raimaberfluidtech.com\/industrial\/ca\/?s={search_term_string}\"},\"query-input\":{\"@type\":\"PropertyValueSpecification\",\"valueRequired\":true,\"valueName\":\"search_term_string\"}}],\"inLanguage\":\"ca\"},{\"@type\":\"Organization\",\"@id\":\"https:\/\/www.raimaberfluidtech.com\/industrial\/ca\/#organization\",\"name\":\"Raimaber Fluid Tech [Industrial]\",\"url\":\"https:\/\/www.raimaberfluidtech.com\/industrial\/ca\/\",\"logo\":{\"@type\":\"ImageObject\",\"inLanguage\":\"ca\",\"@id\":\"https:\/\/www.raimaberfluidtech.com\/industrial\/ca\/#\/schema\/logo\/image\/\",\"url\":\"https:\/\/www.raimaberfluidtech.com\/industrial\/wp-content\/blogs.dir\/4\/files\/2012\/11\/raimaber.gif\",\"contentUrl\":\"https:\/\/www.raimaberfluidtech.com\/industrial\/wp-content\/blogs.dir\/4\/files\/2012\/11\/raimaber.gif\",\"width\":\"705\",\"height\":\"438\",\"caption\":\"Raimaber Fluid Tech [Industrial]\"},\"image\":{\"@id\":\"https:\/\/www.raimaberfluidtech.com\/industrial\/ca\/#\/schema\/logo\/image\/\"}}]}<\/script>\n<!-- \/ Yoast SEO plugin. -->","yoast_head_json":{"title":"Perfiprocess: Perfitherm - Raimaber Fluid Tech [Industrial]","description":"Perfitherm de perfiprocess \u00e9s un intercanviador de calor de superf\u00edcie rascada apte per a tot tipus de productes alimentaris farmac\u00e8utics o qu\u00edmics.","robots":{"index":"index","follow":"follow","max-snippet":"max-snippet:-1","max-image-preview":"max-image-preview:large","max-video-preview":"max-video-preview:-1"},"canonical":"https:\/\/www.raimaberfluidtech.com\/industrial\/ca\/perfiprocess-2\/perfitherm\/","og_locale":"ca_ES","og_type":"article","og_title":"Perfiprocess: Perfitherm - Raimaber Fluid Tech [Industrial]","og_description":"Perfitherm de perfiprocess \u00e9s un intercanviador de calor de superf\u00edcie rascada apte per a tot tipus de productes alimentaris farmac\u00e8utics o qu\u00edmics.","og_url":"https:\/\/www.raimaberfluidtech.com\/industrial\/ca\/perfiprocess-2\/perfitherm\/","og_site_name":"Raimaber Fluid Tech [Industrial]","article_modified_time":"2025-04-15T09:39:44+00:00","twitter_misc":{"Temps estimat de lectura":"2 minuts"},"schema":{"@context":"https:\/\/schema.org","@graph":[{"@type":"WebPage","@id":"https:\/\/www.raimaberfluidtech.com\/industrial\/ca\/perfiprocess-2\/perfitherm\/","url":"https:\/\/www.raimaberfluidtech.com\/industrial\/ca\/perfiprocess-2\/perfitherm\/","name":"Perfiprocess: Perfitherm - Raimaber Fluid Tech [Industrial]","isPartOf":{"@id":"https:\/\/www.raimaberfluidtech.com\/industrial\/ca\/#website"},"datePublished":"2018-04-17T11:22:26+00:00","dateModified":"2025-04-15T09:39:44+00:00","description":"Perfitherm de perfiprocess \u00e9s un intercanviador de calor de superf\u00edcie rascada apte per a tot tipus de productes alimentaris farmac\u00e8utics o qu\u00edmics.","breadcrumb":{"@id":"https:\/\/www.raimaberfluidtech.com\/industrial\/ca\/perfiprocess-2\/perfitherm\/#breadcrumb"},"inLanguage":"ca","potentialAction":[{"@type":"ReadAction","target":["https:\/\/www.raimaberfluidtech.com\/industrial\/ca\/perfiprocess-2\/perfitherm\/"]}]},{"@type":"BreadcrumbList","@id":"https:\/\/www.raimaberfluidtech.com\/industrial\/ca\/perfiprocess-2\/perfitherm\/#breadcrumb","itemListElement":[{"@type":"ListItem","position":1,"name":"Home","item":"https:\/\/www.raimaberfluidtech.com\/industrial\/ca\/"},{"@type":"ListItem","position":2,"name":"Perfiprocess","item":"https:\/\/www.raimaberfluidtech.com\/industrial\/ca\/perfiprocess-2\/"},{"@type":"ListItem","position":3,"name":"Perfitherm"}]},{"@type":"WebSite","@id":"https:\/\/www.raimaberfluidtech.com\/industrial\/ca\/#website","url":"https:\/\/www.raimaberfluidtech.com\/industrial\/ca\/","name":"Raimaber Fluid Tech [Industrial]","description":"Bombas industriales","publisher":{"@id":"https:\/\/www.raimaberfluidtech.com\/industrial\/ca\/#organization"},"potentialAction":[{"@type":"SearchAction","target":{"@type":"EntryPoint","urlTemplate":"https:\/\/www.raimaberfluidtech.com\/industrial\/ca\/?s={search_term_string}"},"query-input":{"@type":"PropertyValueSpecification","valueRequired":true,"valueName":"search_term_string"}}],"inLanguage":"ca"},{"@type":"Organization","@id":"https:\/\/www.raimaberfluidtech.com\/industrial\/ca\/#organization","name":"Raimaber Fluid Tech [Industrial]","url":"https:\/\/www.raimaberfluidtech.com\/industrial\/ca\/","logo":{"@type":"ImageObject","inLanguage":"ca","@id":"https:\/\/www.raimaberfluidtech.com\/industrial\/ca\/#\/schema\/logo\/image\/","url":"https:\/\/www.raimaberfluidtech.com\/industrial\/wp-content\/blogs.dir\/4\/files\/2012\/11\/raimaber.gif","contentUrl":"https:\/\/www.raimaberfluidtech.com\/industrial\/wp-content\/blogs.dir\/4\/files\/2012\/11\/raimaber.gif","width":"705","height":"438","caption":"Raimaber Fluid Tech [Industrial]"},"image":{"@id":"https:\/\/www.raimaberfluidtech.com\/industrial\/ca\/#\/schema\/logo\/image\/"}}]}},"_links":{"self":[{"href":"https:\/\/www.raimaberfluidtech.com\/industrial\/ca\/wp-json\/wp\/v2\/pages\/15080","targetHints":{"allow":["GET"]}}],"collection":[{"href":"https:\/\/www.raimaberfluidtech.com\/industrial\/ca\/wp-json\/wp\/v2\/pages"}],"about":[{"href":"https:\/\/www.raimaberfluidtech.com\/industrial\/ca\/wp-json\/wp\/v2\/types\/page"}],"author":[{"embeddable":true,"href":"https:\/\/www.raimaberfluidtech.com\/industrial\/ca\/wp-json\/wp\/v2\/users\/1"}],"replies":[{"embeddable":true,"href":"https:\/\/www.raimaberfluidtech.com\/industrial\/ca\/wp-json\/wp\/v2\/comments?post=15080"}],"version-history":[{"count":2,"href":"https:\/\/www.raimaberfluidtech.com\/industrial\/ca\/wp-json\/wp\/v2\/pages\/15080\/revisions"}],"predecessor-version":[{"id":17704,"href":"https:\/\/www.raimaberfluidtech.com\/industrial\/ca\/wp-json\/wp\/v2\/pages\/15080\/revisions\/17704"}],"up":[{"embeddable":true,"href":"https:\/\/www.raimaberfluidtech.com\/industrial\/ca\/wp-json\/wp\/v2\/pages\/15048"}],"wp:attachment":[{"href":"https:\/\/www.raimaberfluidtech.com\/industrial\/ca\/wp-json\/wp\/v2\/media?parent=15080"}],"curies":[{"name":"wp","href":"https:\/\/api.w.org\/{rel}","templated":true}]}}