{"id":15069,"date":"2018-04-10T15:03:31","date_gmt":"2018-04-10T15:03:31","guid":{"rendered":"https:\/\/www.raimaberfluidtech.com\/industrial\/karr-italiana-2\/"},"modified":"2025-04-15T09:39:07","modified_gmt":"2025-04-15T09:39:07","slug":"karr-italiana-2","status":"publish","type":"page","link":"https:\/\/www.raimaberfluidtech.com\/industrial\/ca\/karr-italiana-2\/","title":{"rendered":"Karr Italiana"},"content":{"rendered":"<div class=\"wpb-content-wrapper\"><p>[vc_row][vc_column width=&#8221;1\/2&#8243;][vc_media_grid element_width=&#8221;6&#8243; gap=&#8221;4&#8243; grid_id=&#8221;vc_gid:1689593319266-9342cc15-1ff6-3&#8243; include=&#8221;5271,5272,5273,5274,5275,5276&#8243;][\/vc_column][vc_column width=&#8221;1\/2&#8243;][vc_custom_heading text=&#8221;Karr Italiana&#8221; font_container=&#8221;tag:h2|font_size:18px|text_align:left|color:%23000000&#8243; use_theme_fonts=&#8221;yes&#8221;][vc_column_text]<strong>Qualitat des de 1963<\/strong><\/p>\n<p>KARR ITALIANA \u00e9s especialista en la dosificaci\u00f3 i control de productes l\u00edquids, densos i pastosos, garantint la qualitat, consist\u00e8ncia i fiabilitat dels resultats. Durant m\u00e9s de cinquanta anys estan fabricant m\u00e0quines dosificadores d&#8217;ompliment volum\u00e8tric, que es caracteritzen per solucions espec\u00edfiques i innovadores per al seu \u00fas als sectors alimentari, cosm\u00e8tic, qu\u00edmic i petroqu\u00edmic. Les dosificadores de KARR ITALIANA es caracteritzen per ser compactes i simples en les formes, per la m\u00e0xima versatilitat, precisi\u00f3 i fiabilitat en la dosificaci\u00f3, per la cura dedicada de cada detall i per l&#8217;\u00fas de materials i components d&#8217;excel\u00b7l\u00e8ncia absoluta.<\/p>\n<p style=\"font-weight: 400;\">Les nostres bombes dosificadores volum\u00e8triques de diferents mides satisfan les necessitats de l\u00ednies de producci\u00f3 petites i grans. Una gamma de bombes dosificadores pneum\u00e0tiques caracteritzades per:<\/p>\n<ul>\n<li>Facilitat d&#8217;\u00fas, manteniment i neteja<\/li>\n<li>M\u00e0xima precisi\u00f3 en la dosificaci\u00f3 i transfer\u00e8ncia<\/li>\n<li>Sense contaminaci\u00f3, equip higi\u00e8nic sanitari<\/li>\n<li>Respectem les caracter\u00edstiques del producte<\/li>\n<li>Tecnologia personalitzada<\/li>\n<li>Personal especialitzat estudia solucions espec\u00edfiques que satisfan totes les vostres necessitats. Analitzem les especificacions de personalitzaci\u00f3 i proporcionem solucions i prototips ad hoc.<\/li>\n<\/ul>\n<p>Karr Italiana tamb\u00e9 dissenya equips i sistemes de dosificaci\u00f3 personalitzats, depenent de les aplicacions i amb vista a la viabilitat i el rendiment<\/p>\n<p>Karr s&#8217;utilitzen a tots els sectors del mercat que requereixen precisi\u00f3 en la dosificaci\u00f3. Els nostres clients s\u00f3n els principals fabricants de plantes per a l\u00ednies de producci\u00f3 i les multinacionals m\u00e9s importants a It\u00e0lia i al m\u00f3n. En particular, servim la ind\u00fastria: Aliment\u00e0ria, Cosm\u00e8tica i Farmac\u00e8utica, Qu\u00edmica.<\/p>\n<p>&nbsp;<\/p>\n<p><strong>Web<\/strong> : <a href=\"https:\/\/www.karr-italiana.it\/en\/\" target=\"_blank\" rel=\"noopener\">https:\/\/www.karr-italiana.it\/en\/<\/a>[\/vc_column_text][vc_empty_space][vc_btn title=&#8221;SOL\u00b7LICITUD D&#8217;INFORMACI\u00d3 T\u00c8CNICA&#8221; link=&#8221;url:https%3A%2F%2Fwww.raimaberfluidtech.com%2Findustrial%2Fsolicitud-informacion-tecnica%2F|title:Sol%C2%B7licitud%20informaci%C3%B3%20t%C3%A8cnica|&#8221;][\/vc_column][\/vc_row]<\/p>\n<\/div>","protected":false},"excerpt":{"rendered":"<p>[vc_row][vc_column width=&#8221;1\/2&#8243;][vc_media_grid element_width=&#8221;6&#8243; gap=&#8221;4&#8243; grid_id=&#8221;vc_gid:1689593319266-9342cc15-1ff6-3&#8243; include=&#8221;5271,5272,5273,5274,5275,5276&#8243;][\/vc_column][vc_column width=&#8221;1\/2&#8243;][vc_custom_heading text=&#8221;Karr Italiana&#8221; font_container=&#8221;tag:h2|font_size:18px|text_align:left|color:%23000000&#8243; use_theme_fonts=&#8221;yes&#8221;][vc_column_text]Qualitat des de 1963 KARR ITALIANA \u00e9s especialista en la dosificaci\u00f3 i control de productes l\u00edquids, densos i pastosos, garantint la qualitat, consist\u00e8ncia i fiabilitat dels resultats. Durant m\u00e9s de&#8230;<\/p>\n","protected":false},"author":1,"featured_media":17673,"parent":0,"menu_order":0,"comment_status":"closed","ping_status":"closed","template":"page-sidebar.php","meta":{"footnotes":""},"class_list":["post-15069","page","type-page","status-publish","has-post-thumbnail","hentry"],"yoast_head":"<!-- This site is optimized with the Yoast SEO plugin v24.3 - https:\/\/yoast.com\/wordpress\/plugins\/seo\/ -->\n<title>Karr Italiana - Raimaber<\/title>\n<meta name=\"description\" content=\"Karr italiana \u00e9s especialista en la dosificaci\u00f3 i control de productes l\u00edquids, densos i pastosos, garantint la qualitat, consist\u00e8ncia i fiabilitat.\" \/>\n<meta name=\"robots\" content=\"index, follow, max-snippet:-1, max-image-preview:large, max-video-preview:-1\" \/>\n<link rel=\"canonical\" href=\"https:\/\/www.raimaberfluidtech.com\/industrial\/ca\/karr-italiana-2\/\" \/>\n<meta property=\"og:locale\" content=\"ca_ES\" \/>\n<meta property=\"og:type\" content=\"article\" \/>\n<meta property=\"og:title\" content=\"Karr Italiana - Raimaber\" \/>\n<meta property=\"og:description\" content=\"Karr italiana \u00e9s especialista en la dosificaci\u00f3 i control de productes l\u00edquids, densos i pastosos, garantint la qualitat, consist\u00e8ncia i fiabilitat.\" \/>\n<meta property=\"og:url\" content=\"https:\/\/www.raimaberfluidtech.com\/industrial\/ca\/karr-italiana-2\/\" \/>\n<meta property=\"og:site_name\" content=\"Raimaber Fluid Tech [Industrial]\" \/>\n<meta property=\"article:modified_time\" content=\"2025-04-15T09:39:07+00:00\" \/>\n<meta property=\"og:image\" content=\"https:\/\/www.raimaberfluidtech.com\/industrial\/files\/2018\/04\/logo-karr-italiana.png\" \/>\n\t<meta property=\"og:image:width\" content=\"400\" \/>\n\t<meta property=\"og:image:height\" content=\"263\" \/>\n\t<meta property=\"og:image:type\" content=\"image\/png\" \/>\n<meta name=\"twitter:label1\" content=\"Temps estimat de lectura\" \/>\n\t<meta name=\"twitter:data1\" content=\"2 minuts\" \/>\n<script type=\"application\/ld+json\" class=\"yoast-schema-graph\">{\"@context\":\"https:\/\/schema.org\",\"@graph\":[{\"@type\":\"WebPage\",\"@id\":\"https:\/\/www.raimaberfluidtech.com\/industrial\/ca\/karr-italiana-2\/\",\"url\":\"https:\/\/www.raimaberfluidtech.com\/industrial\/ca\/karr-italiana-2\/\",\"name\":\"Karr Italiana - Raimaber\",\"isPartOf\":{\"@id\":\"https:\/\/www.raimaberfluidtech.com\/industrial\/ca\/#website\"},\"primaryImageOfPage\":{\"@id\":\"https:\/\/www.raimaberfluidtech.com\/industrial\/ca\/karr-italiana-2\/#primaryimage\"},\"image\":{\"@id\":\"https:\/\/www.raimaberfluidtech.com\/industrial\/ca\/karr-italiana-2\/#primaryimage\"},\"thumbnailUrl\":\"https:\/\/www.raimaberfluidtech.com\/industrial\/files\/2018\/04\/logo-karr-italiana.png\",\"datePublished\":\"2018-04-10T15:03:31+00:00\",\"dateModified\":\"2025-04-15T09:39:07+00:00\",\"description\":\"Karr italiana \u00e9s especialista en la dosificaci\u00f3 i control de productes l\u00edquids, densos i pastosos, garantint la qualitat, consist\u00e8ncia i fiabilitat.\",\"breadcrumb\":{\"@id\":\"https:\/\/www.raimaberfluidtech.com\/industrial\/ca\/karr-italiana-2\/#breadcrumb\"},\"inLanguage\":\"ca\",\"potentialAction\":[{\"@type\":\"ReadAction\",\"target\":[\"https:\/\/www.raimaberfluidtech.com\/industrial\/ca\/karr-italiana-2\/\"]}]},{\"@type\":\"ImageObject\",\"inLanguage\":\"ca\",\"@id\":\"https:\/\/www.raimaberfluidtech.com\/industrial\/ca\/karr-italiana-2\/#primaryimage\",\"url\":\"https:\/\/www.raimaberfluidtech.com\/industrial\/files\/2018\/04\/logo-karr-italiana.png\",\"contentUrl\":\"https:\/\/www.raimaberfluidtech.com\/industrial\/files\/2018\/04\/logo-karr-italiana.png\",\"width\":400,\"height\":263},{\"@type\":\"BreadcrumbList\",\"@id\":\"https:\/\/www.raimaberfluidtech.com\/industrial\/ca\/karr-italiana-2\/#breadcrumb\",\"itemListElement\":[{\"@type\":\"ListItem\",\"position\":1,\"name\":\"Home\",\"item\":\"https:\/\/www.raimaberfluidtech.com\/industrial\/ca\/\"},{\"@type\":\"ListItem\",\"position\":2,\"name\":\"Karr Italiana\"}]},{\"@type\":\"WebSite\",\"@id\":\"https:\/\/www.raimaberfluidtech.com\/industrial\/ca\/#website\",\"url\":\"https:\/\/www.raimaberfluidtech.com\/industrial\/ca\/\",\"name\":\"Raimaber Fluid Tech [Industrial]\",\"description\":\"Bombas industriales\",\"publisher\":{\"@id\":\"https:\/\/www.raimaberfluidtech.com\/industrial\/ca\/#organization\"},\"potentialAction\":[{\"@type\":\"SearchAction\",\"target\":{\"@type\":\"EntryPoint\",\"urlTemplate\":\"https:\/\/www.raimaberfluidtech.com\/industrial\/ca\/?s={search_term_string}\"},\"query-input\":{\"@type\":\"PropertyValueSpecification\",\"valueRequired\":true,\"valueName\":\"search_term_string\"}}],\"inLanguage\":\"ca\"},{\"@type\":\"Organization\",\"@id\":\"https:\/\/www.raimaberfluidtech.com\/industrial\/ca\/#organization\",\"name\":\"Raimaber Fluid Tech [Industrial]\",\"url\":\"https:\/\/www.raimaberfluidtech.com\/industrial\/ca\/\",\"logo\":{\"@type\":\"ImageObject\",\"inLanguage\":\"ca\",\"@id\":\"https:\/\/www.raimaberfluidtech.com\/industrial\/ca\/#\/schema\/logo\/image\/\",\"url\":\"https:\/\/www.raimaberfluidtech.com\/industrial\/wp-content\/blogs.dir\/4\/files\/2012\/11\/raimaber.gif\",\"contentUrl\":\"https:\/\/www.raimaberfluidtech.com\/industrial\/wp-content\/blogs.dir\/4\/files\/2012\/11\/raimaber.gif\",\"width\":\"705\",\"height\":\"438\",\"caption\":\"Raimaber Fluid Tech [Industrial]\"},\"image\":{\"@id\":\"https:\/\/www.raimaberfluidtech.com\/industrial\/ca\/#\/schema\/logo\/image\/\"}}]}<\/script>\n<!-- \/ Yoast SEO plugin. -->","yoast_head_json":{"title":"Karr Italiana - Raimaber","description":"Karr italiana \u00e9s especialista en la dosificaci\u00f3 i control de productes l\u00edquids, densos i pastosos, garantint la qualitat, consist\u00e8ncia i fiabilitat.","robots":{"index":"index","follow":"follow","max-snippet":"max-snippet:-1","max-image-preview":"max-image-preview:large","max-video-preview":"max-video-preview:-1"},"canonical":"https:\/\/www.raimaberfluidtech.com\/industrial\/ca\/karr-italiana-2\/","og_locale":"ca_ES","og_type":"article","og_title":"Karr Italiana - Raimaber","og_description":"Karr italiana \u00e9s especialista en la dosificaci\u00f3 i control de productes l\u00edquids, densos i pastosos, garantint la qualitat, consist\u00e8ncia i fiabilitat.","og_url":"https:\/\/www.raimaberfluidtech.com\/industrial\/ca\/karr-italiana-2\/","og_site_name":"Raimaber Fluid Tech [Industrial]","article_modified_time":"2025-04-15T09:39:07+00:00","og_image":[{"width":400,"height":263,"url":"https:\/\/www.raimaberfluidtech.com\/industrial\/files\/2018\/04\/logo-karr-italiana.png","type":"image\/png"}],"twitter_misc":{"Temps estimat de lectura":"2 minuts"},"schema":{"@context":"https:\/\/schema.org","@graph":[{"@type":"WebPage","@id":"https:\/\/www.raimaberfluidtech.com\/industrial\/ca\/karr-italiana-2\/","url":"https:\/\/www.raimaberfluidtech.com\/industrial\/ca\/karr-italiana-2\/","name":"Karr Italiana - Raimaber","isPartOf":{"@id":"https:\/\/www.raimaberfluidtech.com\/industrial\/ca\/#website"},"primaryImageOfPage":{"@id":"https:\/\/www.raimaberfluidtech.com\/industrial\/ca\/karr-italiana-2\/#primaryimage"},"image":{"@id":"https:\/\/www.raimaberfluidtech.com\/industrial\/ca\/karr-italiana-2\/#primaryimage"},"thumbnailUrl":"https:\/\/www.raimaberfluidtech.com\/industrial\/files\/2018\/04\/logo-karr-italiana.png","datePublished":"2018-04-10T15:03:31+00:00","dateModified":"2025-04-15T09:39:07+00:00","description":"Karr italiana \u00e9s especialista en la dosificaci\u00f3 i control de productes l\u00edquids, densos i pastosos, garantint la qualitat, consist\u00e8ncia i fiabilitat.","breadcrumb":{"@id":"https:\/\/www.raimaberfluidtech.com\/industrial\/ca\/karr-italiana-2\/#breadcrumb"},"inLanguage":"ca","potentialAction":[{"@type":"ReadAction","target":["https:\/\/www.raimaberfluidtech.com\/industrial\/ca\/karr-italiana-2\/"]}]},{"@type":"ImageObject","inLanguage":"ca","@id":"https:\/\/www.raimaberfluidtech.com\/industrial\/ca\/karr-italiana-2\/#primaryimage","url":"https:\/\/www.raimaberfluidtech.com\/industrial\/files\/2018\/04\/logo-karr-italiana.png","contentUrl":"https:\/\/www.raimaberfluidtech.com\/industrial\/files\/2018\/04\/logo-karr-italiana.png","width":400,"height":263},{"@type":"BreadcrumbList","@id":"https:\/\/www.raimaberfluidtech.com\/industrial\/ca\/karr-italiana-2\/#breadcrumb","itemListElement":[{"@type":"ListItem","position":1,"name":"Home","item":"https:\/\/www.raimaberfluidtech.com\/industrial\/ca\/"},{"@type":"ListItem","position":2,"name":"Karr Italiana"}]},{"@type":"WebSite","@id":"https:\/\/www.raimaberfluidtech.com\/industrial\/ca\/#website","url":"https:\/\/www.raimaberfluidtech.com\/industrial\/ca\/","name":"Raimaber Fluid Tech [Industrial]","description":"Bombas industriales","publisher":{"@id":"https:\/\/www.raimaberfluidtech.com\/industrial\/ca\/#organization"},"potentialAction":[{"@type":"SearchAction","target":{"@type":"EntryPoint","urlTemplate":"https:\/\/www.raimaberfluidtech.com\/industrial\/ca\/?s={search_term_string}"},"query-input":{"@type":"PropertyValueSpecification","valueRequired":true,"valueName":"search_term_string"}}],"inLanguage":"ca"},{"@type":"Organization","@id":"https:\/\/www.raimaberfluidtech.com\/industrial\/ca\/#organization","name":"Raimaber Fluid Tech [Industrial]","url":"https:\/\/www.raimaberfluidtech.com\/industrial\/ca\/","logo":{"@type":"ImageObject","inLanguage":"ca","@id":"https:\/\/www.raimaberfluidtech.com\/industrial\/ca\/#\/schema\/logo\/image\/","url":"https:\/\/www.raimaberfluidtech.com\/industrial\/wp-content\/blogs.dir\/4\/files\/2012\/11\/raimaber.gif","contentUrl":"https:\/\/www.raimaberfluidtech.com\/industrial\/wp-content\/blogs.dir\/4\/files\/2012\/11\/raimaber.gif","width":"705","height":"438","caption":"Raimaber Fluid Tech [Industrial]"},"image":{"@id":"https:\/\/www.raimaberfluidtech.com\/industrial\/ca\/#\/schema\/logo\/image\/"}}]}},"_links":{"self":[{"href":"https:\/\/www.raimaberfluidtech.com\/industrial\/ca\/wp-json\/wp\/v2\/pages\/15069","targetHints":{"allow":["GET"]}}],"collection":[{"href":"https:\/\/www.raimaberfluidtech.com\/industrial\/ca\/wp-json\/wp\/v2\/pages"}],"about":[{"href":"https:\/\/www.raimaberfluidtech.com\/industrial\/ca\/wp-json\/wp\/v2\/types\/page"}],"author":[{"embeddable":true,"href":"https:\/\/www.raimaberfluidtech.com\/industrial\/ca\/wp-json\/wp\/v2\/users\/1"}],"replies":[{"embeddable":true,"href":"https:\/\/www.raimaberfluidtech.com\/industrial\/ca\/wp-json\/wp\/v2\/comments?post=15069"}],"version-history":[{"count":2,"href":"https:\/\/www.raimaberfluidtech.com\/industrial\/ca\/wp-json\/wp\/v2\/pages\/15069\/revisions"}],"predecessor-version":[{"id":17674,"href":"https:\/\/www.raimaberfluidtech.com\/industrial\/ca\/wp-json\/wp\/v2\/pages\/15069\/revisions\/17674"}],"wp:featuredmedia":[{"embeddable":true,"href":"https:\/\/www.raimaberfluidtech.com\/industrial\/ca\/wp-json\/wp\/v2\/media\/17673"}],"wp:attachment":[{"href":"https:\/\/www.raimaberfluidtech.com\/industrial\/ca\/wp-json\/wp\/v2\/media?parent=15069"}],"curies":[{"name":"wp","href":"https:\/\/api.w.org\/{rel}","templated":true}]}}