{"id":15036,"date":"2018-04-17T11:35:50","date_gmt":"2018-04-17T11:35:50","guid":{"rendered":"https:\/\/www.raimaberfluidtech.com\/industrial\/fitxers-descarregables\/perfiprocess\/"},"modified":"2025-04-15T10:07:30","modified_gmt":"2025-04-15T10:07:30","slug":"perfiprocess","status":"publish","type":"page","link":"https:\/\/www.raimaberfluidtech.com\/industrial\/ca\/fitxers-descarregables\/perfiprocess\/","title":{"rendered":"Perfiprocess"},"content":{"rendered":"<div class=\"wpb-content-wrapper\"><p>[vc_row][vc_column][vc_column_text css=&#8221;.vc_custom_1523965079679{margin-bottom: 60px !important;}&#8221;]<strong><a title=\"Raimaber\" href=\"https:\/\/www.raimaberfluidtech.com\/industrial\/\">Raimaber<\/a><\/strong> posa a la vostra disposici\u00f3 els <strong>cat\u00e0legs de Perfiprocess<\/strong> sobre els diferents productes que distribueixen com a empresa especialista en el sector de bombes industrials, mescladors, sistemes de digestors, agitadors de biog\u00e0s i equipament de processos d&#8217;alta fiabilitat.<br \/>\nPer a m\u00e9s informaci\u00f3 podeu utilitzar el <a title=\"Contacte Raimaber\" href=\"https:\/\/www.raimaberfluidtech.com\/industrial\/contacta\">formulari de contacte<\/a> .[\/vc_column_text][vc_column_text]<\/p>\n<ul class=\"document_gallery\">\n<li class=\"pdf\"><a title=\"Perfiprocess\" href=\"https:\/\/www.raimaberfluidtech.com\/industrial\/wp-content\/blogs.dir\/4\/files\/2018\/04\/PERFIPROCESS_Brochure_EN.pdf\" target=\"_blank\" rel=\"attachment wp-att-1513 noopener noreferrer\">Perfiprocess<\/a> (angl\u00e8s)<\/li>\n<li class=\"pdf\"><a title=\"Perfitherm\" href=\"https:\/\/www.raimaberfluidtech.com\/industrial\/wp-content\/blogs.dir\/4\/files\/2018\/04\/PERFITHERM_Brochure_EN.pdf\" target=\"_blank\" rel=\"attachment wp-att-1513 noopener noreferrer\">Perfitherm<\/a> (angl\u00e8s)<\/li>\n<li class=\"pdf\"><a title=\"Perficooker\" href=\"https:\/\/www.raimaberfluidtech.com\/industrial\/wp-content\/blogs.dir\/4\/files\/2018\/04\/PERFICOOKER_Brochure_EN.pdf\" target=\"_blank\" rel=\"attachment wp-att-1513 noopener noreferrer\">Perficooker<\/a> (angl\u00e8s)<\/li>\n<li class=\"pdf\"><a title=\"Perfitech\" href=\"https:\/\/www.raimaberfluidtech.com\/industrial\/wp-content\/blogs.dir\/4\/files\/2018\/04\/PERFITECH_Brochure_EN.pdf\" target=\"_blank\" rel=\"attachment wp-att-1513 noopener noreferrer\">Perfitech<\/a> (angl\u00e8s)<\/li>\n<\/ul>\n<p>[\/vc_column_text][vc_empty_space][vc_btn title=&#8221;SOL\u00b7LICITUD D&#8217;INFORMACI\u00d3 T\u00c8CNICA&#8221; link=&#8221;url:https%3A%2F%2Fwww.raimaberfluidtech.com%2Findustrial%2Fsolicitud-informacion-tecnica%2F|title:Sol%C2%B7licitud%20informaci%C3%B3%20t%C3%A8cnica|&#8221;][\/vc_column][\/vc_row]<\/p>\n<\/div>","protected":false},"excerpt":{"rendered":"<p>[vc_row][vc_column][vc_column_text css=&#8221;.vc_custom_1523965079679{margin-bottom: 60px !important;}&#8221;]Raimaber posa a la vostra disposici\u00f3 els cat\u00e0legs de Perfiprocess sobre els diferents productes que distribueixen com a empresa especialista en el sector de bombes industrials, mescladors, sistemes de digestors, agitadors de biog\u00e0s i equipament de processos&#8230;<\/p>\n","protected":false},"author":1,"featured_media":15052,"parent":14458,"menu_order":0,"comment_status":"closed","ping_status":"closed","template":"page-sidebar.php","meta":{"footnotes":""},"class_list":["post-15036","page","type-page","status-publish","has-post-thumbnail","hentry"],"yoast_head":"<!-- This site is optimized with the Yoast SEO plugin v24.3 - https:\/\/yoast.com\/wordpress\/plugins\/seo\/ -->\n<title>Cat\u00e0legs de Perfiprocess - Raimaber<\/title>\n<meta name=\"description\" content=\"Raimaber posa a la vostra disposici\u00f3 els cat\u00e0legs de Perfiprocess sobre els diferents productes que distribueixen com a empresa especialista en el sector.\" \/>\n<meta name=\"robots\" content=\"index, follow, max-snippet:-1, max-image-preview:large, max-video-preview:-1\" \/>\n<link rel=\"canonical\" href=\"https:\/\/www.raimaberfluidtech.com\/industrial\/ca\/fitxers-descarregables\/perfiprocess\/\" \/>\n<meta property=\"og:locale\" content=\"ca_ES\" \/>\n<meta property=\"og:type\" content=\"article\" \/>\n<meta property=\"og:title\" content=\"Cat\u00e0legs de Perfiprocess - Raimaber\" \/>\n<meta property=\"og:description\" content=\"Raimaber posa a la vostra disposici\u00f3 els cat\u00e0legs de Perfiprocess sobre els diferents productes que distribueixen com a empresa especialista en el sector.\" \/>\n<meta property=\"og:url\" content=\"https:\/\/www.raimaberfluidtech.com\/industrial\/ca\/fitxers-descarregables\/perfiprocess\/\" \/>\n<meta property=\"og:site_name\" content=\"Raimaber Fluid Tech [Industrial]\" \/>\n<meta property=\"article:modified_time\" content=\"2025-04-15T10:07:30+00:00\" \/>\n<meta property=\"og:image\" content=\"https:\/\/www.raimaberfluidtech.com\/industrial\/files\/2018\/04\/logo-perfiprocess.png\" \/>\n\t<meta property=\"og:image:width\" content=\"400\" \/>\n\t<meta property=\"og:image:height\" content=\"263\" \/>\n\t<meta property=\"og:image:type\" content=\"image\/png\" \/>\n<meta name=\"twitter:label1\" content=\"Temps estimat de lectura\" \/>\n\t<meta name=\"twitter:data1\" content=\"1 minut\" \/>\n<script type=\"application\/ld+json\" class=\"yoast-schema-graph\">{\"@context\":\"https:\/\/schema.org\",\"@graph\":[{\"@type\":\"WebPage\",\"@id\":\"https:\/\/www.raimaberfluidtech.com\/industrial\/ca\/fitxers-descarregables\/perfiprocess\/\",\"url\":\"https:\/\/www.raimaberfluidtech.com\/industrial\/ca\/fitxers-descarregables\/perfiprocess\/\",\"name\":\"Cat\u00e0legs de Perfiprocess - Raimaber\",\"isPartOf\":{\"@id\":\"https:\/\/www.raimaberfluidtech.com\/industrial\/ca\/#website\"},\"primaryImageOfPage\":{\"@id\":\"https:\/\/www.raimaberfluidtech.com\/industrial\/ca\/fitxers-descarregables\/perfiprocess\/#primaryimage\"},\"image\":{\"@id\":\"https:\/\/www.raimaberfluidtech.com\/industrial\/ca\/fitxers-descarregables\/perfiprocess\/#primaryimage\"},\"thumbnailUrl\":\"https:\/\/www.raimaberfluidtech.com\/industrial\/files\/2018\/04\/logo-perfiprocess.png\",\"datePublished\":\"2018-04-17T11:35:50+00:00\",\"dateModified\":\"2025-04-15T10:07:30+00:00\",\"description\":\"Raimaber posa a la vostra disposici\u00f3 els cat\u00e0legs de Perfiprocess sobre els diferents productes que distribueixen com a empresa especialista en el sector.\",\"breadcrumb\":{\"@id\":\"https:\/\/www.raimaberfluidtech.com\/industrial\/ca\/fitxers-descarregables\/perfiprocess\/#breadcrumb\"},\"inLanguage\":\"ca\",\"potentialAction\":[{\"@type\":\"ReadAction\",\"target\":[\"https:\/\/www.raimaberfluidtech.com\/industrial\/ca\/fitxers-descarregables\/perfiprocess\/\"]}]},{\"@type\":\"ImageObject\",\"inLanguage\":\"ca\",\"@id\":\"https:\/\/www.raimaberfluidtech.com\/industrial\/ca\/fitxers-descarregables\/perfiprocess\/#primaryimage\",\"url\":\"https:\/\/www.raimaberfluidtech.com\/industrial\/files\/2018\/04\/logo-perfiprocess.png\",\"contentUrl\":\"https:\/\/www.raimaberfluidtech.com\/industrial\/files\/2018\/04\/logo-perfiprocess.png\",\"width\":400,\"height\":263},{\"@type\":\"BreadcrumbList\",\"@id\":\"https:\/\/www.raimaberfluidtech.com\/industrial\/ca\/fitxers-descarregables\/perfiprocess\/#breadcrumb\",\"itemListElement\":[{\"@type\":\"ListItem\",\"position\":1,\"name\":\"Home\",\"item\":\"https:\/\/www.raimaberfluidtech.com\/industrial\/ca\/\"},{\"@type\":\"ListItem\",\"position\":2,\"name\":\"Fitxers descarregables\",\"item\":\"https:\/\/www.raimaberfluidtech.com\/industrial\/ca\/fitxers-descarregables\/\"},{\"@type\":\"ListItem\",\"position\":3,\"name\":\"Perfiprocess\"}]},{\"@type\":\"WebSite\",\"@id\":\"https:\/\/www.raimaberfluidtech.com\/industrial\/ca\/#website\",\"url\":\"https:\/\/www.raimaberfluidtech.com\/industrial\/ca\/\",\"name\":\"Raimaber Fluid Tech [Industrial]\",\"description\":\"Bombas industriales\",\"publisher\":{\"@id\":\"https:\/\/www.raimaberfluidtech.com\/industrial\/ca\/#organization\"},\"potentialAction\":[{\"@type\":\"SearchAction\",\"target\":{\"@type\":\"EntryPoint\",\"urlTemplate\":\"https:\/\/www.raimaberfluidtech.com\/industrial\/ca\/?s={search_term_string}\"},\"query-input\":{\"@type\":\"PropertyValueSpecification\",\"valueRequired\":true,\"valueName\":\"search_term_string\"}}],\"inLanguage\":\"ca\"},{\"@type\":\"Organization\",\"@id\":\"https:\/\/www.raimaberfluidtech.com\/industrial\/ca\/#organization\",\"name\":\"Raimaber Fluid Tech [Industrial]\",\"url\":\"https:\/\/www.raimaberfluidtech.com\/industrial\/ca\/\",\"logo\":{\"@type\":\"ImageObject\",\"inLanguage\":\"ca\",\"@id\":\"https:\/\/www.raimaberfluidtech.com\/industrial\/ca\/#\/schema\/logo\/image\/\",\"url\":\"https:\/\/www.raimaberfluidtech.com\/industrial\/wp-content\/blogs.dir\/4\/files\/2012\/11\/raimaber.gif\",\"contentUrl\":\"https:\/\/www.raimaberfluidtech.com\/industrial\/wp-content\/blogs.dir\/4\/files\/2012\/11\/raimaber.gif\",\"width\":\"705\",\"height\":\"438\",\"caption\":\"Raimaber Fluid Tech [Industrial]\"},\"image\":{\"@id\":\"https:\/\/www.raimaberfluidtech.com\/industrial\/ca\/#\/schema\/logo\/image\/\"}}]}<\/script>\n<!-- \/ Yoast SEO plugin. -->","yoast_head_json":{"title":"Cat\u00e0legs de Perfiprocess - Raimaber","description":"Raimaber posa a la vostra disposici\u00f3 els cat\u00e0legs de Perfiprocess sobre els diferents productes que distribueixen com a empresa especialista en el sector.","robots":{"index":"index","follow":"follow","max-snippet":"max-snippet:-1","max-image-preview":"max-image-preview:large","max-video-preview":"max-video-preview:-1"},"canonical":"https:\/\/www.raimaberfluidtech.com\/industrial\/ca\/fitxers-descarregables\/perfiprocess\/","og_locale":"ca_ES","og_type":"article","og_title":"Cat\u00e0legs de Perfiprocess - Raimaber","og_description":"Raimaber posa a la vostra disposici\u00f3 els cat\u00e0legs de Perfiprocess sobre els diferents productes que distribueixen com a empresa especialista en el sector.","og_url":"https:\/\/www.raimaberfluidtech.com\/industrial\/ca\/fitxers-descarregables\/perfiprocess\/","og_site_name":"Raimaber Fluid Tech [Industrial]","article_modified_time":"2025-04-15T10:07:30+00:00","og_image":[{"width":400,"height":263,"url":"https:\/\/www.raimaberfluidtech.com\/industrial\/files\/2018\/04\/logo-perfiprocess.png","type":"image\/png"}],"twitter_misc":{"Temps estimat de lectura":"1 minut"},"schema":{"@context":"https:\/\/schema.org","@graph":[{"@type":"WebPage","@id":"https:\/\/www.raimaberfluidtech.com\/industrial\/ca\/fitxers-descarregables\/perfiprocess\/","url":"https:\/\/www.raimaberfluidtech.com\/industrial\/ca\/fitxers-descarregables\/perfiprocess\/","name":"Cat\u00e0legs de Perfiprocess - Raimaber","isPartOf":{"@id":"https:\/\/www.raimaberfluidtech.com\/industrial\/ca\/#website"},"primaryImageOfPage":{"@id":"https:\/\/www.raimaberfluidtech.com\/industrial\/ca\/fitxers-descarregables\/perfiprocess\/#primaryimage"},"image":{"@id":"https:\/\/www.raimaberfluidtech.com\/industrial\/ca\/fitxers-descarregables\/perfiprocess\/#primaryimage"},"thumbnailUrl":"https:\/\/www.raimaberfluidtech.com\/industrial\/files\/2018\/04\/logo-perfiprocess.png","datePublished":"2018-04-17T11:35:50+00:00","dateModified":"2025-04-15T10:07:30+00:00","description":"Raimaber posa a la vostra disposici\u00f3 els cat\u00e0legs de Perfiprocess sobre els diferents productes que distribueixen com a empresa especialista en el sector.","breadcrumb":{"@id":"https:\/\/www.raimaberfluidtech.com\/industrial\/ca\/fitxers-descarregables\/perfiprocess\/#breadcrumb"},"inLanguage":"ca","potentialAction":[{"@type":"ReadAction","target":["https:\/\/www.raimaberfluidtech.com\/industrial\/ca\/fitxers-descarregables\/perfiprocess\/"]}]},{"@type":"ImageObject","inLanguage":"ca","@id":"https:\/\/www.raimaberfluidtech.com\/industrial\/ca\/fitxers-descarregables\/perfiprocess\/#primaryimage","url":"https:\/\/www.raimaberfluidtech.com\/industrial\/files\/2018\/04\/logo-perfiprocess.png","contentUrl":"https:\/\/www.raimaberfluidtech.com\/industrial\/files\/2018\/04\/logo-perfiprocess.png","width":400,"height":263},{"@type":"BreadcrumbList","@id":"https:\/\/www.raimaberfluidtech.com\/industrial\/ca\/fitxers-descarregables\/perfiprocess\/#breadcrumb","itemListElement":[{"@type":"ListItem","position":1,"name":"Home","item":"https:\/\/www.raimaberfluidtech.com\/industrial\/ca\/"},{"@type":"ListItem","position":2,"name":"Fitxers descarregables","item":"https:\/\/www.raimaberfluidtech.com\/industrial\/ca\/fitxers-descarregables\/"},{"@type":"ListItem","position":3,"name":"Perfiprocess"}]},{"@type":"WebSite","@id":"https:\/\/www.raimaberfluidtech.com\/industrial\/ca\/#website","url":"https:\/\/www.raimaberfluidtech.com\/industrial\/ca\/","name":"Raimaber Fluid Tech [Industrial]","description":"Bombas industriales","publisher":{"@id":"https:\/\/www.raimaberfluidtech.com\/industrial\/ca\/#organization"},"potentialAction":[{"@type":"SearchAction","target":{"@type":"EntryPoint","urlTemplate":"https:\/\/www.raimaberfluidtech.com\/industrial\/ca\/?s={search_term_string}"},"query-input":{"@type":"PropertyValueSpecification","valueRequired":true,"valueName":"search_term_string"}}],"inLanguage":"ca"},{"@type":"Organization","@id":"https:\/\/www.raimaberfluidtech.com\/industrial\/ca\/#organization","name":"Raimaber Fluid Tech [Industrial]","url":"https:\/\/www.raimaberfluidtech.com\/industrial\/ca\/","logo":{"@type":"ImageObject","inLanguage":"ca","@id":"https:\/\/www.raimaberfluidtech.com\/industrial\/ca\/#\/schema\/logo\/image\/","url":"https:\/\/www.raimaberfluidtech.com\/industrial\/wp-content\/blogs.dir\/4\/files\/2012\/11\/raimaber.gif","contentUrl":"https:\/\/www.raimaberfluidtech.com\/industrial\/wp-content\/blogs.dir\/4\/files\/2012\/11\/raimaber.gif","width":"705","height":"438","caption":"Raimaber Fluid Tech [Industrial]"},"image":{"@id":"https:\/\/www.raimaberfluidtech.com\/industrial\/ca\/#\/schema\/logo\/image\/"}}]}},"_links":{"self":[{"href":"https:\/\/www.raimaberfluidtech.com\/industrial\/ca\/wp-json\/wp\/v2\/pages\/15036","targetHints":{"allow":["GET"]}}],"collection":[{"href":"https:\/\/www.raimaberfluidtech.com\/industrial\/ca\/wp-json\/wp\/v2\/pages"}],"about":[{"href":"https:\/\/www.raimaberfluidtech.com\/industrial\/ca\/wp-json\/wp\/v2\/types\/page"}],"author":[{"embeddable":true,"href":"https:\/\/www.raimaberfluidtech.com\/industrial\/ca\/wp-json\/wp\/v2\/users\/1"}],"replies":[{"embeddable":true,"href":"https:\/\/www.raimaberfluidtech.com\/industrial\/ca\/wp-json\/wp\/v2\/comments?post=15036"}],"version-history":[{"count":2,"href":"https:\/\/www.raimaberfluidtech.com\/industrial\/ca\/wp-json\/wp\/v2\/pages\/15036\/revisions"}],"predecessor-version":[{"id":17994,"href":"https:\/\/www.raimaberfluidtech.com\/industrial\/ca\/wp-json\/wp\/v2\/pages\/15036\/revisions\/17994"}],"up":[{"embeddable":true,"href":"https:\/\/www.raimaberfluidtech.com\/industrial\/ca\/wp-json\/wp\/v2\/pages\/14458"}],"wp:featuredmedia":[{"embeddable":true,"href":"https:\/\/www.raimaberfluidtech.com\/industrial\/ca\/wp-json\/wp\/v2\/media\/15052"}],"wp:attachment":[{"href":"https:\/\/www.raimaberfluidtech.com\/industrial\/ca\/wp-json\/wp\/v2\/media?parent=15036"}],"curies":[{"name":"wp","href":"https:\/\/api.w.org\/{rel}","templated":true}]}}