{"id":15028,"date":"2018-06-01T09:38:41","date_gmt":"2018-06-01T09:38:41","guid":{"rendered":"https:\/\/www.raimaberfluidtech.com\/industrial\/fti-finish-thompson-inc-2\/bombes-de-buidatge-de-bidons-serie-tb\/"},"modified":"2025-04-15T10:10:02","modified_gmt":"2025-04-15T10:10:02","slug":"bombes-de-buidatge-de-bidons-serie-tb","status":"publish","type":"page","link":"https:\/\/www.raimaberfluidtech.com\/industrial\/ca\/fti-finish-thompson-inc-2\/bombes-de-buidatge-de-bidons-serie-tb\/","title":{"rendered":"Bombes de buidatge de bidons \u2013 S\u00e8rie TB"},"content":{"rendered":"<div class=\"wpb-content-wrapper\"><p>[vc_row][vc_column width=&#8221;1\/2&#8243;][vc_media_grid element_width=&#8221;6&#8243; gap=&#8221;4&#8243; initial_loading_animation=&#8221;none&#8221; grid_id=&#8221;vc_gid:1632308411219-94b5025f-1df8-0&#8243;][\/vc_column][vc_column width=&#8221;1\/2&#8243;][vc_custom_heading text=&#8221;Bombes de buidatge de bidons \u2013 S\u00e8rie TB&#8221; font_container=&#8221;tag:h2|font_size:18px|text_align:left|color:%23000000&#8243; use_theme_fonts=&#8221;yes&#8221;][vc_column_text]<\/p>\n<p style=\"font-weight: 400;\">Bomba de canya lleugera, amb tancament i econ\u00f2mica<\/p>\n<p style=\"font-weight: 400;\">Bombes lleugeres apropiades per a l\u00edquids corrosius, dissolvents i productes qu\u00edmics de corrosi\u00f3 baixa a mitjana.<\/p>\n<p style=\"font-weight: 400;\"><strong>S\u00b4adapta a les obertures de tap del bid\u00f3 m\u00e9s petites.<\/strong><\/p>\n<p style=\"font-weight: 400;\"><strong>ESPECIFICACIONS DE LA S\u00c8RIE TB<\/strong><\/p>\n<ul>\n<li style=\"font-weight: 400;\">Cabal m\u00e0xim fins a 75,7 lpm<\/li>\n<li style=\"font-weight: 400;\">Pressi\u00f3 desc\u00e0rrega m\u00e0xima: 8,5 o 12 m<\/li>\n<li style=\"font-weight: 400;\">Temperatura m\u00e0xima: 66 \u00baC<\/li>\n<li style=\"font-weight: 400;\">Pes espec\u00edfica m\u00e0xim: 1,4<\/li>\n<li style=\"font-weight: 400;\">Viscositat m\u00e0xima: 200 cPs<\/li>\n<li style=\"font-weight: 400;\">3,8 cm di\u00e0metre del tub (TBS)<\/li>\n<li style=\"font-weight: 400;\">4,1 cm di\u00e0metre del tub (TBP)<\/li>\n<li style=\"font-weight: 400;\">mida canonada impulsi\u00f3 : 1&#8243; DN 25 mm<\/li>\n<\/ul>\n<p style=\"font-weight: 400;\">Es recomana que per al bombament de productes inflamables o combustibles s&#8217;utilitzin motors d&#8217;explosi\u00f3 amb protecci\u00f3 el\u00e8ctrica o motors pneum\u00e0tics sobre tubs d&#8217;acer inoxidable amb kit de protecci\u00f3 electrost\u00e0tica.<\/p>\n<p>[\/vc_column_text][vc_empty_space][vc_btn title=&#8221;SOL\u00b7LICITUD D&#8217;INFORMACI\u00d3 T\u00c8CNICA&#8221; link=&#8221;url:https%3A%2F%2Fwww.raimaberfluidtech.com%2Findustrial%2Fsolicitud-informacion-tecnica%2F|title:Sol%C2%B7licitud%20informaci%C3%B3%20t%C3%A8cnica|&#8221;][\/vc_column][\/vc_row]<\/p>\n<\/div>","protected":false},"excerpt":{"rendered":"<p>[vc_row][vc_column width=&#8221;1\/2&#8243;][vc_media_grid element_width=&#8221;6&#8243; gap=&#8221;4&#8243; initial_loading_animation=&#8221;none&#8221; grid_id=&#8221;vc_gid:1632308411219-94b5025f-1df8-0&#8243;][\/vc_column][vc_column width=&#8221;1\/2&#8243;][vc_custom_heading text=&#8221;Bombes de buidatge de bidons \u2013 S\u00e8rie TB&#8221; font_container=&#8221;tag:h2|font_size:18px|text_align:left|color:%23000000&#8243; use_theme_fonts=&#8221;yes&#8221;][vc_column_text] Bomba de canya lleugera, amb tancament i econ\u00f2mica Bombes lleugeres apropiades per a l\u00edquids corrosius, dissolvents i productes qu\u00edmics de corrosi\u00f3 baixa a&#8230;<\/p>\n","protected":false},"author":1,"featured_media":0,"parent":14429,"menu_order":8,"comment_status":"closed","ping_status":"closed","template":"page-sidebar.php","meta":{"footnotes":""},"class_list":["post-15028","page","type-page","status-publish","hentry"],"yoast_head":"<!-- This site is optimized with the Yoast SEO plugin v24.3 - https:\/\/yoast.com\/wordpress\/plugins\/seo\/ -->\n<title>Bombes de buidatge de bidons \u2013 S\u00e8rie TB - Raimaber<\/title>\n<meta name=\"description\" content=\"La bomba de buidatges de bidons s\u00e8rie TB de Finish Thompson, s\u00f3n apropiades per a l\u00edquids corrosius, dissolvents i productes qu\u00edmics.\" \/>\n<meta name=\"robots\" content=\"index, follow, max-snippet:-1, max-image-preview:large, max-video-preview:-1\" \/>\n<link rel=\"canonical\" href=\"https:\/\/www.raimaberfluidtech.com\/industrial\/ca\/fti-finish-thompson-inc-2\/bombes-de-buidatge-de-bidons-serie-tb\/\" \/>\n<meta property=\"og:locale\" content=\"ca_ES\" \/>\n<meta property=\"og:type\" content=\"article\" \/>\n<meta property=\"og:title\" content=\"Bombes de buidatge de bidons \u2013 S\u00e8rie TB - Raimaber\" \/>\n<meta property=\"og:description\" content=\"La bomba de buidatges de bidons s\u00e8rie TB de Finish Thompson, s\u00f3n apropiades per a l\u00edquids corrosius, dissolvents i productes qu\u00edmics.\" \/>\n<meta property=\"og:url\" content=\"https:\/\/www.raimaberfluidtech.com\/industrial\/ca\/fti-finish-thompson-inc-2\/bombes-de-buidatge-de-bidons-serie-tb\/\" \/>\n<meta property=\"og:site_name\" content=\"Raimaber Fluid Tech [Industrial]\" \/>\n<meta property=\"article:modified_time\" content=\"2025-04-15T10:10:02+00:00\" \/>\n<meta name=\"twitter:label1\" content=\"Temps estimat de lectura\" \/>\n\t<meta name=\"twitter:data1\" content=\"1 minut\" \/>\n<script type=\"application\/ld+json\" class=\"yoast-schema-graph\">{\"@context\":\"https:\/\/schema.org\",\"@graph\":[{\"@type\":\"WebPage\",\"@id\":\"https:\/\/www.raimaberfluidtech.com\/industrial\/ca\/fti-finish-thompson-inc-2\/bombes-de-buidatge-de-bidons-serie-tb\/\",\"url\":\"https:\/\/www.raimaberfluidtech.com\/industrial\/ca\/fti-finish-thompson-inc-2\/bombes-de-buidatge-de-bidons-serie-tb\/\",\"name\":\"Bombes de buidatge de bidons \u2013 S\u00e8rie TB - Raimaber\",\"isPartOf\":{\"@id\":\"https:\/\/www.raimaberfluidtech.com\/industrial\/ca\/#website\"},\"datePublished\":\"2018-06-01T09:38:41+00:00\",\"dateModified\":\"2025-04-15T10:10:02+00:00\",\"description\":\"La bomba de buidatges de bidons s\u00e8rie TB de Finish Thompson, s\u00f3n apropiades per a l\u00edquids corrosius, dissolvents i productes qu\u00edmics.\",\"breadcrumb\":{\"@id\":\"https:\/\/www.raimaberfluidtech.com\/industrial\/ca\/fti-finish-thompson-inc-2\/bombes-de-buidatge-de-bidons-serie-tb\/#breadcrumb\"},\"inLanguage\":\"ca\",\"potentialAction\":[{\"@type\":\"ReadAction\",\"target\":[\"https:\/\/www.raimaberfluidtech.com\/industrial\/ca\/fti-finish-thompson-inc-2\/bombes-de-buidatge-de-bidons-serie-tb\/\"]}]},{\"@type\":\"BreadcrumbList\",\"@id\":\"https:\/\/www.raimaberfluidtech.com\/industrial\/ca\/fti-finish-thompson-inc-2\/bombes-de-buidatge-de-bidons-serie-tb\/#breadcrumb\",\"itemListElement\":[{\"@type\":\"ListItem\",\"position\":1,\"name\":\"Home\",\"item\":\"https:\/\/www.raimaberfluidtech.com\/industrial\/ca\/\"},{\"@type\":\"ListItem\",\"position\":2,\"name\":\"FTI &#8211; Finish Thompson Inc\",\"item\":\"https:\/\/www.raimaberfluidtech.com\/industrial\/ca\/fti-finish-thompson-inc-2\/\"},{\"@type\":\"ListItem\",\"position\":3,\"name\":\"Bombes de buidatge de bidons \u2013 S\u00e8rie TB\"}]},{\"@type\":\"WebSite\",\"@id\":\"https:\/\/www.raimaberfluidtech.com\/industrial\/ca\/#website\",\"url\":\"https:\/\/www.raimaberfluidtech.com\/industrial\/ca\/\",\"name\":\"Raimaber Fluid Tech [Industrial]\",\"description\":\"Bombas industriales\",\"publisher\":{\"@id\":\"https:\/\/www.raimaberfluidtech.com\/industrial\/ca\/#organization\"},\"potentialAction\":[{\"@type\":\"SearchAction\",\"target\":{\"@type\":\"EntryPoint\",\"urlTemplate\":\"https:\/\/www.raimaberfluidtech.com\/industrial\/ca\/?s={search_term_string}\"},\"query-input\":{\"@type\":\"PropertyValueSpecification\",\"valueRequired\":true,\"valueName\":\"search_term_string\"}}],\"inLanguage\":\"ca\"},{\"@type\":\"Organization\",\"@id\":\"https:\/\/www.raimaberfluidtech.com\/industrial\/ca\/#organization\",\"name\":\"Raimaber Fluid Tech [Industrial]\",\"url\":\"https:\/\/www.raimaberfluidtech.com\/industrial\/ca\/\",\"logo\":{\"@type\":\"ImageObject\",\"inLanguage\":\"ca\",\"@id\":\"https:\/\/www.raimaberfluidtech.com\/industrial\/ca\/#\/schema\/logo\/image\/\",\"url\":\"https:\/\/www.raimaberfluidtech.com\/industrial\/wp-content\/blogs.dir\/4\/files\/2012\/11\/raimaber.gif\",\"contentUrl\":\"https:\/\/www.raimaberfluidtech.com\/industrial\/wp-content\/blogs.dir\/4\/files\/2012\/11\/raimaber.gif\",\"width\":\"705\",\"height\":\"438\",\"caption\":\"Raimaber Fluid Tech [Industrial]\"},\"image\":{\"@id\":\"https:\/\/www.raimaberfluidtech.com\/industrial\/ca\/#\/schema\/logo\/image\/\"}}]}<\/script>\n<!-- \/ Yoast SEO plugin. -->","yoast_head_json":{"title":"Bombes de buidatge de bidons \u2013 S\u00e8rie TB - Raimaber","description":"La bomba de buidatges de bidons s\u00e8rie TB de Finish Thompson, s\u00f3n apropiades per a l\u00edquids corrosius, dissolvents i productes qu\u00edmics.","robots":{"index":"index","follow":"follow","max-snippet":"max-snippet:-1","max-image-preview":"max-image-preview:large","max-video-preview":"max-video-preview:-1"},"canonical":"https:\/\/www.raimaberfluidtech.com\/industrial\/ca\/fti-finish-thompson-inc-2\/bombes-de-buidatge-de-bidons-serie-tb\/","og_locale":"ca_ES","og_type":"article","og_title":"Bombes de buidatge de bidons \u2013 S\u00e8rie TB - Raimaber","og_description":"La bomba de buidatges de bidons s\u00e8rie TB de Finish Thompson, s\u00f3n apropiades per a l\u00edquids corrosius, dissolvents i productes qu\u00edmics.","og_url":"https:\/\/www.raimaberfluidtech.com\/industrial\/ca\/fti-finish-thompson-inc-2\/bombes-de-buidatge-de-bidons-serie-tb\/","og_site_name":"Raimaber Fluid Tech [Industrial]","article_modified_time":"2025-04-15T10:10:02+00:00","twitter_misc":{"Temps estimat de lectura":"1 minut"},"schema":{"@context":"https:\/\/schema.org","@graph":[{"@type":"WebPage","@id":"https:\/\/www.raimaberfluidtech.com\/industrial\/ca\/fti-finish-thompson-inc-2\/bombes-de-buidatge-de-bidons-serie-tb\/","url":"https:\/\/www.raimaberfluidtech.com\/industrial\/ca\/fti-finish-thompson-inc-2\/bombes-de-buidatge-de-bidons-serie-tb\/","name":"Bombes de buidatge de bidons \u2013 S\u00e8rie TB - Raimaber","isPartOf":{"@id":"https:\/\/www.raimaberfluidtech.com\/industrial\/ca\/#website"},"datePublished":"2018-06-01T09:38:41+00:00","dateModified":"2025-04-15T10:10:02+00:00","description":"La bomba de buidatges de bidons s\u00e8rie TB de Finish Thompson, s\u00f3n apropiades per a l\u00edquids corrosius, dissolvents i productes qu\u00edmics.","breadcrumb":{"@id":"https:\/\/www.raimaberfluidtech.com\/industrial\/ca\/fti-finish-thompson-inc-2\/bombes-de-buidatge-de-bidons-serie-tb\/#breadcrumb"},"inLanguage":"ca","potentialAction":[{"@type":"ReadAction","target":["https:\/\/www.raimaberfluidtech.com\/industrial\/ca\/fti-finish-thompson-inc-2\/bombes-de-buidatge-de-bidons-serie-tb\/"]}]},{"@type":"BreadcrumbList","@id":"https:\/\/www.raimaberfluidtech.com\/industrial\/ca\/fti-finish-thompson-inc-2\/bombes-de-buidatge-de-bidons-serie-tb\/#breadcrumb","itemListElement":[{"@type":"ListItem","position":1,"name":"Home","item":"https:\/\/www.raimaberfluidtech.com\/industrial\/ca\/"},{"@type":"ListItem","position":2,"name":"FTI &#8211; Finish Thompson Inc","item":"https:\/\/www.raimaberfluidtech.com\/industrial\/ca\/fti-finish-thompson-inc-2\/"},{"@type":"ListItem","position":3,"name":"Bombes de buidatge de bidons \u2013 S\u00e8rie TB"}]},{"@type":"WebSite","@id":"https:\/\/www.raimaberfluidtech.com\/industrial\/ca\/#website","url":"https:\/\/www.raimaberfluidtech.com\/industrial\/ca\/","name":"Raimaber Fluid Tech [Industrial]","description":"Bombas industriales","publisher":{"@id":"https:\/\/www.raimaberfluidtech.com\/industrial\/ca\/#organization"},"potentialAction":[{"@type":"SearchAction","target":{"@type":"EntryPoint","urlTemplate":"https:\/\/www.raimaberfluidtech.com\/industrial\/ca\/?s={search_term_string}"},"query-input":{"@type":"PropertyValueSpecification","valueRequired":true,"valueName":"search_term_string"}}],"inLanguage":"ca"},{"@type":"Organization","@id":"https:\/\/www.raimaberfluidtech.com\/industrial\/ca\/#organization","name":"Raimaber Fluid Tech [Industrial]","url":"https:\/\/www.raimaberfluidtech.com\/industrial\/ca\/","logo":{"@type":"ImageObject","inLanguage":"ca","@id":"https:\/\/www.raimaberfluidtech.com\/industrial\/ca\/#\/schema\/logo\/image\/","url":"https:\/\/www.raimaberfluidtech.com\/industrial\/wp-content\/blogs.dir\/4\/files\/2012\/11\/raimaber.gif","contentUrl":"https:\/\/www.raimaberfluidtech.com\/industrial\/wp-content\/blogs.dir\/4\/files\/2012\/11\/raimaber.gif","width":"705","height":"438","caption":"Raimaber Fluid Tech [Industrial]"},"image":{"@id":"https:\/\/www.raimaberfluidtech.com\/industrial\/ca\/#\/schema\/logo\/image\/"}}]}},"_links":{"self":[{"href":"https:\/\/www.raimaberfluidtech.com\/industrial\/ca\/wp-json\/wp\/v2\/pages\/15028","targetHints":{"allow":["GET"]}}],"collection":[{"href":"https:\/\/www.raimaberfluidtech.com\/industrial\/ca\/wp-json\/wp\/v2\/pages"}],"about":[{"href":"https:\/\/www.raimaberfluidtech.com\/industrial\/ca\/wp-json\/wp\/v2\/types\/page"}],"author":[{"embeddable":true,"href":"https:\/\/www.raimaberfluidtech.com\/industrial\/ca\/wp-json\/wp\/v2\/users\/1"}],"replies":[{"embeddable":true,"href":"https:\/\/www.raimaberfluidtech.com\/industrial\/ca\/wp-json\/wp\/v2\/comments?post=15028"}],"version-history":[{"count":2,"href":"https:\/\/www.raimaberfluidtech.com\/industrial\/ca\/wp-json\/wp\/v2\/pages\/15028\/revisions"}],"predecessor-version":[{"id":18058,"href":"https:\/\/www.raimaberfluidtech.com\/industrial\/ca\/wp-json\/wp\/v2\/pages\/15028\/revisions\/18058"}],"up":[{"embeddable":true,"href":"https:\/\/www.raimaberfluidtech.com\/industrial\/ca\/wp-json\/wp\/v2\/pages\/14429"}],"wp:attachment":[{"href":"https:\/\/www.raimaberfluidtech.com\/industrial\/ca\/wp-json\/wp\/v2\/media?parent=15028"}],"curies":[{"name":"wp","href":"https:\/\/api.w.org\/{rel}","templated":true}]}}