{"id":14990,"date":"2018-07-23T09:42:31","date_gmt":"2018-07-23T09:42:31","guid":{"rendered":"https:\/\/www.raimaberfluidtech.com\/industrial\/karr-italiana\/"},"modified":"2025-04-15T09:44:07","modified_gmt":"2025-04-15T09:44:07","slug":"karr-italiana","status":"publish","type":"page","link":"https:\/\/www.raimaberfluidtech.com\/industrial\/ca\/videos\/karr-italiana\/","title":{"rendered":"Karr Italiana"},"content":{"rendered":"<div class=\"wpb-content-wrapper\"><p>[vc_row][vc_column width=&#8221;1\/4&#8243;][vc_column_text]<a class=\"wplightbox\" title=\"DOISIFACI\u00d3 DE CONCENTRAT DE PISTATXO\" href=\"\/wp-content\/blogs.dir\/4\/files\/2018\/videos\/DOISIFACION%20DE%20CONCENTRADO%20DE%20PISTACHO.mp4\" data-group=\"galleryvideo\"><span style=\"background-image: url('wp-content\/blogs.dir\/4\/files\/2018\/07\/DOISIFACION-DE-CONCENTRADO-DE-PISTACHO.jpg');\"><img decoding=\"async\" class=\"border\" src=\"\/wp-content\/blogs.dir\/4\/files\/2016\/05\/dummyvideo.png\" alt=\"\" \/><\/span><label>DOISIFACI\u00d3 DE CONCENTRAT DE PISTATXO<\/label><\/a><\/p>\n<p>[\/vc_column_text][\/vc_column][vc_column width=&#8221;1\/4&#8243;][vc_column_text]<a class=\"wplightbox\" title=\"DOSIFICACI\u00d3 DE CUA TRANSPARENT\" href=\"\/wp-content\/blogs.dir\/4\/files\/2018\/videos\/DOSIFICACION%20DE%20COLA%20TRANSPARENTE.mp4\" data-group=\"galleryvideo\"><span style=\"background-image: url('\/wp-content\/blogs.dir\/4\/files\/2018\/07\/DOSIFICACION-DE-COLA-TRANSPARENTE.jpg');\"><img decoding=\"async\" class=\"border\" src=\"\/wp-content\/blogs.dir\/4\/files\/2016\/05\/dummyvideo.png\" alt=\"\" \/><\/span><br \/>\n<label>DOSIFICACI\u00d3 DE CUA TRANSPARENT<\/label><\/a>[\/vc_column_text][\/vc_column][vc_column width=&#8221;1\/4&#8243;][vc_column_text]<a class=\"wplightbox\" title=\"DOSIFICACI\u00d3 DE CREMA DE FORMATGE PALMABILE SQUACQUERONE\" href=\"\/wp-content\/blogs.dir\/4\/files\/2018\/videos\/DOSIFICACION%20DE%20CREMA%20DE%20QUESO%20PALMABILE%20SQUACQUERONE.mp4\" data-group=\"galleryvideo\"><span style=\"background-image: url('\/wp-content\/blogs.dir\/4\/files\/2018\/07\/DOSIFICACION-DE-CREMA-DE-QUESO-PALMABILE-SQUACQUERONE.jpg');\"><img decoding=\"async\" class=\"border\" src=\"\/wp-content\/blogs.dir\/4\/files\/2016\/05\/dummyvideo.png\" alt=\"\" \/><\/span><br \/>\n<label>DOSIFICACI\u00d3 DE CREMA DE FORMATGE PALMABILE SQUACQUERONE<\/label><\/a>[\/vc_column_text][\/vc_column][vc_column width=&#8221;1\/4&#8243;][vc_column_text]<a class=\"wplightbox\" title=\"DOSIFICACI\u00d3 DE MELASSA\" href=\"\/wp-content\/blogs.dir\/4\/files\/2018\/videos\/DOSIFICACION%20DE%20MELAZA.mp4\" data-group=\"galleryvideo\"><span style=\"background-image: url('\/wp-content\/blogs.dir\/4\/files\/2018\/07\/DOSIFICACION-DE-MELAZA.jpg');\"><img decoding=\"async\" class=\"border\" src=\"\/wp-content\/blogs.dir\/4\/files\/2016\/05\/dummyvideo.png\" alt=\"\" \/><\/span><br \/>\n<label>DOSIFICACI\u00d3 DE MELASSA<\/label><\/a>[\/vc_column_text][\/vc_column][\/vc_row][vc_row][vc_column width=&#8221;1\/4&#8243;][vc_column_text]<a class=\"wplightbox\" title=\"DOSIFICACI\u00d3 DE PASTA DE BACALL\u00c0 AMB TROSSOS\" href=\"\/wp-content\/blogs.dir\/4\/files\/2018\/videos\/DOSIFICACION%20DE%20PASTA%20DE%20BACALAO%20CON%20TROZOS.mp4\" data-group=\"galleryvideo\"><span style=\"background-image: url('\/wp-content\/blogs.dir\/4\/files\/2018\/07\/DOSIFICACION-DE-PASTA-DE-BACALAO-CON-TROZOS.jpg');\"><img decoding=\"async\" class=\"border\" src=\"\/wp-content\/blogs.dir\/4\/files\/2016\/05\/dummyvideo.png\" alt=\"\" \/><\/span><br \/>\n<label>DOSIFICACI\u00d3 DE PASTA DE BACALL\u00c0 AMB TROSSOS<\/label><\/a>[\/vc_column_text][\/vc_column][vc_column width=&#8221;1\/4&#8243;][vc_column_text]<a class=\"wplightbox\" title=\"DOSIFICACI\u00d3 DE PATE\" href=\"\/wp-content\/blogs.dir\/4\/files\/2018\/videos\/DOSIFICACION%20DE%20PATE.mp4\" data-group=\"galleryvideo\"><span style=\"background-image: url('\/wp-content\/blogs.dir\/4\/files\/2018\/07\/DOSIFICACION-DE-PATE.jpg');\"><img decoding=\"async\" class=\"border\" src=\"\/wp-content\/blogs.dir\/4\/files\/2016\/05\/dummyvideo.png\" alt=\"\" \/><\/span><br \/>\n<label>DOSIFICACI\u00d3 DE PATE<\/label><\/a>[\/vc_column_text][\/vc_column][vc_column width=&#8221;1\/4&#8243;][vc_column_text]<a class=\"wplightbox\" title=\"DOSIFICACI\u00d3 DE FORMATGE CREMA UNTABLE\" href=\"\/wp-content\/blogs.dir\/4\/files\/2018\/videos\/DOSIFICACION%20DE%20QUESO%20CREMA%20UNTABLE.mp4\" data-group=\"galleryvideo\"><span style=\"background-image: url('\/wp-content\/blogs.dir\/4\/files\/2018\/07\/DOSIFICACION-DE-QUESO-CREMA-UNTABLE.jpg');\"><img decoding=\"async\" class=\"border\" src=\"\/wp-content\/blogs.dir\/4\/files\/2016\/05\/dummyvideo.png\" alt=\"\" \/><\/span><br \/>\n<label>DOSIFICACI\u00d3 DE FORMATGE CREMA UNTABLE<\/label><\/a>[\/vc_column_text][\/vc_column][vc_column width=&#8221;1\/4&#8243;][vc_column_text]<a class=\"wplightbox\" title=\"DOSIFICACI\u00d3 DE FARCIT\" href=\"\/wp-content\/blogs.dir\/4\/files\/2018\/videos\/DOSIFICACION%20DE%20RELLENO.mp4\" data-group=\"galleryvideo\"><span style=\"background-image: url('\/wp-content\/blogs.dir\/4\/files\/2018\/07\/DOSIFICACION-DE-RELLENO.jpg');\"><img decoding=\"async\" class=\"border\" src=\"\/wp-content\/blogs.dir\/4\/files\/2016\/05\/dummyvideo.png\" alt=\"\" \/><\/span><br \/>\n<label>DOSIFICACI\u00d3 DE FARCIT<\/label><\/a>[\/vc_column_text][\/vc_column][\/vc_row][vc_row][vc_column width=&#8221;1\/4&#8243;][vc_column_text]<a class=\"wplightbox\" title=\"DOSIFICACI\u00d3 DE SALSA\" href=\"\/wp-content\/blogs.dir\/4\/files\/2018\/videos\/DOSIFICACION%20DE%20SALSA.mp4\" data-group=\"galleryvideo\"><span style=\"background-image: url('\/wp-content\/blogs.dir\/4\/files\/2018\/07\/DOSIFICACION-DE-SALSA.jpg');\"><img decoding=\"async\" class=\"border\" src=\"\/wp-content\/blogs.dir\/4\/files\/2016\/05\/dummyvideo.png\" alt=\"\" \/><\/span><br \/>\n<label>DOSIFICACI\u00d3 DE SALSA<\/label><\/a>[\/vc_column_text][\/vc_column][vc_column width=&#8221;1\/4&#8243;][vc_column_text]<a class=\"wplightbox\" title=\"DOSIFICACI\u00d3 DE PAST\u00cdS SALADA\" href=\"\/wp-content\/blogs.dir\/4\/files\/2018\/videos\/DOSIFICACION%20DE%20TARTA%20SALADA.mp4\" data-group=\"galleryvideo\"><span style=\"background-image: url('\/wp-content\/blogs.dir\/4\/files\/2018\/07\/DOSIFICACION-DE-TARTA-SALADA.jpg');\"><img decoding=\"async\" class=\"border\" src=\"\/wp-content\/blogs.dir\/4\/files\/2016\/05\/dummyvideo.png\" alt=\"\" \/><\/span><br \/>\n<label>DOSIFICACI\u00d3 DE PAST\u00cdS SALADA<\/label><\/a>[\/vc_column_text][\/vc_column][vc_column width=&#8221;1\/4&#8243;][vc_column_text]<a class=\"wplightbox\" title=\"DOSIFICACI\u00d3 DE SUC DE FRUITA\" href=\"\/wp-content\/blogs.dir\/4\/files\/2018\/videos\/DOSIFICACION%20DE%20ZUMO%20DE%20FRUTA.mp4\" data-group=\"galleryvideo\"><span style=\"background-image: url('\/wp-content\/blogs.dir\/4\/files\/2018\/07\/DOSIFICACION-DE-ZUMO-DE-FRUTA.jpg');\"><img decoding=\"async\" class=\"border\" src=\"\/wp-content\/blogs.dir\/4\/files\/2016\/05\/dummyvideo.png\" alt=\"\" \/><\/span><br \/>\n<label>DOSIFICACI\u00d3 DE SUC DE FRUITA<\/label><\/a>[\/vc_column_text][\/vc_column][vc_column width=&#8221;1\/4&#8243;][vc_column_text]<a class=\"wplightbox\" title=\"DOSIFICACI\u00d3 SALSA PEST\" href=\"\/wp-content\/blogs.dir\/4\/files\/2018\/videos\/DOSIFICACION%20SALSA%20PESTO.mp4\" data-group=\"galleryvideo\"><span style=\"background-image: url('\/wp-content\/blogs.dir\/4\/files\/2018\/07\/DOSIFICACION-SALSA-PESTO.jpg');\"><img decoding=\"async\" class=\"border\" src=\"\/wp-content\/blogs.dir\/4\/files\/2016\/05\/dummyvideo.png\" alt=\"\" \/><\/span><br \/>\n<label>DOSIFICACI\u00d3 SALSA PEST<\/label><\/a>[\/vc_column_text][\/vc_column][\/vc_row]<\/p>\n<p>&nbsp;<\/p>\n<p>&nbsp;<\/p>\n<\/div>","protected":false},"excerpt":{"rendered":"<p>[vc_row][vc_column width=&#8221;1\/4&#8243;][vc_column_text]DOISIFACI\u00d3 DE CONCENTRAT DE PISTATXO [\/vc_column_text][\/vc_column][vc_column width=&#8221;1\/4&#8243;][vc_column_text] DOSIFICACI\u00d3 DE CUA TRANSPARENT[\/vc_column_text][\/vc_column][vc_column width=&#8221;1\/4&#8243;][vc_column_text] DOSIFICACI\u00d3 DE CREMA DE FORMATGE PALMABILE SQUACQUERONE[\/vc_column_text][\/vc_column][vc_column width=&#8221;1\/4&#8243;][vc_column_text] DOSIFICACI\u00d3 DE MELASSA[\/vc_column_text][\/vc_column][\/vc_row][vc_row][vc_column width=&#8221;1\/4&#8243;][vc_column_text] DOSIFICACI\u00d3 DE PASTA DE BACALL\u00c0 AMB TROSSOS[\/vc_column_text][\/vc_column][vc_column width=&#8221;1\/4&#8243;][vc_column_text] DOSIFICACI\u00d3 DE PATE[\/vc_column_text][\/vc_column][vc_column width=&#8221;1\/4&#8243;][vc_column_text] DOSIFICACI\u00d3 DE FORMATGE&#8230;<\/p>\n","protected":false},"author":1,"featured_media":0,"parent":15682,"menu_order":0,"comment_status":"closed","ping_status":"closed","template":"","meta":{"footnotes":""},"class_list":["post-14990","page","type-page","status-publish","hentry"],"yoast_head":"<!-- This site is optimized with the Yoast SEO plugin v24.3 - https:\/\/yoast.com\/wordpress\/plugins\/seo\/ -->\n<title>V\u00eddeos Karr Italiana - Raimaber<\/title>\n<meta name=\"description\" content=\"Visita la nostra galeria de v\u00eddeos Karr Italiana! \u00c9s una empresa especialista en eines per a la dosificaci\u00f3 i control de productes l\u00edquids.\" \/>\n<meta name=\"robots\" content=\"index, follow, max-snippet:-1, max-image-preview:large, max-video-preview:-1\" \/>\n<link rel=\"canonical\" href=\"https:\/\/www.raimaberfluidtech.com\/industrial\/ca\/videos\/karr-italiana\/\" \/>\n<meta property=\"og:locale\" content=\"ca_ES\" \/>\n<meta property=\"og:type\" content=\"article\" \/>\n<meta property=\"og:title\" content=\"V\u00eddeos Karr Italiana - Raimaber\" \/>\n<meta property=\"og:description\" content=\"Visita la nostra galeria de v\u00eddeos Karr Italiana! \u00c9s una empresa especialista en eines per a la dosificaci\u00f3 i control de productes l\u00edquids.\" \/>\n<meta property=\"og:url\" content=\"https:\/\/www.raimaberfluidtech.com\/industrial\/ca\/videos\/karr-italiana\/\" \/>\n<meta property=\"og:site_name\" content=\"Raimaber Fluid Tech [Industrial]\" \/>\n<meta property=\"article:modified_time\" content=\"2025-04-15T09:44:07+00:00\" \/>\n<meta name=\"twitter:label1\" content=\"Temps estimat de lectura\" \/>\n\t<meta name=\"twitter:data1\" content=\"3 minuts\" \/>\n<script type=\"application\/ld+json\" class=\"yoast-schema-graph\">{\"@context\":\"https:\/\/schema.org\",\"@graph\":[{\"@type\":\"WebPage\",\"@id\":\"https:\/\/www.raimaberfluidtech.com\/industrial\/ca\/videos\/karr-italiana\/\",\"url\":\"https:\/\/www.raimaberfluidtech.com\/industrial\/ca\/videos\/karr-italiana\/\",\"name\":\"V\u00eddeos Karr Italiana - Raimaber\",\"isPartOf\":{\"@id\":\"https:\/\/www.raimaberfluidtech.com\/industrial\/ca\/#website\"},\"datePublished\":\"2018-07-23T09:42:31+00:00\",\"dateModified\":\"2025-04-15T09:44:07+00:00\",\"description\":\"Visita la nostra galeria de v\u00eddeos Karr Italiana! \u00c9s una empresa especialista en eines per a la dosificaci\u00f3 i control de productes l\u00edquids.\",\"breadcrumb\":{\"@id\":\"https:\/\/www.raimaberfluidtech.com\/industrial\/ca\/videos\/karr-italiana\/#breadcrumb\"},\"inLanguage\":\"ca\",\"potentialAction\":[{\"@type\":\"ReadAction\",\"target\":[\"https:\/\/www.raimaberfluidtech.com\/industrial\/ca\/videos\/karr-italiana\/\"]}]},{\"@type\":\"BreadcrumbList\",\"@id\":\"https:\/\/www.raimaberfluidtech.com\/industrial\/ca\/videos\/karr-italiana\/#breadcrumb\",\"itemListElement\":[{\"@type\":\"ListItem\",\"position\":1,\"name\":\"Home\",\"item\":\"https:\/\/www.raimaberfluidtech.com\/industrial\/ca\/\"},{\"@type\":\"ListItem\",\"position\":2,\"name\":\"Videos\",\"item\":\"https:\/\/www.raimaberfluidtech.com\/industrial\/ca\/videos\/\"},{\"@type\":\"ListItem\",\"position\":3,\"name\":\"Karr Italiana\"}]},{\"@type\":\"WebSite\",\"@id\":\"https:\/\/www.raimaberfluidtech.com\/industrial\/ca\/#website\",\"url\":\"https:\/\/www.raimaberfluidtech.com\/industrial\/ca\/\",\"name\":\"Raimaber Fluid Tech [Industrial]\",\"description\":\"Bombas industriales\",\"publisher\":{\"@id\":\"https:\/\/www.raimaberfluidtech.com\/industrial\/ca\/#organization\"},\"potentialAction\":[{\"@type\":\"SearchAction\",\"target\":{\"@type\":\"EntryPoint\",\"urlTemplate\":\"https:\/\/www.raimaberfluidtech.com\/industrial\/ca\/?s={search_term_string}\"},\"query-input\":{\"@type\":\"PropertyValueSpecification\",\"valueRequired\":true,\"valueName\":\"search_term_string\"}}],\"inLanguage\":\"ca\"},{\"@type\":\"Organization\",\"@id\":\"https:\/\/www.raimaberfluidtech.com\/industrial\/ca\/#organization\",\"name\":\"Raimaber Fluid Tech [Industrial]\",\"url\":\"https:\/\/www.raimaberfluidtech.com\/industrial\/ca\/\",\"logo\":{\"@type\":\"ImageObject\",\"inLanguage\":\"ca\",\"@id\":\"https:\/\/www.raimaberfluidtech.com\/industrial\/ca\/#\/schema\/logo\/image\/\",\"url\":\"https:\/\/www.raimaberfluidtech.com\/industrial\/wp-content\/blogs.dir\/4\/files\/2012\/11\/raimaber.gif\",\"contentUrl\":\"https:\/\/www.raimaberfluidtech.com\/industrial\/wp-content\/blogs.dir\/4\/files\/2012\/11\/raimaber.gif\",\"width\":\"705\",\"height\":\"438\",\"caption\":\"Raimaber Fluid Tech [Industrial]\"},\"image\":{\"@id\":\"https:\/\/www.raimaberfluidtech.com\/industrial\/ca\/#\/schema\/logo\/image\/\"}}]}<\/script>\n<!-- \/ Yoast SEO plugin. -->","yoast_head_json":{"title":"V\u00eddeos Karr Italiana - Raimaber","description":"Visita la nostra galeria de v\u00eddeos Karr Italiana! \u00c9s una empresa especialista en eines per a la dosificaci\u00f3 i control de productes l\u00edquids.","robots":{"index":"index","follow":"follow","max-snippet":"max-snippet:-1","max-image-preview":"max-image-preview:large","max-video-preview":"max-video-preview:-1"},"canonical":"https:\/\/www.raimaberfluidtech.com\/industrial\/ca\/videos\/karr-italiana\/","og_locale":"ca_ES","og_type":"article","og_title":"V\u00eddeos Karr Italiana - Raimaber","og_description":"Visita la nostra galeria de v\u00eddeos Karr Italiana! \u00c9s una empresa especialista en eines per a la dosificaci\u00f3 i control de productes l\u00edquids.","og_url":"https:\/\/www.raimaberfluidtech.com\/industrial\/ca\/videos\/karr-italiana\/","og_site_name":"Raimaber Fluid Tech [Industrial]","article_modified_time":"2025-04-15T09:44:07+00:00","twitter_misc":{"Temps estimat de lectura":"3 minuts"},"schema":{"@context":"https:\/\/schema.org","@graph":[{"@type":"WebPage","@id":"https:\/\/www.raimaberfluidtech.com\/industrial\/ca\/videos\/karr-italiana\/","url":"https:\/\/www.raimaberfluidtech.com\/industrial\/ca\/videos\/karr-italiana\/","name":"V\u00eddeos Karr Italiana - Raimaber","isPartOf":{"@id":"https:\/\/www.raimaberfluidtech.com\/industrial\/ca\/#website"},"datePublished":"2018-07-23T09:42:31+00:00","dateModified":"2025-04-15T09:44:07+00:00","description":"Visita la nostra galeria de v\u00eddeos Karr Italiana! \u00c9s una empresa especialista en eines per a la dosificaci\u00f3 i control de productes l\u00edquids.","breadcrumb":{"@id":"https:\/\/www.raimaberfluidtech.com\/industrial\/ca\/videos\/karr-italiana\/#breadcrumb"},"inLanguage":"ca","potentialAction":[{"@type":"ReadAction","target":["https:\/\/www.raimaberfluidtech.com\/industrial\/ca\/videos\/karr-italiana\/"]}]},{"@type":"BreadcrumbList","@id":"https:\/\/www.raimaberfluidtech.com\/industrial\/ca\/videos\/karr-italiana\/#breadcrumb","itemListElement":[{"@type":"ListItem","position":1,"name":"Home","item":"https:\/\/www.raimaberfluidtech.com\/industrial\/ca\/"},{"@type":"ListItem","position":2,"name":"Videos","item":"https:\/\/www.raimaberfluidtech.com\/industrial\/ca\/videos\/"},{"@type":"ListItem","position":3,"name":"Karr Italiana"}]},{"@type":"WebSite","@id":"https:\/\/www.raimaberfluidtech.com\/industrial\/ca\/#website","url":"https:\/\/www.raimaberfluidtech.com\/industrial\/ca\/","name":"Raimaber Fluid Tech [Industrial]","description":"Bombas industriales","publisher":{"@id":"https:\/\/www.raimaberfluidtech.com\/industrial\/ca\/#organization"},"potentialAction":[{"@type":"SearchAction","target":{"@type":"EntryPoint","urlTemplate":"https:\/\/www.raimaberfluidtech.com\/industrial\/ca\/?s={search_term_string}"},"query-input":{"@type":"PropertyValueSpecification","valueRequired":true,"valueName":"search_term_string"}}],"inLanguage":"ca"},{"@type":"Organization","@id":"https:\/\/www.raimaberfluidtech.com\/industrial\/ca\/#organization","name":"Raimaber Fluid Tech [Industrial]","url":"https:\/\/www.raimaberfluidtech.com\/industrial\/ca\/","logo":{"@type":"ImageObject","inLanguage":"ca","@id":"https:\/\/www.raimaberfluidtech.com\/industrial\/ca\/#\/schema\/logo\/image\/","url":"https:\/\/www.raimaberfluidtech.com\/industrial\/wp-content\/blogs.dir\/4\/files\/2012\/11\/raimaber.gif","contentUrl":"https:\/\/www.raimaberfluidtech.com\/industrial\/wp-content\/blogs.dir\/4\/files\/2012\/11\/raimaber.gif","width":"705","height":"438","caption":"Raimaber Fluid Tech [Industrial]"},"image":{"@id":"https:\/\/www.raimaberfluidtech.com\/industrial\/ca\/#\/schema\/logo\/image\/"}}]}},"_links":{"self":[{"href":"https:\/\/www.raimaberfluidtech.com\/industrial\/ca\/wp-json\/wp\/v2\/pages\/14990","targetHints":{"allow":["GET"]}}],"collection":[{"href":"https:\/\/www.raimaberfluidtech.com\/industrial\/ca\/wp-json\/wp\/v2\/pages"}],"about":[{"href":"https:\/\/www.raimaberfluidtech.com\/industrial\/ca\/wp-json\/wp\/v2\/types\/page"}],"author":[{"embeddable":true,"href":"https:\/\/www.raimaberfluidtech.com\/industrial\/ca\/wp-json\/wp\/v2\/users\/1"}],"replies":[{"embeddable":true,"href":"https:\/\/www.raimaberfluidtech.com\/industrial\/ca\/wp-json\/wp\/v2\/comments?post=14990"}],"version-history":[{"count":7,"href":"https:\/\/www.raimaberfluidtech.com\/industrial\/ca\/wp-json\/wp\/v2\/pages\/14990\/revisions"}],"predecessor-version":[{"id":17800,"href":"https:\/\/www.raimaberfluidtech.com\/industrial\/ca\/wp-json\/wp\/v2\/pages\/14990\/revisions\/17800"}],"up":[{"embeddable":true,"href":"https:\/\/www.raimaberfluidtech.com\/industrial\/ca\/wp-json\/wp\/v2\/pages\/15682"}],"wp:attachment":[{"href":"https:\/\/www.raimaberfluidtech.com\/industrial\/ca\/wp-json\/wp\/v2\/media?parent=14990"}],"curies":[{"name":"wp","href":"https:\/\/api.w.org\/{rel}","templated":true}]}}