{"id":14980,"date":"2018-08-02T09:40:44","date_gmt":"2018-08-02T09:40:44","guid":{"rendered":"https:\/\/www.raimaberfluidtech.com\/industrial\/perfitech\/"},"modified":"2025-04-15T09:39:40","modified_gmt":"2025-04-15T09:39:40","slug":"perfitech","status":"publish","type":"page","link":"https:\/\/www.raimaberfluidtech.com\/industrial\/ca\/perfiprocess-2\/perfitech\/","title":{"rendered":"Perfitech"},"content":{"rendered":"<div class=\"wpb-content-wrapper\"><p>[vc_row][vc_column width=&#8221;1\/2&#8243;][vc_media_grid element_width=&#8221;6&#8243; gap=&#8221;4&#8243; grid_id=&#8221;vc_gid:1632305886233-e91adf15-8644-10&#8243; include=&#8221;5280,5281,5282&#8243;][\/vc_column][vc_column width=&#8221;1\/2&#8243;][vc_custom_heading text=&#8221;PERFITEX&#8221; font_container=&#8221;tag:h2|text_align:left|color:%230a0a0a&#8221; use_theme_fonts=&#8221;yes&#8221;][vc_column_text]<\/p>\n<p style=\"font-weight: 400;\">Unitat de producci\u00f3 compacta per a productes alimentaris l\u00edquids amb diverses viscositats amb part\u00edcules o sense. El sistema combina diverses operacions en una m\u00e0quina. Els passos del proc\u00e9s es poden programar per garantir processos de producci\u00f3 repetibles d&#8217;alta qualitat i sense errors humans.<\/p>\n<p>Es tracta de matter perqu\u00e8 es buyingFind a la teva recerca paper que serveix per <a href=\"https:\/\/bresdel.com\/blogs\/44215\/How-to-Write-a-Professional-Email-How-to-Write-a\">bresdel.com<\/a> ordenar el safeguard que supplying aquest tipus de guarantee per a vost\u00e8 start per a la seva acci\u00f3.<\/p>\n<p>term paper per a la classe, o whether you&#8217;re a hospital searching per a some superiors papers, it \u00e9s possible per amazing llocs web en l\u00ednia que s&#8217;ha de tenir en compte amb les millors qualitats de not\u00edcies.<\/p>\n<p>Proc\u00e9s: Barreja, Dispersi\u00f3, Emulsions, processos amb buit, Calefacci\u00f3 directa i indirecta[\/vc_column_text][\/vc_column][\/vc_row][vc_row css=&#8221;.vc_custom_1533202540561{margin-top: 35px !important;}&#8221; el_class=&#8221;fileventajas&#8221;][vc_column width=&#8221;1\/2&#8243;][vc_custom_heading text=&#8221;Avantatges&#8221; use_theme_fonts=&#8221;yes&#8221;][vc_column_text]<\/p>\n<ul>\n<li>F\u00e0cil d&#8217;usar<\/li>\n<li>Repetabilitat sense errors<\/li>\n<li>Grand\u00e0ries de lot variables<\/li>\n<li>Temps de proc\u00e9s curts<\/li>\n<li>Maneig suau del producte<\/li>\n<li>Eficient incorporaci\u00f3 de la pols entre estator i rotor<\/li>\n<li>Barreja homog\u00e8nia<\/li>\n<li>Processos al buit, sense oxidaci\u00f3<\/li>\n<li>Possibilitat de reutilitzaci\u00f3 el sabor<\/li>\n<li>Neteja CIP integrada<\/li>\n<\/ul>\n<p>[\/vc_column_text][\/vc_column][vc_column width=&#8221;1\/2&#8243;][vc_custom_heading text=&#8221;Aplicacions&#8221; use_theme_fonts=&#8221;yes&#8221;][vc_column_text]<\/p>\n<ul>\n<li>Maionesa (baix o alt contingut en greix)<\/li>\n<li>Salsa de tom\u00e0quet<\/li>\n<li>Sopes, Salses precuinats<\/li>\n<li>hummus<\/li>\n<li>Pat\u00e9s<\/li>\n<li>Caramel \/ Dol\u00e7 de llet<\/li>\n<li>Preparacions de fruites<\/li>\n<li>Locions i cremes<\/li>\n<\/ul>\n<p>[\/vc_column_text][\/vc_column][\/vc_row][vc_row css=&#8221;.vc_custom_1533202540561{margin-top: 35px !important;}&#8221; el_class=&#8221;fileventajas&#8221;][vc_column width=&#8221;1\/2&#8243;][vc_custom_heading text=&#8221;Capacitats&#8221; use_theme_fonts=&#8221;yes&#8221;][vc_column_text]<\/p>\n<ul>\n<li>300, 500, 1000, 1500, 2000, 2500, 3000<\/li>\n<\/ul>\n<p>[\/vc_column_text][vc_empty_space][vc_btn title=&#8221;SOL\u00b7LICITUD D&#8217;INFORMACI\u00d3 T\u00c8CNICA&#8221; link=&#8221;url:https%3A%2F%2Fwww.raimaberfluidtech.com%2Findustrial%2Fsolicitud-informacion-tecnica%2F|title:Sol%C2%B7licitud%20informaci%C3%B3%20t%C3%A8cnica|&#8221;][\/vc_column][vc_column width=&#8221;1\/2&#8243;][\/vc_column][\/vc_row][vc_row][vc_column][vc_column_text]<\/p>\n<p>[\/vc_column_text][\/vc_column][\/vc_row]<\/p>\n<\/div>","protected":false},"excerpt":{"rendered":"<p>[vc_row][vc_column width=&#8221;1\/2&#8243;][vc_media_grid element_width=&#8221;6&#8243; gap=&#8221;4&#8243; grid_id=&#8221;vc_gid:1632305886233-e91adf15-8644-10&#8243; include=&#8221;5280,5281,5282&#8243;][\/vc_column][vc_column width=&#8221;1\/2&#8243;][vc_custom_heading text=&#8221;PERFITEX&#8221; font_container=&#8221;tag:h2|text_align:left|color:%230a0a0a&#8221; use_theme_fonts=&#8221;yes&#8221;][vc_column_text] Unitat de producci\u00f3 compacta per a productes alimentaris l\u00edquids amb diverses viscositats amb part\u00edcules o sense. El sistema combina diverses operacions en una m\u00e0quina. Els passos del proc\u00e9s es poden&#8230;<\/p>\n","protected":false},"author":1,"featured_media":0,"parent":15048,"menu_order":0,"comment_status":"closed","ping_status":"closed","template":"page-sidebar.php","meta":{"footnotes":""},"class_list":["post-14980","page","type-page","status-publish","hentry"],"yoast_head":"<!-- This site is optimized with the Yoast SEO plugin v24.3 - https:\/\/yoast.com\/wordpress\/plugins\/seo\/ -->\n<title>Perfiprocess: Perfitech - Raimaber Fluid Tech [Industrial]<\/title>\n<meta name=\"description\" content=\"Perfitech de Perfiprocess \u00e9s una unitat de producci\u00f3 compacta per a productes alimentaris l\u00edquids amb diverses viscositats.\" \/>\n<meta name=\"robots\" content=\"index, follow, max-snippet:-1, max-image-preview:large, max-video-preview:-1\" \/>\n<link rel=\"canonical\" href=\"https:\/\/www.raimaberfluidtech.com\/industrial\/ca\/perfiprocess-2\/perfitech\/\" \/>\n<meta property=\"og:locale\" content=\"ca_ES\" \/>\n<meta property=\"og:type\" content=\"article\" \/>\n<meta property=\"og:title\" content=\"Perfiprocess: Perfitech - Raimaber Fluid Tech [Industrial]\" \/>\n<meta property=\"og:description\" content=\"Perfitech de Perfiprocess \u00e9s una unitat de producci\u00f3 compacta per a productes alimentaris l\u00edquids amb diverses viscositats.\" \/>\n<meta property=\"og:url\" content=\"https:\/\/www.raimaberfluidtech.com\/industrial\/ca\/perfiprocess-2\/perfitech\/\" \/>\n<meta property=\"og:site_name\" content=\"Raimaber Fluid Tech [Industrial]\" \/>\n<meta property=\"article:modified_time\" content=\"2025-04-15T09:39:40+00:00\" \/>\n<meta name=\"twitter:label1\" content=\"Temps estimat de lectura\" \/>\n\t<meta name=\"twitter:data1\" content=\"2 minuts\" \/>\n<script type=\"application\/ld+json\" class=\"yoast-schema-graph\">{\"@context\":\"https:\/\/schema.org\",\"@graph\":[{\"@type\":\"WebPage\",\"@id\":\"https:\/\/www.raimaberfluidtech.com\/industrial\/ca\/perfiprocess-2\/perfitech\/\",\"url\":\"https:\/\/www.raimaberfluidtech.com\/industrial\/ca\/perfiprocess-2\/perfitech\/\",\"name\":\"Perfiprocess: Perfitech - Raimaber Fluid Tech [Industrial]\",\"isPartOf\":{\"@id\":\"https:\/\/www.raimaberfluidtech.com\/industrial\/ca\/#website\"},\"datePublished\":\"2018-08-02T09:40:44+00:00\",\"dateModified\":\"2025-04-15T09:39:40+00:00\",\"description\":\"Perfitech de Perfiprocess \u00e9s una unitat de producci\u00f3 compacta per a productes alimentaris l\u00edquids amb diverses viscositats.\",\"breadcrumb\":{\"@id\":\"https:\/\/www.raimaberfluidtech.com\/industrial\/ca\/perfiprocess-2\/perfitech\/#breadcrumb\"},\"inLanguage\":\"ca\",\"potentialAction\":[{\"@type\":\"ReadAction\",\"target\":[\"https:\/\/www.raimaberfluidtech.com\/industrial\/ca\/perfiprocess-2\/perfitech\/\"]}]},{\"@type\":\"BreadcrumbList\",\"@id\":\"https:\/\/www.raimaberfluidtech.com\/industrial\/ca\/perfiprocess-2\/perfitech\/#breadcrumb\",\"itemListElement\":[{\"@type\":\"ListItem\",\"position\":1,\"name\":\"Home\",\"item\":\"https:\/\/www.raimaberfluidtech.com\/industrial\/ca\/\"},{\"@type\":\"ListItem\",\"position\":2,\"name\":\"Perfiprocess\",\"item\":\"https:\/\/www.raimaberfluidtech.com\/industrial\/ca\/perfiprocess-2\/\"},{\"@type\":\"ListItem\",\"position\":3,\"name\":\"Perfitech\"}]},{\"@type\":\"WebSite\",\"@id\":\"https:\/\/www.raimaberfluidtech.com\/industrial\/ca\/#website\",\"url\":\"https:\/\/www.raimaberfluidtech.com\/industrial\/ca\/\",\"name\":\"Raimaber Fluid Tech [Industrial]\",\"description\":\"Bombas industriales\",\"publisher\":{\"@id\":\"https:\/\/www.raimaberfluidtech.com\/industrial\/ca\/#organization\"},\"potentialAction\":[{\"@type\":\"SearchAction\",\"target\":{\"@type\":\"EntryPoint\",\"urlTemplate\":\"https:\/\/www.raimaberfluidtech.com\/industrial\/ca\/?s={search_term_string}\"},\"query-input\":{\"@type\":\"PropertyValueSpecification\",\"valueRequired\":true,\"valueName\":\"search_term_string\"}}],\"inLanguage\":\"ca\"},{\"@type\":\"Organization\",\"@id\":\"https:\/\/www.raimaberfluidtech.com\/industrial\/ca\/#organization\",\"name\":\"Raimaber Fluid Tech [Industrial]\",\"url\":\"https:\/\/www.raimaberfluidtech.com\/industrial\/ca\/\",\"logo\":{\"@type\":\"ImageObject\",\"inLanguage\":\"ca\",\"@id\":\"https:\/\/www.raimaberfluidtech.com\/industrial\/ca\/#\/schema\/logo\/image\/\",\"url\":\"https:\/\/www.raimaberfluidtech.com\/industrial\/wp-content\/blogs.dir\/4\/files\/2012\/11\/raimaber.gif\",\"contentUrl\":\"https:\/\/www.raimaberfluidtech.com\/industrial\/wp-content\/blogs.dir\/4\/files\/2012\/11\/raimaber.gif\",\"width\":\"705\",\"height\":\"438\",\"caption\":\"Raimaber Fluid Tech [Industrial]\"},\"image\":{\"@id\":\"https:\/\/www.raimaberfluidtech.com\/industrial\/ca\/#\/schema\/logo\/image\/\"}}]}<\/script>\n<!-- \/ Yoast SEO plugin. -->","yoast_head_json":{"title":"Perfiprocess: Perfitech - Raimaber Fluid Tech [Industrial]","description":"Perfitech de Perfiprocess \u00e9s una unitat de producci\u00f3 compacta per a productes alimentaris l\u00edquids amb diverses viscositats.","robots":{"index":"index","follow":"follow","max-snippet":"max-snippet:-1","max-image-preview":"max-image-preview:large","max-video-preview":"max-video-preview:-1"},"canonical":"https:\/\/www.raimaberfluidtech.com\/industrial\/ca\/perfiprocess-2\/perfitech\/","og_locale":"ca_ES","og_type":"article","og_title":"Perfiprocess: Perfitech - Raimaber Fluid Tech [Industrial]","og_description":"Perfitech de Perfiprocess \u00e9s una unitat de producci\u00f3 compacta per a productes alimentaris l\u00edquids amb diverses viscositats.","og_url":"https:\/\/www.raimaberfluidtech.com\/industrial\/ca\/perfiprocess-2\/perfitech\/","og_site_name":"Raimaber Fluid Tech [Industrial]","article_modified_time":"2025-04-15T09:39:40+00:00","twitter_misc":{"Temps estimat de lectura":"2 minuts"},"schema":{"@context":"https:\/\/schema.org","@graph":[{"@type":"WebPage","@id":"https:\/\/www.raimaberfluidtech.com\/industrial\/ca\/perfiprocess-2\/perfitech\/","url":"https:\/\/www.raimaberfluidtech.com\/industrial\/ca\/perfiprocess-2\/perfitech\/","name":"Perfiprocess: Perfitech - Raimaber Fluid Tech [Industrial]","isPartOf":{"@id":"https:\/\/www.raimaberfluidtech.com\/industrial\/ca\/#website"},"datePublished":"2018-08-02T09:40:44+00:00","dateModified":"2025-04-15T09:39:40+00:00","description":"Perfitech de Perfiprocess \u00e9s una unitat de producci\u00f3 compacta per a productes alimentaris l\u00edquids amb diverses viscositats.","breadcrumb":{"@id":"https:\/\/www.raimaberfluidtech.com\/industrial\/ca\/perfiprocess-2\/perfitech\/#breadcrumb"},"inLanguage":"ca","potentialAction":[{"@type":"ReadAction","target":["https:\/\/www.raimaberfluidtech.com\/industrial\/ca\/perfiprocess-2\/perfitech\/"]}]},{"@type":"BreadcrumbList","@id":"https:\/\/www.raimaberfluidtech.com\/industrial\/ca\/perfiprocess-2\/perfitech\/#breadcrumb","itemListElement":[{"@type":"ListItem","position":1,"name":"Home","item":"https:\/\/www.raimaberfluidtech.com\/industrial\/ca\/"},{"@type":"ListItem","position":2,"name":"Perfiprocess","item":"https:\/\/www.raimaberfluidtech.com\/industrial\/ca\/perfiprocess-2\/"},{"@type":"ListItem","position":3,"name":"Perfitech"}]},{"@type":"WebSite","@id":"https:\/\/www.raimaberfluidtech.com\/industrial\/ca\/#website","url":"https:\/\/www.raimaberfluidtech.com\/industrial\/ca\/","name":"Raimaber Fluid Tech [Industrial]","description":"Bombas industriales","publisher":{"@id":"https:\/\/www.raimaberfluidtech.com\/industrial\/ca\/#organization"},"potentialAction":[{"@type":"SearchAction","target":{"@type":"EntryPoint","urlTemplate":"https:\/\/www.raimaberfluidtech.com\/industrial\/ca\/?s={search_term_string}"},"query-input":{"@type":"PropertyValueSpecification","valueRequired":true,"valueName":"search_term_string"}}],"inLanguage":"ca"},{"@type":"Organization","@id":"https:\/\/www.raimaberfluidtech.com\/industrial\/ca\/#organization","name":"Raimaber Fluid Tech [Industrial]","url":"https:\/\/www.raimaberfluidtech.com\/industrial\/ca\/","logo":{"@type":"ImageObject","inLanguage":"ca","@id":"https:\/\/www.raimaberfluidtech.com\/industrial\/ca\/#\/schema\/logo\/image\/","url":"https:\/\/www.raimaberfluidtech.com\/industrial\/wp-content\/blogs.dir\/4\/files\/2012\/11\/raimaber.gif","contentUrl":"https:\/\/www.raimaberfluidtech.com\/industrial\/wp-content\/blogs.dir\/4\/files\/2012\/11\/raimaber.gif","width":"705","height":"438","caption":"Raimaber Fluid Tech [Industrial]"},"image":{"@id":"https:\/\/www.raimaberfluidtech.com\/industrial\/ca\/#\/schema\/logo\/image\/"}}]}},"_links":{"self":[{"href":"https:\/\/www.raimaberfluidtech.com\/industrial\/ca\/wp-json\/wp\/v2\/pages\/14980","targetHints":{"allow":["GET"]}}],"collection":[{"href":"https:\/\/www.raimaberfluidtech.com\/industrial\/ca\/wp-json\/wp\/v2\/pages"}],"about":[{"href":"https:\/\/www.raimaberfluidtech.com\/industrial\/ca\/wp-json\/wp\/v2\/types\/page"}],"author":[{"embeddable":true,"href":"https:\/\/www.raimaberfluidtech.com\/industrial\/ca\/wp-json\/wp\/v2\/users\/1"}],"replies":[{"embeddable":true,"href":"https:\/\/www.raimaberfluidtech.com\/industrial\/ca\/wp-json\/wp\/v2\/comments?post=14980"}],"version-history":[{"count":2,"href":"https:\/\/www.raimaberfluidtech.com\/industrial\/ca\/wp-json\/wp\/v2\/pages\/14980\/revisions"}],"predecessor-version":[{"id":17699,"href":"https:\/\/www.raimaberfluidtech.com\/industrial\/ca\/wp-json\/wp\/v2\/pages\/14980\/revisions\/17699"}],"up":[{"embeddable":true,"href":"https:\/\/www.raimaberfluidtech.com\/industrial\/ca\/wp-json\/wp\/v2\/pages\/15048"}],"wp:attachment":[{"href":"https:\/\/www.raimaberfluidtech.com\/industrial\/ca\/wp-json\/wp\/v2\/media?parent=14980"}],"curies":[{"name":"wp","href":"https:\/\/api.w.org\/{rel}","templated":true}]}}