{"id":14964,"date":"2018-08-02T11:27:33","date_gmt":"2018-08-02T11:27:33","guid":{"rendered":"https:\/\/www.raimaberfluidtech.com\/industrial\/perficooler\/"},"modified":"2025-04-15T09:39:33","modified_gmt":"2025-04-15T09:39:33","slug":"perficooler","status":"publish","type":"page","link":"https:\/\/www.raimaberfluidtech.com\/industrial\/ca\/perfiprocess-2\/perficooler\/","title":{"rendered":"Perficooler"},"content":{"rendered":"<div class=\"wpb-content-wrapper\"><p>[vc_row][vc_column width=&#8221;1\/2&#8243;][vc_media_grid element_width=&#8221;6&#8243; gap=&#8221;4&#8243; grid_id=&#8221;vc_gid:1632305045727-01f262e1-5bc6-5&#8243; include=&#8221;5664&#8243;][\/vc_column][vc_column width=&#8221;1\/2&#8243;][vc_custom_heading text=&#8221;PERFICOOLER: TANC DE REFREDAMENT&#8221; font_container=&#8221;tag:h2|font_size:18px|text_align:left|color:%23000000&#8243; use_theme_fonts=&#8221;yes&#8221;][vc_column_text]<strong>MOTOR MUNTATGE INFERIOR<\/strong><\/p>\n<p>Recipients de refredament d&#8217;alta efici\u00e8ncia, amb doble camisa de refrigeraci\u00f3 per a una superf\u00edcie d&#8217;intercanvi m\u00e0xima, dissenyats per a un maneig suau del producte i la integraci\u00f3 de sistemes auxiliars opcionals, segons les necessitats i els requisits del client.<\/p>\n<p><strong>MOTOR MUNTATGE SUPERIOR<\/strong><\/p>\n<p>Recipients de refrigeraci\u00f3 amb camisa de refrigeraci\u00f3 \u00fanica, dissenyats per a un maneig suau del producte i integraci\u00f3 de sistemes auxiliars opcionals, segons les necessitats i els requisits del client.[\/vc_column_text][\/vc_column][\/vc_row][vc_row css=&#8221;.vc_custom_1533202540561{margin-top: 35px !important;}&#8221; el_class=&#8221;fileventajas&#8221;][vc_column width=&#8221;1\/2&#8243;][vc_custom_heading text=&#8221;Avantatges&#8221; use_theme_fonts=&#8221;yes&#8221;][vc_column_text]<\/p>\n<ul>\n<li>Salses<\/li>\n<li>Sopes<\/li>\n<li>Cremes<\/li>\n<li>Components de menjar preparat<\/li>\n<li>Preparat de fruites<\/li>\n<\/ul>\n<p>[\/vc_column_text][\/vc_column][vc_column width=&#8221;1\/2&#8243;][vc_custom_heading text=&#8221;Aplicacions&#8221; use_theme_fonts=&#8221;yes&#8221;][vc_column_text]<\/p>\n<ul>\n<li>Grand\u00e0ries de lot variables, sense cremar el producte<\/li>\n<li>F\u00e0cil instal\u00b7laci\u00f3<\/li>\n<li>Temps de proc\u00e9s curts i intu\u00eftius<\/li>\n<li>Maneig suau del producte<\/li>\n<li>Proc\u00e9s amb buit, sense oxidaci\u00f3<\/li>\n<li>Alta neteja<\/li>\n<li>Dissenyat per a CIP i SIP<\/li>\n<\/ul>\n<p>[\/vc_column_text][\/vc_column][\/vc_row][vc_row css=&#8221;.vc_custom_1533202540561{margin-top: 35px !important;}&#8221; el_class=&#8221;fileventajas&#8221;][vc_column width=&#8221;1\/2&#8243;][vc_custom_heading text=&#8221;Opcionals&#8221; use_theme_fonts=&#8221;yes&#8221;][vc_column_text]<\/p>\n<ul>\n<li>Sistema de buit<\/li>\n<li>Sistema condensador<\/li>\n<li>Camisa de transfer\u00e8ncia de calor segmentada<\/li>\n<li>Agitador d&#8217;alt cisallament<\/li>\n<li>Proveta de temperatura<\/li>\n<li>Coberta amb motor<\/li>\n<li>Paquet &#8220;llest per treballar&#8221;, amb v\u00e0lvula modulant<\/li>\n<li>Trampes, v\u00e0lvules de tancament i accessoris<\/li>\n<li>Muntatge de pat\u00ed, incl\u00f2s el sistema de control<\/li>\n<\/ul>\n<p>[\/vc_column_text][vc_empty_space][vc_btn title=&#8221;SOL\u00b7LICITUD D&#8217;INFORMACI\u00d3 T\u00c8CNICA&#8221; link=&#8221;url:https%3A%2F%2Fwww.raimaberfluidtech.com%2Findustrial%2Fsolicitud-informacion-tecnica%2F|title:Sol%C2%B7licitud%20informaci%C3%B3%20t%C3%A8cnica|&#8221;][\/vc_column][vc_column width=&#8221;1\/2&#8243;][\/vc_column][\/vc_row][vc_row][vc_column][vc_column_text]<\/p>\n<p>&nbsp;<\/p>\n<p>&nbsp;<\/p>\n<p>[\/vc_column_text][\/vc_column][\/vc_row]<\/p>\n<\/div>","protected":false},"excerpt":{"rendered":"<p>[vc_row][vc_column width=&#8221;1\/2&#8243;][vc_media_grid element_width=&#8221;6&#8243; gap=&#8221;4&#8243; grid_id=&#8221;vc_gid:1632305045727-01f262e1-5bc6-5&#8243; include=&#8221;5664&#8243;][\/vc_column][vc_column width=&#8221;1\/2&#8243;][vc_custom_heading text=&#8221;PERFICOOLER: TANC DE REFREDAMENT&#8221; font_container=&#8221;tag:h2|font_size:18px|text_align:left|color:%23000000&#8243; use_theme_fonts=&#8221;yes&#8221;][vc_column_text]MOTOR MUNTATGE INFERIOR Recipients de refredament d&#8217;alta efici\u00e8ncia, amb doble camisa de refrigeraci\u00f3 per a una superf\u00edcie d&#8217;intercanvi m\u00e0xima, dissenyats per a un maneig suau del producte i&#8230;<\/p>\n","protected":false},"author":1,"featured_media":0,"parent":15048,"menu_order":0,"comment_status":"closed","ping_status":"closed","template":"page-sidebar.php","meta":{"footnotes":""},"class_list":["post-14964","page","type-page","status-publish","hentry"],"yoast_head":"<!-- This site is optimized with the Yoast SEO plugin v24.3 - https:\/\/yoast.com\/wordpress\/plugins\/seo\/ -->\n<title>Perfiprocess: Perficooler - Raimaber Fluid Tech [Industrial]<\/title>\n<meta name=\"description\" content=\"El Perficooler \u00e9s un tanc de refredament que consta de recipients de refredament d\u02bbalta efici\u00e8ncia per a un maneig suau del producte.\" \/>\n<meta name=\"robots\" content=\"index, follow, max-snippet:-1, max-image-preview:large, max-video-preview:-1\" \/>\n<link rel=\"canonical\" href=\"https:\/\/www.raimaberfluidtech.com\/industrial\/ca\/perfiprocess-2\/perficooler\/\" \/>\n<meta property=\"og:locale\" content=\"ca_ES\" \/>\n<meta property=\"og:type\" content=\"article\" \/>\n<meta property=\"og:title\" content=\"Perfiprocess: Perficooler - Raimaber Fluid Tech [Industrial]\" \/>\n<meta property=\"og:description\" content=\"El Perficooler \u00e9s un tanc de refredament que consta de recipients de refredament d\u02bbalta efici\u00e8ncia per a un maneig suau del producte.\" \/>\n<meta property=\"og:url\" content=\"https:\/\/www.raimaberfluidtech.com\/industrial\/ca\/perfiprocess-2\/perficooler\/\" \/>\n<meta property=\"og:site_name\" content=\"Raimaber Fluid Tech [Industrial]\" \/>\n<meta property=\"article:modified_time\" content=\"2025-04-15T09:39:33+00:00\" \/>\n<meta name=\"twitter:label1\" content=\"Temps estimat de lectura\" \/>\n\t<meta name=\"twitter:data1\" content=\"1 minut\" \/>\n<script type=\"application\/ld+json\" class=\"yoast-schema-graph\">{\"@context\":\"https:\/\/schema.org\",\"@graph\":[{\"@type\":\"WebPage\",\"@id\":\"https:\/\/www.raimaberfluidtech.com\/industrial\/ca\/perfiprocess-2\/perficooler\/\",\"url\":\"https:\/\/www.raimaberfluidtech.com\/industrial\/ca\/perfiprocess-2\/perficooler\/\",\"name\":\"Perfiprocess: Perficooler - Raimaber Fluid Tech [Industrial]\",\"isPartOf\":{\"@id\":\"https:\/\/www.raimaberfluidtech.com\/industrial\/ca\/#website\"},\"datePublished\":\"2018-08-02T11:27:33+00:00\",\"dateModified\":\"2025-04-15T09:39:33+00:00\",\"description\":\"El Perficooler \u00e9s un tanc de refredament que consta de recipients de refredament d\u02bbalta efici\u00e8ncia per a un maneig suau del producte.\",\"breadcrumb\":{\"@id\":\"https:\/\/www.raimaberfluidtech.com\/industrial\/ca\/perfiprocess-2\/perficooler\/#breadcrumb\"},\"inLanguage\":\"ca\",\"potentialAction\":[{\"@type\":\"ReadAction\",\"target\":[\"https:\/\/www.raimaberfluidtech.com\/industrial\/ca\/perfiprocess-2\/perficooler\/\"]}]},{\"@type\":\"BreadcrumbList\",\"@id\":\"https:\/\/www.raimaberfluidtech.com\/industrial\/ca\/perfiprocess-2\/perficooler\/#breadcrumb\",\"itemListElement\":[{\"@type\":\"ListItem\",\"position\":1,\"name\":\"Home\",\"item\":\"https:\/\/www.raimaberfluidtech.com\/industrial\/ca\/\"},{\"@type\":\"ListItem\",\"position\":2,\"name\":\"Perfiprocess\",\"item\":\"https:\/\/www.raimaberfluidtech.com\/industrial\/ca\/perfiprocess-2\/\"},{\"@type\":\"ListItem\",\"position\":3,\"name\":\"Perficooler\"}]},{\"@type\":\"WebSite\",\"@id\":\"https:\/\/www.raimaberfluidtech.com\/industrial\/ca\/#website\",\"url\":\"https:\/\/www.raimaberfluidtech.com\/industrial\/ca\/\",\"name\":\"Raimaber Fluid Tech [Industrial]\",\"description\":\"Bombas industriales\",\"publisher\":{\"@id\":\"https:\/\/www.raimaberfluidtech.com\/industrial\/ca\/#organization\"},\"potentialAction\":[{\"@type\":\"SearchAction\",\"target\":{\"@type\":\"EntryPoint\",\"urlTemplate\":\"https:\/\/www.raimaberfluidtech.com\/industrial\/ca\/?s={search_term_string}\"},\"query-input\":{\"@type\":\"PropertyValueSpecification\",\"valueRequired\":true,\"valueName\":\"search_term_string\"}}],\"inLanguage\":\"ca\"},{\"@type\":\"Organization\",\"@id\":\"https:\/\/www.raimaberfluidtech.com\/industrial\/ca\/#organization\",\"name\":\"Raimaber Fluid Tech [Industrial]\",\"url\":\"https:\/\/www.raimaberfluidtech.com\/industrial\/ca\/\",\"logo\":{\"@type\":\"ImageObject\",\"inLanguage\":\"ca\",\"@id\":\"https:\/\/www.raimaberfluidtech.com\/industrial\/ca\/#\/schema\/logo\/image\/\",\"url\":\"https:\/\/www.raimaberfluidtech.com\/industrial\/wp-content\/blogs.dir\/4\/files\/2012\/11\/raimaber.gif\",\"contentUrl\":\"https:\/\/www.raimaberfluidtech.com\/industrial\/wp-content\/blogs.dir\/4\/files\/2012\/11\/raimaber.gif\",\"width\":\"705\",\"height\":\"438\",\"caption\":\"Raimaber Fluid Tech [Industrial]\"},\"image\":{\"@id\":\"https:\/\/www.raimaberfluidtech.com\/industrial\/ca\/#\/schema\/logo\/image\/\"}}]}<\/script>\n<!-- \/ Yoast SEO plugin. -->","yoast_head_json":{"title":"Perfiprocess: Perficooler - Raimaber Fluid Tech [Industrial]","description":"El Perficooler \u00e9s un tanc de refredament que consta de recipients de refredament d\u02bbalta efici\u00e8ncia per a un maneig suau del producte.","robots":{"index":"index","follow":"follow","max-snippet":"max-snippet:-1","max-image-preview":"max-image-preview:large","max-video-preview":"max-video-preview:-1"},"canonical":"https:\/\/www.raimaberfluidtech.com\/industrial\/ca\/perfiprocess-2\/perficooler\/","og_locale":"ca_ES","og_type":"article","og_title":"Perfiprocess: Perficooler - Raimaber Fluid Tech [Industrial]","og_description":"El Perficooler \u00e9s un tanc de refredament que consta de recipients de refredament d\u02bbalta efici\u00e8ncia per a un maneig suau del producte.","og_url":"https:\/\/www.raimaberfluidtech.com\/industrial\/ca\/perfiprocess-2\/perficooler\/","og_site_name":"Raimaber Fluid Tech [Industrial]","article_modified_time":"2025-04-15T09:39:33+00:00","twitter_misc":{"Temps estimat de lectura":"1 minut"},"schema":{"@context":"https:\/\/schema.org","@graph":[{"@type":"WebPage","@id":"https:\/\/www.raimaberfluidtech.com\/industrial\/ca\/perfiprocess-2\/perficooler\/","url":"https:\/\/www.raimaberfluidtech.com\/industrial\/ca\/perfiprocess-2\/perficooler\/","name":"Perfiprocess: Perficooler - Raimaber Fluid Tech [Industrial]","isPartOf":{"@id":"https:\/\/www.raimaberfluidtech.com\/industrial\/ca\/#website"},"datePublished":"2018-08-02T11:27:33+00:00","dateModified":"2025-04-15T09:39:33+00:00","description":"El Perficooler \u00e9s un tanc de refredament que consta de recipients de refredament d\u02bbalta efici\u00e8ncia per a un maneig suau del producte.","breadcrumb":{"@id":"https:\/\/www.raimaberfluidtech.com\/industrial\/ca\/perfiprocess-2\/perficooler\/#breadcrumb"},"inLanguage":"ca","potentialAction":[{"@type":"ReadAction","target":["https:\/\/www.raimaberfluidtech.com\/industrial\/ca\/perfiprocess-2\/perficooler\/"]}]},{"@type":"BreadcrumbList","@id":"https:\/\/www.raimaberfluidtech.com\/industrial\/ca\/perfiprocess-2\/perficooler\/#breadcrumb","itemListElement":[{"@type":"ListItem","position":1,"name":"Home","item":"https:\/\/www.raimaberfluidtech.com\/industrial\/ca\/"},{"@type":"ListItem","position":2,"name":"Perfiprocess","item":"https:\/\/www.raimaberfluidtech.com\/industrial\/ca\/perfiprocess-2\/"},{"@type":"ListItem","position":3,"name":"Perficooler"}]},{"@type":"WebSite","@id":"https:\/\/www.raimaberfluidtech.com\/industrial\/ca\/#website","url":"https:\/\/www.raimaberfluidtech.com\/industrial\/ca\/","name":"Raimaber Fluid Tech [Industrial]","description":"Bombas industriales","publisher":{"@id":"https:\/\/www.raimaberfluidtech.com\/industrial\/ca\/#organization"},"potentialAction":[{"@type":"SearchAction","target":{"@type":"EntryPoint","urlTemplate":"https:\/\/www.raimaberfluidtech.com\/industrial\/ca\/?s={search_term_string}"},"query-input":{"@type":"PropertyValueSpecification","valueRequired":true,"valueName":"search_term_string"}}],"inLanguage":"ca"},{"@type":"Organization","@id":"https:\/\/www.raimaberfluidtech.com\/industrial\/ca\/#organization","name":"Raimaber Fluid Tech [Industrial]","url":"https:\/\/www.raimaberfluidtech.com\/industrial\/ca\/","logo":{"@type":"ImageObject","inLanguage":"ca","@id":"https:\/\/www.raimaberfluidtech.com\/industrial\/ca\/#\/schema\/logo\/image\/","url":"https:\/\/www.raimaberfluidtech.com\/industrial\/wp-content\/blogs.dir\/4\/files\/2012\/11\/raimaber.gif","contentUrl":"https:\/\/www.raimaberfluidtech.com\/industrial\/wp-content\/blogs.dir\/4\/files\/2012\/11\/raimaber.gif","width":"705","height":"438","caption":"Raimaber Fluid Tech [Industrial]"},"image":{"@id":"https:\/\/www.raimaberfluidtech.com\/industrial\/ca\/#\/schema\/logo\/image\/"}}]}},"_links":{"self":[{"href":"https:\/\/www.raimaberfluidtech.com\/industrial\/ca\/wp-json\/wp\/v2\/pages\/14964","targetHints":{"allow":["GET"]}}],"collection":[{"href":"https:\/\/www.raimaberfluidtech.com\/industrial\/ca\/wp-json\/wp\/v2\/pages"}],"about":[{"href":"https:\/\/www.raimaberfluidtech.com\/industrial\/ca\/wp-json\/wp\/v2\/types\/page"}],"author":[{"embeddable":true,"href":"https:\/\/www.raimaberfluidtech.com\/industrial\/ca\/wp-json\/wp\/v2\/users\/1"}],"replies":[{"embeddable":true,"href":"https:\/\/www.raimaberfluidtech.com\/industrial\/ca\/wp-json\/wp\/v2\/comments?post=14964"}],"version-history":[{"count":2,"href":"https:\/\/www.raimaberfluidtech.com\/industrial\/ca\/wp-json\/wp\/v2\/pages\/14964\/revisions"}],"predecessor-version":[{"id":17697,"href":"https:\/\/www.raimaberfluidtech.com\/industrial\/ca\/wp-json\/wp\/v2\/pages\/14964\/revisions\/17697"}],"up":[{"embeddable":true,"href":"https:\/\/www.raimaberfluidtech.com\/industrial\/ca\/wp-json\/wp\/v2\/pages\/15048"}],"wp:attachment":[{"href":"https:\/\/www.raimaberfluidtech.com\/industrial\/ca\/wp-json\/wp\/v2\/media?parent=14964"}],"curies":[{"name":"wp","href":"https:\/\/api.w.org\/{rel}","templated":true}]}}