{"id":14921,"date":"2019-03-21T17:00:59","date_gmt":"2019-03-21T17:00:59","guid":{"rendered":"https:\/\/www.raimaberfluidtech.com\/industrial\/oal-galeria-de-videos\/"},"modified":"2025-04-15T09:44:13","modified_gmt":"2025-04-15T09:44:13","slug":"oal-galeria-de-videos","status":"publish","type":"page","link":"https:\/\/www.raimaberfluidtech.com\/industrial\/ca\/videos\/oal-galeria-de-videos\/","title":{"rendered":"OAL &#8211; Galeria de v\u00eddeos"},"content":{"rendered":"<div class=\"wpb-content-wrapper\"><p>[vc_row][vc_column width=&#8221;1\/4&#8243;][vc_column_text]<a class=\"wplightbox\" title=\"Tomato Ketchup Steam infusion\" href=\"\/wp-content\/blogs.dir\/4\/files\/2019\/videos\/Tomato%20Ketchup%20Steam%20infusion.mp4\" data-group=\"galleryvideo\"><span style=\"background-image: url('\/wp-content\/blogs.dir\/4\/files\/2019\/03\/Tomato-Ketchup-Steam-infusion.jpg');\"><img decoding=\"async\" class=\"border\" src=\"\/wp-content\/blogs.dir\/4\/files\/2016\/05\/dummyvideo.png\" alt=\"\" \/><\/span><br \/>\n<label>Infusi\u00f3 vapor tom\u00e0quet Ketchup<\/label><\/a>[\/vc_column_text][\/vc_column][vc_column width=&#8221;1\/4&#8243;][vc_column_text]<a class=\"wplightbox\" title=\"The Best Steam Infusion Cooking Applications Compilation\" href=\"\/wp-content\/blogs.dir\/4\/files\/2019\/videos\/The%20Best%20Steam%20Infusion%20Cooking%20Applications%20Compilation.mp4\" data-group=\"galleryvideo\"><span style=\"background-image: url('\/wp-content\/blogs.dir\/4\/files\/2019\/03\/The-Best-Steam-Infusion-Cooking-Applications-Compilation.jpg');\"><img decoding=\"async\" class=\"border\" src=\"\/wp-content\/blogs.dir\/4\/files\/2016\/05\/dummyvideo.png\" alt=\"\" \/><\/span><br \/>\n<label>Recull d&#8217;aplicacions de la millor cocci\u00f3 amb la infusi\u00f3 directa de vapor<\/label><\/a>[\/vc_column_text][\/vc_column][vc_column width=&#8221;1\/4&#8243;][vc_column_text]<a class=\"wplightbox\" title=\"Steam Infusion No Burn-On\" href=\"\/wp-content\/blogs.dir\/4\/files\/2019\/videos\/Steam%20Infusion%20No%20Burn-On.mp4\" data-group=\"galleryvideo\"><span style=\"background-image: url('\/wp-content\/blogs.dir\/4\/files\/2019\/03\/Steam-Infusion-No-Burn-On.jpg');\"><img decoding=\"async\" class=\"border\" src=\"\/wp-content\/blogs.dir\/4\/files\/2016\/05\/dummyvideo.png\" alt=\"\" \/><\/span><br \/>\n<label>Infusi\u00f3 de Vapor sense cremar el producte<\/label><\/a>[\/vc_column_text][\/vc_column][vc_column width=&#8221;1\/4&#8243;][vc_column_text]<a class=\"wplightbox\" title=\"Steam Infusion Hollandaise Sauce\" href=\"\/wp-content\/blogs.dir\/4\/files\/2019\/videos\/Steam%20Infusion%20Hollandaise%20Sauce.mp4\" data-group=\"galleryvideo\"><span style=\"background-image: url('\/wp-content\/blogs.dir\/4\/files\/2019\/03\/Steam-Infusion-Hollandaise-Sauce.jpg');\"><img decoding=\"async\" class=\"border\" src=\"\/wp-content\/blogs.dir\/4\/files\/2016\/05\/dummyvideo.png\" alt=\"\" \/><\/span><br \/>\n<label>Infusi\u00f3 de vapor a Salsa Holandesa<\/label><\/a>[\/vc_column_text][\/vc_column][\/vc_row][vc_row][vc_column width=&#8221;1\/4&#8243;][vc_column_text]<a class=\"wplightbox\" title=\"Pizza Sauce Topping Manufacture\" href=\"\/wp-content\/blogs.dir\/4\/files\/2019\/videos\/Pizza%20Sauce%20Topping%20Manufacture.mp4\" data-group=\"galleryvideo\"><span style=\"background-image: url('\/wp-content\/blogs.dir\/4\/files\/2019\/03\/Pizza-Sauce-Topping-Manufacture.jpg');\"><img decoding=\"async\" class=\"border\" src=\"\/wp-content\/blogs.dir\/4\/files\/2016\/05\/dummyvideo.png\" alt=\"\" \/><\/span><br \/>\n<label>Fabricaci\u00f3 de Salsa Pizza<\/label><\/a>[\/vc_column_text][\/vc_column][vc_column width=&#8221;1\/4&#8243;][vc_column_text]<a class=\"wplightbox\" title=\"OAL Maize Hydration V2\" href=\"\/wp-content\/blogs.dir\/4\/files\/2019\/videos\/OAL%20Maize%20Hydration%20V2.mp4\" data-group=\"galleryvideo\"><span style=\"background-image: url('\/wp-content\/blogs.dir\/4\/files\/2019\/03\/OAL-Maize-Hydration-V2.jpg');\"><img decoding=\"async\" class=\"border\" src=\"\/wp-content\/blogs.dir\/4\/files\/2016\/05\/dummyvideo.png\" alt=\"\" \/><\/span><br \/>\n<label>Hidrataci\u00f3 de Blat de moro<\/label><\/a>[\/vc_column_text][\/vc_column][vc_column width=&#8221;1\/4&#8243;][vc_column_text]<a class=\"wplightbox\" title=\"Mushroom Sauce\" href=\"\/wp-content\/blogs.dir\/4\/files\/2019\/videos\/Mushroom%20Sauce.mp4\" data-group=\"galleryvideo\"><span style=\"background-image: url('\/wp-content\/blogs.dir\/4\/files\/2019\/03\/MushroomSauce.jpg');\"><img decoding=\"async\" class=\"border\" src=\"\/wp-content\/blogs.dir\/4\/files\/2016\/05\/dummyvideo.png\" alt=\"\" \/><\/span><br \/>\n<label>Salsa de &#8220;buletus&#8221;<\/label><\/a>[\/vc_column_text][\/vc_column][vc_column width=&#8221;1\/4&#8243;][vc_column_text]<a class=\"wplightbox\" title=\"Manufacture Rice Pudding with Steam Infusion\" href=\"\/wp-content\/blogs.dir\/4\/files\/2019\/videos\/Manufacture%20Rice%20Pudding%20with%20Steam%20Infusion.mp4\" data-group=\"galleryvideo\"><span style=\"background-image: url('\/wp-content\/blogs.dir\/4\/files\/2019\/03\/Manufacture-Rice-Pudding-with-Steam-Infusion.jpg');\"><img decoding=\"async\" class=\"border\" src=\"\/wp-content\/blogs.dir\/4\/files\/2016\/05\/dummyvideo.png\" alt=\"\" \/><\/span><br \/>\n<label>Fabricaci\u00f3 d&#8217;arr\u00f2s amb llet<\/label><\/a>[\/vc_column_text][\/vc_column][\/vc_row][vc_row][vc_column width=&#8221;1\/4&#8243;][vc_column_text]<a class=\"wplightbox\" title=\"Maheu Full Batch Production Dairy Gold, Z\u00e0mbia\" href=\"\/wp-content\/blogs.dir\/4\/files\/2019\/videos\/Maheu%20Full%20Batch%20Production%20Dairy%20Gold,%20Zambia.mp4\" data-group=\"galleryvideo\"><span style=\"background-image: url('\/wp-content\/blogs.dir\/4\/files\/2019\/03\/Maheu-Full-Batch-Production-Dairy-Gold,-Zambia.jpg');\"><img decoding=\"async\" class=\"border\" src=\"\/wp-content\/blogs.dir\/4\/files\/2016\/05\/dummyvideo.png\" alt=\"\" \/><\/span><br \/>\n<label>Productes lactis, a Z\u00e0mbia<\/label><\/a>[\/vc_column_text][\/vc_column][vc_column width=&#8221;1\/4&#8243;][vc_column_text]<a class=\"wplightbox\" title=\"How the Vaction Unit Works Ian Beauchamp\" href=\"\/wp-content\/blogs.dir\/4\/files\/2019\/videos\/How%20the%20Vaction%20Unit%20Works%20Ian%20Beauchamp.mp4\" data-group=\"galleryvideo\"><span style=\"background-image: url('\/wp-content\/blogs.dir\/4\/files\/2019\/03\/How-the-Vaction-Unit-Works-Ian-Beauchamp.jpg');\"><img decoding=\"async\" class=\"border\" src=\"\/wp-content\/blogs.dir\/4\/files\/2016\/05\/dummyvideo.png\" alt=\"\" \/><\/span><br \/>\n<label>Com funciona la unitat d&#8217;infusi\u00f3 de Vapor OAL, per Ian Beauchamp<\/label><\/a>[\/vc_column_text][\/vc_column][vc_column width=&#8221;1\/4&#8243;][vc_column_text]<a class=\"wplightbox\" title=\"Xocolata Custard with OAL Steam Infusion\" href=\"\/wp-content\/blogs.dir\/4\/files\/2019\/videos\/Chocolate%20Custard%20with%20OAL%20Steam%20Infusion.mp4\" data-group=\"galleryvideo\"><span style=\"background-image: url('\/wp-content\/blogs.dir\/4\/files\/2019\/03\/Chocolate-Custard-with-OAL-Steam-Infusion.jpg');\"><img decoding=\"async\" class=\"border\" src=\"\/wp-content\/blogs.dir\/4\/files\/2016\/05\/dummyvideo.png\" alt=\"\" \/><\/span><br \/>\n<label>Natilles de Chopolate, amb infusi\u00f3 de Vapor OAL<\/label><\/a>[\/vc_column_text][\/vc_column][vc_column width=&#8221;1\/4&#8243;][vc_column_text]<a class=\"wplightbox\" title=\"Bolognese Sauce\" href=\"\/wp-content\/blogs.dir\/4\/files\/2019\/videos\/Bolognese%20Sauce.mp4\" data-group=\"galleryvideo\"><span style=\"background-image: url('\/wp-content\/blogs.dir\/4\/files\/2019\/03\/BologneseSauce.jpg');\"><img decoding=\"async\" class=\"border\" src=\"\/wp-content\/blogs.dir\/4\/files\/2016\/05\/dummyvideo.png\" alt=\"\" \/><\/span><br \/>\n<label>Salsa Bolognesa<\/label><\/a>[\/vc_column_text][\/vc_column][\/vc_row][vc_row][vc_column width=&#8221;1\/4&#8243;][vc_column_text]<a class=\"wplightbox\" title=\"Bologense Sauce Cook &amp; Cool\" href=\"\/wp-content\/blogs.dir\/4\/files\/2019\/videos\/Bologense%20Sauce%20Cook%20&amp;%20Cool.mp4\" data-group=\"galleryvideo\"><span style=\"background-image: url('\/wp-content\/blogs.dir\/4\/files\/2019\/03\/Bologense-Sauce-Cook-&amp;-Cool.jpg');\"><img decoding=\"async\" class=\"border\" src=\"\/wp-content\/blogs.dir\/4\/files\/2016\/05\/dummyvideo.png\" alt=\"\" \/><\/span><br \/>\n<label>Cocci\u00f3 i refredament de Salsa Bolonyesa<\/label><\/a>[\/vc_column_text][\/vc_column][vc_column width=&#8221;1\/4&#8243;][vc_column_text]<a class=\"wplightbox\" title=\"Beixamel Sauce\" href=\"\/wp-content\/blogs.dir\/4\/files\/2019\/videos\/Bechamel%20Sauce.mp4\" data-group=\"galleryvideo\"><span style=\"background-image: url('\/wp-content\/blogs.dir\/4\/files\/2019\/03\/BechamelSauce.jpg');\"><img decoding=\"async\" class=\"border\" src=\"\/wp-content\/blogs.dir\/4\/files\/2016\/05\/dummyvideo.png\" alt=\"\" \/><\/span><br \/>\n<label>Salsa Beixamel<\/label><\/a>[\/vc_column_text][\/vc_column][vc_column width=&#8221;1\/4&#8243;][\/vc_column][vc_column width=&#8221;1\/4&#8243;][\/vc_column][vc_column][\/vc_column][\/vc_row]<\/p>\n<\/div>","protected":false},"excerpt":{"rendered":"<p>[vc_row][vc_column width=&#8221;1\/4&#8243;][vc_column_text] Infusi\u00f3 vapor tom\u00e0quet Ketchup[\/vc_column_text][\/vc_column][vc_column width=&#8221;1\/4&#8243;][vc_column_text] Recull d&#8217;aplicacions de la millor cocci\u00f3 amb la infusi\u00f3 directa de vapor[\/vc_column_text][\/vc_column][vc_column width=&#8221;1\/4&#8243;][vc_column_text] Infusi\u00f3 de Vapor sense cremar el producte[\/vc_column_text][\/vc_column][vc_column width=&#8221;1\/4&#8243;][vc_column_text] Infusi\u00f3 de vapor a Salsa Holandesa[\/vc_column_text][\/vc_column][\/vc_row][vc_row][vc_column width=&#8221;1\/4&#8243;][vc_column_text] Fabricaci\u00f3 de Salsa Pizza[\/vc_column_text][\/vc_column][vc_column width=&#8221;1\/4&#8243;][vc_column_text]&#8230;<\/p>\n","protected":false},"author":1,"featured_media":0,"parent":15682,"menu_order":0,"comment_status":"closed","ping_status":"closed","template":"","meta":{"footnotes":""},"class_list":["post-14921","page","type-page","status-publish","hentry"],"yoast_head":"<!-- This site is optimized with the Yoast SEO plugin v24.3 - https:\/\/yoast.com\/wordpress\/plugins\/seo\/ -->\n<title>Galeria de v\u00eddeos OAL - Raimaber<\/title>\n<meta name=\"description\" content=\"Raimaber \u00e9s distribu\u00efdor oficial a Espanya de la marca OAL, coneix tot el que cal saber sobre injectors de vapor Visita la galeria de v\u00eddeos OAL!\" \/>\n<meta name=\"robots\" content=\"index, follow, max-snippet:-1, max-image-preview:large, max-video-preview:-1\" \/>\n<link rel=\"canonical\" href=\"https:\/\/www.raimaberfluidtech.com\/industrial\/ca\/videos\/oal-galeria-de-videos\/\" \/>\n<meta property=\"og:locale\" content=\"ca_ES\" \/>\n<meta property=\"og:type\" content=\"article\" \/>\n<meta property=\"og:title\" content=\"Galeria de v\u00eddeos OAL - Raimaber\" \/>\n<meta property=\"og:description\" content=\"Raimaber \u00e9s distribu\u00efdor oficial a Espanya de la marca OAL, coneix tot el que cal saber sobre injectors de vapor Visita la galeria de v\u00eddeos OAL!\" \/>\n<meta property=\"og:url\" content=\"https:\/\/www.raimaberfluidtech.com\/industrial\/ca\/videos\/oal-galeria-de-videos\/\" \/>\n<meta property=\"og:site_name\" content=\"Raimaber Fluid Tech [Industrial]\" \/>\n<meta property=\"article:modified_time\" content=\"2025-04-15T09:44:13+00:00\" \/>\n<meta name=\"twitter:label1\" content=\"Temps estimat de lectura\" \/>\n\t<meta name=\"twitter:data1\" content=\"4 minuts\" \/>\n<script type=\"application\/ld+json\" class=\"yoast-schema-graph\">{\"@context\":\"https:\/\/schema.org\",\"@graph\":[{\"@type\":\"WebPage\",\"@id\":\"https:\/\/www.raimaberfluidtech.com\/industrial\/ca\/videos\/oal-galeria-de-videos\/\",\"url\":\"https:\/\/www.raimaberfluidtech.com\/industrial\/ca\/videos\/oal-galeria-de-videos\/\",\"name\":\"Galeria de v\u00eddeos OAL - Raimaber\",\"isPartOf\":{\"@id\":\"https:\/\/www.raimaberfluidtech.com\/industrial\/ca\/#website\"},\"datePublished\":\"2019-03-21T17:00:59+00:00\",\"dateModified\":\"2025-04-15T09:44:13+00:00\",\"description\":\"Raimaber \u00e9s distribu\u00efdor oficial a Espanya de la marca OAL, coneix tot el que cal saber sobre injectors de vapor Visita la galeria de v\u00eddeos OAL!\",\"breadcrumb\":{\"@id\":\"https:\/\/www.raimaberfluidtech.com\/industrial\/ca\/videos\/oal-galeria-de-videos\/#breadcrumb\"},\"inLanguage\":\"ca\",\"potentialAction\":[{\"@type\":\"ReadAction\",\"target\":[\"https:\/\/www.raimaberfluidtech.com\/industrial\/ca\/videos\/oal-galeria-de-videos\/\"]}]},{\"@type\":\"BreadcrumbList\",\"@id\":\"https:\/\/www.raimaberfluidtech.com\/industrial\/ca\/videos\/oal-galeria-de-videos\/#breadcrumb\",\"itemListElement\":[{\"@type\":\"ListItem\",\"position\":1,\"name\":\"Home\",\"item\":\"https:\/\/www.raimaberfluidtech.com\/industrial\/ca\/\"},{\"@type\":\"ListItem\",\"position\":2,\"name\":\"Videos\",\"item\":\"https:\/\/www.raimaberfluidtech.com\/industrial\/ca\/videos\/\"},{\"@type\":\"ListItem\",\"position\":3,\"name\":\"OAL &#8211; Galeria de v\u00eddeos\"}]},{\"@type\":\"WebSite\",\"@id\":\"https:\/\/www.raimaberfluidtech.com\/industrial\/ca\/#website\",\"url\":\"https:\/\/www.raimaberfluidtech.com\/industrial\/ca\/\",\"name\":\"Raimaber Fluid Tech [Industrial]\",\"description\":\"Bombas industriales\",\"publisher\":{\"@id\":\"https:\/\/www.raimaberfluidtech.com\/industrial\/ca\/#organization\"},\"potentialAction\":[{\"@type\":\"SearchAction\",\"target\":{\"@type\":\"EntryPoint\",\"urlTemplate\":\"https:\/\/www.raimaberfluidtech.com\/industrial\/ca\/?s={search_term_string}\"},\"query-input\":{\"@type\":\"PropertyValueSpecification\",\"valueRequired\":true,\"valueName\":\"search_term_string\"}}],\"inLanguage\":\"ca\"},{\"@type\":\"Organization\",\"@id\":\"https:\/\/www.raimaberfluidtech.com\/industrial\/ca\/#organization\",\"name\":\"Raimaber Fluid Tech [Industrial]\",\"url\":\"https:\/\/www.raimaberfluidtech.com\/industrial\/ca\/\",\"logo\":{\"@type\":\"ImageObject\",\"inLanguage\":\"ca\",\"@id\":\"https:\/\/www.raimaberfluidtech.com\/industrial\/ca\/#\/schema\/logo\/image\/\",\"url\":\"https:\/\/www.raimaberfluidtech.com\/industrial\/wp-content\/blogs.dir\/4\/files\/2012\/11\/raimaber.gif\",\"contentUrl\":\"https:\/\/www.raimaberfluidtech.com\/industrial\/wp-content\/blogs.dir\/4\/files\/2012\/11\/raimaber.gif\",\"width\":\"705\",\"height\":\"438\",\"caption\":\"Raimaber Fluid Tech [Industrial]\"},\"image\":{\"@id\":\"https:\/\/www.raimaberfluidtech.com\/industrial\/ca\/#\/schema\/logo\/image\/\"}}]}<\/script>\n<!-- \/ Yoast SEO plugin. -->","yoast_head_json":{"title":"Galeria de v\u00eddeos OAL - Raimaber","description":"Raimaber \u00e9s distribu\u00efdor oficial a Espanya de la marca OAL, coneix tot el que cal saber sobre injectors de vapor Visita la galeria de v\u00eddeos OAL!","robots":{"index":"index","follow":"follow","max-snippet":"max-snippet:-1","max-image-preview":"max-image-preview:large","max-video-preview":"max-video-preview:-1"},"canonical":"https:\/\/www.raimaberfluidtech.com\/industrial\/ca\/videos\/oal-galeria-de-videos\/","og_locale":"ca_ES","og_type":"article","og_title":"Galeria de v\u00eddeos OAL - Raimaber","og_description":"Raimaber \u00e9s distribu\u00efdor oficial a Espanya de la marca OAL, coneix tot el que cal saber sobre injectors de vapor Visita la galeria de v\u00eddeos OAL!","og_url":"https:\/\/www.raimaberfluidtech.com\/industrial\/ca\/videos\/oal-galeria-de-videos\/","og_site_name":"Raimaber Fluid Tech [Industrial]","article_modified_time":"2025-04-15T09:44:13+00:00","twitter_misc":{"Temps estimat de lectura":"4 minuts"},"schema":{"@context":"https:\/\/schema.org","@graph":[{"@type":"WebPage","@id":"https:\/\/www.raimaberfluidtech.com\/industrial\/ca\/videos\/oal-galeria-de-videos\/","url":"https:\/\/www.raimaberfluidtech.com\/industrial\/ca\/videos\/oal-galeria-de-videos\/","name":"Galeria de v\u00eddeos OAL - Raimaber","isPartOf":{"@id":"https:\/\/www.raimaberfluidtech.com\/industrial\/ca\/#website"},"datePublished":"2019-03-21T17:00:59+00:00","dateModified":"2025-04-15T09:44:13+00:00","description":"Raimaber \u00e9s distribu\u00efdor oficial a Espanya de la marca OAL, coneix tot el que cal saber sobre injectors de vapor Visita la galeria de v\u00eddeos OAL!","breadcrumb":{"@id":"https:\/\/www.raimaberfluidtech.com\/industrial\/ca\/videos\/oal-galeria-de-videos\/#breadcrumb"},"inLanguage":"ca","potentialAction":[{"@type":"ReadAction","target":["https:\/\/www.raimaberfluidtech.com\/industrial\/ca\/videos\/oal-galeria-de-videos\/"]}]},{"@type":"BreadcrumbList","@id":"https:\/\/www.raimaberfluidtech.com\/industrial\/ca\/videos\/oal-galeria-de-videos\/#breadcrumb","itemListElement":[{"@type":"ListItem","position":1,"name":"Home","item":"https:\/\/www.raimaberfluidtech.com\/industrial\/ca\/"},{"@type":"ListItem","position":2,"name":"Videos","item":"https:\/\/www.raimaberfluidtech.com\/industrial\/ca\/videos\/"},{"@type":"ListItem","position":3,"name":"OAL &#8211; Galeria de v\u00eddeos"}]},{"@type":"WebSite","@id":"https:\/\/www.raimaberfluidtech.com\/industrial\/ca\/#website","url":"https:\/\/www.raimaberfluidtech.com\/industrial\/ca\/","name":"Raimaber Fluid Tech [Industrial]","description":"Bombas industriales","publisher":{"@id":"https:\/\/www.raimaberfluidtech.com\/industrial\/ca\/#organization"},"potentialAction":[{"@type":"SearchAction","target":{"@type":"EntryPoint","urlTemplate":"https:\/\/www.raimaberfluidtech.com\/industrial\/ca\/?s={search_term_string}"},"query-input":{"@type":"PropertyValueSpecification","valueRequired":true,"valueName":"search_term_string"}}],"inLanguage":"ca"},{"@type":"Organization","@id":"https:\/\/www.raimaberfluidtech.com\/industrial\/ca\/#organization","name":"Raimaber Fluid Tech [Industrial]","url":"https:\/\/www.raimaberfluidtech.com\/industrial\/ca\/","logo":{"@type":"ImageObject","inLanguage":"ca","@id":"https:\/\/www.raimaberfluidtech.com\/industrial\/ca\/#\/schema\/logo\/image\/","url":"https:\/\/www.raimaberfluidtech.com\/industrial\/wp-content\/blogs.dir\/4\/files\/2012\/11\/raimaber.gif","contentUrl":"https:\/\/www.raimaberfluidtech.com\/industrial\/wp-content\/blogs.dir\/4\/files\/2012\/11\/raimaber.gif","width":"705","height":"438","caption":"Raimaber Fluid Tech [Industrial]"},"image":{"@id":"https:\/\/www.raimaberfluidtech.com\/industrial\/ca\/#\/schema\/logo\/image\/"}}]}},"_links":{"self":[{"href":"https:\/\/www.raimaberfluidtech.com\/industrial\/ca\/wp-json\/wp\/v2\/pages\/14921","targetHints":{"allow":["GET"]}}],"collection":[{"href":"https:\/\/www.raimaberfluidtech.com\/industrial\/ca\/wp-json\/wp\/v2\/pages"}],"about":[{"href":"https:\/\/www.raimaberfluidtech.com\/industrial\/ca\/wp-json\/wp\/v2\/types\/page"}],"author":[{"embeddable":true,"href":"https:\/\/www.raimaberfluidtech.com\/industrial\/ca\/wp-json\/wp\/v2\/users\/1"}],"replies":[{"embeddable":true,"href":"https:\/\/www.raimaberfluidtech.com\/industrial\/ca\/wp-json\/wp\/v2\/comments?post=14921"}],"version-history":[{"count":7,"href":"https:\/\/www.raimaberfluidtech.com\/industrial\/ca\/wp-json\/wp\/v2\/pages\/14921\/revisions"}],"predecessor-version":[{"id":17801,"href":"https:\/\/www.raimaberfluidtech.com\/industrial\/ca\/wp-json\/wp\/v2\/pages\/14921\/revisions\/17801"}],"up":[{"embeddable":true,"href":"https:\/\/www.raimaberfluidtech.com\/industrial\/ca\/wp-json\/wp\/v2\/pages\/15682"}],"wp:attachment":[{"href":"https:\/\/www.raimaberfluidtech.com\/industrial\/ca\/wp-json\/wp\/v2\/media?parent=14921"}],"curies":[{"name":"wp","href":"https:\/\/api.w.org\/{rel}","templated":true}]}}