{"id":14883,"date":"2020-07-16T06:49:59","date_gmt":"2020-07-16T06:49:59","guid":{"rendered":"https:\/\/www.raimaberfluidtech.com\/industrial\/bornemann-2\/"},"modified":"2025-04-15T08:37:34","modified_gmt":"2025-04-15T08:37:34","slug":"bornemann-2","status":"publish","type":"page","link":"https:\/\/www.raimaberfluidtech.com\/industrial\/ca\/bornemann-2\/","title":{"rendered":"Bornemann"},"content":{"rendered":"<div class=\"wpb-content-wrapper\"><p>[vc_row][vc_column width=&#8221;1\/2&#8243;][vc_media_grid element_width=&#8221;6&#8243; gap=&#8221;4&#8243; grid_id=&#8221;vc_gid:1689593016983-9df7da9b-1169-5&#8243; include=&#8221;6472,6468,6467,6465,6462,6460,6458&#8243;][\/vc_column][vc_column width=&#8221;1\/2&#8243;][vc_custom_heading text=&#8221;Bornemann&#8221; font_container=&#8221;tag:h2|font_size:18px|text_align:left|color:%23000000&#8243; use_theme_fonts=&#8221;yes&#8221;][vc_column_text]TT Bornemann amb seu central a Obernkirchen, localitat propera a Hannover\/Alemanya es pot enorgullir d&#8217;una llarga i reeixida tradici\u00f3. Des de la fundaci\u00f3 de l&#8217;empresa el 1853, la seva meta ha estat respondre a les demandes del mercat amb solucions tecnol\u00f2gicament excel\u00b7lents i econ\u00f2micament convincents.<\/p>\n<p>I des de sempre Bornemann ha marcat el seu propi rumb:<\/p>\n<ul>\n<li>1934 va patentar la bomba de doble claveguera amb rodaments exteriors<\/li>\n<li>Als anys 60 va desenvolupar el concepte de les bombes de triple cargol i tamb\u00e9 va desenvolupar la seva pr\u00f2pia bomba cargol-sense fi exc\u00e8ntric simple<\/li>\n<li>als anys 80, les bombes multif\u00e0siques Bornemann van obrir possibilitats econ\u00f2miques fins llavors desconegudes.<\/li>\n<li>en l&#8217;actualitat, t\u00e9 models \u00fanics que ning\u00fa no ha pogut copiar, amb bombes de Gran Grand\u00e0ria.<\/li>\n<li>des del seu primer disseny, s&#8217;ha anat millorant i modificant la bomba sanit\u00e0ria de doble claveguera, fins al model 4G actual, per\u00f2 ja s&#8217;est\u00e0 treballant a la nova generaci\u00f3<\/li>\n<\/ul>\n<p>El pes de la producci\u00f3 a ITT BORNEMAN, a Alemanya, avui dia es concentra en les bombes de doble claveguera, tant a nivell industrial com l&#8217;acabat sanitari.<\/p>\n<p>Com a empresa l\u00edder a nivell mundial ITT BORNEMANN t\u00e9 un coneixement total a les bombes de doble claveguera i una posici\u00f3 de privilegi que treballa dia a dia, per no baixar el nivell de qualitat i continuar apostant per la innovaci\u00f3.<\/p>\n<p>Representants i empreses filials a tot el m\u00f3n garanteixen un suport professional immediat, en totes les etapes del subministrament, des de l&#8217;inici del projecte amb l&#8217;oferta dels equips, passant pel tancament de la comanda i la confirmaci\u00f3 de l&#8217;aplicaci\u00f3, per acabar amb la posada en marxa i el servei postvenda.<\/p>\n<p>&nbsp;<\/p>\n<p><strong>Web<\/strong> : <a href=\"https:\/\/www.bornemann.com\/es-ES\/Home\/\" target=\"_blank\" rel=\"noopener\">https:\/\/www.bornemann.com\/es-ES\/Home\/<\/a>[\/vc_column_text][\/vc_column][\/vc_row][vc_row][vc_column][vc_column_text]<\/p>\n<p>[\/vc_column_text][\/vc_column][\/vc_row]<\/p>\n<\/div>","protected":false},"excerpt":{"rendered":"<p>[vc_row][vc_column width=&#8221;1\/2&#8243;][vc_media_grid element_width=&#8221;6&#8243; gap=&#8221;4&#8243; grid_id=&#8221;vc_gid:1689593016983-9df7da9b-1169-5&#8243; include=&#8221;6472,6468,6467,6465,6462,6460,6458&#8243;][\/vc_column][vc_column width=&#8221;1\/2&#8243;][vc_custom_heading text=&#8221;Bornemann&#8221; font_container=&#8221;tag:h2|font_size:18px|text_align:left|color:%23000000&#8243; use_theme_fonts=&#8221;yes&#8221;][vc_column_text]TT Bornemann amb seu central a Obernkirchen, localitat propera a Hannover\/Alemanya es pot enorgullir d&#8217;una llarga i reeixida tradici\u00f3. Des de la fundaci\u00f3 de l&#8217;empresa el 1853, la seva meta ha&#8230;<\/p>\n","protected":false},"author":1,"featured_media":17606,"parent":0,"menu_order":0,"comment_status":"closed","ping_status":"closed","template":"page-sidebar.php","meta":{"footnotes":""},"class_list":["post-14883","page","type-page","status-publish","has-post-thumbnail","hentry"],"yoast_head":"<!-- This site is optimized with the Yoast SEO plugin v24.3 - https:\/\/yoast.com\/wordpress\/plugins\/seo\/ -->\n<title>Bornemann , experts en bombes de doble claveguera - Raimaber<\/title>\n<meta name=\"description\" content=\"Distribu\u00efdors de Bornemann , experts en bombes de doble claveguera per Raimaber Fluid Tech [Industrial] . Contacteu i us informem.\" \/>\n<meta name=\"robots\" content=\"index, follow, max-snippet:-1, max-image-preview:large, max-video-preview:-1\" \/>\n<link rel=\"canonical\" href=\"https:\/\/www.raimaberfluidtech.com\/industrial\/ca\/bornemann-2\/\" \/>\n<meta property=\"og:locale\" content=\"ca_ES\" \/>\n<meta property=\"og:type\" content=\"article\" \/>\n<meta property=\"og:title\" content=\"Bornemann , experts en bombes de doble claveguera - Raimaber\" \/>\n<meta property=\"og:description\" content=\"Distribu\u00efdors de Bornemann , experts en bombes de doble claveguera per Raimaber Fluid Tech [Industrial] . Contacteu i us informem.\" \/>\n<meta property=\"og:url\" content=\"https:\/\/www.raimaberfluidtech.com\/industrial\/ca\/bornemann-2\/\" \/>\n<meta property=\"og:site_name\" content=\"Raimaber Fluid Tech [Industrial]\" \/>\n<meta property=\"article:modified_time\" content=\"2025-04-15T08:37:34+00:00\" \/>\n<meta property=\"og:image\" content=\"https:\/\/www.raimaberfluidtech.com\/industrial\/files\/2020\/07\/Bornemann3-e1601374531303.png\" \/>\n\t<meta property=\"og:image:width\" content=\"960\" \/>\n\t<meta property=\"og:image:height\" content=\"259\" \/>\n\t<meta property=\"og:image:type\" content=\"image\/png\" \/>\n<meta name=\"twitter:label1\" content=\"Temps estimat de lectura\" \/>\n\t<meta name=\"twitter:data1\" content=\"2 minuts\" \/>\n<script type=\"application\/ld+json\" class=\"yoast-schema-graph\">{\"@context\":\"https:\/\/schema.org\",\"@graph\":[{\"@type\":\"WebPage\",\"@id\":\"https:\/\/www.raimaberfluidtech.com\/industrial\/ca\/bornemann-2\/\",\"url\":\"https:\/\/www.raimaberfluidtech.com\/industrial\/ca\/bornemann-2\/\",\"name\":\"Bornemann , experts en bombes de doble claveguera - Raimaber\",\"isPartOf\":{\"@id\":\"https:\/\/www.raimaberfluidtech.com\/industrial\/ca\/#website\"},\"primaryImageOfPage\":{\"@id\":\"https:\/\/www.raimaberfluidtech.com\/industrial\/ca\/bornemann-2\/#primaryimage\"},\"image\":{\"@id\":\"https:\/\/www.raimaberfluidtech.com\/industrial\/ca\/bornemann-2\/#primaryimage\"},\"thumbnailUrl\":\"https:\/\/www.raimaberfluidtech.com\/industrial\/files\/2020\/07\/Bornemann3-e1601374531303.png\",\"datePublished\":\"2020-07-16T06:49:59+00:00\",\"dateModified\":\"2025-04-15T08:37:34+00:00\",\"description\":\"Distribu\u00efdors de Bornemann , experts en bombes de doble claveguera per Raimaber Fluid Tech [Industrial] . Contacteu i us informem.\",\"breadcrumb\":{\"@id\":\"https:\/\/www.raimaberfluidtech.com\/industrial\/ca\/bornemann-2\/#breadcrumb\"},\"inLanguage\":\"ca\",\"potentialAction\":[{\"@type\":\"ReadAction\",\"target\":[\"https:\/\/www.raimaberfluidtech.com\/industrial\/ca\/bornemann-2\/\"]}]},{\"@type\":\"ImageObject\",\"inLanguage\":\"ca\",\"@id\":\"https:\/\/www.raimaberfluidtech.com\/industrial\/ca\/bornemann-2\/#primaryimage\",\"url\":\"https:\/\/www.raimaberfluidtech.com\/industrial\/files\/2020\/07\/Bornemann3-e1601374531303.png\",\"contentUrl\":\"https:\/\/www.raimaberfluidtech.com\/industrial\/files\/2020\/07\/Bornemann3-e1601374531303.png\",\"width\":960,\"height\":259},{\"@type\":\"BreadcrumbList\",\"@id\":\"https:\/\/www.raimaberfluidtech.com\/industrial\/ca\/bornemann-2\/#breadcrumb\",\"itemListElement\":[{\"@type\":\"ListItem\",\"position\":1,\"name\":\"Home\",\"item\":\"https:\/\/www.raimaberfluidtech.com\/industrial\/ca\/\"},{\"@type\":\"ListItem\",\"position\":2,\"name\":\"Bornemann\"}]},{\"@type\":\"WebSite\",\"@id\":\"https:\/\/www.raimaberfluidtech.com\/industrial\/ca\/#website\",\"url\":\"https:\/\/www.raimaberfluidtech.com\/industrial\/ca\/\",\"name\":\"Raimaber Fluid Tech [Industrial]\",\"description\":\"Bombas industriales\",\"publisher\":{\"@id\":\"https:\/\/www.raimaberfluidtech.com\/industrial\/ca\/#organization\"},\"potentialAction\":[{\"@type\":\"SearchAction\",\"target\":{\"@type\":\"EntryPoint\",\"urlTemplate\":\"https:\/\/www.raimaberfluidtech.com\/industrial\/ca\/?s={search_term_string}\"},\"query-input\":{\"@type\":\"PropertyValueSpecification\",\"valueRequired\":true,\"valueName\":\"search_term_string\"}}],\"inLanguage\":\"ca\"},{\"@type\":\"Organization\",\"@id\":\"https:\/\/www.raimaberfluidtech.com\/industrial\/ca\/#organization\",\"name\":\"Raimaber Fluid Tech [Industrial]\",\"url\":\"https:\/\/www.raimaberfluidtech.com\/industrial\/ca\/\",\"logo\":{\"@type\":\"ImageObject\",\"inLanguage\":\"ca\",\"@id\":\"https:\/\/www.raimaberfluidtech.com\/industrial\/ca\/#\/schema\/logo\/image\/\",\"url\":\"https:\/\/www.raimaberfluidtech.com\/industrial\/wp-content\/blogs.dir\/4\/files\/2012\/11\/raimaber.gif\",\"contentUrl\":\"https:\/\/www.raimaberfluidtech.com\/industrial\/wp-content\/blogs.dir\/4\/files\/2012\/11\/raimaber.gif\",\"width\":\"705\",\"height\":\"438\",\"caption\":\"Raimaber Fluid Tech [Industrial]\"},\"image\":{\"@id\":\"https:\/\/www.raimaberfluidtech.com\/industrial\/ca\/#\/schema\/logo\/image\/\"}}]}<\/script>\n<!-- \/ Yoast SEO plugin. -->","yoast_head_json":{"title":"Bornemann , experts en bombes de doble claveguera - Raimaber","description":"Distribu\u00efdors de Bornemann , experts en bombes de doble claveguera per Raimaber Fluid Tech [Industrial] . Contacteu i us informem.","robots":{"index":"index","follow":"follow","max-snippet":"max-snippet:-1","max-image-preview":"max-image-preview:large","max-video-preview":"max-video-preview:-1"},"canonical":"https:\/\/www.raimaberfluidtech.com\/industrial\/ca\/bornemann-2\/","og_locale":"ca_ES","og_type":"article","og_title":"Bornemann , experts en bombes de doble claveguera - Raimaber","og_description":"Distribu\u00efdors de Bornemann , experts en bombes de doble claveguera per Raimaber Fluid Tech [Industrial] . Contacteu i us informem.","og_url":"https:\/\/www.raimaberfluidtech.com\/industrial\/ca\/bornemann-2\/","og_site_name":"Raimaber Fluid Tech [Industrial]","article_modified_time":"2025-04-15T08:37:34+00:00","og_image":[{"width":960,"height":259,"url":"https:\/\/www.raimaberfluidtech.com\/industrial\/files\/2020\/07\/Bornemann3-e1601374531303.png","type":"image\/png"}],"twitter_misc":{"Temps estimat de lectura":"2 minuts"},"schema":{"@context":"https:\/\/schema.org","@graph":[{"@type":"WebPage","@id":"https:\/\/www.raimaberfluidtech.com\/industrial\/ca\/bornemann-2\/","url":"https:\/\/www.raimaberfluidtech.com\/industrial\/ca\/bornemann-2\/","name":"Bornemann , experts en bombes de doble claveguera - Raimaber","isPartOf":{"@id":"https:\/\/www.raimaberfluidtech.com\/industrial\/ca\/#website"},"primaryImageOfPage":{"@id":"https:\/\/www.raimaberfluidtech.com\/industrial\/ca\/bornemann-2\/#primaryimage"},"image":{"@id":"https:\/\/www.raimaberfluidtech.com\/industrial\/ca\/bornemann-2\/#primaryimage"},"thumbnailUrl":"https:\/\/www.raimaberfluidtech.com\/industrial\/files\/2020\/07\/Bornemann3-e1601374531303.png","datePublished":"2020-07-16T06:49:59+00:00","dateModified":"2025-04-15T08:37:34+00:00","description":"Distribu\u00efdors de Bornemann , experts en bombes de doble claveguera per Raimaber Fluid Tech [Industrial] . Contacteu i us informem.","breadcrumb":{"@id":"https:\/\/www.raimaberfluidtech.com\/industrial\/ca\/bornemann-2\/#breadcrumb"},"inLanguage":"ca","potentialAction":[{"@type":"ReadAction","target":["https:\/\/www.raimaberfluidtech.com\/industrial\/ca\/bornemann-2\/"]}]},{"@type":"ImageObject","inLanguage":"ca","@id":"https:\/\/www.raimaberfluidtech.com\/industrial\/ca\/bornemann-2\/#primaryimage","url":"https:\/\/www.raimaberfluidtech.com\/industrial\/files\/2020\/07\/Bornemann3-e1601374531303.png","contentUrl":"https:\/\/www.raimaberfluidtech.com\/industrial\/files\/2020\/07\/Bornemann3-e1601374531303.png","width":960,"height":259},{"@type":"BreadcrumbList","@id":"https:\/\/www.raimaberfluidtech.com\/industrial\/ca\/bornemann-2\/#breadcrumb","itemListElement":[{"@type":"ListItem","position":1,"name":"Home","item":"https:\/\/www.raimaberfluidtech.com\/industrial\/ca\/"},{"@type":"ListItem","position":2,"name":"Bornemann"}]},{"@type":"WebSite","@id":"https:\/\/www.raimaberfluidtech.com\/industrial\/ca\/#website","url":"https:\/\/www.raimaberfluidtech.com\/industrial\/ca\/","name":"Raimaber Fluid Tech [Industrial]","description":"Bombas industriales","publisher":{"@id":"https:\/\/www.raimaberfluidtech.com\/industrial\/ca\/#organization"},"potentialAction":[{"@type":"SearchAction","target":{"@type":"EntryPoint","urlTemplate":"https:\/\/www.raimaberfluidtech.com\/industrial\/ca\/?s={search_term_string}"},"query-input":{"@type":"PropertyValueSpecification","valueRequired":true,"valueName":"search_term_string"}}],"inLanguage":"ca"},{"@type":"Organization","@id":"https:\/\/www.raimaberfluidtech.com\/industrial\/ca\/#organization","name":"Raimaber Fluid Tech [Industrial]","url":"https:\/\/www.raimaberfluidtech.com\/industrial\/ca\/","logo":{"@type":"ImageObject","inLanguage":"ca","@id":"https:\/\/www.raimaberfluidtech.com\/industrial\/ca\/#\/schema\/logo\/image\/","url":"https:\/\/www.raimaberfluidtech.com\/industrial\/wp-content\/blogs.dir\/4\/files\/2012\/11\/raimaber.gif","contentUrl":"https:\/\/www.raimaberfluidtech.com\/industrial\/wp-content\/blogs.dir\/4\/files\/2012\/11\/raimaber.gif","width":"705","height":"438","caption":"Raimaber Fluid Tech [Industrial]"},"image":{"@id":"https:\/\/www.raimaberfluidtech.com\/industrial\/ca\/#\/schema\/logo\/image\/"}}]}},"_links":{"self":[{"href":"https:\/\/www.raimaberfluidtech.com\/industrial\/ca\/wp-json\/wp\/v2\/pages\/14883","targetHints":{"allow":["GET"]}}],"collection":[{"href":"https:\/\/www.raimaberfluidtech.com\/industrial\/ca\/wp-json\/wp\/v2\/pages"}],"about":[{"href":"https:\/\/www.raimaberfluidtech.com\/industrial\/ca\/wp-json\/wp\/v2\/types\/page"}],"author":[{"embeddable":true,"href":"https:\/\/www.raimaberfluidtech.com\/industrial\/ca\/wp-json\/wp\/v2\/users\/1"}],"replies":[{"embeddable":true,"href":"https:\/\/www.raimaberfluidtech.com\/industrial\/ca\/wp-json\/wp\/v2\/comments?post=14883"}],"version-history":[{"count":9,"href":"https:\/\/www.raimaberfluidtech.com\/industrial\/ca\/wp-json\/wp\/v2\/pages\/14883\/revisions"}],"predecessor-version":[{"id":17607,"href":"https:\/\/www.raimaberfluidtech.com\/industrial\/ca\/wp-json\/wp\/v2\/pages\/14883\/revisions\/17607"}],"wp:featuredmedia":[{"embeddable":true,"href":"https:\/\/www.raimaberfluidtech.com\/industrial\/ca\/wp-json\/wp\/v2\/media\/17606"}],"wp:attachment":[{"href":"https:\/\/www.raimaberfluidtech.com\/industrial\/ca\/wp-json\/wp\/v2\/media?parent=14883"}],"curies":[{"name":"wp","href":"https:\/\/api.w.org\/{rel}","templated":true}]}}