{"id":14737,"date":"2021-06-16T08:20:05","date_gmt":"2021-06-16T08:20:05","guid":{"rendered":"https:\/\/www.raimaberfluidtech.com\/industrial\/primix-2\/"},"modified":"2025-04-15T09:39:57","modified_gmt":"2025-04-15T09:39:57","slug":"primix-2","status":"publish","type":"page","link":"https:\/\/www.raimaberfluidtech.com\/industrial\/ca\/primix-2\/","title":{"rendered":"Primix"},"content":{"rendered":"<div class=\"wpb-content-wrapper\"><p>[vc_row][vc_column][vc_custom_heading text=&#8221;Primix&#8221; font_container=&#8221;tag:h2|font_size:18px|text_align:left|color:%23000000&#8243; use_theme_fonts=&#8221;yes&#8221;][vc_column_text]Els mescladors est\u00e0tics a mida <strong>PRIMIX<\/strong> s\u00f3n mescladors en l\u00ednia totalment personalitzats que s&#8217;adapten perfectament a l&#8217;\u00fas i el flux del proc\u00e9s. Els mescladors est\u00e0tics en canonada, es poden dimensionar per a gaireb\u00e9 qualsevol cabal volum\u00e8tric, densitats, viscositats i caracter\u00edstiques espec\u00edfiques del producte:<\/p>\n<p>Sense peces m\u00f2bils (barreja sense moviment), juntes d&#8217;estanquitat i obturaci\u00f3 de l&#8217;eix<\/p>\n<p>Baix consum d&#8217;energia<\/p>\n<p>Sense manteniment i sense risc de fuites<\/p>\n<p>Homogene\u00eftzaci\u00f3 predictible<\/p>\n<p>&nbsp;<\/p>\n<p><strong>S\u00f3n adequats per a:<\/strong><\/p>\n<ul>\n<li>L\u00edquids \u2013 barreja de l\u00edquids<\/li>\n<li>L\u00edquids barrejables, com ara la barreja d&#8217;aigua i \u00e0lcalis<\/li>\n<li>L\u00edquids no mesclables, com ara la barreja d&#8217;aigua i oli<\/li>\n<li>Barreja de l\u00edquids i gasos, com aigua i CO <sub>2<\/sub><\/li>\n<li>Barreja de gasos \u2013 com a gasos d&#8217;escapament i amon\u00edac<\/li>\n<\/ul>\n<p><strong><br \/>\n<\/strong><strong>Mescladors en l\u00ednia per barrejar l\u00edquids i gasos durant un proc\u00e9s continu<\/strong><\/p>\n<p>Amb el mesclador est\u00e0tic a la canonada PRIMIX pot crear una barreja homog\u00e8nia de l\u00edquids i gasos en un proc\u00e9s continu. Aix\u00f2 es duu a terme \u00edntegrament sense peces m\u00f2bils, cosa que significa que no es requereixen elements mec\u00e0nics o alimentaci\u00f3 addicional. Per aquesta ra\u00f3, els mescladors est\u00e0tics tamb\u00e9 es denominen mescladors en l\u00ednia sense moviment. Com que no tenen peces en moviment, fa que els mescladors est\u00e0tics PRIMIX no necessitin manteniment i que els components t\u00e8cnics del proc\u00e9s siguin extremadament segurs.<\/p>\n<p>&nbsp;<\/p>\n<p><strong>Baix consum d&#8217;energia<\/strong><\/p>\n<p>En aplicacions industrials, els l\u00edquids i gasos es mouen a trav\u00e9s de canonades. L&#8217;energia necess\u00e0ria per fer-ho, en forma de pressi\u00f3, \u00e9s generada per una bomba o un compressor. El consum denergia \u00e9s un cost significatiu per a un proc\u00e9s. A m\u00e9s de l&#8217;homogene\u00eftat, PRIMIX tamb\u00e9 calcula per endavant la caiguda de pressi\u00f3 esperada, de manera que es crea un disseny \u00f2ptim amb un consum energ\u00e8tic (indirecte) molt favorable.<\/p>\n<p>&nbsp;<\/p>\n<p><strong>Els mescladors sense moviment no necessiten manteniment<\/strong><\/p>\n<p>Qu\u00e8 passa amb el programa de manteniment despr\u00e9s d&#8217;instal\u00b7lar un mesclador est\u00e0tic o un intercanviador de calor PRIMIX en un proc\u00e9s? Sent sincers, directament no hi ha programa. A causa del seu extraordinari disseny sense manteniment, no cal un preventiu diari\/setmanal\/mensual\/anual. PRIMIX est\u00e0 sempre a la vostra disposici\u00f3 per a possibles ajustaments futurs del mesclador o per al c\u00e0lcul de processos.<\/p>\n<p>&nbsp;<\/p>\n<p><strong>Tres s\u00e8ries:<\/strong><\/p>\n<p>SANITARIS PMS \u2013 PMX<\/p>\n<p>s\u00e8rie QDS &#8211; LLIURAMENT R\u00c0PIDA<\/p>\n<p>Intercanviador de calor<\/p>\n<p>&nbsp;<\/p>\n<p><strong>Web<\/strong> : <a href=\"https:\/\/www.primix.com\/es\/\" target=\"_blank\" rel=\"noopener\">https:\/\/www.primix.com\/es\/<\/a>[\/vc_column_text][vc_empty_space][vc_btn title=&#8221;SOL\u00b7LICITUD D&#8217;INFORMACI\u00d3 T\u00c8CNICA&#8221; link=&#8221;url:https%3A%2F%2Fwww.raimaberfluidtech.com%2Findustrial%2Fsolicitud-informacion-tecnica%2F|title:Sol%C2%B7licitud%20informaci%C3%B3%20t%C3%A8cnica|&#8221;][\/vc_column][\/vc_row][vc_row][vc_column][vc_empty_space][\/vc_column][\/vc_row]<\/p>\n<\/div>","protected":false},"excerpt":{"rendered":"<p>[vc_row][vc_column][vc_custom_heading text=&#8221;Primix&#8221; font_container=&#8221;tag:h2|font_size:18px|text_align:left|color:%23000000&#8243; use_theme_fonts=&#8221;yes&#8221;][vc_column_text]Els mescladors est\u00e0tics a mida PRIMIX s\u00f3n mescladors en l\u00ednia totalment personalitzats que s&#8217;adapten perfectament a l&#8217;\u00fas i el flux del proc\u00e9s. Els mescladors est\u00e0tics en canonada, es poden dimensionar per a gaireb\u00e9 qualsevol cabal volum\u00e8tric, densitats,&#8230;<\/p>\n","protected":false},"author":1,"featured_media":17707,"parent":0,"menu_order":0,"comment_status":"closed","ping_status":"closed","template":"page-sidebar.php","meta":{"footnotes":""},"class_list":["post-14737","page","type-page","status-publish","has-post-thumbnail","hentry"],"yoast_head":"<!-- This site is optimized with the Yoast SEO plugin v24.3 - https:\/\/yoast.com\/wordpress\/plugins\/seo\/ -->\n<title>Prove\u00efdor mescladors Primix - Raimaber<\/title>\n<meta name=\"description\" content=\"Informa&#039;t a Raimaber sobre mescladors Primix de triple acci\u00f3, gr\u00e0cies a la qual poden ser usats pr\u00e0cticament amb qualsevol material i qualsevol mida.\" \/>\n<meta name=\"robots\" content=\"index, follow, max-snippet:-1, max-image-preview:large, max-video-preview:-1\" \/>\n<link rel=\"canonical\" href=\"https:\/\/www.raimaberfluidtech.com\/industrial\/ca\/primix-2\/\" \/>\n<meta property=\"og:locale\" content=\"ca_ES\" \/>\n<meta property=\"og:type\" content=\"article\" \/>\n<meta property=\"og:title\" content=\"Prove\u00efdor mescladors Primix - Raimaber\" \/>\n<meta property=\"og:description\" content=\"Informa&#039;t a Raimaber sobre mescladors Primix de triple acci\u00f3, gr\u00e0cies a la qual poden ser usats pr\u00e0cticament amb qualsevol material i qualsevol mida.\" \/>\n<meta property=\"og:url\" content=\"https:\/\/www.raimaberfluidtech.com\/industrial\/ca\/primix-2\/\" \/>\n<meta property=\"og:site_name\" content=\"Raimaber Fluid Tech [Industrial]\" \/>\n<meta property=\"article:modified_time\" content=\"2025-04-15T09:39:57+00:00\" \/>\n<meta property=\"og:image\" content=\"https:\/\/www.raimaberfluidtech.com\/industrial\/files\/2021\/06\/primix-logo.png\" \/>\n\t<meta property=\"og:image:width\" content=\"2308\" \/>\n\t<meta property=\"og:image:height\" content=\"660\" \/>\n\t<meta property=\"og:image:type\" content=\"image\/png\" \/>\n<meta name=\"twitter:label1\" content=\"Temps estimat de lectura\" \/>\n\t<meta name=\"twitter:data1\" content=\"2 minuts\" \/>\n<script type=\"application\/ld+json\" class=\"yoast-schema-graph\">{\"@context\":\"https:\/\/schema.org\",\"@graph\":[{\"@type\":\"WebPage\",\"@id\":\"https:\/\/www.raimaberfluidtech.com\/industrial\/ca\/primix-2\/\",\"url\":\"https:\/\/www.raimaberfluidtech.com\/industrial\/ca\/primix-2\/\",\"name\":\"Prove\u00efdor mescladors Primix - Raimaber\",\"isPartOf\":{\"@id\":\"https:\/\/www.raimaberfluidtech.com\/industrial\/ca\/#website\"},\"primaryImageOfPage\":{\"@id\":\"https:\/\/www.raimaberfluidtech.com\/industrial\/ca\/primix-2\/#primaryimage\"},\"image\":{\"@id\":\"https:\/\/www.raimaberfluidtech.com\/industrial\/ca\/primix-2\/#primaryimage\"},\"thumbnailUrl\":\"https:\/\/www.raimaberfluidtech.com\/industrial\/files\/2021\/06\/primix-logo.png\",\"datePublished\":\"2021-06-16T08:20:05+00:00\",\"dateModified\":\"2025-04-15T09:39:57+00:00\",\"description\":\"Informa't a Raimaber sobre mescladors Primix de triple acci\u00f3, gr\u00e0cies a la qual poden ser usats pr\u00e0cticament amb qualsevol material i qualsevol mida.\",\"breadcrumb\":{\"@id\":\"https:\/\/www.raimaberfluidtech.com\/industrial\/ca\/primix-2\/#breadcrumb\"},\"inLanguage\":\"ca\",\"potentialAction\":[{\"@type\":\"ReadAction\",\"target\":[\"https:\/\/www.raimaberfluidtech.com\/industrial\/ca\/primix-2\/\"]}]},{\"@type\":\"ImageObject\",\"inLanguage\":\"ca\",\"@id\":\"https:\/\/www.raimaberfluidtech.com\/industrial\/ca\/primix-2\/#primaryimage\",\"url\":\"https:\/\/www.raimaberfluidtech.com\/industrial\/files\/2021\/06\/primix-logo.png\",\"contentUrl\":\"https:\/\/www.raimaberfluidtech.com\/industrial\/files\/2021\/06\/primix-logo.png\",\"width\":2308,\"height\":660},{\"@type\":\"BreadcrumbList\",\"@id\":\"https:\/\/www.raimaberfluidtech.com\/industrial\/ca\/primix-2\/#breadcrumb\",\"itemListElement\":[{\"@type\":\"ListItem\",\"position\":1,\"name\":\"Home\",\"item\":\"https:\/\/www.raimaberfluidtech.com\/industrial\/ca\/\"},{\"@type\":\"ListItem\",\"position\":2,\"name\":\"Primix\"}]},{\"@type\":\"WebSite\",\"@id\":\"https:\/\/www.raimaberfluidtech.com\/industrial\/ca\/#website\",\"url\":\"https:\/\/www.raimaberfluidtech.com\/industrial\/ca\/\",\"name\":\"Raimaber Fluid Tech [Industrial]\",\"description\":\"Bombas industriales\",\"publisher\":{\"@id\":\"https:\/\/www.raimaberfluidtech.com\/industrial\/ca\/#organization\"},\"potentialAction\":[{\"@type\":\"SearchAction\",\"target\":{\"@type\":\"EntryPoint\",\"urlTemplate\":\"https:\/\/www.raimaberfluidtech.com\/industrial\/ca\/?s={search_term_string}\"},\"query-input\":{\"@type\":\"PropertyValueSpecification\",\"valueRequired\":true,\"valueName\":\"search_term_string\"}}],\"inLanguage\":\"ca\"},{\"@type\":\"Organization\",\"@id\":\"https:\/\/www.raimaberfluidtech.com\/industrial\/ca\/#organization\",\"name\":\"Raimaber Fluid Tech [Industrial]\",\"url\":\"https:\/\/www.raimaberfluidtech.com\/industrial\/ca\/\",\"logo\":{\"@type\":\"ImageObject\",\"inLanguage\":\"ca\",\"@id\":\"https:\/\/www.raimaberfluidtech.com\/industrial\/ca\/#\/schema\/logo\/image\/\",\"url\":\"https:\/\/www.raimaberfluidtech.com\/industrial\/wp-content\/blogs.dir\/4\/files\/2012\/11\/raimaber.gif\",\"contentUrl\":\"https:\/\/www.raimaberfluidtech.com\/industrial\/wp-content\/blogs.dir\/4\/files\/2012\/11\/raimaber.gif\",\"width\":\"705\",\"height\":\"438\",\"caption\":\"Raimaber Fluid Tech [Industrial]\"},\"image\":{\"@id\":\"https:\/\/www.raimaberfluidtech.com\/industrial\/ca\/#\/schema\/logo\/image\/\"}}]}<\/script>\n<!-- \/ Yoast SEO plugin. -->","yoast_head_json":{"title":"Prove\u00efdor mescladors Primix - Raimaber","description":"Informa't a Raimaber sobre mescladors Primix de triple acci\u00f3, gr\u00e0cies a la qual poden ser usats pr\u00e0cticament amb qualsevol material i qualsevol mida.","robots":{"index":"index","follow":"follow","max-snippet":"max-snippet:-1","max-image-preview":"max-image-preview:large","max-video-preview":"max-video-preview:-1"},"canonical":"https:\/\/www.raimaberfluidtech.com\/industrial\/ca\/primix-2\/","og_locale":"ca_ES","og_type":"article","og_title":"Prove\u00efdor mescladors Primix - Raimaber","og_description":"Informa't a Raimaber sobre mescladors Primix de triple acci\u00f3, gr\u00e0cies a la qual poden ser usats pr\u00e0cticament amb qualsevol material i qualsevol mida.","og_url":"https:\/\/www.raimaberfluidtech.com\/industrial\/ca\/primix-2\/","og_site_name":"Raimaber Fluid Tech [Industrial]","article_modified_time":"2025-04-15T09:39:57+00:00","og_image":[{"width":2308,"height":660,"url":"https:\/\/www.raimaberfluidtech.com\/industrial\/files\/2021\/06\/primix-logo.png","type":"image\/png"}],"twitter_misc":{"Temps estimat de lectura":"2 minuts"},"schema":{"@context":"https:\/\/schema.org","@graph":[{"@type":"WebPage","@id":"https:\/\/www.raimaberfluidtech.com\/industrial\/ca\/primix-2\/","url":"https:\/\/www.raimaberfluidtech.com\/industrial\/ca\/primix-2\/","name":"Prove\u00efdor mescladors Primix - Raimaber","isPartOf":{"@id":"https:\/\/www.raimaberfluidtech.com\/industrial\/ca\/#website"},"primaryImageOfPage":{"@id":"https:\/\/www.raimaberfluidtech.com\/industrial\/ca\/primix-2\/#primaryimage"},"image":{"@id":"https:\/\/www.raimaberfluidtech.com\/industrial\/ca\/primix-2\/#primaryimage"},"thumbnailUrl":"https:\/\/www.raimaberfluidtech.com\/industrial\/files\/2021\/06\/primix-logo.png","datePublished":"2021-06-16T08:20:05+00:00","dateModified":"2025-04-15T09:39:57+00:00","description":"Informa't a Raimaber sobre mescladors Primix de triple acci\u00f3, gr\u00e0cies a la qual poden ser usats pr\u00e0cticament amb qualsevol material i qualsevol mida.","breadcrumb":{"@id":"https:\/\/www.raimaberfluidtech.com\/industrial\/ca\/primix-2\/#breadcrumb"},"inLanguage":"ca","potentialAction":[{"@type":"ReadAction","target":["https:\/\/www.raimaberfluidtech.com\/industrial\/ca\/primix-2\/"]}]},{"@type":"ImageObject","inLanguage":"ca","@id":"https:\/\/www.raimaberfluidtech.com\/industrial\/ca\/primix-2\/#primaryimage","url":"https:\/\/www.raimaberfluidtech.com\/industrial\/files\/2021\/06\/primix-logo.png","contentUrl":"https:\/\/www.raimaberfluidtech.com\/industrial\/files\/2021\/06\/primix-logo.png","width":2308,"height":660},{"@type":"BreadcrumbList","@id":"https:\/\/www.raimaberfluidtech.com\/industrial\/ca\/primix-2\/#breadcrumb","itemListElement":[{"@type":"ListItem","position":1,"name":"Home","item":"https:\/\/www.raimaberfluidtech.com\/industrial\/ca\/"},{"@type":"ListItem","position":2,"name":"Primix"}]},{"@type":"WebSite","@id":"https:\/\/www.raimaberfluidtech.com\/industrial\/ca\/#website","url":"https:\/\/www.raimaberfluidtech.com\/industrial\/ca\/","name":"Raimaber Fluid Tech [Industrial]","description":"Bombas industriales","publisher":{"@id":"https:\/\/www.raimaberfluidtech.com\/industrial\/ca\/#organization"},"potentialAction":[{"@type":"SearchAction","target":{"@type":"EntryPoint","urlTemplate":"https:\/\/www.raimaberfluidtech.com\/industrial\/ca\/?s={search_term_string}"},"query-input":{"@type":"PropertyValueSpecification","valueRequired":true,"valueName":"search_term_string"}}],"inLanguage":"ca"},{"@type":"Organization","@id":"https:\/\/www.raimaberfluidtech.com\/industrial\/ca\/#organization","name":"Raimaber Fluid Tech [Industrial]","url":"https:\/\/www.raimaberfluidtech.com\/industrial\/ca\/","logo":{"@type":"ImageObject","inLanguage":"ca","@id":"https:\/\/www.raimaberfluidtech.com\/industrial\/ca\/#\/schema\/logo\/image\/","url":"https:\/\/www.raimaberfluidtech.com\/industrial\/wp-content\/blogs.dir\/4\/files\/2012\/11\/raimaber.gif","contentUrl":"https:\/\/www.raimaberfluidtech.com\/industrial\/wp-content\/blogs.dir\/4\/files\/2012\/11\/raimaber.gif","width":"705","height":"438","caption":"Raimaber Fluid Tech [Industrial]"},"image":{"@id":"https:\/\/www.raimaberfluidtech.com\/industrial\/ca\/#\/schema\/logo\/image\/"}}]}},"_links":{"self":[{"href":"https:\/\/www.raimaberfluidtech.com\/industrial\/ca\/wp-json\/wp\/v2\/pages\/14737","targetHints":{"allow":["GET"]}}],"collection":[{"href":"https:\/\/www.raimaberfluidtech.com\/industrial\/ca\/wp-json\/wp\/v2\/pages"}],"about":[{"href":"https:\/\/www.raimaberfluidtech.com\/industrial\/ca\/wp-json\/wp\/v2\/types\/page"}],"author":[{"embeddable":true,"href":"https:\/\/www.raimaberfluidtech.com\/industrial\/ca\/wp-json\/wp\/v2\/users\/1"}],"replies":[{"embeddable":true,"href":"https:\/\/www.raimaberfluidtech.com\/industrial\/ca\/wp-json\/wp\/v2\/comments?post=14737"}],"version-history":[{"count":9,"href":"https:\/\/www.raimaberfluidtech.com\/industrial\/ca\/wp-json\/wp\/v2\/pages\/14737\/revisions"}],"predecessor-version":[{"id":17712,"href":"https:\/\/www.raimaberfluidtech.com\/industrial\/ca\/wp-json\/wp\/v2\/pages\/14737\/revisions\/17712"}],"wp:featuredmedia":[{"embeddable":true,"href":"https:\/\/www.raimaberfluidtech.com\/industrial\/ca\/wp-json\/wp\/v2\/media\/17707"}],"wp:attachment":[{"href":"https:\/\/www.raimaberfluidtech.com\/industrial\/ca\/wp-json\/wp\/v2\/media?parent=14737"}],"curies":[{"name":"wp","href":"https:\/\/api.w.org\/{rel}","templated":true}]}}