{"id":14710,"date":"2021-06-16T14:06:59","date_gmt":"2021-06-16T14:06:59","guid":{"rendered":"https:\/\/www.raimaberfluidtech.com\/industrial\/arrow-pumps\/"},"modified":"2025-04-15T08:32:17","modified_gmt":"2025-04-15T08:32:17","slug":"arrow-pumps","status":"publish","type":"page","link":"https:\/\/www.raimaberfluidtech.com\/industrial\/ca\/arrow-pumps\/","title":{"rendered":"Arrow Pumps"},"content":{"rendered":"<div class=\"wpb-content-wrapper\"><p>[vc_row][vc_column width=&#8221;1\/2&#8243;][vc_media_grid element_width=&#8221;6&#8243; gap=&#8221;4&#8243; grid_id=&#8221;vc_gid:1739353237322-32a9f9f1-5be3-3&#8243; include=&#8221;14117&#8243;][\/vc_column][vc_column width=&#8221;1\/2&#8243;][vc_custom_heading text=&#8221;Arrow Pumps&#8221; font_container=&#8221;tag:h2|font_size:18px|text_align:left|color:%23000000&#8243; use_theme_fonts=&#8221;yes&#8221;][vc_column_text]ARROW PUMPS \u00e9s un dels principals fabricants mundials de bombes pneum\u00e0tiques de pist\u00f3 des del 1975 amb pres\u00e8ncia a m\u00e9s de 70 pa\u00efsos, bombes verticals, de despla\u00e7ament variable, per a productes alimentaris i qu\u00edmics com emulsions, resines, cues polim\u00e8riques, pastes viscosadensa, teles impermeabilitzants i teles impermeabilitzants. Totes les bombes i components s\u00f3n 100% MADE IN ITALY<\/p>\n<p>A m\u00e9s, tamb\u00e9 s\u00f3n fabricants de m\u00e0quines per a termosegellament de teixits amb uni\u00f3 en calent i descarregadors electrost\u00e0tics, barres antiest\u00e0tiques i electrost\u00e0tiques. Una llarga tradici\u00f3 i experi\u00e8ncia, ho confirma.<\/p>\n<p>&nbsp;<\/p>\n<p>La planta de fabricaci\u00f3 i muntatge, est\u00e0 localitzada a la prov\u00edncia de Vicenza (Veneto).<\/p>\n<p>Web: <a href=\"https:\/\/www.zparrow.it\" target=\"_blank\" rel=\"noopener\">https:\/\/www.zparrow.it\/<\/a><\/p>\n<p>&nbsp;<\/p>\n<p>S\u00c8RIE INDUSTRIAL IND\u00daSTRIA QU\u00cdMICA (NO SANIT\u00c0RIA)<\/p>\n<p>Les bombes pneum\u00e0tiques de pist\u00f3 s\u00f3n ideals per a la transfer\u00e8ncia, transport i alimentaci\u00f3 de qualsevol l\u00edquid, pasta, de viscositat mitjana i alta.<\/p>\n<p>&nbsp;<\/p>\n<p><strong>Aplicacions t\u00edpiques:<\/strong><\/p>\n<ul>\n<li>Plastisols i organosols de PVC<\/li>\n<li>Poliuretans<\/li>\n<li>resines acr\u00edliques o vin\u00edliques tant en dissolvent com en emulsi\u00f3 aquosa<\/li>\n<li>cautx\u00fa en soluci\u00f3<\/li>\n<li>Adhesius i cues de qualsevol tipus i naturalesa qu\u00edmica, fins i tot molt viscosos<\/li>\n<li>Resines fen\u00f2liques<\/li>\n<li>Tintes, laques, vernissos i colors tamb\u00e9 en pasta, per a pel\u00b7l\u00edcules d&#8217;impressi\u00f3, paper i teixits<\/li>\n<li>Ap\u00f2sits de qualsevol tipus i naturalesa per a la ind\u00fastria t\u00e8xtil, adobera i paperera<\/li>\n<li>Dissolvents de qualsevol mena, fins i tot molt agressius.<\/li>\n<li>Petroqu\u00edmics, olis, greixos i silicones<\/li>\n<li>Intermedis l\u00edquids i viscosos utilitzats en la producci\u00f3 de cosm\u00e8tics i productes per a la cura corporal.<\/li>\n<li>Detergents, emulsions, sabons, ceres, suavitzants i els seus components de preparaci\u00f3<\/li>\n<li>Greixos, melasses, olis i altres compostos l\u00edquids o pastosos que s&#8217;utilitzen a la ind\u00fastria aliment\u00e0ria.<\/li>\n<\/ul>\n<p>[\/vc_column_text][\/vc_column][\/vc_row][vc_row][vc_column][vc_column_text]<\/p>\n<p>[\/vc_column_text][\/vc_column][\/vc_row]<\/p>\n<\/div>","protected":false},"excerpt":{"rendered":"<p>[vc_row][vc_column width=&#8221;1\/2&#8243;][vc_media_grid element_width=&#8221;6&#8243; gap=&#8221;4&#8243; grid_id=&#8221;vc_gid:1739353237322-32a9f9f1-5be3-3&#8243; include=&#8221;14117&#8243;][\/vc_column][vc_column width=&#8221;1\/2&#8243;][vc_custom_heading text=&#8221;Arrow Pumps&#8221; font_container=&#8221;tag:h2|font_size:18px|text_align:left|color:%23000000&#8243; use_theme_fonts=&#8221;yes&#8221;][vc_column_text]ARROW PUMPS \u00e9s un dels principals fabricants mundials de bombes pneum\u00e0tiques de pist\u00f3 des del 1975 amb pres\u00e8ncia a m\u00e9s de 70 pa\u00efsos, bombes verticals, de despla\u00e7ament variable, per a&#8230;<\/p>\n","protected":false},"author":1,"featured_media":17540,"parent":0,"menu_order":0,"comment_status":"closed","ping_status":"closed","template":"page-sidebar.php","meta":{"footnotes":""},"class_list":["post-14710","page","type-page","status-publish","has-post-thumbnail","hentry"],"yoast_head":"<!-- This site is optimized with the Yoast SEO plugin v24.3 - https:\/\/yoast.com\/wordpress\/plugins\/seo\/ -->\n<title>Distribu\u00efdors de Arrow Pumps - Raimaber Fluid Tech [Industrial]<\/title>\n<meta name=\"description\" content=\"Fabricants mundials de bombes pneum\u00e0tiques de pist\u00f3, Arrow Pumps a Raimaber Fluid Tech. Contacte.\" \/>\n<meta name=\"robots\" content=\"index, follow, max-snippet:-1, max-image-preview:large, max-video-preview:-1\" \/>\n<link rel=\"canonical\" href=\"https:\/\/www.raimaberfluidtech.com\/industrial\/ca\/arrow-pumps\/\" \/>\n<meta property=\"og:locale\" content=\"ca_ES\" \/>\n<meta property=\"og:type\" content=\"article\" \/>\n<meta property=\"og:title\" content=\"Distribu\u00efdors de Arrow Pumps - Raimaber Fluid Tech [Industrial]\" \/>\n<meta property=\"og:description\" content=\"Fabricants mundials de bombes pneum\u00e0tiques de pist\u00f3, Arrow Pumps a Raimaber Fluid Tech. Contacte.\" \/>\n<meta property=\"og:url\" content=\"https:\/\/www.raimaberfluidtech.com\/industrial\/ca\/arrow-pumps\/\" \/>\n<meta property=\"og:site_name\" content=\"Raimaber Fluid Tech [Industrial]\" \/>\n<meta property=\"article:modified_time\" content=\"2025-04-15T08:32:17+00:00\" \/>\n<meta property=\"og:image\" content=\"https:\/\/www.raimaberfluidtech.com\/industrial\/files\/2021\/06\/logo-arrow.png\" \/>\n\t<meta property=\"og:image:width\" content=\"500\" \/>\n\t<meta property=\"og:image:height\" content=\"101\" \/>\n\t<meta property=\"og:image:type\" content=\"image\/png\" \/>\n<meta name=\"twitter:label1\" content=\"Temps estimat de lectura\" \/>\n\t<meta name=\"twitter:data1\" content=\"2 minuts\" \/>\n<script type=\"application\/ld+json\" class=\"yoast-schema-graph\">{\"@context\":\"https:\/\/schema.org\",\"@graph\":[{\"@type\":\"WebPage\",\"@id\":\"https:\/\/www.raimaberfluidtech.com\/industrial\/ca\/arrow-pumps\/\",\"url\":\"https:\/\/www.raimaberfluidtech.com\/industrial\/ca\/arrow-pumps\/\",\"name\":\"Distribu\u00efdors de Arrow Pumps - Raimaber Fluid Tech [Industrial]\",\"isPartOf\":{\"@id\":\"https:\/\/www.raimaberfluidtech.com\/industrial\/ca\/#website\"},\"primaryImageOfPage\":{\"@id\":\"https:\/\/www.raimaberfluidtech.com\/industrial\/ca\/arrow-pumps\/#primaryimage\"},\"image\":{\"@id\":\"https:\/\/www.raimaberfluidtech.com\/industrial\/ca\/arrow-pumps\/#primaryimage\"},\"thumbnailUrl\":\"https:\/\/www.raimaberfluidtech.com\/industrial\/files\/2021\/06\/logo-arrow.png\",\"datePublished\":\"2021-06-16T14:06:59+00:00\",\"dateModified\":\"2025-04-15T08:32:17+00:00\",\"description\":\"Fabricants mundials de bombes pneum\u00e0tiques de pist\u00f3, Arrow Pumps a Raimaber Fluid Tech. Contacte.\",\"breadcrumb\":{\"@id\":\"https:\/\/www.raimaberfluidtech.com\/industrial\/ca\/arrow-pumps\/#breadcrumb\"},\"inLanguage\":\"ca\",\"potentialAction\":[{\"@type\":\"ReadAction\",\"target\":[\"https:\/\/www.raimaberfluidtech.com\/industrial\/ca\/arrow-pumps\/\"]}]},{\"@type\":\"ImageObject\",\"inLanguage\":\"ca\",\"@id\":\"https:\/\/www.raimaberfluidtech.com\/industrial\/ca\/arrow-pumps\/#primaryimage\",\"url\":\"https:\/\/www.raimaberfluidtech.com\/industrial\/files\/2021\/06\/logo-arrow.png\",\"contentUrl\":\"https:\/\/www.raimaberfluidtech.com\/industrial\/files\/2021\/06\/logo-arrow.png\",\"width\":500,\"height\":101},{\"@type\":\"BreadcrumbList\",\"@id\":\"https:\/\/www.raimaberfluidtech.com\/industrial\/ca\/arrow-pumps\/#breadcrumb\",\"itemListElement\":[{\"@type\":\"ListItem\",\"position\":1,\"name\":\"Home\",\"item\":\"https:\/\/www.raimaberfluidtech.com\/industrial\/ca\/\"},{\"@type\":\"ListItem\",\"position\":2,\"name\":\"Arrow Pumps\"}]},{\"@type\":\"WebSite\",\"@id\":\"https:\/\/www.raimaberfluidtech.com\/industrial\/ca\/#website\",\"url\":\"https:\/\/www.raimaberfluidtech.com\/industrial\/ca\/\",\"name\":\"Raimaber Fluid Tech [Industrial]\",\"description\":\"Bombas industriales\",\"publisher\":{\"@id\":\"https:\/\/www.raimaberfluidtech.com\/industrial\/ca\/#organization\"},\"potentialAction\":[{\"@type\":\"SearchAction\",\"target\":{\"@type\":\"EntryPoint\",\"urlTemplate\":\"https:\/\/www.raimaberfluidtech.com\/industrial\/ca\/?s={search_term_string}\"},\"query-input\":{\"@type\":\"PropertyValueSpecification\",\"valueRequired\":true,\"valueName\":\"search_term_string\"}}],\"inLanguage\":\"ca\"},{\"@type\":\"Organization\",\"@id\":\"https:\/\/www.raimaberfluidtech.com\/industrial\/ca\/#organization\",\"name\":\"Raimaber Fluid Tech [Industrial]\",\"url\":\"https:\/\/www.raimaberfluidtech.com\/industrial\/ca\/\",\"logo\":{\"@type\":\"ImageObject\",\"inLanguage\":\"ca\",\"@id\":\"https:\/\/www.raimaberfluidtech.com\/industrial\/ca\/#\/schema\/logo\/image\/\",\"url\":\"https:\/\/www.raimaberfluidtech.com\/industrial\/wp-content\/blogs.dir\/4\/files\/2012\/11\/raimaber.gif\",\"contentUrl\":\"https:\/\/www.raimaberfluidtech.com\/industrial\/wp-content\/blogs.dir\/4\/files\/2012\/11\/raimaber.gif\",\"width\":\"705\",\"height\":\"438\",\"caption\":\"Raimaber Fluid Tech [Industrial]\"},\"image\":{\"@id\":\"https:\/\/www.raimaberfluidtech.com\/industrial\/ca\/#\/schema\/logo\/image\/\"}}]}<\/script>\n<!-- \/ Yoast SEO plugin. -->","yoast_head_json":{"title":"Distribu\u00efdors de Arrow Pumps - Raimaber Fluid Tech [Industrial]","description":"Fabricants mundials de bombes pneum\u00e0tiques de pist\u00f3, Arrow Pumps a Raimaber Fluid Tech. Contacte.","robots":{"index":"index","follow":"follow","max-snippet":"max-snippet:-1","max-image-preview":"max-image-preview:large","max-video-preview":"max-video-preview:-1"},"canonical":"https:\/\/www.raimaberfluidtech.com\/industrial\/ca\/arrow-pumps\/","og_locale":"ca_ES","og_type":"article","og_title":"Distribu\u00efdors de Arrow Pumps - Raimaber Fluid Tech [Industrial]","og_description":"Fabricants mundials de bombes pneum\u00e0tiques de pist\u00f3, Arrow Pumps a Raimaber Fluid Tech. Contacte.","og_url":"https:\/\/www.raimaberfluidtech.com\/industrial\/ca\/arrow-pumps\/","og_site_name":"Raimaber Fluid Tech [Industrial]","article_modified_time":"2025-04-15T08:32:17+00:00","og_image":[{"width":500,"height":101,"url":"https:\/\/www.raimaberfluidtech.com\/industrial\/files\/2021\/06\/logo-arrow.png","type":"image\/png"}],"twitter_misc":{"Temps estimat de lectura":"2 minuts"},"schema":{"@context":"https:\/\/schema.org","@graph":[{"@type":"WebPage","@id":"https:\/\/www.raimaberfluidtech.com\/industrial\/ca\/arrow-pumps\/","url":"https:\/\/www.raimaberfluidtech.com\/industrial\/ca\/arrow-pumps\/","name":"Distribu\u00efdors de Arrow Pumps - Raimaber Fluid Tech [Industrial]","isPartOf":{"@id":"https:\/\/www.raimaberfluidtech.com\/industrial\/ca\/#website"},"primaryImageOfPage":{"@id":"https:\/\/www.raimaberfluidtech.com\/industrial\/ca\/arrow-pumps\/#primaryimage"},"image":{"@id":"https:\/\/www.raimaberfluidtech.com\/industrial\/ca\/arrow-pumps\/#primaryimage"},"thumbnailUrl":"https:\/\/www.raimaberfluidtech.com\/industrial\/files\/2021\/06\/logo-arrow.png","datePublished":"2021-06-16T14:06:59+00:00","dateModified":"2025-04-15T08:32:17+00:00","description":"Fabricants mundials de bombes pneum\u00e0tiques de pist\u00f3, Arrow Pumps a Raimaber Fluid Tech. Contacte.","breadcrumb":{"@id":"https:\/\/www.raimaberfluidtech.com\/industrial\/ca\/arrow-pumps\/#breadcrumb"},"inLanguage":"ca","potentialAction":[{"@type":"ReadAction","target":["https:\/\/www.raimaberfluidtech.com\/industrial\/ca\/arrow-pumps\/"]}]},{"@type":"ImageObject","inLanguage":"ca","@id":"https:\/\/www.raimaberfluidtech.com\/industrial\/ca\/arrow-pumps\/#primaryimage","url":"https:\/\/www.raimaberfluidtech.com\/industrial\/files\/2021\/06\/logo-arrow.png","contentUrl":"https:\/\/www.raimaberfluidtech.com\/industrial\/files\/2021\/06\/logo-arrow.png","width":500,"height":101},{"@type":"BreadcrumbList","@id":"https:\/\/www.raimaberfluidtech.com\/industrial\/ca\/arrow-pumps\/#breadcrumb","itemListElement":[{"@type":"ListItem","position":1,"name":"Home","item":"https:\/\/www.raimaberfluidtech.com\/industrial\/ca\/"},{"@type":"ListItem","position":2,"name":"Arrow Pumps"}]},{"@type":"WebSite","@id":"https:\/\/www.raimaberfluidtech.com\/industrial\/ca\/#website","url":"https:\/\/www.raimaberfluidtech.com\/industrial\/ca\/","name":"Raimaber Fluid Tech [Industrial]","description":"Bombas industriales","publisher":{"@id":"https:\/\/www.raimaberfluidtech.com\/industrial\/ca\/#organization"},"potentialAction":[{"@type":"SearchAction","target":{"@type":"EntryPoint","urlTemplate":"https:\/\/www.raimaberfluidtech.com\/industrial\/ca\/?s={search_term_string}"},"query-input":{"@type":"PropertyValueSpecification","valueRequired":true,"valueName":"search_term_string"}}],"inLanguage":"ca"},{"@type":"Organization","@id":"https:\/\/www.raimaberfluidtech.com\/industrial\/ca\/#organization","name":"Raimaber Fluid Tech [Industrial]","url":"https:\/\/www.raimaberfluidtech.com\/industrial\/ca\/","logo":{"@type":"ImageObject","inLanguage":"ca","@id":"https:\/\/www.raimaberfluidtech.com\/industrial\/ca\/#\/schema\/logo\/image\/","url":"https:\/\/www.raimaberfluidtech.com\/industrial\/wp-content\/blogs.dir\/4\/files\/2012\/11\/raimaber.gif","contentUrl":"https:\/\/www.raimaberfluidtech.com\/industrial\/wp-content\/blogs.dir\/4\/files\/2012\/11\/raimaber.gif","width":"705","height":"438","caption":"Raimaber Fluid Tech [Industrial]"},"image":{"@id":"https:\/\/www.raimaberfluidtech.com\/industrial\/ca\/#\/schema\/logo\/image\/"}}]}},"_links":{"self":[{"href":"https:\/\/www.raimaberfluidtech.com\/industrial\/ca\/wp-json\/wp\/v2\/pages\/14710","targetHints":{"allow":["GET"]}}],"collection":[{"href":"https:\/\/www.raimaberfluidtech.com\/industrial\/ca\/wp-json\/wp\/v2\/pages"}],"about":[{"href":"https:\/\/www.raimaberfluidtech.com\/industrial\/ca\/wp-json\/wp\/v2\/types\/page"}],"author":[{"embeddable":true,"href":"https:\/\/www.raimaberfluidtech.com\/industrial\/ca\/wp-json\/wp\/v2\/users\/1"}],"replies":[{"embeddable":true,"href":"https:\/\/www.raimaberfluidtech.com\/industrial\/ca\/wp-json\/wp\/v2\/comments?post=14710"}],"version-history":[{"count":2,"href":"https:\/\/www.raimaberfluidtech.com\/industrial\/ca\/wp-json\/wp\/v2\/pages\/14710\/revisions"}],"predecessor-version":[{"id":17542,"href":"https:\/\/www.raimaberfluidtech.com\/industrial\/ca\/wp-json\/wp\/v2\/pages\/14710\/revisions\/17542"}],"wp:featuredmedia":[{"embeddable":true,"href":"https:\/\/www.raimaberfluidtech.com\/industrial\/ca\/wp-json\/wp\/v2\/media\/17540"}],"wp:attachment":[{"href":"https:\/\/www.raimaberfluidtech.com\/industrial\/ca\/wp-json\/wp\/v2\/media?parent=14710"}],"curies":[{"name":"wp","href":"https:\/\/api.w.org\/{rel}","templated":true}]}}