{"id":14694,"date":"2021-06-16T14:09:55","date_gmt":"2021-06-16T14:09:55","guid":{"rendered":"https:\/\/www.raimaberfluidtech.com\/industrial\/mp51-mp51-s\/"},"modified":"2025-04-15T08:32:37","modified_gmt":"2025-04-15T08:32:37","slug":"mp51-mp51-s","status":"publish","type":"page","link":"https:\/\/www.raimaberfluidtech.com\/industrial\/ca\/arrow-pumps\/mp51-mp51-s\/","title":{"rendered":"MP51 \/ MP51-S"},"content":{"rendered":"<div class=\"wpb-content-wrapper\"><p>[vc_row][vc_column width=&#8221;1\/2&#8243;][vc_media_grid element_width=&#8221;6&#8243; gap=&#8221;4&#8243; grid_id=&#8221;vc_gid:1739351870913-d7e45f36-47b4-7&#8243; include=&#8221;14100&#8243;][\/vc_column][vc_column width=&#8221;1\/2&#8243;][vc_custom_heading text=&#8221;MP51 \/ MP51-S&#8221; font_container=&#8221;tag:h2|font_size:18px|text_align:left|color:%23000000&#8243; use_theme_fonts=&#8221;yes&#8221;][vc_column_text]\u00c9s una bomba pneum\u00e0tica econ\u00f2mica, per\u00f2 alhora pr\u00e0ctica i vers\u00e0til.<\/p>\n<p>Adequat per a dissolvents, pintures, pol\u00edmers en soluci\u00f3 o en emulsi\u00f3 aquosa de viscositat baixa i mitjana, fins a 20.000\/30.000 CPS (mesura de viscositat realitzada amb l&#8217;agulla 5 del viscos\u00edmetre Brookfield).<\/p>\n<p>Pesa nom\u00e9s 7 kg. Pot introduir-se en bidons tancats amb orifici amb rosca gas de 2\u2033<\/p>\n<p>Cabal variable us permet ajustar el cabal de la pr\u00f2pia bomba ajustant el subministrament d&#8217;aire amb la v\u00e0lvula d&#8217;agulla.<\/p>\n<p>La bomba tamb\u00e9 es pot subministrar de s\u00e8rie amb el tub S (curt).<\/p>\n<p>Tub, principalment d&#8217;acer inoxidable. Els segells estan fets de PTFE verge d\u00b4alta qualitat. La part superior del cos del motor \u00e9s d\u02bbacer inoxidable, alumini especial i llaut\u00f3.<\/p>\n<p>Tamb\u00e9 est\u00e0 disponible a la versi\u00f3 de carrera redu\u00efda per a la necessitat d&#8217;un cabal m\u00e9s baix.<\/p>\n<p>&nbsp;<\/p>\n<p><strong>Aplicacions t\u00edpiques:<\/strong><\/p>\n<ul>\n<li>Plastisols i organosols de PVC<\/li>\n<li>Poliuretans<\/li>\n<li>resines acr\u00edliques o vin\u00edliques tant en dissolvent com en emulsi\u00f3 aquosa<\/li>\n<li>cautx\u00fa en soluci\u00f3<\/li>\n<li>Adhesius i cues de qualsevol tipus i naturalesa qu\u00edmica, fins i tot molt viscosos<\/li>\n<li>Resines fen\u00f2liques<\/li>\n<li>Tintes, laques, vernissos i colors tamb\u00e9 en pasta, per a pel\u00b7l\u00edcules d&#8217;impressi\u00f3, paper i teixits<\/li>\n<li>Ap\u00f2sits de qualsevol tipus i naturalesa per a la ind\u00fastria t\u00e8xtil, adobera i paperera<\/li>\n<li>Dissolvents de qualsevol mena, fins i tot molt agressius.<\/li>\n<li>Petroqu\u00edmics, olis, greixos i silicones<\/li>\n<li>Intermedis l\u00edquids i viscosos utilitzats en la producci\u00f3 de cosm\u00e8tics i productes per a la cura corporal.<\/li>\n<li>Detergents, emulsions, sabons, ceres, suavitzants i els seus components de preparaci\u00f3<\/li>\n<li>Greixos, melasses, olis i altres compostos l\u00edquids o pastosos que s&#8217;utilitzen a la ind\u00fastria aliment\u00e0ria.<\/li>\n<\/ul>\n<p>[\/vc_column_text][vc_empty_space][vc_btn title=&#8221;SOL\u00b7LICITUD D&#8217;INFORMACI\u00d3 T\u00c8CNICA&#8221; css=&#8221;.vc_custom_1632304386936{margin-bottom: 0px !important;}&#8221; link=&#8221;url:https%3A%2F%2Fwww.raimaberfluidtech.com%2Findustrial%2Fsolicitud-informacion-tecnica%2F|title:Sol%C2%B7licitud%20informaci%C3%B3%20t%C3%A8cnica|&#8221;][\/vc_column][\/vc_row]<\/p>\n<\/div>","protected":false},"excerpt":{"rendered":"<p>[vc_row][vc_column width=&#8221;1\/2&#8243;][vc_media_grid element_width=&#8221;6&#8243; gap=&#8221;4&#8243; grid_id=&#8221;vc_gid:1739351870913-d7e45f36-47b4-7&#8243; include=&#8221;14100&#8243;][\/vc_column][vc_column width=&#8221;1\/2&#8243;][vc_custom_heading text=&#8221;MP51 \/ MP51-S&#8221; font_container=&#8221;tag:h2|font_size:18px|text_align:left|color:%23000000&#8243; use_theme_fonts=&#8221;yes&#8221;][vc_column_text]\u00c9s una bomba pneum\u00e0tica econ\u00f2mica, per\u00f2 alhora pr\u00e0ctica i vers\u00e0til. Adequat per a dissolvents, pintures, pol\u00edmers en soluci\u00f3 o en emulsi\u00f3 aquosa de viscositat baixa i mitjana, fins a&#8230;<\/p>\n","protected":false},"author":1,"featured_media":0,"parent":14710,"menu_order":0,"comment_status":"closed","ping_status":"closed","template":"page-sidebar.php","meta":{"footnotes":""},"class_list":["post-14694","page","type-page","status-publish","hentry"],"yoast_head":"<!-- This site is optimized with the Yoast SEO plugin v24.3 - https:\/\/yoast.com\/wordpress\/plugins\/seo\/ -->\n<title>Arrow Pumps: MP51 \/ MP51-S - Raimaber Fluid Tech [Industrial]<\/title>\n<meta name=\"description\" content=\"Secci\u00f3n de Arrow Pumps: MP51 \/ MP51-S en Raimaber Fluid Tech [Industrial]. Contacte y le informamos.\" \/>\n<meta name=\"robots\" content=\"index, follow, max-snippet:-1, max-image-preview:large, max-video-preview:-1\" \/>\n<link rel=\"canonical\" href=\"https:\/\/www.raimaberfluidtech.com\/industrial\/ca\/arrow-pumps\/mp51-mp51-s\/\" \/>\n<meta property=\"og:locale\" content=\"ca_ES\" \/>\n<meta property=\"og:type\" content=\"article\" \/>\n<meta property=\"og:title\" content=\"Arrow Pumps: MP51 \/ MP51-S - Raimaber Fluid Tech [Industrial]\" \/>\n<meta property=\"og:description\" content=\"Secci\u00f3n de Arrow Pumps: MP51 \/ MP51-S en Raimaber Fluid Tech [Industrial]. Contacte y le informamos.\" \/>\n<meta property=\"og:url\" content=\"https:\/\/www.raimaberfluidtech.com\/industrial\/ca\/arrow-pumps\/mp51-mp51-s\/\" \/>\n<meta property=\"og:site_name\" content=\"Raimaber Fluid Tech [Industrial]\" \/>\n<meta property=\"article:modified_time\" content=\"2025-04-15T08:32:37+00:00\" \/>\n<meta name=\"twitter:label1\" content=\"Temps estimat de lectura\" \/>\n\t<meta name=\"twitter:data1\" content=\"2 minuts\" \/>\n<script type=\"application\/ld+json\" class=\"yoast-schema-graph\">{\"@context\":\"https:\/\/schema.org\",\"@graph\":[{\"@type\":\"WebPage\",\"@id\":\"https:\/\/www.raimaberfluidtech.com\/industrial\/ca\/arrow-pumps\/mp51-mp51-s\/\",\"url\":\"https:\/\/www.raimaberfluidtech.com\/industrial\/ca\/arrow-pumps\/mp51-mp51-s\/\",\"name\":\"Arrow Pumps: MP51 \/ MP51-S - Raimaber Fluid Tech [Industrial]\",\"isPartOf\":{\"@id\":\"https:\/\/www.raimaberfluidtech.com\/industrial\/ca\/#website\"},\"datePublished\":\"2021-06-16T14:09:55+00:00\",\"dateModified\":\"2025-04-15T08:32:37+00:00\",\"description\":\"Secci\u00f3n de Arrow Pumps: MP51 \/ MP51-S en Raimaber Fluid Tech [Industrial]. Contacte y le informamos.\",\"breadcrumb\":{\"@id\":\"https:\/\/www.raimaberfluidtech.com\/industrial\/ca\/arrow-pumps\/mp51-mp51-s\/#breadcrumb\"},\"inLanguage\":\"ca\",\"potentialAction\":[{\"@type\":\"ReadAction\",\"target\":[\"https:\/\/www.raimaberfluidtech.com\/industrial\/ca\/arrow-pumps\/mp51-mp51-s\/\"]}]},{\"@type\":\"BreadcrumbList\",\"@id\":\"https:\/\/www.raimaberfluidtech.com\/industrial\/ca\/arrow-pumps\/mp51-mp51-s\/#breadcrumb\",\"itemListElement\":[{\"@type\":\"ListItem\",\"position\":1,\"name\":\"Home\",\"item\":\"https:\/\/www.raimaberfluidtech.com\/industrial\/ca\/\"},{\"@type\":\"ListItem\",\"position\":2,\"name\":\"Arrow Pumps\",\"item\":\"https:\/\/www.raimaberfluidtech.com\/industrial\/ca\/arrow-pumps\/\"},{\"@type\":\"ListItem\",\"position\":3,\"name\":\"MP51 \/ MP51-S\"}]},{\"@type\":\"WebSite\",\"@id\":\"https:\/\/www.raimaberfluidtech.com\/industrial\/ca\/#website\",\"url\":\"https:\/\/www.raimaberfluidtech.com\/industrial\/ca\/\",\"name\":\"Raimaber Fluid Tech [Industrial]\",\"description\":\"Bombas industriales\",\"publisher\":{\"@id\":\"https:\/\/www.raimaberfluidtech.com\/industrial\/ca\/#organization\"},\"potentialAction\":[{\"@type\":\"SearchAction\",\"target\":{\"@type\":\"EntryPoint\",\"urlTemplate\":\"https:\/\/www.raimaberfluidtech.com\/industrial\/ca\/?s={search_term_string}\"},\"query-input\":{\"@type\":\"PropertyValueSpecification\",\"valueRequired\":true,\"valueName\":\"search_term_string\"}}],\"inLanguage\":\"ca\"},{\"@type\":\"Organization\",\"@id\":\"https:\/\/www.raimaberfluidtech.com\/industrial\/ca\/#organization\",\"name\":\"Raimaber Fluid Tech [Industrial]\",\"url\":\"https:\/\/www.raimaberfluidtech.com\/industrial\/ca\/\",\"logo\":{\"@type\":\"ImageObject\",\"inLanguage\":\"ca\",\"@id\":\"https:\/\/www.raimaberfluidtech.com\/industrial\/ca\/#\/schema\/logo\/image\/\",\"url\":\"https:\/\/www.raimaberfluidtech.com\/industrial\/wp-content\/blogs.dir\/4\/files\/2012\/11\/raimaber.gif\",\"contentUrl\":\"https:\/\/www.raimaberfluidtech.com\/industrial\/wp-content\/blogs.dir\/4\/files\/2012\/11\/raimaber.gif\",\"width\":\"705\",\"height\":\"438\",\"caption\":\"Raimaber Fluid Tech [Industrial]\"},\"image\":{\"@id\":\"https:\/\/www.raimaberfluidtech.com\/industrial\/ca\/#\/schema\/logo\/image\/\"}}]}<\/script>\n<!-- \/ Yoast SEO plugin. -->","yoast_head_json":{"title":"Arrow Pumps: MP51 \/ MP51-S - Raimaber Fluid Tech [Industrial]","description":"Secci\u00f3n de Arrow Pumps: MP51 \/ MP51-S en Raimaber Fluid Tech [Industrial]. Contacte y le informamos.","robots":{"index":"index","follow":"follow","max-snippet":"max-snippet:-1","max-image-preview":"max-image-preview:large","max-video-preview":"max-video-preview:-1"},"canonical":"https:\/\/www.raimaberfluidtech.com\/industrial\/ca\/arrow-pumps\/mp51-mp51-s\/","og_locale":"ca_ES","og_type":"article","og_title":"Arrow Pumps: MP51 \/ MP51-S - Raimaber Fluid Tech [Industrial]","og_description":"Secci\u00f3n de Arrow Pumps: MP51 \/ MP51-S en Raimaber Fluid Tech [Industrial]. Contacte y le informamos.","og_url":"https:\/\/www.raimaberfluidtech.com\/industrial\/ca\/arrow-pumps\/mp51-mp51-s\/","og_site_name":"Raimaber Fluid Tech [Industrial]","article_modified_time":"2025-04-15T08:32:37+00:00","twitter_misc":{"Temps estimat de lectura":"2 minuts"},"schema":{"@context":"https:\/\/schema.org","@graph":[{"@type":"WebPage","@id":"https:\/\/www.raimaberfluidtech.com\/industrial\/ca\/arrow-pumps\/mp51-mp51-s\/","url":"https:\/\/www.raimaberfluidtech.com\/industrial\/ca\/arrow-pumps\/mp51-mp51-s\/","name":"Arrow Pumps: MP51 \/ MP51-S - Raimaber Fluid Tech [Industrial]","isPartOf":{"@id":"https:\/\/www.raimaberfluidtech.com\/industrial\/ca\/#website"},"datePublished":"2021-06-16T14:09:55+00:00","dateModified":"2025-04-15T08:32:37+00:00","description":"Secci\u00f3n de Arrow Pumps: MP51 \/ MP51-S en Raimaber Fluid Tech [Industrial]. Contacte y le informamos.","breadcrumb":{"@id":"https:\/\/www.raimaberfluidtech.com\/industrial\/ca\/arrow-pumps\/mp51-mp51-s\/#breadcrumb"},"inLanguage":"ca","potentialAction":[{"@type":"ReadAction","target":["https:\/\/www.raimaberfluidtech.com\/industrial\/ca\/arrow-pumps\/mp51-mp51-s\/"]}]},{"@type":"BreadcrumbList","@id":"https:\/\/www.raimaberfluidtech.com\/industrial\/ca\/arrow-pumps\/mp51-mp51-s\/#breadcrumb","itemListElement":[{"@type":"ListItem","position":1,"name":"Home","item":"https:\/\/www.raimaberfluidtech.com\/industrial\/ca\/"},{"@type":"ListItem","position":2,"name":"Arrow Pumps","item":"https:\/\/www.raimaberfluidtech.com\/industrial\/ca\/arrow-pumps\/"},{"@type":"ListItem","position":3,"name":"MP51 \/ MP51-S"}]},{"@type":"WebSite","@id":"https:\/\/www.raimaberfluidtech.com\/industrial\/ca\/#website","url":"https:\/\/www.raimaberfluidtech.com\/industrial\/ca\/","name":"Raimaber Fluid Tech [Industrial]","description":"Bombas industriales","publisher":{"@id":"https:\/\/www.raimaberfluidtech.com\/industrial\/ca\/#organization"},"potentialAction":[{"@type":"SearchAction","target":{"@type":"EntryPoint","urlTemplate":"https:\/\/www.raimaberfluidtech.com\/industrial\/ca\/?s={search_term_string}"},"query-input":{"@type":"PropertyValueSpecification","valueRequired":true,"valueName":"search_term_string"}}],"inLanguage":"ca"},{"@type":"Organization","@id":"https:\/\/www.raimaberfluidtech.com\/industrial\/ca\/#organization","name":"Raimaber Fluid Tech [Industrial]","url":"https:\/\/www.raimaberfluidtech.com\/industrial\/ca\/","logo":{"@type":"ImageObject","inLanguage":"ca","@id":"https:\/\/www.raimaberfluidtech.com\/industrial\/ca\/#\/schema\/logo\/image\/","url":"https:\/\/www.raimaberfluidtech.com\/industrial\/wp-content\/blogs.dir\/4\/files\/2012\/11\/raimaber.gif","contentUrl":"https:\/\/www.raimaberfluidtech.com\/industrial\/wp-content\/blogs.dir\/4\/files\/2012\/11\/raimaber.gif","width":"705","height":"438","caption":"Raimaber Fluid Tech [Industrial]"},"image":{"@id":"https:\/\/www.raimaberfluidtech.com\/industrial\/ca\/#\/schema\/logo\/image\/"}}]}},"_links":{"self":[{"href":"https:\/\/www.raimaberfluidtech.com\/industrial\/ca\/wp-json\/wp\/v2\/pages\/14694","targetHints":{"allow":["GET"]}}],"collection":[{"href":"https:\/\/www.raimaberfluidtech.com\/industrial\/ca\/wp-json\/wp\/v2\/pages"}],"about":[{"href":"https:\/\/www.raimaberfluidtech.com\/industrial\/ca\/wp-json\/wp\/v2\/types\/page"}],"author":[{"embeddable":true,"href":"https:\/\/www.raimaberfluidtech.com\/industrial\/ca\/wp-json\/wp\/v2\/users\/1"}],"replies":[{"embeddable":true,"href":"https:\/\/www.raimaberfluidtech.com\/industrial\/ca\/wp-json\/wp\/v2\/comments?post=14694"}],"version-history":[{"count":9,"href":"https:\/\/www.raimaberfluidtech.com\/industrial\/ca\/wp-json\/wp\/v2\/pages\/14694\/revisions"}],"predecessor-version":[{"id":17558,"href":"https:\/\/www.raimaberfluidtech.com\/industrial\/ca\/wp-json\/wp\/v2\/pages\/14694\/revisions\/17558"}],"up":[{"embeddable":true,"href":"https:\/\/www.raimaberfluidtech.com\/industrial\/ca\/wp-json\/wp\/v2\/pages\/14710"}],"wp:attachment":[{"href":"https:\/\/www.raimaberfluidtech.com\/industrial\/ca\/wp-json\/wp\/v2\/media?parent=14694"}],"curies":[{"name":"wp","href":"https:\/\/api.w.org\/{rel}","templated":true}]}}