{"id":14648,"date":"2021-06-16T14:14:13","date_gmt":"2021-06-16T14:14:13","guid":{"rendered":"https:\/\/www.raimaberfluidtech.com\/industrial\/m100-p51-m100-p89\/"},"modified":"2025-04-15T08:32:22","modified_gmt":"2025-04-15T08:32:22","slug":"m100-p51-m100-p89","status":"publish","type":"page","link":"https:\/\/www.raimaberfluidtech.com\/industrial\/ca\/arrow-pumps\/m100-p51-m100-p89\/","title":{"rendered":"M100\/P51 \u2013 M100\/P89"},"content":{"rendered":"<div class=\"wpb-content-wrapper\"><p>[vc_row][vc_column width=&#8221;1\/2&#8243;][vc_media_grid element_width=&#8221;6&#8243; gap=&#8221;4&#8243; grid_id=&#8221;vc_gid:1739353147717-097da4ad-f903-1&#8243; include=&#8221;14108&#8243;][\/vc_column][vc_column width=&#8221;1\/2&#8243;][vc_custom_heading text=&#8221;M100\/P51 \u2013 M100\/P89&#8243; font_container=&#8221;tag:h2|font_size:18px|text_align:left|color:%23000000&#8243; use_theme_fonts=&#8221;yes&#8221;][vc_column_text]Est\u00e0 equipada amb un motor pneum\u00e0tic alternatiu molt robust amb un sistema de distribuci\u00f3 d&#8217;aire de calaix d&#8217;inversi\u00f3 mec\u00e0nica d&#8217;alta precisi\u00f3 i fiabilitat.<\/p>\n<p>\u00c9s possible variar el cabal de la bomba de pist\u00f3 pneum\u00e0tica amb una bona precisi\u00f3 ajustant el subministrament d&#8217;aire amb la v\u00e0lvula d&#8217;agulla.<\/p>\n<p>Aquest model \u00e9s adequat per a productes de viscositat mitjana-alta quan es requereixen cabals de fins a 1200 o 3000 l\/ho per a requisits dalt rendiment de c\u00e0rrega.<\/p>\n<p>Tamb\u00e9 pot funcionar com a bomba qu\u00edmica, ja que admet el muntatge de filtres qu\u00edmics adequats, ja que la pressi\u00f3 d&#8217;impulsi\u00f3 pot arribar fins a aproximadament 9 bars (135 psi).<\/p>\n<p>Aquesta bomba vertical \u00e9s del tipus &#8220;divorciada&#8221;, \u00e9s a dir, el pist\u00f3 de bombament P89 es pot desmuntar f\u00e0cilment per netejar-lo; amb un pist\u00f3 de recanvi net, hi ha el gran avantatge de reduir el temps d&#8217;inactivitat de la producci\u00f3 a uns pocs minuts.<\/p>\n<p>&nbsp;<\/p>\n<p><strong>Aplicacions t\u00edpiques:<\/strong><\/p>\n<ul>\n<li>Plastisols i organosols de PVC<\/li>\n<li>Poliuretans<\/li>\n<li>resines acr\u00edliques o vin\u00edliques tant en dissolvent com en emulsi\u00f3 aquosa<\/li>\n<li>cautx\u00fa en soluci\u00f3<\/li>\n<li>Adhesius i cues de qualsevol tipus i naturalesa qu\u00edmica, fins i tot molt viscosos<\/li>\n<li>Resines fen\u00f2liques<\/li>\n<li>Tintes, laques, vernissos i colors tamb\u00e9 en pasta, per a pel\u00b7l\u00edcules d&#8217;impressi\u00f3, paper i teixits<\/li>\n<li>Ap\u00f2sits de qualsevol tipus i naturalesa per a la ind\u00fastria t\u00e8xtil, adobera i paperera<\/li>\n<li>Dissolvents de qualsevol mena, fins i tot molt agressius.<\/li>\n<li>Petroqu\u00edmics, olis, greixos i silicones<\/li>\n<li>Intermedis l\u00edquids i viscosos utilitzats en la producci\u00f3 de cosm\u00e8tics i productes per a la cura corporal.<\/li>\n<li>Detergents, emulsions, sabons, ceres, suavitzants i els seus components de preparaci\u00f3<\/li>\n<li>Greixos, melasses, olis i altres compostos l\u00edquids o pastosos que s&#8217;utilitzen a la ind\u00fastria aliment\u00e0ria.<\/li>\n<\/ul>\n<p>[\/vc_column_text][vc_empty_space][vc_btn title=&#8221;SOL\u00b7LICITUD D&#8217;INFORMACI\u00d3 T\u00c8CNICA&#8221; css=&#8221;.vc_custom_1632303364712{margin-bottom: 0px !important;}&#8221; link=&#8221;url:https%3A%2F%2Fwww.raimaberfluidtech.com%2Findustrial%2Fsolicitud-informacion-tecnica%2F|title:Sol%C2%B7licitud%20informaci%C3%B3%20t%C3%A8cnica|&#8221;][\/vc_column][\/vc_row]<\/p>\n<\/div>","protected":false},"excerpt":{"rendered":"<p>[vc_row][vc_column width=&#8221;1\/2&#8243;][vc_media_grid element_width=&#8221;6&#8243; gap=&#8221;4&#8243; grid_id=&#8221;vc_gid:1739353147717-097da4ad-f903-1&#8243; include=&#8221;14108&#8243;][\/vc_column][vc_column width=&#8221;1\/2&#8243;][vc_custom_heading text=&#8221;M100\/P51 \u2013 M100\/P89&#8243; font_container=&#8221;tag:h2|font_size:18px|text_align:left|color:%23000000&#8243; use_theme_fonts=&#8221;yes&#8221;][vc_column_text]Est\u00e0 equipada amb un motor pneum\u00e0tic alternatiu molt robust amb un sistema de distribuci\u00f3 d&#8217;aire de calaix d&#8217;inversi\u00f3 mec\u00e0nica d&#8217;alta precisi\u00f3 i fiabilitat. \u00c9s possible variar el cabal de&#8230;<\/p>\n","protected":false},"author":1,"featured_media":0,"parent":14710,"menu_order":0,"comment_status":"closed","ping_status":"closed","template":"page-sidebar.php","meta":{"footnotes":""},"class_list":["post-14648","page","type-page","status-publish","hentry"],"yoast_head":"<!-- This site is optimized with the Yoast SEO plugin v24.3 - https:\/\/yoast.com\/wordpress\/plugins\/seo\/ -->\n<title>Arrow Pumps: M100\/P51 \u2013 M100\/P89 - Raimaber Fluid Tech [Industrial]<\/title>\n<meta name=\"description\" content=\"Secci\u00f3n de Arrow Pumps: M100\/P51 \u2013 M100\/P89 en Raimaber Fluid Tech [Industrial]. Contacte y le informamos.\" \/>\n<meta name=\"robots\" content=\"index, follow, max-snippet:-1, max-image-preview:large, max-video-preview:-1\" \/>\n<link rel=\"canonical\" href=\"https:\/\/www.raimaberfluidtech.com\/industrial\/ca\/arrow-pumps\/m100-p51-m100-p89\/\" \/>\n<meta property=\"og:locale\" content=\"ca_ES\" \/>\n<meta property=\"og:type\" content=\"article\" \/>\n<meta property=\"og:title\" content=\"Arrow Pumps: M100\/P51 \u2013 M100\/P89 - Raimaber Fluid Tech [Industrial]\" \/>\n<meta property=\"og:description\" content=\"Secci\u00f3n de Arrow Pumps: M100\/P51 \u2013 M100\/P89 en Raimaber Fluid Tech [Industrial]. Contacte y le informamos.\" \/>\n<meta property=\"og:url\" content=\"https:\/\/www.raimaberfluidtech.com\/industrial\/ca\/arrow-pumps\/m100-p51-m100-p89\/\" \/>\n<meta property=\"og:site_name\" content=\"Raimaber Fluid Tech [Industrial]\" \/>\n<meta property=\"article:modified_time\" content=\"2025-04-15T08:32:22+00:00\" \/>\n<meta name=\"twitter:label1\" content=\"Temps estimat de lectura\" \/>\n\t<meta name=\"twitter:data1\" content=\"2 minuts\" \/>\n<script type=\"application\/ld+json\" class=\"yoast-schema-graph\">{\"@context\":\"https:\/\/schema.org\",\"@graph\":[{\"@type\":\"WebPage\",\"@id\":\"https:\/\/www.raimaberfluidtech.com\/industrial\/ca\/arrow-pumps\/m100-p51-m100-p89\/\",\"url\":\"https:\/\/www.raimaberfluidtech.com\/industrial\/ca\/arrow-pumps\/m100-p51-m100-p89\/\",\"name\":\"Arrow Pumps: M100\/P51 \u2013 M100\/P89 - Raimaber Fluid Tech [Industrial]\",\"isPartOf\":{\"@id\":\"https:\/\/www.raimaberfluidtech.com\/industrial\/ca\/#website\"},\"datePublished\":\"2021-06-16T14:14:13+00:00\",\"dateModified\":\"2025-04-15T08:32:22+00:00\",\"description\":\"Secci\u00f3n de Arrow Pumps: M100\/P51 \u2013 M100\/P89 en Raimaber Fluid Tech [Industrial]. Contacte y le informamos.\",\"breadcrumb\":{\"@id\":\"https:\/\/www.raimaberfluidtech.com\/industrial\/ca\/arrow-pumps\/m100-p51-m100-p89\/#breadcrumb\"},\"inLanguage\":\"ca\",\"potentialAction\":[{\"@type\":\"ReadAction\",\"target\":[\"https:\/\/www.raimaberfluidtech.com\/industrial\/ca\/arrow-pumps\/m100-p51-m100-p89\/\"]}]},{\"@type\":\"BreadcrumbList\",\"@id\":\"https:\/\/www.raimaberfluidtech.com\/industrial\/ca\/arrow-pumps\/m100-p51-m100-p89\/#breadcrumb\",\"itemListElement\":[{\"@type\":\"ListItem\",\"position\":1,\"name\":\"Home\",\"item\":\"https:\/\/www.raimaberfluidtech.com\/industrial\/ca\/\"},{\"@type\":\"ListItem\",\"position\":2,\"name\":\"Arrow Pumps\",\"item\":\"https:\/\/www.raimaberfluidtech.com\/industrial\/ca\/arrow-pumps\/\"},{\"@type\":\"ListItem\",\"position\":3,\"name\":\"M100\/P51 \u2013 M100\/P89\"}]},{\"@type\":\"WebSite\",\"@id\":\"https:\/\/www.raimaberfluidtech.com\/industrial\/ca\/#website\",\"url\":\"https:\/\/www.raimaberfluidtech.com\/industrial\/ca\/\",\"name\":\"Raimaber Fluid Tech [Industrial]\",\"description\":\"Bombas industriales\",\"publisher\":{\"@id\":\"https:\/\/www.raimaberfluidtech.com\/industrial\/ca\/#organization\"},\"potentialAction\":[{\"@type\":\"SearchAction\",\"target\":{\"@type\":\"EntryPoint\",\"urlTemplate\":\"https:\/\/www.raimaberfluidtech.com\/industrial\/ca\/?s={search_term_string}\"},\"query-input\":{\"@type\":\"PropertyValueSpecification\",\"valueRequired\":true,\"valueName\":\"search_term_string\"}}],\"inLanguage\":\"ca\"},{\"@type\":\"Organization\",\"@id\":\"https:\/\/www.raimaberfluidtech.com\/industrial\/ca\/#organization\",\"name\":\"Raimaber Fluid Tech [Industrial]\",\"url\":\"https:\/\/www.raimaberfluidtech.com\/industrial\/ca\/\",\"logo\":{\"@type\":\"ImageObject\",\"inLanguage\":\"ca\",\"@id\":\"https:\/\/www.raimaberfluidtech.com\/industrial\/ca\/#\/schema\/logo\/image\/\",\"url\":\"https:\/\/www.raimaberfluidtech.com\/industrial\/wp-content\/blogs.dir\/4\/files\/2012\/11\/raimaber.gif\",\"contentUrl\":\"https:\/\/www.raimaberfluidtech.com\/industrial\/wp-content\/blogs.dir\/4\/files\/2012\/11\/raimaber.gif\",\"width\":\"705\",\"height\":\"438\",\"caption\":\"Raimaber Fluid Tech [Industrial]\"},\"image\":{\"@id\":\"https:\/\/www.raimaberfluidtech.com\/industrial\/ca\/#\/schema\/logo\/image\/\"}}]}<\/script>\n<!-- \/ Yoast SEO plugin. -->","yoast_head_json":{"title":"Arrow Pumps: M100\/P51 \u2013 M100\/P89 - Raimaber Fluid Tech [Industrial]","description":"Secci\u00f3n de Arrow Pumps: M100\/P51 \u2013 M100\/P89 en Raimaber Fluid Tech [Industrial]. Contacte y le informamos.","robots":{"index":"index","follow":"follow","max-snippet":"max-snippet:-1","max-image-preview":"max-image-preview:large","max-video-preview":"max-video-preview:-1"},"canonical":"https:\/\/www.raimaberfluidtech.com\/industrial\/ca\/arrow-pumps\/m100-p51-m100-p89\/","og_locale":"ca_ES","og_type":"article","og_title":"Arrow Pumps: M100\/P51 \u2013 M100\/P89 - Raimaber Fluid Tech [Industrial]","og_description":"Secci\u00f3n de Arrow Pumps: M100\/P51 \u2013 M100\/P89 en Raimaber Fluid Tech [Industrial]. Contacte y le informamos.","og_url":"https:\/\/www.raimaberfluidtech.com\/industrial\/ca\/arrow-pumps\/m100-p51-m100-p89\/","og_site_name":"Raimaber Fluid Tech [Industrial]","article_modified_time":"2025-04-15T08:32:22+00:00","twitter_misc":{"Temps estimat de lectura":"2 minuts"},"schema":{"@context":"https:\/\/schema.org","@graph":[{"@type":"WebPage","@id":"https:\/\/www.raimaberfluidtech.com\/industrial\/ca\/arrow-pumps\/m100-p51-m100-p89\/","url":"https:\/\/www.raimaberfluidtech.com\/industrial\/ca\/arrow-pumps\/m100-p51-m100-p89\/","name":"Arrow Pumps: M100\/P51 \u2013 M100\/P89 - Raimaber Fluid Tech [Industrial]","isPartOf":{"@id":"https:\/\/www.raimaberfluidtech.com\/industrial\/ca\/#website"},"datePublished":"2021-06-16T14:14:13+00:00","dateModified":"2025-04-15T08:32:22+00:00","description":"Secci\u00f3n de Arrow Pumps: M100\/P51 \u2013 M100\/P89 en Raimaber Fluid Tech [Industrial]. Contacte y le informamos.","breadcrumb":{"@id":"https:\/\/www.raimaberfluidtech.com\/industrial\/ca\/arrow-pumps\/m100-p51-m100-p89\/#breadcrumb"},"inLanguage":"ca","potentialAction":[{"@type":"ReadAction","target":["https:\/\/www.raimaberfluidtech.com\/industrial\/ca\/arrow-pumps\/m100-p51-m100-p89\/"]}]},{"@type":"BreadcrumbList","@id":"https:\/\/www.raimaberfluidtech.com\/industrial\/ca\/arrow-pumps\/m100-p51-m100-p89\/#breadcrumb","itemListElement":[{"@type":"ListItem","position":1,"name":"Home","item":"https:\/\/www.raimaberfluidtech.com\/industrial\/ca\/"},{"@type":"ListItem","position":2,"name":"Arrow Pumps","item":"https:\/\/www.raimaberfluidtech.com\/industrial\/ca\/arrow-pumps\/"},{"@type":"ListItem","position":3,"name":"M100\/P51 \u2013 M100\/P89"}]},{"@type":"WebSite","@id":"https:\/\/www.raimaberfluidtech.com\/industrial\/ca\/#website","url":"https:\/\/www.raimaberfluidtech.com\/industrial\/ca\/","name":"Raimaber Fluid Tech [Industrial]","description":"Bombas industriales","publisher":{"@id":"https:\/\/www.raimaberfluidtech.com\/industrial\/ca\/#organization"},"potentialAction":[{"@type":"SearchAction","target":{"@type":"EntryPoint","urlTemplate":"https:\/\/www.raimaberfluidtech.com\/industrial\/ca\/?s={search_term_string}"},"query-input":{"@type":"PropertyValueSpecification","valueRequired":true,"valueName":"search_term_string"}}],"inLanguage":"ca"},{"@type":"Organization","@id":"https:\/\/www.raimaberfluidtech.com\/industrial\/ca\/#organization","name":"Raimaber Fluid Tech [Industrial]","url":"https:\/\/www.raimaberfluidtech.com\/industrial\/ca\/","logo":{"@type":"ImageObject","inLanguage":"ca","@id":"https:\/\/www.raimaberfluidtech.com\/industrial\/ca\/#\/schema\/logo\/image\/","url":"https:\/\/www.raimaberfluidtech.com\/industrial\/wp-content\/blogs.dir\/4\/files\/2012\/11\/raimaber.gif","contentUrl":"https:\/\/www.raimaberfluidtech.com\/industrial\/wp-content\/blogs.dir\/4\/files\/2012\/11\/raimaber.gif","width":"705","height":"438","caption":"Raimaber Fluid Tech [Industrial]"},"image":{"@id":"https:\/\/www.raimaberfluidtech.com\/industrial\/ca\/#\/schema\/logo\/image\/"}}]}},"_links":{"self":[{"href":"https:\/\/www.raimaberfluidtech.com\/industrial\/ca\/wp-json\/wp\/v2\/pages\/14648","targetHints":{"allow":["GET"]}}],"collection":[{"href":"https:\/\/www.raimaberfluidtech.com\/industrial\/ca\/wp-json\/wp\/v2\/pages"}],"about":[{"href":"https:\/\/www.raimaberfluidtech.com\/industrial\/ca\/wp-json\/wp\/v2\/types\/page"}],"author":[{"embeddable":true,"href":"https:\/\/www.raimaberfluidtech.com\/industrial\/ca\/wp-json\/wp\/v2\/users\/1"}],"replies":[{"embeddable":true,"href":"https:\/\/www.raimaberfluidtech.com\/industrial\/ca\/wp-json\/wp\/v2\/comments?post=14648"}],"version-history":[{"count":2,"href":"https:\/\/www.raimaberfluidtech.com\/industrial\/ca\/wp-json\/wp\/v2\/pages\/14648\/revisions"}],"predecessor-version":[{"id":17546,"href":"https:\/\/www.raimaberfluidtech.com\/industrial\/ca\/wp-json\/wp\/v2\/pages\/14648\/revisions\/17546"}],"up":[{"embeddable":true,"href":"https:\/\/www.raimaberfluidtech.com\/industrial\/ca\/wp-json\/wp\/v2\/pages\/14710"}],"wp:attachment":[{"href":"https:\/\/www.raimaberfluidtech.com\/industrial\/ca\/wp-json\/wp\/v2\/media?parent=14648"}],"curies":[{"name":"wp","href":"https:\/\/api.w.org\/{rel}","templated":true}]}}