{"id":14595,"date":"2023-01-12T15:15:21","date_gmt":"2023-01-12T15:15:21","guid":{"rendered":"https:\/\/www.raimaberfluidtech.com\/industrial\/fitxers-descarregables\/bornemann\/"},"modified":"2025-04-15T10:07:16","modified_gmt":"2025-04-15T10:07:16","slug":"bornemann","status":"publish","type":"page","link":"https:\/\/www.raimaberfluidtech.com\/industrial\/ca\/fitxers-descarregables\/bornemann\/","title":{"rendered":"BORNEMANN"},"content":{"rendered":"<div class=\"wpb-content-wrapper\"><p>[vc_row][vc_column][vc_column_text css=&#8221;.vc_custom_1673535189964{margin-bottom: 60px !important;}&#8221;]<strong><a title=\"Raimaber\" href=\"https:\/\/www.raimaberfluidtech.com\/industrial\/\">Raimaber<\/a><\/strong> posa a la vostra disposici\u00f3 els <strong>cat\u00e0legs de Bornemann<\/strong> sobre els diferents productes que distribueixen com a empresa especialista en el sector.<br \/>\nPer a m\u00e9s informaci\u00f3 podeu utilitzar el <a title=\"Contacte Raimaber\" href=\"https:\/\/www.raimaberfluidtech.com\/industrial\/contacta\">formulari de contacte<\/a> .[\/vc_column_text][vc_column_text]<\/p>\n<ul class=\"document_gallery\">\n<li class=\"pdf\"><a title=\"Bombes BBA: Auto prime pumps BA s\u00e8ries\" href=\"\/wp-content\/blogs.dir\/4\/files\/2023\/01\/SLH-4G-catalog-general-completo.pdf\" target=\"_blank\" rel=\"noopener noreferrer\">SLH-4G cat\u00e0leg general complet<\/a><\/li>\n<li class=\"pdf\"><a href=\"\/wp-content\/blogs.dir\/4\/files\/2023\/01\/SLH4G_catalogo-general-english.pdf\" target=\"_blank\" rel=\"noopener\">SLH4G cat\u00e0leg general<\/a> (angl\u00e8s)<\/li>\n<li class=\"pdf\"><a title=\"Bombes BBA: BA100E Bare Shaft\" href=\"\/wp-content\/blogs.dir\/4\/files\/2023\/01\/SLH-4U_catalogo-general-english.pdf\" target=\"_blank\" rel=\"noopener noreferrer\">SLH-4U_cat\u00e0leg general<\/a> (angl\u00e8s)<\/li>\n<li class=\"pdf\"><a title=\"Bombes BBA: BA150E Bare Shaft\" href=\"\/wp-content\/blogs.dir\/4\/files\/2023\/01\/SLH-5G-catalogo-general-completo-english.pdf\" target=\"_blank\" rel=\"noopener noreferrer\">SLH-5G cat\u00e0leg general complet<\/a> (angl\u00e8s)<\/li>\n<li class=\"pdf\"><a title=\"Bombes BBA: BA150E Bare Shaft\" href=\"\/wp-content\/blogs.dir\/4\/files\/2014\/01\/BA80H-D315-Bare-shaft-5516602020-EN.pdf\" target=\"_blank\" rel=\"noopener noreferrer\">Cat\u00e0leg general b\u00e0sic<\/a><\/li>\n<li class=\"pdf\"><a title=\"Bombes BBA: Piston pumps per eficient wellpoint dewatering PT series\" href=\"\/wp-content\/blogs.dir\/4\/files\/2023\/01\/farmaceutica-y-cosmetica-4G.pdf\" target=\"_blank\" rel=\"noopener noreferrer\">Farmac\u00e8utica i cosm\u00e8tica 4G<\/a><\/li>\n<\/ul>\n<p>[\/vc_column_text][vc_empty_space][vc_btn title=&#8221;SOL\u00b7LICITUD D&#8217;INFORMACI\u00d3 T\u00c8CNICA&#8221; link=&#8221;url:https%3A%2F%2Fwww.raimaberfluidtech.com%2Findustrial%2Fsolicitud-informacion-tecnica%2F|title:Sol%C2%B7licitud%20informaci%C3%B3%20t%C3%A8cnica|&#8221;][\/vc_column][\/vc_row]<\/p>\n<\/div>","protected":false},"excerpt":{"rendered":"<p>[vc_row][vc_column][vc_column_text css=&#8221;.vc_custom_1673535189964{margin-bottom: 60px !important;}&#8221;]Raimaber posa a la vostra disposici\u00f3 els cat\u00e0legs de Bornemann sobre els diferents productes que distribueixen com a empresa especialista en el sector. Per a m\u00e9s informaci\u00f3 podeu utilitzar el formulari de contacte .[\/vc_column_text][vc_column_text] SLH-4G cat\u00e0leg general&#8230;<\/p>\n","protected":false},"author":1,"featured_media":17606,"parent":14458,"menu_order":0,"comment_status":"closed","ping_status":"closed","template":"page-sidebar.php","meta":{"footnotes":""},"class_list":["post-14595","page","type-page","status-publish","has-post-thumbnail","hentry"],"yoast_head":"<!-- This site is optimized with the Yoast SEO plugin v24.3 - https:\/\/yoast.com\/wordpress\/plugins\/seo\/ -->\n<title>Cat\u00e0leg de bombes BBA - Raimaber<\/title>\n<meta name=\"description\" content=\"Som distribu\u00efdors de Bombes BBA. Pots consultar tota la informaci\u00f3 de bombes BBA a la nostra web. Truca&#039;ns i t&#039;assessorarem.\" \/>\n<meta name=\"robots\" content=\"index, follow, max-snippet:-1, max-image-preview:large, max-video-preview:-1\" \/>\n<link rel=\"canonical\" href=\"https:\/\/www.raimaberfluidtech.com\/industrial\/ca\/fitxers-descarregables\/bornemann\/\" \/>\n<meta property=\"og:locale\" content=\"ca_ES\" \/>\n<meta property=\"og:type\" content=\"article\" \/>\n<meta property=\"og:title\" content=\"Cat\u00e0leg de bombes BBA - Raimaber\" \/>\n<meta property=\"og:description\" content=\"Som distribu\u00efdors de Bombes BBA. Pots consultar tota la informaci\u00f3 de bombes BBA a la nostra web. Truca&#039;ns i t&#039;assessorarem.\" \/>\n<meta property=\"og:url\" content=\"https:\/\/www.raimaberfluidtech.com\/industrial\/ca\/fitxers-descarregables\/bornemann\/\" \/>\n<meta property=\"og:site_name\" content=\"Raimaber Fluid Tech [Industrial]\" \/>\n<meta property=\"article:modified_time\" content=\"2025-04-15T10:07:16+00:00\" \/>\n<meta property=\"og:image\" content=\"https:\/\/www.raimaberfluidtech.com\/industrial\/files\/2020\/07\/Bornemann3-e1601374531303.png\" \/>\n\t<meta property=\"og:image:width\" content=\"960\" \/>\n\t<meta property=\"og:image:height\" content=\"259\" \/>\n\t<meta property=\"og:image:type\" content=\"image\/png\" \/>\n<meta name=\"twitter:label1\" content=\"Temps estimat de lectura\" \/>\n\t<meta name=\"twitter:data1\" content=\"1 minut\" \/>\n<script type=\"application\/ld+json\" class=\"yoast-schema-graph\">{\"@context\":\"https:\/\/schema.org\",\"@graph\":[{\"@type\":\"WebPage\",\"@id\":\"https:\/\/www.raimaberfluidtech.com\/industrial\/ca\/fitxers-descarregables\/bornemann\/\",\"url\":\"https:\/\/www.raimaberfluidtech.com\/industrial\/ca\/fitxers-descarregables\/bornemann\/\",\"name\":\"Cat\u00e0leg de bombes BBA - Raimaber\",\"isPartOf\":{\"@id\":\"https:\/\/www.raimaberfluidtech.com\/industrial\/ca\/#website\"},\"primaryImageOfPage\":{\"@id\":\"https:\/\/www.raimaberfluidtech.com\/industrial\/ca\/fitxers-descarregables\/bornemann\/#primaryimage\"},\"image\":{\"@id\":\"https:\/\/www.raimaberfluidtech.com\/industrial\/ca\/fitxers-descarregables\/bornemann\/#primaryimage\"},\"thumbnailUrl\":\"https:\/\/www.raimaberfluidtech.com\/industrial\/files\/2020\/07\/Bornemann3-e1601374531303.png\",\"datePublished\":\"2023-01-12T15:15:21+00:00\",\"dateModified\":\"2025-04-15T10:07:16+00:00\",\"description\":\"Som distribu\u00efdors de Bombes BBA. Pots consultar tota la informaci\u00f3 de bombes BBA a la nostra web. Truca'ns i t'assessorarem.\",\"breadcrumb\":{\"@id\":\"https:\/\/www.raimaberfluidtech.com\/industrial\/ca\/fitxers-descarregables\/bornemann\/#breadcrumb\"},\"inLanguage\":\"ca\",\"potentialAction\":[{\"@type\":\"ReadAction\",\"target\":[\"https:\/\/www.raimaberfluidtech.com\/industrial\/ca\/fitxers-descarregables\/bornemann\/\"]}]},{\"@type\":\"ImageObject\",\"inLanguage\":\"ca\",\"@id\":\"https:\/\/www.raimaberfluidtech.com\/industrial\/ca\/fitxers-descarregables\/bornemann\/#primaryimage\",\"url\":\"https:\/\/www.raimaberfluidtech.com\/industrial\/files\/2020\/07\/Bornemann3-e1601374531303.png\",\"contentUrl\":\"https:\/\/www.raimaberfluidtech.com\/industrial\/files\/2020\/07\/Bornemann3-e1601374531303.png\",\"width\":960,\"height\":259},{\"@type\":\"BreadcrumbList\",\"@id\":\"https:\/\/www.raimaberfluidtech.com\/industrial\/ca\/fitxers-descarregables\/bornemann\/#breadcrumb\",\"itemListElement\":[{\"@type\":\"ListItem\",\"position\":1,\"name\":\"Home\",\"item\":\"https:\/\/www.raimaberfluidtech.com\/industrial\/ca\/\"},{\"@type\":\"ListItem\",\"position\":2,\"name\":\"Fitxers descarregables\",\"item\":\"https:\/\/www.raimaberfluidtech.com\/industrial\/ca\/fitxers-descarregables\/\"},{\"@type\":\"ListItem\",\"position\":3,\"name\":\"BORNEMANN\"}]},{\"@type\":\"WebSite\",\"@id\":\"https:\/\/www.raimaberfluidtech.com\/industrial\/ca\/#website\",\"url\":\"https:\/\/www.raimaberfluidtech.com\/industrial\/ca\/\",\"name\":\"Raimaber Fluid Tech [Industrial]\",\"description\":\"Bombas industriales\",\"publisher\":{\"@id\":\"https:\/\/www.raimaberfluidtech.com\/industrial\/ca\/#organization\"},\"potentialAction\":[{\"@type\":\"SearchAction\",\"target\":{\"@type\":\"EntryPoint\",\"urlTemplate\":\"https:\/\/www.raimaberfluidtech.com\/industrial\/ca\/?s={search_term_string}\"},\"query-input\":{\"@type\":\"PropertyValueSpecification\",\"valueRequired\":true,\"valueName\":\"search_term_string\"}}],\"inLanguage\":\"ca\"},{\"@type\":\"Organization\",\"@id\":\"https:\/\/www.raimaberfluidtech.com\/industrial\/ca\/#organization\",\"name\":\"Raimaber Fluid Tech [Industrial]\",\"url\":\"https:\/\/www.raimaberfluidtech.com\/industrial\/ca\/\",\"logo\":{\"@type\":\"ImageObject\",\"inLanguage\":\"ca\",\"@id\":\"https:\/\/www.raimaberfluidtech.com\/industrial\/ca\/#\/schema\/logo\/image\/\",\"url\":\"https:\/\/www.raimaberfluidtech.com\/industrial\/wp-content\/blogs.dir\/4\/files\/2012\/11\/raimaber.gif\",\"contentUrl\":\"https:\/\/www.raimaberfluidtech.com\/industrial\/wp-content\/blogs.dir\/4\/files\/2012\/11\/raimaber.gif\",\"width\":\"705\",\"height\":\"438\",\"caption\":\"Raimaber Fluid Tech [Industrial]\"},\"image\":{\"@id\":\"https:\/\/www.raimaberfluidtech.com\/industrial\/ca\/#\/schema\/logo\/image\/\"}}]}<\/script>\n<!-- \/ Yoast SEO plugin. -->","yoast_head_json":{"title":"Cat\u00e0leg de bombes BBA - Raimaber","description":"Som distribu\u00efdors de Bombes BBA. Pots consultar tota la informaci\u00f3 de bombes BBA a la nostra web. Truca'ns i t'assessorarem.","robots":{"index":"index","follow":"follow","max-snippet":"max-snippet:-1","max-image-preview":"max-image-preview:large","max-video-preview":"max-video-preview:-1"},"canonical":"https:\/\/www.raimaberfluidtech.com\/industrial\/ca\/fitxers-descarregables\/bornemann\/","og_locale":"ca_ES","og_type":"article","og_title":"Cat\u00e0leg de bombes BBA - Raimaber","og_description":"Som distribu\u00efdors de Bombes BBA. Pots consultar tota la informaci\u00f3 de bombes BBA a la nostra web. Truca'ns i t'assessorarem.","og_url":"https:\/\/www.raimaberfluidtech.com\/industrial\/ca\/fitxers-descarregables\/bornemann\/","og_site_name":"Raimaber Fluid Tech [Industrial]","article_modified_time":"2025-04-15T10:07:16+00:00","og_image":[{"width":960,"height":259,"url":"https:\/\/www.raimaberfluidtech.com\/industrial\/files\/2020\/07\/Bornemann3-e1601374531303.png","type":"image\/png"}],"twitter_misc":{"Temps estimat de lectura":"1 minut"},"schema":{"@context":"https:\/\/schema.org","@graph":[{"@type":"WebPage","@id":"https:\/\/www.raimaberfluidtech.com\/industrial\/ca\/fitxers-descarregables\/bornemann\/","url":"https:\/\/www.raimaberfluidtech.com\/industrial\/ca\/fitxers-descarregables\/bornemann\/","name":"Cat\u00e0leg de bombes BBA - Raimaber","isPartOf":{"@id":"https:\/\/www.raimaberfluidtech.com\/industrial\/ca\/#website"},"primaryImageOfPage":{"@id":"https:\/\/www.raimaberfluidtech.com\/industrial\/ca\/fitxers-descarregables\/bornemann\/#primaryimage"},"image":{"@id":"https:\/\/www.raimaberfluidtech.com\/industrial\/ca\/fitxers-descarregables\/bornemann\/#primaryimage"},"thumbnailUrl":"https:\/\/www.raimaberfluidtech.com\/industrial\/files\/2020\/07\/Bornemann3-e1601374531303.png","datePublished":"2023-01-12T15:15:21+00:00","dateModified":"2025-04-15T10:07:16+00:00","description":"Som distribu\u00efdors de Bombes BBA. Pots consultar tota la informaci\u00f3 de bombes BBA a la nostra web. Truca'ns i t'assessorarem.","breadcrumb":{"@id":"https:\/\/www.raimaberfluidtech.com\/industrial\/ca\/fitxers-descarregables\/bornemann\/#breadcrumb"},"inLanguage":"ca","potentialAction":[{"@type":"ReadAction","target":["https:\/\/www.raimaberfluidtech.com\/industrial\/ca\/fitxers-descarregables\/bornemann\/"]}]},{"@type":"ImageObject","inLanguage":"ca","@id":"https:\/\/www.raimaberfluidtech.com\/industrial\/ca\/fitxers-descarregables\/bornemann\/#primaryimage","url":"https:\/\/www.raimaberfluidtech.com\/industrial\/files\/2020\/07\/Bornemann3-e1601374531303.png","contentUrl":"https:\/\/www.raimaberfluidtech.com\/industrial\/files\/2020\/07\/Bornemann3-e1601374531303.png","width":960,"height":259},{"@type":"BreadcrumbList","@id":"https:\/\/www.raimaberfluidtech.com\/industrial\/ca\/fitxers-descarregables\/bornemann\/#breadcrumb","itemListElement":[{"@type":"ListItem","position":1,"name":"Home","item":"https:\/\/www.raimaberfluidtech.com\/industrial\/ca\/"},{"@type":"ListItem","position":2,"name":"Fitxers descarregables","item":"https:\/\/www.raimaberfluidtech.com\/industrial\/ca\/fitxers-descarregables\/"},{"@type":"ListItem","position":3,"name":"BORNEMANN"}]},{"@type":"WebSite","@id":"https:\/\/www.raimaberfluidtech.com\/industrial\/ca\/#website","url":"https:\/\/www.raimaberfluidtech.com\/industrial\/ca\/","name":"Raimaber Fluid Tech [Industrial]","description":"Bombas industriales","publisher":{"@id":"https:\/\/www.raimaberfluidtech.com\/industrial\/ca\/#organization"},"potentialAction":[{"@type":"SearchAction","target":{"@type":"EntryPoint","urlTemplate":"https:\/\/www.raimaberfluidtech.com\/industrial\/ca\/?s={search_term_string}"},"query-input":{"@type":"PropertyValueSpecification","valueRequired":true,"valueName":"search_term_string"}}],"inLanguage":"ca"},{"@type":"Organization","@id":"https:\/\/www.raimaberfluidtech.com\/industrial\/ca\/#organization","name":"Raimaber Fluid Tech [Industrial]","url":"https:\/\/www.raimaberfluidtech.com\/industrial\/ca\/","logo":{"@type":"ImageObject","inLanguage":"ca","@id":"https:\/\/www.raimaberfluidtech.com\/industrial\/ca\/#\/schema\/logo\/image\/","url":"https:\/\/www.raimaberfluidtech.com\/industrial\/wp-content\/blogs.dir\/4\/files\/2012\/11\/raimaber.gif","contentUrl":"https:\/\/www.raimaberfluidtech.com\/industrial\/wp-content\/blogs.dir\/4\/files\/2012\/11\/raimaber.gif","width":"705","height":"438","caption":"Raimaber Fluid Tech [Industrial]"},"image":{"@id":"https:\/\/www.raimaberfluidtech.com\/industrial\/ca\/#\/schema\/logo\/image\/"}}]}},"_links":{"self":[{"href":"https:\/\/www.raimaberfluidtech.com\/industrial\/ca\/wp-json\/wp\/v2\/pages\/14595","targetHints":{"allow":["GET"]}}],"collection":[{"href":"https:\/\/www.raimaberfluidtech.com\/industrial\/ca\/wp-json\/wp\/v2\/pages"}],"about":[{"href":"https:\/\/www.raimaberfluidtech.com\/industrial\/ca\/wp-json\/wp\/v2\/types\/page"}],"author":[{"embeddable":true,"href":"https:\/\/www.raimaberfluidtech.com\/industrial\/ca\/wp-json\/wp\/v2\/users\/1"}],"replies":[{"embeddable":true,"href":"https:\/\/www.raimaberfluidtech.com\/industrial\/ca\/wp-json\/wp\/v2\/comments?post=14595"}],"version-history":[{"count":9,"href":"https:\/\/www.raimaberfluidtech.com\/industrial\/ca\/wp-json\/wp\/v2\/pages\/14595\/revisions"}],"predecessor-version":[{"id":17987,"href":"https:\/\/www.raimaberfluidtech.com\/industrial\/ca\/wp-json\/wp\/v2\/pages\/14595\/revisions\/17987"}],"up":[{"embeddable":true,"href":"https:\/\/www.raimaberfluidtech.com\/industrial\/ca\/wp-json\/wp\/v2\/pages\/14458"}],"wp:featuredmedia":[{"embeddable":true,"href":"https:\/\/www.raimaberfluidtech.com\/industrial\/ca\/wp-json\/wp\/v2\/media\/17606"}],"wp:attachment":[{"href":"https:\/\/www.raimaberfluidtech.com\/industrial\/ca\/wp-json\/wp\/v2\/media?parent=14595"}],"curies":[{"name":"wp","href":"https:\/\/api.w.org\/{rel}","templated":true}]}}