{"id":14583,"date":"2023-01-12T16:23:46","date_gmt":"2023-01-12T16:23:46","guid":{"rendered":"https:\/\/www.raimaberfluidtech.com\/industrial\/serie-slh-5g\/"},"modified":"2025-04-15T08:37:42","modified_gmt":"2025-04-15T08:37:42","slug":"serie-slh-5g","status":"publish","type":"page","link":"https:\/\/www.raimaberfluidtech.com\/industrial\/ca\/bornemann-2\/serie-slh-5g\/","title":{"rendered":"S\u00c8RIE SLH-5G"},"content":{"rendered":"<div class=\"wpb-content-wrapper\"><p>[vc_row][vc_column width=&#8221;1\/2&#8243;][vc_media_grid element_width=&#8221;6&#8243; gap=&#8221;4&#8243; grid_id=&#8221;vc_gid:1673540301956-dfa5d535-9e61-5&#8243; include=&#8221;7866,7867,7868,7869,7870,7871,7872&#8243;][\/vc_column][vc_column width=&#8221;1\/2&#8243;][vc_custom_heading text=&#8221;S\u00c8RIE SLH-5G&#8221; font_container=&#8221;tag:h2|font_size:18px|text_align:left|color:%23000000&#8243; use_theme_fonts=&#8221;yes&#8221;][vc_column_text]\u00c9s l&#8217;\u00faltima generaci\u00f3 de bomba sanit\u00e0ria de doble claveguera de Bornemann, 5\u00e8 Generaci\u00f3.<\/p>\n<p>Caracter\u00edstiques:<\/p>\n<ul>\n<li>Nou disseny de la caixa d&#8217;engranatges del darrere<\/li>\n<li>S&#8217;ha ampliat la secci\u00f3 d&#8217;entrada per reduir la p\u00e8rdua de c\u00e0rrega i millorar el NPSH<\/li>\n<li>Parts exernes a Inoxidable<\/li>\n<li>Molt important: nou ajust de les toler\u00e0ncies a les clavegueres, sistema patentat<\/li>\n<li>Disseny intercanviable s&#8217;ajusta a les dimensions de les canonades de la s\u00e8rie SLH-3\/-4. En algun cas, cal un kit d&#8217;acoblament, per a la seva intercanviabilitat<\/li>\n<li>Multiples solucions de tancament. Semi Cartutx, Cartutx o Components.<\/li>\n<li>Tancament tipus Knife-Edge. Molt recomanable per al bombament de xocolata, pralines, glucosa, productes enganxosos, etc.<\/li>\n<li>Nou disseny: engranatges de sincornitzaci\u00f3, es munten entre els rodaments. Redu\u00efm l&#8217;espai i millorem la lubricaci\u00f3.<\/li>\n<li>Hem augmentat el rendiment de cada bomba. Ens permet muntar models m\u00e9s petits i reduir el cost d&#8217;inversi\u00f3.<\/li>\n<\/ul>\n<p>[\/vc_column_text][vc_empty_space][vc_btn title=&#8221;SOL\u00b7LICITUD D&#8217;INFORMACI\u00d3 T\u00c8CNICA&#8221; css=&#8221;.vc_custom_1632305302065{margin-bottom: 0px !important;}&#8221; link=&#8221;url:https%3A%2F%2Fwww.raimaberfluidtech.com%2Findustrial%2Fsolicitud-informacion-tecnica%2F|title:Sol%C2%B7licitud%20informaci%C3%B3%20t%C3%A8cnica|&#8221;][\/vc_column][\/vc_row]<\/p>\n<\/div>","protected":false},"excerpt":{"rendered":"<p>[vc_row][vc_column width=&#8221;1\/2&#8243;][vc_media_grid element_width=&#8221;6&#8243; gap=&#8221;4&#8243; grid_id=&#8221;vc_gid:1673540301956-dfa5d535-9e61-5&#8243; include=&#8221;7866,7867,7868,7869,7870,7871,7872&#8243;][\/vc_column][vc_column width=&#8221;1\/2&#8243;][vc_custom_heading text=&#8221;S\u00c8RIE SLH-5G&#8221; font_container=&#8221;tag:h2|font_size:18px|text_align:left|color:%23000000&#8243; use_theme_fonts=&#8221;yes&#8221;][vc_column_text]\u00c9s l&#8217;\u00faltima generaci\u00f3 de bomba sanit\u00e0ria de doble claveguera de Bornemann, 5\u00e8 Generaci\u00f3. Caracter\u00edstiques: Nou disseny de la caixa d&#8217;engranatges del darrere S&#8217;ha ampliat la secci\u00f3 d&#8217;entrada per reduir la&#8230;<\/p>\n","protected":false},"author":1,"featured_media":0,"parent":14883,"menu_order":0,"comment_status":"closed","ping_status":"closed","template":"page-sidebar.php","meta":{"footnotes":""},"class_list":["post-14583","page","type-page","status-publish","hentry"],"yoast_head":"<!-- This site is optimized with the Yoast SEO plugin v24.3 - https:\/\/yoast.com\/wordpress\/plugins\/seo\/ -->\n<title>Bornemann: S\u00c8RIE SLH-5G - Raimaber Fluid Tech [Industrial]<\/title>\n<meta name=\"description\" content=\"Secci\u00f3n de Bornemann: S\u00c8RIE SLH-5G en Raimaber Fluid Tech [Industrial]. Contacte y le informamos.\" \/>\n<meta name=\"robots\" content=\"index, follow, max-snippet:-1, max-image-preview:large, max-video-preview:-1\" \/>\n<link rel=\"canonical\" href=\"https:\/\/www.raimaberfluidtech.com\/industrial\/ca\/bornemann-2\/serie-slh-5g\/\" \/>\n<meta property=\"og:locale\" content=\"ca_ES\" \/>\n<meta property=\"og:type\" content=\"article\" \/>\n<meta property=\"og:title\" content=\"Bornemann: S\u00c8RIE SLH-5G - Raimaber Fluid Tech [Industrial]\" \/>\n<meta property=\"og:description\" content=\"Secci\u00f3n de Bornemann: S\u00c8RIE SLH-5G en Raimaber Fluid Tech [Industrial]. Contacte y le informamos.\" \/>\n<meta property=\"og:url\" content=\"https:\/\/www.raimaberfluidtech.com\/industrial\/ca\/bornemann-2\/serie-slh-5g\/\" \/>\n<meta property=\"og:site_name\" content=\"Raimaber Fluid Tech [Industrial]\" \/>\n<meta property=\"article:modified_time\" content=\"2025-04-15T08:37:42+00:00\" \/>\n<meta name=\"twitter:label1\" content=\"Temps estimat de lectura\" \/>\n\t<meta name=\"twitter:data1\" content=\"1 minut\" \/>\n<script type=\"application\/ld+json\" class=\"yoast-schema-graph\">{\"@context\":\"https:\/\/schema.org\",\"@graph\":[{\"@type\":\"WebPage\",\"@id\":\"https:\/\/www.raimaberfluidtech.com\/industrial\/ca\/bornemann-2\/serie-slh-5g\/\",\"url\":\"https:\/\/www.raimaberfluidtech.com\/industrial\/ca\/bornemann-2\/serie-slh-5g\/\",\"name\":\"Bornemann: S\u00c8RIE SLH-5G - Raimaber Fluid Tech [Industrial]\",\"isPartOf\":{\"@id\":\"https:\/\/www.raimaberfluidtech.com\/industrial\/ca\/#website\"},\"datePublished\":\"2023-01-12T16:23:46+00:00\",\"dateModified\":\"2025-04-15T08:37:42+00:00\",\"description\":\"Secci\u00f3n de Bornemann: S\u00c8RIE SLH-5G en Raimaber Fluid Tech [Industrial]. Contacte y le informamos.\",\"breadcrumb\":{\"@id\":\"https:\/\/www.raimaberfluidtech.com\/industrial\/ca\/bornemann-2\/serie-slh-5g\/#breadcrumb\"},\"inLanguage\":\"ca\",\"potentialAction\":[{\"@type\":\"ReadAction\",\"target\":[\"https:\/\/www.raimaberfluidtech.com\/industrial\/ca\/bornemann-2\/serie-slh-5g\/\"]}]},{\"@type\":\"BreadcrumbList\",\"@id\":\"https:\/\/www.raimaberfluidtech.com\/industrial\/ca\/bornemann-2\/serie-slh-5g\/#breadcrumb\",\"itemListElement\":[{\"@type\":\"ListItem\",\"position\":1,\"name\":\"Home\",\"item\":\"https:\/\/www.raimaberfluidtech.com\/industrial\/ca\/\"},{\"@type\":\"ListItem\",\"position\":2,\"name\":\"Bornemann\",\"item\":\"https:\/\/www.raimaberfluidtech.com\/industrial\/ca\/bornemann-2\/\"},{\"@type\":\"ListItem\",\"position\":3,\"name\":\"S\u00c8RIE SLH-5G\"}]},{\"@type\":\"WebSite\",\"@id\":\"https:\/\/www.raimaberfluidtech.com\/industrial\/ca\/#website\",\"url\":\"https:\/\/www.raimaberfluidtech.com\/industrial\/ca\/\",\"name\":\"Raimaber Fluid Tech [Industrial]\",\"description\":\"Bombas industriales\",\"publisher\":{\"@id\":\"https:\/\/www.raimaberfluidtech.com\/industrial\/ca\/#organization\"},\"potentialAction\":[{\"@type\":\"SearchAction\",\"target\":{\"@type\":\"EntryPoint\",\"urlTemplate\":\"https:\/\/www.raimaberfluidtech.com\/industrial\/ca\/?s={search_term_string}\"},\"query-input\":{\"@type\":\"PropertyValueSpecification\",\"valueRequired\":true,\"valueName\":\"search_term_string\"}}],\"inLanguage\":\"ca\"},{\"@type\":\"Organization\",\"@id\":\"https:\/\/www.raimaberfluidtech.com\/industrial\/ca\/#organization\",\"name\":\"Raimaber Fluid Tech [Industrial]\",\"url\":\"https:\/\/www.raimaberfluidtech.com\/industrial\/ca\/\",\"logo\":{\"@type\":\"ImageObject\",\"inLanguage\":\"ca\",\"@id\":\"https:\/\/www.raimaberfluidtech.com\/industrial\/ca\/#\/schema\/logo\/image\/\",\"url\":\"https:\/\/www.raimaberfluidtech.com\/industrial\/wp-content\/blogs.dir\/4\/files\/2012\/11\/raimaber.gif\",\"contentUrl\":\"https:\/\/www.raimaberfluidtech.com\/industrial\/wp-content\/blogs.dir\/4\/files\/2012\/11\/raimaber.gif\",\"width\":\"705\",\"height\":\"438\",\"caption\":\"Raimaber Fluid Tech [Industrial]\"},\"image\":{\"@id\":\"https:\/\/www.raimaberfluidtech.com\/industrial\/ca\/#\/schema\/logo\/image\/\"}}]}<\/script>\n<!-- \/ Yoast SEO plugin. -->","yoast_head_json":{"title":"Bornemann: S\u00c8RIE SLH-5G - Raimaber Fluid Tech [Industrial]","description":"Secci\u00f3n de Bornemann: S\u00c8RIE SLH-5G en Raimaber Fluid Tech [Industrial]. Contacte y le informamos.","robots":{"index":"index","follow":"follow","max-snippet":"max-snippet:-1","max-image-preview":"max-image-preview:large","max-video-preview":"max-video-preview:-1"},"canonical":"https:\/\/www.raimaberfluidtech.com\/industrial\/ca\/bornemann-2\/serie-slh-5g\/","og_locale":"ca_ES","og_type":"article","og_title":"Bornemann: S\u00c8RIE SLH-5G - Raimaber Fluid Tech [Industrial]","og_description":"Secci\u00f3n de Bornemann: S\u00c8RIE SLH-5G en Raimaber Fluid Tech [Industrial]. Contacte y le informamos.","og_url":"https:\/\/www.raimaberfluidtech.com\/industrial\/ca\/bornemann-2\/serie-slh-5g\/","og_site_name":"Raimaber Fluid Tech [Industrial]","article_modified_time":"2025-04-15T08:37:42+00:00","twitter_misc":{"Temps estimat de lectura":"1 minut"},"schema":{"@context":"https:\/\/schema.org","@graph":[{"@type":"WebPage","@id":"https:\/\/www.raimaberfluidtech.com\/industrial\/ca\/bornemann-2\/serie-slh-5g\/","url":"https:\/\/www.raimaberfluidtech.com\/industrial\/ca\/bornemann-2\/serie-slh-5g\/","name":"Bornemann: S\u00c8RIE SLH-5G - Raimaber Fluid Tech [Industrial]","isPartOf":{"@id":"https:\/\/www.raimaberfluidtech.com\/industrial\/ca\/#website"},"datePublished":"2023-01-12T16:23:46+00:00","dateModified":"2025-04-15T08:37:42+00:00","description":"Secci\u00f3n de Bornemann: S\u00c8RIE SLH-5G en Raimaber Fluid Tech [Industrial]. Contacte y le informamos.","breadcrumb":{"@id":"https:\/\/www.raimaberfluidtech.com\/industrial\/ca\/bornemann-2\/serie-slh-5g\/#breadcrumb"},"inLanguage":"ca","potentialAction":[{"@type":"ReadAction","target":["https:\/\/www.raimaberfluidtech.com\/industrial\/ca\/bornemann-2\/serie-slh-5g\/"]}]},{"@type":"BreadcrumbList","@id":"https:\/\/www.raimaberfluidtech.com\/industrial\/ca\/bornemann-2\/serie-slh-5g\/#breadcrumb","itemListElement":[{"@type":"ListItem","position":1,"name":"Home","item":"https:\/\/www.raimaberfluidtech.com\/industrial\/ca\/"},{"@type":"ListItem","position":2,"name":"Bornemann","item":"https:\/\/www.raimaberfluidtech.com\/industrial\/ca\/bornemann-2\/"},{"@type":"ListItem","position":3,"name":"S\u00c8RIE SLH-5G"}]},{"@type":"WebSite","@id":"https:\/\/www.raimaberfluidtech.com\/industrial\/ca\/#website","url":"https:\/\/www.raimaberfluidtech.com\/industrial\/ca\/","name":"Raimaber Fluid Tech [Industrial]","description":"Bombas industriales","publisher":{"@id":"https:\/\/www.raimaberfluidtech.com\/industrial\/ca\/#organization"},"potentialAction":[{"@type":"SearchAction","target":{"@type":"EntryPoint","urlTemplate":"https:\/\/www.raimaberfluidtech.com\/industrial\/ca\/?s={search_term_string}"},"query-input":{"@type":"PropertyValueSpecification","valueRequired":true,"valueName":"search_term_string"}}],"inLanguage":"ca"},{"@type":"Organization","@id":"https:\/\/www.raimaberfluidtech.com\/industrial\/ca\/#organization","name":"Raimaber Fluid Tech [Industrial]","url":"https:\/\/www.raimaberfluidtech.com\/industrial\/ca\/","logo":{"@type":"ImageObject","inLanguage":"ca","@id":"https:\/\/www.raimaberfluidtech.com\/industrial\/ca\/#\/schema\/logo\/image\/","url":"https:\/\/www.raimaberfluidtech.com\/industrial\/wp-content\/blogs.dir\/4\/files\/2012\/11\/raimaber.gif","contentUrl":"https:\/\/www.raimaberfluidtech.com\/industrial\/wp-content\/blogs.dir\/4\/files\/2012\/11\/raimaber.gif","width":"705","height":"438","caption":"Raimaber Fluid Tech [Industrial]"},"image":{"@id":"https:\/\/www.raimaberfluidtech.com\/industrial\/ca\/#\/schema\/logo\/image\/"}}]}},"_links":{"self":[{"href":"https:\/\/www.raimaberfluidtech.com\/industrial\/ca\/wp-json\/wp\/v2\/pages\/14583","targetHints":{"allow":["GET"]}}],"collection":[{"href":"https:\/\/www.raimaberfluidtech.com\/industrial\/ca\/wp-json\/wp\/v2\/pages"}],"about":[{"href":"https:\/\/www.raimaberfluidtech.com\/industrial\/ca\/wp-json\/wp\/v2\/types\/page"}],"author":[{"embeddable":true,"href":"https:\/\/www.raimaberfluidtech.com\/industrial\/ca\/wp-json\/wp\/v2\/users\/1"}],"replies":[{"embeddable":true,"href":"https:\/\/www.raimaberfluidtech.com\/industrial\/ca\/wp-json\/wp\/v2\/comments?post=14583"}],"version-history":[{"count":3,"href":"https:\/\/www.raimaberfluidtech.com\/industrial\/ca\/wp-json\/wp\/v2\/pages\/14583\/revisions"}],"predecessor-version":[{"id":17619,"href":"https:\/\/www.raimaberfluidtech.com\/industrial\/ca\/wp-json\/wp\/v2\/pages\/14583\/revisions\/17619"}],"up":[{"embeddable":true,"href":"https:\/\/www.raimaberfluidtech.com\/industrial\/ca\/wp-json\/wp\/v2\/pages\/14883"}],"wp:attachment":[{"href":"https:\/\/www.raimaberfluidtech.com\/industrial\/ca\/wp-json\/wp\/v2\/media?parent=14583"}],"curies":[{"name":"wp","href":"https:\/\/api.w.org\/{rel}","templated":true}]}}