{"id":14487,"date":"2012-11-20T14:39:54","date_gmt":"2012-11-20T14:39:54","guid":{"rendered":"https:\/\/www.raimaberfluidtech.com\/industrial\/serveis\/"},"modified":"2025-04-15T09:43:24","modified_gmt":"2025-04-15T09:43:24","slug":"serveis","status":"publish","type":"page","link":"https:\/\/www.raimaberfluidtech.com\/industrial\/ca\/serveis\/","title":{"rendered":"Serveis"},"content":{"rendered":"<div class=\"wpb-content-wrapper\"><p>[vc_row][vc_column width=&#8221;2\/3&#8243;][vc_column_text]A <strong><a href=\"https:\/\/www.raimaberfluidtech.com\/aguas\/\">Raimaber<\/a> Fluid Tech<\/strong> , experta distribu\u00efdora de bombes, sistemes agitaci\u00f3, barreja de pols en l\u00edquid i altres equips de processos industrials, disposem de serveis especialitzats en suports, reparacions, recanvis amb peces originals i possibilitat de prova amb l&#8217;equip definitiu amb garantia de funcionament.<br \/>\nPer a m\u00e9s informaci\u00f3 podeu utilitzar el <a title=\"Contacte Raimaber\" href=\"https:\/\/www.raimaberfluidtech.com\/industrial\/ca\/contactar\/\">formulari de contacte<\/a> .<\/p>\n<ul>\n<li>Cotitzacions dequips.<\/li>\n<li>Visites T\u00e8cnic &#8211; Comercial a les plantes.<\/li>\n<li>Presentacions de suport per a departament de manteniment.<\/li>\n<li>Peces de recanvi originals de les nostres representades.<\/li>\n<li>Reparacions.<\/li>\n<li>Equips de prova:\n<ul>\n<li>Bomba Revolution model R400CPP<\/li>\n<li>Bomba Revolution model R1300CPP<\/li>\n<li><a href=\"https:\/\/www.raimaberfluidtech.com\/industrial\/ca\/ytron-2\/\">Ytron<\/a> ZC1, Viscotron<\/li>\n<li>Ytron ZCT, taula<\/li>\n<li>Ytron Z, 1 o 2 o 3 etapes, model Z80 o Z130 o Z250<\/li>\n<li>Conticone ZP130<\/li>\n<li>Ytron i By-pass, diferents pot\u00e8ncies i llarg d&#8217;eix<\/li>\n<li>Ytron Z laboratori<\/li>\n<li>Bomba de buidatge de bidons, EF o PF<\/li>\n<li>bomba perist\u00e0ltica s\u00e8rie VPH i s\u00e8rie N.<\/li>\n<li>Bomba de membrana pneum\u00e0tica sanit\u00e0ria des de DN25 fins a DN50<\/li>\n<\/ul>\n<\/li>\n<\/ul>\n<p>[\/vc_column_text][\/vc_column][vc_column width=&#8221;1\/3&#8243;][vc_single_image image=&#8221;5637&#8243; img_size=&#8221;full&#8221;][\/vc_column][\/vc_row][vc_row][vc_column][vc_column_text]<\/p>\n<p>[\/vc_column_text][\/vc_column][\/vc_row]<\/p>\n<\/div>","protected":false},"excerpt":{"rendered":"<p>[vc_row][vc_column width=&#8221;2\/3&#8243;][vc_column_text]A Raimaber Fluid Tech , experta distribu\u00efdora de bombes, sistemes agitaci\u00f3, barreja de pols en l\u00edquid i altres equips de processos industrials, disposem de serveis especialitzats en suports, reparacions, recanvis amb peces originals i possibilitat de prova amb l&#8217;equip&#8230;<\/p>\n","protected":false},"author":1,"featured_media":17760,"parent":0,"menu_order":0,"comment_status":"closed","ping_status":"closed","template":"","meta":{"footnotes":""},"class_list":["post-14487","page","type-page","status-publish","has-post-thumbnail","hentry"],"yoast_head":"<!-- This site is optimized with the Yoast SEO plugin v24.3 - https:\/\/yoast.com\/wordpress\/plugins\/seo\/ -->\n<title>Raimaber, distribu\u00efdora de bombes i mescladores industrials<\/title>\n<meta name=\"description\" content=\"Informeu-vos de tots els serveis que oferim a Raimaber com a professionals distribu\u00efdors de bombes industrials i mescladores industrials. Us assessorarem!\" \/>\n<meta name=\"robots\" content=\"index, follow, max-snippet:-1, max-image-preview:large, max-video-preview:-1\" \/>\n<link rel=\"canonical\" href=\"https:\/\/www.raimaberfluidtech.com\/industrial\/ca\/serveis\/\" \/>\n<meta property=\"og:locale\" content=\"ca_ES\" \/>\n<meta property=\"og:type\" content=\"article\" \/>\n<meta property=\"og:title\" content=\"Raimaber, distribu\u00efdora de bombes i mescladores industrials\" \/>\n<meta property=\"og:description\" content=\"Informeu-vos de tots els serveis que oferim a Raimaber com a professionals distribu\u00efdors de bombes industrials i mescladores industrials. Us assessorarem!\" \/>\n<meta property=\"og:url\" content=\"https:\/\/www.raimaberfluidtech.com\/industrial\/ca\/serveis\/\" \/>\n<meta property=\"og:site_name\" content=\"Raimaber Fluid Tech [Industrial]\" \/>\n<meta property=\"article:modified_time\" content=\"2025-04-15T09:43:24+00:00\" \/>\n<meta property=\"og:image\" content=\"https:\/\/www.raimaberfluidtech.com\/industrial\/files\/2012\/11\/tecnico-bomba.gif\" \/>\n\t<meta property=\"og:image:width\" content=\"331\" \/>\n\t<meta property=\"og:image:height\" content=\"438\" \/>\n\t<meta property=\"og:image:type\" content=\"image\/gif\" \/>\n<meta name=\"twitter:label1\" content=\"Temps estimat de lectura\" \/>\n\t<meta name=\"twitter:data1\" content=\"1 minut\" \/>\n<script type=\"application\/ld+json\" class=\"yoast-schema-graph\">{\"@context\":\"https:\/\/schema.org\",\"@graph\":[{\"@type\":\"WebPage\",\"@id\":\"https:\/\/www.raimaberfluidtech.com\/industrial\/ca\/serveis\/\",\"url\":\"https:\/\/www.raimaberfluidtech.com\/industrial\/ca\/serveis\/\",\"name\":\"Raimaber, distribu\u00efdora de bombes i mescladores industrials\",\"isPartOf\":{\"@id\":\"https:\/\/www.raimaberfluidtech.com\/industrial\/ca\/#website\"},\"primaryImageOfPage\":{\"@id\":\"https:\/\/www.raimaberfluidtech.com\/industrial\/ca\/serveis\/#primaryimage\"},\"image\":{\"@id\":\"https:\/\/www.raimaberfluidtech.com\/industrial\/ca\/serveis\/#primaryimage\"},\"thumbnailUrl\":\"https:\/\/www.raimaberfluidtech.com\/industrial\/files\/2012\/11\/tecnico-bomba.gif\",\"datePublished\":\"2012-11-20T14:39:54+00:00\",\"dateModified\":\"2025-04-15T09:43:24+00:00\",\"description\":\"Informeu-vos de tots els serveis que oferim a Raimaber com a professionals distribu\u00efdors de bombes industrials i mescladores industrials. Us assessorarem!\",\"breadcrumb\":{\"@id\":\"https:\/\/www.raimaberfluidtech.com\/industrial\/ca\/serveis\/#breadcrumb\"},\"inLanguage\":\"ca\",\"potentialAction\":[{\"@type\":\"ReadAction\",\"target\":[\"https:\/\/www.raimaberfluidtech.com\/industrial\/ca\/serveis\/\"]}]},{\"@type\":\"ImageObject\",\"inLanguage\":\"ca\",\"@id\":\"https:\/\/www.raimaberfluidtech.com\/industrial\/ca\/serveis\/#primaryimage\",\"url\":\"https:\/\/www.raimaberfluidtech.com\/industrial\/files\/2012\/11\/tecnico-bomba.gif\",\"contentUrl\":\"https:\/\/www.raimaberfluidtech.com\/industrial\/files\/2012\/11\/tecnico-bomba.gif\",\"width\":\"331\",\"height\":\"438\"},{\"@type\":\"BreadcrumbList\",\"@id\":\"https:\/\/www.raimaberfluidtech.com\/industrial\/ca\/serveis\/#breadcrumb\",\"itemListElement\":[{\"@type\":\"ListItem\",\"position\":1,\"name\":\"Home\",\"item\":\"https:\/\/www.raimaberfluidtech.com\/industrial\/ca\/\"},{\"@type\":\"ListItem\",\"position\":2,\"name\":\"Serveis\"}]},{\"@type\":\"WebSite\",\"@id\":\"https:\/\/www.raimaberfluidtech.com\/industrial\/ca\/#website\",\"url\":\"https:\/\/www.raimaberfluidtech.com\/industrial\/ca\/\",\"name\":\"Raimaber Fluid Tech [Industrial]\",\"description\":\"Bombas industriales\",\"publisher\":{\"@id\":\"https:\/\/www.raimaberfluidtech.com\/industrial\/ca\/#organization\"},\"potentialAction\":[{\"@type\":\"SearchAction\",\"target\":{\"@type\":\"EntryPoint\",\"urlTemplate\":\"https:\/\/www.raimaberfluidtech.com\/industrial\/ca\/?s={search_term_string}\"},\"query-input\":{\"@type\":\"PropertyValueSpecification\",\"valueRequired\":true,\"valueName\":\"search_term_string\"}}],\"inLanguage\":\"ca\"},{\"@type\":\"Organization\",\"@id\":\"https:\/\/www.raimaberfluidtech.com\/industrial\/ca\/#organization\",\"name\":\"Raimaber Fluid Tech [Industrial]\",\"url\":\"https:\/\/www.raimaberfluidtech.com\/industrial\/ca\/\",\"logo\":{\"@type\":\"ImageObject\",\"inLanguage\":\"ca\",\"@id\":\"https:\/\/www.raimaberfluidtech.com\/industrial\/ca\/#\/schema\/logo\/image\/\",\"url\":\"https:\/\/www.raimaberfluidtech.com\/industrial\/wp-content\/blogs.dir\/4\/files\/2012\/11\/raimaber.gif\",\"contentUrl\":\"https:\/\/www.raimaberfluidtech.com\/industrial\/wp-content\/blogs.dir\/4\/files\/2012\/11\/raimaber.gif\",\"width\":\"705\",\"height\":\"438\",\"caption\":\"Raimaber Fluid Tech [Industrial]\"},\"image\":{\"@id\":\"https:\/\/www.raimaberfluidtech.com\/industrial\/ca\/#\/schema\/logo\/image\/\"}}]}<\/script>\n<!-- \/ Yoast SEO plugin. -->","yoast_head_json":{"title":"Raimaber, distribu\u00efdora de bombes i mescladores industrials","description":"Informeu-vos de tots els serveis que oferim a Raimaber com a professionals distribu\u00efdors de bombes industrials i mescladores industrials. Us assessorarem!","robots":{"index":"index","follow":"follow","max-snippet":"max-snippet:-1","max-image-preview":"max-image-preview:large","max-video-preview":"max-video-preview:-1"},"canonical":"https:\/\/www.raimaberfluidtech.com\/industrial\/ca\/serveis\/","og_locale":"ca_ES","og_type":"article","og_title":"Raimaber, distribu\u00efdora de bombes i mescladores industrials","og_description":"Informeu-vos de tots els serveis que oferim a Raimaber com a professionals distribu\u00efdors de bombes industrials i mescladores industrials. Us assessorarem!","og_url":"https:\/\/www.raimaberfluidtech.com\/industrial\/ca\/serveis\/","og_site_name":"Raimaber Fluid Tech [Industrial]","article_modified_time":"2025-04-15T09:43:24+00:00","og_image":[{"width":331,"height":438,"url":"https:\/\/www.raimaberfluidtech.com\/industrial\/files\/2012\/11\/tecnico-bomba.gif","type":"image\/gif"}],"twitter_misc":{"Temps estimat de lectura":"1 minut"},"schema":{"@context":"https:\/\/schema.org","@graph":[{"@type":"WebPage","@id":"https:\/\/www.raimaberfluidtech.com\/industrial\/ca\/serveis\/","url":"https:\/\/www.raimaberfluidtech.com\/industrial\/ca\/serveis\/","name":"Raimaber, distribu\u00efdora de bombes i mescladores industrials","isPartOf":{"@id":"https:\/\/www.raimaberfluidtech.com\/industrial\/ca\/#website"},"primaryImageOfPage":{"@id":"https:\/\/www.raimaberfluidtech.com\/industrial\/ca\/serveis\/#primaryimage"},"image":{"@id":"https:\/\/www.raimaberfluidtech.com\/industrial\/ca\/serveis\/#primaryimage"},"thumbnailUrl":"https:\/\/www.raimaberfluidtech.com\/industrial\/files\/2012\/11\/tecnico-bomba.gif","datePublished":"2012-11-20T14:39:54+00:00","dateModified":"2025-04-15T09:43:24+00:00","description":"Informeu-vos de tots els serveis que oferim a Raimaber com a professionals distribu\u00efdors de bombes industrials i mescladores industrials. Us assessorarem!","breadcrumb":{"@id":"https:\/\/www.raimaberfluidtech.com\/industrial\/ca\/serveis\/#breadcrumb"},"inLanguage":"ca","potentialAction":[{"@type":"ReadAction","target":["https:\/\/www.raimaberfluidtech.com\/industrial\/ca\/serveis\/"]}]},{"@type":"ImageObject","inLanguage":"ca","@id":"https:\/\/www.raimaberfluidtech.com\/industrial\/ca\/serveis\/#primaryimage","url":"https:\/\/www.raimaberfluidtech.com\/industrial\/files\/2012\/11\/tecnico-bomba.gif","contentUrl":"https:\/\/www.raimaberfluidtech.com\/industrial\/files\/2012\/11\/tecnico-bomba.gif","width":"331","height":"438"},{"@type":"BreadcrumbList","@id":"https:\/\/www.raimaberfluidtech.com\/industrial\/ca\/serveis\/#breadcrumb","itemListElement":[{"@type":"ListItem","position":1,"name":"Home","item":"https:\/\/www.raimaberfluidtech.com\/industrial\/ca\/"},{"@type":"ListItem","position":2,"name":"Serveis"}]},{"@type":"WebSite","@id":"https:\/\/www.raimaberfluidtech.com\/industrial\/ca\/#website","url":"https:\/\/www.raimaberfluidtech.com\/industrial\/ca\/","name":"Raimaber Fluid Tech [Industrial]","description":"Bombas industriales","publisher":{"@id":"https:\/\/www.raimaberfluidtech.com\/industrial\/ca\/#organization"},"potentialAction":[{"@type":"SearchAction","target":{"@type":"EntryPoint","urlTemplate":"https:\/\/www.raimaberfluidtech.com\/industrial\/ca\/?s={search_term_string}"},"query-input":{"@type":"PropertyValueSpecification","valueRequired":true,"valueName":"search_term_string"}}],"inLanguage":"ca"},{"@type":"Organization","@id":"https:\/\/www.raimaberfluidtech.com\/industrial\/ca\/#organization","name":"Raimaber Fluid Tech [Industrial]","url":"https:\/\/www.raimaberfluidtech.com\/industrial\/ca\/","logo":{"@type":"ImageObject","inLanguage":"ca","@id":"https:\/\/www.raimaberfluidtech.com\/industrial\/ca\/#\/schema\/logo\/image\/","url":"https:\/\/www.raimaberfluidtech.com\/industrial\/wp-content\/blogs.dir\/4\/files\/2012\/11\/raimaber.gif","contentUrl":"https:\/\/www.raimaberfluidtech.com\/industrial\/wp-content\/blogs.dir\/4\/files\/2012\/11\/raimaber.gif","width":"705","height":"438","caption":"Raimaber Fluid Tech [Industrial]"},"image":{"@id":"https:\/\/www.raimaberfluidtech.com\/industrial\/ca\/#\/schema\/logo\/image\/"}}]}},"_links":{"self":[{"href":"https:\/\/www.raimaberfluidtech.com\/industrial\/ca\/wp-json\/wp\/v2\/pages\/14487","targetHints":{"allow":["GET"]}}],"collection":[{"href":"https:\/\/www.raimaberfluidtech.com\/industrial\/ca\/wp-json\/wp\/v2\/pages"}],"about":[{"href":"https:\/\/www.raimaberfluidtech.com\/industrial\/ca\/wp-json\/wp\/v2\/types\/page"}],"author":[{"embeddable":true,"href":"https:\/\/www.raimaberfluidtech.com\/industrial\/ca\/wp-json\/wp\/v2\/users\/1"}],"replies":[{"embeddable":true,"href":"https:\/\/www.raimaberfluidtech.com\/industrial\/ca\/wp-json\/wp\/v2\/comments?post=14487"}],"version-history":[{"count":5,"href":"https:\/\/www.raimaberfluidtech.com\/industrial\/ca\/wp-json\/wp\/v2\/pages\/14487\/revisions"}],"predecessor-version":[{"id":17763,"href":"https:\/\/www.raimaberfluidtech.com\/industrial\/ca\/wp-json\/wp\/v2\/pages\/14487\/revisions\/17763"}],"wp:featuredmedia":[{"embeddable":true,"href":"https:\/\/www.raimaberfluidtech.com\/industrial\/ca\/wp-json\/wp\/v2\/media\/17760"}],"wp:attachment":[{"href":"https:\/\/www.raimaberfluidtech.com\/industrial\/ca\/wp-json\/wp\/v2\/media?parent=14487"}],"curies":[{"name":"wp","href":"https:\/\/api.w.org\/{rel}","templated":true}]}}