{"id":14458,"date":"2012-11-21T15:54:30","date_gmt":"2012-11-21T15:54:30","guid":{"rendered":"https:\/\/www.raimaberfluidtech.com\/industrial\/fitxers-descarregables\/"},"modified":"2025-04-15T10:07:11","modified_gmt":"2025-04-15T10:07:11","slug":"fitxers-descarregables","status":"publish","type":"page","link":"https:\/\/www.raimaberfluidtech.com\/industrial\/ca\/fitxers-descarregables\/","title":{"rendered":"Fitxers descarregables"},"content":{"rendered":"<p>Descarrega en aquesta secci\u00f3 de <a title=\"Raimaber\" href=\"https:\/\/www.raimaberfluidtech.com\/industrial\/\" target=\"_blank\" rel=\"noopener noreferrer\">Raimaber<\/a> els <strong>cat\u00e0legs i corbes<\/strong> de bombes industrials, mescladores industrials i altres equips de proc\u00e9s d&#8217;alta fiabilitat de diverses marques que distribu\u00efm:<\/p>\n<ul>\n<li><a title=\"Cat\u00e0legs Vaughan\" href=\"https:\/\/www.raimaberfluidtech.com\/industrial\/catalogos-distribucion-bombas-industriales\/bombas-industriales-vaughan\" target=\"_blank\" rel=\"noopener noreferrer\">Vaughan<\/a><\/li>\n<li><span style=\"line-height: 1.5;\"><a href=\"https:\/\/www.raimaberfluidtech.com\/industrial\/viking-hygienic\">Viking Hygienic<\/a><\/span><\/li>\n<li><a title=\"Cat\u00e0legs de Sawa\" href=\"https:\/\/www.raimaberfluidtech.com\/industrial\/catalogos-distribucion-bombas-industriales\/sawa-2\" target=\"_blank\" rel=\"noopener noreferrer\">Sawa<\/a><\/li>\n<li><a title=\"Cat\u00e0legs Terlet\" href=\"https:\/\/www.raimaberfluidtech.com\/industrial\/catalogos-distribucion-bombas-industriales\/terlet\" target=\"_blank\" rel=\"noopener noreferrer\">Terlet<\/a><\/li>\n<li><a title=\"Cat\u00e0legs de FTI- Finish Thompson Inc\" href=\"https:\/\/www.raimaberfluidtech.com\/industrial\/catalogos-distribucion-bombas-industriales\/fti-finish-thompson-inc-bombas-industriales-espana\" target=\"_blank\" rel=\"noopener noreferrer\">FTI &#8211; Finish Thompson<\/a><\/li>\n<li><a title=\"Cat\u00e0legs de Ytron\" href=\"https:\/\/www.raimaberfluidtech.com\/industrial\/catalogos-distribucion-bombas-industriales\/distribuidores-ytron\" target=\"_blank\" rel=\"noopener noreferrer\">Ytron<\/a><\/li>\n<li><a href=\"https:\/\/www.raimaberfluidtech.com\/industrial\/catalogos-distribucion-bombas-industriales\/valisi\/\">Valasi<\/a><\/li>\n<li><a title=\"Cat\u00e0legs de BBA\" href=\"https:\/\/www.raimaberfluidtech.com\/industrial\/catalogos-distribucion-bombas-industriales\/bombas-bba\" target=\"_blank\" rel=\"noopener noreferrer\">BBA<\/a><\/li>\n<\/ul>\n","protected":false},"excerpt":{"rendered":"<p>Descarrega en aquesta secci\u00f3 de Raimaber els cat\u00e0legs i corbes de bombes industrials, mescladores industrials i altres equips de proc\u00e9s d&#8217;alta fiabilitat de diverses marques que distribu\u00efm: Vaughan Viking Hygienic Sawa Terlet FTI &#8211; Finish Thompson Ytron Valasi BBA<\/p>\n","protected":false},"author":1,"featured_media":0,"parent":0,"menu_order":3,"comment_status":"closed","ping_status":"closed","template":"","meta":{"footnotes":""},"class_list":["post-14458","page","type-page","status-publish","hentry"],"yoast_head":"<!-- This site is optimized with the Yoast SEO plugin v24.3 - https:\/\/yoast.com\/wordpress\/plugins\/seo\/ -->\n<title>Cat\u00e0legs - Distribuci\u00f3 Bombes Industrials - Raimaber<\/title>\n<meta name=\"description\" content=\"Descarregar-te tota la informaci\u00f3 de les nostres bombes industrials d&#039;alta qualitat. A Raimaber som especialistes en distribuci\u00f3 bombes industrials.\" \/>\n<meta name=\"robots\" content=\"index, follow, max-snippet:-1, max-image-preview:large, max-video-preview:-1\" \/>\n<link rel=\"canonical\" href=\"https:\/\/www.raimaberfluidtech.com\/industrial\/ca\/fitxers-descarregables\/\" \/>\n<meta property=\"og:locale\" content=\"ca_ES\" \/>\n<meta property=\"og:type\" content=\"article\" \/>\n<meta property=\"og:title\" content=\"Cat\u00e0legs - Distribuci\u00f3 Bombes Industrials - Raimaber\" \/>\n<meta property=\"og:description\" content=\"Descarregar-te tota la informaci\u00f3 de les nostres bombes industrials d&#039;alta qualitat. A Raimaber som especialistes en distribuci\u00f3 bombes industrials.\" \/>\n<meta property=\"og:url\" content=\"https:\/\/www.raimaberfluidtech.com\/industrial\/ca\/fitxers-descarregables\/\" \/>\n<meta property=\"og:site_name\" content=\"Raimaber Fluid Tech [Industrial]\" \/>\n<meta property=\"article:modified_time\" content=\"2025-04-15T10:07:11+00:00\" \/>\n<meta name=\"twitter:label1\" content=\"Temps estimat de lectura\" \/>\n\t<meta name=\"twitter:data1\" content=\"1 minut\" \/>\n<script type=\"application\/ld+json\" class=\"yoast-schema-graph\">{\"@context\":\"https:\/\/schema.org\",\"@graph\":[{\"@type\":\"WebPage\",\"@id\":\"https:\/\/www.raimaberfluidtech.com\/industrial\/ca\/fitxers-descarregables\/\",\"url\":\"https:\/\/www.raimaberfluidtech.com\/industrial\/ca\/fitxers-descarregables\/\",\"name\":\"Cat\u00e0legs - Distribuci\u00f3 Bombes Industrials - Raimaber\",\"isPartOf\":{\"@id\":\"https:\/\/www.raimaberfluidtech.com\/industrial\/ca\/#website\"},\"datePublished\":\"2012-11-21T15:54:30+00:00\",\"dateModified\":\"2025-04-15T10:07:11+00:00\",\"description\":\"Descarregar-te tota la informaci\u00f3 de les nostres bombes industrials d'alta qualitat. A Raimaber som especialistes en distribuci\u00f3 bombes industrials.\",\"breadcrumb\":{\"@id\":\"https:\/\/www.raimaberfluidtech.com\/industrial\/ca\/fitxers-descarregables\/#breadcrumb\"},\"inLanguage\":\"ca\",\"potentialAction\":[{\"@type\":\"ReadAction\",\"target\":[\"https:\/\/www.raimaberfluidtech.com\/industrial\/ca\/fitxers-descarregables\/\"]}]},{\"@type\":\"BreadcrumbList\",\"@id\":\"https:\/\/www.raimaberfluidtech.com\/industrial\/ca\/fitxers-descarregables\/#breadcrumb\",\"itemListElement\":[{\"@type\":\"ListItem\",\"position\":1,\"name\":\"Home\",\"item\":\"https:\/\/www.raimaberfluidtech.com\/industrial\/ca\/\"},{\"@type\":\"ListItem\",\"position\":2,\"name\":\"Fitxers descarregables\"}]},{\"@type\":\"WebSite\",\"@id\":\"https:\/\/www.raimaberfluidtech.com\/industrial\/ca\/#website\",\"url\":\"https:\/\/www.raimaberfluidtech.com\/industrial\/ca\/\",\"name\":\"Raimaber Fluid Tech [Industrial]\",\"description\":\"Bombas industriales\",\"publisher\":{\"@id\":\"https:\/\/www.raimaberfluidtech.com\/industrial\/ca\/#organization\"},\"potentialAction\":[{\"@type\":\"SearchAction\",\"target\":{\"@type\":\"EntryPoint\",\"urlTemplate\":\"https:\/\/www.raimaberfluidtech.com\/industrial\/ca\/?s={search_term_string}\"},\"query-input\":{\"@type\":\"PropertyValueSpecification\",\"valueRequired\":true,\"valueName\":\"search_term_string\"}}],\"inLanguage\":\"ca\"},{\"@type\":\"Organization\",\"@id\":\"https:\/\/www.raimaberfluidtech.com\/industrial\/ca\/#organization\",\"name\":\"Raimaber Fluid Tech [Industrial]\",\"url\":\"https:\/\/www.raimaberfluidtech.com\/industrial\/ca\/\",\"logo\":{\"@type\":\"ImageObject\",\"inLanguage\":\"ca\",\"@id\":\"https:\/\/www.raimaberfluidtech.com\/industrial\/ca\/#\/schema\/logo\/image\/\",\"url\":\"https:\/\/www.raimaberfluidtech.com\/industrial\/wp-content\/blogs.dir\/4\/files\/2012\/11\/raimaber.gif\",\"contentUrl\":\"https:\/\/www.raimaberfluidtech.com\/industrial\/wp-content\/blogs.dir\/4\/files\/2012\/11\/raimaber.gif\",\"width\":\"705\",\"height\":\"438\",\"caption\":\"Raimaber Fluid Tech [Industrial]\"},\"image\":{\"@id\":\"https:\/\/www.raimaberfluidtech.com\/industrial\/ca\/#\/schema\/logo\/image\/\"}}]}<\/script>\n<!-- \/ Yoast SEO plugin. -->","yoast_head_json":{"title":"Cat\u00e0legs - Distribuci\u00f3 Bombes Industrials - Raimaber","description":"Descarregar-te tota la informaci\u00f3 de les nostres bombes industrials d'alta qualitat. A Raimaber som especialistes en distribuci\u00f3 bombes industrials.","robots":{"index":"index","follow":"follow","max-snippet":"max-snippet:-1","max-image-preview":"max-image-preview:large","max-video-preview":"max-video-preview:-1"},"canonical":"https:\/\/www.raimaberfluidtech.com\/industrial\/ca\/fitxers-descarregables\/","og_locale":"ca_ES","og_type":"article","og_title":"Cat\u00e0legs - Distribuci\u00f3 Bombes Industrials - Raimaber","og_description":"Descarregar-te tota la informaci\u00f3 de les nostres bombes industrials d'alta qualitat. A Raimaber som especialistes en distribuci\u00f3 bombes industrials.","og_url":"https:\/\/www.raimaberfluidtech.com\/industrial\/ca\/fitxers-descarregables\/","og_site_name":"Raimaber Fluid Tech [Industrial]","article_modified_time":"2025-04-15T10:07:11+00:00","twitter_misc":{"Temps estimat de lectura":"1 minut"},"schema":{"@context":"https:\/\/schema.org","@graph":[{"@type":"WebPage","@id":"https:\/\/www.raimaberfluidtech.com\/industrial\/ca\/fitxers-descarregables\/","url":"https:\/\/www.raimaberfluidtech.com\/industrial\/ca\/fitxers-descarregables\/","name":"Cat\u00e0legs - Distribuci\u00f3 Bombes Industrials - Raimaber","isPartOf":{"@id":"https:\/\/www.raimaberfluidtech.com\/industrial\/ca\/#website"},"datePublished":"2012-11-21T15:54:30+00:00","dateModified":"2025-04-15T10:07:11+00:00","description":"Descarregar-te tota la informaci\u00f3 de les nostres bombes industrials d'alta qualitat. A Raimaber som especialistes en distribuci\u00f3 bombes industrials.","breadcrumb":{"@id":"https:\/\/www.raimaberfluidtech.com\/industrial\/ca\/fitxers-descarregables\/#breadcrumb"},"inLanguage":"ca","potentialAction":[{"@type":"ReadAction","target":["https:\/\/www.raimaberfluidtech.com\/industrial\/ca\/fitxers-descarregables\/"]}]},{"@type":"BreadcrumbList","@id":"https:\/\/www.raimaberfluidtech.com\/industrial\/ca\/fitxers-descarregables\/#breadcrumb","itemListElement":[{"@type":"ListItem","position":1,"name":"Home","item":"https:\/\/www.raimaberfluidtech.com\/industrial\/ca\/"},{"@type":"ListItem","position":2,"name":"Fitxers descarregables"}]},{"@type":"WebSite","@id":"https:\/\/www.raimaberfluidtech.com\/industrial\/ca\/#website","url":"https:\/\/www.raimaberfluidtech.com\/industrial\/ca\/","name":"Raimaber Fluid Tech [Industrial]","description":"Bombas industriales","publisher":{"@id":"https:\/\/www.raimaberfluidtech.com\/industrial\/ca\/#organization"},"potentialAction":[{"@type":"SearchAction","target":{"@type":"EntryPoint","urlTemplate":"https:\/\/www.raimaberfluidtech.com\/industrial\/ca\/?s={search_term_string}"},"query-input":{"@type":"PropertyValueSpecification","valueRequired":true,"valueName":"search_term_string"}}],"inLanguage":"ca"},{"@type":"Organization","@id":"https:\/\/www.raimaberfluidtech.com\/industrial\/ca\/#organization","name":"Raimaber Fluid Tech [Industrial]","url":"https:\/\/www.raimaberfluidtech.com\/industrial\/ca\/","logo":{"@type":"ImageObject","inLanguage":"ca","@id":"https:\/\/www.raimaberfluidtech.com\/industrial\/ca\/#\/schema\/logo\/image\/","url":"https:\/\/www.raimaberfluidtech.com\/industrial\/wp-content\/blogs.dir\/4\/files\/2012\/11\/raimaber.gif","contentUrl":"https:\/\/www.raimaberfluidtech.com\/industrial\/wp-content\/blogs.dir\/4\/files\/2012\/11\/raimaber.gif","width":"705","height":"438","caption":"Raimaber Fluid Tech [Industrial]"},"image":{"@id":"https:\/\/www.raimaberfluidtech.com\/industrial\/ca\/#\/schema\/logo\/image\/"}}]}},"_links":{"self":[{"href":"https:\/\/www.raimaberfluidtech.com\/industrial\/ca\/wp-json\/wp\/v2\/pages\/14458","targetHints":{"allow":["GET"]}}],"collection":[{"href":"https:\/\/www.raimaberfluidtech.com\/industrial\/ca\/wp-json\/wp\/v2\/pages"}],"about":[{"href":"https:\/\/www.raimaberfluidtech.com\/industrial\/ca\/wp-json\/wp\/v2\/types\/page"}],"author":[{"embeddable":true,"href":"https:\/\/www.raimaberfluidtech.com\/industrial\/ca\/wp-json\/wp\/v2\/users\/1"}],"replies":[{"embeddable":true,"href":"https:\/\/www.raimaberfluidtech.com\/industrial\/ca\/wp-json\/wp\/v2\/comments?post=14458"}],"version-history":[{"count":1,"href":"https:\/\/www.raimaberfluidtech.com\/industrial\/ca\/wp-json\/wp\/v2\/pages\/14458\/revisions"}],"predecessor-version":[{"id":17986,"href":"https:\/\/www.raimaberfluidtech.com\/industrial\/ca\/wp-json\/wp\/v2\/pages\/14458\/revisions\/17986"}],"wp:attachment":[{"href":"https:\/\/www.raimaberfluidtech.com\/industrial\/ca\/wp-json\/wp\/v2\/media?parent=14458"}],"curies":[{"name":"wp","href":"https:\/\/api.w.org\/{rel}","templated":true}]}}