{"id":14435,"date":"2012-11-23T12:22:31","date_gmt":"2012-11-23T12:22:31","guid":{"rendered":"https:\/\/www.raimaberfluidtech.com\/industrial\/bombes-lobulars-classic\/"},"modified":"2025-04-15T09:53:41","modified_gmt":"2025-04-15T09:53:41","slug":"bombes-lobulars-classic","status":"publish","type":"page","link":"https:\/\/www.raimaberfluidtech.com\/industrial\/ca\/viking-hygienic\/bombes-lobulars-classic\/","title":{"rendered":"Bombes lobulars Classic +"},"content":{"rendered":"<div class=\"wpb-content-wrapper\"><p>[vc_row][vc_column width=&#8221;1\/2&#8243;][vc_media_grid element_width=&#8221;6&#8243; gap=&#8221;4&#8243; grid_id=&#8221;vc_gid:1689604340006-b18cc4aa-1065-5&#8243; include=&#8221;4861,4862,4863,4864,4865,4866,4867,4868&#8243;][\/vc_column][vc_column width=&#8221;1\/2&#8243;][vc_custom_heading text=&#8221;Bombes lobulars Classic +&#8221; font_container=&#8221;tag:h2|font_size:18px|text_align:left|color:%23000000&#8243; use_theme_fonts=&#8221;yes&#8221;][vc_column_text]<\/p>\n<div class=\"in-content col-1\">\n<p style=\"text-align: justify;\">Les <strong>bombes Classic+<\/strong> de <span style=\"line-height: 1.5;\"><a href=\"https:\/\/www.raimaberfluidtech.com\/industrial\/viking-hygienic\">Viking Hygienic<\/a><\/span> s\u00f3n bombes sanit\u00e0ries de tipus lobular.<\/p>\n<p style=\"text-align: justify;\">Les principals caracter\u00edstiques:<\/p>\n<ul>\n<li style=\"text-align: justify;\">El tancament va muntat a la part del darrere del cos de bombament.<\/li>\n<li style=\"text-align: justify;\">Les superf\u00edcies del tancament poden ser tant a Grafito, Carbur de Silici, Cer\u00e0mica o Carbur de Tugst\u00e8.<\/li>\n<li style=\"text-align: justify;\">Possibilitat de muntar tancament mec\u00e0nic senzilla, tancament mec\u00e0nic doble o tancament per junta t\u00f2rica.<\/li>\n<li style=\"text-align: justify;\">Ideal per al bombament de productes sense s\u00f2lids per\u00f2 delicats o sensibles a la cisalla.<\/li>\n<li style=\"text-align: justify;\">Pressions de fins a 12 bars en alguns models.<\/li>\n<li style=\"text-align: justify;\">Alternativament, tamb\u00e9 es pot muntar la bomba amb tapa de calefacci\u00f3 i\/o cos calefactat.<\/li>\n<li style=\"text-align: justify;\">Disseny exclusiu amb 4 posicions de muntatge.<\/li>\n<li style=\"text-align: justify;\">Temperatures de fins a 150 \u00baC. Per a temperatures m\u00e9s altes, cal demanar a f\u00e0brica la recomanaci\u00f3 o l&#8217;autoritzaci\u00f3.<\/li>\n<li style=\"text-align: justify;\">Certificat ATEX, 3A, FDA.<\/li>\n<li style=\"text-align: justify;\">Poliment interior 0,8 micres.<\/li>\n<li style=\"text-align: justify;\">Fins a 205 m3\/h.<\/li>\n<li style=\"text-align: justify;\">Fins a 12 bars.<\/li>\n<\/ul>\n<\/div>\n<p>[\/vc_column_text][vc_empty_space][vc_btn title=&#8221;SOL\u00b7LICITUD D&#8217;INFORMACI\u00d3 T\u00c8CNICA&#8221; link=&#8221;url:https%3A%2F%2Fwww.raimaberfluidtech.com%2Findustrial%2Fsolicitud-informacion-tecnica%2F|title:Sol%C2%B7licitud%20informaci%C3%B3%20t%C3%A8cnica|&#8221;][\/vc_column][\/vc_row]<\/p>\n<\/div>","protected":false},"excerpt":{"rendered":"<p>[vc_row][vc_column width=&#8221;1\/2&#8243;][vc_media_grid element_width=&#8221;6&#8243; gap=&#8221;4&#8243; grid_id=&#8221;vc_gid:1689604340006-b18cc4aa-1065-5&#8243; include=&#8221;4861,4862,4863,4864,4865,4866,4867,4868&#8243;][\/vc_column][vc_column width=&#8221;1\/2&#8243;][vc_custom_heading text=&#8221;Bombes lobulars Classic +&#8221; font_container=&#8221;tag:h2|font_size:18px|text_align:left|color:%23000000&#8243; use_theme_fonts=&#8221;yes&#8221;][vc_column_text] Les bombes Classic+ de Viking Hygienic s\u00f3n bombes sanit\u00e0ries de tipus lobular. Les principals caracter\u00edstiques: El tancament va muntat a la part del darrere del cos de&#8230;<\/p>\n","protected":false},"author":1,"featured_media":0,"parent":14453,"menu_order":3,"comment_status":"closed","ping_status":"closed","template":"page-sidebar.php","meta":{"footnotes":""},"class_list":["post-14435","page","type-page","status-publish","hentry"],"yoast_head":"<!-- This site is optimized with the Yoast SEO plugin v24.3 - https:\/\/yoast.com\/wordpress\/plugins\/seo\/ -->\n<title>Distribu\u00efdor Bombes lobulars Classic + - Raimaber<\/title>\n<meta name=\"description\" content=\"Consulta les caracter\u00edstiques de les bombes lobulars classic+. S\u00f3n bombes sanit\u00e0ries de tipus lobular distribu\u00efdes per Raimaber, experts al sector.\" \/>\n<meta name=\"robots\" content=\"index, follow, max-snippet:-1, max-image-preview:large, max-video-preview:-1\" \/>\n<link rel=\"canonical\" href=\"https:\/\/www.raimaberfluidtech.com\/industrial\/ca\/viking-hygienic\/bombes-lobulars-classic\/\" \/>\n<meta property=\"og:locale\" content=\"ca_ES\" \/>\n<meta property=\"og:type\" content=\"article\" \/>\n<meta property=\"og:title\" content=\"Distribu\u00efdor Bombes lobulars Classic + - Raimaber\" \/>\n<meta property=\"og:description\" content=\"Consulta les caracter\u00edstiques de les bombes lobulars classic+. S\u00f3n bombes sanit\u00e0ries de tipus lobular distribu\u00efdes per Raimaber, experts al sector.\" \/>\n<meta property=\"og:url\" content=\"https:\/\/www.raimaberfluidtech.com\/industrial\/ca\/viking-hygienic\/bombes-lobulars-classic\/\" \/>\n<meta property=\"og:site_name\" content=\"Raimaber Fluid Tech [Industrial]\" \/>\n<meta property=\"article:modified_time\" content=\"2025-04-15T09:53:41+00:00\" \/>\n<meta name=\"twitter:label1\" content=\"Temps estimat de lectura\" \/>\n\t<meta name=\"twitter:data1\" content=\"1 minut\" \/>\n<script type=\"application\/ld+json\" class=\"yoast-schema-graph\">{\"@context\":\"https:\/\/schema.org\",\"@graph\":[{\"@type\":\"WebPage\",\"@id\":\"https:\/\/www.raimaberfluidtech.com\/industrial\/ca\/viking-hygienic\/bombes-lobulars-classic\/\",\"url\":\"https:\/\/www.raimaberfluidtech.com\/industrial\/ca\/viking-hygienic\/bombes-lobulars-classic\/\",\"name\":\"Distribu\u00efdor Bombes lobulars Classic + - Raimaber\",\"isPartOf\":{\"@id\":\"https:\/\/www.raimaberfluidtech.com\/industrial\/ca\/#website\"},\"datePublished\":\"2012-11-23T12:22:31+00:00\",\"dateModified\":\"2025-04-15T09:53:41+00:00\",\"description\":\"Consulta les caracter\u00edstiques de les bombes lobulars classic+. S\u00f3n bombes sanit\u00e0ries de tipus lobular distribu\u00efdes per Raimaber, experts al sector.\",\"breadcrumb\":{\"@id\":\"https:\/\/www.raimaberfluidtech.com\/industrial\/ca\/viking-hygienic\/bombes-lobulars-classic\/#breadcrumb\"},\"inLanguage\":\"ca\",\"potentialAction\":[{\"@type\":\"ReadAction\",\"target\":[\"https:\/\/www.raimaberfluidtech.com\/industrial\/ca\/viking-hygienic\/bombes-lobulars-classic\/\"]}]},{\"@type\":\"BreadcrumbList\",\"@id\":\"https:\/\/www.raimaberfluidtech.com\/industrial\/ca\/viking-hygienic\/bombes-lobulars-classic\/#breadcrumb\",\"itemListElement\":[{\"@type\":\"ListItem\",\"position\":1,\"name\":\"Home\",\"item\":\"https:\/\/www.raimaberfluidtech.com\/industrial\/ca\/\"},{\"@type\":\"ListItem\",\"position\":2,\"name\":\"Viking Hygienic\",\"item\":\"https:\/\/www.raimaberfluidtech.com\/industrial\/ca\/viking-hygienic\/\"},{\"@type\":\"ListItem\",\"position\":3,\"name\":\"Bombes lobulars Classic +\"}]},{\"@type\":\"WebSite\",\"@id\":\"https:\/\/www.raimaberfluidtech.com\/industrial\/ca\/#website\",\"url\":\"https:\/\/www.raimaberfluidtech.com\/industrial\/ca\/\",\"name\":\"Raimaber Fluid Tech [Industrial]\",\"description\":\"Bombas industriales\",\"publisher\":{\"@id\":\"https:\/\/www.raimaberfluidtech.com\/industrial\/ca\/#organization\"},\"potentialAction\":[{\"@type\":\"SearchAction\",\"target\":{\"@type\":\"EntryPoint\",\"urlTemplate\":\"https:\/\/www.raimaberfluidtech.com\/industrial\/ca\/?s={search_term_string}\"},\"query-input\":{\"@type\":\"PropertyValueSpecification\",\"valueRequired\":true,\"valueName\":\"search_term_string\"}}],\"inLanguage\":\"ca\"},{\"@type\":\"Organization\",\"@id\":\"https:\/\/www.raimaberfluidtech.com\/industrial\/ca\/#organization\",\"name\":\"Raimaber Fluid Tech [Industrial]\",\"url\":\"https:\/\/www.raimaberfluidtech.com\/industrial\/ca\/\",\"logo\":{\"@type\":\"ImageObject\",\"inLanguage\":\"ca\",\"@id\":\"https:\/\/www.raimaberfluidtech.com\/industrial\/ca\/#\/schema\/logo\/image\/\",\"url\":\"https:\/\/www.raimaberfluidtech.com\/industrial\/wp-content\/blogs.dir\/4\/files\/2012\/11\/raimaber.gif\",\"contentUrl\":\"https:\/\/www.raimaberfluidtech.com\/industrial\/wp-content\/blogs.dir\/4\/files\/2012\/11\/raimaber.gif\",\"width\":\"705\",\"height\":\"438\",\"caption\":\"Raimaber Fluid Tech [Industrial]\"},\"image\":{\"@id\":\"https:\/\/www.raimaberfluidtech.com\/industrial\/ca\/#\/schema\/logo\/image\/\"}}]}<\/script>\n<!-- \/ Yoast SEO plugin. -->","yoast_head_json":{"title":"Distribu\u00efdor Bombes lobulars Classic + - Raimaber","description":"Consulta les caracter\u00edstiques de les bombes lobulars classic+. S\u00f3n bombes sanit\u00e0ries de tipus lobular distribu\u00efdes per Raimaber, experts al sector.","robots":{"index":"index","follow":"follow","max-snippet":"max-snippet:-1","max-image-preview":"max-image-preview:large","max-video-preview":"max-video-preview:-1"},"canonical":"https:\/\/www.raimaberfluidtech.com\/industrial\/ca\/viking-hygienic\/bombes-lobulars-classic\/","og_locale":"ca_ES","og_type":"article","og_title":"Distribu\u00efdor Bombes lobulars Classic + - Raimaber","og_description":"Consulta les caracter\u00edstiques de les bombes lobulars classic+. S\u00f3n bombes sanit\u00e0ries de tipus lobular distribu\u00efdes per Raimaber, experts al sector.","og_url":"https:\/\/www.raimaberfluidtech.com\/industrial\/ca\/viking-hygienic\/bombes-lobulars-classic\/","og_site_name":"Raimaber Fluid Tech [Industrial]","article_modified_time":"2025-04-15T09:53:41+00:00","twitter_misc":{"Temps estimat de lectura":"1 minut"},"schema":{"@context":"https:\/\/schema.org","@graph":[{"@type":"WebPage","@id":"https:\/\/www.raimaberfluidtech.com\/industrial\/ca\/viking-hygienic\/bombes-lobulars-classic\/","url":"https:\/\/www.raimaberfluidtech.com\/industrial\/ca\/viking-hygienic\/bombes-lobulars-classic\/","name":"Distribu\u00efdor Bombes lobulars Classic + - Raimaber","isPartOf":{"@id":"https:\/\/www.raimaberfluidtech.com\/industrial\/ca\/#website"},"datePublished":"2012-11-23T12:22:31+00:00","dateModified":"2025-04-15T09:53:41+00:00","description":"Consulta les caracter\u00edstiques de les bombes lobulars classic+. S\u00f3n bombes sanit\u00e0ries de tipus lobular distribu\u00efdes per Raimaber, experts al sector.","breadcrumb":{"@id":"https:\/\/www.raimaberfluidtech.com\/industrial\/ca\/viking-hygienic\/bombes-lobulars-classic\/#breadcrumb"},"inLanguage":"ca","potentialAction":[{"@type":"ReadAction","target":["https:\/\/www.raimaberfluidtech.com\/industrial\/ca\/viking-hygienic\/bombes-lobulars-classic\/"]}]},{"@type":"BreadcrumbList","@id":"https:\/\/www.raimaberfluidtech.com\/industrial\/ca\/viking-hygienic\/bombes-lobulars-classic\/#breadcrumb","itemListElement":[{"@type":"ListItem","position":1,"name":"Home","item":"https:\/\/www.raimaberfluidtech.com\/industrial\/ca\/"},{"@type":"ListItem","position":2,"name":"Viking Hygienic","item":"https:\/\/www.raimaberfluidtech.com\/industrial\/ca\/viking-hygienic\/"},{"@type":"ListItem","position":3,"name":"Bombes lobulars Classic +"}]},{"@type":"WebSite","@id":"https:\/\/www.raimaberfluidtech.com\/industrial\/ca\/#website","url":"https:\/\/www.raimaberfluidtech.com\/industrial\/ca\/","name":"Raimaber Fluid Tech [Industrial]","description":"Bombas industriales","publisher":{"@id":"https:\/\/www.raimaberfluidtech.com\/industrial\/ca\/#organization"},"potentialAction":[{"@type":"SearchAction","target":{"@type":"EntryPoint","urlTemplate":"https:\/\/www.raimaberfluidtech.com\/industrial\/ca\/?s={search_term_string}"},"query-input":{"@type":"PropertyValueSpecification","valueRequired":true,"valueName":"search_term_string"}}],"inLanguage":"ca"},{"@type":"Organization","@id":"https:\/\/www.raimaberfluidtech.com\/industrial\/ca\/#organization","name":"Raimaber Fluid Tech [Industrial]","url":"https:\/\/www.raimaberfluidtech.com\/industrial\/ca\/","logo":{"@type":"ImageObject","inLanguage":"ca","@id":"https:\/\/www.raimaberfluidtech.com\/industrial\/ca\/#\/schema\/logo\/image\/","url":"https:\/\/www.raimaberfluidtech.com\/industrial\/wp-content\/blogs.dir\/4\/files\/2012\/11\/raimaber.gif","contentUrl":"https:\/\/www.raimaberfluidtech.com\/industrial\/wp-content\/blogs.dir\/4\/files\/2012\/11\/raimaber.gif","width":"705","height":"438","caption":"Raimaber Fluid Tech [Industrial]"},"image":{"@id":"https:\/\/www.raimaberfluidtech.com\/industrial\/ca\/#\/schema\/logo\/image\/"}}]}},"_links":{"self":[{"href":"https:\/\/www.raimaberfluidtech.com\/industrial\/ca\/wp-json\/wp\/v2\/pages\/14435","targetHints":{"allow":["GET"]}}],"collection":[{"href":"https:\/\/www.raimaberfluidtech.com\/industrial\/ca\/wp-json\/wp\/v2\/pages"}],"about":[{"href":"https:\/\/www.raimaberfluidtech.com\/industrial\/ca\/wp-json\/wp\/v2\/types\/page"}],"author":[{"embeddable":true,"href":"https:\/\/www.raimaberfluidtech.com\/industrial\/ca\/wp-json\/wp\/v2\/users\/1"}],"replies":[{"embeddable":true,"href":"https:\/\/www.raimaberfluidtech.com\/industrial\/ca\/wp-json\/wp\/v2\/comments?post=14435"}],"version-history":[{"count":9,"href":"https:\/\/www.raimaberfluidtech.com\/industrial\/ca\/wp-json\/wp\/v2\/pages\/14435\/revisions"}],"predecessor-version":[{"id":17846,"href":"https:\/\/www.raimaberfluidtech.com\/industrial\/ca\/wp-json\/wp\/v2\/pages\/14435\/revisions\/17846"}],"up":[{"embeddable":true,"href":"https:\/\/www.raimaberfluidtech.com\/industrial\/ca\/wp-json\/wp\/v2\/pages\/14453"}],"wp:attachment":[{"href":"https:\/\/www.raimaberfluidtech.com\/industrial\/ca\/wp-json\/wp\/v2\/media?parent=14435"}],"curies":[{"name":"wp","href":"https:\/\/api.w.org\/{rel}","templated":true}]}}